{"id":8207,"date":"2025-05-28T09:11:18","date_gmt":"2025-05-28T09:11:18","guid":{"rendered":"https:\/\/nuevo-renacer.com\/?page_id=8207"},"modified":"2025-05-28T09:48:27","modified_gmt":"2025-05-28T09:48:27","slug":"gemma-galgani","status":"publish","type":"page","link":"https:\/\/nuevo-renacer.com\/pt\/gemma-galgani\/","title":{"rendered":"Gemma Galgani"},"content":{"rendered":"<div class=\"wp-block-uagb-container uagb-block-3f1adc55 alignfull uagb-is-root-container\"><div class=\"uagb-container-inner-blocks-wrap\">\n<p class=\"has-black-color has-text-color has-link-color has-medium-font-size wp-elements-032a8a162626e1e7ab0a2b16ea126a4a\"><strong>Gemma Galgani<\/strong><\/p>\n<\/div><\/div>\n\n\n\n<div class=\"wp-block-uagb-container uagb-block-91188692 alignfull uagb-is-root-container\"><div class=\"uagb-container-inner-blocks-wrap\">\n<figure class=\"wp-block-image alignleft size-full is-resized\"><img fetchpriority=\"high\" decoding=\"async\" width=\"379\" height=\"502\" src=\"https:\/\/nuevo-renacer.com\/wp-content\/uploads\/2025\/05\/Screenshot-605.png\" alt=\"\" class=\"wp-image-8219\" style=\"width:267px;height:auto\" srcset=\"https:\/\/nuevo-renacer.com\/wp-content\/uploads\/2025\/05\/Screenshot-605.png 379w, https:\/\/nuevo-renacer.com\/wp-content\/uploads\/2025\/05\/Screenshot-605-226x300.png 226w, https:\/\/nuevo-renacer.com\/wp-content\/uploads\/2025\/05\/Screenshot-605-9x12.png 9w\" sizes=\"(max-width: 379px) 100vw, 379px\" \/><\/figure>\n<\/div><\/div>\n\n\n\n<div class=\"wp-block-uagb-container uagb-block-705e2e70 alignfull uagb-is-root-container\"><div class=\"uagb-container-inner-blocks-wrap\">\n<p class=\"has-black-color has-text-color has-link-color has-small-font-size wp-elements-fb247879233895aa28efe86a6c2d9854\">Santa Gemma Galgani (1878-1903) nasceu em Lucca, um vilarejo italiano e desde crian\u00e7a manifestou grande desejo pela ora\u00e7\u00e3o gra\u00e7as a sua m\u00e3e. Esta morreu muito cedo de tuberculose e o pai de Gemma deixou a pequena aos cuidados do semi-internato das Irm\u00e3s de Santa Zita.<\/p>\n\n\n\n<p class=\"has-black-color has-text-color has-link-color has-small-font-size wp-elements-ec6d5337d4df3908f91f515bd2c1a880\">De tanto insistir, recebeu a primeira comunh\u00e3o aos 9 anos. Ela dizia: \u201cD\u00e1-me Jesus\u2026 e ver\u00e1s qu\u00e3o boa eu serei. Eu vou mudar bastante\u201c.<\/p>\n\n\n\n<p class=\"has-black-color has-text-color has-link-color has-small-font-size wp-elements-ffd19434a1ef82e71da0d9a939640958\">Anos mais tarde, quando ela j\u00e1 tinha 19 anos, seu pai veio a falecer e infelizmente os gestores de sua empresa n\u00e3o souberam administrar o dinheiro, perdendo tudo, o que deixou ela e seus irm\u00e3os em condi\u00e7\u00f5es de pobreza.<\/p>\n\n\n\n<p class=\"has-black-color has-text-color has-link-color has-small-font-size wp-elements-284ed8f94d839bef6c1039c6c222d873\">O sofrimento come\u00e7ava a fazer parte de sua vida. Ela desenvolveu uma s\u00e9ria doen\u00e7a na coluna e al\u00e9m disso, contraiu meningite; em pouco tempo seus bra\u00e7os e pernas come\u00e7aram a paralisar. Foi neste momento que se apegou a S\u00e3o Gabriel Possenti de Nossa Senhora das Dores (na \u00e9poca Vener\u00e1vel) e passou v\u00ea-lo todas as noites perto de sua cama.<\/p>\n\n\n\n<p class=\"has-black-color has-text-color has-link-color has-small-font-size wp-elements-d1175ec01842a6440ccdfa859046dd78\">Certa noite, quando achava que sua morte se aproximava, ouviu o barulho de um ter\u00e7o a mover-se; era o santo. Este lhe pediu de fazer uma novena em honra ao Sant\u00edssimo Cora\u00e7\u00e3o de Jesus para alcan\u00e7ar a cura. Ao final dos nove dias Gemma estava de p\u00e9 para a alegria e espanto de todos.<\/p>\n\n\n\n<p class=\"has-black-color has-text-color has-link-color has-small-font-size wp-elements-3d1b91cd1bc7af74b5d9429535226eb4\">Gemma cultivava em seu cora\u00e7\u00e3o a ideia de entregar-se a vida religiosa, todavia o Senhor lhe reservava outros planos. Certo dia, enquanto pensava sobre isto, ela se p\u00f4s a orar e de s\u00fabito entrou em \u00eaxtase, sentindo um profundo pesar pelos seus pecados. Foi ent\u00e3o que a Virgem Maria se apresentou e disse: \u201cMeu filho Jesus te ama sem medida e deseja dar-te uma gra\u00e7a. Eu serei uma M\u00e3e para ti. Ser\u00e1s uma verdadeira filha.\u201d<\/p>\n\n\n\n<p class=\"has-black-color has-text-color has-link-color has-small-font-size wp-elements-10042b8814d2b006cbd6f6ffb94d00a5\">Foi ent\u00e3o que ela viu Jesus com todas as suas chagas em fogo e rapidamente as chamas atingiram suas m\u00e3os, p\u00e9s e cora\u00e7\u00e3o. \u201cSenti como se estivesse morrendo, e eu teria ca\u00eddo no ch\u00e3o, se minha M\u00e3e n\u00e3o me tivesse segurado, enquanto todo esse tempo eu permanecia sob o seu manto\u201d.<\/p>\n\n\n\n<p class=\"has-black-color has-text-color has-link-color has-small-font-size wp-elements-e9f82913149b719545a16e80d6a5eff6\">Gemma relata que permaneceu naquela posi\u00e7\u00e3o por v\u00e1rias horas e quando acabou, caiu de joelhos, sentindo fortes dores nas m\u00e3os, nos p\u00e9s e no cora\u00e7\u00e3o.<\/p>\n\n\n\n<p class=\"has-black-color has-text-color has-link-color has-small-font-size wp-elements-3dc7097bc0acb3b47c9bc4264b1651a5\">Gemma tinha experi\u00eancias muitos ricas com seu Anjo da Guarda; muito provavelmente sua pureza atraiu seu fiel guardi\u00e3o e tinham longas conversas. Oravam juntos diversas ora\u00e7\u00f5es e os salmos, al\u00e9m de meditarem a Paix\u00e3o de Cristo. Foi ent\u00e3o que no ano de 1902 Gemma se ofereceu a Deus como v\u00edtima pela salva\u00e7\u00e3o das almas; logo depois ficou extremamente doente. Seu est\u00f4mago n\u00e3o aceitava nenhum tipo de alimento, tempos depois come\u00e7ou a expelir sangue.<\/p>\n\n\n\n<p class=\"has-black-color has-text-color has-link-color has-small-font-size wp-elements-4b274e0ad3c5d364129526e4598f5ab4\">Junto a isso iniciou-se em sua alma um per\u00edodo intenso de aridez espiritual, com ataques do pr\u00f3prio dem\u00f4nio. Ele tentava convenc\u00ea-la de que Deus a havia abandonado e como n\u00e3o obtinha sucesso por vezes a atacava fisicamente.<\/p>\n\n\n\n<p class=\"has-black-color has-text-color has-link-color has-small-font-size wp-elements-326b08fa19f99c4128cfd3baa56ed58a\">Seu corpo se fragilizava mais e mais at\u00e9 que no dia 11 de abril 1903, j\u00e1 sem for\u00e7as, pediu o vi\u00e1tico:<\/p>\n\n\n\n<p class=\"has-black-color has-text-color has-link-color has-small-font-size wp-elements-2c25819d1ccbbab6e5d0d54c9d0b5377\">\u201cEu n\u00e3o procuro mais nada; sacrifiquei tudo e todos a Deus; agora eu me preparo para morrer\u201d. Agora \u00e9 mesmo verdade que n\u00e3o me resta mais nada, Jesus. Eu recomendo a minha pobre alma a Ti\u2026 Jesus!\u201d<\/p>\n\n\n\n<p class=\"has-black-color has-text-color has-link-color has-small-font-size wp-elements-82b7b2ecec69b222f9d73ceacbec6a33\">Gemma sorriu e pendeu a cabe\u00e7a para o lado dando seu \u00faltimo suspiro. Ela tinha 25 anos.<\/p>\n<\/div><\/div>\n\n\n\n<div class=\"wp-block-uagb-container uagb-block-468a8b50 alignfull uagb-is-root-container\"><div class=\"uagb-container-inner-blocks-wrap\"><\/div><\/div>\n\n\n\n<div class=\"wp-block-uagb-container uagb-block-a41a1d33 alignfull uagb-is-root-container\"><div class=\"uagb-container-inner-blocks-wrap\">\n<figure class=\"wp-block-image alignleft size-full is-resized is-style-default\"><img decoding=\"async\" width=\"785\" height=\"545\" src=\"https:\/\/nuevo-renacer.com\/wp-content\/uploads\/2025\/05\/30571255_1587593651288001_2779042740447477760_n-2.jpg\" alt=\"\" class=\"wp-image-8214\" style=\"width:290px;height:auto\" srcset=\"https:\/\/nuevo-renacer.com\/wp-content\/uploads\/2025\/05\/30571255_1587593651288001_2779042740447477760_n-2.jpg 785w, https:\/\/nuevo-renacer.com\/wp-content\/uploads\/2025\/05\/30571255_1587593651288001_2779042740447477760_n-2-300x208.jpg 300w, https:\/\/nuevo-renacer.com\/wp-content\/uploads\/2025\/05\/30571255_1587593651288001_2779042740447477760_n-2-768x533.jpg 768w, https:\/\/nuevo-renacer.com\/wp-content\/uploads\/2025\/05\/30571255_1587593651288001_2779042740447477760_n-2-18x12.jpg 18w\" sizes=\"(max-width: 785px) 100vw, 785px\" \/><figcaption class=\"wp-element-caption\">O momento de sua morte.<\/figcaption><\/figure>\n<\/div><\/div>\n\n\n\n<div class=\"wp-block-uagb-container uagb-block-b138e672 alignfull uagb-is-root-container\"><div class=\"uagb-container-inner-blocks-wrap\"><\/div><\/div>\n\n\n\n<div class=\"wp-block-uagb-container uagb-block-fcb42624 alignfull uagb-is-root-container\"><div class=\"uagb-container-inner-blocks-wrap\"><\/div><\/div>","protected":false},"excerpt":{"rendered":"<p>Gemma Galgani Santa Gemma Galgani (1878-1903) naci\u00f3 en Lucca, un pueblo italiano, y desde muy peque\u00f1a mostr\u00f3 un gran deseo de oraci\u00f3n gracias a su madre. Su madre muri\u00f3 muy pronto de tuberculosis y el padre de Gemma la dej\u00f3 al cuidado del internado de las Hermanas de Santa Zita. Despu\u00e9s de mucho insistir, recibi\u00f3 [&hellip;]<\/p>","protected":false},"author":1,"featured_media":0,"parent":0,"menu_order":0,"comment_status":"closed","ping_status":"closed","template":"","meta":{"_uag_custom_page_level_css":"","site-sidebar-layout":"default","site-content-layout":"","ast-site-content-layout":"default","site-content-style":"default","site-sidebar-style":"default","ast-global-header-display":"","ast-banner-title-visibility":"","ast-main-header-display":"","ast-hfb-above-header-display":"","ast-hfb-below-header-display":"","ast-hfb-mobile-header-display":"","site-post-title":"disabled","ast-breadcrumbs-content":"","ast-featured-img":"","footer-sml-layout":"","theme-transparent-header-meta":"","adv-header-id-meta":"","stick-header-meta":"","header-above-stick-meta":"","header-main-stick-meta":"","header-below-stick-meta":"","astra-migrate-meta-layouts":"set","ast-page-background-enabled":"default","ast-page-background-meta":{"desktop":{"background-color":"var(--ast-global-color-4)","background-image":"","background-repeat":"repeat","background-position":"center center","background-size":"auto","background-attachment":"scroll","background-type":"","background-media":"","overlay-type":"","overlay-color":"","overlay-opacity":"","overlay-gradient":""},"tablet":{"background-color":"","background-image":"","background-repeat":"repeat","background-position":"center center","background-size":"auto","background-attachment":"scroll","background-type":"","background-media":"","overlay-type":"","overlay-color":"","overlay-opacity":"","overlay-gradient":""},"mobile":{"background-color":"","background-image":"","background-repeat":"repeat","background-position":"center center","background-size":"auto","background-attachment":"scroll","background-type":"","background-media":"","overlay-type":"","overlay-color":"","overlay-opacity":"","overlay-gradient":""}},"ast-content-background-meta":{"desktop":{"background-color":"var(--ast-global-color-5)","background-image":"","background-repeat":"repeat","background-position":"center center","background-size":"auto","background-attachment":"scroll","background-type":"","background-media":"","overlay-type":"","overlay-color":"","overlay-opacity":"","overlay-gradient":""},"tablet":{"background-color":"var(--ast-global-color-5)","background-image":"","background-repeat":"repeat","background-position":"center center","background-size":"auto","background-attachment":"scroll","background-type":"","background-media":"","overlay-type":"","overlay-color":"","overlay-opacity":"","overlay-gradient":""},"mobile":{"background-color":"var(--ast-global-color-5)","background-image":"","background-repeat":"repeat","background-position":"center center","background-size":"auto","background-attachment":"scroll","background-type":"","background-media":"","overlay-type":"","overlay-color":"","overlay-opacity":"","overlay-gradient":""}},"footnotes":""},"class_list":["post-8207","page","type-page","status-publish","hentry"],"yoast_head":"<!-- This site is optimized with the Yoast SEO Premium plugin v24.2 (Yoast SEO v24.6) - https:\/\/yoast.com\/wordpress\/plugins\/seo\/ -->\n<title>Gemma Galgani - Uni\u00f3n Esp\u00edrita<\/title>\n<meta name=\"description\" content=\"Descubre la vida de Santa Gemma Galgani, la m\u00edstica italiana del siglo XIX conocida por sus visiones, estigmas y profunda devoci\u00f3n a Cristo.\" \/>\n<meta name=\"robots\" content=\"index, follow, max-snippet:-1, max-image-preview:large, max-video-preview:-1\" \/>\n<link rel=\"canonical\" href=\"https:\/\/nuevo-renacer.com\/pt\/gemma-galgani\/\" \/>\n<meta property=\"og:locale\" content=\"pt_BR\" \/>\n<meta property=\"og:type\" content=\"article\" \/>\n<meta property=\"og:title\" content=\"Gemma Galgani\" \/>\n<meta property=\"og:description\" content=\"Descubre la vida de Santa Gemma Galgani, la m\u00edstica italiana del siglo XIX conocida por sus visiones, estigmas y profunda devoci\u00f3n a Cristo.\" \/>\n<meta property=\"og:url\" content=\"https:\/\/nuevo-renacer.com\/pt\/gemma-galgani\/\" \/>\n<meta property=\"og:site_name\" content=\"Uni\u00f3n Esp\u00edrita\" \/>\n<meta property=\"article:publisher\" content=\"https:\/\/www.facebook.com\/groups\/3431398063740829\" \/>\n<meta property=\"article:modified_time\" content=\"2025-05-28T09:48:27+00:00\" \/>\n<meta property=\"og:image\" content=\"https:\/\/nuevo-renacer.com\/wp-content\/uploads\/2025\/05\/Screenshot-605.png\" \/>\n\t<meta property=\"og:image:width\" content=\"379\" \/>\n\t<meta property=\"og:image:height\" content=\"502\" \/>\n\t<meta property=\"og:image:type\" content=\"image\/png\" \/>\n<meta name=\"twitter:card\" content=\"summary_large_image\" \/>\n<meta name=\"twitter:label1\" content=\"Est. tempo de leitura\" \/>\n\t<meta name=\"twitter:data1\" content=\"4 minutos\" \/>\n<script type=\"application\/ld+json\" class=\"yoast-schema-graph\">{\"@context\":\"https:\/\/schema.org\",\"@graph\":[{\"@type\":\"WebPage\",\"@id\":\"https:\/\/nuevo-renacer.com\/gemma-galgani\/\",\"url\":\"https:\/\/nuevo-renacer.com\/gemma-galgani\/\",\"name\":\"Gemma Galgani - Uni\u00f3n Esp\u00edrita\",\"isPartOf\":{\"@id\":\"https:\/\/nuevo-renacer.com\/#website\"},\"primaryImageOfPage\":{\"@id\":\"https:\/\/nuevo-renacer.com\/gemma-galgani\/#primaryimage\"},\"image\":{\"@id\":\"https:\/\/nuevo-renacer.com\/gemma-galgani\/#primaryimage\"},\"thumbnailUrl\":\"https:\/\/nuevo-renacer.com\/wp-content\/uploads\/2025\/05\/Screenshot-605.png\",\"datePublished\":\"2025-05-28T09:11:18+00:00\",\"dateModified\":\"2025-05-28T09:48:27+00:00\",\"description\":\"Descubre la vida de Santa Gemma Galgani, la m\u00edstica italiana del siglo XIX conocida por sus visiones, estigmas y profunda devoci\u00f3n a Cristo.\",\"breadcrumb\":{\"@id\":\"https:\/\/nuevo-renacer.com\/gemma-galgani\/#breadcrumb\"},\"inLanguage\":\"pt-BR\",\"potentialAction\":[{\"@type\":\"ReadAction\",\"target\":[\"https:\/\/nuevo-renacer.com\/gemma-galgani\/\"]}]},{\"@type\":\"ImageObject\",\"inLanguage\":\"pt-BR\",\"@id\":\"https:\/\/nuevo-renacer.com\/gemma-galgani\/#primaryimage\",\"url\":\"https:\/\/nuevo-renacer.com\/wp-content\/uploads\/2025\/05\/Screenshot-605.png\",\"contentUrl\":\"https:\/\/nuevo-renacer.com\/wp-content\/uploads\/2025\/05\/Screenshot-605.png\"},{\"@type\":\"BreadcrumbList\",\"@id\":\"https:\/\/nuevo-renacer.com\/gemma-galgani\/#breadcrumb\",\"itemListElement\":[{\"@type\":\"ListItem\",\"position\":1,\"name\":\"Startseite\",\"item\":\"https:\/\/nuevo-renacer.com\/\"},{\"@type\":\"ListItem\",\"position\":2,\"name\":\"Gemma Galgani\"}]},{\"@type\":\"WebSite\",\"@id\":\"https:\/\/nuevo-renacer.com\/#website\",\"url\":\"https:\/\/nuevo-renacer.com\/\",\"name\":\"Uni\u00f3n Esp\u00edrita\",\"description\":\"Nuevo Renacer\",\"publisher\":{\"@id\":\"https:\/\/nuevo-renacer.com\/#organization\"},\"potentialAction\":[{\"@type\":\"SearchAction\",\"target\":{\"@type\":\"EntryPoint\",\"urlTemplate\":\"https:\/\/nuevo-renacer.com\/?s={search_term_string}\"},\"query-input\":{\"@type\":\"PropertyValueSpecification\",\"valueRequired\":true,\"valueName\":\"search_term_string\"}}],\"inLanguage\":\"pt-BR\"},{\"@type\":\"Organization\",\"@id\":\"https:\/\/nuevo-renacer.com\/#organization\",\"name\":\"UFEC\",\"url\":\"https:\/\/nuevo-renacer.com\/\",\"logo\":{\"@type\":\"ImageObject\",\"inLanguage\":\"pt-BR\",\"@id\":\"https:\/\/nuevo-renacer.com\/#\/schema\/logo\/image\/\",\"url\":\"https:\/\/nuevo-renacer.com\/wp-content\/uploads\/2024\/05\/cropped-LOGO-TERMINADO1-3-3.png\",\"contentUrl\":\"https:\/\/nuevo-renacer.com\/wp-content\/uploads\/2024\/05\/cropped-LOGO-TERMINADO1-3-3.png\",\"width\":512,\"height\":512,\"caption\":\"UFEC\"},\"image\":{\"@id\":\"https:\/\/nuevo-renacer.com\/#\/schema\/logo\/image\/\"},\"sameAs\":[\"https:\/\/www.facebook.com\/groups\/3431398063740829\"]}]}<\/script>\n<!-- \/ Yoast SEO Premium plugin. -->","yoast_head_json":{"title":"Gemma Galgani - Uni\u00f3n Esp\u00edrita","description":"Descubre la vida de Santa Gemma Galgani, la m\u00edstica italiana del siglo XIX conocida por sus visiones, estigmas y profunda devoci\u00f3n a Cristo.","robots":{"index":"index","follow":"follow","max-snippet":"max-snippet:-1","max-image-preview":"max-image-preview:large","max-video-preview":"max-video-preview:-1"},"canonical":"https:\/\/nuevo-renacer.com\/pt\/gemma-galgani\/","og_locale":"pt_BR","og_type":"article","og_title":"Gemma Galgani","og_description":"Descubre la vida de Santa Gemma Galgani, la m\u00edstica italiana del siglo XIX conocida por sus visiones, estigmas y profunda devoci\u00f3n a Cristo.","og_url":"https:\/\/nuevo-renacer.com\/pt\/gemma-galgani\/","og_site_name":"Uni\u00f3n Esp\u00edrita","article_publisher":"https:\/\/www.facebook.com\/groups\/3431398063740829","article_modified_time":"2025-05-28T09:48:27+00:00","og_image":[{"width":379,"height":502,"url":"https:\/\/nuevo-renacer.com\/wp-content\/uploads\/2025\/05\/Screenshot-605.png","type":"image\/png"}],"twitter_card":"summary_large_image","twitter_misc":{"Est. tempo de leitura":"4 minutos"},"schema":{"@context":"https:\/\/schema.org","@graph":[{"@type":"WebPage","@id":"https:\/\/nuevo-renacer.com\/gemma-galgani\/","url":"https:\/\/nuevo-renacer.com\/gemma-galgani\/","name":"Gemma Galgani - Uni\u00f3n Esp\u00edrita","isPartOf":{"@id":"https:\/\/nuevo-renacer.com\/#website"},"primaryImageOfPage":{"@id":"https:\/\/nuevo-renacer.com\/gemma-galgani\/#primaryimage"},"image":{"@id":"https:\/\/nuevo-renacer.com\/gemma-galgani\/#primaryimage"},"thumbnailUrl":"https:\/\/nuevo-renacer.com\/wp-content\/uploads\/2025\/05\/Screenshot-605.png","datePublished":"2025-05-28T09:11:18+00:00","dateModified":"2025-05-28T09:48:27+00:00","description":"Descubre la vida de Santa Gemma Galgani, la m\u00edstica italiana del siglo XIX conocida por sus visiones, estigmas y profunda devoci\u00f3n a Cristo.","breadcrumb":{"@id":"https:\/\/nuevo-renacer.com\/gemma-galgani\/#breadcrumb"},"inLanguage":"pt-BR","potentialAction":[{"@type":"ReadAction","target":["https:\/\/nuevo-renacer.com\/gemma-galgani\/"]}]},{"@type":"ImageObject","inLanguage":"pt-BR","@id":"https:\/\/nuevo-renacer.com\/gemma-galgani\/#primaryimage","url":"https:\/\/nuevo-renacer.com\/wp-content\/uploads\/2025\/05\/Screenshot-605.png","contentUrl":"https:\/\/nuevo-renacer.com\/wp-content\/uploads\/2025\/05\/Screenshot-605.png"},{"@type":"BreadcrumbList","@id":"https:\/\/nuevo-renacer.com\/gemma-galgani\/#breadcrumb","itemListElement":[{"@type":"ListItem","position":1,"name":"Startseite","item":"https:\/\/nuevo-renacer.com\/"},{"@type":"ListItem","position":2,"name":"Gemma Galgani"}]},{"@type":"WebSite","@id":"https:\/\/nuevo-renacer.com\/#website","url":"https:\/\/nuevo-renacer.com\/","name":"Uni\u00f3n Esp\u00edrita","description":"Nuevo Renacer","publisher":{"@id":"https:\/\/nuevo-renacer.com\/#organization"},"potentialAction":[{"@type":"SearchAction","target":{"@type":"EntryPoint","urlTemplate":"https:\/\/nuevo-renacer.com\/?s={search_term_string}"},"query-input":{"@type":"PropertyValueSpecification","valueRequired":true,"valueName":"search_term_string"}}],"inLanguage":"pt-BR"},{"@type":"Organization","@id":"https:\/\/nuevo-renacer.com\/#organization","name":"UFEC","url":"https:\/\/nuevo-renacer.com\/","logo":{"@type":"ImageObject","inLanguage":"pt-BR","@id":"https:\/\/nuevo-renacer.com\/#\/schema\/logo\/image\/","url":"https:\/\/nuevo-renacer.com\/wp-content\/uploads\/2024\/05\/cropped-LOGO-TERMINADO1-3-3.png","contentUrl":"https:\/\/nuevo-renacer.com\/wp-content\/uploads\/2024\/05\/cropped-LOGO-TERMINADO1-3-3.png","width":512,"height":512,"caption":"UFEC"},"image":{"@id":"https:\/\/nuevo-renacer.com\/#\/schema\/logo\/image\/"},"sameAs":["https:\/\/www.facebook.com\/groups\/3431398063740829"]}]}},"uagb_featured_image_src":{"full":false,"thumbnail":false,"medium":false,"medium_large":false,"large":false,"1536x1536":false,"2048x2048":false,"trp-custom-language-flag":false},"uagb_author_info":{"display_name":"adbv0","author_link":"https:\/\/nuevo-renacer.com\/pt\/author\/adbv0\/"},"uagb_comment_info":0,"uagb_excerpt":"Gemma Galgani Santa Gemma Galgani (1878-1903) naci\u00f3 en Lucca, un pueblo italiano, y desde muy peque\u00f1a mostr\u00f3 un gran deseo de oraci\u00f3n gracias a su madre. Su madre muri\u00f3 muy pronto de tuberculosis y el padre de Gemma la dej\u00f3 al cuidado del internado de las Hermanas de Santa Zita. Despu\u00e9s de mucho insistir, recibi\u00f3&hellip;","jetpack_sharing_enabled":true,"_links":{"self":[{"href":"https:\/\/nuevo-renacer.com\/pt\/wp-json\/wp\/v2\/pages\/8207","targetHints":{"allow":["GET"]}}],"collection":[{"href":"https:\/\/nuevo-renacer.com\/pt\/wp-json\/wp\/v2\/pages"}],"about":[{"href":"https:\/\/nuevo-renacer.com\/pt\/wp-json\/wp\/v2\/types\/page"}],"author":[{"embeddable":true,"href":"https:\/\/nuevo-renacer.com\/pt\/wp-json\/wp\/v2\/users\/1"}],"replies":[{"embeddable":true,"href":"https:\/\/nuevo-renacer.com\/pt\/wp-json\/wp\/v2\/comments?post=8207"}],"version-history":[{"count":5,"href":"https:\/\/nuevo-renacer.com\/pt\/wp-json\/wp\/v2\/pages\/8207\/revisions"}],"predecessor-version":[{"id":8220,"href":"https:\/\/nuevo-renacer.com\/pt\/wp-json\/wp\/v2\/pages\/8207\/revisions\/8220"}],"wp:attachment":[{"href":"https:\/\/nuevo-renacer.com\/pt\/wp-json\/wp\/v2\/media?parent=8207"}],"curies":[{"name":"wp","href":"https:\/\/api.w.org\/{rel}","templated":true}]}}