{"id":8202,"date":"2025-05-27T08:16:11","date_gmt":"2025-05-27T08:16:11","guid":{"rendered":"https:\/\/nuevo-renacer.com\/?page_id=8202"},"modified":"2025-05-27T09:00:59","modified_gmt":"2025-05-27T09:00:59","slug":"platon","status":"publish","type":"page","link":"https:\/\/nuevo-renacer.com\/pt\/platon\/","title":{"rendered":"Plat\u00e3o"},"content":{"rendered":"<p class=\"has-text-align-left has-black-color has-text-color has-link-color has-medium-font-size wp-elements-45a515142106b98507cde77246e5d3af\"><strong>Plat\u00e3o<\/strong><\/p>\n\n\n\n<div class=\"wp-block-uagb-container uagb-block-326258c7 alignfull uagb-is-root-container\"><div class=\"uagb-container-inner-blocks-wrap\">\n<figure class=\"wp-block-image alignleft size-large is-resized\"><img fetchpriority=\"high\" decoding=\"async\" width=\"653\" height=\"1024\" src=\"https:\/\/nuevo-renacer.com\/wp-content\/uploads\/2025\/05\/English_School_-_Portrait_of_Plato_Athenian_philosopher_-_Plato_-_-_From_series_Leaders_of_Men_-_-_MeisterDrucke-1061278-653x1024.jpg\" alt=\"\" class=\"wp-image-8203\" style=\"width:219px;height:auto\" srcset=\"https:\/\/nuevo-renacer.com\/wp-content\/uploads\/2025\/05\/English_School_-_Portrait_of_Plato_Athenian_philosopher_-_Plato_-_-_From_series_Leaders_of_Men_-_-_MeisterDrucke-1061278-653x1024.jpg 653w, https:\/\/nuevo-renacer.com\/wp-content\/uploads\/2025\/05\/English_School_-_Portrait_of_Plato_Athenian_philosopher_-_Plato_-_-_From_series_Leaders_of_Men_-_-_MeisterDrucke-1061278-191x300.jpg 191w, https:\/\/nuevo-renacer.com\/wp-content\/uploads\/2025\/05\/English_School_-_Portrait_of_Plato_Athenian_philosopher_-_Plato_-_-_From_series_Leaders_of_Men_-_-_MeisterDrucke-1061278-8x12.jpg 8w, https:\/\/nuevo-renacer.com\/wp-content\/uploads\/2025\/05\/English_School_-_Portrait_of_Plato_Athenian_philosopher_-_Plato_-_-_From_series_Leaders_of_Men_-_-_MeisterDrucke-1061278.jpg 685w\" sizes=\"(max-width: 653px) 100vw, 653px\" \/><\/figure>\n<\/div><\/div>\n\n\n\n<div class=\"wp-block-uagb-container uagb-block-84bee83b alignfull uagb-is-root-container\"><div class=\"uagb-container-inner-blocks-wrap\">\n<p class=\"has-black-color has-text-color has-link-color has-small-font-size wp-elements-8bc84e774432e668359a0cda572264e0\">\u00c9 pelos frutos que se conhece a \u00e1rvore. Toda a\u00e7\u00e3o deve ser qualificada pelo que produz: qualific\u00e1-la de m\u00e1, quando dela provenha mal; de boa, quando d\u00ea origem ao bem. Estas palavras bem podem soar, para quem j\u00e1 leu o Evangelho, como palavras textuais do Senhor Jesus.<\/p>\n\n\n\n<p class=\"has-black-color has-text-color has-link-color has-small-font-size wp-elements-8dfe61cf8892fd291cb615317d47de4a\">Contudo, foram anotadas e dadas ao mundo s\u00e9culos antes de Jesus, por Plat\u00e3o, fil\u00f3sofo grego, disc\u00edpulo de S\u00f3crates. Seu nascimento data do ano 428 ou 427 a. C., na cidade de Atenas, na Gr\u00e9cia. Pertencente a alta aristocracia, em torno dos seus 20 anos, conheceu e tornou-se amigo do fil\u00f3sofo S\u00f3crates, a quem acompanhou at\u00e9 os seus \u00faltimos dias e de quem anotou os ensinos, gra\u00e7as ao que nos chegaram aos dias atuais.<\/p>\n\n\n\n<p class=\"has-black-color has-text-color has-link-color has-small-font-size wp-elements-cc535b903a4ed5ae5d08f1b02e923ae8\">Empreendeu viagem ao Egito e \u00e0 It\u00e1lia Meridional. Na Sic\u00edlia, frequentou a Corte de um tirano de Siracusa de nome Dion\u00edsio. Desejando influir na pol\u00edtica da cidade, terminou por se incompatibilizar com Dion\u00edsio, que o mandou vender como escravo, na ilha de Egina, que se achava em guerra com Atenas. Resgatado, retornou para sua cidade natal onde, em torno dos seus quarenta anos, fundou a Academia, na qual ensinou at\u00e9 o final dos seus dias terrenos.<\/p>\n\n\n\n<p class=\"has-black-color has-text-color has-link-color has-small-font-size wp-elements-bf1d8e750822ab4c107ef3fb5cf4d925\">F\u00e1cil de se entender porque ele e S\u00f3crates s\u00e3o considerados precursores da ideia crist\u00e3 e do Espiritismo, bastando se leiam alguns dos seus escritos. A obra kardequiana O Evangelho Segundo o Espiritismo apresenta pequenos trechos que se referem ao conceito dos dois fil\u00f3sofos gregos a respeito da alma, seu progresso, a reencarna\u00e7\u00e3o, o mundo espiritual e seus habitantes, bem assim a respeito das mais excelsas virtudes, exatamente tra\u00e7ando um paralelo entre aquelas ideias, as do Cristo e, por consequ\u00eancia, os princ\u00edpios fundamentais do Espiritismo.<\/p>\n\n\n\n<p class=\"has-black-color has-text-color has-link-color has-small-font-size wp-elements-10f4139bbfb3b394a0d5871f61723b46\">Considerado um dos fil\u00f3sofos mais influentes de todos os tempos, pois que seu pensamento dominou a filosofia crist\u00e3 antiga e medieval, seus escritos nos legaram o pensamento socr\u00e1tico, bem assim os relatos comoventes dos \u00faltimos dias de seu mestre. Criador pessoal ainda do di\u00e1logo filos\u00f3fico, esp\u00e9cie de drama de ideias.<\/p>\n\n\n\n<p class=\"has-black-color has-text-color has-link-color has-small-font-size wp-elements-109ed00e46e4368cfbfb3cc3d1e334cf\">Sua obra O Banquete \u00e9 considerada uma das maiores da literatura antiga. Como poeta, seu estilo \u00e9 o ponto mais alto da prosa grega e o demonstra nos seus poemas em prosa do mito da caverna, da Atl\u00e2ntida e de Eros.<\/p>\n\n\n\n<p class=\"has-black-color has-text-color has-link-color has-small-font-size wp-elements-efa0010937f72bcc59575a88708ba527\">Escreveu ele: O amor est\u00e1 por toda parte em a Natureza, que nos convida ao exerc\u00edcio da nossa intelig\u00eancia; at\u00e9 no movimento dos astros o encontramos. \u00c9 o amor que orna a Natureza de seus ricos tapetes; ele se enfeita e fixa morada onde se lhe deparem flores e perfumes. \u00c9 ainda o amor que d\u00e1 paz aos homens, calma ao mar, sil\u00eancio aos ventos e sono \u00e0 dor.<\/p>\n\n\n\n<p class=\"has-black-color has-text-color has-link-color has-small-font-size wp-elements-481789b8fc386461f1cb4a636f3d3fc1\">As obras de Plat\u00e3o discorrem sobre a mentira, a natureza do homem, a piedade, o dever, o belo, a sabedoria, a justi\u00e7a, a coragem, a amizade, a virtude. No livro VII da Rep\u00fablica, ele apresenta o c\u00e9lebre mito da caverna: acorrentados no interior de um c\u00e1rcere subterr\u00e2neo e de costas voltadas para a entrada por onde penetra a luz, os que est\u00e3o ali presos somente podem ver dos homens, dos animais e de tudo o mais que se encontre no exterior da caverna, as sombras que se projetam no fundo dela.<\/p>\n\n\n\n<p class=\"has-black-color has-text-color has-link-color has-small-font-size wp-elements-3c34e7078c2865e225352a6745ad7166\">Um homem que consegue se libertar, ofusca-se com a luz do sol no exterior e descobre que tudo o que vira at\u00e9 ent\u00e3o era a irrealidade. Ali estava o mundo real. No entanto, se retornar ao interior e desejar transmitir aos demais, ainda prisioneiros, o que viu, sente que corre o risco de ser maltratado e at\u00e9 morto. Esta, segundo Plat\u00e3o, \u00e9 exatamente a miss\u00e3o do fil\u00f3sofo.<\/p>\n\n\n\n<p class=\"has-black-color has-text-color has-link-color has-small-font-size wp-elements-d4e8bdc31f30341090e0ecca3fda28a7\">Tendo desencarnado, pleno de lucidez e for\u00e7a criadora, aos 80 anos de idade, da Espiritualidade, unindo-se a tantos outros Esp\u00edritos de envergadura intelecto-moral, Plat\u00e3o continua na sua miss\u00e3o, revelando as nuances do mundo espiritual, o mundo do sol ofuscante, o mundo real, verdadeiro.<\/p>\n\n\n\n<p class=\"has-black-color has-text-color has-link-color has-small-font-size wp-elements-bd954d6f32460776e6d66c7c8cb534f2\">Seu nome \u00e9 citado em Proleg\u00f4menos de O Livro dos Esp\u00edritos; assina um dos trechos da resposta \u00e0 quest\u00e3o 1009 da mesma obra, onde, falando a respeito da inexist\u00eancia das penas eternas, bem recorda as exorta\u00e7\u00f5es de S\u00f3crates, quando, ao seu tempo, apresentou a alma migrando atrav\u00e9s de m\u00faltiplas exist\u00eancias, em seguida a mais ou menos longos per\u00edodos de erraticidade.<\/p>\n\n\n\n<p class=\"has-black-color has-text-color has-link-color has-small-font-size wp-elements-f195865efe958bf4b52c100921283001\">E conclui: Humanidade! n\u00e3o mergulhes mais os teus tristes olhares nas profundezas da Terra, procurando a\u00ed os castigos. Chora, espera, expia e refugia-te na ideia de um Deus intrinsecamente bom, absolutamente poderoso, essencialmente justo.<\/p>\n<\/div><\/div>\n\n\n\n<div class=\"wp-block-uagb-container uagb-block-3d936a81 alignfull uagb-is-root-container\"><div class=\"uagb-container-inner-blocks-wrap\"><\/div><\/div>\n\n\n\n<div class=\"wp-block-uagb-container uagb-block-2f4782a0 alignfull uagb-is-root-container\"><div class=\"uagb-container-inner-blocks-wrap\"><\/div><\/div>","protected":false},"excerpt":{"rendered":"<p>Plat\u00f3n El \u00e1rbol se conoce por sus frutos. Toda acci\u00f3n debe caracterizarse por lo que produce: debe llamarse mala cuando produce el mal, y buena cuando produce el bien. Estas palabras pueden sonar a palabras del Se\u00f1or Jes\u00fas a cualquiera que haya le\u00eddo el Evangelio. Sin embargo, fueron escritas y dadas al mundo siglos antes [&hellip;]<\/p>","protected":false},"author":1,"featured_media":0,"parent":0,"menu_order":0,"comment_status":"closed","ping_status":"closed","template":"","meta":{"_uag_custom_page_level_css":"","site-sidebar-layout":"default","site-content-layout":"","ast-site-content-layout":"default","site-content-style":"default","site-sidebar-style":"default","ast-global-header-display":"","ast-banner-title-visibility":"","ast-main-header-display":"","ast-hfb-above-header-display":"","ast-hfb-below-header-display":"","ast-hfb-mobile-header-display":"","site-post-title":"disabled","ast-breadcrumbs-content":"","ast-featured-img":"","footer-sml-layout":"","theme-transparent-header-meta":"","adv-header-id-meta":"","stick-header-meta":"","header-above-stick-meta":"","header-main-stick-meta":"","header-below-stick-meta":"","astra-migrate-meta-layouts":"set","ast-page-background-enabled":"default","ast-page-background-meta":{"desktop":{"background-color":"var(--ast-global-color-4)","background-image":"","background-repeat":"repeat","background-position":"center center","background-size":"auto","background-attachment":"scroll","background-type":"","background-media":"","overlay-type":"","overlay-color":"","overlay-opacity":"","overlay-gradient":""},"tablet":{"background-color":"","background-image":"","background-repeat":"repeat","background-position":"center center","background-size":"auto","background-attachment":"scroll","background-type":"","background-media":"","overlay-type":"","overlay-color":"","overlay-opacity":"","overlay-gradient":""},"mobile":{"background-color":"","background-image":"","background-repeat":"repeat","background-position":"center center","background-size":"auto","background-attachment":"scroll","background-type":"","background-media":"","overlay-type":"","overlay-color":"","overlay-opacity":"","overlay-gradient":""}},"ast-content-background-meta":{"desktop":{"background-color":"var(--ast-global-color-5)","background-image":"","background-repeat":"repeat","background-position":"center center","background-size":"auto","background-attachment":"scroll","background-type":"","background-media":"","overlay-type":"","overlay-color":"","overlay-opacity":"","overlay-gradient":""},"tablet":{"background-color":"var(--ast-global-color-5)","background-image":"","background-repeat":"repeat","background-position":"center center","background-size":"auto","background-attachment":"scroll","background-type":"","background-media":"","overlay-type":"","overlay-color":"","overlay-opacity":"","overlay-gradient":""},"mobile":{"background-color":"var(--ast-global-color-5)","background-image":"","background-repeat":"repeat","background-position":"center center","background-size":"auto","background-attachment":"scroll","background-type":"","background-media":"","overlay-type":"","overlay-color":"","overlay-opacity":"","overlay-gradient":""}},"footnotes":""},"class_list":["post-8202","page","type-page","status-publish","hentry"],"yoast_head":"<!-- This site is optimized with the Yoast SEO Premium plugin v24.2 (Yoast SEO v24.6) - https:\/\/yoast.com\/wordpress\/plugins\/seo\/ -->\n<title>Plat\u00f3n - Uni\u00f3n Esp\u00edrita<\/title>\n<meta name=\"description\" content=\"Explora el pensamiento de Plat\u00f3n desde la visi\u00f3n esp\u00edrita: su creencia en la inmortalidad del alma, la reencarnaci\u00f3n.\" \/>\n<meta name=\"robots\" content=\"index, follow, max-snippet:-1, max-image-preview:large, max-video-preview:-1\" \/>\n<link rel=\"canonical\" href=\"https:\/\/nuevo-renacer.com\/pt\/platon\/\" \/>\n<meta property=\"og:locale\" content=\"pt_BR\" \/>\n<meta property=\"og:type\" content=\"article\" \/>\n<meta property=\"og:title\" content=\"Plat\u00f3n\" \/>\n<meta property=\"og:description\" content=\"Explora el pensamiento de Plat\u00f3n desde la visi\u00f3n esp\u00edrita: su creencia en la inmortalidad del alma, la reencarnaci\u00f3n.\" \/>\n<meta property=\"og:url\" content=\"https:\/\/nuevo-renacer.com\/pt\/platon\/\" \/>\n<meta property=\"og:site_name\" content=\"Uni\u00f3n Esp\u00edrita\" \/>\n<meta property=\"article:publisher\" content=\"https:\/\/www.facebook.com\/groups\/3431398063740829\" \/>\n<meta property=\"article:modified_time\" content=\"2025-05-27T09:00:59+00:00\" \/>\n<meta property=\"og:image\" content=\"https:\/\/nuevo-renacer.com\/wp-content\/uploads\/2025\/05\/English_School_-_Portrait_of_Plato_Athenian_philosopher_-_Plato_-_-_From_series_Leaders_of_Men_-_-_MeisterDrucke-1061278.jpg\" \/>\n\t<meta property=\"og:image:width\" content=\"685\" \/>\n\t<meta property=\"og:image:height\" content=\"1074\" \/>\n\t<meta property=\"og:image:type\" content=\"image\/jpeg\" \/>\n<meta name=\"twitter:card\" content=\"summary_large_image\" \/>\n<meta name=\"twitter:label1\" content=\"Est. tempo de leitura\" \/>\n\t<meta name=\"twitter:data1\" content=\"5 minutos\" \/>\n<script type=\"application\/ld+json\" class=\"yoast-schema-graph\">{\"@context\":\"https:\/\/schema.org\",\"@graph\":[{\"@type\":\"WebPage\",\"@id\":\"https:\/\/nuevo-renacer.com\/platon\/\",\"url\":\"https:\/\/nuevo-renacer.com\/platon\/\",\"name\":\"Plat\u00f3n - Uni\u00f3n Esp\u00edrita\",\"isPartOf\":{\"@id\":\"https:\/\/nuevo-renacer.com\/#website\"},\"primaryImageOfPage\":{\"@id\":\"https:\/\/nuevo-renacer.com\/platon\/#primaryimage\"},\"image\":{\"@id\":\"https:\/\/nuevo-renacer.com\/platon\/#primaryimage\"},\"thumbnailUrl\":\"https:\/\/nuevo-renacer.com\/wp-content\/uploads\/2025\/05\/English_School_-_Portrait_of_Plato_Athenian_philosopher_-_Plato_-_-_From_series_Leaders_of_Men_-_-_MeisterDrucke-1061278-653x1024.jpg\",\"datePublished\":\"2025-05-27T08:16:11+00:00\",\"dateModified\":\"2025-05-27T09:00:59+00:00\",\"description\":\"Explora el pensamiento de Plat\u00f3n desde la visi\u00f3n esp\u00edrita: su creencia en la inmortalidad del alma, la reencarnaci\u00f3n.\",\"breadcrumb\":{\"@id\":\"https:\/\/nuevo-renacer.com\/platon\/#breadcrumb\"},\"inLanguage\":\"pt-BR\",\"potentialAction\":[{\"@type\":\"ReadAction\",\"target\":[\"https:\/\/nuevo-renacer.com\/platon\/\"]}]},{\"@type\":\"ImageObject\",\"inLanguage\":\"pt-BR\",\"@id\":\"https:\/\/nuevo-renacer.com\/platon\/#primaryimage\",\"url\":\"https:\/\/nuevo-renacer.com\/wp-content\/uploads\/2025\/05\/English_School_-_Portrait_of_Plato_Athenian_philosopher_-_Plato_-_-_From_series_Leaders_of_Men_-_-_MeisterDrucke-1061278-653x1024.jpg\",\"contentUrl\":\"https:\/\/nuevo-renacer.com\/wp-content\/uploads\/2025\/05\/English_School_-_Portrait_of_Plato_Athenian_philosopher_-_Plato_-_-_From_series_Leaders_of_Men_-_-_MeisterDrucke-1061278-653x1024.jpg\"},{\"@type\":\"BreadcrumbList\",\"@id\":\"https:\/\/nuevo-renacer.com\/platon\/#breadcrumb\",\"itemListElement\":[{\"@type\":\"ListItem\",\"position\":1,\"name\":\"Startseite\",\"item\":\"https:\/\/nuevo-renacer.com\/\"},{\"@type\":\"ListItem\",\"position\":2,\"name\":\"Plat\u00f3n\"}]},{\"@type\":\"WebSite\",\"@id\":\"https:\/\/nuevo-renacer.com\/#website\",\"url\":\"https:\/\/nuevo-renacer.com\/\",\"name\":\"Uni\u00f3n Esp\u00edrita\",\"description\":\"Nuevo Renacer\",\"publisher\":{\"@id\":\"https:\/\/nuevo-renacer.com\/#organization\"},\"potentialAction\":[{\"@type\":\"SearchAction\",\"target\":{\"@type\":\"EntryPoint\",\"urlTemplate\":\"https:\/\/nuevo-renacer.com\/?s={search_term_string}\"},\"query-input\":{\"@type\":\"PropertyValueSpecification\",\"valueRequired\":true,\"valueName\":\"search_term_string\"}}],\"inLanguage\":\"pt-BR\"},{\"@type\":\"Organization\",\"@id\":\"https:\/\/nuevo-renacer.com\/#organization\",\"name\":\"UFEC\",\"url\":\"https:\/\/nuevo-renacer.com\/\",\"logo\":{\"@type\":\"ImageObject\",\"inLanguage\":\"pt-BR\",\"@id\":\"https:\/\/nuevo-renacer.com\/#\/schema\/logo\/image\/\",\"url\":\"https:\/\/nuevo-renacer.com\/wp-content\/uploads\/2024\/05\/cropped-LOGO-TERMINADO1-3-3.png\",\"contentUrl\":\"https:\/\/nuevo-renacer.com\/wp-content\/uploads\/2024\/05\/cropped-LOGO-TERMINADO1-3-3.png\",\"width\":512,\"height\":512,\"caption\":\"UFEC\"},\"image\":{\"@id\":\"https:\/\/nuevo-renacer.com\/#\/schema\/logo\/image\/\"},\"sameAs\":[\"https:\/\/www.facebook.com\/groups\/3431398063740829\"]}]}<\/script>\n<!-- \/ Yoast SEO Premium plugin. -->","yoast_head_json":{"title":"Plat\u00f3n - Uni\u00f3n Esp\u00edrita","description":"Explora el pensamiento de Plat\u00f3n desde la visi\u00f3n esp\u00edrita: su creencia en la inmortalidad del alma, la reencarnaci\u00f3n.","robots":{"index":"index","follow":"follow","max-snippet":"max-snippet:-1","max-image-preview":"max-image-preview:large","max-video-preview":"max-video-preview:-1"},"canonical":"https:\/\/nuevo-renacer.com\/pt\/platon\/","og_locale":"pt_BR","og_type":"article","og_title":"Plat\u00f3n","og_description":"Explora el pensamiento de Plat\u00f3n desde la visi\u00f3n esp\u00edrita: su creencia en la inmortalidad del alma, la reencarnaci\u00f3n.","og_url":"https:\/\/nuevo-renacer.com\/pt\/platon\/","og_site_name":"Uni\u00f3n Esp\u00edrita","article_publisher":"https:\/\/www.facebook.com\/groups\/3431398063740829","article_modified_time":"2025-05-27T09:00:59+00:00","og_image":[{"width":685,"height":1074,"url":"https:\/\/nuevo-renacer.com\/wp-content\/uploads\/2025\/05\/English_School_-_Portrait_of_Plato_Athenian_philosopher_-_Plato_-_-_From_series_Leaders_of_Men_-_-_MeisterDrucke-1061278.jpg","type":"image\/jpeg"}],"twitter_card":"summary_large_image","twitter_misc":{"Est. tempo de leitura":"5 minutos"},"schema":{"@context":"https:\/\/schema.org","@graph":[{"@type":"WebPage","@id":"https:\/\/nuevo-renacer.com\/platon\/","url":"https:\/\/nuevo-renacer.com\/platon\/","name":"Plat\u00f3n - Uni\u00f3n Esp\u00edrita","isPartOf":{"@id":"https:\/\/nuevo-renacer.com\/#website"},"primaryImageOfPage":{"@id":"https:\/\/nuevo-renacer.com\/platon\/#primaryimage"},"image":{"@id":"https:\/\/nuevo-renacer.com\/platon\/#primaryimage"},"thumbnailUrl":"https:\/\/nuevo-renacer.com\/wp-content\/uploads\/2025\/05\/English_School_-_Portrait_of_Plato_Athenian_philosopher_-_Plato_-_-_From_series_Leaders_of_Men_-_-_MeisterDrucke-1061278-653x1024.jpg","datePublished":"2025-05-27T08:16:11+00:00","dateModified":"2025-05-27T09:00:59+00:00","description":"Explora el pensamiento de Plat\u00f3n desde la visi\u00f3n esp\u00edrita: su creencia en la inmortalidad del alma, la reencarnaci\u00f3n.","breadcrumb":{"@id":"https:\/\/nuevo-renacer.com\/platon\/#breadcrumb"},"inLanguage":"pt-BR","potentialAction":[{"@type":"ReadAction","target":["https:\/\/nuevo-renacer.com\/platon\/"]}]},{"@type":"ImageObject","inLanguage":"pt-BR","@id":"https:\/\/nuevo-renacer.com\/platon\/#primaryimage","url":"https:\/\/nuevo-renacer.com\/wp-content\/uploads\/2025\/05\/English_School_-_Portrait_of_Plato_Athenian_philosopher_-_Plato_-_-_From_series_Leaders_of_Men_-_-_MeisterDrucke-1061278-653x1024.jpg","contentUrl":"https:\/\/nuevo-renacer.com\/wp-content\/uploads\/2025\/05\/English_School_-_Portrait_of_Plato_Athenian_philosopher_-_Plato_-_-_From_series_Leaders_of_Men_-_-_MeisterDrucke-1061278-653x1024.jpg"},{"@type":"BreadcrumbList","@id":"https:\/\/nuevo-renacer.com\/platon\/#breadcrumb","itemListElement":[{"@type":"ListItem","position":1,"name":"Startseite","item":"https:\/\/nuevo-renacer.com\/"},{"@type":"ListItem","position":2,"name":"Plat\u00f3n"}]},{"@type":"WebSite","@id":"https:\/\/nuevo-renacer.com\/#website","url":"https:\/\/nuevo-renacer.com\/","name":"Uni\u00f3n Esp\u00edrita","description":"Nuevo Renacer","publisher":{"@id":"https:\/\/nuevo-renacer.com\/#organization"},"potentialAction":[{"@type":"SearchAction","target":{"@type":"EntryPoint","urlTemplate":"https:\/\/nuevo-renacer.com\/?s={search_term_string}"},"query-input":{"@type":"PropertyValueSpecification","valueRequired":true,"valueName":"search_term_string"}}],"inLanguage":"pt-BR"},{"@type":"Organization","@id":"https:\/\/nuevo-renacer.com\/#organization","name":"UFEC","url":"https:\/\/nuevo-renacer.com\/","logo":{"@type":"ImageObject","inLanguage":"pt-BR","@id":"https:\/\/nuevo-renacer.com\/#\/schema\/logo\/image\/","url":"https:\/\/nuevo-renacer.com\/wp-content\/uploads\/2024\/05\/cropped-LOGO-TERMINADO1-3-3.png","contentUrl":"https:\/\/nuevo-renacer.com\/wp-content\/uploads\/2024\/05\/cropped-LOGO-TERMINADO1-3-3.png","width":512,"height":512,"caption":"UFEC"},"image":{"@id":"https:\/\/nuevo-renacer.com\/#\/schema\/logo\/image\/"},"sameAs":["https:\/\/www.facebook.com\/groups\/3431398063740829"]}]}},"uagb_featured_image_src":{"full":false,"thumbnail":false,"medium":false,"medium_large":false,"large":false,"1536x1536":false,"2048x2048":false,"trp-custom-language-flag":false},"uagb_author_info":{"display_name":"adbv0","author_link":"https:\/\/nuevo-renacer.com\/pt\/author\/adbv0\/"},"uagb_comment_info":0,"uagb_excerpt":"Plat\u00f3n El \u00e1rbol se conoce por sus frutos. Toda acci\u00f3n debe caracterizarse por lo que produce: debe llamarse mala cuando produce el mal, y buena cuando produce el bien. Estas palabras pueden sonar a palabras del Se\u00f1or Jes\u00fas a cualquiera que haya le\u00eddo el Evangelio. Sin embargo, fueron escritas y dadas al mundo siglos antes&hellip;","jetpack_sharing_enabled":true,"_links":{"self":[{"href":"https:\/\/nuevo-renacer.com\/pt\/wp-json\/wp\/v2\/pages\/8202","targetHints":{"allow":["GET"]}}],"collection":[{"href":"https:\/\/nuevo-renacer.com\/pt\/wp-json\/wp\/v2\/pages"}],"about":[{"href":"https:\/\/nuevo-renacer.com\/pt\/wp-json\/wp\/v2\/types\/page"}],"author":[{"embeddable":true,"href":"https:\/\/nuevo-renacer.com\/pt\/wp-json\/wp\/v2\/users\/1"}],"replies":[{"embeddable":true,"href":"https:\/\/nuevo-renacer.com\/pt\/wp-json\/wp\/v2\/comments?post=8202"}],"version-history":[{"count":2,"href":"https:\/\/nuevo-renacer.com\/pt\/wp-json\/wp\/v2\/pages\/8202\/revisions"}],"predecessor-version":[{"id":8205,"href":"https:\/\/nuevo-renacer.com\/pt\/wp-json\/wp\/v2\/pages\/8202\/revisions\/8205"}],"wp:attachment":[{"href":"https:\/\/nuevo-renacer.com\/pt\/wp-json\/wp\/v2\/media?parent=8202"}],"curies":[{"name":"wp","href":"https:\/\/api.w.org\/{rel}","templated":true}]}}