{"id":8148,"date":"2025-05-23T07:39:38","date_gmt":"2025-05-23T07:39:38","guid":{"rendered":"https:\/\/nuevo-renacer.com\/?page_id=8148"},"modified":"2025-05-23T07:39:41","modified_gmt":"2025-05-23T07:39:41","slug":"galileo-galilei","status":"publish","type":"page","link":"https:\/\/nuevo-renacer.com\/pt\/galileo-galilei\/","title":{"rendered":"Galileo Galilei"},"content":{"rendered":"<div class=\"wp-block-uagb-container uagb-block-569cb892 alignfull uagb-is-root-container\"><div class=\"uagb-container-inner-blocks-wrap\">\n<p class=\"has-black-color has-text-color has-link-color has-medium-font-size wp-elements-a28a1ca7710521eee3231fe7d94a9eaf\"><strong>Galileo Galilei<\/strong><\/p>\n<\/div><\/div>\n\n\n\n<div class=\"wp-block-uagb-container uagb-block-502ad18e alignfull uagb-is-root-container\"><div class=\"uagb-container-inner-blocks-wrap\">\n<figure class=\"wp-block-image size-full is-resized\"><img fetchpriority=\"high\" decoding=\"async\" width=\"450\" height=\"450\" src=\"https:\/\/nuevo-renacer.com\/wp-content\/uploads\/2025\/05\/galileo.jpg\" alt=\"\" class=\"wp-image-8149\" style=\"width:269px;height:auto\" srcset=\"https:\/\/nuevo-renacer.com\/wp-content\/uploads\/2025\/05\/galileo.jpg 450w, https:\/\/nuevo-renacer.com\/wp-content\/uploads\/2025\/05\/galileo-300x300.jpg 300w, https:\/\/nuevo-renacer.com\/wp-content\/uploads\/2025\/05\/galileo-150x150.jpg 150w, https:\/\/nuevo-renacer.com\/wp-content\/uploads\/2025\/05\/galileo-12x12.jpg 12w\" sizes=\"(max-width: 450px) 100vw, 450px\" \/><\/figure>\n<\/div><\/div>\n\n\n\n<div class=\"wp-block-uagb-container uagb-block-39f6629f alignfull uagb-is-root-container\"><div class=\"uagb-container-inner-blocks-wrap\">\n<p class=\"has-black-color has-text-color has-link-color has-small-font-size wp-elements-1168655e3231bd7013cf72d9c451d545\">Pelas belas noites estreladas e sem luar, toda gente h\u00e1 contemplado essa faixa esbranqui\u00e7ada que atravessa o c\u00e9u de uma extremidade a outra e que os antigos cognominaram de Via-L\u00e1ctea, por motivo da sua apar\u00eancia leitosa. (...) \u00c9 desta forma po\u00e9tica que inicia o item 32 do cap\u00edtulo VI de A G\u00eanese que, conforme nota de rodap\u00e9, assinala que foi textualmente extra\u00eddo de uma s\u00e9rie de comunica\u00e7\u00f5es ditadas \u00e0 Sociedade Esp\u00edrita de Paris, em 1862 e 1863, sob o t\u00edtulo - Estudos uranogr\u00e1ficos, e assinadas GALILEU, servindo como m\u00e9dium Camille Flammarion.<\/p>\n\n\n\n<p class=\"has-black-color has-text-color has-link-color has-small-font-size wp-elements-80ff631cc648177e9436e47ab5f1cc2d\">Reencontramos no cap\u00edtulo aludido o mesmo entusiasmo do Galileu estudioso que um dia tomou do telesc\u00f3pio que constru\u00edra e que encurtava trinta e tr\u00eas vezes a dist\u00e2ncia do objeto, a quem ele chamou Velho Descobridor, e virando-o para o c\u00e9u, viu saltar-lhe aos olhos o maior dos espet\u00e1culos acess\u00edveis \u00e0 vista dos homens: o panorama extraordin\u00e1rio do Infinito, com suas estradas iluminadas por inumer\u00e1veis s\u00f3is. Naquela noite memor\u00e1vel, Galileu, extasiado, verificou que o que parecia simplesmente, a olho nu, um v\u00e9u nebuloso, era uma faixa de estrelas, com in\u00fameras outras espiando, curiosas, por entre elas. Nascia, ent\u00e3o, a Astronomia moderna.<\/p>\n\n\n\n<p class=\"has-black-color has-text-color has-link-color has-small-font-size wp-elements-218affe1f0dc3b9a2903cd7fd0cfa53e\">Foi aos 17 anos que Galileu Galilei, nascido em 18 de fevereiro de 1564, em Pisa, na It\u00e1lia, teve sua aten\u00e7\u00e3o despertada para o lampad\u00e1rio da ab\u00f3bada da Catedral de sua cidade natal. Algu\u00e9m o puxara para um lado a fim de acend\u00ea-lo e tendo-o largado, o lampad\u00e1rio oscilou em sil\u00eancio sobre a cabe\u00e7a dos fi\u00e9is, descrevendo arcos que aos poucos foram se tornando mais curtos. Galileu esqueceu de orar, esqueceu dos prop\u00f3sitos que o haviam conduzido \u00e0 Igreja e, com esp\u00edrito de observa\u00e7\u00e3o, mediu o tempo de cada oscila\u00e7\u00e3o pelo seu pr\u00f3prio pulso.<\/p>\n\n\n\n<p class=\"has-black-color has-text-color has-link-color has-small-font-size wp-elements-4b6ed7653070d256ac0eeeed1492023e\">Sua fam\u00edlia chegou a perder a paci\u00eancia com o rapazote, tantas foram as experi\u00eancias que ele fez a partir de ent\u00e3o com p\u00eandulos, suspendendo-os nas traves do teto e nos ramos das \u00e1rvores. O resultado foi a inven\u00e7\u00e3o de um p\u00eandulo que se podia sincronizar com o pulso humano e que os m\u00e9dicos passaram a adotar para medir as pulsa\u00e7\u00f5es dos doentes. Por insist\u00eancia do pai, foi estudar Medicina na Universidade de Pisa, depois de ter fracassado como ajudante na loja da fam\u00edlia. Foi tamb\u00e9m seu pai quem, amante da m\u00fasica, o ensinou a tocar ala\u00fade e \u00f3rg\u00e3o. Galileu chegou a ganhar notoriedade como pintor.<\/p>\n\n\n\n<p class=\"has-black-color has-text-color has-link-color has-small-font-size wp-elements-014560f1a7270e8826d8401ba4a5f696\">Estudando sozinho, descobriu Arquimedes, o maior de todos os matem\u00e1ticos e fil\u00f3sofos gregos, e, a partir da\u00ed, inventou uma balan\u00e7a hidrost\u00e1tica. Teve a coragem de refutar Arist\u00f3teles provando n\u00e3o s\u00f3 que os corpos, independente de seu peso, caem com uma velocidade que se vai acelerando, como tamb\u00e9m que a acelera\u00e7\u00e3o da queda \u00e9 uniforme. Deu \u00e0 F\u00edsica um conceito novo, o da in\u00e9rcia, ou seja, a tend\u00eancia que t\u00eam os corpos a ficar em repouso, ou, quando em movimento, a continuar se deslocando em linha reta, na mesma velocidade, a n\u00e3o ser que uma for\u00e7a externa exer\u00e7a sobre eles alguma a\u00e7\u00e3o.<\/p>\n\n\n\n<p class=\"has-black-color has-text-color has-link-color has-small-font-size wp-elements-43d99e0ffb68d862201989123c45998a\">Aos 24 anos, era professor de Matem\u00e1tica na Universidade de Pisa, cargo que perdeu por defender suas ideias. Sofreu persegui\u00e7\u00f5es, diminu\u00edram-lhe o sal\u00e1rio e ele acabou por se demitir. Em 1592, a Rep\u00fablica de Veneza o convidou a ensinar na Universidade de P\u00e1dua. Durante 18 anos, com um ordenado que podia ser considerado bom, e num ambiente de liberdade intelectual, Galileu inventou uma r\u00e9gua para c\u00e1lculos, um transferidor, desenhou fortifica\u00e7\u00f5es e m\u00e1quinas para o cerco das cidades e pontes.<\/p>\n\n\n\n<p class=\"has-black-color has-text-color has-link-color has-small-font-size wp-elements-8eea8a861971fd8b3d4b2b5123721d13\">Eram tantos os seus alunos que ele era obrigado a ensinar ao ar livre. Finalmente, a Inquisi\u00e7\u00e3o estendeu o seu ignorante bra\u00e7o e proibiu Galileu de ensinar as suas teorias, porque os movimentos celestiais revelados pelas lentes do seu telesc\u00f3pio e sua intelig\u00eancia eram contr\u00e1rios \u00e0s Escrituras. Durante 16 anos ele se submeteu. Ent\u00e3o, decidiu dar \u00e0 luz os seus Di\u00e1logos sobre os Sistemas Principais, um debate entre as teorias de Ptolomeu e de Cop\u00e9rnico.<\/p>\n\n\n\n<p class=\"has-black-color has-text-color has-link-color has-small-font-size wp-elements-340d36993bca64e7a0d906e9203abf6c\">O Papa Urbano VIII viu sua pr\u00f3pria caricatura em um dos personagens e Galileu recebeu ordem de suspender a venda do livro, que, contudo, j\u00e1 se espalhara por toda a Europa. Aos 70 anos, sofrendo de h\u00e9rnia dupla e palpita\u00e7\u00f5es card\u00edacas, Galileu compareceu frente \u00e0 banca examinadora de cardeais, em Roma. Amea\u00e7aram-no das maiores torturas e, ao fim de 4 meses, ele foi obrigado a se ajoelhar e ler em voz alta, a refuta\u00e7\u00e3o das ideias de Cop\u00e9rnico.<\/p>\n\n\n\n<p class=\"has-black-color has-text-color has-link-color has-small-font-size wp-elements-4712cc5c9f693665f123e4055b118db5\">Seu livro foi inclu\u00eddo no \u00cdndex e ele, condenado \u00e0 pris\u00e3o perp\u00e9tua. Gra\u00e7as \u00e0 intercess\u00e3o do Duque de Toscana, saiu da masmorra onde estava apodrecendo e ficou detido at\u00e9 sua morte, oito anos depois, em sua casa, sempre espionado. Mesmo assim, s\u00e1bios do Mundo inteiro iam \u00e0 sua casa em massa. Com a luz dos olhos diminuindo e com risco de sua pr\u00f3pria vida, o grande g\u00eanio se permitiu escrever e entregar, para publica\u00e7\u00e3o em pa\u00edses onde reinasse a liberdade de pensamento, fragmentos do livro Di\u00e1logos sobre duas novas ci\u00eancias, obra que o torna o fundador da F\u00edsica experimental.<\/p>\n\n\n\n<p class=\"has-black-color has-text-color has-link-color has-small-font-size wp-elements-47ac8cb6e0f5e887864ef2015fc17d1a\">No ano em que nascia Isaac Newton, 1642, Galileu expirou, cego e prisioneiro. Os penetrantes olhos azuis daquela \u00e1guia acorrentada fechavam-se para o mundo f\u00edsico, a fim de que seus olhos espirituais pudessem perscrutar com total liberdade a majestade das leis naturais, liberto das supersti\u00e7\u00f5es da sua \u00e9poca. Com certeza, por isso, contribui t\u00e3o maravilhosamente na quinta obra da Codifica\u00e7\u00e3o, encerrando o cap\u00edtulo discorrendo a respeito da diversidade dos mundos, apresentando-os como ... pedrarias variegadas de um imenso mosaico, as diversificadas flores de admir\u00e1vel parque.<\/p>\n\n\n\n<p class=\"has-black-color has-text-color has-link-color has-small-font-size wp-elements-d3fbbeeabe6b153c34244f3fb1be92db\">Parque onde, dizia, Deus se revela a cada instante e que as criaturas humanas poderemos enxergar atrav\u00e9s da luneta da Ci\u00eancia, que n\u00e3o pode deixar de progredir.<\/p>\n<\/div><\/div>\n\n\n\n<div class=\"wp-block-uagb-container uagb-block-6187e9e3 alignfull uagb-is-root-container\"><div class=\"uagb-container-inner-blocks-wrap\"><\/div><\/div>\n\n\n\n<div class=\"wp-block-uagb-container uagb-block-709598ec alignfull uagb-is-root-container\"><div class=\"uagb-container-inner-blocks-wrap\"><\/div><\/div>","protected":false},"excerpt":{"rendered":"<p>Galileo Galilei En hermosas noches estrelladas y sin luna, todos han contemplado esa banda blanquecina que cruza el cielo de un extremo a otro y que los antiguos llamaban la V\u00eda L\u00e1ctea, por su aspecto lechoso. (&#8230;) As\u00ed comienza po\u00e9ticamente el punto 32 del cap\u00edtulo VI de El G\u00e9nesis. ) De esta manera po\u00e9tica comienza [&hellip;]<\/p>","protected":false},"author":1,"featured_media":0,"parent":0,"menu_order":0,"comment_status":"closed","ping_status":"closed","template":"","meta":{"_uag_custom_page_level_css":"","site-sidebar-layout":"default","site-content-layout":"","ast-site-content-layout":"default","site-content-style":"default","site-sidebar-style":"default","ast-global-header-display":"","ast-banner-title-visibility":"","ast-main-header-display":"","ast-hfb-above-header-display":"","ast-hfb-below-header-display":"","ast-hfb-mobile-header-display":"","site-post-title":"disabled","ast-breadcrumbs-content":"","ast-featured-img":"","footer-sml-layout":"","theme-transparent-header-meta":"","adv-header-id-meta":"","stick-header-meta":"","header-above-stick-meta":"","header-main-stick-meta":"","header-below-stick-meta":"","astra-migrate-meta-layouts":"set","ast-page-background-enabled":"default","ast-page-background-meta":{"desktop":{"background-color":"var(--ast-global-color-4)","background-image":"","background-repeat":"repeat","background-position":"center center","background-size":"auto","background-attachment":"scroll","background-type":"","background-media":"","overlay-type":"","overlay-color":"","overlay-opacity":"","overlay-gradient":""},"tablet":{"background-color":"","background-image":"","background-repeat":"repeat","background-position":"center center","background-size":"auto","background-attachment":"scroll","background-type":"","background-media":"","overlay-type":"","overlay-color":"","overlay-opacity":"","overlay-gradient":""},"mobile":{"background-color":"","background-image":"","background-repeat":"repeat","background-position":"center center","background-size":"auto","background-attachment":"scroll","background-type":"","background-media":"","overlay-type":"","overlay-color":"","overlay-opacity":"","overlay-gradient":""}},"ast-content-background-meta":{"desktop":{"background-color":"var(--ast-global-color-5)","background-image":"","background-repeat":"repeat","background-position":"center center","background-size":"auto","background-attachment":"scroll","background-type":"","background-media":"","overlay-type":"","overlay-color":"","overlay-opacity":"","overlay-gradient":""},"tablet":{"background-color":"var(--ast-global-color-5)","background-image":"","background-repeat":"repeat","background-position":"center center","background-size":"auto","background-attachment":"scroll","background-type":"","background-media":"","overlay-type":"","overlay-color":"","overlay-opacity":"","overlay-gradient":""},"mobile":{"background-color":"var(--ast-global-color-5)","background-image":"","background-repeat":"repeat","background-position":"center center","background-size":"auto","background-attachment":"scroll","background-type":"","background-media":"","overlay-type":"","overlay-color":"","overlay-opacity":"","overlay-gradient":""}},"footnotes":""},"class_list":["post-8148","page","type-page","status-publish","hentry"],"yoast_head":"<!-- This site is optimized with the Yoast SEO Premium plugin v24.2 (Yoast SEO v24.6) - https:\/\/yoast.com\/wordpress\/plugins\/seo\/ -->\n<title>Galileo Galilei - Uni\u00f3n Esp\u00edrita<\/title>\n<meta name=\"robots\" content=\"index, follow, max-snippet:-1, max-image-preview:large, max-video-preview:-1\" \/>\n<link rel=\"canonical\" href=\"https:\/\/nuevo-renacer.com\/pt\/galileo-galilei\/\" \/>\n<meta property=\"og:locale\" content=\"pt_BR\" \/>\n<meta property=\"og:type\" content=\"article\" \/>\n<meta property=\"og:title\" content=\"Galileo Galilei\" \/>\n<meta property=\"og:description\" content=\"Galileo Galilei En hermosas noches estrelladas y sin luna, todos han contemplado esa banda blanquecina que cruza el cielo de un extremo a otro y que los antiguos llamaban la V\u00eda L\u00e1ctea, por su aspecto lechoso. (&#8230;) As\u00ed comienza po\u00e9ticamente el punto 32 del cap\u00edtulo VI de El G\u00e9nesis. ) De esta manera po\u00e9tica comienza [&hellip;]\" \/>\n<meta property=\"og:url\" content=\"https:\/\/nuevo-renacer.com\/pt\/galileo-galilei\/\" \/>\n<meta property=\"og:site_name\" content=\"Uni\u00f3n Esp\u00edrita\" \/>\n<meta property=\"article:publisher\" content=\"https:\/\/www.facebook.com\/groups\/3431398063740829\" \/>\n<meta property=\"article:modified_time\" content=\"2025-05-23T07:39:41+00:00\" \/>\n<meta property=\"og:image\" content=\"https:\/\/nuevo-renacer.com\/wp-content\/uploads\/2025\/05\/galileo.jpg\" \/>\n\t<meta property=\"og:image:width\" content=\"450\" \/>\n\t<meta property=\"og:image:height\" content=\"450\" \/>\n\t<meta property=\"og:image:type\" content=\"image\/jpeg\" \/>\n<meta name=\"twitter:card\" content=\"summary_large_image\" \/>\n<meta name=\"twitter:label1\" content=\"Est. tempo de leitura\" \/>\n\t<meta name=\"twitter:data1\" content=\"6 minutos\" \/>\n<script type=\"application\/ld+json\" class=\"yoast-schema-graph\">{\"@context\":\"https:\/\/schema.org\",\"@graph\":[{\"@type\":\"WebPage\",\"@id\":\"https:\/\/nuevo-renacer.com\/galileo-galilei\/\",\"url\":\"https:\/\/nuevo-renacer.com\/galileo-galilei\/\",\"name\":\"Galileo Galilei - Uni\u00f3n Esp\u00edrita\",\"isPartOf\":{\"@id\":\"https:\/\/nuevo-renacer.com\/#website\"},\"primaryImageOfPage\":{\"@id\":\"https:\/\/nuevo-renacer.com\/galileo-galilei\/#primaryimage\"},\"image\":{\"@id\":\"https:\/\/nuevo-renacer.com\/galileo-galilei\/#primaryimage\"},\"thumbnailUrl\":\"https:\/\/nuevo-renacer.com\/wp-content\/uploads\/2025\/05\/galileo.jpg\",\"datePublished\":\"2025-05-23T07:39:38+00:00\",\"dateModified\":\"2025-05-23T07:39:41+00:00\",\"breadcrumb\":{\"@id\":\"https:\/\/nuevo-renacer.com\/galileo-galilei\/#breadcrumb\"},\"inLanguage\":\"pt-BR\",\"potentialAction\":[{\"@type\":\"ReadAction\",\"target\":[\"https:\/\/nuevo-renacer.com\/galileo-galilei\/\"]}]},{\"@type\":\"ImageObject\",\"inLanguage\":\"pt-BR\",\"@id\":\"https:\/\/nuevo-renacer.com\/galileo-galilei\/#primaryimage\",\"url\":\"https:\/\/nuevo-renacer.com\/wp-content\/uploads\/2025\/05\/galileo.jpg\",\"contentUrl\":\"https:\/\/nuevo-renacer.com\/wp-content\/uploads\/2025\/05\/galileo.jpg\"},{\"@type\":\"BreadcrumbList\",\"@id\":\"https:\/\/nuevo-renacer.com\/galileo-galilei\/#breadcrumb\",\"itemListElement\":[{\"@type\":\"ListItem\",\"position\":1,\"name\":\"Startseite\",\"item\":\"https:\/\/nuevo-renacer.com\/\"},{\"@type\":\"ListItem\",\"position\":2,\"name\":\"Galileo Galilei\"}]},{\"@type\":\"WebSite\",\"@id\":\"https:\/\/nuevo-renacer.com\/#website\",\"url\":\"https:\/\/nuevo-renacer.com\/\",\"name\":\"Uni\u00f3n Esp\u00edrita\",\"description\":\"Nuevo Renacer\",\"publisher\":{\"@id\":\"https:\/\/nuevo-renacer.com\/#organization\"},\"potentialAction\":[{\"@type\":\"SearchAction\",\"target\":{\"@type\":\"EntryPoint\",\"urlTemplate\":\"https:\/\/nuevo-renacer.com\/?s={search_term_string}\"},\"query-input\":{\"@type\":\"PropertyValueSpecification\",\"valueRequired\":true,\"valueName\":\"search_term_string\"}}],\"inLanguage\":\"pt-BR\"},{\"@type\":\"Organization\",\"@id\":\"https:\/\/nuevo-renacer.com\/#organization\",\"name\":\"UFEC\",\"url\":\"https:\/\/nuevo-renacer.com\/\",\"logo\":{\"@type\":\"ImageObject\",\"inLanguage\":\"pt-BR\",\"@id\":\"https:\/\/nuevo-renacer.com\/#\/schema\/logo\/image\/\",\"url\":\"https:\/\/nuevo-renacer.com\/wp-content\/uploads\/2024\/05\/cropped-LOGO-TERMINADO1-3-3.png\",\"contentUrl\":\"https:\/\/nuevo-renacer.com\/wp-content\/uploads\/2024\/05\/cropped-LOGO-TERMINADO1-3-3.png\",\"width\":512,\"height\":512,\"caption\":\"UFEC\"},\"image\":{\"@id\":\"https:\/\/nuevo-renacer.com\/#\/schema\/logo\/image\/\"},\"sameAs\":[\"https:\/\/www.facebook.com\/groups\/3431398063740829\"]}]}<\/script>\n<!-- \/ Yoast SEO Premium plugin. -->","yoast_head_json":{"title":"Galileo Galilei - Uni\u00f3n Esp\u00edrita","robots":{"index":"index","follow":"follow","max-snippet":"max-snippet:-1","max-image-preview":"max-image-preview:large","max-video-preview":"max-video-preview:-1"},"canonical":"https:\/\/nuevo-renacer.com\/pt\/galileo-galilei\/","og_locale":"pt_BR","og_type":"article","og_title":"Galileo Galilei","og_description":"Galileo Galilei En hermosas noches estrelladas y sin luna, todos han contemplado esa banda blanquecina que cruza el cielo de un extremo a otro y que los antiguos llamaban la V\u00eda L\u00e1ctea, por su aspecto lechoso. (&#8230;) As\u00ed comienza po\u00e9ticamente el punto 32 del cap\u00edtulo VI de El G\u00e9nesis. ) De esta manera po\u00e9tica comienza [&hellip;]","og_url":"https:\/\/nuevo-renacer.com\/pt\/galileo-galilei\/","og_site_name":"Uni\u00f3n Esp\u00edrita","article_publisher":"https:\/\/www.facebook.com\/groups\/3431398063740829","article_modified_time":"2025-05-23T07:39:41+00:00","og_image":[{"width":450,"height":450,"url":"https:\/\/nuevo-renacer.com\/wp-content\/uploads\/2025\/05\/galileo.jpg","type":"image\/jpeg"}],"twitter_card":"summary_large_image","twitter_misc":{"Est. tempo de leitura":"6 minutos"},"schema":{"@context":"https:\/\/schema.org","@graph":[{"@type":"WebPage","@id":"https:\/\/nuevo-renacer.com\/galileo-galilei\/","url":"https:\/\/nuevo-renacer.com\/galileo-galilei\/","name":"Galileo Galilei - Uni\u00f3n Esp\u00edrita","isPartOf":{"@id":"https:\/\/nuevo-renacer.com\/#website"},"primaryImageOfPage":{"@id":"https:\/\/nuevo-renacer.com\/galileo-galilei\/#primaryimage"},"image":{"@id":"https:\/\/nuevo-renacer.com\/galileo-galilei\/#primaryimage"},"thumbnailUrl":"https:\/\/nuevo-renacer.com\/wp-content\/uploads\/2025\/05\/galileo.jpg","datePublished":"2025-05-23T07:39:38+00:00","dateModified":"2025-05-23T07:39:41+00:00","breadcrumb":{"@id":"https:\/\/nuevo-renacer.com\/galileo-galilei\/#breadcrumb"},"inLanguage":"pt-BR","potentialAction":[{"@type":"ReadAction","target":["https:\/\/nuevo-renacer.com\/galileo-galilei\/"]}]},{"@type":"ImageObject","inLanguage":"pt-BR","@id":"https:\/\/nuevo-renacer.com\/galileo-galilei\/#primaryimage","url":"https:\/\/nuevo-renacer.com\/wp-content\/uploads\/2025\/05\/galileo.jpg","contentUrl":"https:\/\/nuevo-renacer.com\/wp-content\/uploads\/2025\/05\/galileo.jpg"},{"@type":"BreadcrumbList","@id":"https:\/\/nuevo-renacer.com\/galileo-galilei\/#breadcrumb","itemListElement":[{"@type":"ListItem","position":1,"name":"Startseite","item":"https:\/\/nuevo-renacer.com\/"},{"@type":"ListItem","position":2,"name":"Galileo Galilei"}]},{"@type":"WebSite","@id":"https:\/\/nuevo-renacer.com\/#website","url":"https:\/\/nuevo-renacer.com\/","name":"Uni\u00f3n Esp\u00edrita","description":"Nuevo Renacer","publisher":{"@id":"https:\/\/nuevo-renacer.com\/#organization"},"potentialAction":[{"@type":"SearchAction","target":{"@type":"EntryPoint","urlTemplate":"https:\/\/nuevo-renacer.com\/?s={search_term_string}"},"query-input":{"@type":"PropertyValueSpecification","valueRequired":true,"valueName":"search_term_string"}}],"inLanguage":"pt-BR"},{"@type":"Organization","@id":"https:\/\/nuevo-renacer.com\/#organization","name":"UFEC","url":"https:\/\/nuevo-renacer.com\/","logo":{"@type":"ImageObject","inLanguage":"pt-BR","@id":"https:\/\/nuevo-renacer.com\/#\/schema\/logo\/image\/","url":"https:\/\/nuevo-renacer.com\/wp-content\/uploads\/2024\/05\/cropped-LOGO-TERMINADO1-3-3.png","contentUrl":"https:\/\/nuevo-renacer.com\/wp-content\/uploads\/2024\/05\/cropped-LOGO-TERMINADO1-3-3.png","width":512,"height":512,"caption":"UFEC"},"image":{"@id":"https:\/\/nuevo-renacer.com\/#\/schema\/logo\/image\/"},"sameAs":["https:\/\/www.facebook.com\/groups\/3431398063740829"]}]}},"uagb_featured_image_src":{"full":false,"thumbnail":false,"medium":false,"medium_large":false,"large":false,"1536x1536":false,"2048x2048":false,"trp-custom-language-flag":false},"uagb_author_info":{"display_name":"adbv0","author_link":"https:\/\/nuevo-renacer.com\/pt\/author\/adbv0\/"},"uagb_comment_info":0,"uagb_excerpt":"Galileo Galilei En hermosas noches estrelladas y sin luna, todos han contemplado esa banda blanquecina que cruza el cielo de un extremo a otro y que los antiguos llamaban la V\u00eda L\u00e1ctea, por su aspecto lechoso. (&#8230;) As\u00ed comienza po\u00e9ticamente el punto 32 del cap\u00edtulo VI de El G\u00e9nesis. ) De esta manera po\u00e9tica comienza&hellip;","jetpack_sharing_enabled":true,"_links":{"self":[{"href":"https:\/\/nuevo-renacer.com\/pt\/wp-json\/wp\/v2\/pages\/8148","targetHints":{"allow":["GET"]}}],"collection":[{"href":"https:\/\/nuevo-renacer.com\/pt\/wp-json\/wp\/v2\/pages"}],"about":[{"href":"https:\/\/nuevo-renacer.com\/pt\/wp-json\/wp\/v2\/types\/page"}],"author":[{"embeddable":true,"href":"https:\/\/nuevo-renacer.com\/pt\/wp-json\/wp\/v2\/users\/1"}],"replies":[{"embeddable":true,"href":"https:\/\/nuevo-renacer.com\/pt\/wp-json\/wp\/v2\/comments?post=8148"}],"version-history":[{"count":1,"href":"https:\/\/nuevo-renacer.com\/pt\/wp-json\/wp\/v2\/pages\/8148\/revisions"}],"predecessor-version":[{"id":8150,"href":"https:\/\/nuevo-renacer.com\/pt\/wp-json\/wp\/v2\/pages\/8148\/revisions\/8150"}],"wp:attachment":[{"href":"https:\/\/nuevo-renacer.com\/pt\/wp-json\/wp\/v2\/media?parent=8148"}],"curies":[{"name":"wp","href":"https:\/\/api.w.org\/{rel}","templated":true}]}}