{"id":8138,"date":"2025-05-20T10:46:34","date_gmt":"2025-05-20T10:46:34","guid":{"rendered":"https:\/\/nuevo-renacer.com\/?page_id=8138"},"modified":"2025-05-20T10:46:37","modified_gmt":"2025-05-20T10:46:37","slug":"dominique-francois-jean-arago","status":"publish","type":"page","link":"https:\/\/nuevo-renacer.com\/pt\/dominique-francois-jean-arago\/","title":{"rendered":"Dominique Fran\u00e7ois Jean Arago"},"content":{"rendered":"<div class=\"wp-block-uagb-container uagb-block-df50bf9e alignfull uagb-is-root-container\"><div class=\"uagb-container-inner-blocks-wrap\">\n<p class=\"has-black-color has-text-color has-link-color has-medium-font-size wp-elements-bca444d890b7670f2036a7cd71c9a34d\"><strong>Dominique Fran\u00e7ois Jean Arago<\/strong><\/p>\n<\/div><\/div>\n\n\n\n<div class=\"wp-block-uagb-container uagb-block-53a49a0d alignfull uagb-is-root-container\"><div class=\"uagb-container-inner-blocks-wrap\">\n<figure class=\"wp-block-image size-full is-resized\"><img fetchpriority=\"high\" decoding=\"async\" width=\"776\" height=\"985\" src=\"https:\/\/nuevo-renacer.com\/wp-content\/uploads\/2025\/05\/Francois_Arago_par_Ary_Scheffer.jpg\" alt=\"\" class=\"wp-image-8139\" style=\"width:274px;height:auto\" srcset=\"https:\/\/nuevo-renacer.com\/wp-content\/uploads\/2025\/05\/Francois_Arago_par_Ary_Scheffer.jpg 776w, https:\/\/nuevo-renacer.com\/wp-content\/uploads\/2025\/05\/Francois_Arago_par_Ary_Scheffer-236x300.jpg 236w, https:\/\/nuevo-renacer.com\/wp-content\/uploads\/2025\/05\/Francois_Arago_par_Ary_Scheffer-768x975.jpg 768w, https:\/\/nuevo-renacer.com\/wp-content\/uploads\/2025\/05\/Francois_Arago_par_Ary_Scheffer-9x12.jpg 9w\" sizes=\"(max-width: 776px) 100vw, 776px\" \/><\/figure>\n<\/div><\/div>\n\n\n\n<div class=\"wp-block-uagb-container uagb-block-81b275b2 alignfull uagb-is-root-container\"><div class=\"uagb-container-inner-blocks-wrap\">\n<p class=\"has-black-color has-text-color has-link-color has-small-font-size wp-elements-d0bad8e87ffc1a6faee6f16fae376a73\">Sua mensagem se encontra inserida no item 8, do cap\u00edtulo XVIII, da quinta obra da Codifica\u00e7\u00e3o, sob o item Sinais dos tempos. Nela se reconhece o f\u00edsico e astr\u00f4nomo que foi Dominique Fran\u00e7ois Jean Arago, tamb\u00e9m matem\u00e1tico. De fam\u00edlia de profundas convic\u00e7\u00f5es republicanas, seu nascimento data de 26 de fevereiro de 1786, em Estagel, Fran\u00e7a, perto de Perpignan, tendo ali dado in\u00edcio aos seus estudos. Tal mente brilhante logo se transferiria para a Escola Polit\u00e9cnica de Paris.<\/p>\n\n\n\n<p class=\"has-black-color has-text-color has-link-color has-small-font-size wp-elements-6c02fd11dbbe94659cd387ea83fceac7\">Aos 19 anos, foi nomeado Secret\u00e1rio do Observat\u00f3rio de Paris (constru\u00eddo em 1667, pelo arquiteto Claude Perrault, e que \u00e9 considerado o mais antigo Observat\u00f3rio em atividade, no mundo) e mais tarde seu Diretor. Aos 23 anos, era Professor de Geometria Anal\u00edtica na Escola Polit\u00e9cnica de Paris e at\u00e9 a idade de 44 anos dedicou-se exclusivamente \u00e0 Ci\u00eancia. Com Biot (Jean-Baptiste, f\u00edsico e astr\u00f4nomo franc\u00eas, nascido em Paris), completou a medida de um arco do meridiano terrestre. Confirmou, de forma experimental, a teoria ondulat\u00f3ria da luz. Descobriu (1820) os fen\u00f4menos relativos ao magnetismo rotat\u00f3rio, demonstrando a rela\u00e7\u00e3o entre as auroras boreais e as varia\u00e7\u00f5es magn\u00e9ticas.<\/p>\n\n\n\n<p class=\"has-black-color has-text-color has-link-color has-small-font-size wp-elements-4e9c9500468238c58ed5786b35c7a24d\">Descobriu, junto com Fresnel (Augustin-Jean, f\u00edsico e engenheiro franc\u00eas, nascido em Broglie), a polariza\u00e7\u00e3o crom\u00e1tica da luz, a polariza\u00e7\u00e3o rotat\u00f3ria e as leis sobre a interfer\u00eancia da luz polarizada. Suas obras completas, em 13 volumes, foram publicadas ap\u00f3s a sua morte, no per\u00edodo de 1854 a 1862. \u00c9 considerado um grande encorajador dos jovens para a Ci\u00eancia, tendo sido defensor da reforma do ensino, da liberdade de imprensa e das ci\u00eancias aplicadas.<\/p>\n\n\n\n<p class=\"has-black-color has-text-color has-link-color has-small-font-size wp-elements-b375199e0cda24f0332974056b1a77a5\">Consta que, no ano de 1825, ele foi ganhador da Medalha de Copley  (Monsieur Geoffrey Copley) da Sociedade Real de Londres, considerada a recompensa maior ofertada por aquela Sociedade \u00e0 descoberta ou trabalho cient\u00edfico de grande import\u00e2ncia ou contribui\u00e7\u00e3o para a Ci\u00eancia.<\/p>\n\n\n\n<p class=\"has-black-color has-text-color has-link-color has-small-font-size wp-elements-f540d5dfc42d6708fd71ae0750a40610\">Politicamente, foi ativo pela causa republicana, desempenhando cargos pol\u00edticos no governo. J\u00e1 em 1830, foi eleito deputado pelo Departamento dos Pirineus Orientais e mais tarde por Paris. Foi Ministro da Marinha e depois Ministro da Guerra, no Governo tempor\u00e1rio que tomou o poder ap\u00f3s a Revolu\u00e7\u00e3o de 1848, tendo apresentado in\u00fameras reformas. Na qualidade de Ministro, promulgou o decreto de aboli\u00e7\u00e3o da escravatura nas col\u00f4nias francesas. A Fran\u00e7a lhe dedicou um selo, nominando-o como f\u00edsico e pol\u00edtico. Desencarnado em 2 de outubro de 1853, em Paris, tem seu corpo depositado no Cemit\u00e9rio de P\u00e8re-Lachaise, na capital francesa.<\/p>\n\n\n\n<p class=\"has-black-color has-text-color has-link-color has-small-font-size wp-elements-60a6d6632393b92b2bb93bc1459b2296\">Quem batalhou pela Ci\u00eancia e pela melhor ordem social, bem se revela nas letras que o Codificador inseriu em A G\u00eanese: A efervesc\u00eancia que por vezes se manifesta em toda uma popula\u00e7\u00e3o, entre os homens de uma mesma ra\u00e7a, n\u00e3o \u00e9 coisa fortuita, nem resultado de um capricho; tem sua causa nas leis da Natureza. Essa efervesc\u00eancia, inconsciente a princ\u00edpio, n\u00e3o passando de vago desejo, de aspira\u00e7\u00e3o indefinida por alguma coisa melhor, de certa necessidade de  mudan\u00e7a, traduz-se por uma surda agita\u00e7\u00e3o, depois por atos que levam \u00e0s revolu\u00e7\u00f5es sociais, que, acreditai-o, tamb\u00e9m t\u00eam sua periodicidade, como as revolu\u00e7\u00f5es f\u00edsicas, pois que tudo se encadeia.<\/p>\n\n\n\n<p class=\"has-black-color has-text-color has-link-color has-small-font-size wp-elements-afad58b9c14316ddea42ef96c90a1543\">Na Espiritualidade, com a vis\u00e3o mais abrangente, ainda conclui: Quando se vos diz que a Humanidade chegou a um per\u00edodo de transforma\u00e7\u00e3o e que a Terra tem que se elevar na hierarquia dos mundos, nada de m\u00edstico vejais nessas palavras; vede, ao contr\u00e1rio, a execu\u00e7\u00e3o de uma das grandes leis fatais do Universo, contra as quais se quebra toda a m\u00e1 vontade humana.<\/p>\n<\/div><\/div>\n\n\n\n<div class=\"wp-block-uagb-container uagb-block-fdea4dc0 alignfull uagb-is-root-container\"><div class=\"uagb-container-inner-blocks-wrap\"><\/div><\/div>\n\n\n\n<div class=\"wp-block-uagb-container uagb-block-29a24797 alignfull uagb-is-root-container\"><div class=\"uagb-container-inner-blocks-wrap\"><\/div><\/div>","protected":false},"excerpt":{"rendered":"<p>Dominique Fran\u00e7ois Jean Arago Su mensaje figura en el punto 8 del cap\u00edtulo XVIII de la quinta obra de la Codificaci\u00f3n, bajo el ep\u00edgrafe Signos de los tiempos. Reconoce al f\u00edsico y astr\u00f3nomo que fue Dominique Fran\u00e7ois Jean Arago, tambi\u00e9n matem\u00e1tico. De familia de profundas convicciones republicanas, naci\u00f3 el 26 de febrero de 1786 en [&hellip;]<\/p>","protected":false},"author":1,"featured_media":0,"parent":0,"menu_order":0,"comment_status":"closed","ping_status":"closed","template":"","meta":{"_uag_custom_page_level_css":"","site-sidebar-layout":"default","site-content-layout":"","ast-site-content-layout":"default","site-content-style":"default","site-sidebar-style":"default","ast-global-header-display":"","ast-banner-title-visibility":"","ast-main-header-display":"","ast-hfb-above-header-display":"","ast-hfb-below-header-display":"","ast-hfb-mobile-header-display":"","site-post-title":"disabled","ast-breadcrumbs-content":"","ast-featured-img":"","footer-sml-layout":"","theme-transparent-header-meta":"","adv-header-id-meta":"","stick-header-meta":"","header-above-stick-meta":"","header-main-stick-meta":"","header-below-stick-meta":"","astra-migrate-meta-layouts":"set","ast-page-background-enabled":"default","ast-page-background-meta":{"desktop":{"background-color":"var(--ast-global-color-4)","background-image":"","background-repeat":"repeat","background-position":"center center","background-size":"auto","background-attachment":"scroll","background-type":"","background-media":"","overlay-type":"","overlay-color":"","overlay-opacity":"","overlay-gradient":""},"tablet":{"background-color":"","background-image":"","background-repeat":"repeat","background-position":"center center","background-size":"auto","background-attachment":"scroll","background-type":"","background-media":"","overlay-type":"","overlay-color":"","overlay-opacity":"","overlay-gradient":""},"mobile":{"background-color":"","background-image":"","background-repeat":"repeat","background-position":"center center","background-size":"auto","background-attachment":"scroll","background-type":"","background-media":"","overlay-type":"","overlay-color":"","overlay-opacity":"","overlay-gradient":""}},"ast-content-background-meta":{"desktop":{"background-color":"var(--ast-global-color-5)","background-image":"","background-repeat":"repeat","background-position":"center center","background-size":"auto","background-attachment":"scroll","background-type":"","background-media":"","overlay-type":"","overlay-color":"","overlay-opacity":"","overlay-gradient":""},"tablet":{"background-color":"var(--ast-global-color-5)","background-image":"","background-repeat":"repeat","background-position":"center center","background-size":"auto","background-attachment":"scroll","background-type":"","background-media":"","overlay-type":"","overlay-color":"","overlay-opacity":"","overlay-gradient":""},"mobile":{"background-color":"var(--ast-global-color-5)","background-image":"","background-repeat":"repeat","background-position":"center center","background-size":"auto","background-attachment":"scroll","background-type":"","background-media":"","overlay-type":"","overlay-color":"","overlay-opacity":"","overlay-gradient":""}},"footnotes":""},"class_list":["post-8138","page","type-page","status-publish","hentry"],"yoast_head":"<!-- This site is optimized with the Yoast SEO Premium plugin v24.2 (Yoast SEO v24.6) - https:\/\/yoast.com\/wordpress\/plugins\/seo\/ -->\n<title>Dominique Fran\u00e7ois Jean Arago - Uni\u00f3n Esp\u00edrita<\/title>\n<meta name=\"robots\" content=\"index, follow, max-snippet:-1, max-image-preview:large, max-video-preview:-1\" \/>\n<link rel=\"canonical\" href=\"https:\/\/nuevo-renacer.com\/pt\/dominique-francois-jean-arago\/\" \/>\n<meta property=\"og:locale\" content=\"pt_BR\" \/>\n<meta property=\"og:type\" content=\"article\" \/>\n<meta property=\"og:title\" content=\"Dominique Fran\u00e7ois Jean Arago\" \/>\n<meta property=\"og:description\" content=\"Dominique Fran\u00e7ois Jean Arago Su mensaje figura en el punto 8 del cap\u00edtulo XVIII de la quinta obra de la Codificaci\u00f3n, bajo el ep\u00edgrafe Signos de los tiempos. Reconoce al f\u00edsico y astr\u00f3nomo que fue Dominique Fran\u00e7ois Jean Arago, tambi\u00e9n matem\u00e1tico. De familia de profundas convicciones republicanas, naci\u00f3 el 26 de febrero de 1786 en [&hellip;]\" \/>\n<meta property=\"og:url\" content=\"https:\/\/nuevo-renacer.com\/pt\/dominique-francois-jean-arago\/\" \/>\n<meta property=\"og:site_name\" content=\"Uni\u00f3n Esp\u00edrita\" \/>\n<meta property=\"article:publisher\" content=\"https:\/\/www.facebook.com\/groups\/3431398063740829\" \/>\n<meta property=\"article:modified_time\" content=\"2025-05-20T10:46:37+00:00\" \/>\n<meta property=\"og:image\" content=\"https:\/\/nuevo-renacer.com\/wp-content\/uploads\/2025\/05\/Francois_Arago_par_Ary_Scheffer.jpg\" \/>\n\t<meta property=\"og:image:width\" content=\"776\" \/>\n\t<meta property=\"og:image:height\" content=\"985\" \/>\n\t<meta property=\"og:image:type\" content=\"image\/jpeg\" \/>\n<meta name=\"twitter:card\" content=\"summary_large_image\" \/>\n<meta name=\"twitter:label1\" content=\"Est. tempo de leitura\" \/>\n\t<meta name=\"twitter:data1\" content=\"4 minutos\" \/>\n<script type=\"application\/ld+json\" class=\"yoast-schema-graph\">{\"@context\":\"https:\/\/schema.org\",\"@graph\":[{\"@type\":\"WebPage\",\"@id\":\"https:\/\/nuevo-renacer.com\/dominique-francois-jean-arago\/\",\"url\":\"https:\/\/nuevo-renacer.com\/dominique-francois-jean-arago\/\",\"name\":\"Dominique Fran\u00e7ois Jean Arago - Uni\u00f3n Esp\u00edrita\",\"isPartOf\":{\"@id\":\"https:\/\/nuevo-renacer.com\/#website\"},\"primaryImageOfPage\":{\"@id\":\"https:\/\/nuevo-renacer.com\/dominique-francois-jean-arago\/#primaryimage\"},\"image\":{\"@id\":\"https:\/\/nuevo-renacer.com\/dominique-francois-jean-arago\/#primaryimage\"},\"thumbnailUrl\":\"https:\/\/nuevo-renacer.com\/wp-content\/uploads\/2025\/05\/Francois_Arago_par_Ary_Scheffer.jpg\",\"datePublished\":\"2025-05-20T10:46:34+00:00\",\"dateModified\":\"2025-05-20T10:46:37+00:00\",\"breadcrumb\":{\"@id\":\"https:\/\/nuevo-renacer.com\/dominique-francois-jean-arago\/#breadcrumb\"},\"inLanguage\":\"pt-BR\",\"potentialAction\":[{\"@type\":\"ReadAction\",\"target\":[\"https:\/\/nuevo-renacer.com\/dominique-francois-jean-arago\/\"]}]},{\"@type\":\"ImageObject\",\"inLanguage\":\"pt-BR\",\"@id\":\"https:\/\/nuevo-renacer.com\/dominique-francois-jean-arago\/#primaryimage\",\"url\":\"https:\/\/nuevo-renacer.com\/wp-content\/uploads\/2025\/05\/Francois_Arago_par_Ary_Scheffer.jpg\",\"contentUrl\":\"https:\/\/nuevo-renacer.com\/wp-content\/uploads\/2025\/05\/Francois_Arago_par_Ary_Scheffer.jpg\"},{\"@type\":\"BreadcrumbList\",\"@id\":\"https:\/\/nuevo-renacer.com\/dominique-francois-jean-arago\/#breadcrumb\",\"itemListElement\":[{\"@type\":\"ListItem\",\"position\":1,\"name\":\"Startseite\",\"item\":\"https:\/\/nuevo-renacer.com\/\"},{\"@type\":\"ListItem\",\"position\":2,\"name\":\"Dominique Fran\u00e7ois Jean Arago\"}]},{\"@type\":\"WebSite\",\"@id\":\"https:\/\/nuevo-renacer.com\/#website\",\"url\":\"https:\/\/nuevo-renacer.com\/\",\"name\":\"Uni\u00f3n Esp\u00edrita\",\"description\":\"Nuevo Renacer\",\"publisher\":{\"@id\":\"https:\/\/nuevo-renacer.com\/#organization\"},\"potentialAction\":[{\"@type\":\"SearchAction\",\"target\":{\"@type\":\"EntryPoint\",\"urlTemplate\":\"https:\/\/nuevo-renacer.com\/?s={search_term_string}\"},\"query-input\":{\"@type\":\"PropertyValueSpecification\",\"valueRequired\":true,\"valueName\":\"search_term_string\"}}],\"inLanguage\":\"pt-BR\"},{\"@type\":\"Organization\",\"@id\":\"https:\/\/nuevo-renacer.com\/#organization\",\"name\":\"UFEC\",\"url\":\"https:\/\/nuevo-renacer.com\/\",\"logo\":{\"@type\":\"ImageObject\",\"inLanguage\":\"pt-BR\",\"@id\":\"https:\/\/nuevo-renacer.com\/#\/schema\/logo\/image\/\",\"url\":\"https:\/\/nuevo-renacer.com\/wp-content\/uploads\/2024\/05\/cropped-LOGO-TERMINADO1-3-3.png\",\"contentUrl\":\"https:\/\/nuevo-renacer.com\/wp-content\/uploads\/2024\/05\/cropped-LOGO-TERMINADO1-3-3.png\",\"width\":512,\"height\":512,\"caption\":\"UFEC\"},\"image\":{\"@id\":\"https:\/\/nuevo-renacer.com\/#\/schema\/logo\/image\/\"},\"sameAs\":[\"https:\/\/www.facebook.com\/groups\/3431398063740829\"]}]}<\/script>\n<!-- \/ Yoast SEO Premium plugin. -->","yoast_head_json":{"title":"Dominique Fran\u00e7ois Jean Arago - Uni\u00f3n Esp\u00edrita","robots":{"index":"index","follow":"follow","max-snippet":"max-snippet:-1","max-image-preview":"max-image-preview:large","max-video-preview":"max-video-preview:-1"},"canonical":"https:\/\/nuevo-renacer.com\/pt\/dominique-francois-jean-arago\/","og_locale":"pt_BR","og_type":"article","og_title":"Dominique Fran\u00e7ois Jean Arago","og_description":"Dominique Fran\u00e7ois Jean Arago Su mensaje figura en el punto 8 del cap\u00edtulo XVIII de la quinta obra de la Codificaci\u00f3n, bajo el ep\u00edgrafe Signos de los tiempos. Reconoce al f\u00edsico y astr\u00f3nomo que fue Dominique Fran\u00e7ois Jean Arago, tambi\u00e9n matem\u00e1tico. De familia de profundas convicciones republicanas, naci\u00f3 el 26 de febrero de 1786 en [&hellip;]","og_url":"https:\/\/nuevo-renacer.com\/pt\/dominique-francois-jean-arago\/","og_site_name":"Uni\u00f3n Esp\u00edrita","article_publisher":"https:\/\/www.facebook.com\/groups\/3431398063740829","article_modified_time":"2025-05-20T10:46:37+00:00","og_image":[{"width":776,"height":985,"url":"https:\/\/nuevo-renacer.com\/wp-content\/uploads\/2025\/05\/Francois_Arago_par_Ary_Scheffer.jpg","type":"image\/jpeg"}],"twitter_card":"summary_large_image","twitter_misc":{"Est. tempo de leitura":"4 minutos"},"schema":{"@context":"https:\/\/schema.org","@graph":[{"@type":"WebPage","@id":"https:\/\/nuevo-renacer.com\/dominique-francois-jean-arago\/","url":"https:\/\/nuevo-renacer.com\/dominique-francois-jean-arago\/","name":"Dominique Fran\u00e7ois Jean Arago - Uni\u00f3n Esp\u00edrita","isPartOf":{"@id":"https:\/\/nuevo-renacer.com\/#website"},"primaryImageOfPage":{"@id":"https:\/\/nuevo-renacer.com\/dominique-francois-jean-arago\/#primaryimage"},"image":{"@id":"https:\/\/nuevo-renacer.com\/dominique-francois-jean-arago\/#primaryimage"},"thumbnailUrl":"https:\/\/nuevo-renacer.com\/wp-content\/uploads\/2025\/05\/Francois_Arago_par_Ary_Scheffer.jpg","datePublished":"2025-05-20T10:46:34+00:00","dateModified":"2025-05-20T10:46:37+00:00","breadcrumb":{"@id":"https:\/\/nuevo-renacer.com\/dominique-francois-jean-arago\/#breadcrumb"},"inLanguage":"pt-BR","potentialAction":[{"@type":"ReadAction","target":["https:\/\/nuevo-renacer.com\/dominique-francois-jean-arago\/"]}]},{"@type":"ImageObject","inLanguage":"pt-BR","@id":"https:\/\/nuevo-renacer.com\/dominique-francois-jean-arago\/#primaryimage","url":"https:\/\/nuevo-renacer.com\/wp-content\/uploads\/2025\/05\/Francois_Arago_par_Ary_Scheffer.jpg","contentUrl":"https:\/\/nuevo-renacer.com\/wp-content\/uploads\/2025\/05\/Francois_Arago_par_Ary_Scheffer.jpg"},{"@type":"BreadcrumbList","@id":"https:\/\/nuevo-renacer.com\/dominique-francois-jean-arago\/#breadcrumb","itemListElement":[{"@type":"ListItem","position":1,"name":"Startseite","item":"https:\/\/nuevo-renacer.com\/"},{"@type":"ListItem","position":2,"name":"Dominique Fran\u00e7ois Jean Arago"}]},{"@type":"WebSite","@id":"https:\/\/nuevo-renacer.com\/#website","url":"https:\/\/nuevo-renacer.com\/","name":"Uni\u00f3n Esp\u00edrita","description":"Nuevo Renacer","publisher":{"@id":"https:\/\/nuevo-renacer.com\/#organization"},"potentialAction":[{"@type":"SearchAction","target":{"@type":"EntryPoint","urlTemplate":"https:\/\/nuevo-renacer.com\/?s={search_term_string}"},"query-input":{"@type":"PropertyValueSpecification","valueRequired":true,"valueName":"search_term_string"}}],"inLanguage":"pt-BR"},{"@type":"Organization","@id":"https:\/\/nuevo-renacer.com\/#organization","name":"UFEC","url":"https:\/\/nuevo-renacer.com\/","logo":{"@type":"ImageObject","inLanguage":"pt-BR","@id":"https:\/\/nuevo-renacer.com\/#\/schema\/logo\/image\/","url":"https:\/\/nuevo-renacer.com\/wp-content\/uploads\/2024\/05\/cropped-LOGO-TERMINADO1-3-3.png","contentUrl":"https:\/\/nuevo-renacer.com\/wp-content\/uploads\/2024\/05\/cropped-LOGO-TERMINADO1-3-3.png","width":512,"height":512,"caption":"UFEC"},"image":{"@id":"https:\/\/nuevo-renacer.com\/#\/schema\/logo\/image\/"},"sameAs":["https:\/\/www.facebook.com\/groups\/3431398063740829"]}]}},"uagb_featured_image_src":{"full":false,"thumbnail":false,"medium":false,"medium_large":false,"large":false,"1536x1536":false,"2048x2048":false,"trp-custom-language-flag":false},"uagb_author_info":{"display_name":"adbv0","author_link":"https:\/\/nuevo-renacer.com\/pt\/author\/adbv0\/"},"uagb_comment_info":0,"uagb_excerpt":"Dominique Fran\u00e7ois Jean Arago Su mensaje figura en el punto 8 del cap\u00edtulo XVIII de la quinta obra de la Codificaci\u00f3n, bajo el ep\u00edgrafe Signos de los tiempos. Reconoce al f\u00edsico y astr\u00f3nomo que fue Dominique Fran\u00e7ois Jean Arago, tambi\u00e9n matem\u00e1tico. De familia de profundas convicciones republicanas, naci\u00f3 el 26 de febrero de 1786 en&hellip;","jetpack_sharing_enabled":true,"_links":{"self":[{"href":"https:\/\/nuevo-renacer.com\/pt\/wp-json\/wp\/v2\/pages\/8138","targetHints":{"allow":["GET"]}}],"collection":[{"href":"https:\/\/nuevo-renacer.com\/pt\/wp-json\/wp\/v2\/pages"}],"about":[{"href":"https:\/\/nuevo-renacer.com\/pt\/wp-json\/wp\/v2\/types\/page"}],"author":[{"embeddable":true,"href":"https:\/\/nuevo-renacer.com\/pt\/wp-json\/wp\/v2\/users\/1"}],"replies":[{"embeddable":true,"href":"https:\/\/nuevo-renacer.com\/pt\/wp-json\/wp\/v2\/comments?post=8138"}],"version-history":[{"count":1,"href":"https:\/\/nuevo-renacer.com\/pt\/wp-json\/wp\/v2\/pages\/8138\/revisions"}],"predecessor-version":[{"id":8140,"href":"https:\/\/nuevo-renacer.com\/pt\/wp-json\/wp\/v2\/pages\/8138\/revisions\/8140"}],"wp:attachment":[{"href":"https:\/\/nuevo-renacer.com\/pt\/wp-json\/wp\/v2\/media?parent=8138"}],"curies":[{"name":"wp","href":"https:\/\/api.w.org\/{rel}","templated":true}]}}