{"id":8117,"date":"2025-05-15T08:40:52","date_gmt":"2025-05-15T08:40:52","guid":{"rendered":"https:\/\/nuevo-renacer.com\/?page_id=8117"},"modified":"2025-05-15T09:04:53","modified_gmt":"2025-05-15T09:04:53","slug":"delphine-de-girardin","status":"publish","type":"page","link":"https:\/\/nuevo-renacer.com\/pt\/delphine-de-girardin\/","title":{"rendered":"Delphine de Girardin"},"content":{"rendered":"<div class=\"wp-block-uagb-container uagb-block-3ab1533f alignfull uagb-is-root-container\"><div class=\"uagb-container-inner-blocks-wrap\">\n<p class=\"has-black-color has-text-color has-link-color has-medium-font-size wp-elements-3ef5e3d52b6edc9f1334dc1efe8b0cfa\"><strong>Delphine de Girardin<\/strong><\/p>\n<\/div><\/div>\n\n\n\n<div class=\"wp-block-uagb-container uagb-block-cb3b43e9 alignfull uagb-is-root-container\"><div class=\"uagb-container-inner-blocks-wrap\">\n<figure class=\"wp-block-image size-large is-resized\"><img fetchpriority=\"high\" decoding=\"async\" width=\"817\" height=\"1024\" src=\"https:\/\/nuevo-renacer.com\/wp-content\/uploads\/2025\/05\/Louis_Hersent_-_Delphine_de_Girardin-817x1024.jpg\" alt=\"\" class=\"wp-image-8118\" style=\"width:257px;height:auto\" srcset=\"https:\/\/nuevo-renacer.com\/wp-content\/uploads\/2025\/05\/Louis_Hersent_-_Delphine_de_Girardin-817x1024.jpg 817w, https:\/\/nuevo-renacer.com\/wp-content\/uploads\/2025\/05\/Louis_Hersent_-_Delphine_de_Girardin-239x300.jpg 239w, https:\/\/nuevo-renacer.com\/wp-content\/uploads\/2025\/05\/Louis_Hersent_-_Delphine_de_Girardin-768x963.jpg 768w, https:\/\/nuevo-renacer.com\/wp-content\/uploads\/2025\/05\/Louis_Hersent_-_Delphine_de_Girardin-1226x1536.jpg 1226w, https:\/\/nuevo-renacer.com\/wp-content\/uploads\/2025\/05\/Louis_Hersent_-_Delphine_de_Girardin-10x12.jpg 10w, https:\/\/nuevo-renacer.com\/wp-content\/uploads\/2025\/05\/Louis_Hersent_-_Delphine_de_Girardin.jpg 1567w\" sizes=\"(max-width: 817px) 100vw, 817px\" \/><\/figure>\n<\/div><\/div>\n\n\n\n<div class=\"wp-block-uagb-container uagb-block-315a215c alignfull uagb-is-root-container\"><div class=\"uagb-container-inner-blocks-wrap\">\n<p class=\"has-black-color has-text-color has-link-color has-small-font-size wp-elements-ccdf6c7587c3f227eb3599941cf7a6ea\">Nasceu Delphine Gay em Aix-La-Chapelle (Alemanha) em 26 de janeiro de 1804, o mesmo ano do Codificador, e desencarnou na capital francesa em 29 de junho de 1855. Foi poetisa que frequentou os sal\u00f5es de Mme. R\u00e9camier. Casou-se com \u00c9mile de Girardin, jornalista e pol\u00edtico franc\u00eas, passando ent\u00e3o a ser conhecida como a sra. \u00c9mile de Girardin.<\/p>\n\n\n\n<p class=\"has-black-color has-text-color has-link-color has-small-font-size wp-elements-8534d43dc32be04b58ff7823eed20a7d\">Ela mesma se tornou jornalista, ap\u00f3s o casamento em 1831, escrevendo no jornal La Presse no per\u00edodo de 1836 a 1848, sob o pseud\u00f4nimo de Visconde de Launay, interessantes cr\u00f4nicas da sociedade do tempo de Lu\u00eds Filipe. Essas cr\u00f4nicas ficaram conhecidas como Cartas Parisienses. Publicou tamb\u00e9m romances, trag\u00e9dias e com\u00e9dias. Era, positivamente, grande m\u00e9dium inspirada.<\/p>\n\n\n\n<p class=\"has-black-color has-text-color has-link-color has-small-font-size wp-elements-84cc4985b6a223677aace0f8f1efae76\">Personalidade muito conhecida no meio po\u00e9tico, frequentando os sal\u00f5es liter\u00e1rios onde se reuniam as celebridades do momento, muito natural que ela tomasse contato com as mesas girantes.<\/p>\n\n\n\n<p class=\"has-black-color has-text-color has-link-color has-small-font-size wp-elements-27d89f5b485b29bc0459626f4486a14b\">Desde o primeiro contato com as mesas ela se convenceu da veracidade das manifesta\u00e7\u00f5es. Teve oportunidade de se encontrar com o professor Rivail pessoalmente. Possivelmente, em alguma das reuni\u00f5es que ele frequentava, nas suas pesquisas em torno dos fen\u00f4menos que assombravam Paris.<\/p>\n\n\n\n<p class=\"has-black-color has-text-color has-link-color has-small-font-size wp-elements-dc486f3e540cc03f4df0c502d513a570\">Amiga pessoal de Victor Hugo, os acontecimentos pol\u00edticos do ano de 1851 e o ex\u00edlio de seus amigos marcaram-na de forma cruel. Fiel \u00e0 amizade, ela decidiu levar conforto moral aos pobres proscritos. Lan\u00e7ou-se ao mar e em 6 de setembro de 1853 desembarcou em Jersey, uma pequena ilha de 116 quil\u00f4metros quadrados.<\/p>\n\n\n\n<p class=\"has-black-color has-text-color has-link-color has-small-font-size wp-elements-7a988b9a7175ee52f90cfa2d5bdd254e\">O cansa\u00e7o a tomava por inteiro. A viagem foi excessivamente fatigante. Diga-se de passagem: ela j\u00e1 se encontrava doente. O c\u00e2ncer a devorava. Din\u00e2mica, contudo, ela n\u00e3o se deixava abater em demasia. Um pouco triste e melanc\u00f3lica, mas igualmente feliz por rever seus amigos, ela reencontrou Victor Hugo e a fam\u00edlia.<\/p>\n\n\n\n<p class=\"has-black-color has-text-color has-link-color has-small-font-size wp-elements-83706fae46ffdbe24cc2de2aa0560d08\">\u00c0 hora do jantar, narrou as not\u00edcias de Paris, no intuito de trazer um pouco da P\u00e1tria para os exilados. Com entusiasmo, referiu-se \u00e0s mesas girantes. Na pequena ilha de Jersey algumas tentativas tinham sido feitas, sem sucesso.<\/p>\n\n\n\n<p class=\"has-black-color has-text-color has-link-color has-small-font-size wp-elements-4bcc2079b5c5d79e838853e7b06fa06f\">Delphine, sem aguardar a sobremesa, saiu em busca de uma mesa pequena, redonda. As sess\u00f5es foram longas e cansativas. E, ao que parece, sem sucesso nos primeiros cinco dias.<\/p>\n\n\n\n<p class=\"has-black-color has-text-color has-link-color has-small-font-size wp-elements-f0159553c6c55716c9e56c114206f629\">Victor Hugo, c\u00e9tico, aderiu \u00e0s reuni\u00f5es somente para n\u00e3o desgostar a amiga. Finalmente, no domingo, 11 de setembro, a concentra\u00e7\u00e3o e o sil\u00eancio foram recompensados. Uma comunica\u00e7\u00e3o aconteceu. Uma comunica\u00e7\u00e3o que mudaria os rumos da vida do grande poeta franc\u00eas. Quem se comunicou, atrav\u00e9s da mesa, foi nada mais, nada menos que sua filha L\u00e9opoldine. Sua amada filha, morta durante a lua de mel, afogada em um lago, num passeio de barco com o marido.<\/p>\n\n\n\n<p class=\"has-black-color has-text-color has-link-color has-small-font-size wp-elements-942dfc6e13e77d9a3a55107677b57413\">Em O Evangelho Segundo o Espiritismo Delphine de Girardin, Esp\u00edrito, assina a mensagem A desgra\u00e7a real, no cap\u00edtulo V (Bem-aventurados os aflitos), item 24.<\/p>\n<\/div><\/div>\n\n\n\n<div class=\"wp-block-uagb-container uagb-block-b7a348b3 alignfull uagb-is-root-container\"><div class=\"uagb-container-inner-blocks-wrap\"><\/div><\/div>\n\n\n\n<div class=\"wp-block-uagb-container uagb-block-edfddd53 alignfull uagb-is-root-container\"><div class=\"uagb-container-inner-blocks-wrap\"><\/div><\/div>","protected":false},"excerpt":{"rendered":"<p>Delphine de Girardin Delphine Gay naci\u00f3 en Aachen (Alemania) el 26 de enero de 1804, el mismo a\u00f1o que el Codificador Allan Kardec, y muri\u00f3 en la capital francesa el 29 de junio de 1855. Fue poetisa y frecuent\u00f3 los salones de Mme R\u00e9camier. Se cas\u00f3 con \u00c9mile de Girardin, periodista y pol\u00edtico franc\u00e9s, y [&hellip;]<\/p>","protected":false},"author":1,"featured_media":0,"parent":0,"menu_order":0,"comment_status":"closed","ping_status":"closed","template":"","meta":{"_uag_custom_page_level_css":"","site-sidebar-layout":"default","site-content-layout":"","ast-site-content-layout":"default","site-content-style":"default","site-sidebar-style":"default","ast-global-header-display":"","ast-banner-title-visibility":"","ast-main-header-display":"","ast-hfb-above-header-display":"","ast-hfb-below-header-display":"","ast-hfb-mobile-header-display":"","site-post-title":"disabled","ast-breadcrumbs-content":"","ast-featured-img":"","footer-sml-layout":"","theme-transparent-header-meta":"","adv-header-id-meta":"","stick-header-meta":"","header-above-stick-meta":"","header-main-stick-meta":"","header-below-stick-meta":"","astra-migrate-meta-layouts":"set","ast-page-background-enabled":"default","ast-page-background-meta":{"desktop":{"background-color":"var(--ast-global-color-4)","background-image":"","background-repeat":"repeat","background-position":"center center","background-size":"auto","background-attachment":"scroll","background-type":"","background-media":"","overlay-type":"","overlay-color":"","overlay-opacity":"","overlay-gradient":""},"tablet":{"background-color":"","background-image":"","background-repeat":"repeat","background-position":"center center","background-size":"auto","background-attachment":"scroll","background-type":"","background-media":"","overlay-type":"","overlay-color":"","overlay-opacity":"","overlay-gradient":""},"mobile":{"background-color":"","background-image":"","background-repeat":"repeat","background-position":"center center","background-size":"auto","background-attachment":"scroll","background-type":"","background-media":"","overlay-type":"","overlay-color":"","overlay-opacity":"","overlay-gradient":""}},"ast-content-background-meta":{"desktop":{"background-color":"var(--ast-global-color-5)","background-image":"","background-repeat":"repeat","background-position":"center center","background-size":"auto","background-attachment":"scroll","background-type":"","background-media":"","overlay-type":"","overlay-color":"","overlay-opacity":"","overlay-gradient":""},"tablet":{"background-color":"var(--ast-global-color-5)","background-image":"","background-repeat":"repeat","background-position":"center center","background-size":"auto","background-attachment":"scroll","background-type":"","background-media":"","overlay-type":"","overlay-color":"","overlay-opacity":"","overlay-gradient":""},"mobile":{"background-color":"var(--ast-global-color-5)","background-image":"","background-repeat":"repeat","background-position":"center center","background-size":"auto","background-attachment":"scroll","background-type":"","background-media":"","overlay-type":"","overlay-color":"","overlay-opacity":"","overlay-gradient":""}},"footnotes":""},"class_list":["post-8117","page","type-page","status-publish","hentry"],"yoast_head":"<!-- This site is optimized with the Yoast SEO Premium plugin v24.2 (Yoast SEO v24.6) - https:\/\/yoast.com\/wordpress\/plugins\/seo\/ -->\n<title>Delphine de Girardin - Uni\u00f3n Esp\u00edrita<\/title>\n<meta name=\"robots\" content=\"index, follow, max-snippet:-1, max-image-preview:large, max-video-preview:-1\" \/>\n<link rel=\"canonical\" href=\"https:\/\/nuevo-renacer.com\/pt\/delphine-de-girardin\/\" \/>\n<meta property=\"og:locale\" content=\"pt_BR\" \/>\n<meta property=\"og:type\" content=\"article\" \/>\n<meta property=\"og:title\" content=\"Delphine de Girardin\" \/>\n<meta property=\"og:description\" content=\"Delphine de Girardin Delphine Gay naci\u00f3 en Aachen (Alemania) el 26 de enero de 1804, el mismo a\u00f1o que el Codificador Allan Kardec, y muri\u00f3 en la capital francesa el 29 de junio de 1855. Fue poetisa y frecuent\u00f3 los salones de Mme R\u00e9camier. Se cas\u00f3 con \u00c9mile de Girardin, periodista y pol\u00edtico franc\u00e9s, y [&hellip;]\" \/>\n<meta property=\"og:url\" content=\"https:\/\/nuevo-renacer.com\/pt\/delphine-de-girardin\/\" \/>\n<meta property=\"og:site_name\" content=\"Uni\u00f3n Esp\u00edrita\" \/>\n<meta property=\"article:publisher\" content=\"https:\/\/www.facebook.com\/groups\/3431398063740829\" \/>\n<meta property=\"article:modified_time\" content=\"2025-05-15T09:04:53+00:00\" \/>\n<meta property=\"og:image\" content=\"https:\/\/nuevo-renacer.com\/wp-content\/uploads\/2025\/05\/Louis_Hersent_-_Delphine_de_Girardin.jpg\" \/>\n\t<meta property=\"og:image:width\" content=\"1567\" \/>\n\t<meta property=\"og:image:height\" content=\"1964\" \/>\n\t<meta property=\"og:image:type\" content=\"image\/jpeg\" \/>\n<meta name=\"twitter:card\" content=\"summary_large_image\" \/>\n<meta name=\"twitter:label1\" content=\"Est. tempo de leitura\" \/>\n\t<meta name=\"twitter:data1\" content=\"3 minutos\" \/>\n<script type=\"application\/ld+json\" class=\"yoast-schema-graph\">{\"@context\":\"https:\/\/schema.org\",\"@graph\":[{\"@type\":\"WebPage\",\"@id\":\"https:\/\/nuevo-renacer.com\/delphine-de-girardin\/\",\"url\":\"https:\/\/nuevo-renacer.com\/delphine-de-girardin\/\",\"name\":\"Delphine de Girardin - Uni\u00f3n Esp\u00edrita\",\"isPartOf\":{\"@id\":\"https:\/\/nuevo-renacer.com\/#website\"},\"primaryImageOfPage\":{\"@id\":\"https:\/\/nuevo-renacer.com\/delphine-de-girardin\/#primaryimage\"},\"image\":{\"@id\":\"https:\/\/nuevo-renacer.com\/delphine-de-girardin\/#primaryimage\"},\"thumbnailUrl\":\"https:\/\/nuevo-renacer.com\/wp-content\/uploads\/2025\/05\/Louis_Hersent_-_Delphine_de_Girardin-817x1024.jpg\",\"datePublished\":\"2025-05-15T08:40:52+00:00\",\"dateModified\":\"2025-05-15T09:04:53+00:00\",\"breadcrumb\":{\"@id\":\"https:\/\/nuevo-renacer.com\/delphine-de-girardin\/#breadcrumb\"},\"inLanguage\":\"pt-BR\",\"potentialAction\":[{\"@type\":\"ReadAction\",\"target\":[\"https:\/\/nuevo-renacer.com\/delphine-de-girardin\/\"]}]},{\"@type\":\"ImageObject\",\"inLanguage\":\"pt-BR\",\"@id\":\"https:\/\/nuevo-renacer.com\/delphine-de-girardin\/#primaryimage\",\"url\":\"https:\/\/nuevo-renacer.com\/wp-content\/uploads\/2025\/05\/Louis_Hersent_-_Delphine_de_Girardin-817x1024.jpg\",\"contentUrl\":\"https:\/\/nuevo-renacer.com\/wp-content\/uploads\/2025\/05\/Louis_Hersent_-_Delphine_de_Girardin-817x1024.jpg\"},{\"@type\":\"BreadcrumbList\",\"@id\":\"https:\/\/nuevo-renacer.com\/delphine-de-girardin\/#breadcrumb\",\"itemListElement\":[{\"@type\":\"ListItem\",\"position\":1,\"name\":\"Startseite\",\"item\":\"https:\/\/nuevo-renacer.com\/\"},{\"@type\":\"ListItem\",\"position\":2,\"name\":\"Delphine de Girardin\"}]},{\"@type\":\"WebSite\",\"@id\":\"https:\/\/nuevo-renacer.com\/#website\",\"url\":\"https:\/\/nuevo-renacer.com\/\",\"name\":\"Uni\u00f3n Esp\u00edrita\",\"description\":\"Nuevo Renacer\",\"publisher\":{\"@id\":\"https:\/\/nuevo-renacer.com\/#organization\"},\"potentialAction\":[{\"@type\":\"SearchAction\",\"target\":{\"@type\":\"EntryPoint\",\"urlTemplate\":\"https:\/\/nuevo-renacer.com\/?s={search_term_string}\"},\"query-input\":{\"@type\":\"PropertyValueSpecification\",\"valueRequired\":true,\"valueName\":\"search_term_string\"}}],\"inLanguage\":\"pt-BR\"},{\"@type\":\"Organization\",\"@id\":\"https:\/\/nuevo-renacer.com\/#organization\",\"name\":\"UFEC\",\"url\":\"https:\/\/nuevo-renacer.com\/\",\"logo\":{\"@type\":\"ImageObject\",\"inLanguage\":\"pt-BR\",\"@id\":\"https:\/\/nuevo-renacer.com\/#\/schema\/logo\/image\/\",\"url\":\"https:\/\/nuevo-renacer.com\/wp-content\/uploads\/2024\/05\/cropped-LOGO-TERMINADO1-3-3.png\",\"contentUrl\":\"https:\/\/nuevo-renacer.com\/wp-content\/uploads\/2024\/05\/cropped-LOGO-TERMINADO1-3-3.png\",\"width\":512,\"height\":512,\"caption\":\"UFEC\"},\"image\":{\"@id\":\"https:\/\/nuevo-renacer.com\/#\/schema\/logo\/image\/\"},\"sameAs\":[\"https:\/\/www.facebook.com\/groups\/3431398063740829\"]}]}<\/script>\n<!-- \/ Yoast SEO Premium plugin. -->","yoast_head_json":{"title":"Delphine de Girardin - Uni\u00f3n Esp\u00edrita","robots":{"index":"index","follow":"follow","max-snippet":"max-snippet:-1","max-image-preview":"max-image-preview:large","max-video-preview":"max-video-preview:-1"},"canonical":"https:\/\/nuevo-renacer.com\/pt\/delphine-de-girardin\/","og_locale":"pt_BR","og_type":"article","og_title":"Delphine de Girardin","og_description":"Delphine de Girardin Delphine Gay naci\u00f3 en Aachen (Alemania) el 26 de enero de 1804, el mismo a\u00f1o que el Codificador Allan Kardec, y muri\u00f3 en la capital francesa el 29 de junio de 1855. Fue poetisa y frecuent\u00f3 los salones de Mme R\u00e9camier. Se cas\u00f3 con \u00c9mile de Girardin, periodista y pol\u00edtico franc\u00e9s, y [&hellip;]","og_url":"https:\/\/nuevo-renacer.com\/pt\/delphine-de-girardin\/","og_site_name":"Uni\u00f3n Esp\u00edrita","article_publisher":"https:\/\/www.facebook.com\/groups\/3431398063740829","article_modified_time":"2025-05-15T09:04:53+00:00","og_image":[{"width":1567,"height":1964,"url":"https:\/\/nuevo-renacer.com\/wp-content\/uploads\/2025\/05\/Louis_Hersent_-_Delphine_de_Girardin.jpg","type":"image\/jpeg"}],"twitter_card":"summary_large_image","twitter_misc":{"Est. tempo de leitura":"3 minutos"},"schema":{"@context":"https:\/\/schema.org","@graph":[{"@type":"WebPage","@id":"https:\/\/nuevo-renacer.com\/delphine-de-girardin\/","url":"https:\/\/nuevo-renacer.com\/delphine-de-girardin\/","name":"Delphine de Girardin - Uni\u00f3n Esp\u00edrita","isPartOf":{"@id":"https:\/\/nuevo-renacer.com\/#website"},"primaryImageOfPage":{"@id":"https:\/\/nuevo-renacer.com\/delphine-de-girardin\/#primaryimage"},"image":{"@id":"https:\/\/nuevo-renacer.com\/delphine-de-girardin\/#primaryimage"},"thumbnailUrl":"https:\/\/nuevo-renacer.com\/wp-content\/uploads\/2025\/05\/Louis_Hersent_-_Delphine_de_Girardin-817x1024.jpg","datePublished":"2025-05-15T08:40:52+00:00","dateModified":"2025-05-15T09:04:53+00:00","breadcrumb":{"@id":"https:\/\/nuevo-renacer.com\/delphine-de-girardin\/#breadcrumb"},"inLanguage":"pt-BR","potentialAction":[{"@type":"ReadAction","target":["https:\/\/nuevo-renacer.com\/delphine-de-girardin\/"]}]},{"@type":"ImageObject","inLanguage":"pt-BR","@id":"https:\/\/nuevo-renacer.com\/delphine-de-girardin\/#primaryimage","url":"https:\/\/nuevo-renacer.com\/wp-content\/uploads\/2025\/05\/Louis_Hersent_-_Delphine_de_Girardin-817x1024.jpg","contentUrl":"https:\/\/nuevo-renacer.com\/wp-content\/uploads\/2025\/05\/Louis_Hersent_-_Delphine_de_Girardin-817x1024.jpg"},{"@type":"BreadcrumbList","@id":"https:\/\/nuevo-renacer.com\/delphine-de-girardin\/#breadcrumb","itemListElement":[{"@type":"ListItem","position":1,"name":"Startseite","item":"https:\/\/nuevo-renacer.com\/"},{"@type":"ListItem","position":2,"name":"Delphine de Girardin"}]},{"@type":"WebSite","@id":"https:\/\/nuevo-renacer.com\/#website","url":"https:\/\/nuevo-renacer.com\/","name":"Uni\u00f3n Esp\u00edrita","description":"Nuevo Renacer","publisher":{"@id":"https:\/\/nuevo-renacer.com\/#organization"},"potentialAction":[{"@type":"SearchAction","target":{"@type":"EntryPoint","urlTemplate":"https:\/\/nuevo-renacer.com\/?s={search_term_string}"},"query-input":{"@type":"PropertyValueSpecification","valueRequired":true,"valueName":"search_term_string"}}],"inLanguage":"pt-BR"},{"@type":"Organization","@id":"https:\/\/nuevo-renacer.com\/#organization","name":"UFEC","url":"https:\/\/nuevo-renacer.com\/","logo":{"@type":"ImageObject","inLanguage":"pt-BR","@id":"https:\/\/nuevo-renacer.com\/#\/schema\/logo\/image\/","url":"https:\/\/nuevo-renacer.com\/wp-content\/uploads\/2024\/05\/cropped-LOGO-TERMINADO1-3-3.png","contentUrl":"https:\/\/nuevo-renacer.com\/wp-content\/uploads\/2024\/05\/cropped-LOGO-TERMINADO1-3-3.png","width":512,"height":512,"caption":"UFEC"},"image":{"@id":"https:\/\/nuevo-renacer.com\/#\/schema\/logo\/image\/"},"sameAs":["https:\/\/www.facebook.com\/groups\/3431398063740829"]}]}},"uagb_featured_image_src":{"full":false,"thumbnail":false,"medium":false,"medium_large":false,"large":false,"1536x1536":false,"2048x2048":false,"trp-custom-language-flag":false},"uagb_author_info":{"display_name":"adbv0","author_link":"https:\/\/nuevo-renacer.com\/pt\/author\/adbv0\/"},"uagb_comment_info":0,"uagb_excerpt":"Delphine de Girardin Delphine Gay naci\u00f3 en Aachen (Alemania) el 26 de enero de 1804, el mismo a\u00f1o que el Codificador Allan Kardec, y muri\u00f3 en la capital francesa el 29 de junio de 1855. Fue poetisa y frecuent\u00f3 los salones de Mme R\u00e9camier. Se cas\u00f3 con \u00c9mile de Girardin, periodista y pol\u00edtico franc\u00e9s, y&hellip;","jetpack_sharing_enabled":true,"_links":{"self":[{"href":"https:\/\/nuevo-renacer.com\/pt\/wp-json\/wp\/v2\/pages\/8117","targetHints":{"allow":["GET"]}}],"collection":[{"href":"https:\/\/nuevo-renacer.com\/pt\/wp-json\/wp\/v2\/pages"}],"about":[{"href":"https:\/\/nuevo-renacer.com\/pt\/wp-json\/wp\/v2\/types\/page"}],"author":[{"embeddable":true,"href":"https:\/\/nuevo-renacer.com\/pt\/wp-json\/wp\/v2\/users\/1"}],"replies":[{"embeddable":true,"href":"https:\/\/nuevo-renacer.com\/pt\/wp-json\/wp\/v2\/comments?post=8117"}],"version-history":[{"count":3,"href":"https:\/\/nuevo-renacer.com\/pt\/wp-json\/wp\/v2\/pages\/8117\/revisions"}],"predecessor-version":[{"id":8123,"href":"https:\/\/nuevo-renacer.com\/pt\/wp-json\/wp\/v2\/pages\/8117\/revisions\/8123"}],"wp:attachment":[{"href":"https:\/\/nuevo-renacer.com\/pt\/wp-json\/wp\/v2\/media?parent=8117"}],"curies":[{"name":"wp","href":"https:\/\/api.w.org\/{rel}","templated":true}]}}