{"id":8104,"date":"2025-05-15T06:33:57","date_gmt":"2025-05-15T06:33:57","guid":{"rendered":"https:\/\/nuevo-renacer.com\/?page_id=8104"},"modified":"2025-05-15T06:34:00","modified_gmt":"2025-05-15T06:34:00","slug":"emanuel-von-swedenborg","status":"publish","type":"page","link":"https:\/\/nuevo-renacer.com\/pt\/emanuel-von-swedenborg\/","title":{"rendered":"Emanuel von Swedenborg"},"content":{"rendered":"<p><a href=\"https:\/\/www.projekt-gutenberg.org\/autoren\/namen\/swedborg.html\"><\/a><\/p>\n\n\n\n<p><a href=\"https:\/\/www.projekt-gutenberg.org\/autoren\/namen\/swedborg.html\"><\/a><\/p>\n\n\n\n<div class=\"wp-block-uagb-container uagb-block-449f88e2 alignfull uagb-is-root-container\"><div class=\"uagb-container-inner-blocks-wrap\">\n<p class=\"has-black-color has-text-color has-link-color has-medium-font-size wp-elements-19ef7e0e4bef8d4b717d71c1add68522\"><strong>Emanuel von Swedenborg<\/strong><\/p>\n<\/div><\/div>\n\n\n\n<div class=\"wp-block-uagb-container uagb-block-e8995034 alignfull uagb-is-root-container\"><div class=\"uagb-container-inner-blocks-wrap\">\n<figure class=\"wp-block-image size-large is-resized\"><img fetchpriority=\"high\" decoding=\"async\" width=\"797\" height=\"1024\" src=\"https:\/\/nuevo-renacer.com\/wp-content\/uploads\/2025\/05\/Swedenborg-797x1024.webp\" alt=\"\" class=\"wp-image-8105\" style=\"width:249px;height:auto\" srcset=\"https:\/\/nuevo-renacer.com\/wp-content\/uploads\/2025\/05\/Swedenborg-797x1024.webp 797w, https:\/\/nuevo-renacer.com\/wp-content\/uploads\/2025\/05\/Swedenborg-233x300.webp 233w, https:\/\/nuevo-renacer.com\/wp-content\/uploads\/2025\/05\/Swedenborg-768x987.webp 768w, https:\/\/nuevo-renacer.com\/wp-content\/uploads\/2025\/05\/Swedenborg-1195x1536.webp 1195w, https:\/\/nuevo-renacer.com\/wp-content\/uploads\/2025\/05\/Swedenborg-9x12.webp 9w, https:\/\/nuevo-renacer.com\/wp-content\/uploads\/2025\/05\/Swedenborg.webp 1200w\" sizes=\"(max-width: 797px) 100vw, 797px\" \/><\/figure>\n<\/div><\/div>\n\n\n\n<div class=\"wp-block-uagb-container uagb-block-7ad3f6f1 alignfull uagb-is-root-container\"><div class=\"uagb-container-inner-blocks-wrap\">\n<p class=\"has-black-color has-text-color has-link-color has-small-font-size wp-elements-66a8e1e8b6c60f848b6340c0cf06b018\">Arthur Conan Doyle a ele se referiu como a maior e mais alta intelig\u00eancia humana. Em verdade, Emanuel von Swedenborg, nascido em Estocolmo a 29 de janeiro de 1688, filho de um bispo da Igreja luterana sueca, viveu na austera atmosfera evang\u00e9lica alguns anos de sua vida. Foi profundo estudioso da B\u00edblia.<\/p>\n\n\n\n<p class=\"has-black-color has-text-color has-link-color has-small-font-size wp-elements-c50ed4679f9c6efeb23f092f5ea02371\">Estudou em Uppsala e visitou a Alemanha, a Fran\u00e7a, a Holanda e a Inglaterra, a fim de ampliar seus extensos conhecimentos de Matem\u00e1tica, Mec\u00e2nica, Astronomia, Geologia, Mineralogia.<\/p>\n\n\n\n<p class=\"has-black-color has-text-color has-link-color has-small-font-size wp-elements-e15e2a4476ca1731a51a2d0de2516587\">Aos 22 anos publicou um volume de versos latinos e aos 28 foi nomeado assessor de minas do governo sueco. Vers\u00e1til, tanto quanto Leonardo da Vinci, criou engenhos mec\u00e2nicos para transportar barcos por terra, analisou a economia da moeda corrente, a produ\u00e7\u00e3o e o custo do \u00e1lcool, a aplica\u00e7\u00e3o do sistema decimal, a rela\u00e7\u00e3o entre importa\u00e7\u00f5es e exporta\u00e7\u00f5es e a economia nacional.<\/p>\n\n\n\n<p class=\"has-black-color has-text-color has-link-color has-small-font-size wp-elements-92ae5de49ef849440c49b44b1828e31b\">Pr\u00f3ximo aos 30 anos, voltou-se para a Paleontologia, a Geologia, o estudo dos f\u00f3sseis e chegou a desenvolver uma avan\u00e7ada teoria sobre a expans\u00e3o nebular, para explicar a origem do sistema solar. Dedicou-se tamb\u00e9m aos estudos da Medicina e da Fisiologia. Era h\u00e1bil em latim, grego, ingl\u00eas, al\u00e9m de sua l\u00edngua p\u00e1tria, e chegou a estudar hebraico, a fim de empreender uma reinterpreta\u00e7\u00e3o do Velho e do Novo Testamento.<\/p>\n\n\n\n<p class=\"has-black-color has-text-color has-link-color has-small-font-size wp-elements-0b9ad2c09b41f4a968e7fa416070bd55\">A primeira parte de sua vida foi notadamente voltada para o intelecto. Contudo, embora ainda menino tivesse vis\u00f5es, foi em abril de 1744 que se iniciou uma nova etapa, a da investiga\u00e7\u00e3o em busca de conhecimentos sobre a alma humana relacionada com Deus e o Universo numa estrutura da ideia crist\u00e3.<\/p>\n\n\n\n<p class=\"has-black-color has-text-color has-link-color has-small-font-size wp-elements-cc660cb969ae22b31e76bd179943b9ac\">Conforme suas palavras, ...o mundo dos Esp\u00edritos, do c\u00e9u e do inferno, abriu-se convincentemente para mim, e a\u00ed encontrei muitas pessoas de meu conhecimento e de todas as condi\u00e7\u00f5es. Desde ent\u00e3o diariamente o Senhor abria os olhos de meu Esp\u00edrito para ver, perfeitamente desperto, o que se passava no outro mundo e para conversar, em plena consci\u00eancia, com anjos e Esp\u00edritos.<\/p>\n\n\n\n<p class=\"has-black-color has-text-color has-link-color has-small-font-size wp-elements-8bb83777b45b22fd73de45cb74347987\">Considerado como um dos precursores das ideias esp\u00edritas, em suas obras C\u00e9u e Inferno, A nova Jerusal\u00e9m e Arcana Caelestia descreveu o processo da morte e o mundo do al\u00e9m, detalhando sua estrutura. Falou de casas onde viviam fam\u00edlias, templos onde praticavam o culto, audit\u00f3rios onde se reuniam para fins sociais. Descreveu v\u00e1rias esferas, representando os graus de luminosidade e de felicidade dos Esp\u00edritos. Afirmou n\u00e3o existirem anjos e dem\u00f4nios, mas simplesmente seres humanos, sa\u00eddos da carne e em estado retardat\u00e1rio, ou altamente desenvolvidos. Descartou a possibilidade da exist\u00eancia de penas eternas.<\/p>\n\n\n\n<p class=\"has-black-color has-text-color has-link-color has-small-font-size wp-elements-4da05823e73859780fe1e09f8a620589\">A afirma\u00e7\u00e3o de contatos com os Esp\u00edritos e suas experi\u00eancias ps\u00edquicas, inclusive de dupla vista, atra\u00edram amigos e lhe conquistaram advers\u00e1rios. Suas vis\u00f5es \u00e0 dist\u00e2ncia foram detalhadamente investigadas, como a ocorrida no dia 19 de julho de 1759, na cidade de G\u00f6teborg, a 480 km da capital sueca. Naquela tarde, Swedenborg jantou com a fam\u00edlia de William Castell, juntamente com mais umas quinze pessoas, e descreveu, p\u00e1lido e alarmado, o inc\u00eandio que irrompera \u00e0s tr\u00eas horas daquela tarde e foi dominado \u00e0s oito horas da noite, a uma dist\u00e2ncia de tr\u00eas portas de sua pr\u00f3pria casa. Esse dia era um s\u00e1bado e somente na ter\u00e7a-feira uma mensagem real confirmou os fatos, inclusive o detalhe de ter sido dominado \u00e0s oito horas da noite.<\/p>\n\n\n\n<p class=\"has-black-color has-text-color has-link-color has-small-font-size wp-elements-5feb96a2d0f3052e1483e19e4d50dbee\">Esse homem not\u00e1vel, en\u00e9rgico quando rapaz e am\u00e1vel na velhice, era bondoso e sereno. Pr\u00e1tico, trabalhador, era de estatura alta, delgado, de olhos azuis, apresentando-se sempre impec\u00e1vel com sua peruca at\u00e9 os ombros, roupas escuras, cal\u00e7\u00f5es curtos, fivelas nos sapatos e bengala.<\/p>\n\n\n\n<p class=\"has-black-color has-text-color has-link-color has-small-font-size wp-elements-772c6f9774fcfbd5fe49d8cea1feb63b\">Desencarnando em 29 de mar\u00e7o de 1772, em Londres, cidade onde viveu muitos anos e onde se deu a eclos\u00e3o da sua mediunidade, apresentar-se-ia 72 anos mais tarde, numa tarde de mar\u00e7o de 1844, a um jovem de nome Andrew Jackson Davis, como um de seus mentores, junto ao Esp\u00edrito Galeno, passando a assessor\u00e1-lo em sua jornada medi\u00fanica.<\/p>\n\n\n\n<p class=\"has-black-color has-text-color has-link-color has-small-font-size wp-elements-4c4596468766296588f6094f9b8eefe5\">Na Codifica\u00e7\u00e3o, seu nome figura em Proleg\u00f4menos, atestando a sua participa\u00e7\u00e3o efetiva, como membro da equipe do Esp\u00edrito de Verdade, contribuindo para a instala\u00e7\u00e3o da Terceira Revela\u00e7\u00e3o junto aos homens.<\/p>\n<\/div><\/div>\n\n\n\n<div class=\"wp-block-uagb-container uagb-block-575ebb36 alignfull uagb-is-root-container\"><div class=\"uagb-container-inner-blocks-wrap\"><\/div><\/div>\n\n\n\n<div class=\"wp-block-uagb-container uagb-block-34de665f alignfull uagb-is-root-container\"><div class=\"uagb-container-inner-blocks-wrap\"><\/div><\/div>","protected":false},"excerpt":{"rendered":"<p>Emanuel von Swedenborg Arthur Conan Doyle se refiri\u00f3 a \u00e9l como la mayor y m\u00e1s elevada inteligencia humana. De hecho, Emanuel von Swedenborg, nacido en Estocolmo el 29 de enero de 1688, hijo de un obispo de la Iglesia luterana sueca, vivi\u00f3 en un austero ambiente evang\u00e9lico durante algunos a\u00f1os de su vida. Fue un [&hellip;]<\/p>","protected":false},"author":1,"featured_media":0,"parent":0,"menu_order":0,"comment_status":"closed","ping_status":"closed","template":"","meta":{"_uag_custom_page_level_css":"","site-sidebar-layout":"default","site-content-layout":"","ast-site-content-layout":"default","site-content-style":"default","site-sidebar-style":"default","ast-global-header-display":"","ast-banner-title-visibility":"","ast-main-header-display":"","ast-hfb-above-header-display":"","ast-hfb-below-header-display":"","ast-hfb-mobile-header-display":"","site-post-title":"disabled","ast-breadcrumbs-content":"","ast-featured-img":"","footer-sml-layout":"","theme-transparent-header-meta":"","adv-header-id-meta":"","stick-header-meta":"","header-above-stick-meta":"","header-main-stick-meta":"","header-below-stick-meta":"","astra-migrate-meta-layouts":"set","ast-page-background-enabled":"default","ast-page-background-meta":{"desktop":{"background-color":"var(--ast-global-color-4)","background-image":"","background-repeat":"repeat","background-position":"center center","background-size":"auto","background-attachment":"scroll","background-type":"","background-media":"","overlay-type":"","overlay-color":"","overlay-opacity":"","overlay-gradient":""},"tablet":{"background-color":"","background-image":"","background-repeat":"repeat","background-position":"center center","background-size":"auto","background-attachment":"scroll","background-type":"","background-media":"","overlay-type":"","overlay-color":"","overlay-opacity":"","overlay-gradient":""},"mobile":{"background-color":"","background-image":"","background-repeat":"repeat","background-position":"center center","background-size":"auto","background-attachment":"scroll","background-type":"","background-media":"","overlay-type":"","overlay-color":"","overlay-opacity":"","overlay-gradient":""}},"ast-content-background-meta":{"desktop":{"background-color":"var(--ast-global-color-5)","background-image":"","background-repeat":"repeat","background-position":"center center","background-size":"auto","background-attachment":"scroll","background-type":"","background-media":"","overlay-type":"","overlay-color":"","overlay-opacity":"","overlay-gradient":""},"tablet":{"background-color":"var(--ast-global-color-5)","background-image":"","background-repeat":"repeat","background-position":"center center","background-size":"auto","background-attachment":"scroll","background-type":"","background-media":"","overlay-type":"","overlay-color":"","overlay-opacity":"","overlay-gradient":""},"mobile":{"background-color":"var(--ast-global-color-5)","background-image":"","background-repeat":"repeat","background-position":"center center","background-size":"auto","background-attachment":"scroll","background-type":"","background-media":"","overlay-type":"","overlay-color":"","overlay-opacity":"","overlay-gradient":""}},"footnotes":""},"class_list":["post-8104","page","type-page","status-publish","hentry"],"yoast_head":"<!-- This site is optimized with the Yoast SEO Premium plugin v24.2 (Yoast SEO v24.6) - https:\/\/yoast.com\/wordpress\/plugins\/seo\/ -->\n<title>Emanuel von Swedenborg - Uni\u00f3n Esp\u00edrita<\/title>\n<meta name=\"robots\" content=\"index, follow, max-snippet:-1, max-image-preview:large, max-video-preview:-1\" \/>\n<link rel=\"canonical\" href=\"https:\/\/nuevo-renacer.com\/pt\/emanuel-von-swedenborg\/\" \/>\n<meta property=\"og:locale\" content=\"pt_BR\" \/>\n<meta property=\"og:type\" content=\"article\" \/>\n<meta property=\"og:title\" content=\"Emanuel von Swedenborg\" \/>\n<meta property=\"og:description\" content=\"Emanuel von Swedenborg Arthur Conan Doyle se refiri\u00f3 a \u00e9l como la mayor y m\u00e1s elevada inteligencia humana. De hecho, Emanuel von Swedenborg, nacido en Estocolmo el 29 de enero de 1688, hijo de un obispo de la Iglesia luterana sueca, vivi\u00f3 en un austero ambiente evang\u00e9lico durante algunos a\u00f1os de su vida. Fue un [&hellip;]\" \/>\n<meta property=\"og:url\" content=\"https:\/\/nuevo-renacer.com\/pt\/emanuel-von-swedenborg\/\" \/>\n<meta property=\"og:site_name\" content=\"Uni\u00f3n Esp\u00edrita\" \/>\n<meta property=\"article:publisher\" content=\"https:\/\/www.facebook.com\/groups\/3431398063740829\" \/>\n<meta property=\"article:modified_time\" content=\"2025-05-15T06:34:00+00:00\" \/>\n<meta property=\"og:image\" content=\"https:\/\/nuevo-renacer.com\/wp-content\/uploads\/2025\/05\/Swedenborg.webp\" \/>\n\t<meta property=\"og:image:width\" content=\"1200\" \/>\n\t<meta property=\"og:image:height\" content=\"1542\" \/>\n\t<meta property=\"og:image:type\" content=\"image\/webp\" \/>\n<meta name=\"twitter:card\" content=\"summary_large_image\" \/>\n<meta name=\"twitter:label1\" content=\"Est. tempo de leitura\" \/>\n\t<meta name=\"twitter:data1\" content=\"5 minutos\" \/>\n<script type=\"application\/ld+json\" class=\"yoast-schema-graph\">{\"@context\":\"https:\/\/schema.org\",\"@graph\":[{\"@type\":\"WebPage\",\"@id\":\"https:\/\/nuevo-renacer.com\/emanuel-von-swedenborg\/\",\"url\":\"https:\/\/nuevo-renacer.com\/emanuel-von-swedenborg\/\",\"name\":\"Emanuel von Swedenborg - Uni\u00f3n Esp\u00edrita\",\"isPartOf\":{\"@id\":\"https:\/\/nuevo-renacer.com\/#website\"},\"primaryImageOfPage\":{\"@id\":\"https:\/\/nuevo-renacer.com\/emanuel-von-swedenborg\/#primaryimage\"},\"image\":{\"@id\":\"https:\/\/nuevo-renacer.com\/emanuel-von-swedenborg\/#primaryimage\"},\"thumbnailUrl\":\"https:\/\/nuevo-renacer.com\/wp-content\/uploads\/2025\/05\/Swedenborg-797x1024.webp\",\"datePublished\":\"2025-05-15T06:33:57+00:00\",\"dateModified\":\"2025-05-15T06:34:00+00:00\",\"breadcrumb\":{\"@id\":\"https:\/\/nuevo-renacer.com\/emanuel-von-swedenborg\/#breadcrumb\"},\"inLanguage\":\"pt-BR\",\"potentialAction\":[{\"@type\":\"ReadAction\",\"target\":[\"https:\/\/nuevo-renacer.com\/emanuel-von-swedenborg\/\"]}]},{\"@type\":\"ImageObject\",\"inLanguage\":\"pt-BR\",\"@id\":\"https:\/\/nuevo-renacer.com\/emanuel-von-swedenborg\/#primaryimage\",\"url\":\"https:\/\/nuevo-renacer.com\/wp-content\/uploads\/2025\/05\/Swedenborg-797x1024.webp\",\"contentUrl\":\"https:\/\/nuevo-renacer.com\/wp-content\/uploads\/2025\/05\/Swedenborg-797x1024.webp\"},{\"@type\":\"BreadcrumbList\",\"@id\":\"https:\/\/nuevo-renacer.com\/emanuel-von-swedenborg\/#breadcrumb\",\"itemListElement\":[{\"@type\":\"ListItem\",\"position\":1,\"name\":\"Startseite\",\"item\":\"https:\/\/nuevo-renacer.com\/\"},{\"@type\":\"ListItem\",\"position\":2,\"name\":\"Emanuel von Swedenborg\"}]},{\"@type\":\"WebSite\",\"@id\":\"https:\/\/nuevo-renacer.com\/#website\",\"url\":\"https:\/\/nuevo-renacer.com\/\",\"name\":\"Uni\u00f3n Esp\u00edrita\",\"description\":\"Nuevo Renacer\",\"publisher\":{\"@id\":\"https:\/\/nuevo-renacer.com\/#organization\"},\"potentialAction\":[{\"@type\":\"SearchAction\",\"target\":{\"@type\":\"EntryPoint\",\"urlTemplate\":\"https:\/\/nuevo-renacer.com\/?s={search_term_string}\"},\"query-input\":{\"@type\":\"PropertyValueSpecification\",\"valueRequired\":true,\"valueName\":\"search_term_string\"}}],\"inLanguage\":\"pt-BR\"},{\"@type\":\"Organization\",\"@id\":\"https:\/\/nuevo-renacer.com\/#organization\",\"name\":\"UFEC\",\"url\":\"https:\/\/nuevo-renacer.com\/\",\"logo\":{\"@type\":\"ImageObject\",\"inLanguage\":\"pt-BR\",\"@id\":\"https:\/\/nuevo-renacer.com\/#\/schema\/logo\/image\/\",\"url\":\"https:\/\/nuevo-renacer.com\/wp-content\/uploads\/2024\/05\/cropped-LOGO-TERMINADO1-3-3.png\",\"contentUrl\":\"https:\/\/nuevo-renacer.com\/wp-content\/uploads\/2024\/05\/cropped-LOGO-TERMINADO1-3-3.png\",\"width\":512,\"height\":512,\"caption\":\"UFEC\"},\"image\":{\"@id\":\"https:\/\/nuevo-renacer.com\/#\/schema\/logo\/image\/\"},\"sameAs\":[\"https:\/\/www.facebook.com\/groups\/3431398063740829\"]}]}<\/script>\n<!-- \/ Yoast SEO Premium plugin. -->","yoast_head_json":{"title":"Emanuel von Swedenborg - Uni\u00f3n Esp\u00edrita","robots":{"index":"index","follow":"follow","max-snippet":"max-snippet:-1","max-image-preview":"max-image-preview:large","max-video-preview":"max-video-preview:-1"},"canonical":"https:\/\/nuevo-renacer.com\/pt\/emanuel-von-swedenborg\/","og_locale":"pt_BR","og_type":"article","og_title":"Emanuel von Swedenborg","og_description":"Emanuel von Swedenborg Arthur Conan Doyle se refiri\u00f3 a \u00e9l como la mayor y m\u00e1s elevada inteligencia humana. De hecho, Emanuel von Swedenborg, nacido en Estocolmo el 29 de enero de 1688, hijo de un obispo de la Iglesia luterana sueca, vivi\u00f3 en un austero ambiente evang\u00e9lico durante algunos a\u00f1os de su vida. Fue un [&hellip;]","og_url":"https:\/\/nuevo-renacer.com\/pt\/emanuel-von-swedenborg\/","og_site_name":"Uni\u00f3n Esp\u00edrita","article_publisher":"https:\/\/www.facebook.com\/groups\/3431398063740829","article_modified_time":"2025-05-15T06:34:00+00:00","og_image":[{"width":1200,"height":1542,"url":"https:\/\/nuevo-renacer.com\/wp-content\/uploads\/2025\/05\/Swedenborg.webp","type":"image\/webp"}],"twitter_card":"summary_large_image","twitter_misc":{"Est. tempo de leitura":"5 minutos"},"schema":{"@context":"https:\/\/schema.org","@graph":[{"@type":"WebPage","@id":"https:\/\/nuevo-renacer.com\/emanuel-von-swedenborg\/","url":"https:\/\/nuevo-renacer.com\/emanuel-von-swedenborg\/","name":"Emanuel von Swedenborg - Uni\u00f3n Esp\u00edrita","isPartOf":{"@id":"https:\/\/nuevo-renacer.com\/#website"},"primaryImageOfPage":{"@id":"https:\/\/nuevo-renacer.com\/emanuel-von-swedenborg\/#primaryimage"},"image":{"@id":"https:\/\/nuevo-renacer.com\/emanuel-von-swedenborg\/#primaryimage"},"thumbnailUrl":"https:\/\/nuevo-renacer.com\/wp-content\/uploads\/2025\/05\/Swedenborg-797x1024.webp","datePublished":"2025-05-15T06:33:57+00:00","dateModified":"2025-05-15T06:34:00+00:00","breadcrumb":{"@id":"https:\/\/nuevo-renacer.com\/emanuel-von-swedenborg\/#breadcrumb"},"inLanguage":"pt-BR","potentialAction":[{"@type":"ReadAction","target":["https:\/\/nuevo-renacer.com\/emanuel-von-swedenborg\/"]}]},{"@type":"ImageObject","inLanguage":"pt-BR","@id":"https:\/\/nuevo-renacer.com\/emanuel-von-swedenborg\/#primaryimage","url":"https:\/\/nuevo-renacer.com\/wp-content\/uploads\/2025\/05\/Swedenborg-797x1024.webp","contentUrl":"https:\/\/nuevo-renacer.com\/wp-content\/uploads\/2025\/05\/Swedenborg-797x1024.webp"},{"@type":"BreadcrumbList","@id":"https:\/\/nuevo-renacer.com\/emanuel-von-swedenborg\/#breadcrumb","itemListElement":[{"@type":"ListItem","position":1,"name":"Startseite","item":"https:\/\/nuevo-renacer.com\/"},{"@type":"ListItem","position":2,"name":"Emanuel von Swedenborg"}]},{"@type":"WebSite","@id":"https:\/\/nuevo-renacer.com\/#website","url":"https:\/\/nuevo-renacer.com\/","name":"Uni\u00f3n Esp\u00edrita","description":"Nuevo Renacer","publisher":{"@id":"https:\/\/nuevo-renacer.com\/#organization"},"potentialAction":[{"@type":"SearchAction","target":{"@type":"EntryPoint","urlTemplate":"https:\/\/nuevo-renacer.com\/?s={search_term_string}"},"query-input":{"@type":"PropertyValueSpecification","valueRequired":true,"valueName":"search_term_string"}}],"inLanguage":"pt-BR"},{"@type":"Organization","@id":"https:\/\/nuevo-renacer.com\/#organization","name":"UFEC","url":"https:\/\/nuevo-renacer.com\/","logo":{"@type":"ImageObject","inLanguage":"pt-BR","@id":"https:\/\/nuevo-renacer.com\/#\/schema\/logo\/image\/","url":"https:\/\/nuevo-renacer.com\/wp-content\/uploads\/2024\/05\/cropped-LOGO-TERMINADO1-3-3.png","contentUrl":"https:\/\/nuevo-renacer.com\/wp-content\/uploads\/2024\/05\/cropped-LOGO-TERMINADO1-3-3.png","width":512,"height":512,"caption":"UFEC"},"image":{"@id":"https:\/\/nuevo-renacer.com\/#\/schema\/logo\/image\/"},"sameAs":["https:\/\/www.facebook.com\/groups\/3431398063740829"]}]}},"uagb_featured_image_src":{"full":false,"thumbnail":false,"medium":false,"medium_large":false,"large":false,"1536x1536":false,"2048x2048":false,"trp-custom-language-flag":false},"uagb_author_info":{"display_name":"adbv0","author_link":"https:\/\/nuevo-renacer.com\/pt\/author\/adbv0\/"},"uagb_comment_info":0,"uagb_excerpt":"Emanuel von Swedenborg Arthur Conan Doyle se refiri\u00f3 a \u00e9l como la mayor y m\u00e1s elevada inteligencia humana. De hecho, Emanuel von Swedenborg, nacido en Estocolmo el 29 de enero de 1688, hijo de un obispo de la Iglesia luterana sueca, vivi\u00f3 en un austero ambiente evang\u00e9lico durante algunos a\u00f1os de su vida. Fue un&hellip;","jetpack_sharing_enabled":true,"_links":{"self":[{"href":"https:\/\/nuevo-renacer.com\/pt\/wp-json\/wp\/v2\/pages\/8104","targetHints":{"allow":["GET"]}}],"collection":[{"href":"https:\/\/nuevo-renacer.com\/pt\/wp-json\/wp\/v2\/pages"}],"about":[{"href":"https:\/\/nuevo-renacer.com\/pt\/wp-json\/wp\/v2\/types\/page"}],"author":[{"embeddable":true,"href":"https:\/\/nuevo-renacer.com\/pt\/wp-json\/wp\/v2\/users\/1"}],"replies":[{"embeddable":true,"href":"https:\/\/nuevo-renacer.com\/pt\/wp-json\/wp\/v2\/comments?post=8104"}],"version-history":[{"count":1,"href":"https:\/\/nuevo-renacer.com\/pt\/wp-json\/wp\/v2\/pages\/8104\/revisions"}],"predecessor-version":[{"id":8106,"href":"https:\/\/nuevo-renacer.com\/pt\/wp-json\/wp\/v2\/pages\/8104\/revisions\/8106"}],"wp:attachment":[{"href":"https:\/\/nuevo-renacer.com\/pt\/wp-json\/wp\/v2\/media?parent=8104"}],"curies":[{"name":"wp","href":"https:\/\/api.w.org\/{rel}","templated":true}]}}