{"id":8027,"date":"2025-05-13T13:11:55","date_gmt":"2025-05-13T13:11:55","guid":{"rendered":"https:\/\/nuevo-renacer.com\/?page_id=8027"},"modified":"2025-05-13T13:11:58","modified_gmt":"2025-05-13T13:11:58","slug":"johannes-brahms","status":"publish","type":"page","link":"https:\/\/nuevo-renacer.com\/pt\/johannes-brahms\/","title":{"rendered":"Johannes Brahms"},"content":{"rendered":"<div class=\"wp-block-uagb-container uagb-block-520d5dd2 alignfull uagb-is-root-container\"><div class=\"uagb-container-inner-blocks-wrap\">\n<p class=\"has-black-color has-text-color has-link-color has-medium-font-size wp-elements-f98095ad9b2519971dec5b797e4cc30d\"><strong>Johannes Brahms<\/strong><\/p>\n<\/div><\/div>\n\n\n\n<div class=\"wp-block-uagb-container uagb-block-5ade3a54 alignfull uagb-is-root-container\"><div class=\"uagb-container-inner-blocks-wrap\">\n<figure class=\"wp-block-image size-full is-resized\"><img fetchpriority=\"high\" decoding=\"async\" width=\"371\" height=\"480\" src=\"https:\/\/nuevo-renacer.com\/wp-content\/uploads\/2025\/05\/JohannesBrahms.jpg\" alt=\"\" class=\"wp-image-8028\" style=\"width:269px;height:auto\" srcset=\"https:\/\/nuevo-renacer.com\/wp-content\/uploads\/2025\/05\/JohannesBrahms.jpg 371w, https:\/\/nuevo-renacer.com\/wp-content\/uploads\/2025\/05\/JohannesBrahms-232x300.jpg 232w, https:\/\/nuevo-renacer.com\/wp-content\/uploads\/2025\/05\/JohannesBrahms-9x12.jpg 9w\" sizes=\"(max-width: 371px) 100vw, 371px\" \/><\/figure>\n<\/div><\/div>\n\n\n\n<div class=\"wp-block-uagb-container uagb-block-ddbc52d6 alignfull uagb-is-root-container\"><div class=\"uagb-container-inner-blocks-wrap\">\n<p class=\"has-black-color has-text-color has-link-color has-small-font-size wp-elements-3e109aa0b3fbc0ed21231c00aa2ff582\">No dia 7 de maio de 1833, em Hamburgo, nasceu Johannes Brahms, amante do estudo, e que mostrava-se sempre acess\u00edvel a tudo que fosse nobre e belo e participava tanto das tristezas como das alegrias alheias. A caracter\u00edstica fundamental da sua m\u00fasica \u00e9 a de uma resigna\u00e7\u00e3o eleg\u00edaca.<\/p>\n\n\n\n<p class=\"has-black-color has-text-color has-link-color has-small-font-size wp-elements-a5825e9fdb0299993e366c556bc86f30\">Devemos ressaltar que Brahms compreendeu que a m\u00fasica, n\u00e3o obstante as ornamenta\u00e7\u00f5es exteriores \u00e9, em sua mais alta express\u00e3o, uma quest\u00e3o do Esp\u00edrito!<\/p>\n\n\n\n<p class=\"has-black-color has-text-color has-link-color has-small-font-size wp-elements-1c645d50399273921c41ba39ec910f18\">Estamos de pleno acordo, porque o corpo f\u00edsico \u00e9 simples aparelho executor das ordens e das vibra\u00e7\u00f5es do Esp\u00edrito, e muito especialmente em se tratando de m\u00fasica, porque m\u00fasica \u00e9 linguagem quintessenciada.<\/p>\n\n\n\n<p class=\"has-black-color has-text-color has-link-color has-small-font-size wp-elements-8efeaa3e1afc9547c07a1960f56af8a7\">Brahms foi um sentimental, profundamente sens\u00edvel \u00e0s doces harmonias, embora seu f\u00edsico n\u00e3o correspondesse \u00e0 delicadeza de seu Esp\u00edrito.<\/p>\n\n\n\n<p class=\"has-black-color has-text-color has-link-color has-small-font-size wp-elements-4b4ec4230784a676692bc83da7668695\">A musica e o seu temperamento, na opini\u00e3o de um de seus bi\u00f3grafos, ocultam uma alma terna dentro de um corpo de granito. E contam mesmo que, no meio do ensaio de uma de suas pe\u00e7as, saltou ele da cadeira e cruzou a sala com as m\u00e3os apertadas, gritando:- \u201cParem com essa m\u00fasica terr\u00edvel.\u201d Tinha as costas voltadas para os m\u00fasicos e as l\u00e1grimas lhe corriam pelo rosto. Avassalara-o a como\u00e7\u00e3o e essa era o meio de que se valia para disfar\u00e7\u00e1-la.<\/p>\n\n\n\n<p class=\"has-black-color has-text-color has-link-color has-small-font-size wp-elements-8fbe40c7b9da6d3b9c8ecb80205bcebe\">Na opini\u00e3o de Schumann, o ent\u00e3o jovem Brahms apresenta todos os ind\u00edcios que autorizam a proclam\u00e1-lo um predestinado; e mais adiante sentenciou: \u201cquando esse mo\u00e7o se resolver a lidar com o coro e a orquestra, quando essas potentes massas lhe emprestarem a sua for\u00e7a, ent\u00e3o ele h\u00e1 de proporcionar-nos vis\u00f5es ainda mais deslumbrantes dos mist\u00e9rios do mundo dos Esp\u00edritos\u201d.<\/p>\n\n\n\n<p class=\"has-black-color has-text-color has-link-color has-small-font-size wp-elements-020149a160cc327e8a15195a389f14ed\">A mediunidade de Brahms propiciou-lhe ofertar-nos m\u00fasicas de tal sentimentalidade que nosso esp\u00edrito, ao ouvi-las, parece desprender-se do corpo som\u00e1tico, nessa \u00e2nsia insopit\u00e1vel de alcandorar-se a et\u00e9reas regi\u00f5es de luz, sabedoria e amor!<\/p>\n\n\n\n<p class=\"has-black-color has-text-color has-link-color has-small-font-size wp-elements-2ee6fbc9461f11f8ff6db1f24fc87296\">Quando contava cerca 64 anos de idade, seu corpo enfermo, atacado de c\u00e2ncer no f\u00edgado, come\u00e7ou a ceder lentamente. No dia 2 de abril de 1897 perdeu os sentidos e, na manh\u00e3 seguinte, \u00e0s oito horas e meia, fecharam-se os seus olhos azuis.<\/p>\n\n\n\n<p class=\"has-black-color has-text-color has-link-color has-small-font-size wp-elements-3ff7886dd8cc34dfbc346d94bf92bae2\">Sua ultima palavra, quando o m\u00e9dico o fazia beber um estimulante, foi: -\u201cObrigado\u201d.<\/p>\n<\/div><\/div>\n\n\n\n<div class=\"wp-block-uagb-container uagb-block-1516317f alignfull uagb-is-root-container\"><div class=\"uagb-container-inner-blocks-wrap\"><\/div><\/div>\n\n\n\n<div class=\"wp-block-uagb-container uagb-block-0c89dab3 alignfull uagb-is-root-container\"><div class=\"uagb-container-inner-blocks-wrap\"><\/div><\/div>","protected":false},"excerpt":{"rendered":"<p>Johannes Brahms Johannes Brahms naci\u00f3 en Hamburgo el 7 de mayo de 1833, amante del estudio, siempre abierto a todo lo que fuera noble y bello, y que compart\u00eda tanto las penas como las alegr\u00edas de los dem\u00e1s. La caracter\u00edstica fundamental de su m\u00fasica es la resignaci\u00f3n eleg\u00edaca. Hay que subrayar que Brahms entend\u00eda que [&hellip;]<\/p>","protected":false},"author":1,"featured_media":0,"parent":0,"menu_order":0,"comment_status":"closed","ping_status":"closed","template":"","meta":{"_uag_custom_page_level_css":"","site-sidebar-layout":"default","site-content-layout":"","ast-site-content-layout":"default","site-content-style":"default","site-sidebar-style":"default","ast-global-header-display":"","ast-banner-title-visibility":"","ast-main-header-display":"","ast-hfb-above-header-display":"","ast-hfb-below-header-display":"","ast-hfb-mobile-header-display":"","site-post-title":"disabled","ast-breadcrumbs-content":"","ast-featured-img":"","footer-sml-layout":"","theme-transparent-header-meta":"","adv-header-id-meta":"","stick-header-meta":"","header-above-stick-meta":"","header-main-stick-meta":"","header-below-stick-meta":"","astra-migrate-meta-layouts":"set","ast-page-background-enabled":"default","ast-page-background-meta":{"desktop":{"background-color":"var(--ast-global-color-4)","background-image":"","background-repeat":"repeat","background-position":"center center","background-size":"auto","background-attachment":"scroll","background-type":"","background-media":"","overlay-type":"","overlay-color":"","overlay-opacity":"","overlay-gradient":""},"tablet":{"background-color":"","background-image":"","background-repeat":"repeat","background-position":"center center","background-size":"auto","background-attachment":"scroll","background-type":"","background-media":"","overlay-type":"","overlay-color":"","overlay-opacity":"","overlay-gradient":""},"mobile":{"background-color":"","background-image":"","background-repeat":"repeat","background-position":"center center","background-size":"auto","background-attachment":"scroll","background-type":"","background-media":"","overlay-type":"","overlay-color":"","overlay-opacity":"","overlay-gradient":""}},"ast-content-background-meta":{"desktop":{"background-color":"var(--ast-global-color-5)","background-image":"","background-repeat":"repeat","background-position":"center center","background-size":"auto","background-attachment":"scroll","background-type":"","background-media":"","overlay-type":"","overlay-color":"","overlay-opacity":"","overlay-gradient":""},"tablet":{"background-color":"var(--ast-global-color-5)","background-image":"","background-repeat":"repeat","background-position":"center center","background-size":"auto","background-attachment":"scroll","background-type":"","background-media":"","overlay-type":"","overlay-color":"","overlay-opacity":"","overlay-gradient":""},"mobile":{"background-color":"var(--ast-global-color-5)","background-image":"","background-repeat":"repeat","background-position":"center center","background-size":"auto","background-attachment":"scroll","background-type":"","background-media":"","overlay-type":"","overlay-color":"","overlay-opacity":"","overlay-gradient":""}},"footnotes":""},"class_list":["post-8027","page","type-page","status-publish","hentry"],"yoast_head":"<!-- This site is optimized with the Yoast SEO Premium plugin v24.2 (Yoast SEO v24.6) - https:\/\/yoast.com\/wordpress\/plugins\/seo\/ -->\n<title>Johannes Brahms - Uni\u00f3n Esp\u00edrita<\/title>\n<meta name=\"robots\" content=\"index, follow, max-snippet:-1, max-image-preview:large, max-video-preview:-1\" \/>\n<link rel=\"canonical\" href=\"https:\/\/nuevo-renacer.com\/pt\/johannes-brahms\/\" \/>\n<meta property=\"og:locale\" content=\"pt_BR\" \/>\n<meta property=\"og:type\" content=\"article\" \/>\n<meta property=\"og:title\" content=\"Johannes Brahms\" \/>\n<meta property=\"og:description\" content=\"Johannes Brahms Johannes Brahms naci\u00f3 en Hamburgo el 7 de mayo de 1833, amante del estudio, siempre abierto a todo lo que fuera noble y bello, y que compart\u00eda tanto las penas como las alegr\u00edas de los dem\u00e1s. La caracter\u00edstica fundamental de su m\u00fasica es la resignaci\u00f3n eleg\u00edaca. Hay que subrayar que Brahms entend\u00eda que [&hellip;]\" \/>\n<meta property=\"og:url\" content=\"https:\/\/nuevo-renacer.com\/pt\/johannes-brahms\/\" \/>\n<meta property=\"og:site_name\" content=\"Uni\u00f3n Esp\u00edrita\" \/>\n<meta property=\"article:publisher\" content=\"https:\/\/www.facebook.com\/groups\/3431398063740829\" \/>\n<meta property=\"article:modified_time\" content=\"2025-05-13T13:11:58+00:00\" \/>\n<meta property=\"og:image\" content=\"https:\/\/nuevo-renacer.com\/wp-content\/uploads\/2025\/05\/JohannesBrahms.jpg\" \/>\n\t<meta property=\"og:image:width\" content=\"371\" \/>\n\t<meta property=\"og:image:height\" content=\"480\" \/>\n\t<meta property=\"og:image:type\" content=\"image\/jpeg\" \/>\n<meta name=\"twitter:card\" content=\"summary_large_image\" \/>\n<meta name=\"twitter:label1\" content=\"Est. tempo de leitura\" \/>\n\t<meta name=\"twitter:data1\" content=\"3 minutos\" \/>\n<script type=\"application\/ld+json\" class=\"yoast-schema-graph\">{\"@context\":\"https:\/\/schema.org\",\"@graph\":[{\"@type\":\"WebPage\",\"@id\":\"https:\/\/nuevo-renacer.com\/johannes-brahms\/\",\"url\":\"https:\/\/nuevo-renacer.com\/johannes-brahms\/\",\"name\":\"Johannes Brahms - Uni\u00f3n Esp\u00edrita\",\"isPartOf\":{\"@id\":\"https:\/\/nuevo-renacer.com\/#website\"},\"primaryImageOfPage\":{\"@id\":\"https:\/\/nuevo-renacer.com\/johannes-brahms\/#primaryimage\"},\"image\":{\"@id\":\"https:\/\/nuevo-renacer.com\/johannes-brahms\/#primaryimage\"},\"thumbnailUrl\":\"https:\/\/nuevo-renacer.com\/wp-content\/uploads\/2025\/05\/JohannesBrahms.jpg\",\"datePublished\":\"2025-05-13T13:11:55+00:00\",\"dateModified\":\"2025-05-13T13:11:58+00:00\",\"breadcrumb\":{\"@id\":\"https:\/\/nuevo-renacer.com\/johannes-brahms\/#breadcrumb\"},\"inLanguage\":\"pt-BR\",\"potentialAction\":[{\"@type\":\"ReadAction\",\"target\":[\"https:\/\/nuevo-renacer.com\/johannes-brahms\/\"]}]},{\"@type\":\"ImageObject\",\"inLanguage\":\"pt-BR\",\"@id\":\"https:\/\/nuevo-renacer.com\/johannes-brahms\/#primaryimage\",\"url\":\"https:\/\/nuevo-renacer.com\/wp-content\/uploads\/2025\/05\/JohannesBrahms.jpg\",\"contentUrl\":\"https:\/\/nuevo-renacer.com\/wp-content\/uploads\/2025\/05\/JohannesBrahms.jpg\"},{\"@type\":\"BreadcrumbList\",\"@id\":\"https:\/\/nuevo-renacer.com\/johannes-brahms\/#breadcrumb\",\"itemListElement\":[{\"@type\":\"ListItem\",\"position\":1,\"name\":\"Startseite\",\"item\":\"https:\/\/nuevo-renacer.com\/\"},{\"@type\":\"ListItem\",\"position\":2,\"name\":\"Johannes Brahms\"}]},{\"@type\":\"WebSite\",\"@id\":\"https:\/\/nuevo-renacer.com\/#website\",\"url\":\"https:\/\/nuevo-renacer.com\/\",\"name\":\"Uni\u00f3n Esp\u00edrita\",\"description\":\"Nuevo Renacer\",\"publisher\":{\"@id\":\"https:\/\/nuevo-renacer.com\/#organization\"},\"potentialAction\":[{\"@type\":\"SearchAction\",\"target\":{\"@type\":\"EntryPoint\",\"urlTemplate\":\"https:\/\/nuevo-renacer.com\/?s={search_term_string}\"},\"query-input\":{\"@type\":\"PropertyValueSpecification\",\"valueRequired\":true,\"valueName\":\"search_term_string\"}}],\"inLanguage\":\"pt-BR\"},{\"@type\":\"Organization\",\"@id\":\"https:\/\/nuevo-renacer.com\/#organization\",\"name\":\"UFEC\",\"url\":\"https:\/\/nuevo-renacer.com\/\",\"logo\":{\"@type\":\"ImageObject\",\"inLanguage\":\"pt-BR\",\"@id\":\"https:\/\/nuevo-renacer.com\/#\/schema\/logo\/image\/\",\"url\":\"https:\/\/nuevo-renacer.com\/wp-content\/uploads\/2024\/05\/cropped-LOGO-TERMINADO1-3-3.png\",\"contentUrl\":\"https:\/\/nuevo-renacer.com\/wp-content\/uploads\/2024\/05\/cropped-LOGO-TERMINADO1-3-3.png\",\"width\":512,\"height\":512,\"caption\":\"UFEC\"},\"image\":{\"@id\":\"https:\/\/nuevo-renacer.com\/#\/schema\/logo\/image\/\"},\"sameAs\":[\"https:\/\/www.facebook.com\/groups\/3431398063740829\"]}]}<\/script>\n<!-- \/ Yoast SEO Premium plugin. -->","yoast_head_json":{"title":"Johannes Brahms - Uni\u00f3n Esp\u00edrita","robots":{"index":"index","follow":"follow","max-snippet":"max-snippet:-1","max-image-preview":"max-image-preview:large","max-video-preview":"max-video-preview:-1"},"canonical":"https:\/\/nuevo-renacer.com\/pt\/johannes-brahms\/","og_locale":"pt_BR","og_type":"article","og_title":"Johannes Brahms","og_description":"Johannes Brahms Johannes Brahms naci\u00f3 en Hamburgo el 7 de mayo de 1833, amante del estudio, siempre abierto a todo lo que fuera noble y bello, y que compart\u00eda tanto las penas como las alegr\u00edas de los dem\u00e1s. La caracter\u00edstica fundamental de su m\u00fasica es la resignaci\u00f3n eleg\u00edaca. Hay que subrayar que Brahms entend\u00eda que [&hellip;]","og_url":"https:\/\/nuevo-renacer.com\/pt\/johannes-brahms\/","og_site_name":"Uni\u00f3n Esp\u00edrita","article_publisher":"https:\/\/www.facebook.com\/groups\/3431398063740829","article_modified_time":"2025-05-13T13:11:58+00:00","og_image":[{"width":371,"height":480,"url":"https:\/\/nuevo-renacer.com\/wp-content\/uploads\/2025\/05\/JohannesBrahms.jpg","type":"image\/jpeg"}],"twitter_card":"summary_large_image","twitter_misc":{"Est. tempo de leitura":"3 minutos"},"schema":{"@context":"https:\/\/schema.org","@graph":[{"@type":"WebPage","@id":"https:\/\/nuevo-renacer.com\/johannes-brahms\/","url":"https:\/\/nuevo-renacer.com\/johannes-brahms\/","name":"Johannes Brahms - Uni\u00f3n Esp\u00edrita","isPartOf":{"@id":"https:\/\/nuevo-renacer.com\/#website"},"primaryImageOfPage":{"@id":"https:\/\/nuevo-renacer.com\/johannes-brahms\/#primaryimage"},"image":{"@id":"https:\/\/nuevo-renacer.com\/johannes-brahms\/#primaryimage"},"thumbnailUrl":"https:\/\/nuevo-renacer.com\/wp-content\/uploads\/2025\/05\/JohannesBrahms.jpg","datePublished":"2025-05-13T13:11:55+00:00","dateModified":"2025-05-13T13:11:58+00:00","breadcrumb":{"@id":"https:\/\/nuevo-renacer.com\/johannes-brahms\/#breadcrumb"},"inLanguage":"pt-BR","potentialAction":[{"@type":"ReadAction","target":["https:\/\/nuevo-renacer.com\/johannes-brahms\/"]}]},{"@type":"ImageObject","inLanguage":"pt-BR","@id":"https:\/\/nuevo-renacer.com\/johannes-brahms\/#primaryimage","url":"https:\/\/nuevo-renacer.com\/wp-content\/uploads\/2025\/05\/JohannesBrahms.jpg","contentUrl":"https:\/\/nuevo-renacer.com\/wp-content\/uploads\/2025\/05\/JohannesBrahms.jpg"},{"@type":"BreadcrumbList","@id":"https:\/\/nuevo-renacer.com\/johannes-brahms\/#breadcrumb","itemListElement":[{"@type":"ListItem","position":1,"name":"Startseite","item":"https:\/\/nuevo-renacer.com\/"},{"@type":"ListItem","position":2,"name":"Johannes Brahms"}]},{"@type":"WebSite","@id":"https:\/\/nuevo-renacer.com\/#website","url":"https:\/\/nuevo-renacer.com\/","name":"Uni\u00f3n Esp\u00edrita","description":"Nuevo Renacer","publisher":{"@id":"https:\/\/nuevo-renacer.com\/#organization"},"potentialAction":[{"@type":"SearchAction","target":{"@type":"EntryPoint","urlTemplate":"https:\/\/nuevo-renacer.com\/?s={search_term_string}"},"query-input":{"@type":"PropertyValueSpecification","valueRequired":true,"valueName":"search_term_string"}}],"inLanguage":"pt-BR"},{"@type":"Organization","@id":"https:\/\/nuevo-renacer.com\/#organization","name":"UFEC","url":"https:\/\/nuevo-renacer.com\/","logo":{"@type":"ImageObject","inLanguage":"pt-BR","@id":"https:\/\/nuevo-renacer.com\/#\/schema\/logo\/image\/","url":"https:\/\/nuevo-renacer.com\/wp-content\/uploads\/2024\/05\/cropped-LOGO-TERMINADO1-3-3.png","contentUrl":"https:\/\/nuevo-renacer.com\/wp-content\/uploads\/2024\/05\/cropped-LOGO-TERMINADO1-3-3.png","width":512,"height":512,"caption":"UFEC"},"image":{"@id":"https:\/\/nuevo-renacer.com\/#\/schema\/logo\/image\/"},"sameAs":["https:\/\/www.facebook.com\/groups\/3431398063740829"]}]}},"uagb_featured_image_src":{"full":false,"thumbnail":false,"medium":false,"medium_large":false,"large":false,"1536x1536":false,"2048x2048":false,"trp-custom-language-flag":false},"uagb_author_info":{"display_name":"adbv0","author_link":"https:\/\/nuevo-renacer.com\/pt\/author\/adbv0\/"},"uagb_comment_info":0,"uagb_excerpt":"Johannes Brahms Johannes Brahms naci\u00f3 en Hamburgo el 7 de mayo de 1833, amante del estudio, siempre abierto a todo lo que fuera noble y bello, y que compart\u00eda tanto las penas como las alegr\u00edas de los dem\u00e1s. La caracter\u00edstica fundamental de su m\u00fasica es la resignaci\u00f3n eleg\u00edaca. Hay que subrayar que Brahms entend\u00eda que&hellip;","jetpack_sharing_enabled":true,"_links":{"self":[{"href":"https:\/\/nuevo-renacer.com\/pt\/wp-json\/wp\/v2\/pages\/8027","targetHints":{"allow":["GET"]}}],"collection":[{"href":"https:\/\/nuevo-renacer.com\/pt\/wp-json\/wp\/v2\/pages"}],"about":[{"href":"https:\/\/nuevo-renacer.com\/pt\/wp-json\/wp\/v2\/types\/page"}],"author":[{"embeddable":true,"href":"https:\/\/nuevo-renacer.com\/pt\/wp-json\/wp\/v2\/users\/1"}],"replies":[{"embeddable":true,"href":"https:\/\/nuevo-renacer.com\/pt\/wp-json\/wp\/v2\/comments?post=8027"}],"version-history":[{"count":1,"href":"https:\/\/nuevo-renacer.com\/pt\/wp-json\/wp\/v2\/pages\/8027\/revisions"}],"predecessor-version":[{"id":8029,"href":"https:\/\/nuevo-renacer.com\/pt\/wp-json\/wp\/v2\/pages\/8027\/revisions\/8029"}],"wp:attachment":[{"href":"https:\/\/nuevo-renacer.com\/pt\/wp-json\/wp\/v2\/media?parent=8027"}],"curies":[{"name":"wp","href":"https:\/\/api.w.org\/{rel}","templated":true}]}}