{"id":7920,"date":"2025-03-25T07:30:20","date_gmt":"2025-03-25T07:30:20","guid":{"rendered":"https:\/\/nuevo-renacer.com\/?page_id=7920"},"modified":"2025-03-25T07:48:17","modified_gmt":"2025-03-25T07:48:17","slug":"el-espiritismo-y-la-necesidad-de-definirlo-claramente","status":"publish","type":"page","link":"https:\/\/nuevo-renacer.com\/pt\/el-espiritismo-y-la-necesidad-de-definirlo-claramente\/","title":{"rendered":"O espiritismo e a necessidade de defini-lo claramente"},"content":{"rendered":"<div class=\"wp-block-uagb-container uagb-block-92c92cc3 alignfull uagb-is-root-container\"><div class=\"uagb-container-inner-blocks-wrap\">\n<p class=\"has-black-color has-text-color has-link-color has-medium-font-size wp-elements-52333e3b012c8a2fb110db23e6b4179e\"><strong>O espiritismo e a necessidade de defini-lo claramente<\/strong><\/p>\n<\/div><\/div>\n\n\n\n<div class=\"wp-block-uagb-container uagb-block-2d097f8f alignfull uagb-is-root-container\"><div class=\"uagb-container-inner-blocks-wrap\">\n<figure class=\"wp-block-image size-large is-resized\"><img fetchpriority=\"high\" decoding=\"async\" width=\"1024\" height=\"614\" src=\"https:\/\/nuevo-renacer.com\/wp-content\/uploads\/2025\/03\/religiao_pixabay-1024x614.jpg\" alt=\"\" class=\"wp-image-7921\" style=\"width:462px;height:auto\" srcset=\"https:\/\/nuevo-renacer.com\/wp-content\/uploads\/2025\/03\/religiao_pixabay-1024x614.jpg 1024w, https:\/\/nuevo-renacer.com\/wp-content\/uploads\/2025\/03\/religiao_pixabay-300x180.jpg 300w, https:\/\/nuevo-renacer.com\/wp-content\/uploads\/2025\/03\/religiao_pixabay-768x461.jpg 768w, https:\/\/nuevo-renacer.com\/wp-content\/uploads\/2025\/03\/religiao_pixabay-18x12.jpg 18w, https:\/\/nuevo-renacer.com\/wp-content\/uploads\/2025\/03\/religiao_pixabay.jpg 1200w\" sizes=\"(max-width: 1024px) 100vw, 1024px\" \/><\/figure>\n<\/div><\/div>\n\n\n\n<div class=\"wp-block-uagb-container uagb-block-e9b56766 alignfull uagb-is-root-container\"><div class=\"uagb-container-inner-blocks-wrap\">\n<p class=\"has-black-color has-text-color has-link-color has-small-font-size wp-elements-4b7b9e33396d5f4e92cd7f53acb9fa35\">Recentemente, ouvi no YouTube as palavras de um homem que disse que era muito dif\u00edcil difundir o espiritismo na Alemanha. A raz\u00e3o para isso, em sua opini\u00e3o, est\u00e1 na hist\u00f3ria da Alemanha, que foi triste e sombria. Esse sofrimento foi causado principalmente pela Igreja (por exemplo, a queima de bruxas). O senhor em quest\u00e3o enfatiza que, embora religi\u00e3o n\u00e3o seja sin\u00f4nimo de igreja, suas a\u00e7\u00f5es tamb\u00e9m lan\u00e7am uma luz negativa sobre o espiritualismo. Segundo ele, se algu\u00e9m abrisse um dicion\u00e1rio e procurasse o termo \u201cespiritismo\u201d, encontraria a defini\u00e7\u00e3o \u201cmagia negra, adora\u00e7\u00e3o de esp\u00edritos, etc.\u201d. Em outras palavras, todas as defini\u00e7\u00f5es com conota\u00e7\u00f5es negativas.<\/p>\n\n\n\n<p class=\"has-black-color has-text-color has-link-color has-small-font-size wp-elements-c0ddd874d8c46a1199c759832b7d33eb\">Portanto, seria importante n\u00e3o focar nos esp\u00edritos, mas nos ensinamentos de Kardec, ao divulgar o Espiritismo na Alemanha. A consequ\u00eancia l\u00f3gica deveria ser, portanto, descartar o termo \u201cespiritismo\u201d e usar a palavra \u201ckardecismo\u201d em seu lugar. Isso significaria uma especifica\u00e7\u00e3o dos ensinamentos de Kardec e serviria ao prop\u00f3sito de dissemina\u00e7\u00e3o. At\u00e9 aqui, tudo bem. As reflex\u00f5es desse senhor podem ser honrosas e, at\u00e9 certo ponto, compreens\u00edveis e corretas, mas s\u00e3o seriamente falhas. \u00c9 verdade que \u00e9 muito dif\u00edcil difundir o espiritualismo na Alemanha. E pode ser que uma das raz\u00f5es para isso esteja na hist\u00f3ria da Alemanha e nas a\u00e7\u00f5es passadas da Igreja. E \u00e9 absolutamente verdade que a imagem do espiritismo no p\u00fablico \u201cn\u00e3o-espiritualista\u201d \u00e9 negativa e manchada de falsas alega\u00e7\u00f5es.<\/p>\n\n\n\n<p class=\"has-black-color has-text-color has-link-color has-small-font-size wp-elements-de92b956758a50aed226db48bcc61fb0\">O espiritismo n\u00e3o tem absolutamente nada a ver com magia negra, nem \u00e9 um culto sombrio com necromancia. E \u00e9 verdade que sempre houve fraudadores que abusaram do Espiritismo para seus pr\u00f3prios fins. Mas n\u00e3o podemos mudar essa imagem p\u00fablica falsa e negativa do Espiritualismo dando-lhe um nome diferente e fazendo afirma\u00e7\u00f5es sem convic\u00e7\u00e3o. E mesmo que isso fosse poss\u00edvel dessa forma, n\u00e3o seria poss\u00edvel no sentido esp\u00edrita e tampouco no sentido de Allan Kardec.<\/p>\n\n\n\n<p class=\"has-black-color has-text-color has-link-color has-small-font-size wp-elements-953b66d587c4f15cb90d6bb4b680c17d\">Deve-se enfatizar que o Espiritismo n\u00e3o \u00e9 o ensino de Allan Kardec, \u00e9 o ensino dos Esp\u00edritos. Esse \u00e9 um fato que n\u00e3o devemos ocultar em hip\u00f3tese alguma. Caso contr\u00e1rio, toda a base do Espiritismo seria falsificada. O Espiritismo nunca deve ser proselitista com base em mentiras. Isso seria uma viola\u00e7\u00e3o flagrante do oitavo mandamento divino: \u201cN\u00e3o dir\u00e1s falso testemunho contra o teu pr\u00f3ximo\u201d. Nenhuma \u00e1rvore saud\u00e1vel pode crescer a partir de ra\u00edzes podres. Allan Kardec n\u00e3o foi o fundador do Espiritismo, mas seu codificador. Essa \u00e9 uma grande diferen\u00e7a. Foram os esp\u00edritos que ditaram a sabedoria do Espiritismo por meio dos m\u00e9diuns. A tarefa dada por Deus a Kardec foi a de coletar esses ditames do mundo espiritual e avali\u00e1-los usando sua mente s\u00f3bria, clara e l\u00f3gica, e depois condens\u00e1-los em uma filosofia homog\u00eanea. N\u00e3o poderia haver pessoa melhor para essa tarefa.<\/p>\n\n\n\n<p class=\"has-black-color has-text-color has-link-color has-small-font-size wp-elements-7bacaf4a1a5ceb1387dbbe48928af1f4\">Allan Kardec n\u00e3o era um sonhador tonto que poderia facilmente ter sido v\u00edtima de esp\u00edritos de mentira e engano. Ele era um educador, um cientista que s\u00f3 podia ser convencido por provas racionais. Portanto, ele n\u00e3o via o espiritismo como uma religi\u00e3o, mas como filosofia e ci\u00eancia. Kardec n\u00e3o pressupunha uma f\u00e9 cega, mas pedia \u00e0s pessoas que se deixassem convencer. Ele mesmo nunca teria pensado em distorcer e diluir os ensinamentos dos esp\u00edritos apenas para convencer as pessoas de sua verdade. Devemos seguir o exemplo desse grande homem e permanecer firmes em nossa cren\u00e7a nas revela\u00e7\u00f5es dos esp\u00edritos.<\/p>\n\n\n\n<p class=\"has-black-color has-text-color has-link-color has-small-font-size wp-elements-31d5e98fcbbba8047ea4a1cec69fa75c\">Devemos permanecer aut\u00eanticos em todas as circunst\u00e2ncias e n\u00e3o devemos distorcer ou deturpar os ensinamentos revelados pela gra\u00e7a de Deus e pelos bons esp\u00edritos para atender aos gostos dos homens. O espiritismo n\u00e3o \u00e9 apenas uma cren\u00e7a ou uma atra\u00e7\u00e3o sobrenatural para contempor\u00e2neos curiosos que acabam ridicularizando tudo. O Espiritismo \u00e9 uma ci\u00eancia que deve ser levada a s\u00e9rio, como enfatizou Kardec. E esse \u00e9 justamente o seu ponto forte. A doutrina esp\u00edrita (ao contr\u00e1rio das religi\u00f5es etc.) rejeita a f\u00e9 simples e cega; em vez disso, ela desafia as pessoas a experimentarem a verdade por si mesmas e a examin\u00e1-la logicamente. Portanto, n\u00f3s, esp\u00edritas, n\u00e3o precisamos temer a opini\u00e3o de pessoas de fora. O triunfo do espiritismo est\u00e1 garantido diante de Deus. Permane\u00e7a firme. \u00c9 apenas uma quest\u00e3o de tempo at\u00e9 que o espiritismo se espalhe por todo o mundo, inclusive na Alemanha.<\/p>\n<\/div><\/div>\n\n\n\n<div class=\"wp-block-uagb-container uagb-block-a0cdd2e0 alignfull uagb-is-root-container\"><div class=\"uagb-container-inner-blocks-wrap\"><\/div><\/div>\n\n\n\n<div class=\"wp-block-uagb-container uagb-block-95655d83 alignfull uagb-is-root-container\"><div class=\"uagb-container-inner-blocks-wrap\">\n<p class=\"has-black-color has-text-color has-link-color wp-elements-237fadb226495e3fa40d83d8056c72a8\"><em>Artigo escrito pela m\u00e9dium e esp\u00edrita Daniela M.<\/em><\/p>\n\n\n\n<p><em>24.03.2025 Berlim\/Alemanha<\/em><\/p>\n<\/div><\/div>\n\n\n\n<div class=\"wp-block-uagb-container uagb-block-7410f6e5 alignfull uagb-is-root-container\"><div class=\"uagb-container-inner-blocks-wrap\"><\/div><\/div>\n\n\n\n<div class=\"wp-block-uagb-container uagb-block-bd92fc24 alignfull uagb-is-root-container\"><div class=\"uagb-container-inner-blocks-wrap\"><\/div><\/div>","protected":false},"excerpt":{"rendered":"<p>El espiritismo y la necesidad de definirlo claramente Hace poco escuch\u00e9 en YouTube las palabras de un se\u00f1or que afirmaba que era muy dif\u00edcil difundir el espiritismo en Alemania. La raz\u00f3n de ello, en su opini\u00f3n, radica en la historia de Alemania, que ha sido triste y sombr\u00eda. Este sufrimiento fue causado principalmente por la [&hellip;]<\/p>","protected":false},"author":1,"featured_media":0,"parent":0,"menu_order":0,"comment_status":"closed","ping_status":"closed","template":"","meta":{"_uag_custom_page_level_css":"","site-sidebar-layout":"default","site-content-layout":"","ast-site-content-layout":"default","site-content-style":"default","site-sidebar-style":"default","ast-global-header-display":"","ast-banner-title-visibility":"","ast-main-header-display":"","ast-hfb-above-header-display":"","ast-hfb-below-header-display":"","ast-hfb-mobile-header-display":"","site-post-title":"disabled","ast-breadcrumbs-content":"","ast-featured-img":"","footer-sml-layout":"","theme-transparent-header-meta":"","adv-header-id-meta":"","stick-header-meta":"","header-above-stick-meta":"","header-main-stick-meta":"","header-below-stick-meta":"","astra-migrate-meta-layouts":"set","ast-page-background-enabled":"default","ast-page-background-meta":{"desktop":{"background-color":"var(--ast-global-color-4)","background-image":"","background-repeat":"repeat","background-position":"center center","background-size":"auto","background-attachment":"scroll","background-type":"","background-media":"","overlay-type":"","overlay-color":"","overlay-opacity":"","overlay-gradient":""},"tablet":{"background-color":"","background-image":"","background-repeat":"repeat","background-position":"center center","background-size":"auto","background-attachment":"scroll","background-type":"","background-media":"","overlay-type":"","overlay-color":"","overlay-opacity":"","overlay-gradient":""},"mobile":{"background-color":"","background-image":"","background-repeat":"repeat","background-position":"center center","background-size":"auto","background-attachment":"scroll","background-type":"","background-media":"","overlay-type":"","overlay-color":"","overlay-opacity":"","overlay-gradient":""}},"ast-content-background-meta":{"desktop":{"background-color":"var(--ast-global-color-5)","background-image":"","background-repeat":"repeat","background-position":"center center","background-size":"auto","background-attachment":"scroll","background-type":"","background-media":"","overlay-type":"","overlay-color":"","overlay-opacity":"","overlay-gradient":""},"tablet":{"background-color":"var(--ast-global-color-5)","background-image":"","background-repeat":"repeat","background-position":"center center","background-size":"auto","background-attachment":"scroll","background-type":"","background-media":"","overlay-type":"","overlay-color":"","overlay-opacity":"","overlay-gradient":""},"mobile":{"background-color":"var(--ast-global-color-5)","background-image":"","background-repeat":"repeat","background-position":"center center","background-size":"auto","background-attachment":"scroll","background-type":"","background-media":"","overlay-type":"","overlay-color":"","overlay-opacity":"","overlay-gradient":""}},"footnotes":""},"class_list":["post-7920","page","type-page","status-publish","hentry"],"yoast_head":"<!-- This site is optimized with the Yoast SEO Premium plugin v24.2 (Yoast SEO v24.6) - https:\/\/yoast.com\/wordpress\/plugins\/seo\/ -->\n<title>El espiritismo y la necesidad de definirlo claramente - Uni\u00f3n Esp\u00edrita<\/title>\n<meta name=\"robots\" content=\"index, follow, max-snippet:-1, max-image-preview:large, max-video-preview:-1\" \/>\n<link rel=\"canonical\" href=\"https:\/\/nuevo-renacer.com\/pt\/el-espiritismo-y-la-necesidad-de-definirlo-claramente\/\" \/>\n<meta property=\"og:locale\" content=\"pt_BR\" \/>\n<meta property=\"og:type\" content=\"article\" \/>\n<meta property=\"og:title\" content=\"El espiritismo y la necesidad de definirlo claramente\" \/>\n<meta property=\"og:description\" content=\"El espiritismo y la necesidad de definirlo claramente Hace poco escuch\u00e9 en YouTube las palabras de un se\u00f1or que afirmaba que era muy dif\u00edcil difundir el espiritismo en Alemania. La raz\u00f3n de ello, en su opini\u00f3n, radica en la historia de Alemania, que ha sido triste y sombr\u00eda. Este sufrimiento fue causado principalmente por la [&hellip;]\" \/>\n<meta property=\"og:url\" content=\"https:\/\/nuevo-renacer.com\/pt\/el-espiritismo-y-la-necesidad-de-definirlo-claramente\/\" \/>\n<meta property=\"og:site_name\" content=\"Uni\u00f3n Esp\u00edrita\" \/>\n<meta property=\"article:publisher\" content=\"https:\/\/www.facebook.com\/groups\/3431398063740829\" \/>\n<meta property=\"article:modified_time\" content=\"2025-03-25T07:48:17+00:00\" \/>\n<meta property=\"og:image\" content=\"https:\/\/nuevo-renacer.com\/wp-content\/uploads\/2025\/03\/religiao_pixabay.jpg\" \/>\n\t<meta property=\"og:image:width\" content=\"1200\" \/>\n\t<meta property=\"og:image:height\" content=\"720\" \/>\n\t<meta property=\"og:image:type\" content=\"image\/jpeg\" \/>\n<meta name=\"twitter:card\" content=\"summary_large_image\" \/>\n<meta name=\"twitter:label1\" content=\"Est. tempo de leitura\" \/>\n\t<meta name=\"twitter:data1\" content=\"5 minutos\" \/>\n<script type=\"application\/ld+json\" class=\"yoast-schema-graph\">{\"@context\":\"https:\/\/schema.org\",\"@graph\":[{\"@type\":\"WebPage\",\"@id\":\"https:\/\/nuevo-renacer.com\/el-espiritismo-y-la-necesidad-de-definirlo-claramente\/\",\"url\":\"https:\/\/nuevo-renacer.com\/el-espiritismo-y-la-necesidad-de-definirlo-claramente\/\",\"name\":\"El espiritismo y la necesidad de definirlo claramente - Uni\u00f3n Esp\u00edrita\",\"isPartOf\":{\"@id\":\"https:\/\/nuevo-renacer.com\/#website\"},\"primaryImageOfPage\":{\"@id\":\"https:\/\/nuevo-renacer.com\/el-espiritismo-y-la-necesidad-de-definirlo-claramente\/#primaryimage\"},\"image\":{\"@id\":\"https:\/\/nuevo-renacer.com\/el-espiritismo-y-la-necesidad-de-definirlo-claramente\/#primaryimage\"},\"thumbnailUrl\":\"https:\/\/nuevo-renacer.com\/wp-content\/uploads\/2025\/03\/religiao_pixabay-1024x614.jpg\",\"datePublished\":\"2025-03-25T07:30:20+00:00\",\"dateModified\":\"2025-03-25T07:48:17+00:00\",\"breadcrumb\":{\"@id\":\"https:\/\/nuevo-renacer.com\/el-espiritismo-y-la-necesidad-de-definirlo-claramente\/#breadcrumb\"},\"inLanguage\":\"pt-BR\",\"potentialAction\":[{\"@type\":\"ReadAction\",\"target\":[\"https:\/\/nuevo-renacer.com\/el-espiritismo-y-la-necesidad-de-definirlo-claramente\/\"]}]},{\"@type\":\"ImageObject\",\"inLanguage\":\"pt-BR\",\"@id\":\"https:\/\/nuevo-renacer.com\/el-espiritismo-y-la-necesidad-de-definirlo-claramente\/#primaryimage\",\"url\":\"https:\/\/nuevo-renacer.com\/wp-content\/uploads\/2025\/03\/religiao_pixabay-1024x614.jpg\",\"contentUrl\":\"https:\/\/nuevo-renacer.com\/wp-content\/uploads\/2025\/03\/religiao_pixabay-1024x614.jpg\"},{\"@type\":\"BreadcrumbList\",\"@id\":\"https:\/\/nuevo-renacer.com\/el-espiritismo-y-la-necesidad-de-definirlo-claramente\/#breadcrumb\",\"itemListElement\":[{\"@type\":\"ListItem\",\"position\":1,\"name\":\"Startseite\",\"item\":\"https:\/\/nuevo-renacer.com\/\"},{\"@type\":\"ListItem\",\"position\":2,\"name\":\"El espiritismo y la necesidad de definirlo claramente\"}]},{\"@type\":\"WebSite\",\"@id\":\"https:\/\/nuevo-renacer.com\/#website\",\"url\":\"https:\/\/nuevo-renacer.com\/\",\"name\":\"Uni\u00f3n Esp\u00edrita\",\"description\":\"Nuevo Renacer\",\"publisher\":{\"@id\":\"https:\/\/nuevo-renacer.com\/#organization\"},\"potentialAction\":[{\"@type\":\"SearchAction\",\"target\":{\"@type\":\"EntryPoint\",\"urlTemplate\":\"https:\/\/nuevo-renacer.com\/?s={search_term_string}\"},\"query-input\":{\"@type\":\"PropertyValueSpecification\",\"valueRequired\":true,\"valueName\":\"search_term_string\"}}],\"inLanguage\":\"pt-BR\"},{\"@type\":\"Organization\",\"@id\":\"https:\/\/nuevo-renacer.com\/#organization\",\"name\":\"UFEC\",\"url\":\"https:\/\/nuevo-renacer.com\/\",\"logo\":{\"@type\":\"ImageObject\",\"inLanguage\":\"pt-BR\",\"@id\":\"https:\/\/nuevo-renacer.com\/#\/schema\/logo\/image\/\",\"url\":\"https:\/\/nuevo-renacer.com\/wp-content\/uploads\/2024\/05\/cropped-LOGO-TERMINADO1-3-3.png\",\"contentUrl\":\"https:\/\/nuevo-renacer.com\/wp-content\/uploads\/2024\/05\/cropped-LOGO-TERMINADO1-3-3.png\",\"width\":512,\"height\":512,\"caption\":\"UFEC\"},\"image\":{\"@id\":\"https:\/\/nuevo-renacer.com\/#\/schema\/logo\/image\/\"},\"sameAs\":[\"https:\/\/www.facebook.com\/groups\/3431398063740829\"]}]}<\/script>\n<!-- \/ Yoast SEO Premium plugin. -->","yoast_head_json":{"title":"El espiritismo y la necesidad de definirlo claramente - Uni\u00f3n Esp\u00edrita","robots":{"index":"index","follow":"follow","max-snippet":"max-snippet:-1","max-image-preview":"max-image-preview:large","max-video-preview":"max-video-preview:-1"},"canonical":"https:\/\/nuevo-renacer.com\/pt\/el-espiritismo-y-la-necesidad-de-definirlo-claramente\/","og_locale":"pt_BR","og_type":"article","og_title":"El espiritismo y la necesidad de definirlo claramente","og_description":"El espiritismo y la necesidad de definirlo claramente Hace poco escuch\u00e9 en YouTube las palabras de un se\u00f1or que afirmaba que era muy dif\u00edcil difundir el espiritismo en Alemania. La raz\u00f3n de ello, en su opini\u00f3n, radica en la historia de Alemania, que ha sido triste y sombr\u00eda. Este sufrimiento fue causado principalmente por la [&hellip;]","og_url":"https:\/\/nuevo-renacer.com\/pt\/el-espiritismo-y-la-necesidad-de-definirlo-claramente\/","og_site_name":"Uni\u00f3n Esp\u00edrita","article_publisher":"https:\/\/www.facebook.com\/groups\/3431398063740829","article_modified_time":"2025-03-25T07:48:17+00:00","og_image":[{"width":1200,"height":720,"url":"https:\/\/nuevo-renacer.com\/wp-content\/uploads\/2025\/03\/religiao_pixabay.jpg","type":"image\/jpeg"}],"twitter_card":"summary_large_image","twitter_misc":{"Est. tempo de leitura":"5 minutos"},"schema":{"@context":"https:\/\/schema.org","@graph":[{"@type":"WebPage","@id":"https:\/\/nuevo-renacer.com\/el-espiritismo-y-la-necesidad-de-definirlo-claramente\/","url":"https:\/\/nuevo-renacer.com\/el-espiritismo-y-la-necesidad-de-definirlo-claramente\/","name":"El espiritismo y la necesidad de definirlo claramente - Uni\u00f3n Esp\u00edrita","isPartOf":{"@id":"https:\/\/nuevo-renacer.com\/#website"},"primaryImageOfPage":{"@id":"https:\/\/nuevo-renacer.com\/el-espiritismo-y-la-necesidad-de-definirlo-claramente\/#primaryimage"},"image":{"@id":"https:\/\/nuevo-renacer.com\/el-espiritismo-y-la-necesidad-de-definirlo-claramente\/#primaryimage"},"thumbnailUrl":"https:\/\/nuevo-renacer.com\/wp-content\/uploads\/2025\/03\/religiao_pixabay-1024x614.jpg","datePublished":"2025-03-25T07:30:20+00:00","dateModified":"2025-03-25T07:48:17+00:00","breadcrumb":{"@id":"https:\/\/nuevo-renacer.com\/el-espiritismo-y-la-necesidad-de-definirlo-claramente\/#breadcrumb"},"inLanguage":"pt-BR","potentialAction":[{"@type":"ReadAction","target":["https:\/\/nuevo-renacer.com\/el-espiritismo-y-la-necesidad-de-definirlo-claramente\/"]}]},{"@type":"ImageObject","inLanguage":"pt-BR","@id":"https:\/\/nuevo-renacer.com\/el-espiritismo-y-la-necesidad-de-definirlo-claramente\/#primaryimage","url":"https:\/\/nuevo-renacer.com\/wp-content\/uploads\/2025\/03\/religiao_pixabay-1024x614.jpg","contentUrl":"https:\/\/nuevo-renacer.com\/wp-content\/uploads\/2025\/03\/religiao_pixabay-1024x614.jpg"},{"@type":"BreadcrumbList","@id":"https:\/\/nuevo-renacer.com\/el-espiritismo-y-la-necesidad-de-definirlo-claramente\/#breadcrumb","itemListElement":[{"@type":"ListItem","position":1,"name":"Startseite","item":"https:\/\/nuevo-renacer.com\/"},{"@type":"ListItem","position":2,"name":"El espiritismo y la necesidad de definirlo claramente"}]},{"@type":"WebSite","@id":"https:\/\/nuevo-renacer.com\/#website","url":"https:\/\/nuevo-renacer.com\/","name":"Uni\u00f3n Esp\u00edrita","description":"Nuevo Renacer","publisher":{"@id":"https:\/\/nuevo-renacer.com\/#organization"},"potentialAction":[{"@type":"SearchAction","target":{"@type":"EntryPoint","urlTemplate":"https:\/\/nuevo-renacer.com\/?s={search_term_string}"},"query-input":{"@type":"PropertyValueSpecification","valueRequired":true,"valueName":"search_term_string"}}],"inLanguage":"pt-BR"},{"@type":"Organization","@id":"https:\/\/nuevo-renacer.com\/#organization","name":"UFEC","url":"https:\/\/nuevo-renacer.com\/","logo":{"@type":"ImageObject","inLanguage":"pt-BR","@id":"https:\/\/nuevo-renacer.com\/#\/schema\/logo\/image\/","url":"https:\/\/nuevo-renacer.com\/wp-content\/uploads\/2024\/05\/cropped-LOGO-TERMINADO1-3-3.png","contentUrl":"https:\/\/nuevo-renacer.com\/wp-content\/uploads\/2024\/05\/cropped-LOGO-TERMINADO1-3-3.png","width":512,"height":512,"caption":"UFEC"},"image":{"@id":"https:\/\/nuevo-renacer.com\/#\/schema\/logo\/image\/"},"sameAs":["https:\/\/www.facebook.com\/groups\/3431398063740829"]}]}},"uagb_featured_image_src":{"full":false,"thumbnail":false,"medium":false,"medium_large":false,"large":false,"1536x1536":false,"2048x2048":false,"trp-custom-language-flag":false},"uagb_author_info":{"display_name":"adbv0","author_link":"https:\/\/nuevo-renacer.com\/pt\/author\/adbv0\/"},"uagb_comment_info":0,"uagb_excerpt":"El espiritismo y la necesidad de definirlo claramente Hace poco escuch\u00e9 en YouTube las palabras de un se\u00f1or que afirmaba que era muy dif\u00edcil difundir el espiritismo en Alemania. La raz\u00f3n de ello, en su opini\u00f3n, radica en la historia de Alemania, que ha sido triste y sombr\u00eda. Este sufrimiento fue causado principalmente por la&hellip;","jetpack_sharing_enabled":true,"_links":{"self":[{"href":"https:\/\/nuevo-renacer.com\/pt\/wp-json\/wp\/v2\/pages\/7920","targetHints":{"allow":["GET"]}}],"collection":[{"href":"https:\/\/nuevo-renacer.com\/pt\/wp-json\/wp\/v2\/pages"}],"about":[{"href":"https:\/\/nuevo-renacer.com\/pt\/wp-json\/wp\/v2\/types\/page"}],"author":[{"embeddable":true,"href":"https:\/\/nuevo-renacer.com\/pt\/wp-json\/wp\/v2\/users\/1"}],"replies":[{"embeddable":true,"href":"https:\/\/nuevo-renacer.com\/pt\/wp-json\/wp\/v2\/comments?post=7920"}],"version-history":[{"count":3,"href":"https:\/\/nuevo-renacer.com\/pt\/wp-json\/wp\/v2\/pages\/7920\/revisions"}],"predecessor-version":[{"id":7925,"href":"https:\/\/nuevo-renacer.com\/pt\/wp-json\/wp\/v2\/pages\/7920\/revisions\/7925"}],"wp:attachment":[{"href":"https:\/\/nuevo-renacer.com\/pt\/wp-json\/wp\/v2\/media?parent=7920"}],"curies":[{"name":"wp","href":"https:\/\/api.w.org\/{rel}","templated":true}]}}