{"id":6952,"date":"2025-02-05T07:56:27","date_gmt":"2025-02-05T07:56:27","guid":{"rendered":"https:\/\/nuevo-renacer.com\/?page_id=6952"},"modified":"2025-02-05T08:39:20","modified_gmt":"2025-02-05T08:39:20","slug":"zilda-gama","status":"publish","type":"page","link":"https:\/\/nuevo-renacer.com\/pt\/zilda-gama\/","title":{"rendered":"Zilda Gama"},"content":{"rendered":"<div class=\"wp-block-uagb-container uagb-block-f78d3579 alignfull uagb-is-root-container\"><div class=\"uagb-container-inner-blocks-wrap\">\n<p class=\"has-black-color has-text-color has-link-color has-medium-font-size wp-elements-0ffb67fe2a700e6618f533157cf29faf\"><strong>Zilda Gama<\/strong><\/p>\n<\/div><\/div>\n\n\n\n<div class=\"wp-block-uagb-container uagb-block-e00aceda alignfull uagb-is-root-container\"><div class=\"uagb-container-inner-blocks-wrap\">\n<figure class=\"wp-block-image size-full is-resized\"><img decoding=\"async\" width=\"190\" height=\"240\" src=\"https:\/\/nuevo-renacer.com\/wp-content\/uploads\/2025\/02\/unnamed-1.jpg\" alt=\"\" class=\"wp-image-6957\" style=\"width:219px;height:auto\" srcset=\"https:\/\/nuevo-renacer.com\/wp-content\/uploads\/2025\/02\/unnamed-1.jpg 190w, https:\/\/nuevo-renacer.com\/wp-content\/uploads\/2025\/02\/unnamed-1-10x12.jpg 10w\" sizes=\"(max-width: 190px) 100vw, 190px\" \/><\/figure>\n<\/div><\/div>\n\n\n\n<div class=\"wp-block-uagb-container uagb-block-96591849 alignfull uagb-is-root-container\"><div class=\"uagb-container-inner-blocks-wrap\">\n<p class=\"has-black-color has-text-color has-link-color has-small-font-size wp-elements-ef1e5e1bb9e607b3e8115e9028af6dde\">Zilda Gama foi uma das mais celebradas m\u00e9diuns do Brasil. Nasceu em 11 de mar\u00e7o de 1878, em Tr\u00eas Ilhas, Munic\u00edpio de Juiz de Fora - MG, e desencarnou em 10 de janeiro de 1969, no Rio de Janeiro.<\/p>\n\n\n\n<p class=\"has-black-color has-text-color has-link-color has-small-font-size wp-elements-19950b444045a7d2b2a058811d7f860b\">Zilda Gama viveu quase 91 anos, tornando-se paradigma para todos os que encaram a mediunidade como sacerd\u00f3cio l\u00eddimo e aut\u00eantico.<\/p>\n\n\n\n<p class=\"has-black-color has-text-color has-link-color has-small-font-size wp-elements-07028f06b128169aa52137ee0234db69\">Incontestavelmente, os grandes medianeiros que t\u00eam servido de ponte entre os mundos material e espiritual, no trabalho merit\u00f3rio de descortinar novos horizontes para a conturbada humanidade terrena, foram mission\u00e1rios, podendo-se mesmo afian\u00e7ar que na constela\u00e7\u00e3o dos m\u00e9diuns que brilharam na Terra, prodigalizando aos homens novos conhecimentos e preparando o terreno para a implanta\u00e7\u00e3o da verdade, Zilda Gama brilhou de modo fulgurante, cabendo-lhe uma posi\u00e7\u00e3o das mais proeminentes.<\/p>\n\n\n\n<p class=\"has-black-color has-text-color has-link-color has-small-font-size wp-elements-7b18050ac92f68c0fde57f805a273aa5\">Ainda jovem, com apenas 24 anos, ficou \u00f3rf\u00e3 dos pais, tendo que assumir a dire\u00e7\u00e3o da casa, cuidando de cinco irm\u00e3os menores e posteriormente de outros cinco sobrinhos \u00f3rf\u00e3os.<\/p>\n\n\n\n<p class=\"has-black-color has-text-color has-link-color has-small-font-size wp-elements-f2fdf02cdabc2d307760e3150b35a226\">Foi professora e diretora de escola, sendo agraciada em concursos promovidos pela Secretaria de Educa\u00e7\u00e3o de Minas Gerais.<\/p>\n\n\n\n<p class=\"has-black-color has-text-color has-link-color has-small-font-size wp-elements-68e28da88007ffe3b1eb77c6c73541cf\">Em 1931, quando no Brasil houve intenso movimento em prol dos direitos femininos, Zilda Gama foi autora da tese sobre o voto feminino, no Congresso. Essa tese foi aprovada oficialmente.<\/p>\n\n\n\n<p class=\"has-black-color has-text-color has-link-color has-small-font-size wp-elements-da0e7ea932b783c2049bc3591a0112dd\">Escreveu contos e poesias para v\u00e1rios jornais, destacando-se o \"Jornal do Brasil\", a \"Gazeta de Not\u00edcias\" e a \"Revista da Semana\", todos da antiga capital federal.<\/p>\n\n\n\n<p class=\"has-black-color has-text-color has-link-color has-small-font-size wp-elements-13314deb9b6c837f9d71d5c73637626e\">Ainda jovem, Zilda Gama come\u00e7ou a perceber a presen\u00e7a dos Esp\u00edritos. Recebeu mediunicamente mensagens de seu pai e de sua irm\u00e3, j\u00e1 desencarnados, que a aconselhavam e a consolavam nos momentos de prova\u00e7\u00f5es dif\u00edceis pelos quais estava passando.<\/p>\n\n\n\n<p class=\"has-black-color has-text-color has-link-color has-small-font-size wp-elements-8782cdb5dbb5c35819140b93bb70b734\">Em 1912 recebeu interessante mensagem assinada por Allan Kardec. Ap\u00f3s essa manifesta\u00e7\u00e3o, o Codificador propiciou-lhe outros ensinamentos, os quais foram impressos no livro \"Di\u00e1rio dos Invis\u00edveis\", publicado em 1929.<\/p>\n\n\n\n<p class=\"has-black-color has-text-color has-link-color has-small-font-size wp-elements-0633250c5fb8ce2f5457cf69a284972e\">Em 1916 os Benfeitores informaram-lhe que passaria a psicografar uma novela, fato que a deixou bastante perplexa. O Esp\u00edrito Victor Hugo passou, ent\u00e3o a escrever por seu interm\u00e9dio. Dentro de pouco tempo, a primeira obra \"Na Sombra e na Luz\" estava completa. Posteriormente, sob a tutela do mesmo Esp\u00edrito, vieram os livros \"Do Calv\u00e1rio ao Infinito\", \"Reden\u00e7\u00e3o\", \"Dor Suprema\" e \"Almas Crucificadas\", todas publicadas pela FEB.<\/p>\n\n\n\n<p class=\"has-black-color has-text-color has-link-color has-small-font-size wp-elements-e21e2b3a51602150d132a95805fafbf4\">Os livros medi\u00fanicos de Zilda Gama fizeram \u00e9poca na literatura esp\u00edrita, al\u00e9m de terem o m\u00e9rito de suavizar muitas dores e estancar muitas l\u00e1grimas. Foi a pioneira, no Brasil, a receber t\u00e3o vasta literatura do mundo espiritual.<\/p>\n\n\n\n<p class=\"has-black-color has-text-color has-link-color has-small-font-size wp-elements-630e97f7ee9e8cea94a5f36a67606117\">Outras publica\u00e7\u00f5es foram produzidas pela sua mediunidade: \"Solar de Apolo\", \"Na Seara Bendita\", \"Na Cruzada do Mestre\" e \"Elegias Douradas\".<\/p>\n\n\n\n<p class=\"has-black-color has-text-color has-link-color has-small-font-size wp-elements-815e62b2423e036bb72fcca59db63880\">Didata por excel\u00eancia, organizou os seguintes livros: \"O Livro das Crian\u00e7as\", \"Os Garotinhos\", \"O Manual das Professoras\" e \"O Pensamento\".<\/p>\n\n\n\n<p class=\"has-black-color has-text-color has-link-color has-small-font-size wp-elements-dba22bc6a80dbf453cbfa7cb250a4f9b\">N\u00e3o obstante as grandes lutas morais que teve que sustentar, Zilda Gama se constituiu na orientadora de muitas criaturas.<\/p>\n\n\n\n<p class=\"has-black-color has-text-color has-link-color has-small-font-size wp-elements-82de81dc79d85bb07691b7acda8f3ff6\">Em 1959, ap\u00f3s sofrer derrame cerebral, viveu numa cadeira de rodas, assistida pelo sobrinho M\u00e1rio \u00c2ngelo de Pinho, que lhe fazia companhia.<\/p>\n\n\n\n<p class=\"has-black-color has-text-color has-link-color has-small-font-size wp-elements-d4dc46708c91ee557c44f8868922e361\">Zilda Gama, alma de escol, dedicou toda sua longa exist\u00eancia ao prop\u00f3sito de difundir no Brasil a Consoladora Doutrina dos Esp\u00edritos.<\/p>\n<\/div><\/div>\n\n\n\n<div class=\"wp-block-uagb-container uagb-block-d8fd917e alignfull uagb-is-root-container\"><div class=\"uagb-container-inner-blocks-wrap\"><\/div><\/div>\n\n\n\n<div class=\"wp-block-uagb-container uagb-block-46c86253 alignfull uagb-is-root-container\"><div class=\"uagb-container-inner-blocks-wrap\"><\/div><\/div>","protected":false},"excerpt":{"rendered":"<p>Zilda Gama Zilda Gama fue una de las m\u00e9diums m\u00e1s c\u00e9lebres de Brasil. Naci\u00f3 el 11 de marzo de 1878, en Tr\u00eas Ilhas, Juiz de Fora y muri\u00f3 el 10 de enero de 1969, en R\u00edo de Janeiro. Zilda Gama vivi\u00f3 casi 91 a\u00f1os, convirti\u00e9ndose en paradigma para todos aquellos que ven en la mediumnidad [&hellip;]<\/p>","protected":false},"author":1,"featured_media":0,"parent":0,"menu_order":0,"comment_status":"closed","ping_status":"closed","template":"","meta":{"_uag_custom_page_level_css":"","site-sidebar-layout":"default","site-content-layout":"","ast-site-content-layout":"default","site-content-style":"default","site-sidebar-style":"default","ast-global-header-display":"","ast-banner-title-visibility":"","ast-main-header-display":"","ast-hfb-above-header-display":"","ast-hfb-below-header-display":"","ast-hfb-mobile-header-display":"","site-post-title":"disabled","ast-breadcrumbs-content":"","ast-featured-img":"","footer-sml-layout":"","theme-transparent-header-meta":"","adv-header-id-meta":"","stick-header-meta":"","header-above-stick-meta":"","header-main-stick-meta":"","header-below-stick-meta":"","astra-migrate-meta-layouts":"set","ast-page-background-enabled":"default","ast-page-background-meta":{"desktop":{"background-color":"var(--ast-global-color-4)","background-image":"","background-repeat":"repeat","background-position":"center center","background-size":"auto","background-attachment":"scroll","background-type":"","background-media":"","overlay-type":"","overlay-color":"","overlay-opacity":"","overlay-gradient":""},"tablet":{"background-color":"","background-image":"","background-repeat":"repeat","background-position":"center center","background-size":"auto","background-attachment":"scroll","background-type":"","background-media":"","overlay-type":"","overlay-color":"","overlay-opacity":"","overlay-gradient":""},"mobile":{"background-color":"","background-image":"","background-repeat":"repeat","background-position":"center center","background-size":"auto","background-attachment":"scroll","background-type":"","background-media":"","overlay-type":"","overlay-color":"","overlay-opacity":"","overlay-gradient":""}},"ast-content-background-meta":{"desktop":{"background-color":"var(--ast-global-color-5)","background-image":"","background-repeat":"repeat","background-position":"center center","background-size":"auto","background-attachment":"scroll","background-type":"","background-media":"","overlay-type":"","overlay-color":"","overlay-opacity":"","overlay-gradient":""},"tablet":{"background-color":"var(--ast-global-color-5)","background-image":"","background-repeat":"repeat","background-position":"center center","background-size":"auto","background-attachment":"scroll","background-type":"","background-media":"","overlay-type":"","overlay-color":"","overlay-opacity":"","overlay-gradient":""},"mobile":{"background-color":"var(--ast-global-color-5)","background-image":"","background-repeat":"repeat","background-position":"center center","background-size":"auto","background-attachment":"scroll","background-type":"","background-media":"","overlay-type":"","overlay-color":"","overlay-opacity":"","overlay-gradient":""}},"footnotes":""},"class_list":["post-6952","page","type-page","status-publish","hentry"],"yoast_head":"<!-- This site is optimized with the Yoast SEO Premium plugin v24.2 (Yoast SEO v24.6) - https:\/\/yoast.com\/wordpress\/plugins\/seo\/ -->\n<title>Zilda Gama - Uni\u00f3n Esp\u00edrita<\/title>\n<meta name=\"robots\" content=\"index, follow, max-snippet:-1, max-image-preview:large, max-video-preview:-1\" \/>\n<link rel=\"canonical\" href=\"https:\/\/nuevo-renacer.com\/pt\/zilda-gama\/\" \/>\n<meta property=\"og:locale\" content=\"pt_BR\" \/>\n<meta property=\"og:type\" content=\"article\" \/>\n<meta property=\"og:title\" content=\"Zilda Gama\" \/>\n<meta property=\"og:description\" content=\"Zilda Gama Zilda Gama fue una de las m\u00e9diums m\u00e1s c\u00e9lebres de Brasil. Naci\u00f3 el 11 de marzo de 1878, en Tr\u00eas Ilhas, Juiz de Fora y muri\u00f3 el 10 de enero de 1969, en R\u00edo de Janeiro. Zilda Gama vivi\u00f3 casi 91 a\u00f1os, convirti\u00e9ndose en paradigma para todos aquellos que ven en la mediumnidad [&hellip;]\" \/>\n<meta property=\"og:url\" content=\"https:\/\/nuevo-renacer.com\/pt\/zilda-gama\/\" \/>\n<meta property=\"og:site_name\" content=\"Uni\u00f3n Esp\u00edrita\" \/>\n<meta property=\"article:publisher\" content=\"https:\/\/www.facebook.com\/groups\/3431398063740829\" \/>\n<meta property=\"article:modified_time\" content=\"2025-02-05T08:39:20+00:00\" \/>\n<meta property=\"og:image\" content=\"https:\/\/nuevo-renacer.com\/wp-content\/uploads\/2025\/02\/unnamed-1.jpg\" \/>\n\t<meta property=\"og:image:width\" content=\"190\" \/>\n\t<meta property=\"og:image:height\" content=\"240\" \/>\n\t<meta property=\"og:image:type\" content=\"image\/jpeg\" \/>\n<meta name=\"twitter:card\" content=\"summary_large_image\" \/>\n<meta name=\"twitter:label1\" content=\"Est. tempo de leitura\" \/>\n\t<meta name=\"twitter:data1\" content=\"4 minutos\" \/>\n<script type=\"application\/ld+json\" class=\"yoast-schema-graph\">{\"@context\":\"https:\/\/schema.org\",\"@graph\":[{\"@type\":\"WebPage\",\"@id\":\"https:\/\/nuevo-renacer.com\/zilda-gama\/\",\"url\":\"https:\/\/nuevo-renacer.com\/zilda-gama\/\",\"name\":\"Zilda Gama - Uni\u00f3n Esp\u00edrita\",\"isPartOf\":{\"@id\":\"https:\/\/nuevo-renacer.com\/#website\"},\"primaryImageOfPage\":{\"@id\":\"https:\/\/nuevo-renacer.com\/zilda-gama\/#primaryimage\"},\"image\":{\"@id\":\"https:\/\/nuevo-renacer.com\/zilda-gama\/#primaryimage\"},\"thumbnailUrl\":\"https:\/\/nuevo-renacer.com\/wp-content\/uploads\/2025\/02\/unnamed-1.jpg\",\"datePublished\":\"2025-02-05T07:56:27+00:00\",\"dateModified\":\"2025-02-05T08:39:20+00:00\",\"breadcrumb\":{\"@id\":\"https:\/\/nuevo-renacer.com\/zilda-gama\/#breadcrumb\"},\"inLanguage\":\"pt-BR\",\"potentialAction\":[{\"@type\":\"ReadAction\",\"target\":[\"https:\/\/nuevo-renacer.com\/zilda-gama\/\"]}]},{\"@type\":\"ImageObject\",\"inLanguage\":\"pt-BR\",\"@id\":\"https:\/\/nuevo-renacer.com\/zilda-gama\/#primaryimage\",\"url\":\"https:\/\/nuevo-renacer.com\/wp-content\/uploads\/2025\/02\/unnamed-1.jpg\",\"contentUrl\":\"https:\/\/nuevo-renacer.com\/wp-content\/uploads\/2025\/02\/unnamed-1.jpg\"},{\"@type\":\"BreadcrumbList\",\"@id\":\"https:\/\/nuevo-renacer.com\/zilda-gama\/#breadcrumb\",\"itemListElement\":[{\"@type\":\"ListItem\",\"position\":1,\"name\":\"Startseite\",\"item\":\"https:\/\/nuevo-renacer.com\/\"},{\"@type\":\"ListItem\",\"position\":2,\"name\":\"Zilda Gama\"}]},{\"@type\":\"WebSite\",\"@id\":\"https:\/\/nuevo-renacer.com\/#website\",\"url\":\"https:\/\/nuevo-renacer.com\/\",\"name\":\"Uni\u00f3n Esp\u00edrita\",\"description\":\"Nuevo Renacer\",\"publisher\":{\"@id\":\"https:\/\/nuevo-renacer.com\/#organization\"},\"potentialAction\":[{\"@type\":\"SearchAction\",\"target\":{\"@type\":\"EntryPoint\",\"urlTemplate\":\"https:\/\/nuevo-renacer.com\/?s={search_term_string}\"},\"query-input\":{\"@type\":\"PropertyValueSpecification\",\"valueRequired\":true,\"valueName\":\"search_term_string\"}}],\"inLanguage\":\"pt-BR\"},{\"@type\":\"Organization\",\"@id\":\"https:\/\/nuevo-renacer.com\/#organization\",\"name\":\"UFEC\",\"url\":\"https:\/\/nuevo-renacer.com\/\",\"logo\":{\"@type\":\"ImageObject\",\"inLanguage\":\"pt-BR\",\"@id\":\"https:\/\/nuevo-renacer.com\/#\/schema\/logo\/image\/\",\"url\":\"https:\/\/nuevo-renacer.com\/wp-content\/uploads\/2024\/05\/cropped-LOGO-TERMINADO1-3-3.png\",\"contentUrl\":\"https:\/\/nuevo-renacer.com\/wp-content\/uploads\/2024\/05\/cropped-LOGO-TERMINADO1-3-3.png\",\"width\":512,\"height\":512,\"caption\":\"UFEC\"},\"image\":{\"@id\":\"https:\/\/nuevo-renacer.com\/#\/schema\/logo\/image\/\"},\"sameAs\":[\"https:\/\/www.facebook.com\/groups\/3431398063740829\"]}]}<\/script>\n<!-- \/ Yoast SEO Premium plugin. -->","yoast_head_json":{"title":"Zilda Gama - Uni\u00f3n Esp\u00edrita","robots":{"index":"index","follow":"follow","max-snippet":"max-snippet:-1","max-image-preview":"max-image-preview:large","max-video-preview":"max-video-preview:-1"},"canonical":"https:\/\/nuevo-renacer.com\/pt\/zilda-gama\/","og_locale":"pt_BR","og_type":"article","og_title":"Zilda Gama","og_description":"Zilda Gama Zilda Gama fue una de las m\u00e9diums m\u00e1s c\u00e9lebres de Brasil. Naci\u00f3 el 11 de marzo de 1878, en Tr\u00eas Ilhas, Juiz de Fora y muri\u00f3 el 10 de enero de 1969, en R\u00edo de Janeiro. Zilda Gama vivi\u00f3 casi 91 a\u00f1os, convirti\u00e9ndose en paradigma para todos aquellos que ven en la mediumnidad [&hellip;]","og_url":"https:\/\/nuevo-renacer.com\/pt\/zilda-gama\/","og_site_name":"Uni\u00f3n Esp\u00edrita","article_publisher":"https:\/\/www.facebook.com\/groups\/3431398063740829","article_modified_time":"2025-02-05T08:39:20+00:00","og_image":[{"width":190,"height":240,"url":"https:\/\/nuevo-renacer.com\/wp-content\/uploads\/2025\/02\/unnamed-1.jpg","type":"image\/jpeg"}],"twitter_card":"summary_large_image","twitter_misc":{"Est. tempo de leitura":"4 minutos"},"schema":{"@context":"https:\/\/schema.org","@graph":[{"@type":"WebPage","@id":"https:\/\/nuevo-renacer.com\/zilda-gama\/","url":"https:\/\/nuevo-renacer.com\/zilda-gama\/","name":"Zilda Gama - Uni\u00f3n Esp\u00edrita","isPartOf":{"@id":"https:\/\/nuevo-renacer.com\/#website"},"primaryImageOfPage":{"@id":"https:\/\/nuevo-renacer.com\/zilda-gama\/#primaryimage"},"image":{"@id":"https:\/\/nuevo-renacer.com\/zilda-gama\/#primaryimage"},"thumbnailUrl":"https:\/\/nuevo-renacer.com\/wp-content\/uploads\/2025\/02\/unnamed-1.jpg","datePublished":"2025-02-05T07:56:27+00:00","dateModified":"2025-02-05T08:39:20+00:00","breadcrumb":{"@id":"https:\/\/nuevo-renacer.com\/zilda-gama\/#breadcrumb"},"inLanguage":"pt-BR","potentialAction":[{"@type":"ReadAction","target":["https:\/\/nuevo-renacer.com\/zilda-gama\/"]}]},{"@type":"ImageObject","inLanguage":"pt-BR","@id":"https:\/\/nuevo-renacer.com\/zilda-gama\/#primaryimage","url":"https:\/\/nuevo-renacer.com\/wp-content\/uploads\/2025\/02\/unnamed-1.jpg","contentUrl":"https:\/\/nuevo-renacer.com\/wp-content\/uploads\/2025\/02\/unnamed-1.jpg"},{"@type":"BreadcrumbList","@id":"https:\/\/nuevo-renacer.com\/zilda-gama\/#breadcrumb","itemListElement":[{"@type":"ListItem","position":1,"name":"Startseite","item":"https:\/\/nuevo-renacer.com\/"},{"@type":"ListItem","position":2,"name":"Zilda Gama"}]},{"@type":"WebSite","@id":"https:\/\/nuevo-renacer.com\/#website","url":"https:\/\/nuevo-renacer.com\/","name":"Uni\u00f3n Esp\u00edrita","description":"Nuevo Renacer","publisher":{"@id":"https:\/\/nuevo-renacer.com\/#organization"},"potentialAction":[{"@type":"SearchAction","target":{"@type":"EntryPoint","urlTemplate":"https:\/\/nuevo-renacer.com\/?s={search_term_string}"},"query-input":{"@type":"PropertyValueSpecification","valueRequired":true,"valueName":"search_term_string"}}],"inLanguage":"pt-BR"},{"@type":"Organization","@id":"https:\/\/nuevo-renacer.com\/#organization","name":"UFEC","url":"https:\/\/nuevo-renacer.com\/","logo":{"@type":"ImageObject","inLanguage":"pt-BR","@id":"https:\/\/nuevo-renacer.com\/#\/schema\/logo\/image\/","url":"https:\/\/nuevo-renacer.com\/wp-content\/uploads\/2024\/05\/cropped-LOGO-TERMINADO1-3-3.png","contentUrl":"https:\/\/nuevo-renacer.com\/wp-content\/uploads\/2024\/05\/cropped-LOGO-TERMINADO1-3-3.png","width":512,"height":512,"caption":"UFEC"},"image":{"@id":"https:\/\/nuevo-renacer.com\/#\/schema\/logo\/image\/"},"sameAs":["https:\/\/www.facebook.com\/groups\/3431398063740829"]}]}},"uagb_featured_image_src":{"full":false,"thumbnail":false,"medium":false,"medium_large":false,"large":false,"1536x1536":false,"2048x2048":false,"trp-custom-language-flag":false},"uagb_author_info":{"display_name":"adbv0","author_link":"https:\/\/nuevo-renacer.com\/pt\/author\/adbv0\/"},"uagb_comment_info":0,"uagb_excerpt":"Zilda Gama Zilda Gama fue una de las m\u00e9diums m\u00e1s c\u00e9lebres de Brasil. Naci\u00f3 el 11 de marzo de 1878, en Tr\u00eas Ilhas, Juiz de Fora y muri\u00f3 el 10 de enero de 1969, en R\u00edo de Janeiro. Zilda Gama vivi\u00f3 casi 91 a\u00f1os, convirti\u00e9ndose en paradigma para todos aquellos que ven en la mediumnidad&hellip;","jetpack_sharing_enabled":true,"_links":{"self":[{"href":"https:\/\/nuevo-renacer.com\/pt\/wp-json\/wp\/v2\/pages\/6952","targetHints":{"allow":["GET"]}}],"collection":[{"href":"https:\/\/nuevo-renacer.com\/pt\/wp-json\/wp\/v2\/pages"}],"about":[{"href":"https:\/\/nuevo-renacer.com\/pt\/wp-json\/wp\/v2\/types\/page"}],"author":[{"embeddable":true,"href":"https:\/\/nuevo-renacer.com\/pt\/wp-json\/wp\/v2\/users\/1"}],"replies":[{"embeddable":true,"href":"https:\/\/nuevo-renacer.com\/pt\/wp-json\/wp\/v2\/comments?post=6952"}],"version-history":[{"count":2,"href":"https:\/\/nuevo-renacer.com\/pt\/wp-json\/wp\/v2\/pages\/6952\/revisions"}],"predecessor-version":[{"id":6958,"href":"https:\/\/nuevo-renacer.com\/pt\/wp-json\/wp\/v2\/pages\/6952\/revisions\/6958"}],"wp:attachment":[{"href":"https:\/\/nuevo-renacer.com\/pt\/wp-json\/wp\/v2\/media?parent=6952"}],"curies":[{"name":"wp","href":"https:\/\/api.w.org\/{rel}","templated":true}]}}