{"id":6947,"date":"2025-02-04T08:23:49","date_gmt":"2025-02-04T08:23:49","guid":{"rendered":"https:\/\/nuevo-renacer.com\/?page_id=6947"},"modified":"2025-02-04T08:23:52","modified_gmt":"2025-02-04T08:23:52","slug":"quien-nos-esperara-al-otro-lado-de-la-vida","status":"publish","type":"page","link":"https:\/\/nuevo-renacer.com\/pt\/quien-nos-esperara-al-otro-lado-de-la-vida\/","title":{"rendered":"Quem estar\u00e1 esperando por n\u00f3s no outro lado da vida?"},"content":{"rendered":"<div class=\"wp-block-uagb-container uagb-block-9ada055d alignfull uagb-is-root-container\"><div class=\"uagb-container-inner-blocks-wrap\">\n<p class=\"has-black-color has-text-color has-link-color has-medium-font-size wp-elements-becb6a92b7b812c44b60ad58d30c24a7\"><strong>Quem estar\u00e1 esperando por n\u00f3s no outro lado da vida?<\/strong><\/p>\n<\/div><\/div>\n\n\n\n<div class=\"wp-block-uagb-container uagb-block-1f92a383 alignfull uagb-is-root-container\"><div class=\"uagb-container-inner-blocks-wrap\">\n<figure class=\"wp-block-image size-large is-resized\"><img fetchpriority=\"high\" decoding=\"async\" width=\"1024\" height=\"607\" src=\"https:\/\/nuevo-renacer.com\/wp-content\/uploads\/2025\/02\/Nahtod-1024x607.jpeg\" alt=\"\" class=\"wp-image-6948\" style=\"width:484px;height:auto\" srcset=\"https:\/\/nuevo-renacer.com\/wp-content\/uploads\/2025\/02\/Nahtod-1024x607.jpeg 1024w, https:\/\/nuevo-renacer.com\/wp-content\/uploads\/2025\/02\/Nahtod-300x178.jpeg 300w, https:\/\/nuevo-renacer.com\/wp-content\/uploads\/2025\/02\/Nahtod-768x455.jpeg 768w, https:\/\/nuevo-renacer.com\/wp-content\/uploads\/2025\/02\/Nahtod-1536x911.jpeg 1536w, https:\/\/nuevo-renacer.com\/wp-content\/uploads\/2025\/02\/Nahtod-18x12.jpeg 18w, https:\/\/nuevo-renacer.com\/wp-content\/uploads\/2025\/02\/Nahtod.jpeg 1786w\" sizes=\"(max-width: 1024px) 100vw, 1024px\" \/><\/figure>\n<\/div><\/div>\n\n\n\n<div class=\"wp-block-uagb-container uagb-block-8b1ba782 alignfull uagb-is-root-container\"><div class=\"uagb-container-inner-blocks-wrap\">\n<p class=\"has-black-color has-text-color has-link-color has-small-font-size wp-elements-14080ffb892e38bf60303479417a712e\">Esta \u00e9 uma pergunta que muitas vezes nos podemos ter e que para uma grande multid\u00e3o de pessoas \u00e9 uma grande inc\u00f3gnita, sobretudo quando se ignoram aqueles conhecimentos que, atrav\u00e9s do estudo da Doutrina dos Esp\u00edritos se podem adquirir.<\/p>\n\n\n\n<p class=\"has-black-color has-text-color has-link-color has-small-font-size wp-elements-6e73250c75d65f9309a3a5bac453a4e8\">Devemos come\u00e7ar dizendo que, depois da morte, o esp\u00edrito se liberta de seu inv\u00f3lucro material, de forma gradual, n\u00e3o se escapa como um p\u00e1ssaro que tenha sido devolvido \u00e0 liberdade. Os dois planos, f\u00edsico e magn\u00e9tico, tocam-confundindo-se. Assim, desta forma, o Esp\u00edrito se desliga, pouco a pouco, de suas amarras, j\u00e1 que elas n\u00e3o se quebram.<\/p>\n\n\n\n<p class=\"has-black-color has-text-color has-link-color has-small-font-size wp-elements-d962ce013c1b1cfcb28836d8ac1bc035\">Desencarnar \u00e9 mudar de plano, como o que vai viver para outra cidade, n\u00e3o causando perturba\u00e7\u00f5es \u00e0queles que, devido \u00e0 sua consci\u00eancia reta, viveram na Terra, praticando o bem, em suas diversas formas e dentro das mais variadas cren\u00e7as. No entanto, a morte n\u00e3o concede estados miraculosos para a nossa consci\u00eancia, continuamos mantendo as sensa\u00e7\u00f5es, sentimentos, amores, defeitos, v\u00edcios, rancores, \u00f3dios, etc., assim como tamb\u00e9m as virtudes que tenhamos conseguido conquistar esta experi\u00eancia.<\/p>\n\n\n\n<p class=\"has-black-color has-text-color has-link-color has-small-font-size wp-elements-c5f09ed474829dd8a330346cbc026ada\">\u00c9 por isso que, se a sua exist\u00eancia terrena tem sido de trabalho e de amor, a transi\u00e7\u00e3o da terra para a esfera espiritual ser\u00e1 sempre suave e harmoniosa.<\/p>\n\n\n\n<p class=\"has-black-color has-text-color has-link-color has-small-font-size wp-elements-330c7061472a959e170c033540259d2d\">Nessas condi\u00e7\u00f5es, pode recuperar imediatamente os esp\u00edritos que foram objeto de sua afei\u00e7\u00e3o no mundo, supondo que se encontrem no mesmo n\u00edvel evolutivo. \u00c9 assim que pode sentir e reencontrar imediatamente a companhia de seres a quem ele ama e que os precederam no Al\u00e9m. Muitas vezes v\u00eam receb\u00ea-lo ao retornar \u00e0 P\u00e1tria Espiritual, e ajudam-nos a desprender-se de inv\u00f3lucros da mat\u00e9ria.<\/p>\n\n\n\n<p class=\"has-black-color has-text-color has-link-color has-small-font-size wp-elements-f10d0be1e0b3a2069f0fe6c8b7f1dc6a\">\u00c9 assim como uma grata felicidade e uma alegria permanente e apodera-se nesses cora\u00e7\u00f5es amigos e carinhosos, depois das amarguras da separa\u00e7\u00e3o e da prolongada aus\u00eancia, reencontrando tamb\u00e9m imediatamente aqueles que conheceu na Terra e que morreram antes dele. Al\u00e9m disso, volta a encontrar a muitos que havia perdido de vista durante sua \u00faltima experi\u00eancia.<\/p>\n\n\n\n<p class=\"has-black-color has-text-color has-link-color has-small-font-size wp-elements-89eded1fc6bf2690e7d631aa50e246a4\">Um dos encontros mais marcantes que teremos ser\u00e1 o nosso Guia Espiritual, que como bem sabemos \u00e9 de uma ordem superior, que est\u00e1 conosco desde o nosso nascimento at\u00e9 a nossa morte, e que com freq\u00fc\u00eancia nos segue depois na vida espiritual, e mesmo durante muitas exist\u00eancias corp\u00f3reas, porque essas exist\u00eancias n\u00e3o s\u00e3o do que fases bem curtas com rela\u00e7\u00e3o \u00e0 vida do Esp\u00edrito. Ele admitiu o compromisso no Mundo Maior, assim como nossos pais, de nos proteger e ampararnos, guiar-nos pelo caminho do bem, atrav\u00e9s da intui\u00e7\u00e3o e da inspira\u00e7\u00e3o, que ao longo de nossa experi\u00eancia tem ido tilling em n\u00f3s, no nosso \u00edntimo. Se n\u00f3s avan\u00e7amos, se tivermos crescido espiritualmente, ele alegremente haver\u00e1 avan\u00e7ado tamb\u00e9m.<\/p>\n\n\n\n<p class=\"has-black-color has-text-color has-link-color has-small-font-size wp-elements-2000ad85fdf1e499deb0fc04c733658e\">No entanto, em contrapartida, aqueles que se desprendem da Terra, saturados de obsess\u00f5es dos bens ef\u00eameros do mundo e ensombrecidos por rebeldias incompreens\u00edveis, n\u00e3o encontram t\u00e3o logo os Entes queridos que desencarnaron antes. Suas percep\u00e7\u00f5es restritas \u00e0 atmosfera escura dos seus pensamentos e seus valores negativos, os impossibilitam para desfrutar a doce felicidade do reencontro.<\/p>\n\n\n\n<p class=\"has-black-color has-text-color has-link-color has-small-font-size wp-elements-f453a58de774f4c7beae0ebdda8c3c78\">Nas esferas mais pr\u00f3ximas do planeta, dos esp\u00edritos desencarnados conservam as caracter\u00edsticas que lhes eram mais bem-vindos nas atividades de exist\u00eancia material, levando em conta que alguns, que percorrem o mundo com uma vestimenta org\u00e2nica imposta pelas circunst\u00e2ncias da tarefa que t\u00eam de realizar, junto aos encarnados, retomam suas condi\u00e7\u00f5es anteriores \u00e0 reencarna\u00e7\u00e3o, apesar de ricas, se souberam cumprir bem seus deveres no plano de dores e dificuldades materiais.<\/p>\n\n\n\n<p class=\"has-black-color has-text-color has-link-color has-small-font-size wp-elements-41d6081347699da55731bdd909b88639\">\u00c9 Por isso que observamos, muitas vezes, Esp\u00edritos sofredores e perturbados que d\u00e3o a impress\u00e3o de ser criaturas abandonadas e esquecidas, mas, na realidade, s\u00e3o os autores de seu desamparo, devido \u00e0 sua persist\u00eancia no mal, na inten\u00e7\u00e3o criminosa ou na desobedi\u00eancia \u00e0s Leis Divinas.<\/p>\n\n\n\n<p class=\"has-black-color has-text-color has-link-color has-small-font-size wp-elements-6595e37ad64054a5616e2ac0999505c2\">Nos primeiros tempos de sua vida espiritual a alma desencarnada procura naturalmente as atividades que lhe eram favoritas nos c\u00edrculos da vida material, obedecendo aos la\u00e7os da afinidade, tal como acontece nas associa\u00e7\u00f5es da Terra. Os Esp\u00edritos re\u00fanem-se em grupos em fun\u00e7\u00e3o de sua sintonia e de seu estado evolutivo, se preparando para uma nova etapa, uma pr\u00f3xima experi\u00eancia terrena, deixando-se orientar convenientemente pelos Irm\u00e3os superiores designados para este tipo de tarefa, onde se projetam as a\u00e7\u00f5es e as provas que nos s\u00e3o necess\u00e1rias para o nosso aperfei\u00e7oamento. O Planejamento de Reencarna\u00e7\u00f5es, est\u00e1 relacionado diretamente com as atividades do Esclarecimento.<\/p>\n\n\n\n<p class=\"has-black-color has-text-color has-link-color has-small-font-size wp-elements-1cc3c20574541d5ff9ba630d383cd0ea\">Naturalmente, tem-se em conta o grupo composto pela fam\u00edlia espiritual, j\u00e1 que voltaremos a nos reunir de novo, embora mudando logicamente nossos pap\u00e9is dentro da programa\u00e7\u00e3o, uma vez que os legisladores ter\u00e3o impacto em seu futuro, implicando-se em tarefas que favorecer\u00e3o o desenvolvimento intelectual e moral, j\u00e1 que est\u00e3o perfeitamente capacitados para ajudar e aconselhar os Esp\u00edritos inferiores a eles, influenciando as condi\u00e7\u00f5es de atua\u00e7\u00e3o das gera\u00e7\u00f5es presentes e futuras.<\/p>\n<\/div><\/div>\n\n\n\n<div class=\"wp-block-uagb-container uagb-block-6452fb0e alignfull uagb-is-root-container\"><div class=\"uagb-container-inner-blocks-wrap\"><\/div><\/div>\n\n\n\n<div class=\"wp-block-uagb-container uagb-block-472113c9 alignfull uagb-is-root-container\"><div class=\"uagb-container-inner-blocks-wrap\">\n<p class=\"has-black-color has-text-color has-link-color has-small-font-size wp-elements-f1d45f20666c8dd475d1d41f4e494f48\"><em>Artigo escrito por Jo\u00e3o Miguel Fernandes Monteiro<\/em><\/p>\n<\/div><\/div>\n\n\n\n<div class=\"wp-block-uagb-container uagb-block-a4ad6ccc alignfull uagb-is-root-container\"><div class=\"uagb-container-inner-blocks-wrap\"><\/div><\/div>\n\n\n\n<div class=\"wp-block-uagb-container uagb-block-237df41c alignfull uagb-is-root-container\"><div class=\"uagb-container-inner-blocks-wrap\"><\/div><\/div>","protected":false},"excerpt":{"rendered":"<p>\u00bfQui\u00e9n nos esperar\u00e1 al otro lado de la vida? Esta es una pregunta que en muchas ocasiones nos podemos plantear y que para una gran multitud de personas es una gran inc\u00f3gnita, sobre todo cuando se desconocen aquellos conocimientos que a trav\u00e9s del estudio de la Doctrina de los Esp\u00edritus se pueden adquirir. Debemos comenzar [&hellip;]<\/p>","protected":false},"author":1,"featured_media":0,"parent":0,"menu_order":0,"comment_status":"closed","ping_status":"closed","template":"","meta":{"_uag_custom_page_level_css":"","site-sidebar-layout":"default","site-content-layout":"","ast-site-content-layout":"default","site-content-style":"default","site-sidebar-style":"default","ast-global-header-display":"","ast-banner-title-visibility":"","ast-main-header-display":"","ast-hfb-above-header-display":"","ast-hfb-below-header-display":"","ast-hfb-mobile-header-display":"","site-post-title":"disabled","ast-breadcrumbs-content":"","ast-featured-img":"","footer-sml-layout":"","theme-transparent-header-meta":"","adv-header-id-meta":"","stick-header-meta":"","header-above-stick-meta":"","header-main-stick-meta":"","header-below-stick-meta":"","astra-migrate-meta-layouts":"set","ast-page-background-enabled":"default","ast-page-background-meta":{"desktop":{"background-color":"var(--ast-global-color-4)","background-image":"","background-repeat":"repeat","background-position":"center center","background-size":"auto","background-attachment":"scroll","background-type":"","background-media":"","overlay-type":"","overlay-color":"","overlay-opacity":"","overlay-gradient":""},"tablet":{"background-color":"","background-image":"","background-repeat":"repeat","background-position":"center center","background-size":"auto","background-attachment":"scroll","background-type":"","background-media":"","overlay-type":"","overlay-color":"","overlay-opacity":"","overlay-gradient":""},"mobile":{"background-color":"","background-image":"","background-repeat":"repeat","background-position":"center center","background-size":"auto","background-attachment":"scroll","background-type":"","background-media":"","overlay-type":"","overlay-color":"","overlay-opacity":"","overlay-gradient":""}},"ast-content-background-meta":{"desktop":{"background-color":"var(--ast-global-color-5)","background-image":"","background-repeat":"repeat","background-position":"center center","background-size":"auto","background-attachment":"scroll","background-type":"","background-media":"","overlay-type":"","overlay-color":"","overlay-opacity":"","overlay-gradient":""},"tablet":{"background-color":"var(--ast-global-color-5)","background-image":"","background-repeat":"repeat","background-position":"center center","background-size":"auto","background-attachment":"scroll","background-type":"","background-media":"","overlay-type":"","overlay-color":"","overlay-opacity":"","overlay-gradient":""},"mobile":{"background-color":"var(--ast-global-color-5)","background-image":"","background-repeat":"repeat","background-position":"center center","background-size":"auto","background-attachment":"scroll","background-type":"","background-media":"","overlay-type":"","overlay-color":"","overlay-opacity":"","overlay-gradient":""}},"footnotes":""},"class_list":["post-6947","page","type-page","status-publish","hentry"],"yoast_head":"<!-- This site is optimized with the Yoast SEO Premium plugin v24.2 (Yoast SEO v24.6) - https:\/\/yoast.com\/wordpress\/plugins\/seo\/ -->\n<title>\u00bfQui\u00e9n nos esperar\u00e1 al otro lado de la vida? - Uni\u00f3n Esp\u00edrita<\/title>\n<meta name=\"robots\" content=\"index, follow, max-snippet:-1, max-image-preview:large, max-video-preview:-1\" \/>\n<link rel=\"canonical\" href=\"https:\/\/nuevo-renacer.com\/pt\/quien-nos-esperara-al-otro-lado-de-la-vida\/\" \/>\n<meta property=\"og:locale\" content=\"pt_BR\" \/>\n<meta property=\"og:type\" content=\"article\" \/>\n<meta property=\"og:title\" content=\"\u00bfQui\u00e9n nos esperar\u00e1 al otro lado de la vida?\" \/>\n<meta property=\"og:description\" content=\"\u00bfQui\u00e9n nos esperar\u00e1 al otro lado de la vida? Esta es una pregunta que en muchas ocasiones nos podemos plantear y que para una gran multitud de personas es una gran inc\u00f3gnita, sobre todo cuando se desconocen aquellos conocimientos que a trav\u00e9s del estudio de la Doctrina de los Esp\u00edritus se pueden adquirir. Debemos comenzar [&hellip;]\" \/>\n<meta property=\"og:url\" content=\"https:\/\/nuevo-renacer.com\/pt\/quien-nos-esperara-al-otro-lado-de-la-vida\/\" \/>\n<meta property=\"og:site_name\" content=\"Uni\u00f3n Esp\u00edrita\" \/>\n<meta property=\"article:publisher\" content=\"https:\/\/www.facebook.com\/groups\/3431398063740829\" \/>\n<meta property=\"article:modified_time\" content=\"2025-02-04T08:23:52+00:00\" \/>\n<meta property=\"og:image\" content=\"https:\/\/nuevo-renacer.com\/wp-content\/uploads\/2025\/02\/Nahtod.jpeg\" \/>\n\t<meta property=\"og:image:width\" content=\"1786\" \/>\n\t<meta property=\"og:image:height\" content=\"1059\" \/>\n\t<meta property=\"og:image:type\" content=\"image\/jpeg\" \/>\n<meta name=\"twitter:card\" content=\"summary_large_image\" \/>\n<meta name=\"twitter:label1\" content=\"Est. tempo de leitura\" \/>\n\t<meta name=\"twitter:data1\" content=\"6 minutos\" \/>\n<script type=\"application\/ld+json\" class=\"yoast-schema-graph\">{\"@context\":\"https:\/\/schema.org\",\"@graph\":[{\"@type\":\"WebPage\",\"@id\":\"https:\/\/nuevo-renacer.com\/quien-nos-esperara-al-otro-lado-de-la-vida\/\",\"url\":\"https:\/\/nuevo-renacer.com\/quien-nos-esperara-al-otro-lado-de-la-vida\/\",\"name\":\"\u00bfQui\u00e9n nos esperar\u00e1 al otro lado de la vida? - Uni\u00f3n Esp\u00edrita\",\"isPartOf\":{\"@id\":\"https:\/\/nuevo-renacer.com\/#website\"},\"primaryImageOfPage\":{\"@id\":\"https:\/\/nuevo-renacer.com\/quien-nos-esperara-al-otro-lado-de-la-vida\/#primaryimage\"},\"image\":{\"@id\":\"https:\/\/nuevo-renacer.com\/quien-nos-esperara-al-otro-lado-de-la-vida\/#primaryimage\"},\"thumbnailUrl\":\"https:\/\/nuevo-renacer.com\/wp-content\/uploads\/2025\/02\/Nahtod-1024x607.jpeg\",\"datePublished\":\"2025-02-04T08:23:49+00:00\",\"dateModified\":\"2025-02-04T08:23:52+00:00\",\"breadcrumb\":{\"@id\":\"https:\/\/nuevo-renacer.com\/quien-nos-esperara-al-otro-lado-de-la-vida\/#breadcrumb\"},\"inLanguage\":\"pt-BR\",\"potentialAction\":[{\"@type\":\"ReadAction\",\"target\":[\"https:\/\/nuevo-renacer.com\/quien-nos-esperara-al-otro-lado-de-la-vida\/\"]}]},{\"@type\":\"ImageObject\",\"inLanguage\":\"pt-BR\",\"@id\":\"https:\/\/nuevo-renacer.com\/quien-nos-esperara-al-otro-lado-de-la-vida\/#primaryimage\",\"url\":\"https:\/\/nuevo-renacer.com\/wp-content\/uploads\/2025\/02\/Nahtod-1024x607.jpeg\",\"contentUrl\":\"https:\/\/nuevo-renacer.com\/wp-content\/uploads\/2025\/02\/Nahtod-1024x607.jpeg\"},{\"@type\":\"BreadcrumbList\",\"@id\":\"https:\/\/nuevo-renacer.com\/quien-nos-esperara-al-otro-lado-de-la-vida\/#breadcrumb\",\"itemListElement\":[{\"@type\":\"ListItem\",\"position\":1,\"name\":\"Startseite\",\"item\":\"https:\/\/nuevo-renacer.com\/\"},{\"@type\":\"ListItem\",\"position\":2,\"name\":\"\u00bfQui\u00e9n nos esperar\u00e1 al otro lado de la vida?\"}]},{\"@type\":\"WebSite\",\"@id\":\"https:\/\/nuevo-renacer.com\/#website\",\"url\":\"https:\/\/nuevo-renacer.com\/\",\"name\":\"Uni\u00f3n Esp\u00edrita\",\"description\":\"Nuevo Renacer\",\"publisher\":{\"@id\":\"https:\/\/nuevo-renacer.com\/#organization\"},\"potentialAction\":[{\"@type\":\"SearchAction\",\"target\":{\"@type\":\"EntryPoint\",\"urlTemplate\":\"https:\/\/nuevo-renacer.com\/?s={search_term_string}\"},\"query-input\":{\"@type\":\"PropertyValueSpecification\",\"valueRequired\":true,\"valueName\":\"search_term_string\"}}],\"inLanguage\":\"pt-BR\"},{\"@type\":\"Organization\",\"@id\":\"https:\/\/nuevo-renacer.com\/#organization\",\"name\":\"UFEC\",\"url\":\"https:\/\/nuevo-renacer.com\/\",\"logo\":{\"@type\":\"ImageObject\",\"inLanguage\":\"pt-BR\",\"@id\":\"https:\/\/nuevo-renacer.com\/#\/schema\/logo\/image\/\",\"url\":\"https:\/\/nuevo-renacer.com\/wp-content\/uploads\/2024\/05\/cropped-LOGO-TERMINADO1-3-3.png\",\"contentUrl\":\"https:\/\/nuevo-renacer.com\/wp-content\/uploads\/2024\/05\/cropped-LOGO-TERMINADO1-3-3.png\",\"width\":512,\"height\":512,\"caption\":\"UFEC\"},\"image\":{\"@id\":\"https:\/\/nuevo-renacer.com\/#\/schema\/logo\/image\/\"},\"sameAs\":[\"https:\/\/www.facebook.com\/groups\/3431398063740829\"]}]}<\/script>\n<!-- \/ Yoast SEO Premium plugin. -->","yoast_head_json":{"title":"\u00bfQui\u00e9n nos esperar\u00e1 al otro lado de la vida? - Uni\u00f3n Esp\u00edrita","robots":{"index":"index","follow":"follow","max-snippet":"max-snippet:-1","max-image-preview":"max-image-preview:large","max-video-preview":"max-video-preview:-1"},"canonical":"https:\/\/nuevo-renacer.com\/pt\/quien-nos-esperara-al-otro-lado-de-la-vida\/","og_locale":"pt_BR","og_type":"article","og_title":"\u00bfQui\u00e9n nos esperar\u00e1 al otro lado de la vida?","og_description":"\u00bfQui\u00e9n nos esperar\u00e1 al otro lado de la vida? Esta es una pregunta que en muchas ocasiones nos podemos plantear y que para una gran multitud de personas es una gran inc\u00f3gnita, sobre todo cuando se desconocen aquellos conocimientos que a trav\u00e9s del estudio de la Doctrina de los Esp\u00edritus se pueden adquirir. Debemos comenzar [&hellip;]","og_url":"https:\/\/nuevo-renacer.com\/pt\/quien-nos-esperara-al-otro-lado-de-la-vida\/","og_site_name":"Uni\u00f3n Esp\u00edrita","article_publisher":"https:\/\/www.facebook.com\/groups\/3431398063740829","article_modified_time":"2025-02-04T08:23:52+00:00","og_image":[{"width":1786,"height":1059,"url":"https:\/\/nuevo-renacer.com\/wp-content\/uploads\/2025\/02\/Nahtod.jpeg","type":"image\/jpeg"}],"twitter_card":"summary_large_image","twitter_misc":{"Est. tempo de leitura":"6 minutos"},"schema":{"@context":"https:\/\/schema.org","@graph":[{"@type":"WebPage","@id":"https:\/\/nuevo-renacer.com\/quien-nos-esperara-al-otro-lado-de-la-vida\/","url":"https:\/\/nuevo-renacer.com\/quien-nos-esperara-al-otro-lado-de-la-vida\/","name":"\u00bfQui\u00e9n nos esperar\u00e1 al otro lado de la vida? - Uni\u00f3n Esp\u00edrita","isPartOf":{"@id":"https:\/\/nuevo-renacer.com\/#website"},"primaryImageOfPage":{"@id":"https:\/\/nuevo-renacer.com\/quien-nos-esperara-al-otro-lado-de-la-vida\/#primaryimage"},"image":{"@id":"https:\/\/nuevo-renacer.com\/quien-nos-esperara-al-otro-lado-de-la-vida\/#primaryimage"},"thumbnailUrl":"https:\/\/nuevo-renacer.com\/wp-content\/uploads\/2025\/02\/Nahtod-1024x607.jpeg","datePublished":"2025-02-04T08:23:49+00:00","dateModified":"2025-02-04T08:23:52+00:00","breadcrumb":{"@id":"https:\/\/nuevo-renacer.com\/quien-nos-esperara-al-otro-lado-de-la-vida\/#breadcrumb"},"inLanguage":"pt-BR","potentialAction":[{"@type":"ReadAction","target":["https:\/\/nuevo-renacer.com\/quien-nos-esperara-al-otro-lado-de-la-vida\/"]}]},{"@type":"ImageObject","inLanguage":"pt-BR","@id":"https:\/\/nuevo-renacer.com\/quien-nos-esperara-al-otro-lado-de-la-vida\/#primaryimage","url":"https:\/\/nuevo-renacer.com\/wp-content\/uploads\/2025\/02\/Nahtod-1024x607.jpeg","contentUrl":"https:\/\/nuevo-renacer.com\/wp-content\/uploads\/2025\/02\/Nahtod-1024x607.jpeg"},{"@type":"BreadcrumbList","@id":"https:\/\/nuevo-renacer.com\/quien-nos-esperara-al-otro-lado-de-la-vida\/#breadcrumb","itemListElement":[{"@type":"ListItem","position":1,"name":"Startseite","item":"https:\/\/nuevo-renacer.com\/"},{"@type":"ListItem","position":2,"name":"\u00bfQui\u00e9n nos esperar\u00e1 al otro lado de la vida?"}]},{"@type":"WebSite","@id":"https:\/\/nuevo-renacer.com\/#website","url":"https:\/\/nuevo-renacer.com\/","name":"Uni\u00f3n Esp\u00edrita","description":"Nuevo Renacer","publisher":{"@id":"https:\/\/nuevo-renacer.com\/#organization"},"potentialAction":[{"@type":"SearchAction","target":{"@type":"EntryPoint","urlTemplate":"https:\/\/nuevo-renacer.com\/?s={search_term_string}"},"query-input":{"@type":"PropertyValueSpecification","valueRequired":true,"valueName":"search_term_string"}}],"inLanguage":"pt-BR"},{"@type":"Organization","@id":"https:\/\/nuevo-renacer.com\/#organization","name":"UFEC","url":"https:\/\/nuevo-renacer.com\/","logo":{"@type":"ImageObject","inLanguage":"pt-BR","@id":"https:\/\/nuevo-renacer.com\/#\/schema\/logo\/image\/","url":"https:\/\/nuevo-renacer.com\/wp-content\/uploads\/2024\/05\/cropped-LOGO-TERMINADO1-3-3.png","contentUrl":"https:\/\/nuevo-renacer.com\/wp-content\/uploads\/2024\/05\/cropped-LOGO-TERMINADO1-3-3.png","width":512,"height":512,"caption":"UFEC"},"image":{"@id":"https:\/\/nuevo-renacer.com\/#\/schema\/logo\/image\/"},"sameAs":["https:\/\/www.facebook.com\/groups\/3431398063740829"]}]}},"uagb_featured_image_src":{"full":false,"thumbnail":false,"medium":false,"medium_large":false,"large":false,"1536x1536":false,"2048x2048":false,"trp-custom-language-flag":false},"uagb_author_info":{"display_name":"adbv0","author_link":"https:\/\/nuevo-renacer.com\/pt\/author\/adbv0\/"},"uagb_comment_info":0,"uagb_excerpt":"\u00bfQui\u00e9n nos esperar\u00e1 al otro lado de la vida? Esta es una pregunta que en muchas ocasiones nos podemos plantear y que para una gran multitud de personas es una gran inc\u00f3gnita, sobre todo cuando se desconocen aquellos conocimientos que a trav\u00e9s del estudio de la Doctrina de los Esp\u00edritus se pueden adquirir. Debemos comenzar&hellip;","jetpack_sharing_enabled":true,"_links":{"self":[{"href":"https:\/\/nuevo-renacer.com\/pt\/wp-json\/wp\/v2\/pages\/6947","targetHints":{"allow":["GET"]}}],"collection":[{"href":"https:\/\/nuevo-renacer.com\/pt\/wp-json\/wp\/v2\/pages"}],"about":[{"href":"https:\/\/nuevo-renacer.com\/pt\/wp-json\/wp\/v2\/types\/page"}],"author":[{"embeddable":true,"href":"https:\/\/nuevo-renacer.com\/pt\/wp-json\/wp\/v2\/users\/1"}],"replies":[{"embeddable":true,"href":"https:\/\/nuevo-renacer.com\/pt\/wp-json\/wp\/v2\/comments?post=6947"}],"version-history":[{"count":1,"href":"https:\/\/nuevo-renacer.com\/pt\/wp-json\/wp\/v2\/pages\/6947\/revisions"}],"predecessor-version":[{"id":6949,"href":"https:\/\/nuevo-renacer.com\/pt\/wp-json\/wp\/v2\/pages\/6947\/revisions\/6949"}],"wp:attachment":[{"href":"https:\/\/nuevo-renacer.com\/pt\/wp-json\/wp\/v2\/media?parent=6947"}],"curies":[{"name":"wp","href":"https:\/\/api.w.org\/{rel}","templated":true}]}}