{"id":6879,"date":"2025-01-27T09:00:44","date_gmt":"2025-01-27T09:00:44","guid":{"rendered":"https:\/\/nuevo-renacer.com\/?page_id=6879"},"modified":"2025-01-27T09:00:46","modified_gmt":"2025-01-27T09:00:46","slug":"agustin-de-hipona","status":"publish","type":"page","link":"https:\/\/nuevo-renacer.com\/pt\/agustin-de-hipona\/","title":{"rendered":"Agostinho de Hipona"},"content":{"rendered":"<div class=\"wp-block-uagb-container uagb-block-2154e374 alignfull uagb-is-root-container\"><div class=\"uagb-container-inner-blocks-wrap\">\n<p class=\"has-black-color has-text-color has-link-color has-medium-font-size wp-elements-3b007836c1221bdde765dc993b5d6551\"><strong>Agostinho de Hipona<\/strong><\/p>\n<\/div><\/div>\n\n\n\n<div class=\"wp-block-uagb-container uagb-block-bb382803 alignfull uagb-is-root-container\"><div class=\"uagb-container-inner-blocks-wrap\">\n<figure class=\"wp-block-image size-large is-resized\"><img fetchpriority=\"high\" decoding=\"async\" width=\"2000\" height=\"2000\" src=\"https:\/\/nuevo-renacer.com\/wp-content\/uploads\/2025\/01\/il_fullxfull.5931822635_igdn-edited.png\" alt=\"\" class=\"wp-image-6881\" style=\"width:280px;height:auto\" srcset=\"https:\/\/nuevo-renacer.com\/wp-content\/uploads\/2025\/01\/il_fullxfull.5931822635_igdn-edited.png 2000w, https:\/\/nuevo-renacer.com\/wp-content\/uploads\/2025\/01\/il_fullxfull.5931822635_igdn-edited-300x300.png 300w, https:\/\/nuevo-renacer.com\/wp-content\/uploads\/2025\/01\/il_fullxfull.5931822635_igdn-edited-1024x1024.png 1024w, https:\/\/nuevo-renacer.com\/wp-content\/uploads\/2025\/01\/il_fullxfull.5931822635_igdn-edited-150x150.png 150w, https:\/\/nuevo-renacer.com\/wp-content\/uploads\/2025\/01\/il_fullxfull.5931822635_igdn-edited-768x768.png 768w, https:\/\/nuevo-renacer.com\/wp-content\/uploads\/2025\/01\/il_fullxfull.5931822635_igdn-edited-1536x1536.png 1536w, https:\/\/nuevo-renacer.com\/wp-content\/uploads\/2025\/01\/il_fullxfull.5931822635_igdn-edited-12x12.png 12w\" sizes=\"(max-width: 2000px) 100vw, 2000px\" \/><\/figure>\n<\/div><\/div>\n\n\n\n<div class=\"wp-block-uagb-container uagb-block-e92ed10d alignfull uagb-is-root-container\"><div class=\"uagb-container-inner-blocks-wrap\">\n<p class=\"has-black-color has-text-color has-link-color has-small-font-size wp-elements-aeca9760a40e4afb7f27e213eabe5c90\">Agostinho nasceu a 13 de novembro de 354, em Tagaste, pequena cidade da atual Arg\u00e9lia. Na cidade natal transcorreram sua inf\u00e2ncia e juventude, um ambiente limitado de um povoado perdido entre montanhas. Talhado para a orat\u00f3ria, ele l\u00ea e decora trechos de poetas e prosadores latinos. Aprende\nelementos de m\u00fasica, f\u00edsica e matem\u00e1tica.\n Em Cartago fez seus estudos superiores e ali tamb\u00e9m entrou em contato com a alegria\ne esplendor das cerim\u00f4nias em honras aos deuses protetores do Imp\u00e9rio. Embora seja descrito como um jovem ponderado, dedicado aos livros, ele confessa que amar e ser amado era uma coisa deliciosa\". Ele passou a viver com uma mulher a quem foi fiel, tendo se tornado pai em 373, com apenas 19 anos. Seu filho, de nome\nAdeodato, morreria aos 17 anos<\/p>\n\n\n\n<p class=\"has-black-color has-text-color has-link-color has-small-font-size wp-elements-c40d8d8cd0780918813b5b2e133edb2d\">Desejava se destacar na eloq\u00fc\u00eancia, confessa, por orgulho. Desejava ser o melhor. Um livro de C\u00edcero o alerta que \"a verdadeira felicidade reside na busca da sabedoria.\" Retorna \u00e0 sua cidade natal e se dedica ao ensino, por treze anos, depois ensina em Cartago e Roma. Dedicou-se ao estudo das Escrituras, contudo, achou seu estilo t\u00e3o simples que se desiludiu e o abandonou. Em Mil\u00e3o parecia ser um homem feliz: pago pelo Estado, personagem quase oficial (ocupava a c\u00e1tedra da eloq\u00fc\u00eancia), respeitado como professor. No entanto, ele se mostra inquieto. Busca a verdadeira alegria e n\u00e3o a encontra. Afei\u00e7oou-se ao manique\u00edsmo, doutrina do profeta persa Mani. Ap\u00f3s 12 anos,\ninsatisfeito com as respostas que a doutrina n\u00e3o lhe dava, recome\u00e7a a ler os Evangelhos\ne assistir os serm\u00f5es do bispo Ambr\u00f3sio, que o recebeu como um pai.<\/p>\n\n\n\n<p class=\"has-black-color has-text-color has-link-color has-small-font-size wp-elements-2a8e8e5e3aeac284e1ce75a3f30a8ee0\">Uma can\u00e7\u00e3o infantil, na voz cristalina de uma crian\u00e7a que insiste \"Toma, l\u00ea\", faz com que ele procure o livro a respeito de S\u00e3o Paulo e retorne em definitivo ao cristianismo.  Sua vida daquele momento em diante seria meditar, escrever livros, discursar. Em 391, \u00e9 chamado a Hipona, um grande centro comercial de cerca de 30.000 habitantes. Cinco anos depois seria sagrado bispo auxiliar de Hipona. Grande era a luta, \u00e0 \u00e9poca contra as chamadas heresias. Agostinho, sempre orador oficial, nos s\u00ednodos e conc\u00edlios em Cartago nunca esquece que \"mais valioso que a palavra \u00e9 o amor fraterno... Os olhos dos doentes queimam, por isso s\u00e3o tratados com delicadeza... Os m\u00e9dicos s\u00e3o delicados at\u00e9 com os doentes mais intolerantes: suportam o insulto, d\u00e3o o rem\u00e9dio, n\u00e3o revidam as ofensas.\"<\/p>\n\n\n\n<p class=\"has-black-color has-text-color has-link-color has-small-font-size wp-elements-4a71204b6a310e67347e8b99a8bc74c6\">As palavras que mais aparecem em seus escritos s\u00e3o amor e caridade. Por vezes, desenvolvendo uma id\u00e9ia interrompe seu racioc\u00ednio para deixar escapar gritos de amor a Deus: \"\u00d3 Senhor, amo-Te. Tu estremeceste meu cora\u00e7\u00e3o com a palavra e fizeste nascer o amor por Ti. Tarde Te amei, \u00f3 Beleza t\u00e3o amiga e t\u00e3o nova, tarde Te amei... Tocasteme, e ardo de desejo de alcan\u00e7ar a Tua paz.\"<\/p>\n\n\n\n<p class=\"has-black-color has-text-color has-link-color has-small-font-size wp-elements-e5806a5f2d5e68d263c5e419385698ee\">Duas vezes por semana falava na Igreja da Paz. Certa vez, discorrendo a respeito de\nS\u00e3o Jo\u00e3o se entusiasmou de tal forma que pregou durante cinco dias consecutivos, sempre aplaudido. Mas, dizia: \"Vossos louvores s\u00e3o folhas de \u00e1rvores; gostaria de ver os frutos.\" Tal era a admira\u00e7\u00e3o que tinham por Agostinho, que chegaram a acreditar que ele fosse capaz de produzir curas e lhe levavam doentes. \"Se eu tivesse poder para curar\", dizia, \"curaria a mim mesmo\". A doen\u00e7a que o tomou durou poucos dias. Percebendo que se avizinhava a morte, pediu que o deixassem a s\u00f3s, para orar. Morreu na noite de 28 para 29 de agosto de 430, aos 76 anos. N\u00e3o deixou testamento, mesmo porque n\u00e3o tinha bens.\n Os pintores medievais o retratam com o livro na m\u00e3o e o cora\u00e7\u00e3o em chamas. O livro\nsimboliza a ci\u00eancia, o cora\u00e7\u00e3o inflamado, o amor. Sabedoria e amor foram os seus dons\ninsepar\u00e1veis. Interessante anotar que embora seja sempre retratado com muita pompa e luxo, mesmo como bispo ele se recusava a usar o anel e a mitra.<\/p>\n\n\n\n<p class=\"has-black-color has-text-color has-link-color has-small-font-size wp-elements-65955f344a3fb6f2674fb8cb16888c1c\">Esse esp\u00edrito foi convidado a participar do grupo de trabalho do Esp\u00edrito da Verdade, e suas reflex\u00f5es podem ser encontradas em v\u00e1rias partes das obras de Kardec.<\/p>\n<\/div><\/div>\n\n\n\n<div class=\"wp-block-uagb-container uagb-block-9af4417c alignfull uagb-is-root-container\"><div class=\"uagb-container-inner-blocks-wrap\"><\/div><\/div>\n\n\n\n<div class=\"wp-block-uagb-container uagb-block-24168ba2 alignfull uagb-is-root-container\"><div class=\"uagb-container-inner-blocks-wrap\"><\/div><\/div>","protected":false},"excerpt":{"rendered":"<p>Agust\u00edn de Hipona Agust\u00edn naci\u00f3 el 13 de noviembre de 354 en Tagaste, una peque\u00f1a ciudad de la actual Argelia. Su infancia y juventud transcurrieron en su pueblo natal, el limitado entorno de una aldea perdida entre las monta\u00f1as. Dotado para la oratoria, le\u00eda y memorizaba pasajes de poetas y prosistas latinos. Aprendi\u00f3 elementos de [&hellip;]<\/p>","protected":false},"author":1,"featured_media":0,"parent":0,"menu_order":0,"comment_status":"closed","ping_status":"closed","template":"","meta":{"_uag_custom_page_level_css":"","site-sidebar-layout":"default","site-content-layout":"","ast-site-content-layout":"default","site-content-style":"default","site-sidebar-style":"default","ast-global-header-display":"","ast-banner-title-visibility":"","ast-main-header-display":"","ast-hfb-above-header-display":"","ast-hfb-below-header-display":"","ast-hfb-mobile-header-display":"","site-post-title":"disabled","ast-breadcrumbs-content":"","ast-featured-img":"","footer-sml-layout":"","theme-transparent-header-meta":"","adv-header-id-meta":"","stick-header-meta":"","header-above-stick-meta":"","header-main-stick-meta":"","header-below-stick-meta":"","astra-migrate-meta-layouts":"set","ast-page-background-enabled":"default","ast-page-background-meta":{"desktop":{"background-color":"var(--ast-global-color-4)","background-image":"","background-repeat":"repeat","background-position":"center center","background-size":"auto","background-attachment":"scroll","background-type":"","background-media":"","overlay-type":"","overlay-color":"","overlay-opacity":"","overlay-gradient":""},"tablet":{"background-color":"","background-image":"","background-repeat":"repeat","background-position":"center center","background-size":"auto","background-attachment":"scroll","background-type":"","background-media":"","overlay-type":"","overlay-color":"","overlay-opacity":"","overlay-gradient":""},"mobile":{"background-color":"","background-image":"","background-repeat":"repeat","background-position":"center center","background-size":"auto","background-attachment":"scroll","background-type":"","background-media":"","overlay-type":"","overlay-color":"","overlay-opacity":"","overlay-gradient":""}},"ast-content-background-meta":{"desktop":{"background-color":"var(--ast-global-color-5)","background-image":"","background-repeat":"repeat","background-position":"center center","background-size":"auto","background-attachment":"scroll","background-type":"","background-media":"","overlay-type":"","overlay-color":"","overlay-opacity":"","overlay-gradient":""},"tablet":{"background-color":"var(--ast-global-color-5)","background-image":"","background-repeat":"repeat","background-position":"center center","background-size":"auto","background-attachment":"scroll","background-type":"","background-media":"","overlay-type":"","overlay-color":"","overlay-opacity":"","overlay-gradient":""},"mobile":{"background-color":"var(--ast-global-color-5)","background-image":"","background-repeat":"repeat","background-position":"center center","background-size":"auto","background-attachment":"scroll","background-type":"","background-media":"","overlay-type":"","overlay-color":"","overlay-opacity":"","overlay-gradient":""}},"footnotes":""},"class_list":["post-6879","page","type-page","status-publish","hentry"],"yoast_head":"<!-- This site is optimized with the Yoast SEO Premium plugin v24.2 (Yoast SEO v24.6) - https:\/\/yoast.com\/wordpress\/plugins\/seo\/ -->\n<title>Agust\u00edn de Hipona - Uni\u00f3n Esp\u00edrita<\/title>\n<meta name=\"robots\" content=\"index, follow, max-snippet:-1, max-image-preview:large, max-video-preview:-1\" \/>\n<link rel=\"canonical\" href=\"https:\/\/nuevo-renacer.com\/pt\/agustin-de-hipona\/\" \/>\n<meta property=\"og:locale\" content=\"pt_BR\" \/>\n<meta property=\"og:type\" content=\"article\" \/>\n<meta property=\"og:title\" content=\"Agust\u00edn de Hipona\" \/>\n<meta property=\"og:description\" content=\"Agust\u00edn de Hipona Agust\u00edn naci\u00f3 el 13 de noviembre de 354 en Tagaste, una peque\u00f1a ciudad de la actual Argelia. Su infancia y juventud transcurrieron en su pueblo natal, el limitado entorno de una aldea perdida entre las monta\u00f1as. Dotado para la oratoria, le\u00eda y memorizaba pasajes de poetas y prosistas latinos. Aprendi\u00f3 elementos de [&hellip;]\" \/>\n<meta property=\"og:url\" content=\"https:\/\/nuevo-renacer.com\/pt\/agustin-de-hipona\/\" \/>\n<meta property=\"og:site_name\" content=\"Uni\u00f3n Esp\u00edrita\" \/>\n<meta property=\"article:publisher\" content=\"https:\/\/www.facebook.com\/groups\/3431398063740829\" \/>\n<meta property=\"article:modified_time\" content=\"2025-01-27T09:00:46+00:00\" \/>\n<meta property=\"og:image\" content=\"https:\/\/nuevo-renacer.com\/wp-content\/uploads\/2025\/01\/il_fullxfull.5931822635_igdn-edited-1024x1024.png\" \/>\n\t<meta property=\"og:image:width\" content=\"1024\" \/>\n\t<meta property=\"og:image:height\" content=\"1024\" \/>\n\t<meta property=\"og:image:type\" content=\"image\/png\" \/>\n<meta name=\"twitter:card\" content=\"summary_large_image\" \/>\n<meta name=\"twitter:label1\" content=\"Est. tempo de leitura\" \/>\n\t<meta name=\"twitter:data1\" content=\"5 minutos\" \/>\n<script type=\"application\/ld+json\" class=\"yoast-schema-graph\">{\"@context\":\"https:\/\/schema.org\",\"@graph\":[{\"@type\":\"WebPage\",\"@id\":\"https:\/\/nuevo-renacer.com\/agustin-de-hipona\/\",\"url\":\"https:\/\/nuevo-renacer.com\/agustin-de-hipona\/\",\"name\":\"Agust\u00edn de Hipona - Uni\u00f3n Esp\u00edrita\",\"isPartOf\":{\"@id\":\"https:\/\/nuevo-renacer.com\/#website\"},\"primaryImageOfPage\":{\"@id\":\"https:\/\/nuevo-renacer.com\/agustin-de-hipona\/#primaryimage\"},\"image\":{\"@id\":\"https:\/\/nuevo-renacer.com\/agustin-de-hipona\/#primaryimage\"},\"thumbnailUrl\":\"https:\/\/nuevo-renacer.com\/wp-content\/uploads\/2025\/01\/il_fullxfull.5931822635_igdn-edited.png\",\"datePublished\":\"2025-01-27T09:00:44+00:00\",\"dateModified\":\"2025-01-27T09:00:46+00:00\",\"breadcrumb\":{\"@id\":\"https:\/\/nuevo-renacer.com\/agustin-de-hipona\/#breadcrumb\"},\"inLanguage\":\"pt-BR\",\"potentialAction\":[{\"@type\":\"ReadAction\",\"target\":[\"https:\/\/nuevo-renacer.com\/agustin-de-hipona\/\"]}]},{\"@type\":\"ImageObject\",\"inLanguage\":\"pt-BR\",\"@id\":\"https:\/\/nuevo-renacer.com\/agustin-de-hipona\/#primaryimage\",\"url\":\"https:\/\/nuevo-renacer.com\/wp-content\/uploads\/2025\/01\/il_fullxfull.5931822635_igdn-edited.png\",\"contentUrl\":\"https:\/\/nuevo-renacer.com\/wp-content\/uploads\/2025\/01\/il_fullxfull.5931822635_igdn-edited.png\"},{\"@type\":\"BreadcrumbList\",\"@id\":\"https:\/\/nuevo-renacer.com\/agustin-de-hipona\/#breadcrumb\",\"itemListElement\":[{\"@type\":\"ListItem\",\"position\":1,\"name\":\"Startseite\",\"item\":\"https:\/\/nuevo-renacer.com\/\"},{\"@type\":\"ListItem\",\"position\":2,\"name\":\"Agust\u00edn de Hipona\"}]},{\"@type\":\"WebSite\",\"@id\":\"https:\/\/nuevo-renacer.com\/#website\",\"url\":\"https:\/\/nuevo-renacer.com\/\",\"name\":\"Uni\u00f3n Esp\u00edrita\",\"description\":\"Nuevo Renacer\",\"publisher\":{\"@id\":\"https:\/\/nuevo-renacer.com\/#organization\"},\"potentialAction\":[{\"@type\":\"SearchAction\",\"target\":{\"@type\":\"EntryPoint\",\"urlTemplate\":\"https:\/\/nuevo-renacer.com\/?s={search_term_string}\"},\"query-input\":{\"@type\":\"PropertyValueSpecification\",\"valueRequired\":true,\"valueName\":\"search_term_string\"}}],\"inLanguage\":\"pt-BR\"},{\"@type\":\"Organization\",\"@id\":\"https:\/\/nuevo-renacer.com\/#organization\",\"name\":\"UFEC\",\"url\":\"https:\/\/nuevo-renacer.com\/\",\"logo\":{\"@type\":\"ImageObject\",\"inLanguage\":\"pt-BR\",\"@id\":\"https:\/\/nuevo-renacer.com\/#\/schema\/logo\/image\/\",\"url\":\"https:\/\/nuevo-renacer.com\/wp-content\/uploads\/2024\/05\/cropped-LOGO-TERMINADO1-3-3.png\",\"contentUrl\":\"https:\/\/nuevo-renacer.com\/wp-content\/uploads\/2024\/05\/cropped-LOGO-TERMINADO1-3-3.png\",\"width\":512,\"height\":512,\"caption\":\"UFEC\"},\"image\":{\"@id\":\"https:\/\/nuevo-renacer.com\/#\/schema\/logo\/image\/\"},\"sameAs\":[\"https:\/\/www.facebook.com\/groups\/3431398063740829\"]}]}<\/script>\n<!-- \/ Yoast SEO Premium plugin. -->","yoast_head_json":{"title":"Agust\u00edn de Hipona - Uni\u00f3n Esp\u00edrita","robots":{"index":"index","follow":"follow","max-snippet":"max-snippet:-1","max-image-preview":"max-image-preview:large","max-video-preview":"max-video-preview:-1"},"canonical":"https:\/\/nuevo-renacer.com\/pt\/agustin-de-hipona\/","og_locale":"pt_BR","og_type":"article","og_title":"Agust\u00edn de Hipona","og_description":"Agust\u00edn de Hipona Agust\u00edn naci\u00f3 el 13 de noviembre de 354 en Tagaste, una peque\u00f1a ciudad de la actual Argelia. Su infancia y juventud transcurrieron en su pueblo natal, el limitado entorno de una aldea perdida entre las monta\u00f1as. Dotado para la oratoria, le\u00eda y memorizaba pasajes de poetas y prosistas latinos. Aprendi\u00f3 elementos de [&hellip;]","og_url":"https:\/\/nuevo-renacer.com\/pt\/agustin-de-hipona\/","og_site_name":"Uni\u00f3n Esp\u00edrita","article_publisher":"https:\/\/www.facebook.com\/groups\/3431398063740829","article_modified_time":"2025-01-27T09:00:46+00:00","og_image":[{"width":1024,"height":1024,"url":"https:\/\/nuevo-renacer.com\/wp-content\/uploads\/2025\/01\/il_fullxfull.5931822635_igdn-edited-1024x1024.png","type":"image\/png"}],"twitter_card":"summary_large_image","twitter_misc":{"Est. tempo de leitura":"5 minutos"},"schema":{"@context":"https:\/\/schema.org","@graph":[{"@type":"WebPage","@id":"https:\/\/nuevo-renacer.com\/agustin-de-hipona\/","url":"https:\/\/nuevo-renacer.com\/agustin-de-hipona\/","name":"Agust\u00edn de Hipona - Uni\u00f3n Esp\u00edrita","isPartOf":{"@id":"https:\/\/nuevo-renacer.com\/#website"},"primaryImageOfPage":{"@id":"https:\/\/nuevo-renacer.com\/agustin-de-hipona\/#primaryimage"},"image":{"@id":"https:\/\/nuevo-renacer.com\/agustin-de-hipona\/#primaryimage"},"thumbnailUrl":"https:\/\/nuevo-renacer.com\/wp-content\/uploads\/2025\/01\/il_fullxfull.5931822635_igdn-edited.png","datePublished":"2025-01-27T09:00:44+00:00","dateModified":"2025-01-27T09:00:46+00:00","breadcrumb":{"@id":"https:\/\/nuevo-renacer.com\/agustin-de-hipona\/#breadcrumb"},"inLanguage":"pt-BR","potentialAction":[{"@type":"ReadAction","target":["https:\/\/nuevo-renacer.com\/agustin-de-hipona\/"]}]},{"@type":"ImageObject","inLanguage":"pt-BR","@id":"https:\/\/nuevo-renacer.com\/agustin-de-hipona\/#primaryimage","url":"https:\/\/nuevo-renacer.com\/wp-content\/uploads\/2025\/01\/il_fullxfull.5931822635_igdn-edited.png","contentUrl":"https:\/\/nuevo-renacer.com\/wp-content\/uploads\/2025\/01\/il_fullxfull.5931822635_igdn-edited.png"},{"@type":"BreadcrumbList","@id":"https:\/\/nuevo-renacer.com\/agustin-de-hipona\/#breadcrumb","itemListElement":[{"@type":"ListItem","position":1,"name":"Startseite","item":"https:\/\/nuevo-renacer.com\/"},{"@type":"ListItem","position":2,"name":"Agust\u00edn de Hipona"}]},{"@type":"WebSite","@id":"https:\/\/nuevo-renacer.com\/#website","url":"https:\/\/nuevo-renacer.com\/","name":"Uni\u00f3n Esp\u00edrita","description":"Nuevo Renacer","publisher":{"@id":"https:\/\/nuevo-renacer.com\/#organization"},"potentialAction":[{"@type":"SearchAction","target":{"@type":"EntryPoint","urlTemplate":"https:\/\/nuevo-renacer.com\/?s={search_term_string}"},"query-input":{"@type":"PropertyValueSpecification","valueRequired":true,"valueName":"search_term_string"}}],"inLanguage":"pt-BR"},{"@type":"Organization","@id":"https:\/\/nuevo-renacer.com\/#organization","name":"UFEC","url":"https:\/\/nuevo-renacer.com\/","logo":{"@type":"ImageObject","inLanguage":"pt-BR","@id":"https:\/\/nuevo-renacer.com\/#\/schema\/logo\/image\/","url":"https:\/\/nuevo-renacer.com\/wp-content\/uploads\/2024\/05\/cropped-LOGO-TERMINADO1-3-3.png","contentUrl":"https:\/\/nuevo-renacer.com\/wp-content\/uploads\/2024\/05\/cropped-LOGO-TERMINADO1-3-3.png","width":512,"height":512,"caption":"UFEC"},"image":{"@id":"https:\/\/nuevo-renacer.com\/#\/schema\/logo\/image\/"},"sameAs":["https:\/\/www.facebook.com\/groups\/3431398063740829"]}]}},"uagb_featured_image_src":{"full":false,"thumbnail":false,"medium":false,"medium_large":false,"large":false,"1536x1536":false,"2048x2048":false,"trp-custom-language-flag":false},"uagb_author_info":{"display_name":"adbv0","author_link":"https:\/\/nuevo-renacer.com\/pt\/author\/adbv0\/"},"uagb_comment_info":0,"uagb_excerpt":"Agust\u00edn de Hipona Agust\u00edn naci\u00f3 el 13 de noviembre de 354 en Tagaste, una peque\u00f1a ciudad de la actual Argelia. Su infancia y juventud transcurrieron en su pueblo natal, el limitado entorno de una aldea perdida entre las monta\u00f1as. Dotado para la oratoria, le\u00eda y memorizaba pasajes de poetas y prosistas latinos. Aprendi\u00f3 elementos de&hellip;","jetpack_sharing_enabled":true,"_links":{"self":[{"href":"https:\/\/nuevo-renacer.com\/pt\/wp-json\/wp\/v2\/pages\/6879","targetHints":{"allow":["GET"]}}],"collection":[{"href":"https:\/\/nuevo-renacer.com\/pt\/wp-json\/wp\/v2\/pages"}],"about":[{"href":"https:\/\/nuevo-renacer.com\/pt\/wp-json\/wp\/v2\/types\/page"}],"author":[{"embeddable":true,"href":"https:\/\/nuevo-renacer.com\/pt\/wp-json\/wp\/v2\/users\/1"}],"replies":[{"embeddable":true,"href":"https:\/\/nuevo-renacer.com\/pt\/wp-json\/wp\/v2\/comments?post=6879"}],"version-history":[{"count":1,"href":"https:\/\/nuevo-renacer.com\/pt\/wp-json\/wp\/v2\/pages\/6879\/revisions"}],"predecessor-version":[{"id":6882,"href":"https:\/\/nuevo-renacer.com\/pt\/wp-json\/wp\/v2\/pages\/6879\/revisions\/6882"}],"wp:attachment":[{"href":"https:\/\/nuevo-renacer.com\/pt\/wp-json\/wp\/v2\/media?parent=6879"}],"curies":[{"name":"wp","href":"https:\/\/api.w.org\/{rel}","templated":true}]}}