{"id":6848,"date":"2025-01-22T09:29:16","date_gmt":"2025-01-22T09:29:16","guid":{"rendered":"https:\/\/nuevo-renacer.com\/?page_id=6848"},"modified":"2025-01-22T10:26:09","modified_gmt":"2025-01-22T10:26:09","slug":"maria-oneill","status":"publish","type":"page","link":"https:\/\/nuevo-renacer.com\/pt\/maria-oneill\/","title":{"rendered":"Maria O\u00b4Neill"},"content":{"rendered":"<div class=\"wp-block-uagb-container uagb-block-c3233075 alignfull uagb-is-root-container\"><div class=\"uagb-container-inner-blocks-wrap\">\n<p class=\"has-black-color has-text-color has-link-color has-medium-font-size wp-elements-1fd816dfa191dec6edef56988638b806\"><strong>Maria O\u00b4Neill<\/strong><\/p>\n<\/div><\/div>\n\n\n\n<div class=\"wp-block-uagb-container uagb-block-9b39e03b alignfull uagb-is-root-container\"><div class=\"uagb-container-inner-blocks-wrap\">\n<figure class=\"wp-block-image size-full is-resized\"><img decoding=\"async\" width=\"190\" height=\"217\" src=\"https:\/\/nuevo-renacer.com\/wp-content\/uploads\/2025\/01\/images-1.jpg\" alt=\"\" class=\"wp-image-6855\" style=\"width:233px;height:auto\" srcset=\"https:\/\/nuevo-renacer.com\/wp-content\/uploads\/2025\/01\/images-1.jpg 190w, https:\/\/nuevo-renacer.com\/wp-content\/uploads\/2025\/01\/images-1-11x12.jpg 11w\" sizes=\"(max-width: 190px) 100vw, 190px\" \/><\/figure>\n<\/div><\/div>\n\n\n\n<div class=\"wp-block-uagb-container uagb-block-13a92970 alignfull uagb-is-root-container\"><div class=\"uagb-container-inner-blocks-wrap\">\n<p class=\"has-black-color has-text-color has-link-color has-small-font-size wp-elements-00f8b78d71baa2efc438e560623660bb\">Maria O'Neill, escritora, come\u00e7ou sua carreira na teosofia e mais tarde se interessou pelo espiritismo, ao qual dedicou grande parte de sua vida at\u00e9 o fim de seus dias. Participou do 1o Congresso Esp\u00edrita Portugu\u00eas e deu \u00e0 FEP a contribui\u00e7\u00e3o mais comprometida. Fez parte do comit\u00ea editorial da revista Espiritismo, onde sempre trabalhou.<\/p>\n\n\n\n<p class=\"has-black-color has-text-color has-link-color has-small-font-size wp-elements-158e6468cf41ef56dd6236b8076514c0\">Pessoa \u00ababerta a todas as ansiedades e inquieta\u00e7\u00f5es do pensamento, sua vida foi um apostolado de ideias generosas e belas\u00bb. Sua obra liter\u00e1ria, bastante extensa, inclu\u00eda uma cole\u00e7\u00e3o de contos infantis, considerados os melhores em l\u00edngua portuguesa, na \u00e9poca, e que foram traduzidos para v\u00e1rias l\u00ednguas. Come\u00e7ou literariamente com um livro de poesia, \u00abNimbos\u00bb, prefaciado por Bulh\u00e3o Pato, ao qual se \"seguiram outros trabalhos, alguns de not\u00e1vel valor, como \u00abA Luta dos Sentimentos\u00bb, \u00abIlus\u00e3o Desfeita\u00bb, \u00abUm Drama de Ci\u00fames\u00bb, \u00abAmar \u00e9 sofrer\u00bb, \u00abUm compromisso feliz\u00bb, \u00abSalmos de Amor\u00bb, \u00abVida Real\u00bb, \u00abAlmas Femininas\u00bb, \u00abA V\u00edbora\u00bb, \u00abFolhas Soltas\u00bb, \u00abO Colar de Vera\u00bb, \u00abO Amor tudo consegue\u00bb, entre outros.<\/p>\n\n\n\n<p class=\"has-black-color has-text-color has-link-color has-small-font-size wp-elements-5c2f9648088b10c021560ddc9b3eda78\">N\u00e3o foi menos fecunda sua atividade filantr\u00f3pica, porque sua grandeza moral a levou a ser discreta, a fazer o bem sem ostentar generosidade, distribuindo pelos necessitados suas economias e o rendimento de seus trabalhos liter\u00e1rios, com uma simplicidade maternal.<\/p>\n\n\n\n<p class=\"has-black-color has-text-color has-link-color has-small-font-size wp-elements-30eb9bac137f6b1ae9f82625dec460b0\">Companheira e professora, dedicada como poucos \u00e0 Federa\u00e7\u00e3o Esp\u00edrita Portuguesa, exemplificou de forma superior o ideal que a fez notada pela desassombra\u00e7\u00e3o e pureza como soube servir... Senhora de vasta cultura, membro da academia de letras, sempre foi considerada um esp\u00edrito brilhante e de car\u00e1ter superior... Dentro da FEP era um elemento coordenador e armonizador entre aqueles que \u00e0s vezes se encontravam em desacordo, levando-os, assim, a ponderar suas atitudes, por vezes consideradas insol\u00faveis.<\/p>\n\n\n\n<p class=\"has-black-color has-text-color has-link-color has-small-font-size wp-elements-2e31a25b4d4cae7d36fd0b2c32d4d119\">Maria O'Neill surpreendia todos que a ouviam com seu verbo f\u00e1cil, sua lucidez e racioc\u00ednio l\u00edmpido. Aut\u00eantica mulher de armas se desdobra em confer\u00eancias e mais confer\u00eancias, tendo dado especial apoio aos esp\u00edritas algarvios e alentejanos que a convidavam com frequ\u00eancia para palestras. Pudemos encontrar v\u00e1rias refer\u00eancias elogiosas a Maria O'Neill em \"Com\u00e9rcio do Porto\" (17-11-1929), \"Gazeta de Coimbra\" (28-11-1929), \"O Primeiro de Janeiro\" (28-11-1929), entre muitos outros jornais ilustres da \u00e9poca.<\/p>\n\n\n\n<p class=\"has-black-color has-text-color has-link-color has-small-font-size wp-elements-45cf388f6f704720cfcea050e8d8aec0\">Em 1930 parte para o Brasil onde realiza uma s\u00e9rie de confer\u00eancias sobre assuntos liter\u00e1rios e esp\u00edritas. O sucesso \u00e9 grande por terras de Santa Cruz. Regressa a Lisboa e parte novamente para o Brasil, desta feita em Fevereiro de 1932, onde a esperavam muitas confer\u00eancias versando espiritismo. O seu estado de sa\u00fade era bastante grave quando desembarcou na Bahia, tendo resolvido regressar a Lisboa de urg\u00eancia.<\/p>\n\n\n\n<p class=\"has-black-color has-text-color has-link-color has-small-font-size wp-elements-e95907222a0354e45cca5f7a49fcaf75\">Desencarnou em pleno alto mar dois dias depois de ter encetado a viagem de\nregresso, isto \u00e9, a 23 de Mar\u00e7o de 1932. O seu corpo foi lan\u00e7ado ao mar, como\npreferiam os m\u00edsticos hindus, com quem Maria O\u2019Neill tinha profundas afinidades,\ncomo disc\u00edpula de Annie Besant e de Blawatsky, enquanto o seu esp\u00edrito imortal\ndemandou outras paragens da espiritualidade em busca de novos horizontes.<\/p>\n<\/div><\/div>\n\n\n\n<div class=\"wp-block-uagb-container uagb-block-2ca14fd4 alignfull uagb-is-root-container\"><div class=\"uagb-container-inner-blocks-wrap\"><\/div><\/div>\n\n\n\n<div class=\"wp-block-uagb-container uagb-block-bead905b alignfull uagb-is-root-container\"><div class=\"uagb-container-inner-blocks-wrap\"><\/div><\/div>","protected":false},"excerpt":{"rendered":"<p>Maria O\u00b4Neill Mar\u00eda O&#8217;Neill, escritora, se inici\u00f3 en la teosof\u00eda, interes\u00e1ndose posteriormente por el espiritismo, al que dedic\u00f3 hasta el final de sus d\u00edas una gran parte de su existencia. Particip\u00f3 en el I Congreso Esp\u00edrita Portugu\u00e9s y dio a la FEP la m\u00e1s dedicada colaboraci\u00f3n. Fue parte del cuerpo redactor de la revista Espiritismo, [&hellip;]<\/p>","protected":false},"author":1,"featured_media":0,"parent":0,"menu_order":0,"comment_status":"closed","ping_status":"closed","template":"","meta":{"_uag_custom_page_level_css":"","site-sidebar-layout":"default","site-content-layout":"","ast-site-content-layout":"default","site-content-style":"default","site-sidebar-style":"default","ast-global-header-display":"","ast-banner-title-visibility":"","ast-main-header-display":"","ast-hfb-above-header-display":"","ast-hfb-below-header-display":"","ast-hfb-mobile-header-display":"","site-post-title":"disabled","ast-breadcrumbs-content":"","ast-featured-img":"","footer-sml-layout":"","theme-transparent-header-meta":"","adv-header-id-meta":"","stick-header-meta":"","header-above-stick-meta":"","header-main-stick-meta":"","header-below-stick-meta":"","astra-migrate-meta-layouts":"set","ast-page-background-enabled":"default","ast-page-background-meta":{"desktop":{"background-color":"var(--ast-global-color-4)","background-image":"","background-repeat":"repeat","background-position":"center center","background-size":"auto","background-attachment":"scroll","background-type":"","background-media":"","overlay-type":"","overlay-color":"","overlay-opacity":"","overlay-gradient":""},"tablet":{"background-color":"","background-image":"","background-repeat":"repeat","background-position":"center center","background-size":"auto","background-attachment":"scroll","background-type":"","background-media":"","overlay-type":"","overlay-color":"","overlay-opacity":"","overlay-gradient":""},"mobile":{"background-color":"","background-image":"","background-repeat":"repeat","background-position":"center center","background-size":"auto","background-attachment":"scroll","background-type":"","background-media":"","overlay-type":"","overlay-color":"","overlay-opacity":"","overlay-gradient":""}},"ast-content-background-meta":{"desktop":{"background-color":"var(--ast-global-color-5)","background-image":"","background-repeat":"repeat","background-position":"center center","background-size":"auto","background-attachment":"scroll","background-type":"","background-media":"","overlay-type":"","overlay-color":"","overlay-opacity":"","overlay-gradient":""},"tablet":{"background-color":"var(--ast-global-color-5)","background-image":"","background-repeat":"repeat","background-position":"center center","background-size":"auto","background-attachment":"scroll","background-type":"","background-media":"","overlay-type":"","overlay-color":"","overlay-opacity":"","overlay-gradient":""},"mobile":{"background-color":"var(--ast-global-color-5)","background-image":"","background-repeat":"repeat","background-position":"center center","background-size":"auto","background-attachment":"scroll","background-type":"","background-media":"","overlay-type":"","overlay-color":"","overlay-opacity":"","overlay-gradient":""}},"footnotes":""},"class_list":["post-6848","page","type-page","status-publish","hentry"],"yoast_head":"<!-- This site is optimized with the Yoast SEO Premium plugin v24.2 (Yoast SEO v24.6) - https:\/\/yoast.com\/wordpress\/plugins\/seo\/ -->\n<title>Maria O\u00b4Neill - Uni\u00f3n Esp\u00edrita<\/title>\n<meta name=\"robots\" content=\"index, follow, max-snippet:-1, max-image-preview:large, max-video-preview:-1\" \/>\n<link rel=\"canonical\" href=\"https:\/\/nuevo-renacer.com\/pt\/maria-oneill\/\" \/>\n<meta property=\"og:locale\" content=\"pt_BR\" \/>\n<meta property=\"og:type\" content=\"article\" \/>\n<meta property=\"og:title\" content=\"Maria O\u00b4Neill\" \/>\n<meta property=\"og:description\" content=\"Maria O\u00b4Neill Mar\u00eda O&#8217;Neill, escritora, se inici\u00f3 en la teosof\u00eda, interes\u00e1ndose posteriormente por el espiritismo, al que dedic\u00f3 hasta el final de sus d\u00edas una gran parte de su existencia. Particip\u00f3 en el I Congreso Esp\u00edrita Portugu\u00e9s y dio a la FEP la m\u00e1s dedicada colaboraci\u00f3n. Fue parte del cuerpo redactor de la revista Espiritismo, [&hellip;]\" \/>\n<meta property=\"og:url\" content=\"https:\/\/nuevo-renacer.com\/pt\/maria-oneill\/\" \/>\n<meta property=\"og:site_name\" content=\"Uni\u00f3n Esp\u00edrita\" \/>\n<meta property=\"article:publisher\" content=\"https:\/\/www.facebook.com\/groups\/3431398063740829\" \/>\n<meta property=\"article:modified_time\" content=\"2025-01-22T10:26:09+00:00\" \/>\n<meta property=\"og:image\" content=\"https:\/\/nuevo-renacer.com\/wp-content\/uploads\/2025\/01\/images-1.jpg\" \/>\n\t<meta property=\"og:image:width\" content=\"190\" \/>\n\t<meta property=\"og:image:height\" content=\"217\" \/>\n\t<meta property=\"og:image:type\" content=\"image\/jpeg\" \/>\n<meta name=\"twitter:card\" content=\"summary_large_image\" \/>\n<meta name=\"twitter:label1\" content=\"Est. tempo de leitura\" \/>\n\t<meta name=\"twitter:data1\" content=\"3 minutos\" \/>\n<script type=\"application\/ld+json\" class=\"yoast-schema-graph\">{\"@context\":\"https:\/\/schema.org\",\"@graph\":[{\"@type\":\"WebPage\",\"@id\":\"https:\/\/nuevo-renacer.com\/maria-oneill\/\",\"url\":\"https:\/\/nuevo-renacer.com\/maria-oneill\/\",\"name\":\"Maria O\u00b4Neill - Uni\u00f3n Esp\u00edrita\",\"isPartOf\":{\"@id\":\"https:\/\/nuevo-renacer.com\/#website\"},\"primaryImageOfPage\":{\"@id\":\"https:\/\/nuevo-renacer.com\/maria-oneill\/#primaryimage\"},\"image\":{\"@id\":\"https:\/\/nuevo-renacer.com\/maria-oneill\/#primaryimage\"},\"thumbnailUrl\":\"https:\/\/nuevo-renacer.com\/wp-content\/uploads\/2025\/01\/images-1.jpg\",\"datePublished\":\"2025-01-22T09:29:16+00:00\",\"dateModified\":\"2025-01-22T10:26:09+00:00\",\"breadcrumb\":{\"@id\":\"https:\/\/nuevo-renacer.com\/maria-oneill\/#breadcrumb\"},\"inLanguage\":\"pt-BR\",\"potentialAction\":[{\"@type\":\"ReadAction\",\"target\":[\"https:\/\/nuevo-renacer.com\/maria-oneill\/\"]}]},{\"@type\":\"ImageObject\",\"inLanguage\":\"pt-BR\",\"@id\":\"https:\/\/nuevo-renacer.com\/maria-oneill\/#primaryimage\",\"url\":\"https:\/\/nuevo-renacer.com\/wp-content\/uploads\/2025\/01\/images-1.jpg\",\"contentUrl\":\"https:\/\/nuevo-renacer.com\/wp-content\/uploads\/2025\/01\/images-1.jpg\"},{\"@type\":\"BreadcrumbList\",\"@id\":\"https:\/\/nuevo-renacer.com\/maria-oneill\/#breadcrumb\",\"itemListElement\":[{\"@type\":\"ListItem\",\"position\":1,\"name\":\"Startseite\",\"item\":\"https:\/\/nuevo-renacer.com\/\"},{\"@type\":\"ListItem\",\"position\":2,\"name\":\"Maria O\u00b4Neill\"}]},{\"@type\":\"WebSite\",\"@id\":\"https:\/\/nuevo-renacer.com\/#website\",\"url\":\"https:\/\/nuevo-renacer.com\/\",\"name\":\"Uni\u00f3n Esp\u00edrita\",\"description\":\"Nuevo Renacer\",\"publisher\":{\"@id\":\"https:\/\/nuevo-renacer.com\/#organization\"},\"potentialAction\":[{\"@type\":\"SearchAction\",\"target\":{\"@type\":\"EntryPoint\",\"urlTemplate\":\"https:\/\/nuevo-renacer.com\/?s={search_term_string}\"},\"query-input\":{\"@type\":\"PropertyValueSpecification\",\"valueRequired\":true,\"valueName\":\"search_term_string\"}}],\"inLanguage\":\"pt-BR\"},{\"@type\":\"Organization\",\"@id\":\"https:\/\/nuevo-renacer.com\/#organization\",\"name\":\"UFEC\",\"url\":\"https:\/\/nuevo-renacer.com\/\",\"logo\":{\"@type\":\"ImageObject\",\"inLanguage\":\"pt-BR\",\"@id\":\"https:\/\/nuevo-renacer.com\/#\/schema\/logo\/image\/\",\"url\":\"https:\/\/nuevo-renacer.com\/wp-content\/uploads\/2024\/05\/cropped-LOGO-TERMINADO1-3-3.png\",\"contentUrl\":\"https:\/\/nuevo-renacer.com\/wp-content\/uploads\/2024\/05\/cropped-LOGO-TERMINADO1-3-3.png\",\"width\":512,\"height\":512,\"caption\":\"UFEC\"},\"image\":{\"@id\":\"https:\/\/nuevo-renacer.com\/#\/schema\/logo\/image\/\"},\"sameAs\":[\"https:\/\/www.facebook.com\/groups\/3431398063740829\"]}]}<\/script>\n<!-- \/ Yoast SEO Premium plugin. -->","yoast_head_json":{"title":"Maria O\u00b4Neill - Uni\u00f3n Esp\u00edrita","robots":{"index":"index","follow":"follow","max-snippet":"max-snippet:-1","max-image-preview":"max-image-preview:large","max-video-preview":"max-video-preview:-1"},"canonical":"https:\/\/nuevo-renacer.com\/pt\/maria-oneill\/","og_locale":"pt_BR","og_type":"article","og_title":"Maria O\u00b4Neill","og_description":"Maria O\u00b4Neill Mar\u00eda O&#8217;Neill, escritora, se inici\u00f3 en la teosof\u00eda, interes\u00e1ndose posteriormente por el espiritismo, al que dedic\u00f3 hasta el final de sus d\u00edas una gran parte de su existencia. Particip\u00f3 en el I Congreso Esp\u00edrita Portugu\u00e9s y dio a la FEP la m\u00e1s dedicada colaboraci\u00f3n. Fue parte del cuerpo redactor de la revista Espiritismo, [&hellip;]","og_url":"https:\/\/nuevo-renacer.com\/pt\/maria-oneill\/","og_site_name":"Uni\u00f3n Esp\u00edrita","article_publisher":"https:\/\/www.facebook.com\/groups\/3431398063740829","article_modified_time":"2025-01-22T10:26:09+00:00","og_image":[{"width":190,"height":217,"url":"https:\/\/nuevo-renacer.com\/wp-content\/uploads\/2025\/01\/images-1.jpg","type":"image\/jpeg"}],"twitter_card":"summary_large_image","twitter_misc":{"Est. tempo de leitura":"3 minutos"},"schema":{"@context":"https:\/\/schema.org","@graph":[{"@type":"WebPage","@id":"https:\/\/nuevo-renacer.com\/maria-oneill\/","url":"https:\/\/nuevo-renacer.com\/maria-oneill\/","name":"Maria O\u00b4Neill - Uni\u00f3n Esp\u00edrita","isPartOf":{"@id":"https:\/\/nuevo-renacer.com\/#website"},"primaryImageOfPage":{"@id":"https:\/\/nuevo-renacer.com\/maria-oneill\/#primaryimage"},"image":{"@id":"https:\/\/nuevo-renacer.com\/maria-oneill\/#primaryimage"},"thumbnailUrl":"https:\/\/nuevo-renacer.com\/wp-content\/uploads\/2025\/01\/images-1.jpg","datePublished":"2025-01-22T09:29:16+00:00","dateModified":"2025-01-22T10:26:09+00:00","breadcrumb":{"@id":"https:\/\/nuevo-renacer.com\/maria-oneill\/#breadcrumb"},"inLanguage":"pt-BR","potentialAction":[{"@type":"ReadAction","target":["https:\/\/nuevo-renacer.com\/maria-oneill\/"]}]},{"@type":"ImageObject","inLanguage":"pt-BR","@id":"https:\/\/nuevo-renacer.com\/maria-oneill\/#primaryimage","url":"https:\/\/nuevo-renacer.com\/wp-content\/uploads\/2025\/01\/images-1.jpg","contentUrl":"https:\/\/nuevo-renacer.com\/wp-content\/uploads\/2025\/01\/images-1.jpg"},{"@type":"BreadcrumbList","@id":"https:\/\/nuevo-renacer.com\/maria-oneill\/#breadcrumb","itemListElement":[{"@type":"ListItem","position":1,"name":"Startseite","item":"https:\/\/nuevo-renacer.com\/"},{"@type":"ListItem","position":2,"name":"Maria O\u00b4Neill"}]},{"@type":"WebSite","@id":"https:\/\/nuevo-renacer.com\/#website","url":"https:\/\/nuevo-renacer.com\/","name":"Uni\u00f3n Esp\u00edrita","description":"Nuevo Renacer","publisher":{"@id":"https:\/\/nuevo-renacer.com\/#organization"},"potentialAction":[{"@type":"SearchAction","target":{"@type":"EntryPoint","urlTemplate":"https:\/\/nuevo-renacer.com\/?s={search_term_string}"},"query-input":{"@type":"PropertyValueSpecification","valueRequired":true,"valueName":"search_term_string"}}],"inLanguage":"pt-BR"},{"@type":"Organization","@id":"https:\/\/nuevo-renacer.com\/#organization","name":"UFEC","url":"https:\/\/nuevo-renacer.com\/","logo":{"@type":"ImageObject","inLanguage":"pt-BR","@id":"https:\/\/nuevo-renacer.com\/#\/schema\/logo\/image\/","url":"https:\/\/nuevo-renacer.com\/wp-content\/uploads\/2024\/05\/cropped-LOGO-TERMINADO1-3-3.png","contentUrl":"https:\/\/nuevo-renacer.com\/wp-content\/uploads\/2024\/05\/cropped-LOGO-TERMINADO1-3-3.png","width":512,"height":512,"caption":"UFEC"},"image":{"@id":"https:\/\/nuevo-renacer.com\/#\/schema\/logo\/image\/"},"sameAs":["https:\/\/www.facebook.com\/groups\/3431398063740829"]}]}},"uagb_featured_image_src":{"full":false,"thumbnail":false,"medium":false,"medium_large":false,"large":false,"1536x1536":false,"2048x2048":false,"trp-custom-language-flag":false},"uagb_author_info":{"display_name":"adbv0","author_link":"https:\/\/nuevo-renacer.com\/pt\/author\/adbv0\/"},"uagb_comment_info":0,"uagb_excerpt":"Maria O\u00b4Neill Mar\u00eda O&#8217;Neill, escritora, se inici\u00f3 en la teosof\u00eda, interes\u00e1ndose posteriormente por el espiritismo, al que dedic\u00f3 hasta el final de sus d\u00edas una gran parte de su existencia. Particip\u00f3 en el I Congreso Esp\u00edrita Portugu\u00e9s y dio a la FEP la m\u00e1s dedicada colaboraci\u00f3n. Fue parte del cuerpo redactor de la revista Espiritismo,&hellip;","jetpack_sharing_enabled":true,"_links":{"self":[{"href":"https:\/\/nuevo-renacer.com\/pt\/wp-json\/wp\/v2\/pages\/6848","targetHints":{"allow":["GET"]}}],"collection":[{"href":"https:\/\/nuevo-renacer.com\/pt\/wp-json\/wp\/v2\/pages"}],"about":[{"href":"https:\/\/nuevo-renacer.com\/pt\/wp-json\/wp\/v2\/types\/page"}],"author":[{"embeddable":true,"href":"https:\/\/nuevo-renacer.com\/pt\/wp-json\/wp\/v2\/users\/1"}],"replies":[{"embeddable":true,"href":"https:\/\/nuevo-renacer.com\/pt\/wp-json\/wp\/v2\/comments?post=6848"}],"version-history":[{"count":4,"href":"https:\/\/nuevo-renacer.com\/pt\/wp-json\/wp\/v2\/pages\/6848\/revisions"}],"predecessor-version":[{"id":6856,"href":"https:\/\/nuevo-renacer.com\/pt\/wp-json\/wp\/v2\/pages\/6848\/revisions\/6856"}],"wp:attachment":[{"href":"https:\/\/nuevo-renacer.com\/pt\/wp-json\/wp\/v2\/media?parent=6848"}],"curies":[{"name":"wp","href":"https:\/\/api.w.org\/{rel}","templated":true}]}}