{"id":6835,"date":"2025-01-21T08:24:17","date_gmt":"2025-01-21T08:24:17","guid":{"rendered":"https:\/\/nuevo-renacer.com\/?page_id=6835"},"modified":"2025-01-21T10:39:43","modified_gmt":"2025-01-21T10:39:43","slug":"frederic-myers","status":"publish","type":"page","link":"https:\/\/nuevo-renacer.com\/pt\/frederic-myers\/","title":{"rendered":"Frederic Myers"},"content":{"rendered":"<div class=\"wp-block-uagb-container uagb-block-6eb2eb81 alignfull uagb-is-root-container\"><div class=\"uagb-container-inner-blocks-wrap\">\n<p class=\"has-black-color has-text-color has-link-color has-medium-font-size wp-elements-d53ec2fd06ca8da62a6c46247952ab4b\"><strong>Frederic Myers<\/strong><\/p>\n<\/div><\/div>\n\n\n\n<div class=\"wp-block-uagb-container uagb-block-471fba8b alignfull uagb-is-root-container\"><div class=\"uagb-container-inner-blocks-wrap\">\n<figure class=\"wp-block-image size-large is-resized\"><img fetchpriority=\"high\" decoding=\"async\" width=\"829\" height=\"1024\" src=\"https:\/\/nuevo-renacer.com\/wp-content\/uploads\/2025\/01\/Frederic_William_Henry_Myers_by_William_Clarke_Wontner-829x1024.jpg\" alt=\"\" class=\"wp-image-6836\" style=\"width:286px;height:auto\" srcset=\"https:\/\/nuevo-renacer.com\/wp-content\/uploads\/2025\/01\/Frederic_William_Henry_Myers_by_William_Clarke_Wontner-829x1024.jpg 829w, https:\/\/nuevo-renacer.com\/wp-content\/uploads\/2025\/01\/Frederic_William_Henry_Myers_by_William_Clarke_Wontner-243x300.jpg 243w, https:\/\/nuevo-renacer.com\/wp-content\/uploads\/2025\/01\/Frederic_William_Henry_Myers_by_William_Clarke_Wontner-768x949.jpg 768w, https:\/\/nuevo-renacer.com\/wp-content\/uploads\/2025\/01\/Frederic_William_Henry_Myers_by_William_Clarke_Wontner-1243x1536.jpg 1243w, https:\/\/nuevo-renacer.com\/wp-content\/uploads\/2025\/01\/Frederic_William_Henry_Myers_by_William_Clarke_Wontner-1657x2048.jpg 1657w, https:\/\/nuevo-renacer.com\/wp-content\/uploads\/2025\/01\/Frederic_William_Henry_Myers_by_William_Clarke_Wontner-10x12.jpg 10w\" sizes=\"(max-width: 829px) 100vw, 829px\" \/><\/figure>\n<\/div><\/div>\n\n\n\n<div class=\"wp-block-uagb-container uagb-block-6ec3e696 alignfull uagb-is-root-container\"><div class=\"uagb-container-inner-blocks-wrap\">\n<p class=\"has-black-color has-text-color has-link-color has-small-font-size wp-elements-bf8b4689715d373811840da1f80564d1\">Ele nasceu em Keswick (Cumberland), Inglaterra, em 6 de fevereiro de 1843, e faleceu em Roma, It\u00e1lia, em 17 de janeiro de 1901.<\/p>\n\n\n\n<p class=\"has-black-color has-text-color has-link-color has-small-font-size wp-elements-78f6a35cd2fd15bf35c1a1a24b1e25ba\">Frederic William Henry Myers, mais conhecido como Frederic Myers, foi um estudioso liter\u00e1rio ingl\u00eas, famoso por seus not\u00e1veis escritos e estudos sobre fen\u00f4menos esp\u00edritas.<\/p>\n\n\n\n<p class=\"has-black-color has-text-color has-link-color has-small-font-size wp-elements-684f57c9296ea7eac92d1599f1e18a98\">Foi educado no Trinity College de Cambridge, e, ap\u00f3s atingir um apreci\u00e1vel n\u00famero de vit\u00f3rias, foi nomeado professor do mesmo centro e, em 1872, inspetor de todas as escolas do distrito. Nessa \u00e9poca j\u00e1 havia publicado um poema intitulado &#034;S\u00e3o Paulo&#034;. Em 1870 e 1872 publicou outros dois volumes de poesia. Em 1883 publicou seus &#034;Ensaios Cl\u00e1ssicos e Modernos&#034;, uma obra que alcan\u00e7ou not\u00e1vel valor liter\u00e1rio.<\/p>\n\n\n\n<p class=\"has-black-color has-text-color has-link-color has-small-font-size wp-elements-e2e4d893caf949efd7980b1d364cb972\">Em 1882, depois de v\u00e1rios ensaios, estudos e discuss\u00f5es, figurou em primeiro lugar na lista de fundadores da &#034;London Society for Psychical Research&#034; e tornou-se porta-voz da sociedade, trazendo uma valiosa contribui\u00e7\u00e3o para a revis\u00e3o da obra-prima &#034;Fantasmas dos vivos&#034; (1886), cuja introdu\u00e7\u00e3o escreveu. Tamb\u00e9m escreveu que &#034;A ci\u00eancia e a vida futura&#034;.<\/p>\n\n\n\n<p class=\"has-black-color has-text-color has-link-color has-small-font-size wp-elements-9b7ec8e7da6717630c273ad601b0b1d7\">Depois de sua desencarna\u00e7\u00e3o, foi publicado seu livro &#034;Human Personality and its Survival of Bodily Death&#034; (A personalidade humana e sua sobreviv\u00eancia \u00e0 morte corporal), traduzido para o portugu\u00eas com o t\u00edtulo &#034;A Personalidade Humana&#034; (A personalidade humana), obra que constituiu, de facto e de direito, uma preciosa contribui\u00e7\u00e3o para o campo da investiga\u00e7\u00e3o ps\u00edquica, e que foi qualificada pelo s\u00e1bio William James como a primeira tentativa de considerar os fen\u00f4menos de alucina\u00e7\u00e3o, o hipnotismo, o automatismo e a dupla personalidade como partes de um todo \u00fanico.<\/p>\n\n\n\n<p class=\"has-black-color has-text-color has-link-color has-small-font-size wp-elements-d4e8f2cfcd74dfe717fd53f7cba9aa29\">Sua obra &#034;A personalidade humana&#034; foi dedicada a Henry Sidgwick e Edmond Gurney e \u00e9 um dep\u00f3sito de brilhantes ensinamentos. Nela, Myers proclama que &#034;assim como S\u00f3crates abaixou a filosofia do c\u00e9u para a terra, o m\u00e9dium Emmanuel Swedenborg foi quem elevou a filosofia da terra ao c\u00e9u&#034;.<\/p>\n\n\n\n<p class=\"has-black-color has-text-color has-link-color has-small-font-size wp-elements-20ec5d11d317a98f644be32863a5abad\">O Espiritismo deve muito a Frederic Myers pelo interesse que sempre demonstrou na investiga\u00e7\u00e3o dos fen\u00f4menos ps\u00edquicos e pelo idealismo que o norteou, buscando convencer muitas pessoas atrav\u00e9s de um trabalho met\u00f3dico e de divulga\u00e7\u00e3o das verdades esp\u00edritas, atrav\u00e9s de obras que tiveram o m\u00e9rito de sensibilizar muitas pessoas notoriamente influentes, entre elas \u201cSir\u201d Arthur Conan Doyle, o brilhante criador de \u201cSherlock Holmes\u201d, que chegou a dizer em uma de suas hist\u00f3rias que a obra de Frederic Myers \u201cA Personalidade Humana\u201d foi a que mais o impressionou, contribuindo decisivamente para sua convers\u00e3o ao Espiritismo.<\/p>\n\n\n\n<p class=\"has-black-color has-text-color has-link-color has-small-font-size wp-elements-58a6b7dbe413ae4792810e2f830f0a6b\">Em sua obra &#034;Hist\u00f3ria do Espiritismo&#034;, Conan Doyle atesta sobre Myers, dizendo: &#034;A f\u00e9 que F. W. H. Myers havia perdido no Cristianismo foi restaurada pelo Espiritismo&#034;. Em seu livro &#034;A F\u00e9 Final&#034;, diz: &#034;N\u00e3o posso, em nenhum sentido profundo, contrastar a minha cren\u00e7a atual com o Cristianismo. Considero-a mais como um desenvolvimento cient\u00edfico da atitude e do ensino do Cristo&#034;.<\/p>\n\n\n\n<p class=\"has-black-color has-text-color has-link-color has-small-font-size wp-elements-52b9b3ee7f4afd28c3b52bb92db3363a\">Consequentemente, Frederic Myers foi um dos pesquisadores mais eruditos do s\u00e9culo passado e sua contribui\u00e7\u00e3o para a dissemina\u00e7\u00e3o dos postulados esp\u00edritas foi uma das mais apreciadas.<\/p>\n<\/div><\/div>\n\n\n\n<div class=\"wp-block-uagb-container uagb-block-ec1b0aba alignfull uagb-is-root-container\"><div class=\"uagb-container-inner-blocks-wrap\"><\/div><\/div>\n\n\n\n<div class=\"wp-block-uagb-container uagb-block-714a0535 alignfull uagb-is-root-container\"><div class=\"uagb-container-inner-blocks-wrap\"><\/div><\/div>","protected":false},"excerpt":{"rendered":"<p>Frederic Myers Naci\u00f3 en Keswick (Cumberland), Inglaterra, el 6 de febrero de 1843, y muri\u00f3 en Roma, Italia, el 17 de enero de 1901. Frederic William Henry Myers, m\u00e1s conocido como Frederic Myers, fue un erudito literario ingl\u00e9s, famoso por sus notables escritos y estudios sobre los fen\u00f3menos esp\u00edritas. Se educ\u00f3 en el Trinity College [&hellip;]<\/p>","protected":false},"author":1,"featured_media":0,"parent":0,"menu_order":0,"comment_status":"closed","ping_status":"closed","template":"","meta":{"_uag_custom_page_level_css":"","site-sidebar-layout":"default","site-content-layout":"","ast-site-content-layout":"default","site-content-style":"default","site-sidebar-style":"default","ast-global-header-display":"","ast-banner-title-visibility":"","ast-main-header-display":"","ast-hfb-above-header-display":"","ast-hfb-below-header-display":"","ast-hfb-mobile-header-display":"","site-post-title":"disabled","ast-breadcrumbs-content":"","ast-featured-img":"","footer-sml-layout":"","theme-transparent-header-meta":"","adv-header-id-meta":"","stick-header-meta":"","header-above-stick-meta":"","header-main-stick-meta":"","header-below-stick-meta":"","astra-migrate-meta-layouts":"set","ast-page-background-enabled":"default","ast-page-background-meta":{"desktop":{"background-color":"var(--ast-global-color-4)","background-image":"","background-repeat":"repeat","background-position":"center center","background-size":"auto","background-attachment":"scroll","background-type":"","background-media":"","overlay-type":"","overlay-color":"","overlay-opacity":"","overlay-gradient":""},"tablet":{"background-color":"","background-image":"","background-repeat":"repeat","background-position":"center center","background-size":"auto","background-attachment":"scroll","background-type":"","background-media":"","overlay-type":"","overlay-color":"","overlay-opacity":"","overlay-gradient":""},"mobile":{"background-color":"","background-image":"","background-repeat":"repeat","background-position":"center center","background-size":"auto","background-attachment":"scroll","background-type":"","background-media":"","overlay-type":"","overlay-color":"","overlay-opacity":"","overlay-gradient":""}},"ast-content-background-meta":{"desktop":{"background-color":"var(--ast-global-color-5)","background-image":"","background-repeat":"repeat","background-position":"center center","background-size":"auto","background-attachment":"scroll","background-type":"","background-media":"","overlay-type":"","overlay-color":"","overlay-opacity":"","overlay-gradient":""},"tablet":{"background-color":"var(--ast-global-color-5)","background-image":"","background-repeat":"repeat","background-position":"center center","background-size":"auto","background-attachment":"scroll","background-type":"","background-media":"","overlay-type":"","overlay-color":"","overlay-opacity":"","overlay-gradient":""},"mobile":{"background-color":"var(--ast-global-color-5)","background-image":"","background-repeat":"repeat","background-position":"center center","background-size":"auto","background-attachment":"scroll","background-type":"","background-media":"","overlay-type":"","overlay-color":"","overlay-opacity":"","overlay-gradient":""}},"footnotes":""},"class_list":["post-6835","page","type-page","status-publish","hentry"],"yoast_head":"<!-- This site is optimized with the Yoast SEO Premium plugin v24.2 (Yoast SEO v24.6) - https:\/\/yoast.com\/wordpress\/plugins\/seo\/ -->\n<title>Frederic Myers - Uni\u00f3n Esp\u00edrita<\/title>\n<meta name=\"robots\" content=\"index, follow, max-snippet:-1, max-image-preview:large, max-video-preview:-1\" \/>\n<link rel=\"canonical\" href=\"https:\/\/nuevo-renacer.com\/pt\/frederic-myers\/\" \/>\n<meta property=\"og:locale\" content=\"pt_BR\" \/>\n<meta property=\"og:type\" content=\"article\" \/>\n<meta property=\"og:title\" content=\"Frederic Myers\" \/>\n<meta property=\"og:description\" content=\"Frederic Myers Naci\u00f3 en Keswick (Cumberland), Inglaterra, el 6 de febrero de 1843, y muri\u00f3 en Roma, Italia, el 17 de enero de 1901. Frederic William Henry Myers, m\u00e1s conocido como Frederic Myers, fue un erudito literario ingl\u00e9s, famoso por sus notables escritos y estudios sobre los fen\u00f3menos esp\u00edritas. Se educ\u00f3 en el Trinity College [&hellip;]\" \/>\n<meta property=\"og:url\" content=\"https:\/\/nuevo-renacer.com\/pt\/frederic-myers\/\" \/>\n<meta property=\"og:site_name\" content=\"Uni\u00f3n Esp\u00edrita\" \/>\n<meta property=\"article:publisher\" content=\"https:\/\/www.facebook.com\/groups\/3431398063740829\" \/>\n<meta property=\"article:modified_time\" content=\"2025-01-21T10:39:43+00:00\" \/>\n<meta property=\"og:image\" content=\"https:\/\/nuevo-renacer.com\/wp-content\/uploads\/2025\/01\/Frederic_William_Henry_Myers_by_William_Clarke_Wontner-scaled.jpg\" \/>\n\t<meta property=\"og:image:width\" content=\"2071\" \/>\n\t<meta property=\"og:image:height\" content=\"2560\" \/>\n\t<meta property=\"og:image:type\" content=\"image\/jpeg\" \/>\n<meta name=\"twitter:card\" content=\"summary_large_image\" \/>\n<meta name=\"twitter:label1\" content=\"Est. tempo de leitura\" \/>\n\t<meta name=\"twitter:data1\" content=\"4 minutos\" \/>\n<script type=\"application\/ld+json\" class=\"yoast-schema-graph\">{\"@context\":\"https:\/\/schema.org\",\"@graph\":[{\"@type\":\"WebPage\",\"@id\":\"https:\/\/nuevo-renacer.com\/frederic-myers\/\",\"url\":\"https:\/\/nuevo-renacer.com\/frederic-myers\/\",\"name\":\"Frederic Myers - Uni\u00f3n Esp\u00edrita\",\"isPartOf\":{\"@id\":\"https:\/\/nuevo-renacer.com\/#website\"},\"primaryImageOfPage\":{\"@id\":\"https:\/\/nuevo-renacer.com\/frederic-myers\/#primaryimage\"},\"image\":{\"@id\":\"https:\/\/nuevo-renacer.com\/frederic-myers\/#primaryimage\"},\"thumbnailUrl\":\"https:\/\/nuevo-renacer.com\/wp-content\/uploads\/2025\/01\/Frederic_William_Henry_Myers_by_William_Clarke_Wontner-829x1024.jpg\",\"datePublished\":\"2025-01-21T08:24:17+00:00\",\"dateModified\":\"2025-01-21T10:39:43+00:00\",\"breadcrumb\":{\"@id\":\"https:\/\/nuevo-renacer.com\/frederic-myers\/#breadcrumb\"},\"inLanguage\":\"pt-BR\",\"potentialAction\":[{\"@type\":\"ReadAction\",\"target\":[\"https:\/\/nuevo-renacer.com\/frederic-myers\/\"]}]},{\"@type\":\"ImageObject\",\"inLanguage\":\"pt-BR\",\"@id\":\"https:\/\/nuevo-renacer.com\/frederic-myers\/#primaryimage\",\"url\":\"https:\/\/nuevo-renacer.com\/wp-content\/uploads\/2025\/01\/Frederic_William_Henry_Myers_by_William_Clarke_Wontner-829x1024.jpg\",\"contentUrl\":\"https:\/\/nuevo-renacer.com\/wp-content\/uploads\/2025\/01\/Frederic_William_Henry_Myers_by_William_Clarke_Wontner-829x1024.jpg\"},{\"@type\":\"BreadcrumbList\",\"@id\":\"https:\/\/nuevo-renacer.com\/frederic-myers\/#breadcrumb\",\"itemListElement\":[{\"@type\":\"ListItem\",\"position\":1,\"name\":\"Startseite\",\"item\":\"https:\/\/nuevo-renacer.com\/\"},{\"@type\":\"ListItem\",\"position\":2,\"name\":\"Frederic Myers\"}]},{\"@type\":\"WebSite\",\"@id\":\"https:\/\/nuevo-renacer.com\/#website\",\"url\":\"https:\/\/nuevo-renacer.com\/\",\"name\":\"Uni\u00f3n Esp\u00edrita\",\"description\":\"Nuevo Renacer\",\"publisher\":{\"@id\":\"https:\/\/nuevo-renacer.com\/#organization\"},\"potentialAction\":[{\"@type\":\"SearchAction\",\"target\":{\"@type\":\"EntryPoint\",\"urlTemplate\":\"https:\/\/nuevo-renacer.com\/?s={search_term_string}\"},\"query-input\":{\"@type\":\"PropertyValueSpecification\",\"valueRequired\":true,\"valueName\":\"search_term_string\"}}],\"inLanguage\":\"pt-BR\"},{\"@type\":\"Organization\",\"@id\":\"https:\/\/nuevo-renacer.com\/#organization\",\"name\":\"UFEC\",\"url\":\"https:\/\/nuevo-renacer.com\/\",\"logo\":{\"@type\":\"ImageObject\",\"inLanguage\":\"pt-BR\",\"@id\":\"https:\/\/nuevo-renacer.com\/#\/schema\/logo\/image\/\",\"url\":\"https:\/\/nuevo-renacer.com\/wp-content\/uploads\/2024\/05\/cropped-LOGO-TERMINADO1-3-3.png\",\"contentUrl\":\"https:\/\/nuevo-renacer.com\/wp-content\/uploads\/2024\/05\/cropped-LOGO-TERMINADO1-3-3.png\",\"width\":512,\"height\":512,\"caption\":\"UFEC\"},\"image\":{\"@id\":\"https:\/\/nuevo-renacer.com\/#\/schema\/logo\/image\/\"},\"sameAs\":[\"https:\/\/www.facebook.com\/groups\/3431398063740829\"]}]}<\/script>\n<!-- \/ Yoast SEO Premium plugin. -->","yoast_head_json":{"title":"Frederic Myers - Uni\u00f3n Esp\u00edrita","robots":{"index":"index","follow":"follow","max-snippet":"max-snippet:-1","max-image-preview":"max-image-preview:large","max-video-preview":"max-video-preview:-1"},"canonical":"https:\/\/nuevo-renacer.com\/pt\/frederic-myers\/","og_locale":"pt_BR","og_type":"article","og_title":"Frederic Myers","og_description":"Frederic Myers Naci\u00f3 en Keswick (Cumberland), Inglaterra, el 6 de febrero de 1843, y muri\u00f3 en Roma, Italia, el 17 de enero de 1901. Frederic William Henry Myers, m\u00e1s conocido como Frederic Myers, fue un erudito literario ingl\u00e9s, famoso por sus notables escritos y estudios sobre los fen\u00f3menos esp\u00edritas. Se educ\u00f3 en el Trinity College [&hellip;]","og_url":"https:\/\/nuevo-renacer.com\/pt\/frederic-myers\/","og_site_name":"Uni\u00f3n Esp\u00edrita","article_publisher":"https:\/\/www.facebook.com\/groups\/3431398063740829","article_modified_time":"2025-01-21T10:39:43+00:00","og_image":[{"width":2071,"height":2560,"url":"https:\/\/nuevo-renacer.com\/wp-content\/uploads\/2025\/01\/Frederic_William_Henry_Myers_by_William_Clarke_Wontner-scaled.jpg","type":"image\/jpeg"}],"twitter_card":"summary_large_image","twitter_misc":{"Est. tempo de leitura":"4 minutos"},"schema":{"@context":"https:\/\/schema.org","@graph":[{"@type":"WebPage","@id":"https:\/\/nuevo-renacer.com\/frederic-myers\/","url":"https:\/\/nuevo-renacer.com\/frederic-myers\/","name":"Frederic Myers - Uni\u00f3n Esp\u00edrita","isPartOf":{"@id":"https:\/\/nuevo-renacer.com\/#website"},"primaryImageOfPage":{"@id":"https:\/\/nuevo-renacer.com\/frederic-myers\/#primaryimage"},"image":{"@id":"https:\/\/nuevo-renacer.com\/frederic-myers\/#primaryimage"},"thumbnailUrl":"https:\/\/nuevo-renacer.com\/wp-content\/uploads\/2025\/01\/Frederic_William_Henry_Myers_by_William_Clarke_Wontner-829x1024.jpg","datePublished":"2025-01-21T08:24:17+00:00","dateModified":"2025-01-21T10:39:43+00:00","breadcrumb":{"@id":"https:\/\/nuevo-renacer.com\/frederic-myers\/#breadcrumb"},"inLanguage":"pt-BR","potentialAction":[{"@type":"ReadAction","target":["https:\/\/nuevo-renacer.com\/frederic-myers\/"]}]},{"@type":"ImageObject","inLanguage":"pt-BR","@id":"https:\/\/nuevo-renacer.com\/frederic-myers\/#primaryimage","url":"https:\/\/nuevo-renacer.com\/wp-content\/uploads\/2025\/01\/Frederic_William_Henry_Myers_by_William_Clarke_Wontner-829x1024.jpg","contentUrl":"https:\/\/nuevo-renacer.com\/wp-content\/uploads\/2025\/01\/Frederic_William_Henry_Myers_by_William_Clarke_Wontner-829x1024.jpg"},{"@type":"BreadcrumbList","@id":"https:\/\/nuevo-renacer.com\/frederic-myers\/#breadcrumb","itemListElement":[{"@type":"ListItem","position":1,"name":"Startseite","item":"https:\/\/nuevo-renacer.com\/"},{"@type":"ListItem","position":2,"name":"Frederic Myers"}]},{"@type":"WebSite","@id":"https:\/\/nuevo-renacer.com\/#website","url":"https:\/\/nuevo-renacer.com\/","name":"Uni\u00f3n Esp\u00edrita","description":"Nuevo Renacer","publisher":{"@id":"https:\/\/nuevo-renacer.com\/#organization"},"potentialAction":[{"@type":"SearchAction","target":{"@type":"EntryPoint","urlTemplate":"https:\/\/nuevo-renacer.com\/?s={search_term_string}"},"query-input":{"@type":"PropertyValueSpecification","valueRequired":true,"valueName":"search_term_string"}}],"inLanguage":"pt-BR"},{"@type":"Organization","@id":"https:\/\/nuevo-renacer.com\/#organization","name":"UFEC","url":"https:\/\/nuevo-renacer.com\/","logo":{"@type":"ImageObject","inLanguage":"pt-BR","@id":"https:\/\/nuevo-renacer.com\/#\/schema\/logo\/image\/","url":"https:\/\/nuevo-renacer.com\/wp-content\/uploads\/2024\/05\/cropped-LOGO-TERMINADO1-3-3.png","contentUrl":"https:\/\/nuevo-renacer.com\/wp-content\/uploads\/2024\/05\/cropped-LOGO-TERMINADO1-3-3.png","width":512,"height":512,"caption":"UFEC"},"image":{"@id":"https:\/\/nuevo-renacer.com\/#\/schema\/logo\/image\/"},"sameAs":["https:\/\/www.facebook.com\/groups\/3431398063740829"]}]}},"uagb_featured_image_src":{"full":false,"thumbnail":false,"medium":false,"medium_large":false,"large":false,"1536x1536":false,"2048x2048":false,"trp-custom-language-flag":false},"uagb_author_info":{"display_name":"adbv0","author_link":"https:\/\/nuevo-renacer.com\/pt\/author\/adbv0\/"},"uagb_comment_info":0,"uagb_excerpt":"Frederic Myers Naci\u00f3 en Keswick (Cumberland), Inglaterra, el 6 de febrero de 1843, y muri\u00f3 en Roma, Italia, el 17 de enero de 1901. Frederic William Henry Myers, m\u00e1s conocido como Frederic Myers, fue un erudito literario ingl\u00e9s, famoso por sus notables escritos y estudios sobre los fen\u00f3menos esp\u00edritas. Se educ\u00f3 en el Trinity College&hellip;","jetpack_sharing_enabled":true,"_links":{"self":[{"href":"https:\/\/nuevo-renacer.com\/pt\/wp-json\/wp\/v2\/pages\/6835","targetHints":{"allow":["GET"]}}],"collection":[{"href":"https:\/\/nuevo-renacer.com\/pt\/wp-json\/wp\/v2\/pages"}],"about":[{"href":"https:\/\/nuevo-renacer.com\/pt\/wp-json\/wp\/v2\/types\/page"}],"author":[{"embeddable":true,"href":"https:\/\/nuevo-renacer.com\/pt\/wp-json\/wp\/v2\/users\/1"}],"replies":[{"embeddable":true,"href":"https:\/\/nuevo-renacer.com\/pt\/wp-json\/wp\/v2\/comments?post=6835"}],"version-history":[{"count":5,"href":"https:\/\/nuevo-renacer.com\/pt\/wp-json\/wp\/v2\/pages\/6835\/revisions"}],"predecessor-version":[{"id":6844,"href":"https:\/\/nuevo-renacer.com\/pt\/wp-json\/wp\/v2\/pages\/6835\/revisions\/6844"}],"wp:attachment":[{"href":"https:\/\/nuevo-renacer.com\/pt\/wp-json\/wp\/v2\/media?parent=6835"}],"curies":[{"name":"wp","href":"https:\/\/api.w.org\/{rel}","templated":true}]}}