{"id":6733,"date":"2025-01-09T11:36:07","date_gmt":"2025-01-09T11:36:07","guid":{"rendered":"https:\/\/nuevo-renacer.com\/?page_id=6733"},"modified":"2025-01-09T11:36:07","modified_gmt":"2025-01-09T11:36:07","slug":"william-thomas-stead","status":"publish","type":"page","link":"https:\/\/nuevo-renacer.com\/pt\/william-thomas-stead\/","title":{"rendered":"William Thomas Stead"},"content":{"rendered":"<div class=\"wp-block-uagb-container uagb-block-11104380 alignfull uagb-is-root-container\"><div class=\"uagb-container-inner-blocks-wrap\">\n<p class=\"has-black-color has-text-color has-link-color has-medium-font-size wp-elements-67adbae2dd2d7a5cf722d308f7cdd436\"><strong>William Thomas Stead<\/strong><\/p>\n<\/div><\/div>\n\n\n\n<div class=\"wp-block-uagb-container uagb-block-9e92838f alignfull uagb-is-root-container\"><div class=\"uagb-container-inner-blocks-wrap\">\n<figure class=\"wp-block-image size-large is-resized\"><img fetchpriority=\"high\" decoding=\"async\" width=\"722\" height=\"1024\" src=\"https:\/\/nuevo-renacer.com\/wp-content\/uploads\/2025\/01\/William-Thomas-Stead-1890-722x1024.webp\" alt=\"\" class=\"wp-image-6734\" style=\"width:261px;height:auto\" srcset=\"https:\/\/nuevo-renacer.com\/wp-content\/uploads\/2025\/01\/William-Thomas-Stead-1890-722x1024.webp 722w, https:\/\/nuevo-renacer.com\/wp-content\/uploads\/2025\/01\/William-Thomas-Stead-1890-212x300.webp 212w, https:\/\/nuevo-renacer.com\/wp-content\/uploads\/2025\/01\/William-Thomas-Stead-1890-768x1089.webp 768w, https:\/\/nuevo-renacer.com\/wp-content\/uploads\/2025\/01\/William-Thomas-Stead-1890-1083x1536.webp 1083w, https:\/\/nuevo-renacer.com\/wp-content\/uploads\/2025\/01\/William-Thomas-Stead-1890-8x12.webp 8w, https:\/\/nuevo-renacer.com\/wp-content\/uploads\/2025\/01\/William-Thomas-Stead-1890.webp 1128w\" sizes=\"(max-width: 722px) 100vw, 722px\" \/><\/figure>\n<\/div><\/div>\n\n\n\n<div class=\"wp-block-uagb-container uagb-block-5d3d467b alignfull uagb-is-root-container\"><div class=\"uagb-container-inner-blocks-wrap\">\n<p class=\"has-black-color has-text-color has-link-color has-small-font-size wp-elements-0f1c38ef7d2eaeecf10ad9fb764a5757\">Nascido em Embleton, Nothumberland, Inglaterra, no dia 5 de julho de 1849, e desencarnado tragicamente, na cat\u00e1strofe ocorrida com o transatl\u00e2ntico Titanic, na noite de 14 para 15 de abril de 1912.<\/p>\n\n\n\n<p class=\"has-black-color has-text-color has-link-color has-small-font-size wp-elements-c4e105b9f352bdf93b8c6ae86cb3a588\">No in\u00edcio da d\u00e9cada de 1910, nada se faziam reportagens por ocasi\u00e3o dos grandes acontecimentos. Um not\u00e1vel jornalista, William Thomas Stead, teve a feliz ideia de come\u00e7ar esse g\u00eanero de publicidade, o que alcan\u00e7ou grande repercuss\u00e3o na Inglaterra.<\/p>\n\n\n\n<p class=\"has-black-color has-text-color has-link-color has-small-font-size wp-elements-db11137c4fe2f1fc2edcbccf0ce76bc2\">Por ocasi\u00e3o do lan\u00e7amento do Titanic, o maior navio do mundo, reputado como insubmers\u00edvel, tais as inova\u00e7\u00f5es nele introduzidas e o sistema construtivo, esse famoso homem de imprensa foi convidado a fazer a reportagem de sua viagem inaugural, dando cobertura jornal\u00edstica a tudo quanto acontecesse a bordo.<\/p>\n\n\n\n<p class=\"has-black-color has-text-color has-link-color has-small-font-size wp-elements-82c7938272c798663e9323973610506d\">Sucedeu, no entanto, que o navio bateu em cheio em enormes geleiras e, numa tentativa de resgate, ordenada pelo comandante, enorme rasgo abriu-se em seu casco, ocasionando o seu naufr\u00e1gio na noite de 14 para 15 de abril de 1912.<\/p>\n\n\n\n<p class=\"has-black-color has-text-color has-link-color has-small-font-size wp-elements-e5794f5ee1b76552aee5e6fc384d2f3a\">Entre as mil, quinhentas e tr\u00eas v\u00edtimas, estava William Thomas Stead. O infausto acontecimento encheu o mundo de consterna\u00e7\u00e3o e o Espiritismo ficou privado do concurso valioso de um destacado homem de imprensa, homem esse que estava vivamente empenhado em divulgar as grandes verdades que havia constatado em seus trabalhos de pesquisa no campo da fenomenologia medi\u00fanica.<\/p>\n\n\n\n<p class=\"has-black-color has-text-color has-link-color has-small-font-size wp-elements-c9e23842a6bb4c8f0b91163c14853538\">Not\u00e1vel jornalista, escritor e publicista ingl\u00eas, William Thomas Stead dedicou-se muito jovem a essa carreira.<\/p>\n\n\n\n<p class=\"has-black-color has-text-color has-link-color has-small-font-size wp-elements-ffbd8317705bd75cfad7e701a28f0b2b\">No ano de 1871, dirigiu o Norhern Echo, da cidade de Darlington e, nos anos de 1883 a 1889, dirigiu o Pall Mall Gazette.<\/p>\n\n\n\n<p class=\"has-black-color has-text-color has-link-color has-small-font-size wp-elements-0ba8b679d6292682a6c778f37eb29869\">No ano de 1890, fundou a Review of Rewies e, em 1893 e 1894 lan\u00e7ou numerosas revistas do mesmo g\u00eanero, nos Estados Unidos e na Austr\u00e1lia.<\/p>\n\n\n\n<p class=\"has-black-color has-text-color has-link-color has-small-font-size wp-elements-f26ca5450020112a2800be7a8dc195ec\">De 1893 a 1897, dirigiu o \u00f3rg\u00e3o espiritualista Borderland.<\/p>\n\n\n\n<p class=\"has-black-color has-text-color has-link-color has-small-font-size wp-elements-d34a8befca16c99bc8fb5c35f9bc3452\">No ano de 1898, encetou uma visita \u00e0 R\u00fassia, onde foi recebido pelo Czar, dando  in\u00edcio \u00e0 intensa luta em favor do pacifismo mundial, ideal que passou a defender, com todo o entusiasmo, atrav\u00e9s da palavra escrita e falada.<\/p>\n\n\n\n<p class=\"has-black-color has-text-color has-link-color has-small-font-size wp-elements-f70c542a62ea6566ac0abf2ee1b60745\">No decurso da Confer\u00eancia de Paz, realizada em Haia, no ano de 1899, Stead teve a oportunidade de visitar aquela cidade, iniciando, logo ap\u00f3s, na Inglaterra, acirradas campanhas contra a guerra sul-africana, tendo, em decorr\u00eancia, contra\u00eddo muitas inimizades.<\/p>\n\n\n\n<p class=\"has-black-color has-text-color has-link-color has-small-font-size wp-elements-f8e9ee6461a40554f63015f6e32ddd87\">Trabalhou \u00e1rdua e valorosamente no sentido de se estabelecer um tratado entre a Alemanha e a Inglaterra, propugnando para a concretiza\u00e7\u00e3o de uma Segunda Confer\u00eancia de Paz, realizada posteriormente em Haia, na Holanda, onde, na qualidade de correspondente, publicou o Correio da Confer\u00eancia de Paz.<\/p>\n\n\n\n<p class=\"has-black-color has-text-color has-link-color has-small-font-size wp-elements-6eb361b31e20c57dc1596a197607fa9c\">Era not\u00e1vel a facilidade com que escrevia seus artigos, os quais, invariavelmente, portavam cunho sensacionalista.<\/p>\n\n\n\n<p class=\"has-black-color has-text-color has-link-color has-small-font-size wp-elements-b085ef073cc5dac23f3389a1515c5ddf\">Em seus livros podem ser observadas a vivacidade e o empenho com que tratava os temas que desejava abordar: A verdade sobre a R\u00fassia (1888), Se o Cristo viesse a Chicago (1893), A Guerra do Trabalho nos Estados Unidos (1894), O mundo invis\u00edvel de Sat\u00e3 (1897), Os Estados Unidos da Europa(1899), Estudos sobre Mrs. Booth (1900), A Americaniza\u00e7\u00e3o do Mundo (1902).<\/p>\n\n\n\n<p class=\"has-black-color has-text-color has-link-color has-small-font-size wp-elements-fb9be1ab180e7e6ec29d668ba62dc25e\">O Rei dos jornalistas e, mais do que isso - o Imperador, foi o t\u00edtulo elogioso que recebeu em Paris, em janeiro de 1907, quatro meses antes da realiza\u00e7\u00e3o da famosa Confer\u00eancia de Haia.<\/p>\n\n\n\n<p class=\"has-black-color has-text-color has-link-color has-small-font-size wp-elements-bc8e73b834d2945bfbe76ad943c51853\">Quando estava no apogeu de sua carreira de escritor e jornalista, alguns anos antes de sua desencarna\u00e7\u00e3o, deixou cheios de admira\u00e7\u00e3o a Inglaterra e o mundo cient\u00edfico, com a sua confiss\u00e3o de que estava plenamente convicto da exist\u00eancia do mundo dos Esp\u00edritos, pelo fato de ter recebido, atrav\u00e9s de sua pr\u00f3pria mediunidade, uma s\u00e9rie de comunica\u00e7\u00f5es esp\u00edritas, atribu\u00eddas ao Esp\u00edrito J\u00falia, que foram, posteriormente, publicadas num livro que alcan\u00e7ou grande repercuss\u00e3o, denominado Cartas de J\u00falia.<\/p>\n\n\n\n<p class=\"has-black-color has-text-color has-link-color has-small-font-size wp-elements-85b748d7e4b03411cb4255b9aea8eeba\">Dizia ele: As Cartas de J\u00falia foram recebidas por mim mesmo. Estando sozinho, sentado e com \u00e2nimo tranquilo, colocava conscientemente minha m\u00e3o direita, na qual tinha uma caneta, \u00e0 disposi\u00e7\u00e3o de J\u00falia e observava com vivo interesse tudo quanto ela escrevia. Posso admitir, conforme afirmam meus detratores, que as Cartas de J\u00falia tenham sido simplesmente escritas pelo meu eu subconsciente, isso n\u00e3o rebaixaria em nada a verdade, nem diminuiria a for\u00e7a dessa eloquente e comovedora prova em favor da vida superior. Quanto desejaria que o meu eu consciente pudesse escrever t\u00e3o bem!<\/p>\n\n\n\n<p class=\"has-black-color has-text-color has-link-color has-small-font-size wp-elements-bd30e5d79c9cf7b10526f9ffec26fdd8\">No ano de 1895, respondendo a uma indaga\u00e7\u00e3o do Morning Advertiser, de Nova Iorque, que lhe perguntava por que acreditava na imortalidade, ele respondeu: S\u00f3 o Eterno pode afirmar ou negar a imortalidade. Se vos compreendo bem, n\u00e3o se trata aqui da imortalidade da alma, mas sim da persist\u00eancia da entidade individual, ap\u00f3s a dissolu\u00e7\u00e3o do corpo, por cujo interm\u00e9dio essa entidade se manifestava durante a sua vida terrena. A\u00ed est\u00e1 uma quest\u00e3o muito mais simples, a que posso responder sem hesitar e sem receio. Eu n\u00e3o seria verdadeiro, se dissesse que creio na persist\u00eancia do indiv\u00edduo ap\u00f3s a morte, por ter observado fen\u00f4menos ditos esp\u00edritas. Muito tempo antes eu aceitava esse fato. Submeti, depois, a minha cren\u00e7a \u00e0 prova de uma demonstra\u00e7\u00e3o experimental. E se outrora dizia: eu creio, hoje digo, eu sei. N\u00e3o h\u00e1 uma grande diferen\u00e7a?<\/p>\n\n\n\n<p class=\"has-black-color has-text-color has-link-color has-small-font-size wp-elements-c4282b2ce5931710b24429b602fe7987\">William Thomas Stead foi grande amigo do grande Ruy Barbosa.<\/p>\n\n\n\n<p class=\"has-black-color has-text-color has-link-color has-small-font-size wp-elements-846a72d465e96e7bf8b121b0de7335cb\">Consta que, na noite do naufr\u00e1gio do Titanic, os familiares desse grande pol\u00edtico brasileiro, estando reunidos numa sess\u00e3o de experimenta\u00e7\u00e3o medi\u00fanica, em Po\u00e7os de Caldas, receberam a informa\u00e7\u00e3o de que o famoso jornalista havia desencarnado, not\u00edcia que Ruy recebeu com surpresa e com bastante naturalidade, quando um dos membros de sua fam\u00edlia lha comunicou.<\/p>\n\n\n\n<p class=\"has-black-color has-text-color has-link-color has-small-font-size wp-elements-69d4bce1b646305062b7b0869839f928\">O velho pol\u00edtico reconheceu na mensagem, de forma surpreendente, o estilo de Stead.<\/p>\n<\/div><\/div>\n\n\n\n<div class=\"wp-block-uagb-container uagb-block-fe452de9 alignfull uagb-is-root-container\"><div class=\"uagb-container-inner-blocks-wrap\"><\/div><\/div>\n\n\n\n<div class=\"wp-block-uagb-container uagb-block-e4036ab5 alignfull uagb-is-root-container\"><div class=\"uagb-container-inner-blocks-wrap\"><\/div><\/div>","protected":false},"excerpt":{"rendered":"<p>William Thomas Stead Nacido en Embleton, Nothumberland, Inglaterra, el 5 de julio de 1849, y tr\u00e1gicamente desencarnado en la cat\u00e1strofe ocurrida con el transatl\u00e1ntico Titanic, en la noche del 14 al 15 de abril de 1912. A principios de la d\u00e9cada de 1910, no se hac\u00edan reportajes en ocasi\u00f3n de los grandes acontecimientos. Un notable [&hellip;]<\/p>","protected":false},"author":1,"featured_media":0,"parent":0,"menu_order":0,"comment_status":"closed","ping_status":"closed","template":"","meta":{"_uag_custom_page_level_css":"","site-sidebar-layout":"default","site-content-layout":"","ast-site-content-layout":"default","site-content-style":"default","site-sidebar-style":"default","ast-global-header-display":"","ast-banner-title-visibility":"","ast-main-header-display":"","ast-hfb-above-header-display":"","ast-hfb-below-header-display":"","ast-hfb-mobile-header-display":"","site-post-title":"disabled","ast-breadcrumbs-content":"","ast-featured-img":"","footer-sml-layout":"","theme-transparent-header-meta":"","adv-header-id-meta":"","stick-header-meta":"","header-above-stick-meta":"","header-main-stick-meta":"","header-below-stick-meta":"","astra-migrate-meta-layouts":"set","ast-page-background-enabled":"default","ast-page-background-meta":{"desktop":{"background-color":"var(--ast-global-color-4)","background-image":"","background-repeat":"repeat","background-position":"center center","background-size":"auto","background-attachment":"scroll","background-type":"","background-media":"","overlay-type":"","overlay-color":"","overlay-opacity":"","overlay-gradient":""},"tablet":{"background-color":"","background-image":"","background-repeat":"repeat","background-position":"center center","background-size":"auto","background-attachment":"scroll","background-type":"","background-media":"","overlay-type":"","overlay-color":"","overlay-opacity":"","overlay-gradient":""},"mobile":{"background-color":"","background-image":"","background-repeat":"repeat","background-position":"center center","background-size":"auto","background-attachment":"scroll","background-type":"","background-media":"","overlay-type":"","overlay-color":"","overlay-opacity":"","overlay-gradient":""}},"ast-content-background-meta":{"desktop":{"background-color":"var(--ast-global-color-5)","background-image":"","background-repeat":"repeat","background-position":"center center","background-size":"auto","background-attachment":"scroll","background-type":"","background-media":"","overlay-type":"","overlay-color":"","overlay-opacity":"","overlay-gradient":""},"tablet":{"background-color":"var(--ast-global-color-5)","background-image":"","background-repeat":"repeat","background-position":"center center","background-size":"auto","background-attachment":"scroll","background-type":"","background-media":"","overlay-type":"","overlay-color":"","overlay-opacity":"","overlay-gradient":""},"mobile":{"background-color":"var(--ast-global-color-5)","background-image":"","background-repeat":"repeat","background-position":"center center","background-size":"auto","background-attachment":"scroll","background-type":"","background-media":"","overlay-type":"","overlay-color":"","overlay-opacity":"","overlay-gradient":""}},"footnotes":""},"class_list":["post-6733","page","type-page","status-publish","hentry"],"yoast_head":"<!-- This site is optimized with the Yoast SEO Premium plugin v24.2 (Yoast SEO v24.6) - https:\/\/yoast.com\/wordpress\/plugins\/seo\/ -->\n<title>William Thomas Stead - Uni\u00f3n Esp\u00edrita<\/title>\n<meta name=\"robots\" content=\"index, follow, max-snippet:-1, max-image-preview:large, max-video-preview:-1\" \/>\n<link rel=\"canonical\" href=\"https:\/\/nuevo-renacer.com\/pt\/william-thomas-stead\/\" \/>\n<meta property=\"og:locale\" content=\"pt_BR\" \/>\n<meta property=\"og:type\" content=\"article\" \/>\n<meta property=\"og:title\" content=\"William Thomas Stead\" \/>\n<meta property=\"og:description\" content=\"William Thomas Stead Nacido en Embleton, Nothumberland, Inglaterra, el 5 de julio de 1849, y tr\u00e1gicamente desencarnado en la cat\u00e1strofe ocurrida con el transatl\u00e1ntico Titanic, en la noche del 14 al 15 de abril de 1912. A principios de la d\u00e9cada de 1910, no se hac\u00edan reportajes en ocasi\u00f3n de los grandes acontecimientos. Un notable [&hellip;]\" \/>\n<meta property=\"og:url\" content=\"https:\/\/nuevo-renacer.com\/pt\/william-thomas-stead\/\" \/>\n<meta property=\"og:site_name\" content=\"Uni\u00f3n Esp\u00edrita\" \/>\n<meta property=\"article:publisher\" content=\"https:\/\/www.facebook.com\/groups\/3431398063740829\" \/>\n<meta property=\"og:image\" content=\"https:\/\/nuevo-renacer.com\/wp-content\/uploads\/2025\/01\/William-Thomas-Stead-1890.webp\" \/>\n\t<meta property=\"og:image:width\" content=\"1128\" \/>\n\t<meta property=\"og:image:height\" content=\"1600\" \/>\n\t<meta property=\"og:image:type\" content=\"image\/webp\" \/>\n<meta name=\"twitter:card\" content=\"summary_large_image\" \/>\n<meta name=\"twitter:label1\" content=\"Est. tempo de leitura\" \/>\n\t<meta name=\"twitter:data1\" content=\"5 minutos\" \/>\n<script type=\"application\/ld+json\" class=\"yoast-schema-graph\">{\"@context\":\"https:\/\/schema.org\",\"@graph\":[{\"@type\":\"WebPage\",\"@id\":\"https:\/\/nuevo-renacer.com\/william-thomas-stead\/\",\"url\":\"https:\/\/nuevo-renacer.com\/william-thomas-stead\/\",\"name\":\"William Thomas Stead - Uni\u00f3n Esp\u00edrita\",\"isPartOf\":{\"@id\":\"https:\/\/nuevo-renacer.com\/#website\"},\"primaryImageOfPage\":{\"@id\":\"https:\/\/nuevo-renacer.com\/william-thomas-stead\/#primaryimage\"},\"image\":{\"@id\":\"https:\/\/nuevo-renacer.com\/william-thomas-stead\/#primaryimage\"},\"thumbnailUrl\":\"https:\/\/nuevo-renacer.com\/wp-content\/uploads\/2025\/01\/William-Thomas-Stead-1890-722x1024.webp\",\"datePublished\":\"2025-01-09T11:36:07+00:00\",\"breadcrumb\":{\"@id\":\"https:\/\/nuevo-renacer.com\/william-thomas-stead\/#breadcrumb\"},\"inLanguage\":\"pt-BR\",\"potentialAction\":[{\"@type\":\"ReadAction\",\"target\":[\"https:\/\/nuevo-renacer.com\/william-thomas-stead\/\"]}]},{\"@type\":\"ImageObject\",\"inLanguage\":\"pt-BR\",\"@id\":\"https:\/\/nuevo-renacer.com\/william-thomas-stead\/#primaryimage\",\"url\":\"https:\/\/nuevo-renacer.com\/wp-content\/uploads\/2025\/01\/William-Thomas-Stead-1890-722x1024.webp\",\"contentUrl\":\"https:\/\/nuevo-renacer.com\/wp-content\/uploads\/2025\/01\/William-Thomas-Stead-1890-722x1024.webp\"},{\"@type\":\"BreadcrumbList\",\"@id\":\"https:\/\/nuevo-renacer.com\/william-thomas-stead\/#breadcrumb\",\"itemListElement\":[{\"@type\":\"ListItem\",\"position\":1,\"name\":\"Startseite\",\"item\":\"https:\/\/nuevo-renacer.com\/\"},{\"@type\":\"ListItem\",\"position\":2,\"name\":\"William Thomas Stead\"}]},{\"@type\":\"WebSite\",\"@id\":\"https:\/\/nuevo-renacer.com\/#website\",\"url\":\"https:\/\/nuevo-renacer.com\/\",\"name\":\"Uni\u00f3n Esp\u00edrita\",\"description\":\"Nuevo Renacer\",\"publisher\":{\"@id\":\"https:\/\/nuevo-renacer.com\/#organization\"},\"potentialAction\":[{\"@type\":\"SearchAction\",\"target\":{\"@type\":\"EntryPoint\",\"urlTemplate\":\"https:\/\/nuevo-renacer.com\/?s={search_term_string}\"},\"query-input\":{\"@type\":\"PropertyValueSpecification\",\"valueRequired\":true,\"valueName\":\"search_term_string\"}}],\"inLanguage\":\"pt-BR\"},{\"@type\":\"Organization\",\"@id\":\"https:\/\/nuevo-renacer.com\/#organization\",\"name\":\"UFEC\",\"url\":\"https:\/\/nuevo-renacer.com\/\",\"logo\":{\"@type\":\"ImageObject\",\"inLanguage\":\"pt-BR\",\"@id\":\"https:\/\/nuevo-renacer.com\/#\/schema\/logo\/image\/\",\"url\":\"https:\/\/nuevo-renacer.com\/wp-content\/uploads\/2024\/05\/cropped-LOGO-TERMINADO1-3-3.png\",\"contentUrl\":\"https:\/\/nuevo-renacer.com\/wp-content\/uploads\/2024\/05\/cropped-LOGO-TERMINADO1-3-3.png\",\"width\":512,\"height\":512,\"caption\":\"UFEC\"},\"image\":{\"@id\":\"https:\/\/nuevo-renacer.com\/#\/schema\/logo\/image\/\"},\"sameAs\":[\"https:\/\/www.facebook.com\/groups\/3431398063740829\"]}]}<\/script>\n<!-- \/ Yoast SEO Premium plugin. -->","yoast_head_json":{"title":"William Thomas Stead - Uni\u00f3n Esp\u00edrita","robots":{"index":"index","follow":"follow","max-snippet":"max-snippet:-1","max-image-preview":"max-image-preview:large","max-video-preview":"max-video-preview:-1"},"canonical":"https:\/\/nuevo-renacer.com\/pt\/william-thomas-stead\/","og_locale":"pt_BR","og_type":"article","og_title":"William Thomas Stead","og_description":"William Thomas Stead Nacido en Embleton, Nothumberland, Inglaterra, el 5 de julio de 1849, y tr\u00e1gicamente desencarnado en la cat\u00e1strofe ocurrida con el transatl\u00e1ntico Titanic, en la noche del 14 al 15 de abril de 1912. A principios de la d\u00e9cada de 1910, no se hac\u00edan reportajes en ocasi\u00f3n de los grandes acontecimientos. Un notable [&hellip;]","og_url":"https:\/\/nuevo-renacer.com\/pt\/william-thomas-stead\/","og_site_name":"Uni\u00f3n Esp\u00edrita","article_publisher":"https:\/\/www.facebook.com\/groups\/3431398063740829","og_image":[{"width":1128,"height":1600,"url":"https:\/\/nuevo-renacer.com\/wp-content\/uploads\/2025\/01\/William-Thomas-Stead-1890.webp","type":"image\/webp"}],"twitter_card":"summary_large_image","twitter_misc":{"Est. tempo de leitura":"5 minutos"},"schema":{"@context":"https:\/\/schema.org","@graph":[{"@type":"WebPage","@id":"https:\/\/nuevo-renacer.com\/william-thomas-stead\/","url":"https:\/\/nuevo-renacer.com\/william-thomas-stead\/","name":"William Thomas Stead - Uni\u00f3n Esp\u00edrita","isPartOf":{"@id":"https:\/\/nuevo-renacer.com\/#website"},"primaryImageOfPage":{"@id":"https:\/\/nuevo-renacer.com\/william-thomas-stead\/#primaryimage"},"image":{"@id":"https:\/\/nuevo-renacer.com\/william-thomas-stead\/#primaryimage"},"thumbnailUrl":"https:\/\/nuevo-renacer.com\/wp-content\/uploads\/2025\/01\/William-Thomas-Stead-1890-722x1024.webp","datePublished":"2025-01-09T11:36:07+00:00","breadcrumb":{"@id":"https:\/\/nuevo-renacer.com\/william-thomas-stead\/#breadcrumb"},"inLanguage":"pt-BR","potentialAction":[{"@type":"ReadAction","target":["https:\/\/nuevo-renacer.com\/william-thomas-stead\/"]}]},{"@type":"ImageObject","inLanguage":"pt-BR","@id":"https:\/\/nuevo-renacer.com\/william-thomas-stead\/#primaryimage","url":"https:\/\/nuevo-renacer.com\/wp-content\/uploads\/2025\/01\/William-Thomas-Stead-1890-722x1024.webp","contentUrl":"https:\/\/nuevo-renacer.com\/wp-content\/uploads\/2025\/01\/William-Thomas-Stead-1890-722x1024.webp"},{"@type":"BreadcrumbList","@id":"https:\/\/nuevo-renacer.com\/william-thomas-stead\/#breadcrumb","itemListElement":[{"@type":"ListItem","position":1,"name":"Startseite","item":"https:\/\/nuevo-renacer.com\/"},{"@type":"ListItem","position":2,"name":"William Thomas Stead"}]},{"@type":"WebSite","@id":"https:\/\/nuevo-renacer.com\/#website","url":"https:\/\/nuevo-renacer.com\/","name":"Uni\u00f3n Esp\u00edrita","description":"Nuevo Renacer","publisher":{"@id":"https:\/\/nuevo-renacer.com\/#organization"},"potentialAction":[{"@type":"SearchAction","target":{"@type":"EntryPoint","urlTemplate":"https:\/\/nuevo-renacer.com\/?s={search_term_string}"},"query-input":{"@type":"PropertyValueSpecification","valueRequired":true,"valueName":"search_term_string"}}],"inLanguage":"pt-BR"},{"@type":"Organization","@id":"https:\/\/nuevo-renacer.com\/#organization","name":"UFEC","url":"https:\/\/nuevo-renacer.com\/","logo":{"@type":"ImageObject","inLanguage":"pt-BR","@id":"https:\/\/nuevo-renacer.com\/#\/schema\/logo\/image\/","url":"https:\/\/nuevo-renacer.com\/wp-content\/uploads\/2024\/05\/cropped-LOGO-TERMINADO1-3-3.png","contentUrl":"https:\/\/nuevo-renacer.com\/wp-content\/uploads\/2024\/05\/cropped-LOGO-TERMINADO1-3-3.png","width":512,"height":512,"caption":"UFEC"},"image":{"@id":"https:\/\/nuevo-renacer.com\/#\/schema\/logo\/image\/"},"sameAs":["https:\/\/www.facebook.com\/groups\/3431398063740829"]}]}},"uagb_featured_image_src":{"full":false,"thumbnail":false,"medium":false,"medium_large":false,"large":false,"1536x1536":false,"2048x2048":false,"trp-custom-language-flag":false},"uagb_author_info":{"display_name":"adbv0","author_link":"https:\/\/nuevo-renacer.com\/pt\/author\/adbv0\/"},"uagb_comment_info":0,"uagb_excerpt":"William Thomas Stead Nacido en Embleton, Nothumberland, Inglaterra, el 5 de julio de 1849, y tr\u00e1gicamente desencarnado en la cat\u00e1strofe ocurrida con el transatl\u00e1ntico Titanic, en la noche del 14 al 15 de abril de 1912. A principios de la d\u00e9cada de 1910, no se hac\u00edan reportajes en ocasi\u00f3n de los grandes acontecimientos. Un notable&hellip;","jetpack_sharing_enabled":true,"_links":{"self":[{"href":"https:\/\/nuevo-renacer.com\/pt\/wp-json\/wp\/v2\/pages\/6733","targetHints":{"allow":["GET"]}}],"collection":[{"href":"https:\/\/nuevo-renacer.com\/pt\/wp-json\/wp\/v2\/pages"}],"about":[{"href":"https:\/\/nuevo-renacer.com\/pt\/wp-json\/wp\/v2\/types\/page"}],"author":[{"embeddable":true,"href":"https:\/\/nuevo-renacer.com\/pt\/wp-json\/wp\/v2\/users\/1"}],"replies":[{"embeddable":true,"href":"https:\/\/nuevo-renacer.com\/pt\/wp-json\/wp\/v2\/comments?post=6733"}],"version-history":[{"count":1,"href":"https:\/\/nuevo-renacer.com\/pt\/wp-json\/wp\/v2\/pages\/6733\/revisions"}],"predecessor-version":[{"id":6735,"href":"https:\/\/nuevo-renacer.com\/pt\/wp-json\/wp\/v2\/pages\/6733\/revisions\/6735"}],"wp:attachment":[{"href":"https:\/\/nuevo-renacer.com\/pt\/wp-json\/wp\/v2\/media?parent=6733"}],"curies":[{"name":"wp","href":"https:\/\/api.w.org\/{rel}","templated":true}]}}