{"id":6711,"date":"2025-01-08T11:58:23","date_gmt":"2025-01-08T11:58:23","guid":{"rendered":"https:\/\/nuevo-renacer.com\/?page_id=6711"},"modified":"2025-01-08T12:13:50","modified_gmt":"2025-01-08T12:13:50","slug":"rene-descartes","status":"publish","type":"page","link":"https:\/\/nuevo-renacer.com\/pt\/rene-descartes\/","title":{"rendered":"Ren\u00e9 Descartes"},"content":{"rendered":"<div class=\"wp-block-uagb-container uagb-block-d7877df0 alignfull uagb-is-root-container\"><div class=\"uagb-container-inner-blocks-wrap\">\n<p class=\"has-black-color has-text-color has-link-color has-medium-font-size wp-elements-265e4791bb8613e405824eaf32bcfbcc\"><strong>Ren\u00e9 Descartes<\/strong><\/p>\n<\/div><\/div>\n\n\n\n<div class=\"wp-block-uagb-container uagb-block-e00c9128 alignfull uagb-is-root-container\"><div class=\"uagb-container-inner-blocks-wrap\">\n<figure class=\"wp-block-image size-full is-resized\"><img fetchpriority=\"high\" decoding=\"async\" width=\"800\" height=\"676\" src=\"https:\/\/nuevo-renacer.com\/wp-content\/uploads\/2025\/01\/800px-Frans_Hals_-_Portret_van_Rene_Descartes-1.jpg\" alt=\"\" class=\"wp-image-6716\" style=\"width:266px;height:auto\" srcset=\"https:\/\/nuevo-renacer.com\/wp-content\/uploads\/2025\/01\/800px-Frans_Hals_-_Portret_van_Rene_Descartes-1.jpg 800w, https:\/\/nuevo-renacer.com\/wp-content\/uploads\/2025\/01\/800px-Frans_Hals_-_Portret_van_Rene_Descartes-1-300x254.jpg 300w, https:\/\/nuevo-renacer.com\/wp-content\/uploads\/2025\/01\/800px-Frans_Hals_-_Portret_van_Rene_Descartes-1-768x649.jpg 768w, https:\/\/nuevo-renacer.com\/wp-content\/uploads\/2025\/01\/800px-Frans_Hals_-_Portret_van_Rene_Descartes-1-14x12.jpg 14w\" sizes=\"(max-width: 800px) 100vw, 800px\" \/><\/figure>\n<\/div><\/div>\n\n\n\n<div class=\"wp-block-uagb-container uagb-block-3133412b alignfull uagb-is-root-container\"><div class=\"uagb-container-inner-blocks-wrap\">\n<p class=\"has-black-color has-text-color has-link-color has-small-font-size wp-elements-d4121c611cac6fb6779a48305c6ef92a\">Ren\u00e9 Descartes (1596 \u2013 1650) chamado com toda a justi\u00e7a de \u201cPai da Filosofia Moderna\u201d. Foi o primeiro fil\u00f3sofo europeu, ap\u00f3s a Idade M\u00e9dia, a situar o problema epistemol\u00f3gico (do conhecimento) na sua verdadeira perspectiva, antecipando toda a filosofia moderna.<\/p>\n\n\n\n<p class=\"has-black-color has-text-color has-link-color has-small-font-size wp-elements-2c1fb333eee0381f56c88802c4251d59\">O mesmo daimon que atormentava S\u00f3crates se apresentou a Descartes como uma luz t\u00e3o intensa, que n\u00e3o era poss\u00edvel suport\u00e1-la. Essa luz foi seguida do projeto de uma ci\u00eancia admir\u00e1vel. Esses fatos foram t\u00e3o marcantes que Descartes chegou a aceitar que havia sido inspirado pelo Esp\u00edrito da Verdade.<\/p>\n\n\n\n<p class=\"has-black-color has-text-color has-link-color has-small-font-size wp-elements-8edb614c10f05408567be58c47f2457a\">Quando se fala em Descartes, lembra-se imediatamente da express\u00e3o \u201ccogito ergo sum\u201d (penso logo existo). Este postulado, n\u00e3o sujeito a demonstra\u00e7\u00e3o, sobre o qual desenvolve toda a sua filosofia do pensamento cartesiano criado por ele mesmo que resume em: verificar, analisar, sintetizar e enumerar.<\/p>\n\n\n\n<p class=\"has-black-color has-text-color has-link-color has-small-font-size wp-elements-5a8abbe94b093ef8675691e0e63018cb\">A primeira prova \u00e9 a id\u00e9ia de perfei\u00e7\u00e3o, existente no cogito, o Deus em n\u00f3s; a segunda adv\u00e9m da pr\u00f3pria evid\u00eancia da exist\u00eancia da alma; a terceira \u00e9 o princ\u00edpio da causalidade que, aplicando \u00e0s duas primeiras, demonstra logicamente a exist\u00eancia de Deus.<\/p>\n\n\n\n<p class=\"has-black-color has-text-color has-link-color has-small-font-size wp-elements-6c5797b6afa10ca3ba1b91bd3768adc4\">Desta forma Descartes assegura a passagem do eu para o mundo, pois assegura que a potencialidade de conhecer existe dentro do homem. Se Deus quisesse nos enganar ele poderia nos iludir, mas ent\u00e3o n\u00e3o seria Deus e sim um g\u00eanio maligno imperfeito.<\/p>\n\n\n\n<p class=\"has-black-color has-text-color has-link-color has-small-font-size wp-elements-07afd5c3b0d5742c75749f6aad1e5f6f\">O mundo objetivo para Ren\u00e9 Descartes, era composto de duas subst\u00e2ncias, uma a \u201cres extensa\u201d (corpo) e outra \u201cres cogitans\u201d (alma). Para Descartes, como em Arist\u00f3teles, mat\u00e9ria \u00e9 quantidade e for\u00e7a \u00e9 qualidade.<\/p>\n\n\n\n<p class=\"has-black-color has-text-color has-link-color has-small-font-size wp-elements-de499adad977338ec27e68d7195fcac9\">A divis\u00e3o cartesiana entre esp\u00edrito e mat\u00e9ria, somada ao trauma das persegui\u00e7\u00f5es medievais, conduziu \u00e0 percep\u00e7\u00e3o do universo como um sistema mec\u00e2nico, consistindo em objetos separados, cuja teoria mecanicista est\u00e1 na base de toda a ci\u00eancia moderna.<\/p>\n\n\n\n<p class=\"has-black-color has-text-color has-link-color has-small-font-size wp-elements-249ca24096b4ffba34624d8ab78f45fd\">Descartes, brilhante matem\u00e1tico, afirmava: \u201cToda ci\u00eancia \u00e9 conhecimento certo e evidente. Rejeitamos todo conhecimento que \u00e9 meramente prov\u00e1vel e consideramos que s\u00f3 se deve acreditar naquelas coisas que s\u00e3o perfeitamente conhecidas e sobre as quais n\u00e3o podem haver d\u00favidas.<\/p>\n\n\n\n<p class=\"has-black-color has-text-color has-link-color has-small-font-size wp-elements-776ee43c0bfe409dc8ce647ca1936370\">A bem da verdade a d\u00favida sobre o mundo pr\u00e9 existente ao mundo da \u00e9poca, foi provada por um outro fil\u00f3sofo tamb\u00e9m franc\u00eas em outra \u00e9poca. Allan Kardec (1803 - 1869), conhecedor de aritm\u00e9tica, qu\u00edmica, f\u00edsica e astronomia, utilizando o mesmo m\u00e9todo cartesiano criado por Descartes, partindo do mundo abstrato (espiritual) para o concreto (f\u00edsico) codificou as mais belas obras da trilogia existe: Filosofia, Ci\u00eancia e Religi\u00e3o.<\/p>\n\n\n\n<p class=\"has-black-color has-text-color has-link-color has-small-font-size wp-elements-35d9eaed09f807bceba287eb2e13e661\">Allan Kardec , codificando a Doutrina Esp\u00edrita transforma completamente a perspectiva do futuro. A vida futura deixa de ser uma hip\u00f3tese para ser realidade. O estado das almas depois da morte n\u00e3o \u00e9 mais um sistema, por\u00e9m o resultado da observa\u00e7\u00e3o. Ergueu-se o v\u00e9u; o mundo espiritual aparece-nos na plenitude de sua realidade pr\u00e1tica; n\u00e3o foram os homens que o descobriram pelo esfor\u00e7o de uma concep\u00e7\u00e3o engenhosa, s\u00e3o os pr\u00f3prios habitantes desse mundo que nos v\u00eam descrever a sua situa\u00e7\u00e3o.<\/p>\n\n\n\n<p class=\"has-black-color has-text-color has-link-color has-small-font-size wp-elements-a65f59b04803527dd0bdb878e7d00ab4\">Em sua \u00faltima obra sobre espiritismo assim descreveu \u201cComo meio de elabora\u00e7\u00e3o, o Espiritismo procede exatamente da mesma forma que as ci\u00eancias positivas, aplicando o m\u00e9todo experimental. Fatos novos se apresentam, que n\u00e3o podem ser explicados pelas leis conhecidas; ele os observa, compara, analisa e, remontando dos efeitos \u00e0s causas, chega \u00e0 lei que os rege; depois, deduz-lhes as consequ\u00eancias e busca as aplica\u00e7\u00f5es \u00fateis. N\u00e3o estabeleceu nenhuma teoria preconcebida; assim, n\u00e3o apresentou como hip\u00f3teses a exist\u00eancia e a interven\u00e7\u00e3o dos Esp\u00edritos, nem o perisp\u00edrito, nem a reencarna\u00e7\u00e3o, nem qualquer dos princ\u00edpios da doutrina; concluiu pela exist\u00eancia dos Esp\u00edritos, quando essa exist\u00eancia ressaltou evidente da observa\u00e7\u00e3o dos fatos, procedendo de igual maneira quanto aos outros princ\u00edpios. N\u00e3o foram os fatos que vieram a posteriori confirmar a teoria: a teoria \u00e9 que veio subsequentemente explicar e resumir os fatos. \u00c9, pois, rigorosamente exato dizer-se que o Espiritismo \u00e9 uma ci\u00eancia de observa\u00e7\u00e3o e n\u00e3o produto da imagina\u00e7\u00e3o. As ci\u00eancias s\u00f3 fizeram progressos importantes depois que seus estudos se basearam sobre o m\u00e9todo experimental; at\u00e9 ent\u00e3o, acreditou-se que esse m\u00e9todo tamb\u00e9m s\u00f3 era aplic\u00e1vel \u00e0 mat\u00e9ria, ao passo que o \u00e9 tamb\u00e9m \u00e0s coisas metaf\u00edsicas.<\/p>\n<\/div><\/div>\n\n\n\n<div class=\"wp-block-uagb-container uagb-block-2f3b09a5 alignfull uagb-is-root-container\"><div class=\"uagb-container-inner-blocks-wrap\"><\/div><\/div>\n\n\n\n<div class=\"wp-block-uagb-container uagb-block-f32dbaa5 alignfull uagb-is-root-container\"><div class=\"uagb-container-inner-blocks-wrap\"><\/div><\/div>","protected":false},"excerpt":{"rendered":"<p>Ren\u00e9 Descartes Ren\u00e9 Descartes (1596 &#8211; 1650) es llamado con raz\u00f3n el \u00abPadre de la Filosof\u00eda Moderna\u00bb. Fue el primer fil\u00f3sofo europeo despu\u00e9s de la Edad Media que situ\u00f3 el problema epistemol\u00f3gico (del conocimiento) en su verdadera perspectiva, anticipando toda la filosof\u00eda moderna. El mismo daimon que atormentaba a S\u00f3crates se present\u00f3 a Descartes como [&hellip;]<\/p>","protected":false},"author":1,"featured_media":0,"parent":0,"menu_order":0,"comment_status":"closed","ping_status":"closed","template":"","meta":{"_uag_custom_page_level_css":"","site-sidebar-layout":"default","site-content-layout":"","ast-site-content-layout":"default","site-content-style":"default","site-sidebar-style":"default","ast-global-header-display":"","ast-banner-title-visibility":"","ast-main-header-display":"","ast-hfb-above-header-display":"","ast-hfb-below-header-display":"","ast-hfb-mobile-header-display":"","site-post-title":"disabled","ast-breadcrumbs-content":"","ast-featured-img":"","footer-sml-layout":"","theme-transparent-header-meta":"","adv-header-id-meta":"","stick-header-meta":"","header-above-stick-meta":"","header-main-stick-meta":"","header-below-stick-meta":"","astra-migrate-meta-layouts":"set","ast-page-background-enabled":"default","ast-page-background-meta":{"desktop":{"background-color":"var(--ast-global-color-4)","background-image":"","background-repeat":"repeat","background-position":"center center","background-size":"auto","background-attachment":"scroll","background-type":"","background-media":"","overlay-type":"","overlay-color":"","overlay-opacity":"","overlay-gradient":""},"tablet":{"background-color":"","background-image":"","background-repeat":"repeat","background-position":"center center","background-size":"auto","background-attachment":"scroll","background-type":"","background-media":"","overlay-type":"","overlay-color":"","overlay-opacity":"","overlay-gradient":""},"mobile":{"background-color":"","background-image":"","background-repeat":"repeat","background-position":"center center","background-size":"auto","background-attachment":"scroll","background-type":"","background-media":"","overlay-type":"","overlay-color":"","overlay-opacity":"","overlay-gradient":""}},"ast-content-background-meta":{"desktop":{"background-color":"var(--ast-global-color-5)","background-image":"","background-repeat":"repeat","background-position":"center center","background-size":"auto","background-attachment":"scroll","background-type":"","background-media":"","overlay-type":"","overlay-color":"","overlay-opacity":"","overlay-gradient":""},"tablet":{"background-color":"var(--ast-global-color-5)","background-image":"","background-repeat":"repeat","background-position":"center center","background-size":"auto","background-attachment":"scroll","background-type":"","background-media":"","overlay-type":"","overlay-color":"","overlay-opacity":"","overlay-gradient":""},"mobile":{"background-color":"var(--ast-global-color-5)","background-image":"","background-repeat":"repeat","background-position":"center center","background-size":"auto","background-attachment":"scroll","background-type":"","background-media":"","overlay-type":"","overlay-color":"","overlay-opacity":"","overlay-gradient":""}},"footnotes":""},"class_list":["post-6711","page","type-page","status-publish","hentry"],"yoast_head":"<!-- This site is optimized with the Yoast SEO Premium plugin v24.2 (Yoast SEO v24.6) - https:\/\/yoast.com\/wordpress\/plugins\/seo\/ -->\n<title>Ren\u00e9 Descartes - Uni\u00f3n Esp\u00edrita<\/title>\n<meta name=\"robots\" content=\"index, follow, max-snippet:-1, max-image-preview:large, max-video-preview:-1\" \/>\n<link rel=\"canonical\" href=\"https:\/\/nuevo-renacer.com\/pt\/rene-descartes\/\" \/>\n<meta property=\"og:locale\" content=\"pt_BR\" \/>\n<meta property=\"og:type\" content=\"article\" \/>\n<meta property=\"og:title\" content=\"Ren\u00e9 Descartes\" \/>\n<meta property=\"og:description\" content=\"Ren\u00e9 Descartes Ren\u00e9 Descartes (1596 &#8211; 1650) es llamado con raz\u00f3n el \u00abPadre de la Filosof\u00eda Moderna\u00bb. Fue el primer fil\u00f3sofo europeo despu\u00e9s de la Edad Media que situ\u00f3 el problema epistemol\u00f3gico (del conocimiento) en su verdadera perspectiva, anticipando toda la filosof\u00eda moderna. El mismo daimon que atormentaba a S\u00f3crates se present\u00f3 a Descartes como [&hellip;]\" \/>\n<meta property=\"og:url\" content=\"https:\/\/nuevo-renacer.com\/pt\/rene-descartes\/\" \/>\n<meta property=\"og:site_name\" content=\"Uni\u00f3n Esp\u00edrita\" \/>\n<meta property=\"article:publisher\" content=\"https:\/\/www.facebook.com\/groups\/3431398063740829\" \/>\n<meta property=\"article:modified_time\" content=\"2025-01-08T12:13:50+00:00\" \/>\n<meta property=\"og:image\" content=\"https:\/\/nuevo-renacer.com\/wp-content\/uploads\/2025\/01\/800px-Frans_Hals_-_Portret_van_Rene_Descartes-1.jpg\" \/>\n\t<meta property=\"og:image:width\" content=\"800\" \/>\n\t<meta property=\"og:image:height\" content=\"676\" \/>\n\t<meta property=\"og:image:type\" content=\"image\/jpeg\" \/>\n<meta name=\"twitter:card\" content=\"summary_large_image\" \/>\n<meta name=\"twitter:label1\" content=\"Est. tempo de leitura\" \/>\n\t<meta name=\"twitter:data1\" content=\"4 minutos\" \/>\n<script type=\"application\/ld+json\" class=\"yoast-schema-graph\">{\"@context\":\"https:\/\/schema.org\",\"@graph\":[{\"@type\":\"WebPage\",\"@id\":\"https:\/\/nuevo-renacer.com\/rene-descartes\/\",\"url\":\"https:\/\/nuevo-renacer.com\/rene-descartes\/\",\"name\":\"Ren\u00e9 Descartes - Uni\u00f3n Esp\u00edrita\",\"isPartOf\":{\"@id\":\"https:\/\/nuevo-renacer.com\/#website\"},\"primaryImageOfPage\":{\"@id\":\"https:\/\/nuevo-renacer.com\/rene-descartes\/#primaryimage\"},\"image\":{\"@id\":\"https:\/\/nuevo-renacer.com\/rene-descartes\/#primaryimage\"},\"thumbnailUrl\":\"https:\/\/nuevo-renacer.com\/wp-content\/uploads\/2025\/01\/800px-Frans_Hals_-_Portret_van_Rene_Descartes-1.jpg\",\"datePublished\":\"2025-01-08T11:58:23+00:00\",\"dateModified\":\"2025-01-08T12:13:50+00:00\",\"breadcrumb\":{\"@id\":\"https:\/\/nuevo-renacer.com\/rene-descartes\/#breadcrumb\"},\"inLanguage\":\"pt-BR\",\"potentialAction\":[{\"@type\":\"ReadAction\",\"target\":[\"https:\/\/nuevo-renacer.com\/rene-descartes\/\"]}]},{\"@type\":\"ImageObject\",\"inLanguage\":\"pt-BR\",\"@id\":\"https:\/\/nuevo-renacer.com\/rene-descartes\/#primaryimage\",\"url\":\"https:\/\/nuevo-renacer.com\/wp-content\/uploads\/2025\/01\/800px-Frans_Hals_-_Portret_van_Rene_Descartes-1.jpg\",\"contentUrl\":\"https:\/\/nuevo-renacer.com\/wp-content\/uploads\/2025\/01\/800px-Frans_Hals_-_Portret_van_Rene_Descartes-1.jpg\"},{\"@type\":\"BreadcrumbList\",\"@id\":\"https:\/\/nuevo-renacer.com\/rene-descartes\/#breadcrumb\",\"itemListElement\":[{\"@type\":\"ListItem\",\"position\":1,\"name\":\"Startseite\",\"item\":\"https:\/\/nuevo-renacer.com\/\"},{\"@type\":\"ListItem\",\"position\":2,\"name\":\"Ren\u00e9 Descartes\"}]},{\"@type\":\"WebSite\",\"@id\":\"https:\/\/nuevo-renacer.com\/#website\",\"url\":\"https:\/\/nuevo-renacer.com\/\",\"name\":\"Uni\u00f3n Esp\u00edrita\",\"description\":\"Nuevo Renacer\",\"publisher\":{\"@id\":\"https:\/\/nuevo-renacer.com\/#organization\"},\"potentialAction\":[{\"@type\":\"SearchAction\",\"target\":{\"@type\":\"EntryPoint\",\"urlTemplate\":\"https:\/\/nuevo-renacer.com\/?s={search_term_string}\"},\"query-input\":{\"@type\":\"PropertyValueSpecification\",\"valueRequired\":true,\"valueName\":\"search_term_string\"}}],\"inLanguage\":\"pt-BR\"},{\"@type\":\"Organization\",\"@id\":\"https:\/\/nuevo-renacer.com\/#organization\",\"name\":\"UFEC\",\"url\":\"https:\/\/nuevo-renacer.com\/\",\"logo\":{\"@type\":\"ImageObject\",\"inLanguage\":\"pt-BR\",\"@id\":\"https:\/\/nuevo-renacer.com\/#\/schema\/logo\/image\/\",\"url\":\"https:\/\/nuevo-renacer.com\/wp-content\/uploads\/2024\/05\/cropped-LOGO-TERMINADO1-3-3.png\",\"contentUrl\":\"https:\/\/nuevo-renacer.com\/wp-content\/uploads\/2024\/05\/cropped-LOGO-TERMINADO1-3-3.png\",\"width\":512,\"height\":512,\"caption\":\"UFEC\"},\"image\":{\"@id\":\"https:\/\/nuevo-renacer.com\/#\/schema\/logo\/image\/\"},\"sameAs\":[\"https:\/\/www.facebook.com\/groups\/3431398063740829\"]}]}<\/script>\n<!-- \/ Yoast SEO Premium plugin. -->","yoast_head_json":{"title":"Ren\u00e9 Descartes - Uni\u00f3n Esp\u00edrita","robots":{"index":"index","follow":"follow","max-snippet":"max-snippet:-1","max-image-preview":"max-image-preview:large","max-video-preview":"max-video-preview:-1"},"canonical":"https:\/\/nuevo-renacer.com\/pt\/rene-descartes\/","og_locale":"pt_BR","og_type":"article","og_title":"Ren\u00e9 Descartes","og_description":"Ren\u00e9 Descartes Ren\u00e9 Descartes (1596 &#8211; 1650) es llamado con raz\u00f3n el \u00abPadre de la Filosof\u00eda Moderna\u00bb. Fue el primer fil\u00f3sofo europeo despu\u00e9s de la Edad Media que situ\u00f3 el problema epistemol\u00f3gico (del conocimiento) en su verdadera perspectiva, anticipando toda la filosof\u00eda moderna. El mismo daimon que atormentaba a S\u00f3crates se present\u00f3 a Descartes como [&hellip;]","og_url":"https:\/\/nuevo-renacer.com\/pt\/rene-descartes\/","og_site_name":"Uni\u00f3n Esp\u00edrita","article_publisher":"https:\/\/www.facebook.com\/groups\/3431398063740829","article_modified_time":"2025-01-08T12:13:50+00:00","og_image":[{"width":800,"height":676,"url":"https:\/\/nuevo-renacer.com\/wp-content\/uploads\/2025\/01\/800px-Frans_Hals_-_Portret_van_Rene_Descartes-1.jpg","type":"image\/jpeg"}],"twitter_card":"summary_large_image","twitter_misc":{"Est. tempo de leitura":"4 minutos"},"schema":{"@context":"https:\/\/schema.org","@graph":[{"@type":"WebPage","@id":"https:\/\/nuevo-renacer.com\/rene-descartes\/","url":"https:\/\/nuevo-renacer.com\/rene-descartes\/","name":"Ren\u00e9 Descartes - Uni\u00f3n Esp\u00edrita","isPartOf":{"@id":"https:\/\/nuevo-renacer.com\/#website"},"primaryImageOfPage":{"@id":"https:\/\/nuevo-renacer.com\/rene-descartes\/#primaryimage"},"image":{"@id":"https:\/\/nuevo-renacer.com\/rene-descartes\/#primaryimage"},"thumbnailUrl":"https:\/\/nuevo-renacer.com\/wp-content\/uploads\/2025\/01\/800px-Frans_Hals_-_Portret_van_Rene_Descartes-1.jpg","datePublished":"2025-01-08T11:58:23+00:00","dateModified":"2025-01-08T12:13:50+00:00","breadcrumb":{"@id":"https:\/\/nuevo-renacer.com\/rene-descartes\/#breadcrumb"},"inLanguage":"pt-BR","potentialAction":[{"@type":"ReadAction","target":["https:\/\/nuevo-renacer.com\/rene-descartes\/"]}]},{"@type":"ImageObject","inLanguage":"pt-BR","@id":"https:\/\/nuevo-renacer.com\/rene-descartes\/#primaryimage","url":"https:\/\/nuevo-renacer.com\/wp-content\/uploads\/2025\/01\/800px-Frans_Hals_-_Portret_van_Rene_Descartes-1.jpg","contentUrl":"https:\/\/nuevo-renacer.com\/wp-content\/uploads\/2025\/01\/800px-Frans_Hals_-_Portret_van_Rene_Descartes-1.jpg"},{"@type":"BreadcrumbList","@id":"https:\/\/nuevo-renacer.com\/rene-descartes\/#breadcrumb","itemListElement":[{"@type":"ListItem","position":1,"name":"Startseite","item":"https:\/\/nuevo-renacer.com\/"},{"@type":"ListItem","position":2,"name":"Ren\u00e9 Descartes"}]},{"@type":"WebSite","@id":"https:\/\/nuevo-renacer.com\/#website","url":"https:\/\/nuevo-renacer.com\/","name":"Uni\u00f3n Esp\u00edrita","description":"Nuevo Renacer","publisher":{"@id":"https:\/\/nuevo-renacer.com\/#organization"},"potentialAction":[{"@type":"SearchAction","target":{"@type":"EntryPoint","urlTemplate":"https:\/\/nuevo-renacer.com\/?s={search_term_string}"},"query-input":{"@type":"PropertyValueSpecification","valueRequired":true,"valueName":"search_term_string"}}],"inLanguage":"pt-BR"},{"@type":"Organization","@id":"https:\/\/nuevo-renacer.com\/#organization","name":"UFEC","url":"https:\/\/nuevo-renacer.com\/","logo":{"@type":"ImageObject","inLanguage":"pt-BR","@id":"https:\/\/nuevo-renacer.com\/#\/schema\/logo\/image\/","url":"https:\/\/nuevo-renacer.com\/wp-content\/uploads\/2024\/05\/cropped-LOGO-TERMINADO1-3-3.png","contentUrl":"https:\/\/nuevo-renacer.com\/wp-content\/uploads\/2024\/05\/cropped-LOGO-TERMINADO1-3-3.png","width":512,"height":512,"caption":"UFEC"},"image":{"@id":"https:\/\/nuevo-renacer.com\/#\/schema\/logo\/image\/"},"sameAs":["https:\/\/www.facebook.com\/groups\/3431398063740829"]}]}},"uagb_featured_image_src":{"full":false,"thumbnail":false,"medium":false,"medium_large":false,"large":false,"1536x1536":false,"2048x2048":false,"trp-custom-language-flag":false},"uagb_author_info":{"display_name":"adbv0","author_link":"https:\/\/nuevo-renacer.com\/pt\/author\/adbv0\/"},"uagb_comment_info":0,"uagb_excerpt":"Ren\u00e9 Descartes Ren\u00e9 Descartes (1596 &#8211; 1650) es llamado con raz\u00f3n el \u00abPadre de la Filosof\u00eda Moderna\u00bb. Fue el primer fil\u00f3sofo europeo despu\u00e9s de la Edad Media que situ\u00f3 el problema epistemol\u00f3gico (del conocimiento) en su verdadera perspectiva, anticipando toda la filosof\u00eda moderna. El mismo daimon que atormentaba a S\u00f3crates se present\u00f3 a Descartes como&hellip;","jetpack_sharing_enabled":true,"_links":{"self":[{"href":"https:\/\/nuevo-renacer.com\/pt\/wp-json\/wp\/v2\/pages\/6711","targetHints":{"allow":["GET"]}}],"collection":[{"href":"https:\/\/nuevo-renacer.com\/pt\/wp-json\/wp\/v2\/pages"}],"about":[{"href":"https:\/\/nuevo-renacer.com\/pt\/wp-json\/wp\/v2\/types\/page"}],"author":[{"embeddable":true,"href":"https:\/\/nuevo-renacer.com\/pt\/wp-json\/wp\/v2\/users\/1"}],"replies":[{"embeddable":true,"href":"https:\/\/nuevo-renacer.com\/pt\/wp-json\/wp\/v2\/comments?post=6711"}],"version-history":[{"count":2,"href":"https:\/\/nuevo-renacer.com\/pt\/wp-json\/wp\/v2\/pages\/6711\/revisions"}],"predecessor-version":[{"id":6717,"href":"https:\/\/nuevo-renacer.com\/pt\/wp-json\/wp\/v2\/pages\/6711\/revisions\/6717"}],"wp:attachment":[{"href":"https:\/\/nuevo-renacer.com\/pt\/wp-json\/wp\/v2\/media?parent=6711"}],"curies":[{"name":"wp","href":"https:\/\/api.w.org\/{rel}","templated":true}]}}