{"id":6695,"date":"2025-01-08T08:11:44","date_gmt":"2025-01-08T08:11:44","guid":{"rendered":"https:\/\/nuevo-renacer.com\/?page_id=6695"},"modified":"2025-01-08T08:13:14","modified_gmt":"2025-01-08T08:13:14","slug":"fe-y-responsabilidad-en-tiempos-dificiles-un-llamamiento-a-la-unidad","status":"publish","type":"page","link":"https:\/\/nuevo-renacer.com\/pt\/fe-y-responsabilidad-en-tiempos-dificiles-un-llamamiento-a-la-unidad\/","title":{"rendered":"F\u00e9 e responsabilidade em tempos dif\u00edceis: Um chamado \u00e0 unidade"},"content":{"rendered":"<div class=\"wp-block-uagb-container uagb-block-b0926129 alignfull uagb-is-root-container\"><div class=\"uagb-container-inner-blocks-wrap\">\n<p class=\"has-black-color has-text-color has-link-color has-medium-font-size wp-elements-e2e28fda122d1fba9bb8a236295c57b1\"><strong>F\u00e9 e responsabilidade em tempos dif\u00edceis: Um chamado \u00e0 unidade<\/strong><\/p>\n<\/div><\/div>\n\n\n\n<div class=\"wp-block-uagb-container uagb-block-6cb011eb alignfull uagb-is-root-container\"><div class=\"uagb-container-inner-blocks-wrap\">\n<figure class=\"wp-block-image size-large is-resized\"><img fetchpriority=\"high\" decoding=\"async\" width=\"1024\" height=\"768\" src=\"https:\/\/nuevo-renacer.com\/wp-content\/uploads\/2025\/01\/guardian-angels-cof7o53byfdgey97-1024x768.jpg\" alt=\"\" class=\"wp-image-6696\" style=\"width:476px;height:auto\" srcset=\"https:\/\/nuevo-renacer.com\/wp-content\/uploads\/2025\/01\/guardian-angels-cof7o53byfdgey97-1024x768.jpg 1024w, https:\/\/nuevo-renacer.com\/wp-content\/uploads\/2025\/01\/guardian-angels-cof7o53byfdgey97-300x225.jpg 300w, https:\/\/nuevo-renacer.com\/wp-content\/uploads\/2025\/01\/guardian-angels-cof7o53byfdgey97-768x576.jpg 768w, https:\/\/nuevo-renacer.com\/wp-content\/uploads\/2025\/01\/guardian-angels-cof7o53byfdgey97-1536x1152.jpg 1536w, https:\/\/nuevo-renacer.com\/wp-content\/uploads\/2025\/01\/guardian-angels-cof7o53byfdgey97-16x12.jpg 16w, https:\/\/nuevo-renacer.com\/wp-content\/uploads\/2025\/01\/guardian-angels-cof7o53byfdgey97.jpg 1600w\" sizes=\"(max-width: 1024px) 100vw, 1024px\" \/><\/figure>\n<\/div><\/div>\n\n\n\n<div class=\"wp-block-uagb-container uagb-block-da38f51e alignfull uagb-is-root-container\"><div class=\"uagb-container-inner-blocks-wrap\">\n<p class=\"has-black-color has-text-color has-link-color has-small-font-size wp-elements-8feb280c80b08fa4143869abd891fd04\">Prezados irm\u00e3os e irm\u00e3s,<\/p>\n\n\n\n<p class=\"has-black-color has-text-color has-link-color has-small-font-size wp-elements-8dc0658f0ecc0984bc2d2384c895869c\">Tenham bom \u00e2nimo nestes tempos dif\u00edceis, em que as tribula\u00e7\u00f5es terrenas os fizeram sofrer ao m\u00e1ximo. Esp\u00edritas, continuem a ter f\u00e9 em nosso Pai e em sua miss\u00e3o divina, com a qual Ele os incumbiu h\u00e1 muitos anos. Pois todo sofrimento que ELE lhes imp\u00f5e n\u00e3o tem a finalidade de puni\u00e7\u00e3o comum, mas de limp\u00e1-los da esc\u00f3ria de vidas passadas e fortalec\u00ea-los. Como espiritualistas, voc\u00eas sabem disso, portanto, estejam sempre cientes disso. Um diamante nada mais \u00e9 do que um peda\u00e7o de carbono, que s\u00f3 alcan\u00e7a sua verdadeira beleza e brilho radiante por meio de enorme press\u00e3o, golpes de martelo e longa lapida\u00e7\u00e3o. Voc\u00ea \u00e9 como esse peda\u00e7o de carbono no in\u00edcio de sua jornada, mas carrega o potencial do diamante dentro de si. Esp\u00edritas deste mundo, chegou a hora de voc\u00eas se unirem.<\/p>\n\n\n\n<p class=\"has-black-color has-text-color has-link-color has-small-font-size wp-elements-c1473f021b18dfaad434e4e74a998cd9\">No ano passado, os preparativos come\u00e7aram, este ano o fogo arder\u00e1 e se espalhar\u00e1. Voc\u00eas s\u00e3o os far\u00f3is dispersos de nosso Pai, que os espalhou por todo o mundo. Agora formem juntos uma rede brilhante para o benef\u00edcio da humanidade. Pois agora \u00e9 o momento da ascens\u00e3o deste planeta para a pr\u00f3xima fase. Ser\u00e1 um per\u00edodo dif\u00edcil, por\u00e9m alegre, \u00e0 medida que voc\u00eas cumprirem a vontade de nosso Senhor. Nunca se cansem de cumprir seu dever sagrado, mesmo sob as maiores tribula\u00e7\u00f5es. Pois, apesar dos grandes fardos e do trabalho \u00e1rduo, seus cora\u00e7\u00f5es transbordar\u00e3o de felicidade. Tenham certeza de que nosso Pai segurar\u00e1 suas m\u00e3os mesmo na maior das tempestades.<\/p>\n\n\n\n<p class=\"has-black-color has-text-color has-link-color has-small-font-size wp-elements-0f8fd0ad781c4f5002bc7a0e2e8e99b7\">Voc\u00eas, m\u00e9diuns entre os esp\u00edritas, s\u00e3o aben\u00e7oados e advertidos a n\u00e3o guardarem suas habilidades concedidas por nosso Pai a sete chaves, a n\u00e3o fazerem mau uso delas nem tentarem acumular riquezas com elas. Em vez disso, voc\u00eas s\u00e3o incentivados a refinar e aperfei\u00e7oar suas habilidades e, como verdadeiros servos do Pai, a us\u00e1-las para ajudar aqueles que ainda s\u00e3o ignorantes no caminho da salva\u00e7\u00e3o. Saibam que nenhum de voc\u00eas \u00e9 in\u00fatil ou sem import\u00e2ncia.<\/p>\n\n\n\n<p class=\"has-black-color has-text-color has-link-color has-small-font-size wp-elements-16490a1b33505244e635d1f304927983\">Cada um de voc\u00eas \u00e9 uma pequena engrenagem em uma m\u00e1quina gigantesca; se uma engrenagem quebrar, a m\u00e1quina funcionar\u00e1 mais lentamente e com mais dificuldade. Portanto, n\u00e3o pensem que um de voc\u00eas \u00e9 melhor ou pior, mais importante ou menos importante.<\/p>\n\n\n\n<p class=\"has-black-color has-text-color has-link-color has-small-font-size wp-elements-b183e20704c12d0ce0c5a4e7993641c8\">Aben\u00e7oados sejam meus irm\u00e3os e irm\u00e3s.<\/p>\n\n\n\n<p class=\"has-black-color has-text-color has-link-color has-small-font-size wp-elements-179ac80ffe2f32f824eb5edde0161c98\"><em>Um guardi\u00e3o<\/em><\/p>\n\n\n\n<p class=\"has-black-color has-text-color has-link-color has-small-font-size wp-elements-a1465af95a867fce8d3e8e8ea828b466\">08.01.2025<\/p>\n\n\n\n<p class=\"has-black-color has-text-color has-link-color has-small-font-size wp-elements-584df68fa27c72815681e55eed2bb0e8\">Psicografado pela m\u00e9dium Daniela M.<\/p>\n<\/div><\/div>\n\n\n\n<div class=\"wp-block-uagb-container uagb-block-48f6febe alignfull uagb-is-root-container\"><div class=\"uagb-container-inner-blocks-wrap\"><\/div><\/div>\n\n\n\n<div class=\"wp-block-uagb-container uagb-block-44f8c91c alignfull uagb-is-root-container\"><div class=\"uagb-container-inner-blocks-wrap\"><\/div><\/div>\n\n\n\n<p><\/p>","protected":false},"excerpt":{"rendered":"<p>Fe y responsabilidad en tiempos dif\u00edciles: Un llamamiento a la unidad Queridos hermanos y hermanas, Tened buen \u00e1nimo en estos tiempos dif\u00edciles, en los que las tribulaciones terrestres os han hecho sufrir al m\u00e1ximo. Espiritistas, continuad teniendo fe en nuestro Padre y en vuestra misi\u00f3n divina con la que \u00c9L os comision\u00f3 hace eones de [&hellip;]<\/p>","protected":false},"author":1,"featured_media":0,"parent":0,"menu_order":0,"comment_status":"closed","ping_status":"closed","template":"","meta":{"_uag_custom_page_level_css":"","site-sidebar-layout":"default","site-content-layout":"","ast-site-content-layout":"default","site-content-style":"default","site-sidebar-style":"default","ast-global-header-display":"","ast-banner-title-visibility":"","ast-main-header-display":"","ast-hfb-above-header-display":"","ast-hfb-below-header-display":"","ast-hfb-mobile-header-display":"","site-post-title":"disabled","ast-breadcrumbs-content":"","ast-featured-img":"","footer-sml-layout":"","theme-transparent-header-meta":"","adv-header-id-meta":"","stick-header-meta":"","header-above-stick-meta":"","header-main-stick-meta":"","header-below-stick-meta":"","astra-migrate-meta-layouts":"set","ast-page-background-enabled":"default","ast-page-background-meta":{"desktop":{"background-color":"var(--ast-global-color-4)","background-image":"","background-repeat":"repeat","background-position":"center center","background-size":"auto","background-attachment":"scroll","background-type":"","background-media":"","overlay-type":"","overlay-color":"","overlay-opacity":"","overlay-gradient":""},"tablet":{"background-color":"","background-image":"","background-repeat":"repeat","background-position":"center center","background-size":"auto","background-attachment":"scroll","background-type":"","background-media":"","overlay-type":"","overlay-color":"","overlay-opacity":"","overlay-gradient":""},"mobile":{"background-color":"","background-image":"","background-repeat":"repeat","background-position":"center center","background-size":"auto","background-attachment":"scroll","background-type":"","background-media":"","overlay-type":"","overlay-color":"","overlay-opacity":"","overlay-gradient":""}},"ast-content-background-meta":{"desktop":{"background-color":"var(--ast-global-color-5)","background-image":"","background-repeat":"repeat","background-position":"center center","background-size":"auto","background-attachment":"scroll","background-type":"","background-media":"","overlay-type":"","overlay-color":"","overlay-opacity":"","overlay-gradient":""},"tablet":{"background-color":"var(--ast-global-color-5)","background-image":"","background-repeat":"repeat","background-position":"center center","background-size":"auto","background-attachment":"scroll","background-type":"","background-media":"","overlay-type":"","overlay-color":"","overlay-opacity":"","overlay-gradient":""},"mobile":{"background-color":"var(--ast-global-color-5)","background-image":"","background-repeat":"repeat","background-position":"center center","background-size":"auto","background-attachment":"scroll","background-type":"","background-media":"","overlay-type":"","overlay-color":"","overlay-opacity":"","overlay-gradient":""}},"footnotes":""},"class_list":["post-6695","page","type-page","status-publish","hentry"],"yoast_head":"<!-- This site is optimized with the Yoast SEO Premium plugin v24.2 (Yoast SEO v24.6) - https:\/\/yoast.com\/wordpress\/plugins\/seo\/ -->\n<title>Fe y responsabilidad en tiempos dif\u00edciles: Un llamamiento a la unidad - Uni\u00f3n Esp\u00edrita<\/title>\n<meta name=\"robots\" content=\"index, follow, max-snippet:-1, max-image-preview:large, max-video-preview:-1\" \/>\n<link rel=\"canonical\" href=\"https:\/\/nuevo-renacer.com\/pt\/fe-y-responsabilidad-en-tiempos-dificiles-un-llamamiento-a-la-unidad\/\" \/>\n<meta property=\"og:locale\" content=\"pt_BR\" \/>\n<meta property=\"og:type\" content=\"article\" \/>\n<meta property=\"og:title\" content=\"Fe y responsabilidad en tiempos dif\u00edciles: Un llamamiento a la unidad\" \/>\n<meta property=\"og:description\" content=\"Fe y responsabilidad en tiempos dif\u00edciles: Un llamamiento a la unidad Queridos hermanos y hermanas, Tened buen \u00e1nimo en estos tiempos dif\u00edciles, en los que las tribulaciones terrestres os han hecho sufrir al m\u00e1ximo. Espiritistas, continuad teniendo fe en nuestro Padre y en vuestra misi\u00f3n divina con la que \u00c9L os comision\u00f3 hace eones de [&hellip;]\" \/>\n<meta property=\"og:url\" content=\"https:\/\/nuevo-renacer.com\/pt\/fe-y-responsabilidad-en-tiempos-dificiles-un-llamamiento-a-la-unidad\/\" \/>\n<meta property=\"og:site_name\" content=\"Uni\u00f3n Esp\u00edrita\" \/>\n<meta property=\"article:publisher\" content=\"https:\/\/www.facebook.com\/groups\/3431398063740829\" \/>\n<meta property=\"article:modified_time\" content=\"2025-01-08T08:13:14+00:00\" \/>\n<meta property=\"og:image\" content=\"https:\/\/nuevo-renacer.com\/wp-content\/uploads\/2025\/01\/guardian-angels-cof7o53byfdgey97.jpg\" \/>\n\t<meta property=\"og:image:width\" content=\"1600\" \/>\n\t<meta property=\"og:image:height\" content=\"1200\" \/>\n\t<meta property=\"og:image:type\" content=\"image\/jpeg\" \/>\n<meta name=\"twitter:card\" content=\"summary_large_image\" \/>\n<meta name=\"twitter:label1\" content=\"Est. tempo de leitura\" \/>\n\t<meta name=\"twitter:data1\" content=\"2 minutos\" \/>\n<script type=\"application\/ld+json\" class=\"yoast-schema-graph\">{\"@context\":\"https:\/\/schema.org\",\"@graph\":[{\"@type\":\"WebPage\",\"@id\":\"https:\/\/nuevo-renacer.com\/fe-y-responsabilidad-en-tiempos-dificiles-un-llamamiento-a-la-unidad\/\",\"url\":\"https:\/\/nuevo-renacer.com\/fe-y-responsabilidad-en-tiempos-dificiles-un-llamamiento-a-la-unidad\/\",\"name\":\"Fe y responsabilidad en tiempos dif\u00edciles: Un llamamiento a la unidad - Uni\u00f3n Esp\u00edrita\",\"isPartOf\":{\"@id\":\"https:\/\/nuevo-renacer.com\/#website\"},\"primaryImageOfPage\":{\"@id\":\"https:\/\/nuevo-renacer.com\/fe-y-responsabilidad-en-tiempos-dificiles-un-llamamiento-a-la-unidad\/#primaryimage\"},\"image\":{\"@id\":\"https:\/\/nuevo-renacer.com\/fe-y-responsabilidad-en-tiempos-dificiles-un-llamamiento-a-la-unidad\/#primaryimage\"},\"thumbnailUrl\":\"https:\/\/nuevo-renacer.com\/wp-content\/uploads\/2025\/01\/guardian-angels-cof7o53byfdgey97-1024x768.jpg\",\"datePublished\":\"2025-01-08T08:11:44+00:00\",\"dateModified\":\"2025-01-08T08:13:14+00:00\",\"breadcrumb\":{\"@id\":\"https:\/\/nuevo-renacer.com\/fe-y-responsabilidad-en-tiempos-dificiles-un-llamamiento-a-la-unidad\/#breadcrumb\"},\"inLanguage\":\"pt-BR\",\"potentialAction\":[{\"@type\":\"ReadAction\",\"target\":[\"https:\/\/nuevo-renacer.com\/fe-y-responsabilidad-en-tiempos-dificiles-un-llamamiento-a-la-unidad\/\"]}]},{\"@type\":\"ImageObject\",\"inLanguage\":\"pt-BR\",\"@id\":\"https:\/\/nuevo-renacer.com\/fe-y-responsabilidad-en-tiempos-dificiles-un-llamamiento-a-la-unidad\/#primaryimage\",\"url\":\"https:\/\/nuevo-renacer.com\/wp-content\/uploads\/2025\/01\/guardian-angels-cof7o53byfdgey97-1024x768.jpg\",\"contentUrl\":\"https:\/\/nuevo-renacer.com\/wp-content\/uploads\/2025\/01\/guardian-angels-cof7o53byfdgey97-1024x768.jpg\"},{\"@type\":\"BreadcrumbList\",\"@id\":\"https:\/\/nuevo-renacer.com\/fe-y-responsabilidad-en-tiempos-dificiles-un-llamamiento-a-la-unidad\/#breadcrumb\",\"itemListElement\":[{\"@type\":\"ListItem\",\"position\":1,\"name\":\"Startseite\",\"item\":\"https:\/\/nuevo-renacer.com\/\"},{\"@type\":\"ListItem\",\"position\":2,\"name\":\"Fe y responsabilidad en tiempos dif\u00edciles: Un llamamiento a la unidad\"}]},{\"@type\":\"WebSite\",\"@id\":\"https:\/\/nuevo-renacer.com\/#website\",\"url\":\"https:\/\/nuevo-renacer.com\/\",\"name\":\"Uni\u00f3n Esp\u00edrita\",\"description\":\"Nuevo Renacer\",\"publisher\":{\"@id\":\"https:\/\/nuevo-renacer.com\/#organization\"},\"potentialAction\":[{\"@type\":\"SearchAction\",\"target\":{\"@type\":\"EntryPoint\",\"urlTemplate\":\"https:\/\/nuevo-renacer.com\/?s={search_term_string}\"},\"query-input\":{\"@type\":\"PropertyValueSpecification\",\"valueRequired\":true,\"valueName\":\"search_term_string\"}}],\"inLanguage\":\"pt-BR\"},{\"@type\":\"Organization\",\"@id\":\"https:\/\/nuevo-renacer.com\/#organization\",\"name\":\"UFEC\",\"url\":\"https:\/\/nuevo-renacer.com\/\",\"logo\":{\"@type\":\"ImageObject\",\"inLanguage\":\"pt-BR\",\"@id\":\"https:\/\/nuevo-renacer.com\/#\/schema\/logo\/image\/\",\"url\":\"https:\/\/nuevo-renacer.com\/wp-content\/uploads\/2024\/05\/cropped-LOGO-TERMINADO1-3-3.png\",\"contentUrl\":\"https:\/\/nuevo-renacer.com\/wp-content\/uploads\/2024\/05\/cropped-LOGO-TERMINADO1-3-3.png\",\"width\":512,\"height\":512,\"caption\":\"UFEC\"},\"image\":{\"@id\":\"https:\/\/nuevo-renacer.com\/#\/schema\/logo\/image\/\"},\"sameAs\":[\"https:\/\/www.facebook.com\/groups\/3431398063740829\"]}]}<\/script>\n<!-- \/ Yoast SEO Premium plugin. -->","yoast_head_json":{"title":"Fe y responsabilidad en tiempos dif\u00edciles: Un llamamiento a la unidad - Uni\u00f3n Esp\u00edrita","robots":{"index":"index","follow":"follow","max-snippet":"max-snippet:-1","max-image-preview":"max-image-preview:large","max-video-preview":"max-video-preview:-1"},"canonical":"https:\/\/nuevo-renacer.com\/pt\/fe-y-responsabilidad-en-tiempos-dificiles-un-llamamiento-a-la-unidad\/","og_locale":"pt_BR","og_type":"article","og_title":"Fe y responsabilidad en tiempos dif\u00edciles: Un llamamiento a la unidad","og_description":"Fe y responsabilidad en tiempos dif\u00edciles: Un llamamiento a la unidad Queridos hermanos y hermanas, Tened buen \u00e1nimo en estos tiempos dif\u00edciles, en los que las tribulaciones terrestres os han hecho sufrir al m\u00e1ximo. Espiritistas, continuad teniendo fe en nuestro Padre y en vuestra misi\u00f3n divina con la que \u00c9L os comision\u00f3 hace eones de [&hellip;]","og_url":"https:\/\/nuevo-renacer.com\/pt\/fe-y-responsabilidad-en-tiempos-dificiles-un-llamamiento-a-la-unidad\/","og_site_name":"Uni\u00f3n Esp\u00edrita","article_publisher":"https:\/\/www.facebook.com\/groups\/3431398063740829","article_modified_time":"2025-01-08T08:13:14+00:00","og_image":[{"width":1600,"height":1200,"url":"https:\/\/nuevo-renacer.com\/wp-content\/uploads\/2025\/01\/guardian-angels-cof7o53byfdgey97.jpg","type":"image\/jpeg"}],"twitter_card":"summary_large_image","twitter_misc":{"Est. tempo de leitura":"2 minutos"},"schema":{"@context":"https:\/\/schema.org","@graph":[{"@type":"WebPage","@id":"https:\/\/nuevo-renacer.com\/fe-y-responsabilidad-en-tiempos-dificiles-un-llamamiento-a-la-unidad\/","url":"https:\/\/nuevo-renacer.com\/fe-y-responsabilidad-en-tiempos-dificiles-un-llamamiento-a-la-unidad\/","name":"Fe y responsabilidad en tiempos dif\u00edciles: Un llamamiento a la unidad - Uni\u00f3n Esp\u00edrita","isPartOf":{"@id":"https:\/\/nuevo-renacer.com\/#website"},"primaryImageOfPage":{"@id":"https:\/\/nuevo-renacer.com\/fe-y-responsabilidad-en-tiempos-dificiles-un-llamamiento-a-la-unidad\/#primaryimage"},"image":{"@id":"https:\/\/nuevo-renacer.com\/fe-y-responsabilidad-en-tiempos-dificiles-un-llamamiento-a-la-unidad\/#primaryimage"},"thumbnailUrl":"https:\/\/nuevo-renacer.com\/wp-content\/uploads\/2025\/01\/guardian-angels-cof7o53byfdgey97-1024x768.jpg","datePublished":"2025-01-08T08:11:44+00:00","dateModified":"2025-01-08T08:13:14+00:00","breadcrumb":{"@id":"https:\/\/nuevo-renacer.com\/fe-y-responsabilidad-en-tiempos-dificiles-un-llamamiento-a-la-unidad\/#breadcrumb"},"inLanguage":"pt-BR","potentialAction":[{"@type":"ReadAction","target":["https:\/\/nuevo-renacer.com\/fe-y-responsabilidad-en-tiempos-dificiles-un-llamamiento-a-la-unidad\/"]}]},{"@type":"ImageObject","inLanguage":"pt-BR","@id":"https:\/\/nuevo-renacer.com\/fe-y-responsabilidad-en-tiempos-dificiles-un-llamamiento-a-la-unidad\/#primaryimage","url":"https:\/\/nuevo-renacer.com\/wp-content\/uploads\/2025\/01\/guardian-angels-cof7o53byfdgey97-1024x768.jpg","contentUrl":"https:\/\/nuevo-renacer.com\/wp-content\/uploads\/2025\/01\/guardian-angels-cof7o53byfdgey97-1024x768.jpg"},{"@type":"BreadcrumbList","@id":"https:\/\/nuevo-renacer.com\/fe-y-responsabilidad-en-tiempos-dificiles-un-llamamiento-a-la-unidad\/#breadcrumb","itemListElement":[{"@type":"ListItem","position":1,"name":"Startseite","item":"https:\/\/nuevo-renacer.com\/"},{"@type":"ListItem","position":2,"name":"Fe y responsabilidad en tiempos dif\u00edciles: Un llamamiento a la unidad"}]},{"@type":"WebSite","@id":"https:\/\/nuevo-renacer.com\/#website","url":"https:\/\/nuevo-renacer.com\/","name":"Uni\u00f3n Esp\u00edrita","description":"Nuevo Renacer","publisher":{"@id":"https:\/\/nuevo-renacer.com\/#organization"},"potentialAction":[{"@type":"SearchAction","target":{"@type":"EntryPoint","urlTemplate":"https:\/\/nuevo-renacer.com\/?s={search_term_string}"},"query-input":{"@type":"PropertyValueSpecification","valueRequired":true,"valueName":"search_term_string"}}],"inLanguage":"pt-BR"},{"@type":"Organization","@id":"https:\/\/nuevo-renacer.com\/#organization","name":"UFEC","url":"https:\/\/nuevo-renacer.com\/","logo":{"@type":"ImageObject","inLanguage":"pt-BR","@id":"https:\/\/nuevo-renacer.com\/#\/schema\/logo\/image\/","url":"https:\/\/nuevo-renacer.com\/wp-content\/uploads\/2024\/05\/cropped-LOGO-TERMINADO1-3-3.png","contentUrl":"https:\/\/nuevo-renacer.com\/wp-content\/uploads\/2024\/05\/cropped-LOGO-TERMINADO1-3-3.png","width":512,"height":512,"caption":"UFEC"},"image":{"@id":"https:\/\/nuevo-renacer.com\/#\/schema\/logo\/image\/"},"sameAs":["https:\/\/www.facebook.com\/groups\/3431398063740829"]}]}},"uagb_featured_image_src":{"full":false,"thumbnail":false,"medium":false,"medium_large":false,"large":false,"1536x1536":false,"2048x2048":false,"trp-custom-language-flag":false},"uagb_author_info":{"display_name":"adbv0","author_link":"https:\/\/nuevo-renacer.com\/pt\/author\/adbv0\/"},"uagb_comment_info":0,"uagb_excerpt":"Fe y responsabilidad en tiempos dif\u00edciles: Un llamamiento a la unidad Queridos hermanos y hermanas, Tened buen \u00e1nimo en estos tiempos dif\u00edciles, en los que las tribulaciones terrestres os han hecho sufrir al m\u00e1ximo. Espiritistas, continuad teniendo fe en nuestro Padre y en vuestra misi\u00f3n divina con la que \u00c9L os comision\u00f3 hace eones de&hellip;","jetpack_sharing_enabled":true,"_links":{"self":[{"href":"https:\/\/nuevo-renacer.com\/pt\/wp-json\/wp\/v2\/pages\/6695","targetHints":{"allow":["GET"]}}],"collection":[{"href":"https:\/\/nuevo-renacer.com\/pt\/wp-json\/wp\/v2\/pages"}],"about":[{"href":"https:\/\/nuevo-renacer.com\/pt\/wp-json\/wp\/v2\/types\/page"}],"author":[{"embeddable":true,"href":"https:\/\/nuevo-renacer.com\/pt\/wp-json\/wp\/v2\/users\/1"}],"replies":[{"embeddable":true,"href":"https:\/\/nuevo-renacer.com\/pt\/wp-json\/wp\/v2\/comments?post=6695"}],"version-history":[{"count":2,"href":"https:\/\/nuevo-renacer.com\/pt\/wp-json\/wp\/v2\/pages\/6695\/revisions"}],"predecessor-version":[{"id":6699,"href":"https:\/\/nuevo-renacer.com\/pt\/wp-json\/wp\/v2\/pages\/6695\/revisions\/6699"}],"wp:attachment":[{"href":"https:\/\/nuevo-renacer.com\/pt\/wp-json\/wp\/v2\/media?parent=6695"}],"curies":[{"name":"wp","href":"https:\/\/api.w.org\/{rel}","templated":true}]}}