{"id":6673,"date":"2025-01-07T12:58:10","date_gmt":"2025-01-07T12:58:10","guid":{"rendered":"https:\/\/nuevo-renacer.com\/?page_id=6673"},"modified":"2025-05-23T09:45:49","modified_gmt":"2025-05-23T09:45:49","slug":"las-pruebas-y-la-muerte","status":"publish","type":"page","link":"https:\/\/nuevo-renacer.com\/pt\/las-pruebas-y-la-muerte\/","title":{"rendered":"LAS PRUEBAS Y LA MUERTE"},"content":{"rendered":"<div class=\"wp-block-uagb-container uagb-block-0fcb5199 alignfull uagb-is-root-container\"><div class=\"uagb-container-inner-blocks-wrap\">\n<p class=\"has-black-color has-text-color has-link-color has-medium-font-size wp-elements-922fe130b9248953b9280e17692f0506\"><strong>As Provas e a morte<\/strong><\/p>\n<\/div><\/div>\n\n\n\n<div class=\"wp-block-uagb-container uagb-block-638a73f7 alignfull uagb-is-root-container\"><div class=\"uagb-container-inner-blocks-wrap\">\n<figure class=\"wp-block-image size-large is-resized\"><img fetchpriority=\"high\" decoding=\"async\" width=\"1024\" height=\"678\" src=\"https:\/\/nuevo-renacer.com\/wp-content\/uploads\/2025\/01\/camera-219958_1280-1024x678.jpg\" alt=\"\" class=\"wp-image-6677\" style=\"width:275px;height:auto\" srcset=\"https:\/\/nuevo-renacer.com\/wp-content\/uploads\/2025\/01\/camera-219958_1280-1024x678.jpg 1024w, https:\/\/nuevo-renacer.com\/wp-content\/uploads\/2025\/01\/camera-219958_1280-300x199.jpg 300w, https:\/\/nuevo-renacer.com\/wp-content\/uploads\/2025\/01\/camera-219958_1280-768x508.jpg 768w, https:\/\/nuevo-renacer.com\/wp-content\/uploads\/2025\/01\/camera-219958_1280-18x12.jpg 18w, https:\/\/nuevo-renacer.com\/wp-content\/uploads\/2025\/01\/camera-219958_1280.jpg 1280w\" sizes=\"(max-width: 1024px) 100vw, 1024px\" \/><\/figure>\n<\/div><\/div>\n\n\n\n<div class=\"wp-block-uagb-container uagb-block-7bd3ae3d alignfull uagb-is-root-container\"><div class=\"uagb-container-inner-blocks-wrap\">\n<p class=\"has-black-color has-text-color has-link-color has-small-font-size wp-elements-01e336833af3cd604f64aeed3ad53c73\">Tendo sido determinado o objeto da exist\u00eancia, que \u00e9 mais elevado do que a fortuna, mais elevado do que a felicidade, ocorre uma verdadeira revolu\u00e7\u00e3o em nossas aspira\u00e7\u00f5es. O Universo \u00e9 um pal\u00e1cio no qual a alma luta por seu engrandecimento. Ela o obt\u00e9m por meio de seus trabalhos, seus sacrif\u00edcios e seus sofrimentos. A dor, seja f\u00edsica ou moral, \u00e9 um poderoso meio de desenvolvimento e progresso. As prova\u00e7\u00f5es pelas quais passamos nos ajudam a conhecer a n\u00f3s mesmos e a dominar nossas paix\u00f5es.<\/p>\n\n\n\n<p class=\"has-black-color has-text-color has-link-color has-small-font-size wp-elements-9127422ce59e3605e19a9a2800950499\">A dor \u00e9 a purifica\u00e7\u00e3o suprema, a escola onde a paci\u00eancia, a resigna\u00e7\u00e3o e todos os deveres austeros s\u00e3o aprendidos. \u00c9 a fornalha onde o ego\u00edsmo se derrete e o orgulho se dissolve. \u00c0s vezes, nas horas de escurid\u00e3o, a alma atormentada se rebela, nega Deus e Sua justi\u00e7a. Ent\u00e3o, quando a tempestade passa e ela se examina, v\u00ea que aquele mal aparente era um bem, v\u00ea que as tristezas a tornaram melhor, mais acess\u00edvel \u00e0 piedade, mais caridosa para com aqueles que sofrem.<\/p>\n\n\n\n<p class=\"has-black-color has-text-color has-link-color has-small-font-size wp-elements-32433687a48582f1a103779ac91053fe\">Todos os males da vida contribuem para nossa eleva\u00e7\u00e3o. Por meio da dor, das prova\u00e7\u00f5es, das humilha\u00e7\u00f5es, das doen\u00e7as e dos infort\u00fanios, o melhor nasce do pior. \u00c9 por isso que neste mundo h\u00e1 mais tristezas do que alegrias. As prova\u00e7\u00f5es temperam o car\u00e1ter, refinam os sentimentos e domam as almas ardentes ou altivas.<\/p>\n\n\n\n<p class=\"has-black-color has-text-color has-link-color has-small-font-size wp-elements-4ed99e6217f03aca54347c3a20d2c4e1\">A dor f\u00edsica tamb\u00e9m tem sua utilidade. Ela afrouxa quimicamente os la\u00e7os que prendem o Esp\u00edrito \u00e0 carne, desprende-o dos fluidos grosseiros que o envolvem, mesmo ap\u00f3s a morte, e o mant\u00e9m nas regi\u00f5es inferiores.<\/p>\n\n\n\n<p class=\"has-black-color has-text-color has-link-color has-small-font-size wp-elements-acab1a63ad2734e6c779282e01f77cae\">N\u00e3o vamos amaldi\u00e7oar a dor. S\u00f3 ela nos arranca da indiferen\u00e7a e do prazer. Ele esculpe nossa alma, dando-lhe sua forma mais pura e sua beleza mais perfeita.<\/p>\n\n\n\n<p class=\"has-black-color has-text-color has-link-color has-small-font-size wp-elements-e7320ea41b9532f8aeadefdc508d7ae6\">A prova \u00e9 um rem\u00e9dio infal\u00edvel para nossa inexperi\u00eancia. A Provid\u00eancia procede conosco como uma m\u00e3e previdente com seu filho que n\u00e3o quer. Quando resistimos a seus apelos, quando nos recusamos a seguir seus conselhos, ela nos permite sofrer decep\u00e7\u00f5es e contratempos, sabendo que a adversidade \u00e9 a melhor escola de bondade e sabedoria.<\/p>\n\n\n\n<p class=\"has-black-color has-text-color has-link-color has-small-font-size wp-elements-0e6ec6d5370312d7773192990bf57f9e\">Esse \u00e9 o destino da maioria das pessoas na Terra. Sob um c\u00e9u frequentemente sulcado por rel\u00e2mpagos, temos de seguir o \u00e1rduo caminho, com os p\u00e9s rasgados por pedras e espinhos. Um Esp\u00edrito vestido com vestes negras guia nossos passos: \u00e9 a dor, uma dor santa que devemos aben\u00e7oar, pois somente ela, ao estimular nosso ser, o desprende dos v\u00e3os adornos com os quais ele gosta de se enfeitar e o torna apto a sentir o que \u00e9 verdadeiramente nobre e belo.<\/p>\n\n\n\n<p class=\"has-black-color has-text-color has-link-color has-small-font-size wp-elements-0433e3c62057a06b5cc95757b89c164f\">Considerando esses ensinamentos, o que acontece com a ideia da morte? Ela perde todo o seu car\u00e1ter assustador. A morte n\u00e3o \u00e9 mais do que uma transforma\u00e7\u00e3o e renova\u00e7\u00e3o necess\u00e1rias. Na realidade, nada morre. A morte \u00e9 apenas aparente. Apenas a forma externa muda: o princ\u00edpio da vida, a alma, permanece em sua unidade permanente e indestrut\u00edvel. Al\u00e9m do t\u00famulo, ela est\u00e1 na plenitude de suas faculdades, com todas as aquisi\u00e7\u00f5es, esclarecimentos, virtudes, aspira\u00e7\u00f5es e poderes com os quais foi enriquecida durante suas exist\u00eancias terrenas. Esses s\u00e3o os bens imperec\u00edveis de que fala o Evangelho, quando nos diz: \u201cNem os vermes nem as tra\u00e7as podem destru\u00ed-los, nem os ladr\u00f5es roub\u00e1-los\u201d. S\u00e3o as \u00fanicas riquezas que podemos levar conosco e usar na vida futura.<\/p>\n\n\n\n<p class=\"has-black-color has-text-color has-link-color has-small-font-size wp-elements-201cfdcbe1c3e4a0b308fc517fa176ed\">A morte e a reencarna\u00e7\u00e3o que se segue a ela em um determinado momento s\u00e3o duas formas essenciais de progresso. Ao romper com os h\u00e1bitos mesquinhos que adquirimos, elas nos colocam em centros diferentes e nos for\u00e7am a adaptar nosso esp\u00edrito \u00e0s mil fases da ordem social e universal.<\/p>\n\n\n\n<p class=\"has-black-color has-text-color has-link-color has-small-font-size wp-elements-d972a095f8b919e3efd4944dfdfafd68\">Quando chega a noite da vida, quando nossa exist\u00eancia, como a p\u00e1gina de um livro, est\u00e1 prestes a virar para abrir espa\u00e7o em uma p\u00e1gina branca para uma nova p\u00e1gina, o homem s\u00e1bio consulta seu passado e rev\u00ea seus atos. Feliz \u00e9 aquele que, quando essa hora chega, pode dizer a si mesmo: \u201cMeus dias foram bem gastos\u201d. Feliz \u00e9 aquele que aceitou com resigna\u00e7\u00e3o e suportou as prova\u00e7\u00f5es com coragem. Essas prova\u00e7\u00f5es, ao esmagarem sua alma, expulsaram toda a amargura e o azedume que estavam contidos nela. Ao rever essa vida dif\u00edcil em seus pensamentos, o homem s\u00e1bio aben\u00e7oar\u00e1 as dificuldades que suportou. Com sua consci\u00eancia em paz, ele ver\u00e1 o momento da partida se aproximando sem medo.<\/p>\n\n\n\n<p class=\"has-black-color has-text-color has-link-color has-small-font-size wp-elements-a7365671c6b050ff5966000694059c1e\">Digamos adeus \u00e0s teorias que fazem da morte o canal do nada ou o prel\u00fadio de puni\u00e7\u00f5es intermin\u00e1veis. Adeus, fantasmas sombrios da teologia, dogmas terr\u00edveis, senten\u00e7as inexor\u00e1veis, torturas infernais! Adeus \u00e0 esperan\u00e7a! Adeus \u00e0 vida eterna! N\u00e3o s\u00e3o trevas escuras, \u00e9 uma luz deslumbrante que sai dos t\u00famulos!<\/p>\n\n\n\n<p class=\"has-black-color has-text-color has-link-color has-small-font-size wp-elements-5d9fb0c8234392d980f038e900995f40\">Voc\u00ea j\u00e1 viu a borboleta de asas policromadas se livrar de sua cris\u00e1lida disforme, aquela casca repugnante da lagarta na qual o inseto se arrastava pelo ch\u00e3o? Voc\u00ea j\u00e1 a viu, livre e leve, esvoa\u00e7ando pelo ar luminoso em meio ao perfume das flores? N\u00e3o h\u00e1 imagem mais verdadeira do fen\u00f4meno da morte. O homem tamb\u00e9m \u00e9 uma cris\u00e1lida que a morte decomp\u00f5e. O corpo humano, revestido de carne, retorna ao grande monturo; nossas miser\u00e1veis v\u00edsceras retornam ao laborat\u00f3rio da natureza; mas o Esp\u00edrito, tendo realizado seu trabalho, lan\u00e7a-se em uma vida mais elevada, na vida espiritual que sucede a vida corporal como o dia sucede a noite, e separa cada uma de nossas encarna\u00e7\u00f5es.<\/p>\n\n\n\n<p class=\"has-black-color has-text-color has-link-color has-small-font-size wp-elements-b2ab70adc51a3ce413a5996426f1cb4b\">Com essas ideias em mente, n\u00e3o temeremos mais a morte. Como nossos pais, os gauleses, ousaremos encar\u00e1-la sem terror. N\u00e3o haver\u00e1 mais medo, n\u00e3o haver\u00e1 mais l\u00e1grimas, n\u00e3o haver\u00e1 mais aparatos sinistros, n\u00e3o haver\u00e1 mais c\u00e2nticos sombrios. Nossos funerais se tornar\u00e3o um festival no qual celebraremos a liberdade da alma e seu retorno \u00e0 verdadeira p\u00e1tria.<\/p>\n\n\n\n<p class=\"has-black-color has-text-color has-link-color has-small-font-size wp-elements-13a8511dfe796b51cee09d4e1222bd48\">A morte \u00e9 a grande reveladora. Nas horas de prova\u00e7\u00e3o, quando tudo est\u00e1 escuro ao nosso redor, \u00e0s vezes nos perguntamos: Por que nasci? Por que n\u00e3o fiquei na noite profunda, onde n\u00e3o se sente, onde n\u00e3o se sofre, onde se dorme em sono eterno? E nessas horas de d\u00favida e ang\u00fastia, uma voz se levantava e nos alcan\u00e7ava, dizendo: \u201cSofra para se tornar grande e se purificar. Saiba que seu destino \u00e9 grandioso. Esta terra fria n\u00e3o ser\u00e1 seu t\u00famulo. Os mundos que brilham nos c\u00e9us s\u00e3o suas moradas futuras, a heran\u00e7a que Deus reservou para voc\u00ea. Voc\u00ea \u00e9 para sempre um cidad\u00e3o do Universo, pertence aos s\u00e9culos passados e aos s\u00e9culos vindouros e, neste momento, est\u00e1 se preparando para a sua eleva\u00e7\u00e3o.<\/p>\n\n\n\n<p class=\"has-black-color has-text-color has-link-color has-small-font-size wp-elements-f4341ec050ec2bfc0166194d8ba2686a\">Suportem calmamente os males de sua pr\u00f3pria escolha. Semeiem na dor e nas l\u00e1grimas o gr\u00e3o que brotar\u00e1 em suas pr\u00f3ximas vidas. Semeie tamb\u00e9m para os outros como os outros semearam para voc\u00ea. Ser imortal, avance com firmeza pelo caminho \u00edngreme at\u00e9 as alturas, de onde o futuro lhe aparecer\u00e1 sem v\u00e9u. A subida \u00e9 dif\u00edcil, o suor muitas vezes escorrer\u00e1 pelo seu rosto, mas do cume voc\u00ea ver\u00e1 a grande claridade do amanhecer e ver\u00e1 o sol da verdade e da retid\u00e3o nascer no horizonte.<\/p>\n\n\n\n<p class=\"has-black-color has-text-color has-link-color has-small-font-size wp-elements-7387860b2d569f237cbc838141e17c85\">A voz que nos fala dessa maneira \u00e9 a dos mortos, das almas queridas que nos precederam na terra da verdadeira vida. Longe de dormir sob a laje, elas est\u00e3o nos vigiando. Das profundezas do invis\u00edvel, elas nos olham e sorriem para n\u00f3s. Ador\u00e1vel e divinamente misteriosas, elas se comunicam conosco. Eles nos dizem: Chega de d\u00favidas est\u00e9reis, trabalho e amor. Um dia, quando voc\u00ea tiver terminado sua tarefa, a morte nos reunir\u00e1.<\/p>\n<\/div><\/div>\n\n\n\n<div class=\"wp-block-uagb-container uagb-block-52dbb3d7 alignfull uagb-is-root-container\"><div class=\"uagb-container-inner-blocks-wrap\">\n<p class=\"has-black-color has-text-color has-link-color wp-elements-82c220877d0e800799ff2cd78ee11721\"><em>L\u00e9on Denis<\/em> &#8211; <em>Depois da morte<\/em><\/p>\n<\/div><\/div>\n\n\n\n<div class=\"wp-block-uagb-container uagb-block-c682dd74 alignfull uagb-is-root-container\"><div class=\"uagb-container-inner-blocks-wrap\"><\/div><\/div>\n\n\n\n<div class=\"wp-block-uagb-container uagb-block-40adbbde alignfull uagb-is-root-container\"><div class=\"uagb-container-inner-blocks-wrap\"><\/div><\/div>","protected":false},"excerpt":{"rendered":"<p>Las Pruebas y la muerte Determinado ya el objeto de la existencia y siendo m\u00e1s elevado que la fortuna, m\u00e1s elevado que la felicidad, se produce una verdadera revoluci\u00f3n en nuestras aspiraciones. El Universo es un palenque en donde el alma lucha para su engrandecimiento. Lo obtiene por medio de sus trabajos, de sus sacrificios, [&hellip;]<\/p>","protected":false},"author":1,"featured_media":0,"parent":0,"menu_order":0,"comment_status":"closed","ping_status":"closed","template":"","meta":{"_uag_custom_page_level_css":"","site-sidebar-layout":"default","site-content-layout":"","ast-site-content-layout":"default","site-content-style":"default","site-sidebar-style":"default","ast-global-header-display":"","ast-banner-title-visibility":"","ast-main-header-display":"","ast-hfb-above-header-display":"","ast-hfb-below-header-display":"","ast-hfb-mobile-header-display":"","site-post-title":"disabled","ast-breadcrumbs-content":"","ast-featured-img":"","footer-sml-layout":"","theme-transparent-header-meta":"","adv-header-id-meta":"","stick-header-meta":"","header-above-stick-meta":"","header-main-stick-meta":"","header-below-stick-meta":"","astra-migrate-meta-layouts":"set","ast-page-background-enabled":"default","ast-page-background-meta":{"desktop":{"background-color":"var(--ast-global-color-4)","background-image":"","background-repeat":"repeat","background-position":"center center","background-size":"auto","background-attachment":"scroll","background-type":"","background-media":"","overlay-type":"","overlay-color":"","overlay-opacity":"","overlay-gradient":""},"tablet":{"background-color":"","background-image":"","background-repeat":"repeat","background-position":"center center","background-size":"auto","background-attachment":"scroll","background-type":"","background-media":"","overlay-type":"","overlay-color":"","overlay-opacity":"","overlay-gradient":""},"mobile":{"background-color":"","background-image":"","background-repeat":"repeat","background-position":"center center","background-size":"auto","background-attachment":"scroll","background-type":"","background-media":"","overlay-type":"","overlay-color":"","overlay-opacity":"","overlay-gradient":""}},"ast-content-background-meta":{"desktop":{"background-color":"var(--ast-global-color-5)","background-image":"","background-repeat":"repeat","background-position":"center center","background-size":"auto","background-attachment":"scroll","background-type":"","background-media":"","overlay-type":"","overlay-color":"","overlay-opacity":"","overlay-gradient":""},"tablet":{"background-color":"var(--ast-global-color-5)","background-image":"","background-repeat":"repeat","background-position":"center center","background-size":"auto","background-attachment":"scroll","background-type":"","background-media":"","overlay-type":"","overlay-color":"","overlay-opacity":"","overlay-gradient":""},"mobile":{"background-color":"var(--ast-global-color-5)","background-image":"","background-repeat":"repeat","background-position":"center center","background-size":"auto","background-attachment":"scroll","background-type":"","background-media":"","overlay-type":"","overlay-color":"","overlay-opacity":"","overlay-gradient":""}},"footnotes":""},"class_list":["post-6673","page","type-page","status-publish","hentry"],"yoast_head":"<!-- This site is optimized with the Yoast SEO Premium plugin v24.2 (Yoast SEO v24.6) - https:\/\/yoast.com\/wordpress\/plugins\/seo\/ -->\n<title>LAS PRUEBAS Y LA MUERTE - Uni\u00f3n Esp\u00edrita<\/title>\n<meta name=\"robots\" content=\"index, follow, max-snippet:-1, max-image-preview:large, max-video-preview:-1\" \/>\n<link rel=\"canonical\" href=\"https:\/\/nuevo-renacer.com\/pt\/las-pruebas-y-la-muerte\/\" \/>\n<meta property=\"og:locale\" content=\"pt_BR\" \/>\n<meta property=\"og:type\" content=\"article\" \/>\n<meta property=\"og:title\" content=\"LAS PRUEBAS Y LA MUERTE\" \/>\n<meta property=\"og:description\" content=\"Las Pruebas y la muerte Determinado ya el objeto de la existencia y siendo m\u00e1s elevado que la fortuna, m\u00e1s elevado que la felicidad, se produce una verdadera revoluci\u00f3n en nuestras aspiraciones. El Universo es un palenque en donde el alma lucha para su engrandecimiento. Lo obtiene por medio de sus trabajos, de sus sacrificios, [&hellip;]\" \/>\n<meta property=\"og:url\" content=\"https:\/\/nuevo-renacer.com\/pt\/las-pruebas-y-la-muerte\/\" \/>\n<meta property=\"og:site_name\" content=\"Uni\u00f3n Esp\u00edrita\" \/>\n<meta property=\"article:publisher\" content=\"https:\/\/www.facebook.com\/groups\/3431398063740829\" \/>\n<meta property=\"article:modified_time\" content=\"2025-05-23T09:45:49+00:00\" \/>\n<meta property=\"og:image\" content=\"https:\/\/nuevo-renacer.com\/wp-content\/uploads\/2025\/01\/camera-219958_1280.jpg\" \/>\n\t<meta property=\"og:image:width\" content=\"1280\" \/>\n\t<meta property=\"og:image:height\" content=\"847\" \/>\n\t<meta property=\"og:image:type\" content=\"image\/jpeg\" \/>\n<meta name=\"twitter:card\" content=\"summary_large_image\" \/>\n<meta name=\"twitter:label1\" content=\"Est. tempo de leitura\" \/>\n\t<meta name=\"twitter:data1\" content=\"8 minutos\" \/>\n<script type=\"application\/ld+json\" class=\"yoast-schema-graph\">{\"@context\":\"https:\/\/schema.org\",\"@graph\":[{\"@type\":\"WebPage\",\"@id\":\"https:\/\/nuevo-renacer.com\/las-pruebas-y-la-muerte\/\",\"url\":\"https:\/\/nuevo-renacer.com\/las-pruebas-y-la-muerte\/\",\"name\":\"LAS PRUEBAS Y LA MUERTE - Uni\u00f3n Esp\u00edrita\",\"isPartOf\":{\"@id\":\"https:\/\/nuevo-renacer.com\/#website\"},\"primaryImageOfPage\":{\"@id\":\"https:\/\/nuevo-renacer.com\/las-pruebas-y-la-muerte\/#primaryimage\"},\"image\":{\"@id\":\"https:\/\/nuevo-renacer.com\/las-pruebas-y-la-muerte\/#primaryimage\"},\"thumbnailUrl\":\"https:\/\/nuevo-renacer.com\/wp-content\/uploads\/2025\/01\/camera-219958_1280-1024x678.jpg\",\"datePublished\":\"2025-01-07T12:58:10+00:00\",\"dateModified\":\"2025-05-23T09:45:49+00:00\",\"breadcrumb\":{\"@id\":\"https:\/\/nuevo-renacer.com\/las-pruebas-y-la-muerte\/#breadcrumb\"},\"inLanguage\":\"pt-BR\",\"potentialAction\":[{\"@type\":\"ReadAction\",\"target\":[\"https:\/\/nuevo-renacer.com\/las-pruebas-y-la-muerte\/\"]}]},{\"@type\":\"ImageObject\",\"inLanguage\":\"pt-BR\",\"@id\":\"https:\/\/nuevo-renacer.com\/las-pruebas-y-la-muerte\/#primaryimage\",\"url\":\"https:\/\/nuevo-renacer.com\/wp-content\/uploads\/2025\/01\/camera-219958_1280-1024x678.jpg\",\"contentUrl\":\"https:\/\/nuevo-renacer.com\/wp-content\/uploads\/2025\/01\/camera-219958_1280-1024x678.jpg\"},{\"@type\":\"BreadcrumbList\",\"@id\":\"https:\/\/nuevo-renacer.com\/las-pruebas-y-la-muerte\/#breadcrumb\",\"itemListElement\":[{\"@type\":\"ListItem\",\"position\":1,\"name\":\"Startseite\",\"item\":\"https:\/\/nuevo-renacer.com\/\"},{\"@type\":\"ListItem\",\"position\":2,\"name\":\"LAS PRUEBAS Y LA MUERTE\"}]},{\"@type\":\"WebSite\",\"@id\":\"https:\/\/nuevo-renacer.com\/#website\",\"url\":\"https:\/\/nuevo-renacer.com\/\",\"name\":\"Uni\u00f3n Esp\u00edrita\",\"description\":\"Nuevo Renacer\",\"publisher\":{\"@id\":\"https:\/\/nuevo-renacer.com\/#organization\"},\"potentialAction\":[{\"@type\":\"SearchAction\",\"target\":{\"@type\":\"EntryPoint\",\"urlTemplate\":\"https:\/\/nuevo-renacer.com\/?s={search_term_string}\"},\"query-input\":{\"@type\":\"PropertyValueSpecification\",\"valueRequired\":true,\"valueName\":\"search_term_string\"}}],\"inLanguage\":\"pt-BR\"},{\"@type\":\"Organization\",\"@id\":\"https:\/\/nuevo-renacer.com\/#organization\",\"name\":\"UFEC\",\"url\":\"https:\/\/nuevo-renacer.com\/\",\"logo\":{\"@type\":\"ImageObject\",\"inLanguage\":\"pt-BR\",\"@id\":\"https:\/\/nuevo-renacer.com\/#\/schema\/logo\/image\/\",\"url\":\"https:\/\/nuevo-renacer.com\/wp-content\/uploads\/2024\/05\/cropped-LOGO-TERMINADO1-3-3.png\",\"contentUrl\":\"https:\/\/nuevo-renacer.com\/wp-content\/uploads\/2024\/05\/cropped-LOGO-TERMINADO1-3-3.png\",\"width\":512,\"height\":512,\"caption\":\"UFEC\"},\"image\":{\"@id\":\"https:\/\/nuevo-renacer.com\/#\/schema\/logo\/image\/\"},\"sameAs\":[\"https:\/\/www.facebook.com\/groups\/3431398063740829\"]}]}<\/script>\n<!-- \/ Yoast SEO Premium plugin. -->","yoast_head_json":{"title":"LAS PRUEBAS Y LA MUERTE - Uni\u00f3n Esp\u00edrita","robots":{"index":"index","follow":"follow","max-snippet":"max-snippet:-1","max-image-preview":"max-image-preview:large","max-video-preview":"max-video-preview:-1"},"canonical":"https:\/\/nuevo-renacer.com\/pt\/las-pruebas-y-la-muerte\/","og_locale":"pt_BR","og_type":"article","og_title":"LAS PRUEBAS Y LA MUERTE","og_description":"Las Pruebas y la muerte Determinado ya el objeto de la existencia y siendo m\u00e1s elevado que la fortuna, m\u00e1s elevado que la felicidad, se produce una verdadera revoluci\u00f3n en nuestras aspiraciones. El Universo es un palenque en donde el alma lucha para su engrandecimiento. Lo obtiene por medio de sus trabajos, de sus sacrificios, [&hellip;]","og_url":"https:\/\/nuevo-renacer.com\/pt\/las-pruebas-y-la-muerte\/","og_site_name":"Uni\u00f3n Esp\u00edrita","article_publisher":"https:\/\/www.facebook.com\/groups\/3431398063740829","article_modified_time":"2025-05-23T09:45:49+00:00","og_image":[{"width":1280,"height":847,"url":"https:\/\/nuevo-renacer.com\/wp-content\/uploads\/2025\/01\/camera-219958_1280.jpg","type":"image\/jpeg"}],"twitter_card":"summary_large_image","twitter_misc":{"Est. tempo de leitura":"8 minutos"},"schema":{"@context":"https:\/\/schema.org","@graph":[{"@type":"WebPage","@id":"https:\/\/nuevo-renacer.com\/las-pruebas-y-la-muerte\/","url":"https:\/\/nuevo-renacer.com\/las-pruebas-y-la-muerte\/","name":"LAS PRUEBAS Y LA MUERTE - Uni\u00f3n Esp\u00edrita","isPartOf":{"@id":"https:\/\/nuevo-renacer.com\/#website"},"primaryImageOfPage":{"@id":"https:\/\/nuevo-renacer.com\/las-pruebas-y-la-muerte\/#primaryimage"},"image":{"@id":"https:\/\/nuevo-renacer.com\/las-pruebas-y-la-muerte\/#primaryimage"},"thumbnailUrl":"https:\/\/nuevo-renacer.com\/wp-content\/uploads\/2025\/01\/camera-219958_1280-1024x678.jpg","datePublished":"2025-01-07T12:58:10+00:00","dateModified":"2025-05-23T09:45:49+00:00","breadcrumb":{"@id":"https:\/\/nuevo-renacer.com\/las-pruebas-y-la-muerte\/#breadcrumb"},"inLanguage":"pt-BR","potentialAction":[{"@type":"ReadAction","target":["https:\/\/nuevo-renacer.com\/las-pruebas-y-la-muerte\/"]}]},{"@type":"ImageObject","inLanguage":"pt-BR","@id":"https:\/\/nuevo-renacer.com\/las-pruebas-y-la-muerte\/#primaryimage","url":"https:\/\/nuevo-renacer.com\/wp-content\/uploads\/2025\/01\/camera-219958_1280-1024x678.jpg","contentUrl":"https:\/\/nuevo-renacer.com\/wp-content\/uploads\/2025\/01\/camera-219958_1280-1024x678.jpg"},{"@type":"BreadcrumbList","@id":"https:\/\/nuevo-renacer.com\/las-pruebas-y-la-muerte\/#breadcrumb","itemListElement":[{"@type":"ListItem","position":1,"name":"Startseite","item":"https:\/\/nuevo-renacer.com\/"},{"@type":"ListItem","position":2,"name":"LAS PRUEBAS Y LA MUERTE"}]},{"@type":"WebSite","@id":"https:\/\/nuevo-renacer.com\/#website","url":"https:\/\/nuevo-renacer.com\/","name":"Uni\u00f3n Esp\u00edrita","description":"Nuevo Renacer","publisher":{"@id":"https:\/\/nuevo-renacer.com\/#organization"},"potentialAction":[{"@type":"SearchAction","target":{"@type":"EntryPoint","urlTemplate":"https:\/\/nuevo-renacer.com\/?s={search_term_string}"},"query-input":{"@type":"PropertyValueSpecification","valueRequired":true,"valueName":"search_term_string"}}],"inLanguage":"pt-BR"},{"@type":"Organization","@id":"https:\/\/nuevo-renacer.com\/#organization","name":"UFEC","url":"https:\/\/nuevo-renacer.com\/","logo":{"@type":"ImageObject","inLanguage":"pt-BR","@id":"https:\/\/nuevo-renacer.com\/#\/schema\/logo\/image\/","url":"https:\/\/nuevo-renacer.com\/wp-content\/uploads\/2024\/05\/cropped-LOGO-TERMINADO1-3-3.png","contentUrl":"https:\/\/nuevo-renacer.com\/wp-content\/uploads\/2024\/05\/cropped-LOGO-TERMINADO1-3-3.png","width":512,"height":512,"caption":"UFEC"},"image":{"@id":"https:\/\/nuevo-renacer.com\/#\/schema\/logo\/image\/"},"sameAs":["https:\/\/www.facebook.com\/groups\/3431398063740829"]}]}},"uagb_featured_image_src":{"full":false,"thumbnail":false,"medium":false,"medium_large":false,"large":false,"1536x1536":false,"2048x2048":false,"trp-custom-language-flag":false},"uagb_author_info":{"display_name":"adbv0","author_link":"https:\/\/nuevo-renacer.com\/pt\/author\/adbv0\/"},"uagb_comment_info":0,"uagb_excerpt":"Las Pruebas y la muerte Determinado ya el objeto de la existencia y siendo m\u00e1s elevado que la fortuna, m\u00e1s elevado que la felicidad, se produce una verdadera revoluci\u00f3n en nuestras aspiraciones. El Universo es un palenque en donde el alma lucha para su engrandecimiento. Lo obtiene por medio de sus trabajos, de sus sacrificios,&hellip;","jetpack_sharing_enabled":true,"_links":{"self":[{"href":"https:\/\/nuevo-renacer.com\/pt\/wp-json\/wp\/v2\/pages\/6673","targetHints":{"allow":["GET"]}}],"collection":[{"href":"https:\/\/nuevo-renacer.com\/pt\/wp-json\/wp\/v2\/pages"}],"about":[{"href":"https:\/\/nuevo-renacer.com\/pt\/wp-json\/wp\/v2\/types\/page"}],"author":[{"embeddable":true,"href":"https:\/\/nuevo-renacer.com\/pt\/wp-json\/wp\/v2\/users\/1"}],"replies":[{"embeddable":true,"href":"https:\/\/nuevo-renacer.com\/pt\/wp-json\/wp\/v2\/comments?post=6673"}],"version-history":[{"count":8,"href":"https:\/\/nuevo-renacer.com\/pt\/wp-json\/wp\/v2\/pages\/6673\/revisions"}],"predecessor-version":[{"id":8183,"href":"https:\/\/nuevo-renacer.com\/pt\/wp-json\/wp\/v2\/pages\/6673\/revisions\/8183"}],"wp:attachment":[{"href":"https:\/\/nuevo-renacer.com\/pt\/wp-json\/wp\/v2\/media?parent=6673"}],"curies":[{"name":"wp","href":"https:\/\/api.w.org\/{rel}","templated":true}]}}