{"id":6619,"date":"2024-12-23T12:22:36","date_gmt":"2024-12-23T12:22:36","guid":{"rendered":"https:\/\/nuevo-renacer.com\/?page_id=6619"},"modified":"2024-12-23T12:22:36","modified_gmt":"2024-12-23T12:22:36","slug":"cornelio-pires","status":"publish","type":"page","link":"https:\/\/nuevo-renacer.com\/pt\/cornelio-pires\/","title":{"rendered":"Corn\u00e9lio Pires"},"content":{"rendered":"<div class=\"wp-block-uagb-container uagb-block-d28c2d9f alignfull uagb-is-root-container\"><div class=\"uagb-container-inner-blocks-wrap\">\n<p class=\"has-black-color has-text-color has-link-color has-medium-font-size wp-elements-86c6e391dc068ab5390719aa4fb4d8a4\"><strong>Corn\u00e9lio Pires<\/strong><\/p>\n<\/div><\/div>\n\n\n\n<div class=\"wp-block-uagb-container uagb-block-2fb2157b alignfull uagb-is-root-container\"><div class=\"uagb-container-inner-blocks-wrap\">\n<figure class=\"wp-block-image size-full is-resized\"><img decoding=\"async\" width=\"115\" height=\"136\" src=\"https:\/\/nuevo-renacer.com\/wp-content\/uploads\/2024\/12\/cornelio_pires.jpg\" alt=\"\" class=\"wp-image-6620\" style=\"width:227px;height:auto\" srcset=\"https:\/\/nuevo-renacer.com\/wp-content\/uploads\/2024\/12\/cornelio_pires.jpg 115w, https:\/\/nuevo-renacer.com\/wp-content\/uploads\/2024\/12\/cornelio_pires-10x12.jpg 10w\" sizes=\"(max-width: 115px) 100vw, 115px\" \/><\/figure>\n<\/div><\/div>\n\n\n\n<div class=\"wp-block-uagb-container uagb-block-3d9a423d alignfull uagb-is-root-container\"><div class=\"uagb-container-inner-blocks-wrap\">\n<p class=\"has-black-color has-text-color has-link-color has-small-font-size wp-elements-9d2fdf686c4f5a81e4609afb1f85b371\">Corn\u00e9lio Pires nasceu na cidade de Tiet\u00ea, no estado de S\u00e3o Paulo, em 13 de julho de 1884, e faleceu na cidade de S\u00e3o Paulo em 17 de fevereiro de 1958. Homem de personalidade inconfund\u00edvel, tornou-se uma figura popular e de destaque em todo o Brasil gra\u00e7as ao trabalho que realizava em turn\u00eas pelas cidades do interior do estado de S\u00e3o Paulo e de outros estados, estreando como comediante de cidade pequena. Em sua juventude, almejava prestar vestibular para uma Faculdade de Farm\u00e1cia. Com esse objetivo em mente, viajou de Tiet\u00ea a S\u00e3o Paulo para se inscrever em um desses concursos, mas, apesar de seu desempenho, n\u00e3o obteve sucesso em sua tentativa.<\/p>\n\n\n\n<p class=\"has-black-color has-text-color has-link-color has-small-font-size wp-elements-bcd3409592010259bca203485127a579\">Decidiu ent\u00e3o se dedicar ao jornalismo e come\u00e7ou a trabalhar na reda\u00e7\u00e3o do jornal O Com\u00e9rcio de S\u00e3o Paulo, onde desenvolveu um aprendizado bastante \u00e1rduo. Em seguida, passou a trabalhar nos jornais O S\u00e3o Paulo e O Estado de S\u00e3o Paulo, tradicionais \u00f3rg\u00e3os da imprensa paulista, onde exerceu a fun\u00e7\u00e3o de revisor, e finalmente, em 1914, passou a trabalhar no jornal O Pirralho. In\u00fameros escritores comentaram a personalidade de Corn\u00e9lio Pires e, a t\u00edtulo de ilustra\u00e7\u00e3o, citamos Joffre Martins Veiga, que, em sua obra A Vida Pitoresca de Corn\u00e9lio Pires, escreveu: \u201cNingu\u00e9m amou tanto o seu povo como Corn\u00e9lio Pires; ningu\u00e9m se preocupou tanto com os seus semelhantes como esse homem, que foi, acima de tudo, um Homem de Bem\u201d. O famoso poeta Martins Fontes, ao escrever sobre ele, disse: \u201c\u00c9 um bandeirante puro, um artista incans\u00e1vel, um enobrecedor do pa\u00eds e um enriquecedor da l\u00edngua\u201d.<\/p>\n\n\n\n<p class=\"has-black-color has-text-color has-link-color has-small-font-size wp-elements-41f13722b6de1dd6ba91523f46cf305c\">Ele tamb\u00e9m era admirado pelo grande jornalista Amadeu Amaral, que o prop\u00f4s como um dos maiores divulgadores do folclore brasileiro.<\/p>\n\n\n\n<p class=\"has-black-color has-text-color has-link-color has-small-font-size wp-elements-07eb16c71ff12cdbae74ad595de35241\">Por volta de 1910, Corn\u00e9lio Pires lan\u00e7ou o livro Musa Caipira, uma obra que foi muito aclamada pela cr\u00edtica gra\u00e7as ao seu conte\u00fado tipicamente brasileiro. S\u00edlvio Romero tornou-se um de seus cr\u00edticos mais proeminentes, comentando o lan\u00e7amento dessa obra da seguinte forma: \u201cApreciei muito a brincadeira, a cor local, a gra\u00e7a, a espontaneidade de suas produ\u00e7\u00f5es que, al\u00e9m do valor intr\u00ednseco, s\u00e3o um excelente documento para o estudo dos brasileirismos de nossa l\u00edngua\u201d.<\/p>\n\n\n\n<p class=\"has-black-color has-text-color has-link-color has-small-font-size wp-elements-25b144861258e7ba0bfe2cc2468a39b9\">No in\u00edcio deste s\u00e9culo, Corn\u00e9lio Pires come\u00e7ou a frequentar a Igreja Presbiteriana, mas n\u00e3o conseguia conciliar os ensinamentos dessa religi\u00e3o com sua maneira de pensar. N\u00e3o aceitava a exist\u00eancia de castigo eterno nem de um Deus que favorecesse os seguidores de determinadas religi\u00f5es. Seu apego excessivo ao formalismo da letra na interpreta\u00e7\u00e3o dos textos do Evangelho quase o levou ao caminho do materialismo.<\/p>\n\n\n\n<p class=\"has-black-color has-text-color has-link-color has-small-font-size wp-elements-c2d49026096b04bacd017f5e9a275563\">Naquela \u00e9poca, ele n\u00e3o sabia o que era o Espiritismo. No entanto, durante suas viagens ao interior, vivenciou v\u00e1rios fen\u00f4menos medi\u00fanicos, inclusive algumas comunica\u00e7\u00f5es do Esp\u00edrito Em\u00edlio de Menezes, que o impressionaram muito. Em decorr\u00eancia disso, come\u00e7ou a estudar as obras esp\u00edritas, especialmente as de Allan Kardec, Leon Denis, Albert de Rochas e alguns livros psicografados pelo m\u00e9dium Francisco C\u00e2ndido Xavier.<\/p>\n\n\n\n<p class=\"has-black-color has-text-color has-link-color has-small-font-size wp-elements-4a32c57edfa717e92c33a8c23c58dee0\">A partir de ent\u00e3o, envolveu-se firmemente com o Espiritismo, interessando-se muito pelos fen\u00f4menos de efeitos f\u00edsicos. De 1944 a 1947, escreveu os livros Coisas do Outro Mundo e Onde est\u00e1s, \u00f3 morte?, e morreu enquanto escrevia Colet\u00e2nea Esp\u00edrita.<\/p>\n\n\n\n<p class=\"has-black-color has-text-color has-link-color has-small-font-size wp-elements-ab53f80dc7ec6cbc2f3b7b4ec1ec2fb5\">Su amplia bibliograf\u00eda incluye: Musa Caipira, Versos Velhos, Cenas e Paisagens de minha Terra, Monturo, Quem conta um conto, Conversas ao P\u00e9 do Fogo, Estramb\u00f3ticas Aventuras de Joaquim Bentinho \u2013 O Queima Campo, Trag\u00e9dia Cabocla, Patacoadas, Seleta Caipira, Almanaque do Saci, Mix\u00f3rdias, Meu Sambur\u00e1, Sambas e Cateret\u00eas, Tarrafas, Chorando e Rindo, De Roupa Nova, S\u00f3 Rindo, Ta no Boc\u00f3, Quem conta um Conto e outros Contos. ..., Enciclop\u00e9dia de anedotas e Curiosidades, as\u00ed como los dos libros espiritistas mencionados anteriormente.<\/p>\n\n\n\n<p class=\"has-black-color has-text-color has-link-color has-small-font-size wp-elements-8a53d6bdd1fd203ad1e53987f7221fa4\">Em um de seus escritos sobre o Espiritismo, ele disse: \u201cO Espiritismo, mais cedo ou mais tarde, dar\u00e1 aos cat\u00f3licos romanos, aos protestantes e aos adeptos de outras religi\u00f5es a caridade de fortalecer sua f\u00e9 com os fatos que provam a imortalidade da Alma, que se transforma em Esp\u00edrito quando deixa o inv\u00f3lucro material\u201d e mais adiante \u201cO Espiritismo nos d\u00e1 uma F\u00c9 RACIOCINADA, arranca-nos do jugo do dogma e nos ensina a compreender DEUS como Ele \u00e9\u201d.<\/p>\n\n\n\n<p class=\"has-black-color has-text-color has-link-color has-small-font-size wp-elements-a429368d291771da2adfeda753a5d368\">Pouco antes de sua desencarna\u00e7\u00e3o, Corn\u00e9lio Pires, demonstrando ter assimilado o preceito de Jesus Cristo: \u201cAmai ao pr\u00f3ximo como a ti mesmo\u201d, retornou \u00e0 cidade de Tiet\u00ea e l\u00e1 comprou uma fazenda, onde fundou a \u201cFazenda Jesus\u201d, um lar para crian\u00e7as carentes. Infelizmente, ele nunca viu o fim.<\/p>\n\n\n\n<p class=\"has-black-color has-text-color has-link-color has-small-font-size wp-elements-c83ba380274bd1a9e01ed2d6add65233\">Corn\u00e9lio Pires passou a organizar o \u201cTeatro Ambulante Corn\u00e9lio Pires\u201d, viajando de cidade em cidade e sendo aplaudido por toda a popula\u00e7\u00e3o brasileira por onde passava. Essa empreitada se tornou realidade depois que ele abandonou a carreira de jornalista. Esta obra representa uma breve biografia desse incans\u00e1vel lutador, que realizou um trabalho de grande m\u00e9rito na Terra.<\/p>\n<\/div><\/div>\n\n\n\n<div class=\"wp-block-uagb-container uagb-block-8143c838 alignfull uagb-is-root-container\"><div class=\"uagb-container-inner-blocks-wrap\"><\/div><\/div>\n\n\n\n<div class=\"wp-block-uagb-container uagb-block-5431779a alignfull uagb-is-root-container\"><div class=\"uagb-container-inner-blocks-wrap\"><\/div><\/div>","protected":false},"excerpt":{"rendered":"<p>Corn\u00e9lio Pires Corn\u00e9lio Pires naci\u00f3 en la ciudad de Tiet\u00ea, en el estado de S\u00e3o Paulo, el 13 de julio de 1884, y muri\u00f3 en la ciudad de S\u00e3o Paulo el 17 de febrero de 1958. Hombre de personalidad inconfundible, se convirti\u00f3 en una figura popular y destacada en todo Brasil gracias al trabajo que [&hellip;]<\/p>","protected":false},"author":1,"featured_media":0,"parent":0,"menu_order":0,"comment_status":"closed","ping_status":"closed","template":"","meta":{"_uag_custom_page_level_css":"","site-sidebar-layout":"default","site-content-layout":"","ast-site-content-layout":"default","site-content-style":"default","site-sidebar-style":"default","ast-global-header-display":"","ast-banner-title-visibility":"","ast-main-header-display":"","ast-hfb-above-header-display":"","ast-hfb-below-header-display":"","ast-hfb-mobile-header-display":"","site-post-title":"disabled","ast-breadcrumbs-content":"","ast-featured-img":"","footer-sml-layout":"","theme-transparent-header-meta":"","adv-header-id-meta":"","stick-header-meta":"","header-above-stick-meta":"","header-main-stick-meta":"","header-below-stick-meta":"","astra-migrate-meta-layouts":"set","ast-page-background-enabled":"default","ast-page-background-meta":{"desktop":{"background-color":"var(--ast-global-color-4)","background-image":"","background-repeat":"repeat","background-position":"center center","background-size":"auto","background-attachment":"scroll","background-type":"","background-media":"","overlay-type":"","overlay-color":"","overlay-opacity":"","overlay-gradient":""},"tablet":{"background-color":"","background-image":"","background-repeat":"repeat","background-position":"center center","background-size":"auto","background-attachment":"scroll","background-type":"","background-media":"","overlay-type":"","overlay-color":"","overlay-opacity":"","overlay-gradient":""},"mobile":{"background-color":"","background-image":"","background-repeat":"repeat","background-position":"center center","background-size":"auto","background-attachment":"scroll","background-type":"","background-media":"","overlay-type":"","overlay-color":"","overlay-opacity":"","overlay-gradient":""}},"ast-content-background-meta":{"desktop":{"background-color":"var(--ast-global-color-5)","background-image":"","background-repeat":"repeat","background-position":"center center","background-size":"auto","background-attachment":"scroll","background-type":"","background-media":"","overlay-type":"","overlay-color":"","overlay-opacity":"","overlay-gradient":""},"tablet":{"background-color":"var(--ast-global-color-5)","background-image":"","background-repeat":"repeat","background-position":"center center","background-size":"auto","background-attachment":"scroll","background-type":"","background-media":"","overlay-type":"","overlay-color":"","overlay-opacity":"","overlay-gradient":""},"mobile":{"background-color":"var(--ast-global-color-5)","background-image":"","background-repeat":"repeat","background-position":"center center","background-size":"auto","background-attachment":"scroll","background-type":"","background-media":"","overlay-type":"","overlay-color":"","overlay-opacity":"","overlay-gradient":""}},"footnotes":""},"class_list":["post-6619","page","type-page","status-publish","hentry"],"yoast_head":"<!-- This site is optimized with the Yoast SEO Premium plugin v24.2 (Yoast SEO v24.6) - https:\/\/yoast.com\/wordpress\/plugins\/seo\/ -->\n<title>Corn\u00e9lio Pires - Uni\u00f3n Esp\u00edrita<\/title>\n<meta name=\"robots\" content=\"index, follow, max-snippet:-1, max-image-preview:large, max-video-preview:-1\" \/>\n<link rel=\"canonical\" href=\"https:\/\/nuevo-renacer.com\/pt\/cornelio-pires\/\" \/>\n<meta property=\"og:locale\" content=\"pt_BR\" \/>\n<meta property=\"og:type\" content=\"article\" \/>\n<meta property=\"og:title\" content=\"Corn\u00e9lio Pires\" \/>\n<meta property=\"og:description\" content=\"Corn\u00e9lio Pires Corn\u00e9lio Pires naci\u00f3 en la ciudad de Tiet\u00ea, en el estado de S\u00e3o Paulo, el 13 de julio de 1884, y muri\u00f3 en la ciudad de S\u00e3o Paulo el 17 de febrero de 1958. Hombre de personalidad inconfundible, se convirti\u00f3 en una figura popular y destacada en todo Brasil gracias al trabajo que [&hellip;]\" \/>\n<meta property=\"og:url\" content=\"https:\/\/nuevo-renacer.com\/pt\/cornelio-pires\/\" \/>\n<meta property=\"og:site_name\" content=\"Uni\u00f3n Esp\u00edrita\" \/>\n<meta property=\"article:publisher\" content=\"https:\/\/www.facebook.com\/groups\/3431398063740829\" \/>\n<meta property=\"og:image\" content=\"https:\/\/nuevo-renacer.com\/wp-content\/uploads\/2024\/12\/cornelio_pires.jpg\" \/>\n\t<meta property=\"og:image:width\" content=\"115\" \/>\n\t<meta property=\"og:image:height\" content=\"136\" \/>\n\t<meta property=\"og:image:type\" content=\"image\/jpeg\" \/>\n<meta name=\"twitter:card\" content=\"summary_large_image\" \/>\n<meta name=\"twitter:label1\" content=\"Est. tempo de leitura\" \/>\n\t<meta name=\"twitter:data1\" content=\"4 minutos\" \/>\n<script type=\"application\/ld+json\" class=\"yoast-schema-graph\">{\"@context\":\"https:\/\/schema.org\",\"@graph\":[{\"@type\":\"WebPage\",\"@id\":\"https:\/\/nuevo-renacer.com\/cornelio-pires\/\",\"url\":\"https:\/\/nuevo-renacer.com\/cornelio-pires\/\",\"name\":\"Corn\u00e9lio Pires - Uni\u00f3n Esp\u00edrita\",\"isPartOf\":{\"@id\":\"https:\/\/nuevo-renacer.com\/#website\"},\"primaryImageOfPage\":{\"@id\":\"https:\/\/nuevo-renacer.com\/cornelio-pires\/#primaryimage\"},\"image\":{\"@id\":\"https:\/\/nuevo-renacer.com\/cornelio-pires\/#primaryimage\"},\"thumbnailUrl\":\"https:\/\/nuevo-renacer.com\/wp-content\/uploads\/2024\/12\/cornelio_pires.jpg\",\"datePublished\":\"2024-12-23T12:22:36+00:00\",\"breadcrumb\":{\"@id\":\"https:\/\/nuevo-renacer.com\/cornelio-pires\/#breadcrumb\"},\"inLanguage\":\"pt-BR\",\"potentialAction\":[{\"@type\":\"ReadAction\",\"target\":[\"https:\/\/nuevo-renacer.com\/cornelio-pires\/\"]}]},{\"@type\":\"ImageObject\",\"inLanguage\":\"pt-BR\",\"@id\":\"https:\/\/nuevo-renacer.com\/cornelio-pires\/#primaryimage\",\"url\":\"https:\/\/nuevo-renacer.com\/wp-content\/uploads\/2024\/12\/cornelio_pires.jpg\",\"contentUrl\":\"https:\/\/nuevo-renacer.com\/wp-content\/uploads\/2024\/12\/cornelio_pires.jpg\"},{\"@type\":\"BreadcrumbList\",\"@id\":\"https:\/\/nuevo-renacer.com\/cornelio-pires\/#breadcrumb\",\"itemListElement\":[{\"@type\":\"ListItem\",\"position\":1,\"name\":\"Startseite\",\"item\":\"https:\/\/nuevo-renacer.com\/\"},{\"@type\":\"ListItem\",\"position\":2,\"name\":\"Corn\u00e9lio Pires\"}]},{\"@type\":\"WebSite\",\"@id\":\"https:\/\/nuevo-renacer.com\/#website\",\"url\":\"https:\/\/nuevo-renacer.com\/\",\"name\":\"Uni\u00f3n Esp\u00edrita\",\"description\":\"Nuevo Renacer\",\"publisher\":{\"@id\":\"https:\/\/nuevo-renacer.com\/#organization\"},\"potentialAction\":[{\"@type\":\"SearchAction\",\"target\":{\"@type\":\"EntryPoint\",\"urlTemplate\":\"https:\/\/nuevo-renacer.com\/?s={search_term_string}\"},\"query-input\":{\"@type\":\"PropertyValueSpecification\",\"valueRequired\":true,\"valueName\":\"search_term_string\"}}],\"inLanguage\":\"pt-BR\"},{\"@type\":\"Organization\",\"@id\":\"https:\/\/nuevo-renacer.com\/#organization\",\"name\":\"UFEC\",\"url\":\"https:\/\/nuevo-renacer.com\/\",\"logo\":{\"@type\":\"ImageObject\",\"inLanguage\":\"pt-BR\",\"@id\":\"https:\/\/nuevo-renacer.com\/#\/schema\/logo\/image\/\",\"url\":\"https:\/\/nuevo-renacer.com\/wp-content\/uploads\/2024\/05\/cropped-LOGO-TERMINADO1-3-3.png\",\"contentUrl\":\"https:\/\/nuevo-renacer.com\/wp-content\/uploads\/2024\/05\/cropped-LOGO-TERMINADO1-3-3.png\",\"width\":512,\"height\":512,\"caption\":\"UFEC\"},\"image\":{\"@id\":\"https:\/\/nuevo-renacer.com\/#\/schema\/logo\/image\/\"},\"sameAs\":[\"https:\/\/www.facebook.com\/groups\/3431398063740829\"]}]}<\/script>\n<!-- \/ Yoast SEO Premium plugin. -->","yoast_head_json":{"title":"Corn\u00e9lio Pires - Uni\u00f3n Esp\u00edrita","robots":{"index":"index","follow":"follow","max-snippet":"max-snippet:-1","max-image-preview":"max-image-preview:large","max-video-preview":"max-video-preview:-1"},"canonical":"https:\/\/nuevo-renacer.com\/pt\/cornelio-pires\/","og_locale":"pt_BR","og_type":"article","og_title":"Corn\u00e9lio Pires","og_description":"Corn\u00e9lio Pires Corn\u00e9lio Pires naci\u00f3 en la ciudad de Tiet\u00ea, en el estado de S\u00e3o Paulo, el 13 de julio de 1884, y muri\u00f3 en la ciudad de S\u00e3o Paulo el 17 de febrero de 1958. Hombre de personalidad inconfundible, se convirti\u00f3 en una figura popular y destacada en todo Brasil gracias al trabajo que [&hellip;]","og_url":"https:\/\/nuevo-renacer.com\/pt\/cornelio-pires\/","og_site_name":"Uni\u00f3n Esp\u00edrita","article_publisher":"https:\/\/www.facebook.com\/groups\/3431398063740829","og_image":[{"width":115,"height":136,"url":"https:\/\/nuevo-renacer.com\/wp-content\/uploads\/2024\/12\/cornelio_pires.jpg","type":"image\/jpeg"}],"twitter_card":"summary_large_image","twitter_misc":{"Est. tempo de leitura":"4 minutos"},"schema":{"@context":"https:\/\/schema.org","@graph":[{"@type":"WebPage","@id":"https:\/\/nuevo-renacer.com\/cornelio-pires\/","url":"https:\/\/nuevo-renacer.com\/cornelio-pires\/","name":"Corn\u00e9lio Pires - Uni\u00f3n Esp\u00edrita","isPartOf":{"@id":"https:\/\/nuevo-renacer.com\/#website"},"primaryImageOfPage":{"@id":"https:\/\/nuevo-renacer.com\/cornelio-pires\/#primaryimage"},"image":{"@id":"https:\/\/nuevo-renacer.com\/cornelio-pires\/#primaryimage"},"thumbnailUrl":"https:\/\/nuevo-renacer.com\/wp-content\/uploads\/2024\/12\/cornelio_pires.jpg","datePublished":"2024-12-23T12:22:36+00:00","breadcrumb":{"@id":"https:\/\/nuevo-renacer.com\/cornelio-pires\/#breadcrumb"},"inLanguage":"pt-BR","potentialAction":[{"@type":"ReadAction","target":["https:\/\/nuevo-renacer.com\/cornelio-pires\/"]}]},{"@type":"ImageObject","inLanguage":"pt-BR","@id":"https:\/\/nuevo-renacer.com\/cornelio-pires\/#primaryimage","url":"https:\/\/nuevo-renacer.com\/wp-content\/uploads\/2024\/12\/cornelio_pires.jpg","contentUrl":"https:\/\/nuevo-renacer.com\/wp-content\/uploads\/2024\/12\/cornelio_pires.jpg"},{"@type":"BreadcrumbList","@id":"https:\/\/nuevo-renacer.com\/cornelio-pires\/#breadcrumb","itemListElement":[{"@type":"ListItem","position":1,"name":"Startseite","item":"https:\/\/nuevo-renacer.com\/"},{"@type":"ListItem","position":2,"name":"Corn\u00e9lio Pires"}]},{"@type":"WebSite","@id":"https:\/\/nuevo-renacer.com\/#website","url":"https:\/\/nuevo-renacer.com\/","name":"Uni\u00f3n Esp\u00edrita","description":"Nuevo Renacer","publisher":{"@id":"https:\/\/nuevo-renacer.com\/#organization"},"potentialAction":[{"@type":"SearchAction","target":{"@type":"EntryPoint","urlTemplate":"https:\/\/nuevo-renacer.com\/?s={search_term_string}"},"query-input":{"@type":"PropertyValueSpecification","valueRequired":true,"valueName":"search_term_string"}}],"inLanguage":"pt-BR"},{"@type":"Organization","@id":"https:\/\/nuevo-renacer.com\/#organization","name":"UFEC","url":"https:\/\/nuevo-renacer.com\/","logo":{"@type":"ImageObject","inLanguage":"pt-BR","@id":"https:\/\/nuevo-renacer.com\/#\/schema\/logo\/image\/","url":"https:\/\/nuevo-renacer.com\/wp-content\/uploads\/2024\/05\/cropped-LOGO-TERMINADO1-3-3.png","contentUrl":"https:\/\/nuevo-renacer.com\/wp-content\/uploads\/2024\/05\/cropped-LOGO-TERMINADO1-3-3.png","width":512,"height":512,"caption":"UFEC"},"image":{"@id":"https:\/\/nuevo-renacer.com\/#\/schema\/logo\/image\/"},"sameAs":["https:\/\/www.facebook.com\/groups\/3431398063740829"]}]}},"uagb_featured_image_src":{"full":false,"thumbnail":false,"medium":false,"medium_large":false,"large":false,"1536x1536":false,"2048x2048":false,"trp-custom-language-flag":false},"uagb_author_info":{"display_name":"adbv0","author_link":"https:\/\/nuevo-renacer.com\/pt\/author\/adbv0\/"},"uagb_comment_info":0,"uagb_excerpt":"Corn\u00e9lio Pires Corn\u00e9lio Pires naci\u00f3 en la ciudad de Tiet\u00ea, en el estado de S\u00e3o Paulo, el 13 de julio de 1884, y muri\u00f3 en la ciudad de S\u00e3o Paulo el 17 de febrero de 1958. Hombre de personalidad inconfundible, se convirti\u00f3 en una figura popular y destacada en todo Brasil gracias al trabajo que&hellip;","jetpack_sharing_enabled":true,"_links":{"self":[{"href":"https:\/\/nuevo-renacer.com\/pt\/wp-json\/wp\/v2\/pages\/6619","targetHints":{"allow":["GET"]}}],"collection":[{"href":"https:\/\/nuevo-renacer.com\/pt\/wp-json\/wp\/v2\/pages"}],"about":[{"href":"https:\/\/nuevo-renacer.com\/pt\/wp-json\/wp\/v2\/types\/page"}],"author":[{"embeddable":true,"href":"https:\/\/nuevo-renacer.com\/pt\/wp-json\/wp\/v2\/users\/1"}],"replies":[{"embeddable":true,"href":"https:\/\/nuevo-renacer.com\/pt\/wp-json\/wp\/v2\/comments?post=6619"}],"version-history":[{"count":1,"href":"https:\/\/nuevo-renacer.com\/pt\/wp-json\/wp\/v2\/pages\/6619\/revisions"}],"predecessor-version":[{"id":6621,"href":"https:\/\/nuevo-renacer.com\/pt\/wp-json\/wp\/v2\/pages\/6619\/revisions\/6621"}],"wp:attachment":[{"href":"https:\/\/nuevo-renacer.com\/pt\/wp-json\/wp\/v2\/media?parent=6619"}],"curies":[{"name":"wp","href":"https:\/\/api.w.org\/{rel}","templated":true}]}}