{"id":6473,"date":"2024-12-09T12:06:22","date_gmt":"2024-12-09T12:06:22","guid":{"rendered":"https:\/\/nuevo-renacer.com\/?page_id=6473"},"modified":"2025-01-03T12:07:53","modified_gmt":"2025-01-03T12:07:53","slug":"luisa-capetillo-peron","status":"publish","type":"page","link":"https:\/\/nuevo-renacer.com\/pt\/luisa-capetillo-peron\/","title":{"rendered":"Luisa Capetillo Per\u00f3n"},"content":{"rendered":"<div class=\"wp-block-uagb-container uagb-block-f03f3b92 alignfull uagb-is-root-container\"><div class=\"uagb-container-inner-blocks-wrap\">\n<p class=\"has-black-color has-text-color has-link-color has-medium-font-size wp-elements-c98e0ae73003c54eb50c13a73f5d5539\"><strong>Luisa Cepetillo Per\u00f3n<\/strong><\/p>\n<\/div><\/div>\n\n\n\n<div class=\"wp-block-uagb-container uagb-block-25426a48 alignfull uagb-is-root-container\"><div class=\"uagb-container-inner-blocks-wrap\">\n<figure class=\"wp-block-image size-full is-resized\"><img fetchpriority=\"high\" decoding=\"async\" width=\"183\" height=\"275\" src=\"https:\/\/nuevo-renacer.com\/wp-content\/uploads\/2024\/12\/images.jpg\" alt=\"\" class=\"wp-image-6474\" style=\"width:264px;height:auto\" srcset=\"https:\/\/nuevo-renacer.com\/wp-content\/uploads\/2024\/12\/images.jpg 183w, https:\/\/nuevo-renacer.com\/wp-content\/uploads\/2024\/12\/images-8x12.jpg 8w\" sizes=\"(max-width: 183px) 100vw, 183px\" \/><\/figure>\n<\/div><\/div>\n\n\n\n<div class=\"wp-block-uagb-container uagb-block-17dd5f76 alignfull uagb-is-root-container\"><div class=\"uagb-container-inner-blocks-wrap\">\n<p class=\"has-black-color has-text-color has-link-color has-small-font-size wp-elements-3ed4e7519ccd1facaebcbefc346a46db\">Luisa Capetillo Per\u00f3n nasceu em Arecibo em 28 de outubro de 1879. Seu pai, Luis Capetillo, veio da prov\u00edncia basca da Espanha e foi influenciado pelas ideias avan\u00e7adas dos direitos dos cidad\u00e3os e dos trabalhadores. Sua m\u00e3e, Margarita Per\u00f3n, veio da Fran\u00e7a para a ilha em meados do s\u00e9culo XIX. Ela era filha \u00fanica.\u00a0<\/p>\n\n\n\n<p class=\"has-black-color has-text-color has-link-color has-small-font-size wp-elements-003fcaf62c4fd678bd5e23aa8e598697\">Depois que o pai de Luisa a ensinou a ler, escrever e aprender as regras de matem\u00e1tica, Luisa frequentou a escola p\u00fablica de Do\u00f1a Mar\u00eda Sierra Soler. Sua aptid\u00e3o acad\u00eamica lhe rendeu pr\u00eamios. Esse era o tipo de educa\u00e7\u00e3o que as mulheres de sua \u00e9poca recebiam. Luisa teve acesso \u00e0 literatura francesa, pois aprendeu o idioma com sua m\u00e3e, e seu amor pela leitura a tornou autodidata.<\/p>\n\n\n\n<p class=\"has-black-color has-text-color has-link-color has-small-font-size wp-elements-72aac62a78f5bdf062c1a16a3d1e3d46\">Ela defendia o amor livre, a escola racionalista, o espiritualismo, o vegetarianismo e o exerc\u00edcio f\u00edsico como estilo de vida. Em 1904, come\u00e7ou a escrever ensaios. Teve tr\u00eas filhos sem ser casada.<\/p>\n\n\n\n<p class=\"has-black-color has-text-color has-link-color has-small-font-size wp-elements-43ad9539238cb1297450b7cd7ea2a473\">Ela se destacou como l\u00edder trabalhista, feminista e escritora; trabalhou no setor de agulhas para sustentar sua fam\u00edlia.&nbsp;<\/p>\n\n\n\n<p class=\"has-black-color has-text-color has-link-color has-small-font-size wp-elements-7d8950b2af7a022b3a21ae0edce03f9f\">Posteriormente, ela colaborou com publica\u00e7\u00f5es de trabalhadores, atividade que exerceu durante toda a sua vida. Em 1906, come\u00e7ou a trabalhar como leitora em f\u00e1bricas de tabaco em sua cidade natal, onde se juntou \u00e0 Federaci\u00f3n de Torcedores de Tabaco, um sindicato afiliado \u00e0 Federaci\u00f3n Libre de Trabajadores de Puerto Rico.<\/p>\n\n\n\n<p class=\"has-black-color has-text-color has-link-color has-small-font-size wp-elements-fe8be592e15d5cf56e785de921d189de\">Louise defendeu o sufr\u00e1gio feminino e o sufr\u00e1gio universal, embora sua principal preocupa\u00e7\u00e3o fosse a organiza\u00e7\u00e3o das mulheres em sindicatos. Em 1910, ela publicou seu livro&nbsp;<em>A humanidade no futuro<\/em>.<\/p>\n\n\n\n<p class=\"has-black-color has-text-color has-link-color has-small-font-size wp-elements-1ee3c587bdfed1b9ecf1fb6df36dedd1\">Ela tamb\u00e9m editou a revista \u201cLa mujer\u201d, da qual n\u00e3o restou nenhum exemplar. Em v\u00e1rios de seus escritos, o tema da defesa das mulheres e de seus direitos \u00e9 proeminente.&nbsp;<\/p>\n\n\n\n<p class=\"has-black-color has-text-color has-link-color has-small-font-size wp-elements-9b1275fcd3b5a03a65aacdc85cea3c64\">Ela foi a primeira mulher em Porto Rico a usar cal\u00e7as, o que inclusive a levou a ser presa em Cuba em uma viagem \u00e0 ilha vizinha. Ela mesma se defendeu das acusa\u00e7\u00f5es, pois n\u00e3o havia nenhuma lei que proibisse essa pr\u00e1tica, al\u00e9m da cultura ou do machismo da \u00e9poca. Quando lhe foi solicitada uma prova da proibi\u00e7\u00e3o, ela foi liberada por n\u00e3o ter sido fornecida. Ao retornar \u00e0 ilha, ela foi l\u00edder trabalhista em greves agr\u00edcolas em Patillas, Ceiba e Vieques.&nbsp;<\/p>\n\n\n\n<p class=\"has-black-color has-text-color has-link-color has-small-font-size wp-elements-64ca2b176909a8bef359738033382557\">Capetillo acreditava e promovia o espiritualismo, que usava para se expressar e promover a igualdade de todos os seres humanos na Terra. Em seus livros, ela falou sobre a necessidade de educar as pessoas dessa forma, o que hoje a torna uma pensadora avan\u00e7ada para aquela \u00e9poca. Em seus livros e obras, ela falou muito sobre pobreza e comunidades, e at\u00e9 abordou quest\u00f5es como o anarquismo.&nbsp;<\/p>\n\n\n\n<p class=\"has-black-color has-text-color has-link-color has-small-font-size wp-elements-72de0b58fb241ca736b732d4c9f4c4e8\">Ele publicou quatro livros:<\/p>\n\n\n\n<ul class=\"wp-block-list\">\n<li class=\"has-black-color has-text-color has-link-color has-small-font-size wp-elements-9c79a65fbca00d2c9ec9e9699e56dd8e\">Ensaios Libert\u00e1rios (1907)<\/li>\n<\/ul>\n\n\n\n<ul class=\"wp-block-list\">\n<li class=\"has-black-color has-text-color has-link-color has-small-font-size wp-elements-16bbeae7588145f9f3e883ae4aaa9eae\">A humanidade no futuro (1910)<\/li>\n<\/ul>\n\n\n\n<ul class=\"wp-block-list\">\n<li class=\"has-black-color has-text-color has-link-color has-small-font-size wp-elements-18f3af81031ec2dc20df9f8243985d62\">Minha opini\u00e3o sobre os direitos, responsabilidades e deveres da mulher (primeira edi\u00e7\u00e3o, 1911; segunda edi\u00e7\u00e3o, 1913)&nbsp;<\/li>\n<\/ul>\n\n\n\n<ul class=\"wp-block-list\">\n<li class=\"has-black-color has-text-color has-link-color has-small-font-size wp-elements-7fac9d81481e480b4bfa6c0eb377e70a\">Influ\u00eancias das ideias modernas (1916)<\/li>\n<\/ul>\n\n\n\n<p class=\"has-black-color has-text-color has-link-color has-small-font-size wp-elements-08e4abb89beba52e4d3c872c38533672\">Ele morreu de tuberculose em Rio Piedras, Porto Rico, em 10 de abril de 1922, aos 43 anos. Ao noticiar sua morte, o jornal \u201cUni\u00f3n Obrera\u201d, de 15 de abril de 1922, dizia: \u201cSeu enterro foi pobre, como acontece regularmente com os principais ap\u00f3stolos das grandes causas da humanidade\u201d.<\/p>\n<\/div><\/div>\n\n\n\n<div class=\"wp-block-uagb-container uagb-block-5f1c68d9 alignfull uagb-is-root-container\"><div class=\"uagb-container-inner-blocks-wrap\"><\/div><\/div>\n\n\n\n<div class=\"wp-block-uagb-container uagb-block-2ce7fac0 alignfull uagb-is-root-container\"><div class=\"uagb-container-inner-blocks-wrap\"><\/div><\/div>","protected":false},"excerpt":{"rendered":"<p>Luisa Cepetillo Per\u00f3n Luisa Capetillo Per\u00f3n naci\u00f3 en Arecibo\u00a0el 28 de octubre de 1879. Su padre, Luis Capetillo, proven\u00eda de la Provincia Vasca de Espa\u00f1a; hab\u00eda sido influenciado por las ideas avanzadas de los derechos del ciudadano y del obrero. Su madre, Margarita Per\u00f3n, lleg\u00f3 a la isla desde Francia a mediados del Siglo XIX. [&hellip;]<\/p>","protected":false},"author":1,"featured_media":0,"parent":0,"menu_order":0,"comment_status":"closed","ping_status":"closed","template":"","meta":{"_uag_custom_page_level_css":"","site-sidebar-layout":"default","site-content-layout":"","ast-site-content-layout":"default","site-content-style":"default","site-sidebar-style":"default","ast-global-header-display":"","ast-banner-title-visibility":"","ast-main-header-display":"","ast-hfb-above-header-display":"","ast-hfb-below-header-display":"","ast-hfb-mobile-header-display":"","site-post-title":"disabled","ast-breadcrumbs-content":"","ast-featured-img":"","footer-sml-layout":"","theme-transparent-header-meta":"","adv-header-id-meta":"","stick-header-meta":"","header-above-stick-meta":"","header-main-stick-meta":"","header-below-stick-meta":"","astra-migrate-meta-layouts":"set","ast-page-background-enabled":"default","ast-page-background-meta":{"desktop":{"background-color":"var(--ast-global-color-4)","background-image":"","background-repeat":"repeat","background-position":"center center","background-size":"auto","background-attachment":"scroll","background-type":"","background-media":"","overlay-type":"","overlay-color":"","overlay-opacity":"","overlay-gradient":""},"tablet":{"background-color":"","background-image":"","background-repeat":"repeat","background-position":"center center","background-size":"auto","background-attachment":"scroll","background-type":"","background-media":"","overlay-type":"","overlay-color":"","overlay-opacity":"","overlay-gradient":""},"mobile":{"background-color":"","background-image":"","background-repeat":"repeat","background-position":"center center","background-size":"auto","background-attachment":"scroll","background-type":"","background-media":"","overlay-type":"","overlay-color":"","overlay-opacity":"","overlay-gradient":""}},"ast-content-background-meta":{"desktop":{"background-color":"var(--ast-global-color-5)","background-image":"","background-repeat":"repeat","background-position":"center center","background-size":"auto","background-attachment":"scroll","background-type":"","background-media":"","overlay-type":"","overlay-color":"","overlay-opacity":"","overlay-gradient":""},"tablet":{"background-color":"var(--ast-global-color-5)","background-image":"","background-repeat":"repeat","background-position":"center center","background-size":"auto","background-attachment":"scroll","background-type":"","background-media":"","overlay-type":"","overlay-color":"","overlay-opacity":"","overlay-gradient":""},"mobile":{"background-color":"var(--ast-global-color-5)","background-image":"","background-repeat":"repeat","background-position":"center center","background-size":"auto","background-attachment":"scroll","background-type":"","background-media":"","overlay-type":"","overlay-color":"","overlay-opacity":"","overlay-gradient":""}},"footnotes":""},"class_list":["post-6473","page","type-page","status-publish","hentry"],"yoast_head":"<!-- This site is optimized with the Yoast SEO Premium plugin v24.2 (Yoast SEO v24.6) - https:\/\/yoast.com\/wordpress\/plugins\/seo\/ -->\n<title>Luisa Capetillo Per\u00f3n - Uni\u00f3n Esp\u00edrita<\/title>\n<meta name=\"robots\" content=\"index, follow, max-snippet:-1, max-image-preview:large, max-video-preview:-1\" \/>\n<link rel=\"canonical\" href=\"https:\/\/nuevo-renacer.com\/pt\/luisa-capetillo-peron\/\" \/>\n<meta property=\"og:locale\" content=\"pt_BR\" \/>\n<meta property=\"og:type\" content=\"article\" \/>\n<meta property=\"og:title\" content=\"Luisa Capetillo Per\u00f3n\" \/>\n<meta property=\"og:description\" content=\"Luisa Cepetillo Per\u00f3n Luisa Capetillo Per\u00f3n naci\u00f3 en Arecibo\u00a0el 28 de octubre de 1879. Su padre, Luis Capetillo, proven\u00eda de la Provincia Vasca de Espa\u00f1a; hab\u00eda sido influenciado por las ideas avanzadas de los derechos del ciudadano y del obrero. Su madre, Margarita Per\u00f3n, lleg\u00f3 a la isla desde Francia a mediados del Siglo XIX. [&hellip;]\" \/>\n<meta property=\"og:url\" content=\"https:\/\/nuevo-renacer.com\/pt\/luisa-capetillo-peron\/\" \/>\n<meta property=\"og:site_name\" content=\"Uni\u00f3n Esp\u00edrita\" \/>\n<meta property=\"article:publisher\" content=\"https:\/\/www.facebook.com\/groups\/3431398063740829\" \/>\n<meta property=\"article:modified_time\" content=\"2025-01-03T12:07:53+00:00\" \/>\n<meta property=\"og:image\" content=\"https:\/\/nuevo-renacer.com\/wp-content\/uploads\/2024\/12\/images.jpg\" \/>\n\t<meta property=\"og:image:width\" content=\"183\" \/>\n\t<meta property=\"og:image:height\" content=\"275\" \/>\n\t<meta property=\"og:image:type\" content=\"image\/jpeg\" \/>\n<meta name=\"twitter:card\" content=\"summary_large_image\" \/>\n<meta name=\"twitter:label1\" content=\"Est. tempo de leitura\" \/>\n\t<meta name=\"twitter:data1\" content=\"3 minutos\" \/>\n<script type=\"application\/ld+json\" class=\"yoast-schema-graph\">{\"@context\":\"https:\/\/schema.org\",\"@graph\":[{\"@type\":\"WebPage\",\"@id\":\"https:\/\/nuevo-renacer.com\/luisa-capetillo-peron\/\",\"url\":\"https:\/\/nuevo-renacer.com\/luisa-capetillo-peron\/\",\"name\":\"Luisa Capetillo Per\u00f3n - Uni\u00f3n Esp\u00edrita\",\"isPartOf\":{\"@id\":\"https:\/\/nuevo-renacer.com\/#website\"},\"primaryImageOfPage\":{\"@id\":\"https:\/\/nuevo-renacer.com\/luisa-capetillo-peron\/#primaryimage\"},\"image\":{\"@id\":\"https:\/\/nuevo-renacer.com\/luisa-capetillo-peron\/#primaryimage\"},\"thumbnailUrl\":\"https:\/\/nuevo-renacer.com\/wp-content\/uploads\/2024\/12\/images.jpg\",\"datePublished\":\"2024-12-09T12:06:22+00:00\",\"dateModified\":\"2025-01-03T12:07:53+00:00\",\"breadcrumb\":{\"@id\":\"https:\/\/nuevo-renacer.com\/luisa-capetillo-peron\/#breadcrumb\"},\"inLanguage\":\"pt-BR\",\"potentialAction\":[{\"@type\":\"ReadAction\",\"target\":[\"https:\/\/nuevo-renacer.com\/luisa-capetillo-peron\/\"]}]},{\"@type\":\"ImageObject\",\"inLanguage\":\"pt-BR\",\"@id\":\"https:\/\/nuevo-renacer.com\/luisa-capetillo-peron\/#primaryimage\",\"url\":\"https:\/\/nuevo-renacer.com\/wp-content\/uploads\/2024\/12\/images.jpg\",\"contentUrl\":\"https:\/\/nuevo-renacer.com\/wp-content\/uploads\/2024\/12\/images.jpg\"},{\"@type\":\"BreadcrumbList\",\"@id\":\"https:\/\/nuevo-renacer.com\/luisa-capetillo-peron\/#breadcrumb\",\"itemListElement\":[{\"@type\":\"ListItem\",\"position\":1,\"name\":\"Startseite\",\"item\":\"https:\/\/nuevo-renacer.com\/\"},{\"@type\":\"ListItem\",\"position\":2,\"name\":\"Luisa Capetillo Per\u00f3n\"}]},{\"@type\":\"WebSite\",\"@id\":\"https:\/\/nuevo-renacer.com\/#website\",\"url\":\"https:\/\/nuevo-renacer.com\/\",\"name\":\"Uni\u00f3n Esp\u00edrita\",\"description\":\"Nuevo Renacer\",\"publisher\":{\"@id\":\"https:\/\/nuevo-renacer.com\/#organization\"},\"potentialAction\":[{\"@type\":\"SearchAction\",\"target\":{\"@type\":\"EntryPoint\",\"urlTemplate\":\"https:\/\/nuevo-renacer.com\/?s={search_term_string}\"},\"query-input\":{\"@type\":\"PropertyValueSpecification\",\"valueRequired\":true,\"valueName\":\"search_term_string\"}}],\"inLanguage\":\"pt-BR\"},{\"@type\":\"Organization\",\"@id\":\"https:\/\/nuevo-renacer.com\/#organization\",\"name\":\"UFEC\",\"url\":\"https:\/\/nuevo-renacer.com\/\",\"logo\":{\"@type\":\"ImageObject\",\"inLanguage\":\"pt-BR\",\"@id\":\"https:\/\/nuevo-renacer.com\/#\/schema\/logo\/image\/\",\"url\":\"https:\/\/nuevo-renacer.com\/wp-content\/uploads\/2024\/05\/cropped-LOGO-TERMINADO1-3-3.png\",\"contentUrl\":\"https:\/\/nuevo-renacer.com\/wp-content\/uploads\/2024\/05\/cropped-LOGO-TERMINADO1-3-3.png\",\"width\":512,\"height\":512,\"caption\":\"UFEC\"},\"image\":{\"@id\":\"https:\/\/nuevo-renacer.com\/#\/schema\/logo\/image\/\"},\"sameAs\":[\"https:\/\/www.facebook.com\/groups\/3431398063740829\"]}]}<\/script>\n<!-- \/ Yoast SEO Premium plugin. -->","yoast_head_json":{"title":"Luisa Capetillo Per\u00f3n - Uni\u00f3n Esp\u00edrita","robots":{"index":"index","follow":"follow","max-snippet":"max-snippet:-1","max-image-preview":"max-image-preview:large","max-video-preview":"max-video-preview:-1"},"canonical":"https:\/\/nuevo-renacer.com\/pt\/luisa-capetillo-peron\/","og_locale":"pt_BR","og_type":"article","og_title":"Luisa Capetillo Per\u00f3n","og_description":"Luisa Cepetillo Per\u00f3n Luisa Capetillo Per\u00f3n naci\u00f3 en Arecibo\u00a0el 28 de octubre de 1879. Su padre, Luis Capetillo, proven\u00eda de la Provincia Vasca de Espa\u00f1a; hab\u00eda sido influenciado por las ideas avanzadas de los derechos del ciudadano y del obrero. Su madre, Margarita Per\u00f3n, lleg\u00f3 a la isla desde Francia a mediados del Siglo XIX. [&hellip;]","og_url":"https:\/\/nuevo-renacer.com\/pt\/luisa-capetillo-peron\/","og_site_name":"Uni\u00f3n Esp\u00edrita","article_publisher":"https:\/\/www.facebook.com\/groups\/3431398063740829","article_modified_time":"2025-01-03T12:07:53+00:00","og_image":[{"width":183,"height":275,"url":"https:\/\/nuevo-renacer.com\/wp-content\/uploads\/2024\/12\/images.jpg","type":"image\/jpeg"}],"twitter_card":"summary_large_image","twitter_misc":{"Est. tempo de leitura":"3 minutos"},"schema":{"@context":"https:\/\/schema.org","@graph":[{"@type":"WebPage","@id":"https:\/\/nuevo-renacer.com\/luisa-capetillo-peron\/","url":"https:\/\/nuevo-renacer.com\/luisa-capetillo-peron\/","name":"Luisa Capetillo Per\u00f3n - Uni\u00f3n Esp\u00edrita","isPartOf":{"@id":"https:\/\/nuevo-renacer.com\/#website"},"primaryImageOfPage":{"@id":"https:\/\/nuevo-renacer.com\/luisa-capetillo-peron\/#primaryimage"},"image":{"@id":"https:\/\/nuevo-renacer.com\/luisa-capetillo-peron\/#primaryimage"},"thumbnailUrl":"https:\/\/nuevo-renacer.com\/wp-content\/uploads\/2024\/12\/images.jpg","datePublished":"2024-12-09T12:06:22+00:00","dateModified":"2025-01-03T12:07:53+00:00","breadcrumb":{"@id":"https:\/\/nuevo-renacer.com\/luisa-capetillo-peron\/#breadcrumb"},"inLanguage":"pt-BR","potentialAction":[{"@type":"ReadAction","target":["https:\/\/nuevo-renacer.com\/luisa-capetillo-peron\/"]}]},{"@type":"ImageObject","inLanguage":"pt-BR","@id":"https:\/\/nuevo-renacer.com\/luisa-capetillo-peron\/#primaryimage","url":"https:\/\/nuevo-renacer.com\/wp-content\/uploads\/2024\/12\/images.jpg","contentUrl":"https:\/\/nuevo-renacer.com\/wp-content\/uploads\/2024\/12\/images.jpg"},{"@type":"BreadcrumbList","@id":"https:\/\/nuevo-renacer.com\/luisa-capetillo-peron\/#breadcrumb","itemListElement":[{"@type":"ListItem","position":1,"name":"Startseite","item":"https:\/\/nuevo-renacer.com\/"},{"@type":"ListItem","position":2,"name":"Luisa Capetillo Per\u00f3n"}]},{"@type":"WebSite","@id":"https:\/\/nuevo-renacer.com\/#website","url":"https:\/\/nuevo-renacer.com\/","name":"Uni\u00f3n Esp\u00edrita","description":"Nuevo Renacer","publisher":{"@id":"https:\/\/nuevo-renacer.com\/#organization"},"potentialAction":[{"@type":"SearchAction","target":{"@type":"EntryPoint","urlTemplate":"https:\/\/nuevo-renacer.com\/?s={search_term_string}"},"query-input":{"@type":"PropertyValueSpecification","valueRequired":true,"valueName":"search_term_string"}}],"inLanguage":"pt-BR"},{"@type":"Organization","@id":"https:\/\/nuevo-renacer.com\/#organization","name":"UFEC","url":"https:\/\/nuevo-renacer.com\/","logo":{"@type":"ImageObject","inLanguage":"pt-BR","@id":"https:\/\/nuevo-renacer.com\/#\/schema\/logo\/image\/","url":"https:\/\/nuevo-renacer.com\/wp-content\/uploads\/2024\/05\/cropped-LOGO-TERMINADO1-3-3.png","contentUrl":"https:\/\/nuevo-renacer.com\/wp-content\/uploads\/2024\/05\/cropped-LOGO-TERMINADO1-3-3.png","width":512,"height":512,"caption":"UFEC"},"image":{"@id":"https:\/\/nuevo-renacer.com\/#\/schema\/logo\/image\/"},"sameAs":["https:\/\/www.facebook.com\/groups\/3431398063740829"]}]}},"uagb_featured_image_src":{"full":false,"thumbnail":false,"medium":false,"medium_large":false,"large":false,"1536x1536":false,"2048x2048":false,"trp-custom-language-flag":false},"uagb_author_info":{"display_name":"adbv0","author_link":"https:\/\/nuevo-renacer.com\/pt\/author\/adbv0\/"},"uagb_comment_info":0,"uagb_excerpt":"Luisa Cepetillo Per\u00f3n Luisa Capetillo Per\u00f3n naci\u00f3 en Arecibo\u00a0el 28 de octubre de 1879. Su padre, Luis Capetillo, proven\u00eda de la Provincia Vasca de Espa\u00f1a; hab\u00eda sido influenciado por las ideas avanzadas de los derechos del ciudadano y del obrero. Su madre, Margarita Per\u00f3n, lleg\u00f3 a la isla desde Francia a mediados del Siglo XIX.&hellip;","jetpack_sharing_enabled":true,"_links":{"self":[{"href":"https:\/\/nuevo-renacer.com\/pt\/wp-json\/wp\/v2\/pages\/6473","targetHints":{"allow":["GET"]}}],"collection":[{"href":"https:\/\/nuevo-renacer.com\/pt\/wp-json\/wp\/v2\/pages"}],"about":[{"href":"https:\/\/nuevo-renacer.com\/pt\/wp-json\/wp\/v2\/types\/page"}],"author":[{"embeddable":true,"href":"https:\/\/nuevo-renacer.com\/pt\/wp-json\/wp\/v2\/users\/1"}],"replies":[{"embeddable":true,"href":"https:\/\/nuevo-renacer.com\/pt\/wp-json\/wp\/v2\/comments?post=6473"}],"version-history":[{"count":4,"href":"https:\/\/nuevo-renacer.com\/pt\/wp-json\/wp\/v2\/pages\/6473\/revisions"}],"predecessor-version":[{"id":6657,"href":"https:\/\/nuevo-renacer.com\/pt\/wp-json\/wp\/v2\/pages\/6473\/revisions\/6657"}],"wp:attachment":[{"href":"https:\/\/nuevo-renacer.com\/pt\/wp-json\/wp\/v2\/media?parent=6473"}],"curies":[{"name":"wp","href":"https:\/\/api.w.org\/{rel}","templated":true}]}}