{"id":6384,"date":"2024-11-26T12:43:40","date_gmt":"2024-11-26T12:43:40","guid":{"rendered":"https:\/\/nuevo-renacer.com\/?page_id=6384"},"modified":"2024-11-26T12:58:52","modified_gmt":"2024-11-26T12:58:52","slug":"la-vision-espirita-sobre-el-maltrato-de-animales","status":"publish","type":"page","link":"https:\/\/nuevo-renacer.com\/pt\/la-vision-espirita-sobre-el-maltrato-de-animales\/","title":{"rendered":"A vis\u00e3o esp\u00edrita sobre o abuso de animais"},"content":{"rendered":"<div class=\"wp-block-uagb-container uagb-block-6f4392eb alignfull uagb-is-root-container\"><div class=\"uagb-container-inner-blocks-wrap\">\n<p class=\"has-black-color has-text-color has-link-color has-medium-font-size wp-elements-618592760ed0aea80ab1a797ff8003bc\"><strong><strong>A vis\u00e3o esp\u00edrita sobre o abuso de animais<\/strong><\/strong><\/p>\n<\/div><\/div>\n\n\n\n<div class=\"wp-block-uagb-container uagb-block-8fa992ad alignfull uagb-is-root-container\"><div class=\"uagb-container-inner-blocks-wrap\">\n<figure class=\"wp-block-image size-large is-resized\"><img fetchpriority=\"high\" decoding=\"async\" width=\"1024\" height=\"680\" src=\"https:\/\/nuevo-renacer.com\/wp-content\/uploads\/2024\/11\/Animales-1024x680.png\" alt=\"\" class=\"wp-image-6385\" style=\"width:447px;height:auto\" srcset=\"https:\/\/nuevo-renacer.com\/wp-content\/uploads\/2024\/11\/Animales-1024x680.png 1024w, https:\/\/nuevo-renacer.com\/wp-content\/uploads\/2024\/11\/Animales-300x199.png 300w, https:\/\/nuevo-renacer.com\/wp-content\/uploads\/2024\/11\/Animales-768x510.png 768w, https:\/\/nuevo-renacer.com\/wp-content\/uploads\/2024\/11\/Animales-18x12.png 18w, https:\/\/nuevo-renacer.com\/wp-content\/uploads\/2024\/11\/Animales.png 1097w\" sizes=\"(max-width: 1024px) 100vw, 1024px\" \/><\/figure>\n<\/div><\/div>\n\n\n\n<div class=\"wp-block-uagb-container uagb-block-dc23f65b alignfull uagb-is-root-container\"><div class=\"uagb-container-inner-blocks-wrap\">\n<p class=\"has-black-color has-text-color has-link-color has-small-font-size wp-elements-3be7796f3190ff123b5fa51954c69c0a\">O abuso de animais \u00e9 uma das quest\u00f5es mais controversas e dolorosas em nossa sociedade moderna. Embora as leis e a conscientiza\u00e7\u00e3o social tenham avan\u00e7ado para proteger os animais, o sofrimento causado pelo abuso, pela explora\u00e7\u00e3o e pela neglig\u00eancia continua a ser uma realidade em muitas partes do mundo. Nesse contexto, a vis\u00e3o esp\u00edrita oferece uma perspectiva profunda e instigante sobre o tratamento que damos aos seres n\u00e3o humanos e sua rela\u00e7\u00e3o com nossas cren\u00e7as espirituais e morais.<\/p>\n\n\n\n<p class=\"has-black-color has-text-color has-link-color has-small-font-size wp-elements-a897258a5c1d491bd1f3579e8e52bba7\">O Espiritismo, uma doutrina expressa por Allan Kardec no s\u00e9culo XIX, promove uma \u00e9tica baseada na reencarna\u00e7\u00e3o, na evolu\u00e7\u00e3o moral e no respeito a todas as formas de vida. Em sua vis\u00e3o de mundo, os animais n\u00e3o s\u00e3o seres inferiores ou simplesmente objetos \u00e0 disposi\u00e7\u00e3o dos humanos, mas entidades com alma e o direito de viver em harmonia com seu ambiente. Essa abordagem convida os seres humanos a repensar seu relacionamento com os animais e a natureza, reconhecendo que os maus-tratos aos animais t\u00eam repercuss\u00f5es espirituais tanto para aqueles que maltratam quanto para aqueles que sofrem.<\/p>\n\n\n\n<p class=\"has-black-color has-text-color has-link-color has-small-font-size wp-elements-005226de132ba1202eceb4e95b621793\"><strong>Espiritismo e a natureza dos animais<\/strong><\/p>\n\n\n\n<p class=\"has-black-color has-text-color has-link-color has-small-font-size wp-elements-618943668807e3b6c54ad33a04ed5c4f\">De acordo com os ensinamentos de Kardec, todos os seres vivos, inclusive os animais, fazem parte da cria\u00e7\u00e3o divina. Embora os animais n\u00e3o possuam a mesma capacidade racional dos seres humanos, o Espiritismo sustenta que eles tamb\u00e9m t\u00eam uma \u201calma\u201d, um princ\u00edpio espiritual que est\u00e1 em processo de evolu\u00e7\u00e3o. Essa alma animal, embora diferente em grau de desenvolvimento, est\u00e1 em um processo de aprendizado e aperfei\u00e7oamento. Em seu livro <em>O Livro dos Esp\u00edritos<\/em>, Kardec afirma que os animais t\u00eam uma \u201csensibilidade\u201d e uma \u201cintelig\u00eancia\u201d que lhes permite reagir a est\u00edmulos, mas n\u00e3o t\u00eam uma raz\u00e3o semelhante \u00e0 humana.<\/p>\n\n\n\n<p class=\"has-black-color has-text-color has-link-color has-small-font-size wp-elements-806ab13a01e65e6e55699f68292c7d67\">O conceito esp\u00edrita de que todos os seres vivos est\u00e3o em um processo evolutivo comum implica que, em algum momento, as almas dos animais tamb\u00e9m estar\u00e3o prontas para experimentar a vida humana ou evoluir\u00e3o para formas mais complexas de exist\u00eancia. Essa vis\u00e3o implica um profundo respeito pela vida em todas as suas formas e condena qualquer tipo de abuso infligido aos animais, uma vez que o sofrimento de qualquer ser vivo afeta o equil\u00edbrio e a harmonia universais.<\/p>\n\n\n\n<p class=\"has-black-color has-text-color has-link-color has-small-font-size wp-elements-38131c4eed1c775e1dd9619da4dfc625\"><strong>O abuso de animais como uma viola\u00e7\u00e3o espiritual e moral<\/strong><\/p>\n\n\n\n<p class=\"has-black-color has-text-color has-link-color has-small-font-size wp-elements-f662973eaeea9a95fe283e19092cbc60\">Sob a perspectiva esp\u00edrita, os maus-tratos aos animais n\u00e3o s\u00e3o apenas um ato de crueldade f\u00edsica, mas tamb\u00e9m uma viola\u00e7\u00e3o espiritual. Os esp\u00edritos superiores que guiam a evolu\u00e7\u00e3o moral da humanidade ensinam que a verdadeira espiritualidade se baseia no amor, no respeito e na compaix\u00e3o por todos os seres, sem distin\u00e7\u00e3o. O tratamento respeitoso dos animais \u00e9 um reflexo da evolu\u00e7\u00e3o moral de um indiv\u00edduo e de uma sociedade.<\/p>\n\n\n\n<p class=\"has-black-color has-text-color has-link-color has-small-font-size wp-elements-2ee96e09e346a1cd91b44cfbbb6bb25d\">O abuso de animais, portanto, \u00e9 visto como uma manifesta\u00e7\u00e3o de ego\u00edsmo, indiferen\u00e7a e falta de empatia, caracter\u00edsticas que devem ser superadas no caminho da perfei\u00e7\u00e3o moral. Para os esp\u00edritas, a rela\u00e7\u00e3o com os animais deve ser de responsabilidade, amor e respeito, uma vez que o sofrimento injustificado causado a eles gera um desequil\u00edbrio na harmonia espiritual do agressor, podendo ter consequ\u00eancias c\u00e1rmicas. Os maus-tratos aos animais seriam, portanto, uma a\u00e7\u00e3o que afeta tanto o bem-estar f\u00edsico do ser maltratado quanto o progresso espiritual do agressor.<\/p>\n\n\n\n<p class=\"has-black-color has-text-color has-link-color has-small-font-size wp-elements-4ae78e6ab4fdeb262eec838a23326ce8\"><strong>La Evoluci\u00f3n Espiritual y el Trato Justo hacia los Animales<\/strong><\/p>\n\n\n\n<p class=\"has-black-color has-text-color has-link-color has-small-font-size wp-elements-061a46bf1be4e3305878fb666cf06e34\">Para los esp\u00edritas, el trato hacia los animales est\u00e1 intr\u00ednsecamente ligado a la evoluci\u00f3n moral y espiritual del ser humano. Cuanto m\u00e1s avanzados se vuelven espiritualmente los individuos, m\u00e1s desarrollan su capacidad de empat\u00eda, compasi\u00f3n y respeto hacia todas las criaturas. En el <em>Evangelho segundo o Espiritismo<\/em>, Kardec ensina que a verdadeira virtude se manifesta no respeito pela vida em todas as suas formas, incluindo os animais.<\/p>\n\n\n\n<p class=\"has-black-color has-text-color has-link-color has-small-font-size wp-elements-cc5b72d1c5420f9777b1b7916cb241ea\">Al\u00e9m disso, o Espiritismo enfatiza que a crueldade contra os animais \u00e9 uma forma de ignor\u00e2ncia moral que deve ser superada, pois ao maltratar os animais, os seres humanos est\u00e3o impedindo seu pr\u00f3prio progresso espiritual. As pessoas que maltratam os animais est\u00e3o em um estado de imaturidade espiritual, e \u00e9 necess\u00e1rio cultivar a bondade e o amor para com todas as criaturas a fim de avan\u00e7ar no caminho da perfei\u00e7\u00e3o.<\/p>\n\n\n\n<p class=\"has-black-color has-text-color has-link-color has-small-font-size wp-elements-75d43700530e62f7cecd2e9af6cd4673\"><strong>O chamado \u00e0 responsabilidade e \u00e0 compaix\u00e3o<\/strong><\/p>\n\n\n\n<p class=\"has-black-color has-text-color has-link-color has-small-font-size wp-elements-a0294e2cfe9b684372e2a78e68b3f752\">Na vis\u00e3o esp\u00edrita, a luta contra os maus-tratos aos animais \u00e9 um chamado \u00e0 conscientiza\u00e7\u00e3o global sobre a import\u00e2ncia de sermos respons\u00e1veis no tratamento dos seres vivos. O Espiritismo convida os seres humanos a verem os animais n\u00e3o apenas como criaturas que servem aos interesses humanos, mas como parceiros no processo evolutivo, merecendo ser tratados com dignidade e respeito.<\/p>\n\n\n\n<p class=\"has-black-color has-text-color has-link-color has-small-font-size wp-elements-7637c038aeeef2551771e05d2af67480\">O compromisso esp\u00edrita com a defesa dos animais envolve n\u00e3o apenas abster-se de maltrat\u00e1-los fisicamente, mas tamb\u00e9m promover seu bem-estar em todos os aspectos: evitar a explora\u00e7\u00e3o, apoiar a ado\u00e7\u00e3o respons\u00e1vel e proteger seus habitats naturais. Tamb\u00e9m envolve uma profunda reflex\u00e3o sobre os h\u00e1bitos cotidianos, como alimenta\u00e7\u00e3o, moda e experimenta\u00e7\u00e3o, para garantir que nossas a\u00e7\u00f5es n\u00e3o contribuam para o sofrimento dos animais.<\/p>\n\n\n\n<p class=\"has-black-color has-text-color has-link-color has-small-font-size wp-elements-fad7a448c0a79819de2739677f10202d\"><strong>Conclus\u00e3o<\/strong><\/p>\n\n\n\n<p class=\"has-black-color has-text-color has-link-color has-small-font-size wp-elements-d73002e20b367705ff09bb3a7749b070\">A vis\u00e3o esp\u00edrita do abuso de animais est\u00e1 profundamente enraizada nos princ\u00edpios de amor, compaix\u00e3o e respeito por todas as formas de vida. Os esp\u00edritas acreditam que o tratamento dado aos animais reflete o grau de evolu\u00e7\u00e3o moral de um indiv\u00edduo e da sociedade como um todo. Nesse contexto, os maus-tratos aos animais n\u00e3o s\u00e3o apenas uma viola\u00e7\u00e3o \u00e9tica e moral, mas tamb\u00e9m uma transgress\u00e3o espiritual que afeta o desenvolvimento e o progresso de quem os comete. Portanto, o Espiritismo exige uma profunda reflex\u00e3o sobre nossas a\u00e7\u00f5es e decis\u00f5es di\u00e1rias, convidando-nos a viver de forma mais compassiva e respons\u00e1vel em rela\u00e7\u00e3o a todas as criaturas da Terra.<\/p>\n<\/div><\/div>\n\n\n\n<div class=\"wp-block-uagb-container uagb-block-4bd770f9 alignfull uagb-is-root-container\"><div class=\"uagb-container-inner-blocks-wrap\"><\/div><\/div>\n\n\n\n<div class=\"wp-block-uagb-container uagb-block-53bea7e8 alignfull uagb-is-root-container\"><div class=\"uagb-container-inner-blocks-wrap\"><\/div><\/div>","protected":false},"excerpt":{"rendered":"<p>La Visi\u00f3n Esp\u00edrita sobre el Maltrato de Animales El maltrato animal es uno de los temas m\u00e1s controvertidos y dolorosos de nuestra sociedad moderna. Aunque las leyes y la conciencia social han avanzado para proteger a los animales, el sufrimiento causado por el abuso, la explotaci\u00f3n y la negligencia contin\u00faa siendo una realidad en muchas [&hellip;]<\/p>","protected":false},"author":1,"featured_media":0,"parent":0,"menu_order":0,"comment_status":"closed","ping_status":"closed","template":"","meta":{"_uag_custom_page_level_css":"","site-sidebar-layout":"default","site-content-layout":"","ast-site-content-layout":"default","site-content-style":"default","site-sidebar-style":"default","ast-global-header-display":"","ast-banner-title-visibility":"","ast-main-header-display":"","ast-hfb-above-header-display":"","ast-hfb-below-header-display":"","ast-hfb-mobile-header-display":"","site-post-title":"disabled","ast-breadcrumbs-content":"","ast-featured-img":"","footer-sml-layout":"","theme-transparent-header-meta":"","adv-header-id-meta":"","stick-header-meta":"","header-above-stick-meta":"","header-main-stick-meta":"","header-below-stick-meta":"","astra-migrate-meta-layouts":"set","ast-page-background-enabled":"default","ast-page-background-meta":{"desktop":{"background-color":"var(--ast-global-color-4)","background-image":"","background-repeat":"repeat","background-position":"center center","background-size":"auto","background-attachment":"scroll","background-type":"","background-media":"","overlay-type":"","overlay-color":"","overlay-opacity":"","overlay-gradient":""},"tablet":{"background-color":"","background-image":"","background-repeat":"repeat","background-position":"center center","background-size":"auto","background-attachment":"scroll","background-type":"","background-media":"","overlay-type":"","overlay-color":"","overlay-opacity":"","overlay-gradient":""},"mobile":{"background-color":"","background-image":"","background-repeat":"repeat","background-position":"center center","background-size":"auto","background-attachment":"scroll","background-type":"","background-media":"","overlay-type":"","overlay-color":"","overlay-opacity":"","overlay-gradient":""}},"ast-content-background-meta":{"desktop":{"background-color":"var(--ast-global-color-5)","background-image":"","background-repeat":"repeat","background-position":"center center","background-size":"auto","background-attachment":"scroll","background-type":"","background-media":"","overlay-type":"","overlay-color":"","overlay-opacity":"","overlay-gradient":""},"tablet":{"background-color":"var(--ast-global-color-5)","background-image":"","background-repeat":"repeat","background-position":"center center","background-size":"auto","background-attachment":"scroll","background-type":"","background-media":"","overlay-type":"","overlay-color":"","overlay-opacity":"","overlay-gradient":""},"mobile":{"background-color":"var(--ast-global-color-5)","background-image":"","background-repeat":"repeat","background-position":"center center","background-size":"auto","background-attachment":"scroll","background-type":"","background-media":"","overlay-type":"","overlay-color":"","overlay-opacity":"","overlay-gradient":""}},"footnotes":""},"class_list":["post-6384","page","type-page","status-publish","hentry"],"yoast_head":"<!-- This site is optimized with the Yoast SEO Premium plugin v24.2 (Yoast SEO v24.6) - https:\/\/yoast.com\/wordpress\/plugins\/seo\/ -->\n<title>La Visi\u00f3n Esp\u00edrita sobre el Maltrato de Animales - Uni\u00f3n Esp\u00edrita<\/title>\n<meta name=\"robots\" content=\"index, follow, max-snippet:-1, max-image-preview:large, max-video-preview:-1\" \/>\n<link rel=\"canonical\" href=\"https:\/\/nuevo-renacer.com\/pt\/la-vision-espirita-sobre-el-maltrato-de-animales\/\" \/>\n<meta property=\"og:locale\" content=\"pt_BR\" \/>\n<meta property=\"og:type\" content=\"article\" \/>\n<meta property=\"og:title\" content=\"La Visi\u00f3n Esp\u00edrita sobre el Maltrato de Animales\" \/>\n<meta property=\"og:description\" content=\"La Visi\u00f3n Esp\u00edrita sobre el Maltrato de Animales El maltrato animal es uno de los temas m\u00e1s controvertidos y dolorosos de nuestra sociedad moderna. Aunque las leyes y la conciencia social han avanzado para proteger a los animales, el sufrimiento causado por el abuso, la explotaci\u00f3n y la negligencia contin\u00faa siendo una realidad en muchas [&hellip;]\" \/>\n<meta property=\"og:url\" content=\"https:\/\/nuevo-renacer.com\/pt\/la-vision-espirita-sobre-el-maltrato-de-animales\/\" \/>\n<meta property=\"og:site_name\" content=\"Uni\u00f3n Esp\u00edrita\" \/>\n<meta property=\"article:publisher\" content=\"https:\/\/www.facebook.com\/groups\/3431398063740829\" \/>\n<meta property=\"article:modified_time\" content=\"2024-11-26T12:58:52+00:00\" \/>\n<meta property=\"og:image\" content=\"https:\/\/nuevo-renacer.com\/wp-content\/uploads\/2024\/11\/Animales.png\" \/>\n\t<meta property=\"og:image:width\" content=\"1097\" \/>\n\t<meta property=\"og:image:height\" content=\"729\" \/>\n\t<meta property=\"og:image:type\" content=\"image\/png\" \/>\n<meta name=\"twitter:card\" content=\"summary_large_image\" \/>\n<meta name=\"twitter:label1\" content=\"Est. tempo de leitura\" \/>\n\t<meta name=\"twitter:data1\" content=\"5 minutos\" \/>\n<script type=\"application\/ld+json\" class=\"yoast-schema-graph\">{\"@context\":\"https:\/\/schema.org\",\"@graph\":[{\"@type\":\"WebPage\",\"@id\":\"https:\/\/nuevo-renacer.com\/la-vision-espirita-sobre-el-maltrato-de-animales\/\",\"url\":\"https:\/\/nuevo-renacer.com\/la-vision-espirita-sobre-el-maltrato-de-animales\/\",\"name\":\"La Visi\u00f3n Esp\u00edrita sobre el Maltrato de Animales - Uni\u00f3n Esp\u00edrita\",\"isPartOf\":{\"@id\":\"https:\/\/nuevo-renacer.com\/#website\"},\"primaryImageOfPage\":{\"@id\":\"https:\/\/nuevo-renacer.com\/la-vision-espirita-sobre-el-maltrato-de-animales\/#primaryimage\"},\"image\":{\"@id\":\"https:\/\/nuevo-renacer.com\/la-vision-espirita-sobre-el-maltrato-de-animales\/#primaryimage\"},\"thumbnailUrl\":\"https:\/\/nuevo-renacer.com\/wp-content\/uploads\/2024\/11\/Animales-1024x680.png\",\"datePublished\":\"2024-11-26T12:43:40+00:00\",\"dateModified\":\"2024-11-26T12:58:52+00:00\",\"breadcrumb\":{\"@id\":\"https:\/\/nuevo-renacer.com\/la-vision-espirita-sobre-el-maltrato-de-animales\/#breadcrumb\"},\"inLanguage\":\"pt-BR\",\"potentialAction\":[{\"@type\":\"ReadAction\",\"target\":[\"https:\/\/nuevo-renacer.com\/la-vision-espirita-sobre-el-maltrato-de-animales\/\"]}]},{\"@type\":\"ImageObject\",\"inLanguage\":\"pt-BR\",\"@id\":\"https:\/\/nuevo-renacer.com\/la-vision-espirita-sobre-el-maltrato-de-animales\/#primaryimage\",\"url\":\"https:\/\/nuevo-renacer.com\/wp-content\/uploads\/2024\/11\/Animales-1024x680.png\",\"contentUrl\":\"https:\/\/nuevo-renacer.com\/wp-content\/uploads\/2024\/11\/Animales-1024x680.png\"},{\"@type\":\"BreadcrumbList\",\"@id\":\"https:\/\/nuevo-renacer.com\/la-vision-espirita-sobre-el-maltrato-de-animales\/#breadcrumb\",\"itemListElement\":[{\"@type\":\"ListItem\",\"position\":1,\"name\":\"Startseite\",\"item\":\"https:\/\/nuevo-renacer.com\/\"},{\"@type\":\"ListItem\",\"position\":2,\"name\":\"La Visi\u00f3n Esp\u00edrita sobre el Maltrato de Animales\"}]},{\"@type\":\"WebSite\",\"@id\":\"https:\/\/nuevo-renacer.com\/#website\",\"url\":\"https:\/\/nuevo-renacer.com\/\",\"name\":\"Uni\u00f3n Esp\u00edrita\",\"description\":\"Nuevo Renacer\",\"publisher\":{\"@id\":\"https:\/\/nuevo-renacer.com\/#organization\"},\"potentialAction\":[{\"@type\":\"SearchAction\",\"target\":{\"@type\":\"EntryPoint\",\"urlTemplate\":\"https:\/\/nuevo-renacer.com\/?s={search_term_string}\"},\"query-input\":{\"@type\":\"PropertyValueSpecification\",\"valueRequired\":true,\"valueName\":\"search_term_string\"}}],\"inLanguage\":\"pt-BR\"},{\"@type\":\"Organization\",\"@id\":\"https:\/\/nuevo-renacer.com\/#organization\",\"name\":\"UFEC\",\"url\":\"https:\/\/nuevo-renacer.com\/\",\"logo\":{\"@type\":\"ImageObject\",\"inLanguage\":\"pt-BR\",\"@id\":\"https:\/\/nuevo-renacer.com\/#\/schema\/logo\/image\/\",\"url\":\"https:\/\/nuevo-renacer.com\/wp-content\/uploads\/2024\/05\/cropped-LOGO-TERMINADO1-3-3.png\",\"contentUrl\":\"https:\/\/nuevo-renacer.com\/wp-content\/uploads\/2024\/05\/cropped-LOGO-TERMINADO1-3-3.png\",\"width\":512,\"height\":512,\"caption\":\"UFEC\"},\"image\":{\"@id\":\"https:\/\/nuevo-renacer.com\/#\/schema\/logo\/image\/\"},\"sameAs\":[\"https:\/\/www.facebook.com\/groups\/3431398063740829\"]}]}<\/script>\n<!-- \/ Yoast SEO Premium plugin. -->","yoast_head_json":{"title":"La Visi\u00f3n Esp\u00edrita sobre el Maltrato de Animales - Uni\u00f3n Esp\u00edrita","robots":{"index":"index","follow":"follow","max-snippet":"max-snippet:-1","max-image-preview":"max-image-preview:large","max-video-preview":"max-video-preview:-1"},"canonical":"https:\/\/nuevo-renacer.com\/pt\/la-vision-espirita-sobre-el-maltrato-de-animales\/","og_locale":"pt_BR","og_type":"article","og_title":"La Visi\u00f3n Esp\u00edrita sobre el Maltrato de Animales","og_description":"La Visi\u00f3n Esp\u00edrita sobre el Maltrato de Animales El maltrato animal es uno de los temas m\u00e1s controvertidos y dolorosos de nuestra sociedad moderna. Aunque las leyes y la conciencia social han avanzado para proteger a los animales, el sufrimiento causado por el abuso, la explotaci\u00f3n y la negligencia contin\u00faa siendo una realidad en muchas [&hellip;]","og_url":"https:\/\/nuevo-renacer.com\/pt\/la-vision-espirita-sobre-el-maltrato-de-animales\/","og_site_name":"Uni\u00f3n Esp\u00edrita","article_publisher":"https:\/\/www.facebook.com\/groups\/3431398063740829","article_modified_time":"2024-11-26T12:58:52+00:00","og_image":[{"width":1097,"height":729,"url":"https:\/\/nuevo-renacer.com\/wp-content\/uploads\/2024\/11\/Animales.png","type":"image\/png"}],"twitter_card":"summary_large_image","twitter_misc":{"Est. tempo de leitura":"5 minutos"},"schema":{"@context":"https:\/\/schema.org","@graph":[{"@type":"WebPage","@id":"https:\/\/nuevo-renacer.com\/la-vision-espirita-sobre-el-maltrato-de-animales\/","url":"https:\/\/nuevo-renacer.com\/la-vision-espirita-sobre-el-maltrato-de-animales\/","name":"La Visi\u00f3n Esp\u00edrita sobre el Maltrato de Animales - Uni\u00f3n Esp\u00edrita","isPartOf":{"@id":"https:\/\/nuevo-renacer.com\/#website"},"primaryImageOfPage":{"@id":"https:\/\/nuevo-renacer.com\/la-vision-espirita-sobre-el-maltrato-de-animales\/#primaryimage"},"image":{"@id":"https:\/\/nuevo-renacer.com\/la-vision-espirita-sobre-el-maltrato-de-animales\/#primaryimage"},"thumbnailUrl":"https:\/\/nuevo-renacer.com\/wp-content\/uploads\/2024\/11\/Animales-1024x680.png","datePublished":"2024-11-26T12:43:40+00:00","dateModified":"2024-11-26T12:58:52+00:00","breadcrumb":{"@id":"https:\/\/nuevo-renacer.com\/la-vision-espirita-sobre-el-maltrato-de-animales\/#breadcrumb"},"inLanguage":"pt-BR","potentialAction":[{"@type":"ReadAction","target":["https:\/\/nuevo-renacer.com\/la-vision-espirita-sobre-el-maltrato-de-animales\/"]}]},{"@type":"ImageObject","inLanguage":"pt-BR","@id":"https:\/\/nuevo-renacer.com\/la-vision-espirita-sobre-el-maltrato-de-animales\/#primaryimage","url":"https:\/\/nuevo-renacer.com\/wp-content\/uploads\/2024\/11\/Animales-1024x680.png","contentUrl":"https:\/\/nuevo-renacer.com\/wp-content\/uploads\/2024\/11\/Animales-1024x680.png"},{"@type":"BreadcrumbList","@id":"https:\/\/nuevo-renacer.com\/la-vision-espirita-sobre-el-maltrato-de-animales\/#breadcrumb","itemListElement":[{"@type":"ListItem","position":1,"name":"Startseite","item":"https:\/\/nuevo-renacer.com\/"},{"@type":"ListItem","position":2,"name":"La Visi\u00f3n Esp\u00edrita sobre el Maltrato de Animales"}]},{"@type":"WebSite","@id":"https:\/\/nuevo-renacer.com\/#website","url":"https:\/\/nuevo-renacer.com\/","name":"Uni\u00f3n Esp\u00edrita","description":"Nuevo Renacer","publisher":{"@id":"https:\/\/nuevo-renacer.com\/#organization"},"potentialAction":[{"@type":"SearchAction","target":{"@type":"EntryPoint","urlTemplate":"https:\/\/nuevo-renacer.com\/?s={search_term_string}"},"query-input":{"@type":"PropertyValueSpecification","valueRequired":true,"valueName":"search_term_string"}}],"inLanguage":"pt-BR"},{"@type":"Organization","@id":"https:\/\/nuevo-renacer.com\/#organization","name":"UFEC","url":"https:\/\/nuevo-renacer.com\/","logo":{"@type":"ImageObject","inLanguage":"pt-BR","@id":"https:\/\/nuevo-renacer.com\/#\/schema\/logo\/image\/","url":"https:\/\/nuevo-renacer.com\/wp-content\/uploads\/2024\/05\/cropped-LOGO-TERMINADO1-3-3.png","contentUrl":"https:\/\/nuevo-renacer.com\/wp-content\/uploads\/2024\/05\/cropped-LOGO-TERMINADO1-3-3.png","width":512,"height":512,"caption":"UFEC"},"image":{"@id":"https:\/\/nuevo-renacer.com\/#\/schema\/logo\/image\/"},"sameAs":["https:\/\/www.facebook.com\/groups\/3431398063740829"]}]}},"uagb_featured_image_src":{"full":false,"thumbnail":false,"medium":false,"medium_large":false,"large":false,"1536x1536":false,"2048x2048":false,"trp-custom-language-flag":false},"uagb_author_info":{"display_name":"adbv0","author_link":"https:\/\/nuevo-renacer.com\/pt\/author\/adbv0\/"},"uagb_comment_info":0,"uagb_excerpt":"La Visi\u00f3n Esp\u00edrita sobre el Maltrato de Animales El maltrato animal es uno de los temas m\u00e1s controvertidos y dolorosos de nuestra sociedad moderna. Aunque las leyes y la conciencia social han avanzado para proteger a los animales, el sufrimiento causado por el abuso, la explotaci\u00f3n y la negligencia contin\u00faa siendo una realidad en muchas&hellip;","jetpack_sharing_enabled":true,"_links":{"self":[{"href":"https:\/\/nuevo-renacer.com\/pt\/wp-json\/wp\/v2\/pages\/6384","targetHints":{"allow":["GET"]}}],"collection":[{"href":"https:\/\/nuevo-renacer.com\/pt\/wp-json\/wp\/v2\/pages"}],"about":[{"href":"https:\/\/nuevo-renacer.com\/pt\/wp-json\/wp\/v2\/types\/page"}],"author":[{"embeddable":true,"href":"https:\/\/nuevo-renacer.com\/pt\/wp-json\/wp\/v2\/users\/1"}],"replies":[{"embeddable":true,"href":"https:\/\/nuevo-renacer.com\/pt\/wp-json\/wp\/v2\/comments?post=6384"}],"version-history":[{"count":2,"href":"https:\/\/nuevo-renacer.com\/pt\/wp-json\/wp\/v2\/pages\/6384\/revisions"}],"predecessor-version":[{"id":6387,"href":"https:\/\/nuevo-renacer.com\/pt\/wp-json\/wp\/v2\/pages\/6384\/revisions\/6387"}],"wp:attachment":[{"href":"https:\/\/nuevo-renacer.com\/pt\/wp-json\/wp\/v2\/media?parent=6384"}],"curies":[{"name":"wp","href":"https:\/\/api.w.org\/{rel}","templated":true}]}}