{"id":6177,"date":"2024-11-19T13:55:59","date_gmt":"2024-11-19T13:55:59","guid":{"rendered":"https:\/\/nuevo-renacer.com\/?page_id=6177"},"modified":"2024-11-19T13:55:59","modified_gmt":"2024-11-19T13:55:59","slug":"antonio-goncalves-da-silva","status":"publish","type":"page","link":"https:\/\/nuevo-renacer.com\/pt\/antonio-goncalves-da-silva\/","title":{"rendered":"Ant\u00f4nio Gon\u00e7alves da Silva"},"content":{"rendered":"<div class=\"wp-block-uagb-container uagb-block-ab237eb2 alignfull uagb-is-root-container\"><div class=\"uagb-container-inner-blocks-wrap\">\n<p class=\"has-black-color has-text-color has-link-color has-medium-font-size wp-elements-fda032df3a5d90a304b034f6701bdea0\"><strong>Ant\u00f4nio Gon\u00e7alves da Silva<\/strong><\/p>\n<\/div><\/div>\n\n\n\n<div class=\"wp-block-uagb-container uagb-block-80395d1d alignfull uagb-is-root-container\"><div class=\"uagb-container-inner-blocks-wrap\">\n<figure class=\"wp-block-image size-full is-resized\"><img decoding=\"async\" width=\"192\" height=\"257\" src=\"https:\/\/nuevo-renacer.com\/wp-content\/uploads\/2024\/11\/unnamed.jpg\" alt=\"\" class=\"wp-image-6178\" style=\"width:227px;height:auto\" srcset=\"https:\/\/nuevo-renacer.com\/wp-content\/uploads\/2024\/11\/unnamed.jpg 192w, https:\/\/nuevo-renacer.com\/wp-content\/uploads\/2024\/11\/unnamed-9x12.jpg 9w\" sizes=\"(max-width: 192px) 100vw, 192px\" \/><\/figure>\n<\/div><\/div>\n\n\n\n<div class=\"wp-block-uagb-container uagb-block-441ca5af alignfull uagb-is-root-container\"><div class=\"uagb-container-inner-blocks-wrap\">\n<p class=\"has-black-color has-text-color has-link-color has-small-font-size wp-elements-262e5463d143b401c71cf87a1e565c65\">Ant\u00f4nio Gon\u00e7alves da Silva nasceu em 19 de mar\u00e7o de 1839 em Portugal, na freguesia de \u00c1guas Santas, hoje parte do munic\u00edpio de Maia. Filho de camponeses humildes e com apenas o ensino prim\u00e1rio, veio para o Brasil aos 11 anos de idade, chegando \u00e0 Guanabara em 3 de janeiro de 1850. Durante tr\u00eas anos, trabalhou no com\u00e9rcio da Corte. De l\u00e1, mudou-se para a cidade de Campinas, em S\u00e3o Paulo, onde permaneceu por algum tempo at\u00e9 se mudar definitivamente para a capital.<\/p>\n\n\n\n<p class=\"has-black-color has-text-color has-link-color has-small-font-size wp-elements-25a1340f6d1f05e2b4c283082951f5dc\">Naquela \u00e9poca, a capital tinha menos de 30.000 habitantes e, durante seus primeiros anos aqui, Batu\u00edra trabalhou como distribuidor do jornal \u201cCorreio Paulistano\u201d, j\u00e1 que naquela \u00e9poca n\u00e3o havia bancas de jornal e a entrega era feita \u00e0 tarde, de casa em casa, apenas para assinantes. Diligente, honesto e de esp\u00edrito d\u00f3cil, Batu\u00edra fez amigos e admiradores em toda parte como jornaleiro. Parece que foi nessa \u00e9poca que ele aprendeu a arte da tipografia, muito provavelmente nas oficinas do Correio Paulistano.<\/p>\n\n\n\n<p class=\"has-black-color has-text-color has-link-color has-small-font-size wp-elements-b2f1064ad80af66ccdb8342472f711e3\">Muito ativo e correndo de um lado para o outro, foi apelidado de \u201cbatu\u00edra\u201d, nome dado pelo povo a uma ave muito leve e de voo r\u00e1pido que freq\u00fcentava as lagoas formadas pelo transbordamento do Rio Tamanduate\u00ed, onde hoje est\u00e1 localizado o Parque D. Pedro II. O nome do jovem era Ant\u00f4nio Gon\u00e7alves da Silva, mas a partir de ent\u00e3o adotou o apelido de BATU\u00cdRA. Pouco tempo depois, com as economias que havia juntado e, \u00e9 claro, com a ajuda de amigos, montou um pequeno teatro nos fundos de uma taberna na Rua Cruz Preta.<\/p>\n\n\n\n<p class=\"has-black-color has-text-color has-link-color has-small-font-size wp-elements-84d10729916a732996e6844f6c5024be\">Muitos aficionados, inclusive Batu\u00edra, fizeram sua estreia naquele modesto teatro. Perseverante em sua determina\u00e7\u00e3o, dedicou-se ent\u00e3o \u00e0 fabrica\u00e7\u00e3o de charutos. Assim, com muito trabalho e economia, Batu\u00edra aumentou suas modestas finan\u00e7as, o que lhe permitiu casar-se com a senhorita Brandina Maria de Jesus, com quem teve um filho, Joaquim Gon\u00e7alves Batu\u00edra, que morreu adulto e casado. Ousado como os grandes empreendedores, investiu seu dinheiro na compra de \u00e1reas desvalorizadas, passando a construir pequenas casas para alugar, tornando-se assim um rico propriet\u00e1rio de terras, cuja riqueza era fruto de muitos anos de trabalho \u00e1rduo e honesto, aliado a uma perseveran\u00e7a inabal\u00e1vel.<\/p>\n\n\n\n<p class=\"has-black-color has-text-color has-link-color has-small-font-size wp-elements-0685f5817bf493a08515ab7ecf09f376\">Quando tudo parecia estar indo bem, o \u00fanico filho de sua segunda esposa, a Sra. Maria das Dores Coutinho e Silva, morreu quase que repentinamente. Era um menino de doze anos, por quem o casal sentia grande devo\u00e7\u00e3o e afei\u00e7\u00e3o. Esse golpe feriu profundamente aquele lar, que s\u00f3 podia encontrar consolo na reconfortante Doutrina dos Esp\u00edritos. T\u00e3o grande foi a paz que o Espiritismo lhes infundiu, que Batu\u00edra p\u00f4s-se imediatamente a trabalhar, desejando ardentemente que outros companheiros de labuta terrena conhecessem aquela aben\u00e7oada fonte de esperan\u00e7a e que, dentro daquele corpo baixo e robusto, um cora\u00e7\u00e3o de ouro expandisse seus nobres sentimentos de amor ao pr\u00f3ximo.<\/p>\n\n\n\n<p class=\"has-black-color has-text-color has-link-color has-small-font-size wp-elements-e0979197e46316c65a7d0d96829ea2eb\">Em 1889, Batu\u00edra tornou-se o agente exclusivo da revista \u201cReformador\u201d na cidade de S\u00e3o Paulo, cargo que ocupou at\u00e9 1899 ou 1900. Em 6 de abril de 1890, restabeleceu o Grupo Esp\u00edrita Verdade e Luz, um estabelecimento esp\u00edrita que estava \u201cinativo\u201d h\u00e1 muito tempo. Adquiriu, ent\u00e3o, uma pequena tipografia para a divulga\u00e7\u00e3o e propaga\u00e7\u00e3o do Espiritismo, publicando o quinzen\u00e1rio \u201cVerdade e Luz\u201d, que alcan\u00e7ou 15.000 exemplares em 1897, um n\u00famero consider\u00e1vel para a \u00e9poca. Batu\u00edra tamb\u00e9m era m\u00e9dium curador. Realizou centenas de curas f\u00edsicas e espirituais por meio da administra\u00e7\u00e3o de efl\u00favios ou da aplica\u00e7\u00e3o de \u201cpasses magn\u00e9ticos\u201d. Por essa raz\u00e3o, as pessoas que se beneficiavam de Batu\u00edra passaram a cham\u00e1-lo de \u201cM\u00e9dico dos Pobres\u201d, cognome que tamb\u00e9m enaltecia o nome de Adolfo Bezerra de Menezes.<\/p>\n\n\n\n<p class=\"has-black-color has-text-color has-link-color has-small-font-size wp-elements-e95efbd9f48c0c4ee397bb4aa31bc444\">O trabalho de caridade de Batu\u00edra n\u00e3o se limitou a essas manifesta\u00e7\u00f5es de caridade crist\u00e3. Ele foi muito al\u00e9m. Criou Grupos e Centros Esp\u00edritas em S\u00e3o Paulo, Minas Gerais e Rio de Janeiro, que incentivou e auxiliou; realizou confer\u00eancias sobre diversos assuntos doutrin\u00e1rios em in\u00fameras cidades de v\u00e1rios Estados, onde tamb\u00e9m visitou e curou irm\u00e3os sofredores; distribuiu gratuitamente panfletos e folhetos de propaganda do Espiritismo, que ele mesmo imprimiu, e distribuiu milhares de livros por todo o interior. Batu\u00edra, juntamente com outros ilustres confrades, criou em S\u00e3o Paulo, em 24 de maio de 1908, a \u201cUni\u00e3o Esp\u00edrita do Estado de S\u00e3o Paulo\u201d, que federaria todos os centros e grupos existentes no Estado.<\/p>\n\n\n\n<p class=\"has-black-color has-text-color has-link-color has-small-font-size wp-elements-191c5cafd63d446cbf060613b7d7edc4\">Esse foi o bravo trabalhador da Terceira Revela\u00e7\u00e3o, o lutador incans\u00e1vel que nunca se deixou abater pelas agruras da jornada e que foi, inegavelmente, um dos maiores propagandistas do Espiritismo no Brasil. Carregando muitas responsabilidades sobre os ombros, n\u00e3o se sentia, t\u00e3o apegado ao cumprimento de seus deveres, que suas for\u00e7as vitais se esgotavam rapidamente. Uma doen\u00e7a s\u00fabita assaltou seu corpo e, superando todos os recursos m\u00e9dicos, em poucos dias o obrigou a cruzar as fronteiras do al\u00e9m. Na sexta-feira, 22 de janeiro de 1909, por volta da uma hora da manh\u00e3, Ant\u00f4nio Gon\u00e7alves da Silva, Batu\u00edra, faleceu.<\/p>\n<\/div><\/div>\n\n\n\n<div class=\"wp-block-uagb-container uagb-block-4845bd5d alignfull uagb-is-root-container\"><div class=\"uagb-container-inner-blocks-wrap\"><\/div><\/div>\n\n\n\n<div class=\"wp-block-uagb-container uagb-block-894cc7c5 alignfull uagb-is-root-container\"><div class=\"uagb-container-inner-blocks-wrap\"><\/div><\/div>","protected":false},"excerpt":{"rendered":"<p>Ant\u00f4nio Gon\u00e7alves da Silva Ant\u00f4nio Gon\u00e7alves da Silva naci\u00f3 el 19 de marzo de 1839 en Portugal, en la parroquia de \u00c1guas Santas, hoy perteneciente al concejo de Maia. Hijo de humildes campesinos y con s\u00f3lo estudios primarios, vino a Brasil a los 11 a\u00f1os, llegando a Guanabara el 3 de enero de 1850. Durante [&hellip;]<\/p>","protected":false},"author":1,"featured_media":0,"parent":0,"menu_order":0,"comment_status":"closed","ping_status":"closed","template":"","meta":{"_uag_custom_page_level_css":"","site-sidebar-layout":"default","site-content-layout":"","ast-site-content-layout":"default","site-content-style":"default","site-sidebar-style":"default","ast-global-header-display":"","ast-banner-title-visibility":"","ast-main-header-display":"","ast-hfb-above-header-display":"","ast-hfb-below-header-display":"","ast-hfb-mobile-header-display":"","site-post-title":"disabled","ast-breadcrumbs-content":"","ast-featured-img":"","footer-sml-layout":"","theme-transparent-header-meta":"","adv-header-id-meta":"","stick-header-meta":"","header-above-stick-meta":"","header-main-stick-meta":"","header-below-stick-meta":"","astra-migrate-meta-layouts":"set","ast-page-background-enabled":"default","ast-page-background-meta":{"desktop":{"background-color":"var(--ast-global-color-4)","background-image":"","background-repeat":"repeat","background-position":"center center","background-size":"auto","background-attachment":"scroll","background-type":"","background-media":"","overlay-type":"","overlay-color":"","overlay-opacity":"","overlay-gradient":""},"tablet":{"background-color":"","background-image":"","background-repeat":"repeat","background-position":"center center","background-size":"auto","background-attachment":"scroll","background-type":"","background-media":"","overlay-type":"","overlay-color":"","overlay-opacity":"","overlay-gradient":""},"mobile":{"background-color":"","background-image":"","background-repeat":"repeat","background-position":"center center","background-size":"auto","background-attachment":"scroll","background-type":"","background-media":"","overlay-type":"","overlay-color":"","overlay-opacity":"","overlay-gradient":""}},"ast-content-background-meta":{"desktop":{"background-color":"var(--ast-global-color-5)","background-image":"","background-repeat":"repeat","background-position":"center center","background-size":"auto","background-attachment":"scroll","background-type":"","background-media":"","overlay-type":"","overlay-color":"","overlay-opacity":"","overlay-gradient":""},"tablet":{"background-color":"var(--ast-global-color-5)","background-image":"","background-repeat":"repeat","background-position":"center center","background-size":"auto","background-attachment":"scroll","background-type":"","background-media":"","overlay-type":"","overlay-color":"","overlay-opacity":"","overlay-gradient":""},"mobile":{"background-color":"var(--ast-global-color-5)","background-image":"","background-repeat":"repeat","background-position":"center center","background-size":"auto","background-attachment":"scroll","background-type":"","background-media":"","overlay-type":"","overlay-color":"","overlay-opacity":"","overlay-gradient":""}},"footnotes":""},"class_list":["post-6177","page","type-page","status-publish","hentry"],"yoast_head":"<!-- This site is optimized with the Yoast SEO Premium plugin v24.2 (Yoast SEO v24.6) - https:\/\/yoast.com\/wordpress\/plugins\/seo\/ -->\n<title>Ant\u00f4nio Gon\u00e7alves da Silva - Uni\u00f3n Esp\u00edrita<\/title>\n<meta name=\"robots\" content=\"index, follow, max-snippet:-1, max-image-preview:large, max-video-preview:-1\" \/>\n<link rel=\"canonical\" href=\"https:\/\/nuevo-renacer.com\/pt\/antonio-goncalves-da-silva\/\" \/>\n<meta property=\"og:locale\" content=\"pt_BR\" \/>\n<meta property=\"og:type\" content=\"article\" \/>\n<meta property=\"og:title\" content=\"Ant\u00f4nio Gon\u00e7alves da Silva\" \/>\n<meta property=\"og:description\" content=\"Ant\u00f4nio Gon\u00e7alves da Silva Ant\u00f4nio Gon\u00e7alves da Silva naci\u00f3 el 19 de marzo de 1839 en Portugal, en la parroquia de \u00c1guas Santas, hoy perteneciente al concejo de Maia. Hijo de humildes campesinos y con s\u00f3lo estudios primarios, vino a Brasil a los 11 a\u00f1os, llegando a Guanabara el 3 de enero de 1850. Durante [&hellip;]\" \/>\n<meta property=\"og:url\" content=\"https:\/\/nuevo-renacer.com\/pt\/antonio-goncalves-da-silva\/\" \/>\n<meta property=\"og:site_name\" content=\"Uni\u00f3n Esp\u00edrita\" \/>\n<meta property=\"article:publisher\" content=\"https:\/\/www.facebook.com\/groups\/3431398063740829\" \/>\n<meta property=\"og:image\" content=\"https:\/\/nuevo-renacer.com\/wp-content\/uploads\/2024\/11\/unnamed.jpg\" \/>\n\t<meta property=\"og:image:width\" content=\"192\" \/>\n\t<meta property=\"og:image:height\" content=\"257\" \/>\n\t<meta property=\"og:image:type\" content=\"image\/jpeg\" \/>\n<meta name=\"twitter:card\" content=\"summary_large_image\" \/>\n<meta name=\"twitter:label1\" content=\"Est. tempo de leitura\" \/>\n\t<meta name=\"twitter:data1\" content=\"5 minutos\" \/>\n<script type=\"application\/ld+json\" class=\"yoast-schema-graph\">{\"@context\":\"https:\/\/schema.org\",\"@graph\":[{\"@type\":\"WebPage\",\"@id\":\"https:\/\/nuevo-renacer.com\/de\/antonio-goncalves-da-silva\/\",\"url\":\"https:\/\/nuevo-renacer.com\/de\/antonio-goncalves-da-silva\/\",\"name\":\"Ant\u00f4nio Gon\u00e7alves da Silva - Uni\u00f3n Esp\u00edrita\",\"isPartOf\":{\"@id\":\"https:\/\/nuevo-renacer.com\/#website\"},\"primaryImageOfPage\":{\"@id\":\"https:\/\/nuevo-renacer.com\/de\/antonio-goncalves-da-silva\/#primaryimage\"},\"image\":{\"@id\":\"https:\/\/nuevo-renacer.com\/de\/antonio-goncalves-da-silva\/#primaryimage\"},\"thumbnailUrl\":\"https:\/\/nuevo-renacer.com\/wp-content\/uploads\/2024\/11\/unnamed.jpg\",\"datePublished\":\"2024-11-19T13:55:59+00:00\",\"breadcrumb\":{\"@id\":\"https:\/\/nuevo-renacer.com\/de\/antonio-goncalves-da-silva\/#breadcrumb\"},\"inLanguage\":\"pt-BR\",\"potentialAction\":[{\"@type\":\"ReadAction\",\"target\":[\"https:\/\/nuevo-renacer.com\/de\/antonio-goncalves-da-silva\/\"]}]},{\"@type\":\"ImageObject\",\"inLanguage\":\"pt-BR\",\"@id\":\"https:\/\/nuevo-renacer.com\/de\/antonio-goncalves-da-silva\/#primaryimage\",\"url\":\"https:\/\/nuevo-renacer.com\/wp-content\/uploads\/2024\/11\/unnamed.jpg\",\"contentUrl\":\"https:\/\/nuevo-renacer.com\/wp-content\/uploads\/2024\/11\/unnamed.jpg\"},{\"@type\":\"BreadcrumbList\",\"@id\":\"https:\/\/nuevo-renacer.com\/de\/antonio-goncalves-da-silva\/#breadcrumb\",\"itemListElement\":[{\"@type\":\"ListItem\",\"position\":1,\"name\":\"Startseite\",\"item\":\"https:\/\/nuevo-renacer.com\/\"},{\"@type\":\"ListItem\",\"position\":2,\"name\":\"Ant\u00f4nio Gon\u00e7alves da Silva\"}]},{\"@type\":\"WebSite\",\"@id\":\"https:\/\/nuevo-renacer.com\/#website\",\"url\":\"https:\/\/nuevo-renacer.com\/\",\"name\":\"Uni\u00f3n Esp\u00edrita\",\"description\":\"Nuevo Renacer\",\"publisher\":{\"@id\":\"https:\/\/nuevo-renacer.com\/#organization\"},\"potentialAction\":[{\"@type\":\"SearchAction\",\"target\":{\"@type\":\"EntryPoint\",\"urlTemplate\":\"https:\/\/nuevo-renacer.com\/?s={search_term_string}\"},\"query-input\":{\"@type\":\"PropertyValueSpecification\",\"valueRequired\":true,\"valueName\":\"search_term_string\"}}],\"inLanguage\":\"pt-BR\"},{\"@type\":\"Organization\",\"@id\":\"https:\/\/nuevo-renacer.com\/#organization\",\"name\":\"UFEC\",\"url\":\"https:\/\/nuevo-renacer.com\/\",\"logo\":{\"@type\":\"ImageObject\",\"inLanguage\":\"pt-BR\",\"@id\":\"https:\/\/nuevo-renacer.com\/#\/schema\/logo\/image\/\",\"url\":\"https:\/\/nuevo-renacer.com\/wp-content\/uploads\/2024\/05\/cropped-LOGO-TERMINADO1-3-3.png\",\"contentUrl\":\"https:\/\/nuevo-renacer.com\/wp-content\/uploads\/2024\/05\/cropped-LOGO-TERMINADO1-3-3.png\",\"width\":512,\"height\":512,\"caption\":\"UFEC\"},\"image\":{\"@id\":\"https:\/\/nuevo-renacer.com\/#\/schema\/logo\/image\/\"},\"sameAs\":[\"https:\/\/www.facebook.com\/groups\/3431398063740829\"]}]}<\/script>\n<!-- \/ Yoast SEO Premium plugin. -->","yoast_head_json":{"title":"Ant\u00f4nio Gon\u00e7alves da Silva - Uni\u00f3n Esp\u00edrita","robots":{"index":"index","follow":"follow","max-snippet":"max-snippet:-1","max-image-preview":"max-image-preview:large","max-video-preview":"max-video-preview:-1"},"canonical":"https:\/\/nuevo-renacer.com\/pt\/antonio-goncalves-da-silva\/","og_locale":"pt_BR","og_type":"article","og_title":"Ant\u00f4nio Gon\u00e7alves da Silva","og_description":"Ant\u00f4nio Gon\u00e7alves da Silva Ant\u00f4nio Gon\u00e7alves da Silva naci\u00f3 el 19 de marzo de 1839 en Portugal, en la parroquia de \u00c1guas Santas, hoy perteneciente al concejo de Maia. Hijo de humildes campesinos y con s\u00f3lo estudios primarios, vino a Brasil a los 11 a\u00f1os, llegando a Guanabara el 3 de enero de 1850. Durante [&hellip;]","og_url":"https:\/\/nuevo-renacer.com\/pt\/antonio-goncalves-da-silva\/","og_site_name":"Uni\u00f3n Esp\u00edrita","article_publisher":"https:\/\/www.facebook.com\/groups\/3431398063740829","og_image":[{"width":192,"height":257,"url":"https:\/\/nuevo-renacer.com\/wp-content\/uploads\/2024\/11\/unnamed.jpg","type":"image\/jpeg"}],"twitter_card":"summary_large_image","twitter_misc":{"Est. tempo de leitura":"5 minutos"},"schema":{"@context":"https:\/\/schema.org","@graph":[{"@type":"WebPage","@id":"https:\/\/nuevo-renacer.com\/de\/antonio-goncalves-da-silva\/","url":"https:\/\/nuevo-renacer.com\/de\/antonio-goncalves-da-silva\/","name":"Ant\u00f4nio Gon\u00e7alves da Silva - Uni\u00f3n Esp\u00edrita","isPartOf":{"@id":"https:\/\/nuevo-renacer.com\/#website"},"primaryImageOfPage":{"@id":"https:\/\/nuevo-renacer.com\/de\/antonio-goncalves-da-silva\/#primaryimage"},"image":{"@id":"https:\/\/nuevo-renacer.com\/de\/antonio-goncalves-da-silva\/#primaryimage"},"thumbnailUrl":"https:\/\/nuevo-renacer.com\/wp-content\/uploads\/2024\/11\/unnamed.jpg","datePublished":"2024-11-19T13:55:59+00:00","breadcrumb":{"@id":"https:\/\/nuevo-renacer.com\/de\/antonio-goncalves-da-silva\/#breadcrumb"},"inLanguage":"pt-BR","potentialAction":[{"@type":"ReadAction","target":["https:\/\/nuevo-renacer.com\/de\/antonio-goncalves-da-silva\/"]}]},{"@type":"ImageObject","inLanguage":"pt-BR","@id":"https:\/\/nuevo-renacer.com\/de\/antonio-goncalves-da-silva\/#primaryimage","url":"https:\/\/nuevo-renacer.com\/wp-content\/uploads\/2024\/11\/unnamed.jpg","contentUrl":"https:\/\/nuevo-renacer.com\/wp-content\/uploads\/2024\/11\/unnamed.jpg"},{"@type":"BreadcrumbList","@id":"https:\/\/nuevo-renacer.com\/de\/antonio-goncalves-da-silva\/#breadcrumb","itemListElement":[{"@type":"ListItem","position":1,"name":"Startseite","item":"https:\/\/nuevo-renacer.com\/"},{"@type":"ListItem","position":2,"name":"Ant\u00f4nio Gon\u00e7alves da Silva"}]},{"@type":"WebSite","@id":"https:\/\/nuevo-renacer.com\/#website","url":"https:\/\/nuevo-renacer.com\/","name":"Uni\u00f3n Esp\u00edrita","description":"Nuevo Renacer","publisher":{"@id":"https:\/\/nuevo-renacer.com\/#organization"},"potentialAction":[{"@type":"SearchAction","target":{"@type":"EntryPoint","urlTemplate":"https:\/\/nuevo-renacer.com\/?s={search_term_string}"},"query-input":{"@type":"PropertyValueSpecification","valueRequired":true,"valueName":"search_term_string"}}],"inLanguage":"pt-BR"},{"@type":"Organization","@id":"https:\/\/nuevo-renacer.com\/#organization","name":"UFEC","url":"https:\/\/nuevo-renacer.com\/","logo":{"@type":"ImageObject","inLanguage":"pt-BR","@id":"https:\/\/nuevo-renacer.com\/#\/schema\/logo\/image\/","url":"https:\/\/nuevo-renacer.com\/wp-content\/uploads\/2024\/05\/cropped-LOGO-TERMINADO1-3-3.png","contentUrl":"https:\/\/nuevo-renacer.com\/wp-content\/uploads\/2024\/05\/cropped-LOGO-TERMINADO1-3-3.png","width":512,"height":512,"caption":"UFEC"},"image":{"@id":"https:\/\/nuevo-renacer.com\/#\/schema\/logo\/image\/"},"sameAs":["https:\/\/www.facebook.com\/groups\/3431398063740829"]}]}},"uagb_featured_image_src":{"full":false,"thumbnail":false,"medium":false,"medium_large":false,"large":false,"1536x1536":false,"2048x2048":false,"trp-custom-language-flag":false},"uagb_author_info":{"display_name":"adbv0","author_link":"https:\/\/nuevo-renacer.com\/pt\/author\/adbv0\/"},"uagb_comment_info":0,"uagb_excerpt":"Ant\u00f4nio Gon\u00e7alves da Silva Ant\u00f4nio Gon\u00e7alves da Silva naci\u00f3 el 19 de marzo de 1839 en Portugal, en la parroquia de \u00c1guas Santas, hoy perteneciente al concejo de Maia. Hijo de humildes campesinos y con s\u00f3lo estudios primarios, vino a Brasil a los 11 a\u00f1os, llegando a Guanabara el 3 de enero de 1850. Durante&hellip;","jetpack_sharing_enabled":true,"_links":{"self":[{"href":"https:\/\/nuevo-renacer.com\/pt\/wp-json\/wp\/v2\/pages\/6177","targetHints":{"allow":["GET"]}}],"collection":[{"href":"https:\/\/nuevo-renacer.com\/pt\/wp-json\/wp\/v2\/pages"}],"about":[{"href":"https:\/\/nuevo-renacer.com\/pt\/wp-json\/wp\/v2\/types\/page"}],"author":[{"embeddable":true,"href":"https:\/\/nuevo-renacer.com\/pt\/wp-json\/wp\/v2\/users\/1"}],"replies":[{"embeddable":true,"href":"https:\/\/nuevo-renacer.com\/pt\/wp-json\/wp\/v2\/comments?post=6177"}],"version-history":[{"count":1,"href":"https:\/\/nuevo-renacer.com\/pt\/wp-json\/wp\/v2\/pages\/6177\/revisions"}],"predecessor-version":[{"id":6179,"href":"https:\/\/nuevo-renacer.com\/pt\/wp-json\/wp\/v2\/pages\/6177\/revisions\/6179"}],"wp:attachment":[{"href":"https:\/\/nuevo-renacer.com\/pt\/wp-json\/wp\/v2\/media?parent=6177"}],"curies":[{"name":"wp","href":"https:\/\/api.w.org\/{rel}","templated":true}]}}