{"id":6159,"date":"2024-11-18T08:03:14","date_gmt":"2024-11-18T08:03:14","guid":{"rendered":"https:\/\/nuevo-renacer.com\/?page_id=6159"},"modified":"2024-11-18T08:43:31","modified_gmt":"2024-11-18T08:43:31","slug":"edgard-pereira-armond","status":"publish","type":"page","link":"https:\/\/nuevo-renacer.com\/pt\/edgard-pereira-armond\/","title":{"rendered":"Edgard Pereira Armond"},"content":{"rendered":"<div class=\"wp-block-uagb-container uagb-block-2a4189c1 alignfull uagb-is-root-container\"><div class=\"uagb-container-inner-blocks-wrap\">\n<p class=\"has-black-color has-text-color has-link-color has-medium-font-size wp-elements-0a664fcfe20ca0a479aaad355c1672ff\"><strong>Edgard Pereira Armond<\/strong><\/p>\n<\/div><\/div>\n\n\n\n<div class=\"wp-block-uagb-container uagb-block-0bd63844 alignfull uagb-is-root-container\"><div class=\"uagb-container-inner-blocks-wrap\">\n<figure class=\"wp-block-image size-full is-resized\"><img decoding=\"async\" width=\"184\" height=\"238\" src=\"https:\/\/nuevo-renacer.com\/wp-content\/uploads\/2024\/11\/edgarpereiraarmond.jpg\" alt=\"\" class=\"wp-image-6160\" style=\"width:264px;height:auto\" srcset=\"https:\/\/nuevo-renacer.com\/wp-content\/uploads\/2024\/11\/edgarpereiraarmond.jpg 184w, https:\/\/nuevo-renacer.com\/wp-content\/uploads\/2024\/11\/edgarpereiraarmond-9x12.jpg 9w\" sizes=\"(max-width: 184px) 100vw, 184px\" \/><\/figure>\n<\/div><\/div>\n\n\n\n<div class=\"wp-block-uagb-container uagb-block-934d659c alignfull uagb-is-root-container\"><div class=\"uagb-container-inner-blocks-wrap\">\n<p class=\"has-black-color has-text-color has-link-color has-small-font-size wp-elements-7bf129da2a7148c3f373333cc552d468\">Edgard Pereira Armond nasceu em 14 de junho de 1894 em Guaratinguet\u00e1 (Brasil), no Vale do Para\u00edba. De fam\u00edlia humilde, aos 21 anos Armond ingressou na For\u00e7a P\u00fablica de S\u00e3o Paulo, onde iniciou a carreira que lhe daria o t\u00edtulo pelo qual \u00e9 conhecido at\u00e9 hoje: \u201cComandante\u201d.<\/p>\n\n\n\n<p class=\"has-black-color has-text-color has-link-color has-small-font-size wp-elements-8a8aea701cbc78e57e22f87cfae71bbe\">Participou de v\u00e1rios movimentos militares, tomando parte nas revolu\u00e7\u00f5es de 1922 e 1924, onde fez parte das tropas de ocupa\u00e7\u00e3o nas fronteiras do Brasil com o Paraguai e a Argentina. Em 1926, formou-se dentista pela Faculdade de Farm\u00e1cia e Odontologia do Estado de S\u00e3o Paulo.<\/p>\n\n\n\n<div class=\"wp-block-uagb-container uagb-block-b1c912f6\">\n<figure class=\"wp-block-image size-full is-resized\"><img fetchpriority=\"high\" decoding=\"async\" width=\"288\" height=\"410\" src=\"https:\/\/nuevo-renacer.com\/wp-content\/uploads\/2024\/11\/Edgard_Pereira_Armond.jpg\" alt=\"\" class=\"wp-image-6161\" style=\"width:264px\" srcset=\"https:\/\/nuevo-renacer.com\/wp-content\/uploads\/2024\/11\/Edgard_Pereira_Armond.jpg 288w, https:\/\/nuevo-renacer.com\/wp-content\/uploads\/2024\/11\/Edgard_Pereira_Armond-211x300.jpg 211w, https:\/\/nuevo-renacer.com\/wp-content\/uploads\/2024\/11\/Edgard_Pereira_Armond-8x12.jpg 8w\" sizes=\"(max-width: 288px) 100vw, 288px\" \/><\/figure>\n<\/div>\n\n\n\n<p class=\"has-black-color has-text-color has-link-color has-small-font-size wp-elements-f6ba6fb35fbf02d2ec4b696c4076bd02\">Com uma vida profissional agitada, trabalhou na constru\u00e7\u00e3o de uma estrada que ligava as cidades de Paraibuna e S\u00e3o Sebasti\u00e3o.<\/p>\n\n\n\n<p class=\"has-black-color has-text-color has-link-color has-small-font-size wp-elements-e44520f216cdb08e938569b67a389a8c\">Ao mesmo tempo, come\u00e7ou a estudar e a trabalhar com o Espiritismo. Participou de um grupo de estudos e pr\u00e1ticas esp\u00edritas a convite de Canuto de Abreu, visitando v\u00e1rios centros esp\u00edritas nos arredores da capital dedicados exclusivamente \u00e0 pr\u00e1tica de efeitos f\u00edsicos.<\/p>\n\n\n\n<p class=\"has-black-color has-text-color has-link-color has-small-font-size wp-elements-c4db654ad72631ccb4208a18fd727035\">Em 1938, o Comendador sofreu um acidente de carro no Parque Dom Pedro, em S\u00e3o Paulo, no qual quebrou os dois joelhos e sofreu outros ferimentos. Depois de v\u00e1rias cirurgias e muito tratamento, ele ficou praticamente impossibilitado de andar por seis meses.<\/p>\n\n\n\n<p class=\"has-black-color has-text-color has-link-color has-small-font-size wp-elements-4183df1ef904aef21f8b84e0db0749cf\">Em 1939, sendo considerado inapto para o servi\u00e7o militar, foi convidado a assumir o cargo de secret\u00e1rio-geral da Federa\u00e7\u00e3o Esp\u00edrita do Estado de S\u00e3o Paulo, ap\u00f3s reestruturar seu trabalho espiritual.<\/p>\n\n\n\n<p class=\"has-black-color has-text-color has-link-color has-small-font-size wp-elements-e3f82c651985012cb13e30f98a10f367\">Dotado de um car\u00e1ter \u00edntegro e firme e de uma moral elevada, ele abominava a mal\u00edcia, evitando conversas e perguntas vulgares.<\/p>\n\n\n\n<p class=\"has-black-color has-text-color has-link-color has-small-font-size wp-elements-c52112f78f1a88acaa5aad7d8dc2baef\">Como palestrante, tinha um discurso persuasivo, acompanhado de uma linguagem f\u00e1cil, clara e objetiva, que n\u00e3o deixava d\u00favidas sobre o assunto.<\/p>\n\n\n\n<p class=\"has-black-color has-text-color has-link-color has-small-font-size wp-elements-f61e0ff0ea18a17c96f2583ded26422d\">Como escritor, foi um profundo estudioso dos fen\u00f4menos ps\u00edquicos e possu\u00eda amplo conhecimento sobre o tema da mediunidade. Escreveu uma s\u00e9rie de 21 livros did\u00e1ticos, a maioria deles para as escolas que criou e os demais para a Fraternidade dos Disc\u00edpulos de Jesus.<\/p>\n\n\n\n<p class=\"has-black-color has-text-color has-link-color has-small-font-size wp-elements-60df829b4ba92acd2f074950f21ae497\">Para suprir a falta de m\u00e9diuns confi\u00e1veis e treinados na FEESP, foi criado o Grupo Razin, composto por sete membros que come\u00e7aram a trabalhar na Federa\u00e7\u00e3o.<\/p>\n\n\n\n<p class=\"has-black-color has-text-color has-link-color has-small-font-size wp-elements-d41f0c0a9342b591358ecf038b844b5c\">Nas reuni\u00f5es do Grupo Razin ocorreram as primeiras manifesta\u00e7\u00f5es do Esp\u00edrito Ismael, representante de Jesus para a lideran\u00e7a espiritual do Brasil. Tamb\u00e9m foram apresentados Esp\u00edritos valiosos da Fraternidade do Santo Sepulcro e da Fraternidade dos Cruzados. Em seguida, o Comandante foi apresentado ao Esp\u00edrito Razin, com o objetivo de auxili\u00e1-lo na implanta\u00e7\u00e3o da Escola de Aprendizes do Evangelho, que aconteceria em 1950, para que os novos \u201cDisc\u00edpulos de Jesus\u201d fossem preparados por meio do estudo, do trabalho e da disciplina.<\/p>\n\n\n\n<div class=\"wp-block-uagb-container uagb-block-cc60b5b7\">\n<figure class=\"wp-block-image size-full\"><img decoding=\"async\" width=\"466\" height=\"500\" src=\"https:\/\/nuevo-renacer.com\/wp-content\/uploads\/2024\/11\/10292131_544117922383374_1127169631295725294_n-1.jpg\" alt=\"\" class=\"wp-image-6167\" srcset=\"https:\/\/nuevo-renacer.com\/wp-content\/uploads\/2024\/11\/10292131_544117922383374_1127169631295725294_n-1.jpg 466w, https:\/\/nuevo-renacer.com\/wp-content\/uploads\/2024\/11\/10292131_544117922383374_1127169631295725294_n-1-280x300.jpg 280w, https:\/\/nuevo-renacer.com\/wp-content\/uploads\/2024\/11\/10292131_544117922383374_1127169631295725294_n-1-11x12.jpg 11w\" sizes=\"(max-width: 466px) 100vw, 466px\" \/><\/figure>\n<\/div>\n\n\n\n<p class=\"has-black-color has-text-color has-link-color has-small-font-size wp-elements-70bd466c719230d1779a656c370f4f76\">Em 1944, fundou o jornal \u201cO Semeador\u201d e dirigiu o programa de r\u00e1dio \u201cHora Esp\u00edrita\u201d, transmitido pela R\u00e1dio Tupi.<\/p>\n\n\n\n<p class=\"has-black-color has-text-color has-link-color has-small-font-size wp-elements-70e9bd3e6520f8ec9242c1d1d55260de\">Em 1947, Edgard Armond fundou a USE \u2013 Union Sociale Espirite.<\/p>\n\n\n\n<p class=\"has-black-color has-text-color has-link-color has-small-font-size wp-elements-1216af166929e6a8fb3c847aa3c29283\">Em 1950, depois de criar a Escola de Aprendizes do Evangelho, Edgard tamb\u00e9m criou o Curso de M\u00e9diuns, com o objetivo de melhorar o interc\u00e2mbio com o mundo espiritual, e a Fraternidade dos Disc\u00edpulos de Jesus, como um agrupamento de trabalhadores do campo religioso.<\/p>\n\n\n\n<div class=\"wp-block-uagb-container uagb-block-2df4c0d8\">\n<figure class=\"wp-block-image size-full is-resized\"><img loading=\"lazy\" decoding=\"async\" width=\"788\" height=\"720\" src=\"https:\/\/nuevo-renacer.com\/wp-content\/uploads\/2024\/11\/maxresdefault.jpg\" alt=\"\" class=\"wp-image-6163\" style=\"width:264px\" srcset=\"https:\/\/nuevo-renacer.com\/wp-content\/uploads\/2024\/11\/maxresdefault.jpg 788w, https:\/\/nuevo-renacer.com\/wp-content\/uploads\/2024\/11\/maxresdefault-300x274.jpg 300w, https:\/\/nuevo-renacer.com\/wp-content\/uploads\/2024\/11\/maxresdefault-768x702.jpg 768w, https:\/\/nuevo-renacer.com\/wp-content\/uploads\/2024\/11\/maxresdefault-13x12.jpg 13w\" sizes=\"(max-width: 788px) 100vw, 788px\" \/><\/figure>\n<\/div>\n\n\n\n<p class=\"has-black-color has-text-color has-link-color has-small-font-size wp-elements-c363d34780f708a05d141dde7a262078\">Devido a uma doen\u00e7a, o Comandante pediu para deixar a Federa\u00e7\u00e3o em 1967, mas continuou a trabalhar remotamente no campo da publicidade e da organiza\u00e7\u00e3o de centros e organiza\u00e7\u00f5es espiritualistas, inclusive em pa\u00edses estrangeiros.<\/p>\n\n\n\n<p class=\"has-black-color has-text-color has-link-color has-small-font-size wp-elements-3748e8f5b3f6c347cdae482eaee83f3e\">Em 1973, fundou a Alian\u00e7a Esp\u00edrita Evang\u00e9lica, onde, a partir de 1980, colaborou na funda\u00e7\u00e3o do Setor III da Fraternidade dos Disc\u00edpulos de Jesus, dando continuidade \u00e0 Expans\u00e3o do Espiritismo Religioso.<\/p>\n\n\n\n<p class=\"has-black-color has-text-color has-link-color has-small-font-size wp-elements-d313cf726f25fc31fc32451c87c34bb0\">Faleceu em 29 de novembro de 1982, \u00e0s 4h30, no Hospital Osvaldo Cruz, na cidade de S\u00e3o Paulo, ap\u00f3s 88 anos de vida ativa em prol da Doutrina Consoladora dos Esp\u00edritos.<\/p>\n<\/div><\/div>\n\n\n\n<div class=\"wp-block-uagb-container uagb-block-49556843 alignfull uagb-is-root-container\"><div class=\"uagb-container-inner-blocks-wrap\"><\/div><\/div>\n\n\n\n<div class=\"wp-block-uagb-container uagb-block-f0615251 alignfull uagb-is-root-container\"><div class=\"uagb-container-inner-blocks-wrap\"><\/div><\/div>","protected":false},"excerpt":{"rendered":"<p>Edgard Pereira Armond Edgard Pereira Armond naci\u00f3 el 14 de junio de 1894 en Guaratinguet\u00e1 (Brasil), en el valle del Para\u00edba. De familia humilde, a los 21 a\u00f1os Armond ingres\u00f3 en la Fuerza P\u00fablica de S\u00e3o Paulo, donde inici\u00f3 la carrera que le dar\u00eda el t\u00edtulo por el que a\u00fan hoy se le conoce: \u00abComandante\u00bb. [&hellip;]<\/p>","protected":false},"author":1,"featured_media":0,"parent":0,"menu_order":0,"comment_status":"closed","ping_status":"closed","template":"","meta":{"_uag_custom_page_level_css":"","site-sidebar-layout":"default","site-content-layout":"","ast-site-content-layout":"default","site-content-style":"default","site-sidebar-style":"default","ast-global-header-display":"","ast-banner-title-visibility":"","ast-main-header-display":"","ast-hfb-above-header-display":"","ast-hfb-below-header-display":"","ast-hfb-mobile-header-display":"","site-post-title":"disabled","ast-breadcrumbs-content":"","ast-featured-img":"","footer-sml-layout":"","theme-transparent-header-meta":"","adv-header-id-meta":"","stick-header-meta":"","header-above-stick-meta":"","header-main-stick-meta":"","header-below-stick-meta":"","astra-migrate-meta-layouts":"set","ast-page-background-enabled":"default","ast-page-background-meta":{"desktop":{"background-color":"var(--ast-global-color-4)","background-image":"","background-repeat":"repeat","background-position":"center center","background-size":"auto","background-attachment":"scroll","background-type":"","background-media":"","overlay-type":"","overlay-color":"","overlay-opacity":"","overlay-gradient":""},"tablet":{"background-color":"","background-image":"","background-repeat":"repeat","background-position":"center center","background-size":"auto","background-attachment":"scroll","background-type":"","background-media":"","overlay-type":"","overlay-color":"","overlay-opacity":"","overlay-gradient":""},"mobile":{"background-color":"","background-image":"","background-repeat":"repeat","background-position":"center center","background-size":"auto","background-attachment":"scroll","background-type":"","background-media":"","overlay-type":"","overlay-color":"","overlay-opacity":"","overlay-gradient":""}},"ast-content-background-meta":{"desktop":{"background-color":"var(--ast-global-color-5)","background-image":"","background-repeat":"repeat","background-position":"center center","background-size":"auto","background-attachment":"scroll","background-type":"","background-media":"","overlay-type":"","overlay-color":"","overlay-opacity":"","overlay-gradient":""},"tablet":{"background-color":"var(--ast-global-color-5)","background-image":"","background-repeat":"repeat","background-position":"center center","background-size":"auto","background-attachment":"scroll","background-type":"","background-media":"","overlay-type":"","overlay-color":"","overlay-opacity":"","overlay-gradient":""},"mobile":{"background-color":"var(--ast-global-color-5)","background-image":"","background-repeat":"repeat","background-position":"center center","background-size":"auto","background-attachment":"scroll","background-type":"","background-media":"","overlay-type":"","overlay-color":"","overlay-opacity":"","overlay-gradient":""}},"footnotes":""},"class_list":["post-6159","page","type-page","status-publish","hentry"],"yoast_head":"<!-- This site is optimized with the Yoast SEO Premium plugin v24.2 (Yoast SEO v24.6) - https:\/\/yoast.com\/wordpress\/plugins\/seo\/ -->\n<title>Edgard Pereira Armond - Uni\u00f3n Esp\u00edrita<\/title>\n<meta name=\"robots\" content=\"index, follow, max-snippet:-1, max-image-preview:large, max-video-preview:-1\" \/>\n<link rel=\"canonical\" href=\"https:\/\/nuevo-renacer.com\/pt\/edgard-pereira-armond\/\" \/>\n<meta property=\"og:locale\" content=\"pt_BR\" \/>\n<meta property=\"og:type\" content=\"article\" \/>\n<meta property=\"og:title\" content=\"Edgard Pereira Armond\" \/>\n<meta property=\"og:description\" content=\"Edgard Pereira Armond Edgard Pereira Armond naci\u00f3 el 14 de junio de 1894 en Guaratinguet\u00e1 (Brasil), en el valle del Para\u00edba. De familia humilde, a los 21 a\u00f1os Armond ingres\u00f3 en la Fuerza P\u00fablica de S\u00e3o Paulo, donde inici\u00f3 la carrera que le dar\u00eda el t\u00edtulo por el que a\u00fan hoy se le conoce: \u00abComandante\u00bb. [&hellip;]\" \/>\n<meta property=\"og:url\" content=\"https:\/\/nuevo-renacer.com\/pt\/edgard-pereira-armond\/\" \/>\n<meta property=\"og:site_name\" content=\"Uni\u00f3n Esp\u00edrita\" \/>\n<meta property=\"article:publisher\" content=\"https:\/\/www.facebook.com\/groups\/3431398063740829\" \/>\n<meta property=\"article:modified_time\" content=\"2024-11-18T08:43:31+00:00\" \/>\n<meta property=\"og:image\" content=\"https:\/\/nuevo-renacer.com\/wp-content\/uploads\/2024\/11\/edgarpereiraarmond.jpg\" \/>\n\t<meta property=\"og:image:width\" content=\"184\" \/>\n\t<meta property=\"og:image:height\" content=\"238\" \/>\n\t<meta property=\"og:image:type\" content=\"image\/jpeg\" \/>\n<meta name=\"twitter:card\" content=\"summary_large_image\" \/>\n<meta name=\"twitter:label1\" content=\"Est. tempo de leitura\" \/>\n\t<meta name=\"twitter:data1\" content=\"3 minutos\" \/>\n<script type=\"application\/ld+json\" class=\"yoast-schema-graph\">{\"@context\":\"https:\/\/schema.org\",\"@graph\":[{\"@type\":\"WebPage\",\"@id\":\"https:\/\/nuevo-renacer.com\/edgard-pereira-armond\/\",\"url\":\"https:\/\/nuevo-renacer.com\/edgard-pereira-armond\/\",\"name\":\"Edgard Pereira Armond - Uni\u00f3n Esp\u00edrita\",\"isPartOf\":{\"@id\":\"https:\/\/nuevo-renacer.com\/#website\"},\"primaryImageOfPage\":{\"@id\":\"https:\/\/nuevo-renacer.com\/edgard-pereira-armond\/#primaryimage\"},\"image\":{\"@id\":\"https:\/\/nuevo-renacer.com\/edgard-pereira-armond\/#primaryimage\"},\"thumbnailUrl\":\"https:\/\/nuevo-renacer.com\/wp-content\/uploads\/2024\/11\/edgarpereiraarmond.jpg\",\"datePublished\":\"2024-11-18T08:03:14+00:00\",\"dateModified\":\"2024-11-18T08:43:31+00:00\",\"breadcrumb\":{\"@id\":\"https:\/\/nuevo-renacer.com\/edgard-pereira-armond\/#breadcrumb\"},\"inLanguage\":\"pt-BR\",\"potentialAction\":[{\"@type\":\"ReadAction\",\"target\":[\"https:\/\/nuevo-renacer.com\/edgard-pereira-armond\/\"]}]},{\"@type\":\"ImageObject\",\"inLanguage\":\"pt-BR\",\"@id\":\"https:\/\/nuevo-renacer.com\/edgard-pereira-armond\/#primaryimage\",\"url\":\"https:\/\/nuevo-renacer.com\/wp-content\/uploads\/2024\/11\/edgarpereiraarmond.jpg\",\"contentUrl\":\"https:\/\/nuevo-renacer.com\/wp-content\/uploads\/2024\/11\/edgarpereiraarmond.jpg\"},{\"@type\":\"BreadcrumbList\",\"@id\":\"https:\/\/nuevo-renacer.com\/edgard-pereira-armond\/#breadcrumb\",\"itemListElement\":[{\"@type\":\"ListItem\",\"position\":1,\"name\":\"Startseite\",\"item\":\"https:\/\/nuevo-renacer.com\/\"},{\"@type\":\"ListItem\",\"position\":2,\"name\":\"Edgard Pereira Armond\"}]},{\"@type\":\"WebSite\",\"@id\":\"https:\/\/nuevo-renacer.com\/#website\",\"url\":\"https:\/\/nuevo-renacer.com\/\",\"name\":\"Uni\u00f3n Esp\u00edrita\",\"description\":\"Nuevo Renacer\",\"publisher\":{\"@id\":\"https:\/\/nuevo-renacer.com\/#organization\"},\"potentialAction\":[{\"@type\":\"SearchAction\",\"target\":{\"@type\":\"EntryPoint\",\"urlTemplate\":\"https:\/\/nuevo-renacer.com\/?s={search_term_string}\"},\"query-input\":{\"@type\":\"PropertyValueSpecification\",\"valueRequired\":true,\"valueName\":\"search_term_string\"}}],\"inLanguage\":\"pt-BR\"},{\"@type\":\"Organization\",\"@id\":\"https:\/\/nuevo-renacer.com\/#organization\",\"name\":\"UFEC\",\"url\":\"https:\/\/nuevo-renacer.com\/\",\"logo\":{\"@type\":\"ImageObject\",\"inLanguage\":\"pt-BR\",\"@id\":\"https:\/\/nuevo-renacer.com\/#\/schema\/logo\/image\/\",\"url\":\"https:\/\/nuevo-renacer.com\/wp-content\/uploads\/2024\/05\/cropped-LOGO-TERMINADO1-3-3.png\",\"contentUrl\":\"https:\/\/nuevo-renacer.com\/wp-content\/uploads\/2024\/05\/cropped-LOGO-TERMINADO1-3-3.png\",\"width\":512,\"height\":512,\"caption\":\"UFEC\"},\"image\":{\"@id\":\"https:\/\/nuevo-renacer.com\/#\/schema\/logo\/image\/\"},\"sameAs\":[\"https:\/\/www.facebook.com\/groups\/3431398063740829\"]}]}<\/script>\n<!-- \/ Yoast SEO Premium plugin. -->","yoast_head_json":{"title":"Edgard Pereira Armond - Uni\u00f3n Esp\u00edrita","robots":{"index":"index","follow":"follow","max-snippet":"max-snippet:-1","max-image-preview":"max-image-preview:large","max-video-preview":"max-video-preview:-1"},"canonical":"https:\/\/nuevo-renacer.com\/pt\/edgard-pereira-armond\/","og_locale":"pt_BR","og_type":"article","og_title":"Edgard Pereira Armond","og_description":"Edgard Pereira Armond Edgard Pereira Armond naci\u00f3 el 14 de junio de 1894 en Guaratinguet\u00e1 (Brasil), en el valle del Para\u00edba. De familia humilde, a los 21 a\u00f1os Armond ingres\u00f3 en la Fuerza P\u00fablica de S\u00e3o Paulo, donde inici\u00f3 la carrera que le dar\u00eda el t\u00edtulo por el que a\u00fan hoy se le conoce: \u00abComandante\u00bb. [&hellip;]","og_url":"https:\/\/nuevo-renacer.com\/pt\/edgard-pereira-armond\/","og_site_name":"Uni\u00f3n Esp\u00edrita","article_publisher":"https:\/\/www.facebook.com\/groups\/3431398063740829","article_modified_time":"2024-11-18T08:43:31+00:00","og_image":[{"width":184,"height":238,"url":"https:\/\/nuevo-renacer.com\/wp-content\/uploads\/2024\/11\/edgarpereiraarmond.jpg","type":"image\/jpeg"}],"twitter_card":"summary_large_image","twitter_misc":{"Est. tempo de leitura":"3 minutos"},"schema":{"@context":"https:\/\/schema.org","@graph":[{"@type":"WebPage","@id":"https:\/\/nuevo-renacer.com\/edgard-pereira-armond\/","url":"https:\/\/nuevo-renacer.com\/edgard-pereira-armond\/","name":"Edgard Pereira Armond - Uni\u00f3n Esp\u00edrita","isPartOf":{"@id":"https:\/\/nuevo-renacer.com\/#website"},"primaryImageOfPage":{"@id":"https:\/\/nuevo-renacer.com\/edgard-pereira-armond\/#primaryimage"},"image":{"@id":"https:\/\/nuevo-renacer.com\/edgard-pereira-armond\/#primaryimage"},"thumbnailUrl":"https:\/\/nuevo-renacer.com\/wp-content\/uploads\/2024\/11\/edgarpereiraarmond.jpg","datePublished":"2024-11-18T08:03:14+00:00","dateModified":"2024-11-18T08:43:31+00:00","breadcrumb":{"@id":"https:\/\/nuevo-renacer.com\/edgard-pereira-armond\/#breadcrumb"},"inLanguage":"pt-BR","potentialAction":[{"@type":"ReadAction","target":["https:\/\/nuevo-renacer.com\/edgard-pereira-armond\/"]}]},{"@type":"ImageObject","inLanguage":"pt-BR","@id":"https:\/\/nuevo-renacer.com\/edgard-pereira-armond\/#primaryimage","url":"https:\/\/nuevo-renacer.com\/wp-content\/uploads\/2024\/11\/edgarpereiraarmond.jpg","contentUrl":"https:\/\/nuevo-renacer.com\/wp-content\/uploads\/2024\/11\/edgarpereiraarmond.jpg"},{"@type":"BreadcrumbList","@id":"https:\/\/nuevo-renacer.com\/edgard-pereira-armond\/#breadcrumb","itemListElement":[{"@type":"ListItem","position":1,"name":"Startseite","item":"https:\/\/nuevo-renacer.com\/"},{"@type":"ListItem","position":2,"name":"Edgard Pereira Armond"}]},{"@type":"WebSite","@id":"https:\/\/nuevo-renacer.com\/#website","url":"https:\/\/nuevo-renacer.com\/","name":"Uni\u00f3n Esp\u00edrita","description":"Nuevo Renacer","publisher":{"@id":"https:\/\/nuevo-renacer.com\/#organization"},"potentialAction":[{"@type":"SearchAction","target":{"@type":"EntryPoint","urlTemplate":"https:\/\/nuevo-renacer.com\/?s={search_term_string}"},"query-input":{"@type":"PropertyValueSpecification","valueRequired":true,"valueName":"search_term_string"}}],"inLanguage":"pt-BR"},{"@type":"Organization","@id":"https:\/\/nuevo-renacer.com\/#organization","name":"UFEC","url":"https:\/\/nuevo-renacer.com\/","logo":{"@type":"ImageObject","inLanguage":"pt-BR","@id":"https:\/\/nuevo-renacer.com\/#\/schema\/logo\/image\/","url":"https:\/\/nuevo-renacer.com\/wp-content\/uploads\/2024\/05\/cropped-LOGO-TERMINADO1-3-3.png","contentUrl":"https:\/\/nuevo-renacer.com\/wp-content\/uploads\/2024\/05\/cropped-LOGO-TERMINADO1-3-3.png","width":512,"height":512,"caption":"UFEC"},"image":{"@id":"https:\/\/nuevo-renacer.com\/#\/schema\/logo\/image\/"},"sameAs":["https:\/\/www.facebook.com\/groups\/3431398063740829"]}]}},"uagb_featured_image_src":{"full":false,"thumbnail":false,"medium":false,"medium_large":false,"large":false,"1536x1536":false,"2048x2048":false,"trp-custom-language-flag":false},"uagb_author_info":{"display_name":"adbv0","author_link":"https:\/\/nuevo-renacer.com\/pt\/author\/adbv0\/"},"uagb_comment_info":0,"uagb_excerpt":"Edgard Pereira Armond Edgard Pereira Armond naci\u00f3 el 14 de junio de 1894 en Guaratinguet\u00e1 (Brasil), en el valle del Para\u00edba. De familia humilde, a los 21 a\u00f1os Armond ingres\u00f3 en la Fuerza P\u00fablica de S\u00e3o Paulo, donde inici\u00f3 la carrera que le dar\u00eda el t\u00edtulo por el que a\u00fan hoy se le conoce: \u00abComandante\u00bb.&hellip;","jetpack_sharing_enabled":true,"_links":{"self":[{"href":"https:\/\/nuevo-renacer.com\/pt\/wp-json\/wp\/v2\/pages\/6159","targetHints":{"allow":["GET"]}}],"collection":[{"href":"https:\/\/nuevo-renacer.com\/pt\/wp-json\/wp\/v2\/pages"}],"about":[{"href":"https:\/\/nuevo-renacer.com\/pt\/wp-json\/wp\/v2\/types\/page"}],"author":[{"embeddable":true,"href":"https:\/\/nuevo-renacer.com\/pt\/wp-json\/wp\/v2\/users\/1"}],"replies":[{"embeddable":true,"href":"https:\/\/nuevo-renacer.com\/pt\/wp-json\/wp\/v2\/comments?post=6159"}],"version-history":[{"count":7,"href":"https:\/\/nuevo-renacer.com\/pt\/wp-json\/wp\/v2\/pages\/6159\/revisions"}],"predecessor-version":[{"id":6175,"href":"https:\/\/nuevo-renacer.com\/pt\/wp-json\/wp\/v2\/pages\/6159\/revisions\/6175"}],"wp:attachment":[{"href":"https:\/\/nuevo-renacer.com\/pt\/wp-json\/wp\/v2\/media?parent=6159"}],"curies":[{"name":"wp","href":"https:\/\/api.w.org\/{rel}","templated":true}]}}