{"id":6013,"date":"2024-11-11T10:48:55","date_gmt":"2024-11-11T10:48:55","guid":{"rendered":"https:\/\/nuevo-renacer.com\/?page_id=6013"},"modified":"2024-11-11T10:52:13","modified_gmt":"2024-11-11T10:52:13","slug":"pedro-de-camargo-vinicius","status":"publish","type":"page","link":"https:\/\/nuevo-renacer.com\/pt\/pedro-de-camargo-vinicius\/","title":{"rendered":"Pedro de Camargo Vin\u00edcius"},"content":{"rendered":"<div class=\"wp-block-uagb-container uagb-block-1782734c alignfull uagb-is-root-container\"><div class=\"uagb-container-inner-blocks-wrap\">\n<p class=\"has-black-color has-text-color has-link-color has-medium-font-size wp-elements-b7c888b21afc5815eb05a51f55ac7f40\"><strong>Pedro de Camargo Vin\u00edcius<\/strong><\/p>\n<\/div><\/div>\n\n\n\n<div class=\"wp-block-uagb-container uagb-block-9ee14697 alignfull uagb-is-root-container\"><div class=\"uagb-container-inner-blocks-wrap\">\n<figure class=\"wp-block-image size-full is-resized\"><img fetchpriority=\"high\" decoding=\"async\" width=\"286\" height=\"399\" src=\"https:\/\/nuevo-renacer.com\/wp-content\/uploads\/2024\/11\/1201467876-300-5b703b22-1.jpg\" alt=\"\" class=\"wp-image-6015\" style=\"width:248px;height:auto\" srcset=\"https:\/\/nuevo-renacer.com\/wp-content\/uploads\/2024\/11\/1201467876-300-5b703b22-1.jpg 286w, https:\/\/nuevo-renacer.com\/wp-content\/uploads\/2024\/11\/1201467876-300-5b703b22-1-215x300.jpg 215w, https:\/\/nuevo-renacer.com\/wp-content\/uploads\/2024\/11\/1201467876-300-5b703b22-1-9x12.jpg 9w\" sizes=\"(max-width: 286px) 100vw, 286px\" \/><\/figure>\n<\/div><\/div>\n\n\n\n<div class=\"wp-block-uagb-container uagb-block-ee82ed41 alignfull uagb-is-root-container\"><div class=\"uagb-container-inner-blocks-wrap\">\n<p class=\"has-black-color has-text-color has-link-color has-small-font-size wp-elements-7efc97408e494cce64d6f46ab5e10897\">Pedro de Camargo Vin\u00edcius \u201cO Grande Vin\u00edcius\u201d O Maior Expositor do Evangelho \u00e0 Luz do Espiritismo em nasceu em 7 de maio de 1878, na cidade de Piracicaba, Estado de S\u00e3o Paulo, Brasil. faleceu em 11 de outubro de 1966, na cidade de S\u00e3o Paulo.<\/p>\n\n\n\n<p class=\"has-black-color has-text-color has-link-color has-small-font-size wp-elements-f18b032ed16e140d13ea4dab61c56c0b\">Seus primeiros anos de escolaridade foram passados no Col\u00e9gio Piracicabano, de orienta\u00e7\u00e3o metodista, fundado nos Estados Unidos. A diretora da \u00e9poca era a mission\u00e1ria Martha H. Watts, de quem Pedro de Camargo sempre teve boas lembran\u00e7as e grande admira\u00e7\u00e3o. As palavras a seguir foram extra\u00eddas de um artigo que ele escreveu por ocasi\u00e3o do desencarne da mission\u00e1ria nos Estados Unidos: \u201cSempre que havia oportunidade de inculcar princ\u00edpios de virtude e regras de moralidade, era quando ela se mostrava admir\u00e1vel, demonstrando a rara e excepcional compet\u00eancia com que fora dotada para o desempenho de t\u00e3o sublime miss\u00e3o.<\/p>\n\n\n\n<p class=\"has-black-color has-text-color has-link-color has-small-font-size wp-elements-f462c04ac490127ec2c27c27026e8d57\">Lembro-me bem de que ningu\u00e9m, ao redor da Srta. Watts, era capaz de mentir ou dissimular; as travessuras e artimanhas, cuidadosamente ocultas, eram-lhe fielmente narradas quando ela nos interrogava, tal era o imp\u00e9rio que ela sabia exercer sobre n\u00f3s, nunca usando outro meio sen\u00e3o a for\u00e7a do bem e a devo\u00e7\u00e3o com que exercia seu sagrado sacerd\u00f3cio. A sociedade de Piracicaba lhe deve muito; seus ex-alunos lhe devem muito; eu lhe devo muito\u201d (...)<\/p>\n\n\n\n<p class=\"has-black-color has-text-color has-link-color has-small-font-size wp-elements-27ac627e6f0296e5cff153fe6def1dee\">Os estudos b\u00edblicos eram met\u00f3dicos no Col\u00e9gio Piracicabano, de modo que Pedro de Camargo se tornou um dos maiores entusiastas do assunto, tornando-se mais tarde uma das maiores autoridades em exegese evang\u00e9lica.<\/p>\n\n\n\n<p class=\"has-black-color has-text-color has-link-color has-small-font-size wp-elements-b2802d0dc3629751a545694ab9bdd796\">Em 1904, foi fundada em Piracicaba a primeira institui\u00e7\u00e3o espiritista da cidade, com o nome de \u201cIgreja Esp\u00edrita Fora da Caridade n\u00e3o h\u00e1 Salva\u00e7\u00e3o\u201d. Entre seus fundadores estava a vener\u00e1vel figura de Jo\u00e3o Le\u00e3o Pitta. O funcionamento dessa tradicional institui\u00e7\u00e3o rendeu a esse pioneiro uma s\u00e9rie de persegui\u00e7\u00f5es inspiradas em outras organiza\u00e7\u00f5es religiosas, a ponto de n\u00e3o conseguir sequer um emprego, t\u00e3o necess\u00e1rio para o sustento de sua fam\u00edlia, que o deixou \u00e0 beira da mis\u00e9ria por mais de um ano.<\/p>\n\n\n\n<div class=\"wp-block-uagb-container uagb-block-6cca2fca\">\n<figure class=\"wp-block-image size-full is-resized\"><img decoding=\"async\" width=\"415\" height=\"311\" src=\"https:\/\/nuevo-renacer.com\/wp-content\/uploads\/2024\/11\/capa.jpg\" alt=\"\" class=\"wp-image-6019\" style=\"width:268px;height:auto\" srcset=\"https:\/\/nuevo-renacer.com\/wp-content\/uploads\/2024\/11\/capa.jpg 415w, https:\/\/nuevo-renacer.com\/wp-content\/uploads\/2024\/11\/capa-300x225.jpg 300w, https:\/\/nuevo-renacer.com\/wp-content\/uploads\/2024\/11\/capa-16x12.jpg 16w\" sizes=\"(max-width: 415px) 100vw, 415px\" \/><figcaption class=\"wp-element-caption\">Institui\u00e7\u00e3o esp\u00edrita \u00abLa Iglesia espiritista Sin caridad no hay salvaci\u00f3n\u00bb.<\/figcaption><\/figure>\n<\/div>\n\n\n\n<p class=\"has-black-color has-text-color has-link-color has-small-font-size wp-elements-cfe296a2f1a9a9068b80600ed325dcd7\">Um ano depois, em 1905, Pedro de Camargo se interessou pelo Espiritismo, pois encontrou nele a solu\u00e7\u00e3o para tudo o que seu esp\u00edrito desconhecia. (...) Durante cerca de trinta anos, Pedro de Camargo realizou um trabalho prof\u00edcuo e intenso em sua cidade natal, divulgando as verdades evang\u00e9licas \u00e0 luz da Doutrina Esp\u00edrita. Naquela \u00e9poca, adotou o pseud\u00f4nimo de Vin\u00edcius; suas palestras eram taquigrafadas e depois amplamente divulgadas, fazendo com que sua fama se espalhasse por toda a vizinhan\u00e7a.<\/p>\n\n\n\n<p class=\"has-black-color has-text-color has-link-color has-small-font-size wp-elements-2ba464d0d1a0b091019ddc2ac6319da2\">Em 1938, mudou-se para a cidade de S\u00e3o Paulo. L\u00e1, substituiu Moreira Machado na presid\u00eancia da Uni\u00e3o Federativa Esp\u00edrita de S\u00e3o Paulo e, juntamente com Thietre Diniz Cintra, fundou uma escola para a evangeliza\u00e7\u00e3o de crian\u00e7as e jovens, tendo elaborado normas e diretrizes para esse tipo de educa\u00e7\u00e3o.<\/p>\n\n\n\n<p class=\"has-black-color has-text-color has-link-color has-small-font-size wp-elements-9be1d8c06b2497b048426d63c2c1ab27\">Em 1939, tornou-se um dos diretores do Programa Radiof\u00f4nico Evang\u00e9lico Esp\u00edrita do Brasil, transmitido diariamente pela R\u00e1dio Educadora, em S\u00e3o Paulo. Em 31 de mar\u00e7o de 1940, quando a Uni\u00e3o Federativa Esp\u00edrita Paulista fundou a R\u00e1dio Piratininga, uma emissora nitidamente esp\u00edrita, Vin\u00edcius foi eleito seu 4\u00ba diretor-superintendente e, juntamente com outras figuras do espiritismo paulista, dirigiu a emissora e seu programa esp\u00edrita di\u00e1rio at\u00e9 1942.<\/p>\n\n\n\n<p class=\"has-black-color has-text-color has-link-color has-small-font-size wp-elements-d66cd14a4724e27695cb29c6d8761b84\">Naquela \u00e9poca, Vin\u00edcius j\u00e1 havia se filiado \u00e0 Federa\u00e7\u00e3o Esp\u00edrita do Estado de S\u00e3o Paulo, tornando-se um de seus conselheiros e introduzindo suas \u201cTert\u00falias Evang\u00e9licas\u201d, realizadas todos os domingos pela manh\u00e3, com apreci\u00e1vel comparecimento que invariavelmente lotava seu sal\u00e3o. Durante muitos anos, foi delegado da Federa\u00e7\u00e3o Esp\u00edrita Brasileira em S\u00e3o Paulo, representando-a em todos os eventos em que sua presen\u00e7a se fazia necess\u00e1ria.<\/p>\n\n\n\n<p class=\"has-black-color has-text-color has-link-color has-small-font-size wp-elements-d2e0a19b6a35960a3186b94eb9af367e\">Quando, em mar\u00e7o de 1944, a Federa\u00e7\u00e3o Esp\u00edrita do Estado de S\u00e3o Paulo lan\u00e7ou o jornal \u201cO Semeador\u201d, Vin\u00edcius foi nomeado seu diretor-gerente, cargo que ocupou por mais de uma d\u00e9cada, dando ao jornal sua habitual colabora\u00e7\u00e3o.<\/p>\n\n\n\n<p class=\"has-black-color has-text-color has-link-color has-small-font-size wp-elements-bf28932526ab08b67d92a875d3a94653\">Em outubro de 1949, juntamente com Carlos Jord\u00e3o da Silva, fez parte da representa\u00e7\u00e3o do Estado de S\u00e3o Paulo no II Congresso Esp\u00edrita Pan-Americano, conclave de grande repercuss\u00e3o realizado no Rio de Janeiro. Por ocasi\u00e3o desse evento, reuniram-se na antiga Capital Federal v\u00e1rios representantes de organiza\u00e7\u00f5es esp\u00edritas de n\u00edvel estadual, que, em um lance de sorte, conseguiram materializar o sonho de muitos pioneiros esp\u00edritas, criando o Conselho Federativo Nacional e assinando o famoso Pacto \u00c1ureo de Unifica\u00e7\u00e3o. Pedro de Camargo foi um dos signat\u00e1rios desse importante instrumento de pacifica\u00e7\u00e3o esp\u00edrita nacional, em 5 de outubro de 1949.<\/p>\n\n\n\n<p class=\"has-black-color has-text-color has-link-color has-small-font-size wp-elements-8b2995a6082a0c58bf84503abbcbb9e3\">Vin\u00edcius foi um colaborador regular de in\u00fameras organiza\u00e7\u00f5es espiritistas. Sua bibliografia inclui os livros: \u201cEm torno do Mestre\u201d, \u201cNa Seara do Mestre\u201d, \u201cNas Pegadas do Mestre\u201d, \u201cNa Escola do Mestre\u201d, \u201cO Mestre na Educa\u00e7\u00e3o\u201d e \u201cEm Busca do Mestre\u201d, obras de not\u00e1vel relev\u00e2ncia no campo da divulga\u00e7\u00e3o evang\u00e9lico-doutrin\u00e1ria.<\/p>\n\n\n\n<p class=\"has-black-color has-text-color has-link-color has-small-font-size wp-elements-84ef5c53dedddca1de926e4677330c24\">Sua a\u00e7\u00e3o foi fortemente sentida quando se cogitou a funda\u00e7\u00e3o de uma institui\u00e7\u00e3o educacional espiritista. Ele lutou por esse ideal durante muitos anos. Alegrou-se com a funda\u00e7\u00e3o do Centro Educacional Pestalozzi, na cidade de Fran\u00e7a, mas seu sonho se tornou realidade quando fundou o \u201cInstituto Esp\u00edrita de Educa\u00e7\u00e3o\u201d, do qual foi presidente. Como parte desse instituto, foi fundado o \u201cExternato Hil\u00e1rio Ribeiro\u201d, do qual foi diretor at\u00e9 1962.<\/p>\n\n\n\n<p class=\"has-black-color has-text-color has-link-color has-small-font-size wp-elements-a29418bfbd8c48dcb4f7311e2f1c23c5\">Paralelamente a todas essas atividades, Pedro de Camargo era conferencista regular em institui\u00e7\u00f5es espiritistas, especialmente nas da capital do Estado, tornando-se um dos oradores mais requisitados e que sempre conseguia atrair as maiores plateias. Homem de car\u00e1ter impec\u00e1vel, comedido em suas atitudes e de moral irrepreens\u00edvel, tornou-se, de fato e de direito, um verdadeiro porta-bandeira do movimento esp\u00edrita. Quando seu nome aparecia \u00e0 frente de qualquer organiza\u00e7\u00e3o, impunha confian\u00e7a e respeito, dada a proje\u00e7\u00e3o incontest\u00e1vel de seu nome e sua qualidade de defensor do bem e das causas nobres.<\/p>\n\n\n\n<p class=\"has-black-color has-text-color has-link-color has-small-font-size wp-elements-a8ec7b88f8f60aec028d5baa86db9ba2\">Vinicius tamb\u00e9m desempenhou um papel not\u00e1vel no campo da assist\u00eancia social espiritista, mas seu trabalho em prol do esclarecimento evang\u00e9lico-doutrin\u00e1rio, essencial para a ilumina\u00e7\u00e3o interior dos homens, ocupou um lugar de destaque.<\/p>\n\n\n\n<p class=\"has-black-color has-text-color has-link-color has-small-font-size wp-elements-49d4603a52b37873250fcde9a5c76ebe\">Pedro de Camargo Vin\u00edcius faleceu em 11 de outubro de 1966, na cidade de S\u00e3o Paulo.<\/p>\n<\/div><\/div>\n\n\n\n<div class=\"wp-block-uagb-container uagb-block-028e65cd alignfull uagb-is-root-container\"><div class=\"uagb-container-inner-blocks-wrap\"><\/div><\/div>\n\n\n\n<div class=\"wp-block-uagb-container uagb-block-f8a07a72 alignfull uagb-is-root-container\"><div class=\"uagb-container-inner-blocks-wrap\"><\/div><\/div>","protected":false},"excerpt":{"rendered":"<p>Pedro de Camargo Vin\u00edcius Pedro de Camargo Vin\u00edcius \u00abEl Gran Vin\u00edcius\u00bb El Mayor Expositor del Evangelio a la Luz del Espiritismo en nacio el 7 de mayo de 1878, en la ciudad de Piracicaba, Estado de S\u00e3o Paulo, Brasil. &nbsp;fallecido el 11 de octubre de 1966, en la ciudad de S\u00e3o Paulo. Sus primeros a\u00f1os [&hellip;]<\/p>","protected":false},"author":1,"featured_media":0,"parent":0,"menu_order":0,"comment_status":"closed","ping_status":"closed","template":"","meta":{"_uag_custom_page_level_css":"","site-sidebar-layout":"default","site-content-layout":"","ast-site-content-layout":"default","site-content-style":"default","site-sidebar-style":"default","ast-global-header-display":"","ast-banner-title-visibility":"","ast-main-header-display":"","ast-hfb-above-header-display":"","ast-hfb-below-header-display":"","ast-hfb-mobile-header-display":"","site-post-title":"disabled","ast-breadcrumbs-content":"","ast-featured-img":"","footer-sml-layout":"","theme-transparent-header-meta":"","adv-header-id-meta":"","stick-header-meta":"","header-above-stick-meta":"","header-main-stick-meta":"","header-below-stick-meta":"","astra-migrate-meta-layouts":"set","ast-page-background-enabled":"default","ast-page-background-meta":{"desktop":{"background-color":"var(--ast-global-color-4)","background-image":"","background-repeat":"repeat","background-position":"center center","background-size":"auto","background-attachment":"scroll","background-type":"","background-media":"","overlay-type":"","overlay-color":"","overlay-opacity":"","overlay-gradient":""},"tablet":{"background-color":"","background-image":"","background-repeat":"repeat","background-position":"center center","background-size":"auto","background-attachment":"scroll","background-type":"","background-media":"","overlay-type":"","overlay-color":"","overlay-opacity":"","overlay-gradient":""},"mobile":{"background-color":"","background-image":"","background-repeat":"repeat","background-position":"center center","background-size":"auto","background-attachment":"scroll","background-type":"","background-media":"","overlay-type":"","overlay-color":"","overlay-opacity":"","overlay-gradient":""}},"ast-content-background-meta":{"desktop":{"background-color":"var(--ast-global-color-5)","background-image":"","background-repeat":"repeat","background-position":"center center","background-size":"auto","background-attachment":"scroll","background-type":"","background-media":"","overlay-type":"","overlay-color":"","overlay-opacity":"","overlay-gradient":""},"tablet":{"background-color":"var(--ast-global-color-5)","background-image":"","background-repeat":"repeat","background-position":"center center","background-size":"auto","background-attachment":"scroll","background-type":"","background-media":"","overlay-type":"","overlay-color":"","overlay-opacity":"","overlay-gradient":""},"mobile":{"background-color":"var(--ast-global-color-5)","background-image":"","background-repeat":"repeat","background-position":"center center","background-size":"auto","background-attachment":"scroll","background-type":"","background-media":"","overlay-type":"","overlay-color":"","overlay-opacity":"","overlay-gradient":""}},"footnotes":""},"class_list":["post-6013","page","type-page","status-publish","hentry"],"yoast_head":"<!-- This site is optimized with the Yoast SEO Premium plugin v24.2 (Yoast SEO v24.6) - https:\/\/yoast.com\/wordpress\/plugins\/seo\/ -->\n<title>Pedro de Camargo Vin\u00edcius - Uni\u00f3n Esp\u00edrita<\/title>\n<meta name=\"robots\" content=\"index, follow, max-snippet:-1, max-image-preview:large, max-video-preview:-1\" \/>\n<link rel=\"canonical\" href=\"https:\/\/nuevo-renacer.com\/pt\/pedro-de-camargo-vinicius\/\" \/>\n<meta property=\"og:locale\" content=\"pt_BR\" \/>\n<meta property=\"og:type\" content=\"article\" \/>\n<meta property=\"og:title\" content=\"Pedro de Camargo Vin\u00edcius\" \/>\n<meta property=\"og:description\" content=\"Pedro de Camargo Vin\u00edcius Pedro de Camargo Vin\u00edcius \u00abEl Gran Vin\u00edcius\u00bb El Mayor Expositor del Evangelio a la Luz del Espiritismo en nacio el 7 de mayo de 1878, en la ciudad de Piracicaba, Estado de S\u00e3o Paulo, Brasil. &nbsp;fallecido el 11 de octubre de 1966, en la ciudad de S\u00e3o Paulo. Sus primeros a\u00f1os [&hellip;]\" \/>\n<meta property=\"og:url\" content=\"https:\/\/nuevo-renacer.com\/pt\/pedro-de-camargo-vinicius\/\" \/>\n<meta property=\"og:site_name\" content=\"Uni\u00f3n Esp\u00edrita\" \/>\n<meta property=\"article:publisher\" content=\"https:\/\/www.facebook.com\/groups\/3431398063740829\" \/>\n<meta property=\"article:modified_time\" content=\"2024-11-11T10:52:13+00:00\" \/>\n<meta property=\"og:image\" content=\"https:\/\/nuevo-renacer.com\/wp-content\/uploads\/2024\/11\/1201467876-300-5b703b22-1.jpg\" \/>\n\t<meta property=\"og:image:width\" content=\"286\" \/>\n\t<meta property=\"og:image:height\" content=\"399\" \/>\n\t<meta property=\"og:image:type\" content=\"image\/jpeg\" \/>\n<meta name=\"twitter:card\" content=\"summary_large_image\" \/>\n<meta name=\"twitter:label1\" content=\"Est. tempo de leitura\" \/>\n\t<meta name=\"twitter:data1\" content=\"6 minutos\" \/>\n<script type=\"application\/ld+json\" class=\"yoast-schema-graph\">{\"@context\":\"https:\/\/schema.org\",\"@graph\":[{\"@type\":\"WebPage\",\"@id\":\"https:\/\/nuevo-renacer.com\/fr\/pedro-de-camargo-vinicius\/\",\"url\":\"https:\/\/nuevo-renacer.com\/fr\/pedro-de-camargo-vinicius\/\",\"name\":\"Pedro de Camargo Vin\u00edcius - Uni\u00f3n Esp\u00edrita\",\"isPartOf\":{\"@id\":\"https:\/\/nuevo-renacer.com\/#website\"},\"primaryImageOfPage\":{\"@id\":\"https:\/\/nuevo-renacer.com\/fr\/pedro-de-camargo-vinicius\/#primaryimage\"},\"image\":{\"@id\":\"https:\/\/nuevo-renacer.com\/fr\/pedro-de-camargo-vinicius\/#primaryimage\"},\"thumbnailUrl\":\"https:\/\/nuevo-renacer.com\/wp-content\/uploads\/2024\/11\/1201467876-300-5b703b22-1.jpg\",\"datePublished\":\"2024-11-11T10:48:55+00:00\",\"dateModified\":\"2024-11-11T10:52:13+00:00\",\"breadcrumb\":{\"@id\":\"https:\/\/nuevo-renacer.com\/fr\/pedro-de-camargo-vinicius\/#breadcrumb\"},\"inLanguage\":\"pt-BR\",\"potentialAction\":[{\"@type\":\"ReadAction\",\"target\":[\"https:\/\/nuevo-renacer.com\/fr\/pedro-de-camargo-vinicius\/\"]}]},{\"@type\":\"ImageObject\",\"inLanguage\":\"pt-BR\",\"@id\":\"https:\/\/nuevo-renacer.com\/fr\/pedro-de-camargo-vinicius\/#primaryimage\",\"url\":\"https:\/\/nuevo-renacer.com\/wp-content\/uploads\/2024\/11\/1201467876-300-5b703b22-1.jpg\",\"contentUrl\":\"https:\/\/nuevo-renacer.com\/wp-content\/uploads\/2024\/11\/1201467876-300-5b703b22-1.jpg\"},{\"@type\":\"BreadcrumbList\",\"@id\":\"https:\/\/nuevo-renacer.com\/fr\/pedro-de-camargo-vinicius\/#breadcrumb\",\"itemListElement\":[{\"@type\":\"ListItem\",\"position\":1,\"name\":\"Startseite\",\"item\":\"https:\/\/nuevo-renacer.com\/\"},{\"@type\":\"ListItem\",\"position\":2,\"name\":\"Pedro de Camargo Vin\u00edcius\"}]},{\"@type\":\"WebSite\",\"@id\":\"https:\/\/nuevo-renacer.com\/#website\",\"url\":\"https:\/\/nuevo-renacer.com\/\",\"name\":\"Uni\u00f3n Esp\u00edrita\",\"description\":\"Nuevo Renacer\",\"publisher\":{\"@id\":\"https:\/\/nuevo-renacer.com\/#organization\"},\"potentialAction\":[{\"@type\":\"SearchAction\",\"target\":{\"@type\":\"EntryPoint\",\"urlTemplate\":\"https:\/\/nuevo-renacer.com\/?s={search_term_string}\"},\"query-input\":{\"@type\":\"PropertyValueSpecification\",\"valueRequired\":true,\"valueName\":\"search_term_string\"}}],\"inLanguage\":\"pt-BR\"},{\"@type\":\"Organization\",\"@id\":\"https:\/\/nuevo-renacer.com\/#organization\",\"name\":\"UFEC\",\"url\":\"https:\/\/nuevo-renacer.com\/\",\"logo\":{\"@type\":\"ImageObject\",\"inLanguage\":\"pt-BR\",\"@id\":\"https:\/\/nuevo-renacer.com\/#\/schema\/logo\/image\/\",\"url\":\"https:\/\/nuevo-renacer.com\/wp-content\/uploads\/2024\/05\/cropped-LOGO-TERMINADO1-3-3.png\",\"contentUrl\":\"https:\/\/nuevo-renacer.com\/wp-content\/uploads\/2024\/05\/cropped-LOGO-TERMINADO1-3-3.png\",\"width\":512,\"height\":512,\"caption\":\"UFEC\"},\"image\":{\"@id\":\"https:\/\/nuevo-renacer.com\/#\/schema\/logo\/image\/\"},\"sameAs\":[\"https:\/\/www.facebook.com\/groups\/3431398063740829\"]}]}<\/script>\n<!-- \/ Yoast SEO Premium plugin. -->","yoast_head_json":{"title":"Pedro de Camargo Vin\u00edcius - Uni\u00f3n Esp\u00edrita","robots":{"index":"index","follow":"follow","max-snippet":"max-snippet:-1","max-image-preview":"max-image-preview:large","max-video-preview":"max-video-preview:-1"},"canonical":"https:\/\/nuevo-renacer.com\/pt\/pedro-de-camargo-vinicius\/","og_locale":"pt_BR","og_type":"article","og_title":"Pedro de Camargo Vin\u00edcius","og_description":"Pedro de Camargo Vin\u00edcius Pedro de Camargo Vin\u00edcius \u00abEl Gran Vin\u00edcius\u00bb El Mayor Expositor del Evangelio a la Luz del Espiritismo en nacio el 7 de mayo de 1878, en la ciudad de Piracicaba, Estado de S\u00e3o Paulo, Brasil. &nbsp;fallecido el 11 de octubre de 1966, en la ciudad de S\u00e3o Paulo. Sus primeros a\u00f1os [&hellip;]","og_url":"https:\/\/nuevo-renacer.com\/pt\/pedro-de-camargo-vinicius\/","og_site_name":"Uni\u00f3n Esp\u00edrita","article_publisher":"https:\/\/www.facebook.com\/groups\/3431398063740829","article_modified_time":"2024-11-11T10:52:13+00:00","og_image":[{"width":286,"height":399,"url":"https:\/\/nuevo-renacer.com\/wp-content\/uploads\/2024\/11\/1201467876-300-5b703b22-1.jpg","type":"image\/jpeg"}],"twitter_card":"summary_large_image","twitter_misc":{"Est. tempo de leitura":"6 minutos"},"schema":{"@context":"https:\/\/schema.org","@graph":[{"@type":"WebPage","@id":"https:\/\/nuevo-renacer.com\/fr\/pedro-de-camargo-vinicius\/","url":"https:\/\/nuevo-renacer.com\/fr\/pedro-de-camargo-vinicius\/","name":"Pedro de Camargo Vin\u00edcius - Uni\u00f3n Esp\u00edrita","isPartOf":{"@id":"https:\/\/nuevo-renacer.com\/#website"},"primaryImageOfPage":{"@id":"https:\/\/nuevo-renacer.com\/fr\/pedro-de-camargo-vinicius\/#primaryimage"},"image":{"@id":"https:\/\/nuevo-renacer.com\/fr\/pedro-de-camargo-vinicius\/#primaryimage"},"thumbnailUrl":"https:\/\/nuevo-renacer.com\/wp-content\/uploads\/2024\/11\/1201467876-300-5b703b22-1.jpg","datePublished":"2024-11-11T10:48:55+00:00","dateModified":"2024-11-11T10:52:13+00:00","breadcrumb":{"@id":"https:\/\/nuevo-renacer.com\/fr\/pedro-de-camargo-vinicius\/#breadcrumb"},"inLanguage":"pt-BR","potentialAction":[{"@type":"ReadAction","target":["https:\/\/nuevo-renacer.com\/fr\/pedro-de-camargo-vinicius\/"]}]},{"@type":"ImageObject","inLanguage":"pt-BR","@id":"https:\/\/nuevo-renacer.com\/fr\/pedro-de-camargo-vinicius\/#primaryimage","url":"https:\/\/nuevo-renacer.com\/wp-content\/uploads\/2024\/11\/1201467876-300-5b703b22-1.jpg","contentUrl":"https:\/\/nuevo-renacer.com\/wp-content\/uploads\/2024\/11\/1201467876-300-5b703b22-1.jpg"},{"@type":"BreadcrumbList","@id":"https:\/\/nuevo-renacer.com\/fr\/pedro-de-camargo-vinicius\/#breadcrumb","itemListElement":[{"@type":"ListItem","position":1,"name":"Startseite","item":"https:\/\/nuevo-renacer.com\/"},{"@type":"ListItem","position":2,"name":"Pedro de Camargo Vin\u00edcius"}]},{"@type":"WebSite","@id":"https:\/\/nuevo-renacer.com\/#website","url":"https:\/\/nuevo-renacer.com\/","name":"Uni\u00f3n Esp\u00edrita","description":"Nuevo Renacer","publisher":{"@id":"https:\/\/nuevo-renacer.com\/#organization"},"potentialAction":[{"@type":"SearchAction","target":{"@type":"EntryPoint","urlTemplate":"https:\/\/nuevo-renacer.com\/?s={search_term_string}"},"query-input":{"@type":"PropertyValueSpecification","valueRequired":true,"valueName":"search_term_string"}}],"inLanguage":"pt-BR"},{"@type":"Organization","@id":"https:\/\/nuevo-renacer.com\/#organization","name":"UFEC","url":"https:\/\/nuevo-renacer.com\/","logo":{"@type":"ImageObject","inLanguage":"pt-BR","@id":"https:\/\/nuevo-renacer.com\/#\/schema\/logo\/image\/","url":"https:\/\/nuevo-renacer.com\/wp-content\/uploads\/2024\/05\/cropped-LOGO-TERMINADO1-3-3.png","contentUrl":"https:\/\/nuevo-renacer.com\/wp-content\/uploads\/2024\/05\/cropped-LOGO-TERMINADO1-3-3.png","width":512,"height":512,"caption":"UFEC"},"image":{"@id":"https:\/\/nuevo-renacer.com\/#\/schema\/logo\/image\/"},"sameAs":["https:\/\/www.facebook.com\/groups\/3431398063740829"]}]}},"uagb_featured_image_src":{"full":false,"thumbnail":false,"medium":false,"medium_large":false,"large":false,"1536x1536":false,"2048x2048":false,"trp-custom-language-flag":false},"uagb_author_info":{"display_name":"adbv0","author_link":"https:\/\/nuevo-renacer.com\/pt\/author\/adbv0\/"},"uagb_comment_info":0,"uagb_excerpt":"Pedro de Camargo Vin\u00edcius Pedro de Camargo Vin\u00edcius \u00abEl Gran Vin\u00edcius\u00bb El Mayor Expositor del Evangelio a la Luz del Espiritismo en nacio el 7 de mayo de 1878, en la ciudad de Piracicaba, Estado de S\u00e3o Paulo, Brasil. &nbsp;fallecido el 11 de octubre de 1966, en la ciudad de S\u00e3o Paulo. Sus primeros a\u00f1os&hellip;","jetpack_sharing_enabled":true,"_links":{"self":[{"href":"https:\/\/nuevo-renacer.com\/pt\/wp-json\/wp\/v2\/pages\/6013","targetHints":{"allow":["GET"]}}],"collection":[{"href":"https:\/\/nuevo-renacer.com\/pt\/wp-json\/wp\/v2\/pages"}],"about":[{"href":"https:\/\/nuevo-renacer.com\/pt\/wp-json\/wp\/v2\/types\/page"}],"author":[{"embeddable":true,"href":"https:\/\/nuevo-renacer.com\/pt\/wp-json\/wp\/v2\/users\/1"}],"replies":[{"embeddable":true,"href":"https:\/\/nuevo-renacer.com\/pt\/wp-json\/wp\/v2\/comments?post=6013"}],"version-history":[{"count":4,"href":"https:\/\/nuevo-renacer.com\/pt\/wp-json\/wp\/v2\/pages\/6013\/revisions"}],"predecessor-version":[{"id":6020,"href":"https:\/\/nuevo-renacer.com\/pt\/wp-json\/wp\/v2\/pages\/6013\/revisions\/6020"}],"wp:attachment":[{"href":"https:\/\/nuevo-renacer.com\/pt\/wp-json\/wp\/v2\/media?parent=6013"}],"curies":[{"name":"wp","href":"https:\/\/api.w.org\/{rel}","templated":true}]}}