{"id":6004,"date":"2024-11-11T08:44:57","date_gmt":"2024-11-11T08:44:57","guid":{"rendered":"https:\/\/nuevo-renacer.com\/?page_id=6004"},"modified":"2024-11-11T08:53:45","modified_gmt":"2024-11-11T08:53:45","slug":"francisco-leite-de-bittencourt-sampaio","status":"publish","type":"page","link":"https:\/\/nuevo-renacer.com\/pt\/francisco-leite-de-bittencourt-sampaio\/","title":{"rendered":"Francisco Leite de Bittencourt Sampaio\u00a0"},"content":{"rendered":"<div class=\"wp-block-uagb-container uagb-block-f28f8f62 alignfull uagb-is-root-container\"><div class=\"uagb-container-inner-blocks-wrap\">\n<p class=\"has-black-color has-text-color has-link-color has-medium-font-size wp-elements-b5b06cf7513a39b88e7a6fb0c0066a87\"><strong>Francisco Leite de Bittencourt<\/strong> <strong>Sampaio\u00a0<\/strong><\/p>\n<\/div><\/div>\n\n\n\n<div class=\"wp-block-uagb-container uagb-block-bf518c0c alignfull uagb-is-root-container\"><div class=\"uagb-container-inner-blocks-wrap\">\n<figure class=\"wp-block-image size-full is-resized\"><img fetchpriority=\"high\" decoding=\"async\" width=\"300\" height=\"399\" src=\"https:\/\/nuevo-renacer.com\/wp-content\/uploads\/2024\/11\/1966969560-300-9f1bec88.jpg\" alt=\"\" class=\"wp-image-6005\" style=\"width:262px;height:auto\" srcset=\"https:\/\/nuevo-renacer.com\/wp-content\/uploads\/2024\/11\/1966969560-300-9f1bec88.jpg 300w, https:\/\/nuevo-renacer.com\/wp-content\/uploads\/2024\/11\/1966969560-300-9f1bec88-226x300.jpg 226w, https:\/\/nuevo-renacer.com\/wp-content\/uploads\/2024\/11\/1966969560-300-9f1bec88-9x12.jpg 9w\" sizes=\"(max-width: 300px) 100vw, 300px\" \/><\/figure>\n<\/div><\/div>\n\n\n\n<div class=\"wp-block-uagb-container uagb-block-2c02be8e alignfull uagb-is-root-container\"><div class=\"uagb-container-inner-blocks-wrap\">\n<p class=\"has-black-color has-text-color has-link-color has-small-font-size wp-elements-f7a3a0b872f369adc33ed1e8e1fce20d\">Francisco Leite de Bittencourt Sampaio nasceu em Laranjeiras, Sergipe, em 1\u00ba de fevereiro de 1834. Era filho de um comerciante portugu\u00eas de mesmo nome e de Dona Maria de Sant'Ana Leite Sampaio. Foi jurisconsulto (pessoa com grande conhecimento jur\u00eddico que d\u00e1 consultas e pareceres sobre quest\u00f5es de direito); magistrado; pol\u00edtico; funcion\u00e1rio p\u00fablico; jornalista; literato; poeta l\u00edrico e excelente m\u00e9dium esp\u00edrita.<\/p>\n\n\n\n<p class=\"has-black-color has-text-color has-link-color has-small-font-size wp-elements-b90f7e66ca327fdb82ab6e87d1caf780\">Iniciou seus estudos de direito na Faculdade de Direito de Recife. Em 1856, interrompeu seus estudos para atender aos pacientes da epidemia de c\u00f3lera que devastou a prov\u00edncia de Pernambuco em 1855. Como resultado, foi condecorado pelo Governo Imperial com a Ordem da Rosa, condecora\u00e7\u00e3o que n\u00e3o aceitou por ser incompat\u00edvel com seus ideais pol\u00edticos. Em 1859, formou-se em Direito na Academia de S. Paulo (atual Faculdade de Direito). De 1860 a 1861, trabalhou como promotor p\u00fablico em Itabaiana e Laranjeiras, e como inspetor do distrito liter\u00e1rio de Itabaiana. Em mar\u00e7o de 1861, deixou a prov\u00edncia de Sergipe e se estabeleceu na antiga corte do Rio de Janeiro, onde exerceu a profiss\u00e3o de advogado.<\/p>\n\n\n\n<p class=\"has-black-color has-text-color has-link-color has-small-font-size wp-elements-352163846738bb8e319e7852f4325e56\">Na pol\u00edtica, filiou-se ao Partido Liberal e foi eleito deputado de 1864 a 1866 e de 1867 a 1870. Durante esse \u00faltimo per\u00edodo, foi nomeado Presidente do Esp\u00edrito Santo, exercendo o cargo de 29 de setembro de 1867 a 26 de abril de 1868, quando retornou ao mandato legislativo para o qual havia sido eleito.<\/p>\n\n\n\n<p class=\"has-black-color has-text-color has-link-color has-small-font-size wp-elements-317827f07ebd1168a4cc81828d1e3962\">Em 1870, abra\u00e7ando as ideias republicanas, deixou o partido liberal e tornou-se um fervoroso propagandista da Rep\u00fablica, assinando o \u201cManifesto de 3 de dezembro de 1870\u201d, um importante documento hist\u00f3rico. Como jornalista, era respeitado pelo brilhantismo, eleva\u00e7\u00e3o, sinceridade e firmeza com que apoiava e defendia seus ideais pol\u00edticos.<\/p>\n\n\n\n<p class=\"has-black-color has-text-color has-link-color has-small-font-size wp-elements-174c7080dede05d034bfd6027e5f46e7\">Quando a Rep\u00fablica foi proclamada, ele foi encarregado do invent\u00e1rio de todos os jornais da C\u00e2mara dos Deputados e, pouco depois, da reda\u00e7\u00e3o dos debates da Assembleia Constituinte. Foi o primeiro administrador da Biblioteca Nacional do Rio de Janeiro a ocupar o cargo de diretor.<\/p>\n\n\n\n<p class=\"has-black-color has-text-color has-link-color has-small-font-size wp-elements-f389c9685675f34de2369254803fe049\">N\u00e3o se sabe exatamente quando Bittencourt Sampaio aderiu ao Espiritismo, mas em 2 de agosto de 1873 ele j\u00e1 fazia parte da diretoria do \u201cGrupo Conf\u00facio\u201d, a primeira sociedade esp\u00edrita do Rio de Janeiro. L\u00e1 desenvolveu sua mediunidade, curando muitos pacientes com rem\u00e9dios homeop\u00e1ticos. Parece ter sido atra\u00eddo ao Espiritismo pelos fen\u00f4menos medi\u00fanicos, assunto que estudou a fundo, mas foi o lado moral dessa nova filosofia que mais o impressionou.<\/p>\n\n\n\n<p class=\"has-black-color has-text-color has-link-color has-small-font-size wp-elements-9aaaafa613a1b9976d34e445c6adcccc\">Em 1876, fundou a \u201cSociedade de Estudos Esp\u00edritas Deus, Cristo e Caridade\u201d, presidindo seus trabalhos e incorporando o estudo dos Evangelhos \u00e0 luz do Espiritismo como parte essencial de suas atividades.<\/p>\n\n\n\n<p class=\"has-black-color has-text-color has-link-color has-small-font-size wp-elements-0820412cb0d4160bac76a660bcc27249\">Em 1880, foi fundado o \u201cGrupo Esp\u00edrita Fraternidade\u201d, ao qual Bittencourt Sampaio tamb\u00e9m prestou valiosa colabora\u00e7\u00e3o. O respeitado vulto do Espiritismo no Brasil, Dr. Ant\u00f4nio Lu\u00eds Sai\u00e3o, que se convertera ao Espiritismo gra\u00e7as \u00e0 mediunidade curadora de Bittencourt Sampaio, reuniu ent\u00e3o os m\u00e9diuns da referida Sociedade no \u201cGrupo Ismael\u201d, que ele mesmo criou (e que ainda hoje est\u00e1 em atividade) e onde Bittencourt Sampaio se tornou um dos intermedi\u00e1rios de belas e instrutivas mensagens dos Esp\u00edritos Superiores.<\/p>\n\n\n\n<p class=\"has-black-color has-text-color has-link-color has-small-font-size wp-elements-fc128e354983c485dab777bacedc020e\">Bittencourt Sampaio escreveu \u201cA Epopeia Divina de Jo\u00e3o Evangelista\u201d, publicada em 1882 e \u00fanica no mundo. Trata-se do quarto Evangelho, o de Jo\u00e3o, em verso decassil\u00e1bico. Essa composi\u00e7\u00e3o po\u00e9tica incluiu tamb\u00e9m uma segunda parte, em prosa, na qual cada um dos c\u00e2nticos \u00e9 explicado \u00e0 luz da Revela\u00e7\u00e3o Esp\u00edrita. Essas explica\u00e7\u00f5es s\u00e3o precedidas por um longo pref\u00e1cio no qual a quest\u00e3o da divindade de Jesus \u00e9 discutida em detalhes.<\/p>\n\n\n\n<p class=\"has-black-color has-text-color has-link-color has-small-font-size wp-elements-0179c6acda57f22d6788cd904f2798d6\">Bittencourt Sampaio faleceu em 10 de outubro de 1895, no Rio de Janeiro. A revista \u201cReformador\u201d de 15 de outubro daquele ano relatou que \u201cBittencourt estava se preparando para escrever a Divina Trag\u00e9dia do G\u00f3lgota, quando, fruto maduro, foi colhido pela m\u00e3o do jardineiro celeste\u201d.<\/p>\n\n\n\n<p class=\"has-black-color has-text-color has-link-color has-small-font-size wp-elements-f6b13e087bf0008b8189e3523fe93ac6\">Ap\u00f3s sua desencarna\u00e7\u00e3o, o Esp\u00edrito de Bittencourt Sampaio escreveu, atrav\u00e9s do m\u00e9dium Frederico J\u00fanior, as seguintes obras: \u201cJesus antes do Cristianismo\u201d; \u201cDe Jesus para as Crian\u00e7as\u201d e \u201cDo Calv\u00e1rio ao Apocalipse\u201d.<\/p>\n\n\n\n<p class=\"has-black-color has-text-color has-link-color has-small-font-size wp-elements-ceb9e500009ea2489c96f5c46293eff7\">No livro medi\u00fanico \u201cVoltei\u201d, o irm\u00e3o Jacobo, atrav\u00e9s do m\u00e9dium Francisco C\u00e2ndido Xavier, revela que Bittencourt Sampaio colabora nos planos superiores da Espiritualidade na supervis\u00e3o do Espiritismo evang\u00e9lico no Brasil.<\/p>\n<\/div><\/div>\n\n\n\n<div class=\"wp-block-uagb-container uagb-block-c0edfad7 alignfull uagb-is-root-container\"><div class=\"uagb-container-inner-blocks-wrap\"><\/div><\/div>\n\n\n\n<div class=\"wp-block-uagb-container uagb-block-7b7dc6de alignfull uagb-is-root-container\"><div class=\"uagb-container-inner-blocks-wrap\"><\/div><\/div>","protected":false},"excerpt":{"rendered":"<p>Francisco Leite de Bittencourt Sampaio\u00a0 Francisco Leite de Bittencourt Sampaio naci\u00f3 en Laranjeiras, Sergipe, el 1 de febrero de 1834. Era hijo de un comerciante portugu\u00e9s del mismo nombre y de do\u00f1a Maria de Sant&#8217;Ana Leite Sampaio. Fue jurisconsulto (persona con grandes conocimientos jur\u00eddicos que da consultas y dict\u00e1menes sobre cuestiones de derecho); magistrado; pol\u00edtico; [&hellip;]<\/p>","protected":false},"author":1,"featured_media":0,"parent":0,"menu_order":0,"comment_status":"closed","ping_status":"closed","template":"","meta":{"_uag_custom_page_level_css":"","site-sidebar-layout":"default","site-content-layout":"","ast-site-content-layout":"default","site-content-style":"default","site-sidebar-style":"default","ast-global-header-display":"","ast-banner-title-visibility":"","ast-main-header-display":"","ast-hfb-above-header-display":"","ast-hfb-below-header-display":"","ast-hfb-mobile-header-display":"","site-post-title":"disabled","ast-breadcrumbs-content":"","ast-featured-img":"","footer-sml-layout":"","theme-transparent-header-meta":"","adv-header-id-meta":"","stick-header-meta":"","header-above-stick-meta":"","header-main-stick-meta":"","header-below-stick-meta":"","astra-migrate-meta-layouts":"set","ast-page-background-enabled":"default","ast-page-background-meta":{"desktop":{"background-color":"var(--ast-global-color-4)","background-image":"","background-repeat":"repeat","background-position":"center center","background-size":"auto","background-attachment":"scroll","background-type":"","background-media":"","overlay-type":"","overlay-color":"","overlay-opacity":"","overlay-gradient":""},"tablet":{"background-color":"","background-image":"","background-repeat":"repeat","background-position":"center center","background-size":"auto","background-attachment":"scroll","background-type":"","background-media":"","overlay-type":"","overlay-color":"","overlay-opacity":"","overlay-gradient":""},"mobile":{"background-color":"","background-image":"","background-repeat":"repeat","background-position":"center center","background-size":"auto","background-attachment":"scroll","background-type":"","background-media":"","overlay-type":"","overlay-color":"","overlay-opacity":"","overlay-gradient":""}},"ast-content-background-meta":{"desktop":{"background-color":"var(--ast-global-color-5)","background-image":"","background-repeat":"repeat","background-position":"center center","background-size":"auto","background-attachment":"scroll","background-type":"","background-media":"","overlay-type":"","overlay-color":"","overlay-opacity":"","overlay-gradient":""},"tablet":{"background-color":"var(--ast-global-color-5)","background-image":"","background-repeat":"repeat","background-position":"center center","background-size":"auto","background-attachment":"scroll","background-type":"","background-media":"","overlay-type":"","overlay-color":"","overlay-opacity":"","overlay-gradient":""},"mobile":{"background-color":"var(--ast-global-color-5)","background-image":"","background-repeat":"repeat","background-position":"center center","background-size":"auto","background-attachment":"scroll","background-type":"","background-media":"","overlay-type":"","overlay-color":"","overlay-opacity":"","overlay-gradient":""}},"footnotes":""},"class_list":["post-6004","page","type-page","status-publish","hentry"],"yoast_head":"<!-- This site is optimized with the Yoast SEO Premium plugin v24.2 (Yoast SEO v24.6) - https:\/\/yoast.com\/wordpress\/plugins\/seo\/ -->\n<title>Francisco Leite de Bittencourt Sampaio\u00a0 - Uni\u00f3n Esp\u00edrita<\/title>\n<meta name=\"robots\" content=\"index, follow, max-snippet:-1, max-image-preview:large, max-video-preview:-1\" \/>\n<link rel=\"canonical\" href=\"https:\/\/nuevo-renacer.com\/pt\/francisco-leite-de-bittencourt-sampaio\/\" \/>\n<meta property=\"og:locale\" content=\"pt_BR\" \/>\n<meta property=\"og:type\" content=\"article\" \/>\n<meta property=\"og:title\" content=\"Francisco Leite de Bittencourt Sampaio\u00a0\" \/>\n<meta property=\"og:description\" content=\"Francisco Leite de Bittencourt Sampaio\u00a0 Francisco Leite de Bittencourt Sampaio naci\u00f3 en Laranjeiras, Sergipe, el 1 de febrero de 1834. Era hijo de un comerciante portugu\u00e9s del mismo nombre y de do\u00f1a Maria de Sant&#8217;Ana Leite Sampaio. Fue jurisconsulto (persona con grandes conocimientos jur\u00eddicos que da consultas y dict\u00e1menes sobre cuestiones de derecho); magistrado; pol\u00edtico; [&hellip;]\" \/>\n<meta property=\"og:url\" content=\"https:\/\/nuevo-renacer.com\/pt\/francisco-leite-de-bittencourt-sampaio\/\" \/>\n<meta property=\"og:site_name\" content=\"Uni\u00f3n Esp\u00edrita\" \/>\n<meta property=\"article:publisher\" content=\"https:\/\/www.facebook.com\/groups\/3431398063740829\" \/>\n<meta property=\"article:modified_time\" content=\"2024-11-11T08:53:45+00:00\" \/>\n<meta property=\"og:image\" content=\"https:\/\/nuevo-renacer.com\/wp-content\/uploads\/2024\/11\/1966969560-300-9f1bec88.jpg\" \/>\n\t<meta property=\"og:image:width\" content=\"300\" \/>\n\t<meta property=\"og:image:height\" content=\"399\" \/>\n\t<meta property=\"og:image:type\" content=\"image\/jpeg\" \/>\n<meta name=\"twitter:card\" content=\"summary_large_image\" \/>\n<meta name=\"twitter:label1\" content=\"Est. tempo de leitura\" \/>\n\t<meta name=\"twitter:data1\" content=\"4 minutos\" \/>\n<script type=\"application\/ld+json\" class=\"yoast-schema-graph\">{\"@context\":\"https:\/\/schema.org\",\"@graph\":[{\"@type\":\"WebPage\",\"@id\":\"https:\/\/nuevo-renacer.com\/francisco-leite-de-bittencourt-sampaio\/\",\"url\":\"https:\/\/nuevo-renacer.com\/francisco-leite-de-bittencourt-sampaio\/\",\"name\":\"Francisco Leite de Bittencourt Sampaio\u00a0 - Uni\u00f3n Esp\u00edrita\",\"isPartOf\":{\"@id\":\"https:\/\/nuevo-renacer.com\/#website\"},\"primaryImageOfPage\":{\"@id\":\"https:\/\/nuevo-renacer.com\/francisco-leite-de-bittencourt-sampaio\/#primaryimage\"},\"image\":{\"@id\":\"https:\/\/nuevo-renacer.com\/francisco-leite-de-bittencourt-sampaio\/#primaryimage\"},\"thumbnailUrl\":\"https:\/\/nuevo-renacer.com\/wp-content\/uploads\/2024\/11\/1966969560-300-9f1bec88.jpg\",\"datePublished\":\"2024-11-11T08:44:57+00:00\",\"dateModified\":\"2024-11-11T08:53:45+00:00\",\"breadcrumb\":{\"@id\":\"https:\/\/nuevo-renacer.com\/francisco-leite-de-bittencourt-sampaio\/#breadcrumb\"},\"inLanguage\":\"pt-BR\",\"potentialAction\":[{\"@type\":\"ReadAction\",\"target\":[\"https:\/\/nuevo-renacer.com\/francisco-leite-de-bittencourt-sampaio\/\"]}]},{\"@type\":\"ImageObject\",\"inLanguage\":\"pt-BR\",\"@id\":\"https:\/\/nuevo-renacer.com\/francisco-leite-de-bittencourt-sampaio\/#primaryimage\",\"url\":\"https:\/\/nuevo-renacer.com\/wp-content\/uploads\/2024\/11\/1966969560-300-9f1bec88.jpg\",\"contentUrl\":\"https:\/\/nuevo-renacer.com\/wp-content\/uploads\/2024\/11\/1966969560-300-9f1bec88.jpg\"},{\"@type\":\"BreadcrumbList\",\"@id\":\"https:\/\/nuevo-renacer.com\/francisco-leite-de-bittencourt-sampaio\/#breadcrumb\",\"itemListElement\":[{\"@type\":\"ListItem\",\"position\":1,\"name\":\"Startseite\",\"item\":\"https:\/\/nuevo-renacer.com\/\"},{\"@type\":\"ListItem\",\"position\":2,\"name\":\"Francisco Leite de Bittencourt Sampaio\u00a0\"}]},{\"@type\":\"WebSite\",\"@id\":\"https:\/\/nuevo-renacer.com\/#website\",\"url\":\"https:\/\/nuevo-renacer.com\/\",\"name\":\"Uni\u00f3n Esp\u00edrita\",\"description\":\"Nuevo Renacer\",\"publisher\":{\"@id\":\"https:\/\/nuevo-renacer.com\/#organization\"},\"potentialAction\":[{\"@type\":\"SearchAction\",\"target\":{\"@type\":\"EntryPoint\",\"urlTemplate\":\"https:\/\/nuevo-renacer.com\/?s={search_term_string}\"},\"query-input\":{\"@type\":\"PropertyValueSpecification\",\"valueRequired\":true,\"valueName\":\"search_term_string\"}}],\"inLanguage\":\"pt-BR\"},{\"@type\":\"Organization\",\"@id\":\"https:\/\/nuevo-renacer.com\/#organization\",\"name\":\"UFEC\",\"url\":\"https:\/\/nuevo-renacer.com\/\",\"logo\":{\"@type\":\"ImageObject\",\"inLanguage\":\"pt-BR\",\"@id\":\"https:\/\/nuevo-renacer.com\/#\/schema\/logo\/image\/\",\"url\":\"https:\/\/nuevo-renacer.com\/wp-content\/uploads\/2024\/05\/cropped-LOGO-TERMINADO1-3-3.png\",\"contentUrl\":\"https:\/\/nuevo-renacer.com\/wp-content\/uploads\/2024\/05\/cropped-LOGO-TERMINADO1-3-3.png\",\"width\":512,\"height\":512,\"caption\":\"UFEC\"},\"image\":{\"@id\":\"https:\/\/nuevo-renacer.com\/#\/schema\/logo\/image\/\"},\"sameAs\":[\"https:\/\/www.facebook.com\/groups\/3431398063740829\"]}]}<\/script>\n<!-- \/ Yoast SEO Premium plugin. -->","yoast_head_json":{"title":"Francisco Leite de Bittencourt Sampaio\u00a0 - Uni\u00f3n Esp\u00edrita","robots":{"index":"index","follow":"follow","max-snippet":"max-snippet:-1","max-image-preview":"max-image-preview:large","max-video-preview":"max-video-preview:-1"},"canonical":"https:\/\/nuevo-renacer.com\/pt\/francisco-leite-de-bittencourt-sampaio\/","og_locale":"pt_BR","og_type":"article","og_title":"Francisco Leite de Bittencourt Sampaio\u00a0","og_description":"Francisco Leite de Bittencourt Sampaio\u00a0 Francisco Leite de Bittencourt Sampaio naci\u00f3 en Laranjeiras, Sergipe, el 1 de febrero de 1834. Era hijo de un comerciante portugu\u00e9s del mismo nombre y de do\u00f1a Maria de Sant&#8217;Ana Leite Sampaio. Fue jurisconsulto (persona con grandes conocimientos jur\u00eddicos que da consultas y dict\u00e1menes sobre cuestiones de derecho); magistrado; pol\u00edtico; [&hellip;]","og_url":"https:\/\/nuevo-renacer.com\/pt\/francisco-leite-de-bittencourt-sampaio\/","og_site_name":"Uni\u00f3n Esp\u00edrita","article_publisher":"https:\/\/www.facebook.com\/groups\/3431398063740829","article_modified_time":"2024-11-11T08:53:45+00:00","og_image":[{"width":300,"height":399,"url":"https:\/\/nuevo-renacer.com\/wp-content\/uploads\/2024\/11\/1966969560-300-9f1bec88.jpg","type":"image\/jpeg"}],"twitter_card":"summary_large_image","twitter_misc":{"Est. tempo de leitura":"4 minutos"},"schema":{"@context":"https:\/\/schema.org","@graph":[{"@type":"WebPage","@id":"https:\/\/nuevo-renacer.com\/francisco-leite-de-bittencourt-sampaio\/","url":"https:\/\/nuevo-renacer.com\/francisco-leite-de-bittencourt-sampaio\/","name":"Francisco Leite de Bittencourt Sampaio\u00a0 - Uni\u00f3n Esp\u00edrita","isPartOf":{"@id":"https:\/\/nuevo-renacer.com\/#website"},"primaryImageOfPage":{"@id":"https:\/\/nuevo-renacer.com\/francisco-leite-de-bittencourt-sampaio\/#primaryimage"},"image":{"@id":"https:\/\/nuevo-renacer.com\/francisco-leite-de-bittencourt-sampaio\/#primaryimage"},"thumbnailUrl":"https:\/\/nuevo-renacer.com\/wp-content\/uploads\/2024\/11\/1966969560-300-9f1bec88.jpg","datePublished":"2024-11-11T08:44:57+00:00","dateModified":"2024-11-11T08:53:45+00:00","breadcrumb":{"@id":"https:\/\/nuevo-renacer.com\/francisco-leite-de-bittencourt-sampaio\/#breadcrumb"},"inLanguage":"pt-BR","potentialAction":[{"@type":"ReadAction","target":["https:\/\/nuevo-renacer.com\/francisco-leite-de-bittencourt-sampaio\/"]}]},{"@type":"ImageObject","inLanguage":"pt-BR","@id":"https:\/\/nuevo-renacer.com\/francisco-leite-de-bittencourt-sampaio\/#primaryimage","url":"https:\/\/nuevo-renacer.com\/wp-content\/uploads\/2024\/11\/1966969560-300-9f1bec88.jpg","contentUrl":"https:\/\/nuevo-renacer.com\/wp-content\/uploads\/2024\/11\/1966969560-300-9f1bec88.jpg"},{"@type":"BreadcrumbList","@id":"https:\/\/nuevo-renacer.com\/francisco-leite-de-bittencourt-sampaio\/#breadcrumb","itemListElement":[{"@type":"ListItem","position":1,"name":"Startseite","item":"https:\/\/nuevo-renacer.com\/"},{"@type":"ListItem","position":2,"name":"Francisco Leite de Bittencourt Sampaio\u00a0"}]},{"@type":"WebSite","@id":"https:\/\/nuevo-renacer.com\/#website","url":"https:\/\/nuevo-renacer.com\/","name":"Uni\u00f3n Esp\u00edrita","description":"Nuevo Renacer","publisher":{"@id":"https:\/\/nuevo-renacer.com\/#organization"},"potentialAction":[{"@type":"SearchAction","target":{"@type":"EntryPoint","urlTemplate":"https:\/\/nuevo-renacer.com\/?s={search_term_string}"},"query-input":{"@type":"PropertyValueSpecification","valueRequired":true,"valueName":"search_term_string"}}],"inLanguage":"pt-BR"},{"@type":"Organization","@id":"https:\/\/nuevo-renacer.com\/#organization","name":"UFEC","url":"https:\/\/nuevo-renacer.com\/","logo":{"@type":"ImageObject","inLanguage":"pt-BR","@id":"https:\/\/nuevo-renacer.com\/#\/schema\/logo\/image\/","url":"https:\/\/nuevo-renacer.com\/wp-content\/uploads\/2024\/05\/cropped-LOGO-TERMINADO1-3-3.png","contentUrl":"https:\/\/nuevo-renacer.com\/wp-content\/uploads\/2024\/05\/cropped-LOGO-TERMINADO1-3-3.png","width":512,"height":512,"caption":"UFEC"},"image":{"@id":"https:\/\/nuevo-renacer.com\/#\/schema\/logo\/image\/"},"sameAs":["https:\/\/www.facebook.com\/groups\/3431398063740829"]}]}},"uagb_featured_image_src":{"full":false,"thumbnail":false,"medium":false,"medium_large":false,"large":false,"1536x1536":false,"2048x2048":false,"trp-custom-language-flag":false},"uagb_author_info":{"display_name":"adbv0","author_link":"https:\/\/nuevo-renacer.com\/pt\/author\/adbv0\/"},"uagb_comment_info":0,"uagb_excerpt":"Francisco Leite de Bittencourt Sampaio\u00a0 Francisco Leite de Bittencourt Sampaio naci\u00f3 en Laranjeiras, Sergipe, el 1 de febrero de 1834. Era hijo de un comerciante portugu\u00e9s del mismo nombre y de do\u00f1a Maria de Sant&#8217;Ana Leite Sampaio. Fue jurisconsulto (persona con grandes conocimientos jur\u00eddicos que da consultas y dict\u00e1menes sobre cuestiones de derecho); magistrado; pol\u00edtico;&hellip;","jetpack_sharing_enabled":true,"_links":{"self":[{"href":"https:\/\/nuevo-renacer.com\/pt\/wp-json\/wp\/v2\/pages\/6004","targetHints":{"allow":["GET"]}}],"collection":[{"href":"https:\/\/nuevo-renacer.com\/pt\/wp-json\/wp\/v2\/pages"}],"about":[{"href":"https:\/\/nuevo-renacer.com\/pt\/wp-json\/wp\/v2\/types\/page"}],"author":[{"embeddable":true,"href":"https:\/\/nuevo-renacer.com\/pt\/wp-json\/wp\/v2\/users\/1"}],"replies":[{"embeddable":true,"href":"https:\/\/nuevo-renacer.com\/pt\/wp-json\/wp\/v2\/comments?post=6004"}],"version-history":[{"count":3,"href":"https:\/\/nuevo-renacer.com\/pt\/wp-json\/wp\/v2\/pages\/6004\/revisions"}],"predecessor-version":[{"id":6010,"href":"https:\/\/nuevo-renacer.com\/pt\/wp-json\/wp\/v2\/pages\/6004\/revisions\/6010"}],"wp:attachment":[{"href":"https:\/\/nuevo-renacer.com\/pt\/wp-json\/wp\/v2\/media?parent=6004"}],"curies":[{"name":"wp","href":"https:\/\/api.w.org\/{rel}","templated":true}]}}