{"id":5913,"date":"2024-11-08T08:52:48","date_gmt":"2024-11-08T08:52:48","guid":{"rendered":"https:\/\/nuevo-renacer.com\/?page_id=5913"},"modified":"2024-11-08T08:54:25","modified_gmt":"2024-11-08T08:54:25","slug":"humberto-mariotti","status":"publish","type":"page","link":"https:\/\/nuevo-renacer.com\/pt\/humberto-mariotti\/","title":{"rendered":"Humberto Mariotti"},"content":{"rendered":"<div class=\"wp-block-uagb-container uagb-block-b050fb4c alignfull uagb-is-root-container\"><div class=\"uagb-container-inner-blocks-wrap\">\n<p class=\"has-black-color has-text-color has-link-color has-medium-font-size wp-elements-7f1899729acca61d14ade6ef6da7a302\"><strong>Humberto Mariotti<\/strong><\/p>\n<\/div><\/div>\n\n\n\n<div class=\"wp-block-uagb-container uagb-block-a988bfa0 alignfull uagb-is-root-container\"><div class=\"uagb-container-inner-blocks-wrap\">\n<figure class=\"wp-block-image size-full is-resized\"><img fetchpriority=\"high\" decoding=\"async\" width=\"239\" height=\"224\" src=\"https:\/\/nuevo-renacer.com\/wp-content\/uploads\/2024\/11\/Screenshot-214.png\" alt=\"\" class=\"wp-image-5916\" style=\"width:262px;height:auto\" srcset=\"https:\/\/nuevo-renacer.com\/wp-content\/uploads\/2024\/11\/Screenshot-214.png 239w, https:\/\/nuevo-renacer.com\/wp-content\/uploads\/2024\/11\/Screenshot-214-13x12.png 13w\" sizes=\"(max-width: 239px) 100vw, 239px\" \/><\/figure>\n<\/div><\/div>\n\n\n\n<div class=\"wp-block-uagb-container uagb-block-352ed2aa alignfull uagb-is-root-container\"><div class=\"uagb-container-inner-blocks-wrap\">\n<p class=\"has-black-color has-text-color has-link-color has-small-font-size wp-elements-87ab41d81570a04598a1f3330b36e0f2\">Humberto Mariotti nasceu em 11 de junho de 1905 na cidade de Z\u00e1rate (\u00e0s margens do rio Paran\u00e1), Buenos Aires, Argentina. Seus pais eram Nicol\u00e1s Mariotti e Julia del R\u00e9, imigrantes italianos da prov\u00edncia de Bari, localizada na regi\u00e3o peninsular da It\u00e1lia, que, como muitos de seus compatriotas, dedicavam-se ao cultivo da terra e \u00e0 cria\u00e7\u00e3o de animais.<\/p>\n\n\n\n<p class=\"has-black-color has-text-color has-link-color has-small-font-size wp-elements-d6aa3c42beb57179714cacd0edc36d01\">Era o segundo de cinco irm\u00e3os: Domingo, o mais velho; Olimpia, Amadeo e Maria (Maruca), que compartilhavam com ele as ideias da Doutrina Esp\u00edrita. Eles formaram lares onde o estudo do espiritismo e as pr\u00e1ticas medi\u00fanicas foram desenvolvidos por v\u00e1rios de seus membros, j\u00e1 que Maria era esposa de Santiago A. Bossero, um ilustre escritor e orador. Foi tamb\u00e9m m\u00e3e de tr\u00eas filhos esp\u00edritas, relacionados com Antonio Melo, militante da Confedera\u00e7\u00e3o Esp\u00edrita Argentina e da Sociedad La Fraternidad atrav\u00e9s do casamento de sua filha Elma com Ernesto Melo, irm\u00e3o de Antonio e membro da mesma institui\u00e7\u00e3o, e por \u00faltimo Amadeo que, sem ser participante ativo, publicou poemas em v\u00e1rias revistas esp\u00edritas, entre elas, Constancia, em v\u00e1rias ocasi\u00f5es.<\/p>\n\n\n\n<p class=\"has-black-color has-text-color has-link-color has-small-font-size wp-elements-6a4fd981a092fdb9972c63046f271aac\">Com rela\u00e7\u00e3o aos seus estudos, podemos dizer que ele estudou at\u00e9 a quarta s\u00e9rie do ensino fundamental, j\u00e1 que, por motivos econ\u00f4micos, seus pais tiveram que interromper seus estudos. Apesar disso, sua inf\u00e2ncia foi passada buscando avidamente o conhecimento e as inven\u00e7\u00f5es, tentando descobrir os mist\u00e9rios da natureza selvagem que comp\u00f5em os barrancos produzidos na terra pelas correntes cont\u00ednuas das \u00e1guas do rio Paran\u00e1 e que eram uma constante em sua poesia \u00edntima. Ali, naquele ambiente, sua mente, pronta para a aventura e amante do desconhecido, imaginou e organizou, com amigos de sua idade, um \u201cex\u00e9rcito libertador\u201d semelhante ao do general Don Jos\u00e9 de San Mart\u00edn (por quem tinha uma \u00edntima admira\u00e7\u00e3o), e cujo l\u00edder, sem d\u00favida, era ele.<\/p>\n\n\n\n<p class=\"has-black-color has-text-color has-link-color has-small-font-size wp-elements-c3521dc52bc245ab4a452123ae4c8257\">Como podemos ver, essas brincadeiras infantis j\u00e1 estavam moldando a personalidade futura de Mariotti como um militante ativo e din\u00e2mico de um movimento progressista e avan\u00e7ado, como foi, \u00e9 e ser\u00e1 o Ideal Esp\u00edrita.<\/p>\n\n\n\n<p class=\"has-black-color has-text-color has-link-color has-medium-font-size wp-elements-f4308686b7be345a14d6147efe514cb2\"><strong>Seu in\u00edcio no ativismo Esp\u00edrita<\/strong><\/p>\n\n\n\n<p class=\"has-black-color has-text-color has-link-color has-small-font-size wp-elements-2e534cee5b9bda95c09c7576aca5021f\">E os anos foram passando... e em 1925, quando ele j\u00e1 tinha 18 anos, um evento transcendental ocorreu em sua vida. Jos\u00e9 Grillo, amigo \u00edntimo da fam\u00edlia e frequentador ass\u00edduo do Centro Esp\u00edrita Luz, Caridade e Progresso, na Rua Gral. Paz, 310, Z\u00e1rate, impressionado com a facilidade com que o jovem assimilava os temas de filosofia e metaf\u00edsica, emprestou-lhe um livro. Mas esse n\u00e3o era como tantos outros, pois continha os princ\u00edpios de uma doutrina que transcendia o limiar do humano para chegar ao Mundo do Esp\u00edrito: O Livro dos Esp\u00edritos, de Allan Kardec, publicado em Barcelona, na Espanha, em 1904, foi o exemplar que Jos\u00e9 Grillo emprestou a Humberto Mariotti. L\u00ea-lo e \u201capaixonar-se\u201d pelo seu conte\u00fado, pelas suas ideias, enfim, pela sua Doutrina, n\u00e3o foi por acaso; ele precisava conhecer aquele livro porque, a partir daquele dia, penetraria no realismo do Mundo Espiritual, do qual jamais se afastaria.<\/p>\n\n\n\n<p class=\"has-black-color has-text-color has-link-color has-small-font-size wp-elements-177aa73a2c705802e2a8d4375a4980c0\">De sua exist\u00eancia terrena, apenas dezoito anos n\u00e3o foram vividos para a Doutrina Esp\u00edrita, pois seus cinquenta e nove anos restantes foram dedicados com amor e interesse, atrav\u00e9s de livros, palestras, poemas, etc., \u00e0 pr\u00e1tica do Ideal que era o seu Tudo: o Espiritismo de Allan Kardec.<\/p>\n\n\n\n<p class=\"has-black-color has-text-color has-link-color has-small-font-size wp-elements-dc8a061160251d3c392e8ddb67909972\">Em 1926, ainda em Z\u00e1rate, e j\u00e1 familiarizado com o Espiritismo, em um febril impulso juvenil, escreveu em manuscrito duas p\u00e1ginas sobre temas esp\u00edritas, que intitulou Revista Amor y Estudio, informando a seus leitores que em breve apareceria impressa.<\/p>\n\n\n\n<p class=\"has-black-color has-text-color has-link-color has-small-font-size wp-elements-4b4fa10990c16cd9b9ee61cc66fa65bf\">Por volta de 1929, a fam\u00edlia mudou-se para a capital federal e ele estudou e trabalhou por alguns anos como m\u00e9dico veterin\u00e1rio no extinto Frigor\u00edfico Anglo de Avellaneda. Na mesma \u00e9poca, iniciou suas atividades doutrin\u00e1rias na Sociedade Camilo Flammarion, onde conheceu Luis Di Crist\u00f3foro Postiglioni, tamb\u00e9m destacado militante Esp\u00edrita. Anos mais tarde, ingressou na Sociedade Victor Hugo, onde realizou trabalhos medi\u00fanicos e de pesquisa, etc.<\/p>\n\n\n\n<p class=\"has-black-color has-text-color has-link-color has-medium-font-size wp-elements-2e25684650e0975111d2aa8d0ef0d25e\"><strong>Fatos fundamentais de sua atividade esp\u00edrita<\/strong><\/p>\n\n\n\n<p class=\"has-black-color has-text-color has-link-color has-small-font-size wp-elements-36c84bd89131618681f098c78e47261c\">De 1\u00ba a 10 de setembro de 1934, juntamente com esse grande lutador Manuel S. Porteiro, compareceram como delegados da Argentina ao V Congresso Esp\u00edrita Internacional realizado em Barcelona, na Espanha, onde apresentaram e defenderam ardorosamente o Relat\u00f3rio da Confedera\u00e7\u00e3o Esp\u00edrita Argentina, pois nele propunham, entre outros pontos, A Confedera\u00e7\u00e3o Esp\u00edrita Argentina prop\u00f4s, entre outros pontos, \u201cuma maior capacidade e compreens\u00e3o sem preconceitos dos fen\u00f4menos e problemas sociais, que exigem dos Esp\u00edritas um maior conhecimento objetivo e uma atividade franca e determinada que oriente sua finalidade social e canalize a a\u00e7\u00e3o e a propaganda de acordo com a ess\u00eancia da moral Esp\u00edrita, que Kardec condensou nestes tr\u00eas postulados: Liberdade, Igualdade e Fraternidade\u201d: Liberdade, Igualdade e Fraternidade\u201d, etc. Tanto para Mariotti quanto para Porteiro, a participa\u00e7\u00e3o nesse evento esp\u00edrita internacional foi um fato relevante para suas futuras a\u00e7\u00f5es doutrin\u00e1rias, pois puderam interagir com esp\u00edritas de renome mundial. Os dias vividos em Barcelona foram lembrados por ambos em muitas ocasi\u00f5es, seja em seus escritos, seja em palestras de profundo sentimento.<\/p>\n\n\n\n<p class=\"has-black-color has-text-color has-link-color has-small-font-size wp-elements-0ee5ee17f2afb5fd44d797ee5c186791\">Ele foi nomeado presidente da Confedera\u00e7\u00e3o Espiritista Argentina em duas ocasi\u00f5es, em 1936 e 1966. Durante sua primeira presid\u00eancia, entre outros assuntos, ele enviou uma Carta Aberta ao Chefe de Pol\u00edcia da Prov\u00edncia de Buenos Aires, Sr. Casas Peralta, em rela\u00e7\u00e3o a \u201cpr\u00e1ticas absurdas, como arte divinat\u00f3ria, charlatanismo, arranjos para casamentos, taxas para consultas\u201d, etc., alertando que \u201ca Confedera\u00e7\u00e3o Esp\u00edrita da Prov\u00edncia de Buenos Aires deve ser informada dessas pr\u00e1ticas\u201d, A Confedera\u00e7\u00e3o Esp\u00edrita Argentina \u00e9 uma institui\u00e7\u00e3o que agrupa mais de trinta sociedades legalmente constitu\u00eddas e que zela pelo prest\u00edgio de uma doutrina superior, como \u00e9 a Doutrina Esp\u00edrita\u201d. Esse era o temperamento de Mariotti desde muito jovem: um defensor apaixonado dos princ\u00edpios e pr\u00e1ticas aut\u00eanticos das ideias kardecianas.<\/p>\n\n\n\n<p class=\"has-black-color has-text-color has-link-color has-small-font-size wp-elements-bbbfcb93c0a208da3941f415ff40c80e\">E sua milit\u00e2ncia esp\u00edrita continuou, mas o amor tamb\u00e9m entrou em sua vida... Ela era membro da Federa\u00e7\u00e3o Juvenil Esp\u00edrita Argentina, uma jovem inquieta e empreendedora de nome Ana Huici, que por uma estranha \u201ccoincid\u00eancia\u201d era parente de Dona Aurora G\u00e1lvez, fundadora da Sociedade Victor Hugo. Por meio de sucessivos encontros em reuni\u00f5es campestres, concertos e eventos culturais, revelaram-se afinidades e sentimentos que culminaram em sua uni\u00e3o em 22 de dezembro de 1937. Dessa uni\u00e3o nasceu sua \u00fanica filha, Hebe Iris.<\/p>\n\n\n\n<p class=\"has-black-color has-text-color has-link-color has-small-font-size wp-elements-c7b8c6abc18fecb03d0a97b29bbcf8f6\">Esse lar, fundado no afeto, no companheirismo e, sobretudo, no amor \u00e0 luz do Espiritismo, foi testemunha de in\u00fameras reuni\u00f5es doutrin\u00e1rias das quais surgiram e se organizaram assembleias e congressos esp\u00edritas e espiritualistas nacionais e internacionais, como a Confedera\u00e7\u00e3o Esp\u00edrita Pan-Americana (CEPA); o Congresso Internacional para o Estudo da Reencarna\u00e7\u00e3o; o Movimento da Fraternidade Universal e muitos outros.<\/p>\n\n\n\n<p class=\"has-black-color has-text-color has-link-color has-small-font-size wp-elements-5b14338e3346841803ec60b0aff10d83\">Humberto e Anita Mariotti viveram juntos por 45 anos, unidos pelo amor e pelo servi\u00e7o que ambos prestavam ao Ideal, do qual nunca se afastaram. Ela foi a companheira constante de um homem que dedicou sua exist\u00eancia \u00e0 difus\u00e3o de uma doutrina e ele foi para ela o apoio espiritual de um ser \u00e1vido por ensinamentos e pensamentos que transcendiam o realismo material.<\/p>\n\n\n\n<p class=\"has-black-color has-text-color has-link-color has-small-font-size wp-elements-97e7dec8f62a7eace61fcd73bef2cccd\">Mariotti morreu em 17 de maio de 1982 na Argentina.<\/p>\n<\/div><\/div>\n\n\n\n<div class=\"wp-block-uagb-container uagb-block-b6f718db alignfull uagb-is-root-container\"><div class=\"uagb-container-inner-blocks-wrap\"><\/div><\/div>\n\n\n\n<div class=\"wp-block-uagb-container uagb-block-bc2fd7a7 alignfull uagb-is-root-container\"><div class=\"uagb-container-inner-blocks-wrap\"><\/div><\/div>","protected":false},"excerpt":{"rendered":"<p>Humberto Mariotti Naci\u00f3 Humberto Mariotti el 11 de junio de 1905 en la ciudad de Z\u00e1rate (a orillas del r\u00edo Paran\u00e1), Buenos Aires, Argentina. Fueron sus padres Nicol\u00e1s Mariotti y Julia del R\u00e9, inmigrantes italianos provenientes de la provincia de Bari, situada en la zona peninsular de Italia; quienes se dedicaron como tantos compatriotas al [&hellip;]<\/p>","protected":false},"author":1,"featured_media":0,"parent":0,"menu_order":0,"comment_status":"closed","ping_status":"closed","template":"","meta":{"_uag_custom_page_level_css":"","site-sidebar-layout":"default","site-content-layout":"","ast-site-content-layout":"default","site-content-style":"default","site-sidebar-style":"default","ast-global-header-display":"","ast-banner-title-visibility":"","ast-main-header-display":"","ast-hfb-above-header-display":"","ast-hfb-below-header-display":"","ast-hfb-mobile-header-display":"","site-post-title":"disabled","ast-breadcrumbs-content":"","ast-featured-img":"","footer-sml-layout":"","theme-transparent-header-meta":"","adv-header-id-meta":"","stick-header-meta":"","header-above-stick-meta":"","header-main-stick-meta":"","header-below-stick-meta":"","astra-migrate-meta-layouts":"set","ast-page-background-enabled":"default","ast-page-background-meta":{"desktop":{"background-color":"var(--ast-global-color-4)","background-image":"","background-repeat":"repeat","background-position":"center center","background-size":"auto","background-attachment":"scroll","background-type":"","background-media":"","overlay-type":"","overlay-color":"","overlay-opacity":"","overlay-gradient":""},"tablet":{"background-color":"","background-image":"","background-repeat":"repeat","background-position":"center center","background-size":"auto","background-attachment":"scroll","background-type":"","background-media":"","overlay-type":"","overlay-color":"","overlay-opacity":"","overlay-gradient":""},"mobile":{"background-color":"","background-image":"","background-repeat":"repeat","background-position":"center center","background-size":"auto","background-attachment":"scroll","background-type":"","background-media":"","overlay-type":"","overlay-color":"","overlay-opacity":"","overlay-gradient":""}},"ast-content-background-meta":{"desktop":{"background-color":"var(--ast-global-color-5)","background-image":"","background-repeat":"repeat","background-position":"center center","background-size":"auto","background-attachment":"scroll","background-type":"","background-media":"","overlay-type":"","overlay-color":"","overlay-opacity":"","overlay-gradient":""},"tablet":{"background-color":"var(--ast-global-color-5)","background-image":"","background-repeat":"repeat","background-position":"center center","background-size":"auto","background-attachment":"scroll","background-type":"","background-media":"","overlay-type":"","overlay-color":"","overlay-opacity":"","overlay-gradient":""},"mobile":{"background-color":"var(--ast-global-color-5)","background-image":"","background-repeat":"repeat","background-position":"center center","background-size":"auto","background-attachment":"scroll","background-type":"","background-media":"","overlay-type":"","overlay-color":"","overlay-opacity":"","overlay-gradient":""}},"footnotes":""},"class_list":["post-5913","page","type-page","status-publish","hentry"],"yoast_head":"<!-- This site is optimized with the Yoast SEO Premium plugin v24.2 (Yoast SEO v24.6) - https:\/\/yoast.com\/wordpress\/plugins\/seo\/ -->\n<title>Humberto Mariotti - Uni\u00f3n Esp\u00edrita<\/title>\n<meta name=\"robots\" content=\"index, follow, max-snippet:-1, max-image-preview:large, max-video-preview:-1\" \/>\n<link rel=\"canonical\" href=\"https:\/\/nuevo-renacer.com\/pt\/humberto-mariotti\/\" \/>\n<meta property=\"og:locale\" content=\"pt_BR\" \/>\n<meta property=\"og:type\" content=\"article\" \/>\n<meta property=\"og:title\" content=\"Humberto Mariotti\" \/>\n<meta property=\"og:description\" content=\"Humberto Mariotti Naci\u00f3 Humberto Mariotti el 11 de junio de 1905 en la ciudad de Z\u00e1rate (a orillas del r\u00edo Paran\u00e1), Buenos Aires, Argentina. Fueron sus padres Nicol\u00e1s Mariotti y Julia del R\u00e9, inmigrantes italianos provenientes de la provincia de Bari, situada en la zona peninsular de Italia; quienes se dedicaron como tantos compatriotas al [&hellip;]\" \/>\n<meta property=\"og:url\" content=\"https:\/\/nuevo-renacer.com\/pt\/humberto-mariotti\/\" \/>\n<meta property=\"og:site_name\" content=\"Uni\u00f3n Esp\u00edrita\" \/>\n<meta property=\"article:publisher\" content=\"https:\/\/www.facebook.com\/groups\/3431398063740829\" \/>\n<meta property=\"article:modified_time\" content=\"2024-11-08T08:54:25+00:00\" \/>\n<meta property=\"og:image\" content=\"https:\/\/nuevo-renacer.com\/wp-content\/uploads\/2024\/11\/Screenshot-214.png\" \/>\n\t<meta property=\"og:image:width\" content=\"239\" \/>\n\t<meta property=\"og:image:height\" content=\"224\" \/>\n\t<meta property=\"og:image:type\" content=\"image\/png\" \/>\n<meta name=\"twitter:card\" content=\"summary_large_image\" \/>\n<meta name=\"twitter:label1\" content=\"Est. tempo de leitura\" \/>\n\t<meta name=\"twitter:data1\" content=\"7 minutos\" \/>\n<script type=\"application\/ld+json\" class=\"yoast-schema-graph\">{\"@context\":\"https:\/\/schema.org\",\"@graph\":[{\"@type\":\"WebPage\",\"@id\":\"https:\/\/nuevo-renacer.com\/fr\/humberto-mariotti\/\",\"url\":\"https:\/\/nuevo-renacer.com\/fr\/humberto-mariotti\/\",\"name\":\"Humberto Mariotti - Uni\u00f3n Esp\u00edrita\",\"isPartOf\":{\"@id\":\"https:\/\/nuevo-renacer.com\/#website\"},\"primaryImageOfPage\":{\"@id\":\"https:\/\/nuevo-renacer.com\/fr\/humberto-mariotti\/#primaryimage\"},\"image\":{\"@id\":\"https:\/\/nuevo-renacer.com\/fr\/humberto-mariotti\/#primaryimage\"},\"thumbnailUrl\":\"https:\/\/nuevo-renacer.com\/wp-content\/uploads\/2024\/11\/Screenshot-214.png\",\"datePublished\":\"2024-11-08T08:52:48+00:00\",\"dateModified\":\"2024-11-08T08:54:25+00:00\",\"breadcrumb\":{\"@id\":\"https:\/\/nuevo-renacer.com\/fr\/humberto-mariotti\/#breadcrumb\"},\"inLanguage\":\"pt-BR\",\"potentialAction\":[{\"@type\":\"ReadAction\",\"target\":[\"https:\/\/nuevo-renacer.com\/fr\/humberto-mariotti\/\"]}]},{\"@type\":\"ImageObject\",\"inLanguage\":\"pt-BR\",\"@id\":\"https:\/\/nuevo-renacer.com\/fr\/humberto-mariotti\/#primaryimage\",\"url\":\"https:\/\/nuevo-renacer.com\/wp-content\/uploads\/2024\/11\/Screenshot-214.png\",\"contentUrl\":\"https:\/\/nuevo-renacer.com\/wp-content\/uploads\/2024\/11\/Screenshot-214.png\"},{\"@type\":\"BreadcrumbList\",\"@id\":\"https:\/\/nuevo-renacer.com\/fr\/humberto-mariotti\/#breadcrumb\",\"itemListElement\":[{\"@type\":\"ListItem\",\"position\":1,\"name\":\"Startseite\",\"item\":\"https:\/\/nuevo-renacer.com\/\"},{\"@type\":\"ListItem\",\"position\":2,\"name\":\"Humberto Mariotti\"}]},{\"@type\":\"WebSite\",\"@id\":\"https:\/\/nuevo-renacer.com\/#website\",\"url\":\"https:\/\/nuevo-renacer.com\/\",\"name\":\"Uni\u00f3n Esp\u00edrita\",\"description\":\"Nuevo Renacer\",\"publisher\":{\"@id\":\"https:\/\/nuevo-renacer.com\/#organization\"},\"potentialAction\":[{\"@type\":\"SearchAction\",\"target\":{\"@type\":\"EntryPoint\",\"urlTemplate\":\"https:\/\/nuevo-renacer.com\/?s={search_term_string}\"},\"query-input\":{\"@type\":\"PropertyValueSpecification\",\"valueRequired\":true,\"valueName\":\"search_term_string\"}}],\"inLanguage\":\"pt-BR\"},{\"@type\":\"Organization\",\"@id\":\"https:\/\/nuevo-renacer.com\/#organization\",\"name\":\"UFEC\",\"url\":\"https:\/\/nuevo-renacer.com\/\",\"logo\":{\"@type\":\"ImageObject\",\"inLanguage\":\"pt-BR\",\"@id\":\"https:\/\/nuevo-renacer.com\/#\/schema\/logo\/image\/\",\"url\":\"https:\/\/nuevo-renacer.com\/wp-content\/uploads\/2024\/05\/cropped-LOGO-TERMINADO1-3-3.png\",\"contentUrl\":\"https:\/\/nuevo-renacer.com\/wp-content\/uploads\/2024\/05\/cropped-LOGO-TERMINADO1-3-3.png\",\"width\":512,\"height\":512,\"caption\":\"UFEC\"},\"image\":{\"@id\":\"https:\/\/nuevo-renacer.com\/#\/schema\/logo\/image\/\"},\"sameAs\":[\"https:\/\/www.facebook.com\/groups\/3431398063740829\"]}]}<\/script>\n<!-- \/ Yoast SEO Premium plugin. -->","yoast_head_json":{"title":"Humberto Mariotti - Uni\u00f3n Esp\u00edrita","robots":{"index":"index","follow":"follow","max-snippet":"max-snippet:-1","max-image-preview":"max-image-preview:large","max-video-preview":"max-video-preview:-1"},"canonical":"https:\/\/nuevo-renacer.com\/pt\/humberto-mariotti\/","og_locale":"pt_BR","og_type":"article","og_title":"Humberto Mariotti","og_description":"Humberto Mariotti Naci\u00f3 Humberto Mariotti el 11 de junio de 1905 en la ciudad de Z\u00e1rate (a orillas del r\u00edo Paran\u00e1), Buenos Aires, Argentina. Fueron sus padres Nicol\u00e1s Mariotti y Julia del R\u00e9, inmigrantes italianos provenientes de la provincia de Bari, situada en la zona peninsular de Italia; quienes se dedicaron como tantos compatriotas al [&hellip;]","og_url":"https:\/\/nuevo-renacer.com\/pt\/humberto-mariotti\/","og_site_name":"Uni\u00f3n Esp\u00edrita","article_publisher":"https:\/\/www.facebook.com\/groups\/3431398063740829","article_modified_time":"2024-11-08T08:54:25+00:00","og_image":[{"width":239,"height":224,"url":"https:\/\/nuevo-renacer.com\/wp-content\/uploads\/2024\/11\/Screenshot-214.png","type":"image\/png"}],"twitter_card":"summary_large_image","twitter_misc":{"Est. tempo de leitura":"7 minutos"},"schema":{"@context":"https:\/\/schema.org","@graph":[{"@type":"WebPage","@id":"https:\/\/nuevo-renacer.com\/fr\/humberto-mariotti\/","url":"https:\/\/nuevo-renacer.com\/fr\/humberto-mariotti\/","name":"Humberto Mariotti - Uni\u00f3n Esp\u00edrita","isPartOf":{"@id":"https:\/\/nuevo-renacer.com\/#website"},"primaryImageOfPage":{"@id":"https:\/\/nuevo-renacer.com\/fr\/humberto-mariotti\/#primaryimage"},"image":{"@id":"https:\/\/nuevo-renacer.com\/fr\/humberto-mariotti\/#primaryimage"},"thumbnailUrl":"https:\/\/nuevo-renacer.com\/wp-content\/uploads\/2024\/11\/Screenshot-214.png","datePublished":"2024-11-08T08:52:48+00:00","dateModified":"2024-11-08T08:54:25+00:00","breadcrumb":{"@id":"https:\/\/nuevo-renacer.com\/fr\/humberto-mariotti\/#breadcrumb"},"inLanguage":"pt-BR","potentialAction":[{"@type":"ReadAction","target":["https:\/\/nuevo-renacer.com\/fr\/humberto-mariotti\/"]}]},{"@type":"ImageObject","inLanguage":"pt-BR","@id":"https:\/\/nuevo-renacer.com\/fr\/humberto-mariotti\/#primaryimage","url":"https:\/\/nuevo-renacer.com\/wp-content\/uploads\/2024\/11\/Screenshot-214.png","contentUrl":"https:\/\/nuevo-renacer.com\/wp-content\/uploads\/2024\/11\/Screenshot-214.png"},{"@type":"BreadcrumbList","@id":"https:\/\/nuevo-renacer.com\/fr\/humberto-mariotti\/#breadcrumb","itemListElement":[{"@type":"ListItem","position":1,"name":"Startseite","item":"https:\/\/nuevo-renacer.com\/"},{"@type":"ListItem","position":2,"name":"Humberto Mariotti"}]},{"@type":"WebSite","@id":"https:\/\/nuevo-renacer.com\/#website","url":"https:\/\/nuevo-renacer.com\/","name":"Uni\u00f3n Esp\u00edrita","description":"Nuevo Renacer","publisher":{"@id":"https:\/\/nuevo-renacer.com\/#organization"},"potentialAction":[{"@type":"SearchAction","target":{"@type":"EntryPoint","urlTemplate":"https:\/\/nuevo-renacer.com\/?s={search_term_string}"},"query-input":{"@type":"PropertyValueSpecification","valueRequired":true,"valueName":"search_term_string"}}],"inLanguage":"pt-BR"},{"@type":"Organization","@id":"https:\/\/nuevo-renacer.com\/#organization","name":"UFEC","url":"https:\/\/nuevo-renacer.com\/","logo":{"@type":"ImageObject","inLanguage":"pt-BR","@id":"https:\/\/nuevo-renacer.com\/#\/schema\/logo\/image\/","url":"https:\/\/nuevo-renacer.com\/wp-content\/uploads\/2024\/05\/cropped-LOGO-TERMINADO1-3-3.png","contentUrl":"https:\/\/nuevo-renacer.com\/wp-content\/uploads\/2024\/05\/cropped-LOGO-TERMINADO1-3-3.png","width":512,"height":512,"caption":"UFEC"},"image":{"@id":"https:\/\/nuevo-renacer.com\/#\/schema\/logo\/image\/"},"sameAs":["https:\/\/www.facebook.com\/groups\/3431398063740829"]}]}},"uagb_featured_image_src":{"full":false,"thumbnail":false,"medium":false,"medium_large":false,"large":false,"1536x1536":false,"2048x2048":false,"trp-custom-language-flag":false},"uagb_author_info":{"display_name":"adbv0","author_link":"https:\/\/nuevo-renacer.com\/pt\/author\/adbv0\/"},"uagb_comment_info":0,"uagb_excerpt":"Humberto Mariotti Naci\u00f3 Humberto Mariotti el 11 de junio de 1905 en la ciudad de Z\u00e1rate (a orillas del r\u00edo Paran\u00e1), Buenos Aires, Argentina. Fueron sus padres Nicol\u00e1s Mariotti y Julia del R\u00e9, inmigrantes italianos provenientes de la provincia de Bari, situada en la zona peninsular de Italia; quienes se dedicaron como tantos compatriotas al&hellip;","jetpack_sharing_enabled":true,"_links":{"self":[{"href":"https:\/\/nuevo-renacer.com\/pt\/wp-json\/wp\/v2\/pages\/5913","targetHints":{"allow":["GET"]}}],"collection":[{"href":"https:\/\/nuevo-renacer.com\/pt\/wp-json\/wp\/v2\/pages"}],"about":[{"href":"https:\/\/nuevo-renacer.com\/pt\/wp-json\/wp\/v2\/types\/page"}],"author":[{"embeddable":true,"href":"https:\/\/nuevo-renacer.com\/pt\/wp-json\/wp\/v2\/users\/1"}],"replies":[{"embeddable":true,"href":"https:\/\/nuevo-renacer.com\/pt\/wp-json\/wp\/v2\/comments?post=5913"}],"version-history":[{"count":2,"href":"https:\/\/nuevo-renacer.com\/pt\/wp-json\/wp\/v2\/pages\/5913\/revisions"}],"predecessor-version":[{"id":5917,"href":"https:\/\/nuevo-renacer.com\/pt\/wp-json\/wp\/v2\/pages\/5913\/revisions\/5917"}],"wp:attachment":[{"href":"https:\/\/nuevo-renacer.com\/pt\/wp-json\/wp\/v2\/media?parent=5913"}],"curies":[{"name":"wp","href":"https:\/\/api.w.org\/{rel}","templated":true}]}}