{"id":5905,"date":"2024-11-08T08:16:59","date_gmt":"2024-11-08T08:16:59","guid":{"rendered":"https:\/\/nuevo-renacer.com\/?page_id=5905"},"modified":"2024-11-08T08:16:59","modified_gmt":"2024-11-08T08:16:59","slug":"joaquin-trincado","status":"publish","type":"page","link":"https:\/\/nuevo-renacer.com\/pt\/joaquin-trincado\/","title":{"rendered":"Joaqu\u00edn Trincado"},"content":{"rendered":"<div class=\"wp-block-uagb-container uagb-block-7218de0b alignfull uagb-is-root-container\"><div class=\"uagb-container-inner-blocks-wrap\">\n<p class=\"has-black-color has-text-color has-link-color has-medium-font-size wp-elements-3e4d9456327a6949bf0e12fd6fc28000\"><strong>Joaqu\u00edn Trincado<\/strong><\/p>\n<\/div><\/div>\n\n\n\n<div class=\"wp-block-uagb-container uagb-block-5bcd8154 alignfull uagb-is-root-container\"><div class=\"uagb-container-inner-blocks-wrap\">\n<figure class=\"wp-block-image size-full is-resized\"><img fetchpriority=\"high\" decoding=\"async\" width=\"487\" height=\"572\" src=\"https:\/\/nuevo-renacer.com\/wp-content\/uploads\/2024\/11\/JOAQUIN-TRINCADO-MATEO.png\" alt=\"\" class=\"wp-image-5906\" style=\"width:228px;height:auto\" srcset=\"https:\/\/nuevo-renacer.com\/wp-content\/uploads\/2024\/11\/JOAQUIN-TRINCADO-MATEO.png 487w, https:\/\/nuevo-renacer.com\/wp-content\/uploads\/2024\/11\/JOAQUIN-TRINCADO-MATEO-255x300.png 255w, https:\/\/nuevo-renacer.com\/wp-content\/uploads\/2024\/11\/JOAQUIN-TRINCADO-MATEO-10x12.png 10w\" sizes=\"(max-width: 487px) 100vw, 487px\" \/><\/figure>\n<\/div><\/div>\n\n\n\n<div class=\"wp-block-uagb-container uagb-block-fa6d3e80 alignfull uagb-is-root-container\"><div class=\"uagb-container-inner-blocks-wrap\">\n<p class=\"has-black-color has-text-color has-link-color has-small-font-size wp-elements-ea9aa46b986731fb8c54c74849db83c4\">No movimento Espiritista hispano-americano, o nome de Joaqu\u00edn Trincado \u00e9 amplamente conhecido e respeitado, tanto por sua obra escrita quanto pelo not\u00e1vel esfor\u00e7o que fez para difundir os fundamentos do Espiritismo e coloc\u00e1-los em harmonia com o progresso moral e social da humanidade.<\/p>\n\n\n\n<p class=\"has-black-color has-text-color has-link-color has-small-font-size wp-elements-e01881a561abfec17713ca90a8d86af5\">Ele nasceu em Cintru\u00e9nigo, uma pequena cidade de Navarra, em 19 de agosto de 1866. Desde cedo, demonstrou inclina\u00e7\u00e3o ideol\u00f3gica para ideias liberais, republicanas e socialistas. Emigrou para a Argentina em 1903, onde trabalhou como t\u00e9cnico em eletricidade e viveu per\u00edodos alternados de prosperidade e dificuldades. Em Buenos Aires, casou-se com a Sra. Mercedes Riglos, com quem teve tr\u00eas filhos.<\/p>\n\n\n\n<p class=\"has-black-color has-text-color has-link-color has-small-font-size wp-elements-c8f814b86778381af5d714d0bf3234e9\">Em 1909, conheceu o Espiritismo na Sociedade Constancia, a mais antiga das institui\u00e7\u00f5es esp\u00edritas argentinas, fundada em 1877. Logo depois, discordou dos crit\u00e9rios e orienta\u00e7\u00f5es que ali prevaleciam e se prop\u00f4s a organizar suas pr\u00f3prias ideias, escrever livros e fundar uma nova organiza\u00e7\u00e3o Espiritista. Assim, em 1911, nasceu a \u201cEscola Espiritual Magn\u00e9tica da Comuna Universal\u201d, a cujo crescimento e consolida\u00e7\u00e3o ele se dedicou de corpo e alma. Guiada pela personalidade forte e carism\u00e1tica de seu fundador, a EMEC\u00dc alcan\u00e7ou not\u00e1vel repercuss\u00e3o em v\u00e1rios pa\u00edses de l\u00edngua espanhola, e suas salas de estudos ou c\u00e1tedras eram organizadas com alto senso de misticismo e disciplina. Demonstrando uma extraordin\u00e1ria capacidade de trabalho, escreveu numerosas obras, cujos t\u00edtulos mais conhecidos s\u00e3o: \u201cBuscando a Dios\u201d, \u201cEl Magnetismo en su origen o M\u00e9todo Supremo\u201d, \u201cEl Espiritismo en su Asiento\u201d, \u201cFilosof\u00eda Austera Racional\u201d, \u201cCon\u00f3cete a ti Mismo\u201d, etc. ....<\/p>\n\n\n\n<figure class=\"wp-block-image size-full is-resized\"><img decoding=\"async\" width=\"300\" height=\"248\" src=\"https:\/\/nuevo-renacer.com\/wp-content\/uploads\/2024\/11\/Logo-universal-300x248-1.jpg\" alt=\"\" class=\"wp-image-5908\" style=\"width:240px;height:auto\" srcset=\"https:\/\/nuevo-renacer.com\/wp-content\/uploads\/2024\/11\/Logo-universal-300x248-1.jpg 300w, https:\/\/nuevo-renacer.com\/wp-content\/uploads\/2024\/11\/Logo-universal-300x248-1-15x12.jpg 15w\" sizes=\"(max-width: 300px) 100vw, 300px\" \/><\/figure>\n\n\n\n<p class=\"has-black-color has-text-color has-link-color has-small-font-size wp-elements-e7e2cb49a58bfdd75d1e47379bceb77a\">A doutrina exposta por Trincado est\u00e1 de acordo com a filosofia Espiritista codificada por Allan Kardec no s\u00e9culo XIX, em seus postulados b\u00e1sicos: exist\u00eancia de Deus, preexist\u00eancia e sobreviv\u00eancia do esp\u00edrito, reencarna\u00e7\u00e3o, comunica\u00e7\u00e3o dos esp\u00edritos e pluralidade de mundos habitados; embora existam algumas diferen\u00e7as sem\u00e2nticas e conceituais entre as duas.<\/p>\n\n\n\n<p class=\"has-black-color has-text-color has-link-color has-small-font-size wp-elements-652a90ad415c134ad8520484ed3d5538\">Trincado deu \u00eanfase especial \u00e0 separa\u00e7\u00e3o do Espiritismo de qualquer tend\u00eancia religiosa; ao combate ao charlatanismo, \u00e0s pr\u00e1ticas supersticiosas e mercantilistas que muitas vezes s\u00e3o apresentadas em seu nome; e a dar \u00e0 doutrina esp\u00edrita um sentido progressista em favor da justi\u00e7a e da igualdade social. Ele sempre foi a favor de um espiritismo racionalista e de livre pensamento, contra o dogmatismo e o clericalismo.<\/p>\n\n\n\n<p class=\"has-black-color has-text-color has-link-color has-small-font-size wp-elements-c9d7d233bea7e56189baac001bda1e9c\">Nas p\u00e1ginas da revista \u201cLa Balanza\u201d, que fundou em 1933 e que circulava quinzenalmente, ele se pronunciou sobre as quest\u00f5es mais preocupantes de sua \u00e9poca, declarando-se partid\u00e1rio da independ\u00eancia de Porto Rico, apoiando o ato patri\u00f3tico de Augusto C\u00e9sar Sandino na Nicar\u00e1gua, defendendo a uni\u00e3o dos pa\u00edses hisp\u00e2nicos, opondo-se \u00e0s guerras locais e internacionais, denunciando a voracidade capitalista e exigindo a satisfa\u00e7\u00e3o das demandas b\u00e1sicas dos setores humildes e negligenciados da sociedade. Seguindo seus ensinamentos, que defendiam o igualitarismo econ\u00f4mico, sem propriedade privada ou classes sociais, foram fundadas v\u00e1rias fazendas comunit\u00e1rias na Argentina, dedicadas \u00e0 produ\u00e7\u00e3o agr\u00edcola, que tiveram grande prosperidade em suas primeiras m\u00e3os.<\/p>\n\n\n\n<div class=\"wp-block-uagb-container uagb-block-3a29bb7d\">\n<figure class=\"wp-block-image size-full is-resized\"><img decoding=\"async\" width=\"500\" height=\"389\" src=\"https:\/\/nuevo-renacer.com\/wp-content\/uploads\/2024\/11\/D_NQ_NP_728169-MLM51048119163_082022-O.webp\" alt=\"\" class=\"wp-image-5907\" style=\"width:249px;height:auto\" srcset=\"https:\/\/nuevo-renacer.com\/wp-content\/uploads\/2024\/11\/D_NQ_NP_728169-MLM51048119163_082022-O.webp 500w, https:\/\/nuevo-renacer.com\/wp-content\/uploads\/2024\/11\/D_NQ_NP_728169-MLM51048119163_082022-O-300x233.webp 300w, https:\/\/nuevo-renacer.com\/wp-content\/uploads\/2024\/11\/D_NQ_NP_728169-MLM51048119163_082022-O-15x12.webp 15w\" sizes=\"(max-width: 500px) 100vw, 500px\" \/><\/figure>\n<\/div>\n\n\n\n<p class=\"has-black-color has-text-color has-link-color has-small-font-size wp-elements-d8d15fa5a46503f613fc87cefed08830\">Afetado nos pulm\u00f5es e no cora\u00e7\u00e3o, o ilustre pensador e consistente lutador Espiritista desencarnou em sua casa, na capital argentina, em 6 de dezembro de 1935.<\/p>\n<\/div><\/div>\n\n\n\n<div class=\"wp-block-uagb-container uagb-block-629318a7 alignfull uagb-is-root-container\"><div class=\"uagb-container-inner-blocks-wrap\"><\/div><\/div>\n\n\n\n<div class=\"wp-block-uagb-container uagb-block-c10c121b alignfull uagb-is-root-container\"><div class=\"uagb-container-inner-blocks-wrap\"><\/div><\/div>","protected":false},"excerpt":{"rendered":"<p>Joaqu\u00edn Trincado En el movimiento espiritista hispanoamericano, el nombre de Joaqu\u00edn Trincado es ampliamente conocido y respetado, tanto por su obra escrita como por el notable esfuerzo que realiz\u00f3 para divulgar los fundamentos del Espiritismo y colocarlos en sinton\u00eda con el progreso moral y social de la humanidad. Naci\u00f3 en Cintru\u00e9nigo, peque\u00f1a poblaci\u00f3n navarra, el [&hellip;]<\/p>","protected":false},"author":1,"featured_media":0,"parent":0,"menu_order":0,"comment_status":"closed","ping_status":"closed","template":"","meta":{"_uag_custom_page_level_css":"","site-sidebar-layout":"default","site-content-layout":"","ast-site-content-layout":"default","site-content-style":"default","site-sidebar-style":"default","ast-global-header-display":"","ast-banner-title-visibility":"","ast-main-header-display":"","ast-hfb-above-header-display":"","ast-hfb-below-header-display":"","ast-hfb-mobile-header-display":"","site-post-title":"disabled","ast-breadcrumbs-content":"","ast-featured-img":"","footer-sml-layout":"","theme-transparent-header-meta":"","adv-header-id-meta":"","stick-header-meta":"","header-above-stick-meta":"","header-main-stick-meta":"","header-below-stick-meta":"","astra-migrate-meta-layouts":"set","ast-page-background-enabled":"default","ast-page-background-meta":{"desktop":{"background-color":"var(--ast-global-color-4)","background-image":"","background-repeat":"repeat","background-position":"center center","background-size":"auto","background-attachment":"scroll","background-type":"","background-media":"","overlay-type":"","overlay-color":"","overlay-opacity":"","overlay-gradient":""},"tablet":{"background-color":"","background-image":"","background-repeat":"repeat","background-position":"center center","background-size":"auto","background-attachment":"scroll","background-type":"","background-media":"","overlay-type":"","overlay-color":"","overlay-opacity":"","overlay-gradient":""},"mobile":{"background-color":"","background-image":"","background-repeat":"repeat","background-position":"center center","background-size":"auto","background-attachment":"scroll","background-type":"","background-media":"","overlay-type":"","overlay-color":"","overlay-opacity":"","overlay-gradient":""}},"ast-content-background-meta":{"desktop":{"background-color":"var(--ast-global-color-5)","background-image":"","background-repeat":"repeat","background-position":"center center","background-size":"auto","background-attachment":"scroll","background-type":"","background-media":"","overlay-type":"","overlay-color":"","overlay-opacity":"","overlay-gradient":""},"tablet":{"background-color":"var(--ast-global-color-5)","background-image":"","background-repeat":"repeat","background-position":"center center","background-size":"auto","background-attachment":"scroll","background-type":"","background-media":"","overlay-type":"","overlay-color":"","overlay-opacity":"","overlay-gradient":""},"mobile":{"background-color":"var(--ast-global-color-5)","background-image":"","background-repeat":"repeat","background-position":"center center","background-size":"auto","background-attachment":"scroll","background-type":"","background-media":"","overlay-type":"","overlay-color":"","overlay-opacity":"","overlay-gradient":""}},"footnotes":""},"class_list":["post-5905","page","type-page","status-publish","hentry"],"yoast_head":"<!-- This site is optimized with the Yoast SEO Premium plugin v24.2 (Yoast SEO v24.6) - https:\/\/yoast.com\/wordpress\/plugins\/seo\/ -->\n<title>Joaqu\u00edn Trincado - Uni\u00f3n Esp\u00edrita<\/title>\n<meta name=\"robots\" content=\"index, follow, max-snippet:-1, max-image-preview:large, max-video-preview:-1\" \/>\n<link rel=\"canonical\" href=\"https:\/\/nuevo-renacer.com\/pt\/joaquin-trincado\/\" \/>\n<meta property=\"og:locale\" content=\"pt_BR\" \/>\n<meta property=\"og:type\" content=\"article\" \/>\n<meta property=\"og:title\" content=\"Joaqu\u00edn Trincado\" \/>\n<meta property=\"og:description\" content=\"Joaqu\u00edn Trincado En el movimiento espiritista hispanoamericano, el nombre de Joaqu\u00edn Trincado es ampliamente conocido y respetado, tanto por su obra escrita como por el notable esfuerzo que realiz\u00f3 para divulgar los fundamentos del Espiritismo y colocarlos en sinton\u00eda con el progreso moral y social de la humanidad. Naci\u00f3 en Cintru\u00e9nigo, peque\u00f1a poblaci\u00f3n navarra, el [&hellip;]\" \/>\n<meta property=\"og:url\" content=\"https:\/\/nuevo-renacer.com\/pt\/joaquin-trincado\/\" \/>\n<meta property=\"og:site_name\" content=\"Uni\u00f3n Esp\u00edrita\" \/>\n<meta property=\"article:publisher\" content=\"https:\/\/www.facebook.com\/groups\/3431398063740829\" \/>\n<meta property=\"og:image\" content=\"https:\/\/nuevo-renacer.com\/wp-content\/uploads\/2024\/11\/JOAQUIN-TRINCADO-MATEO.png\" \/>\n\t<meta property=\"og:image:width\" content=\"487\" \/>\n\t<meta property=\"og:image:height\" content=\"572\" \/>\n\t<meta property=\"og:image:type\" content=\"image\/png\" \/>\n<meta name=\"twitter:card\" content=\"summary_large_image\" \/>\n<meta name=\"twitter:label1\" content=\"Est. tempo de leitura\" \/>\n\t<meta name=\"twitter:data1\" content=\"3 minutos\" \/>\n<script type=\"application\/ld+json\" class=\"yoast-schema-graph\">{\"@context\":\"https:\/\/schema.org\",\"@graph\":[{\"@type\":\"WebPage\",\"@id\":\"https:\/\/nuevo-renacer.com\/de\/joaquin-trincado\/\",\"url\":\"https:\/\/nuevo-renacer.com\/de\/joaquin-trincado\/\",\"name\":\"Joaqu\u00edn Trincado - Uni\u00f3n Esp\u00edrita\",\"isPartOf\":{\"@id\":\"https:\/\/nuevo-renacer.com\/#website\"},\"primaryImageOfPage\":{\"@id\":\"https:\/\/nuevo-renacer.com\/de\/joaquin-trincado\/#primaryimage\"},\"image\":{\"@id\":\"https:\/\/nuevo-renacer.com\/de\/joaquin-trincado\/#primaryimage\"},\"thumbnailUrl\":\"https:\/\/nuevo-renacer.com\/wp-content\/uploads\/2024\/11\/JOAQUIN-TRINCADO-MATEO.png\",\"datePublished\":\"2024-11-08T08:16:59+00:00\",\"breadcrumb\":{\"@id\":\"https:\/\/nuevo-renacer.com\/de\/joaquin-trincado\/#breadcrumb\"},\"inLanguage\":\"pt-BR\",\"potentialAction\":[{\"@type\":\"ReadAction\",\"target\":[\"https:\/\/nuevo-renacer.com\/de\/joaquin-trincado\/\"]}]},{\"@type\":\"ImageObject\",\"inLanguage\":\"pt-BR\",\"@id\":\"https:\/\/nuevo-renacer.com\/de\/joaquin-trincado\/#primaryimage\",\"url\":\"https:\/\/nuevo-renacer.com\/wp-content\/uploads\/2024\/11\/JOAQUIN-TRINCADO-MATEO.png\",\"contentUrl\":\"https:\/\/nuevo-renacer.com\/wp-content\/uploads\/2024\/11\/JOAQUIN-TRINCADO-MATEO.png\"},{\"@type\":\"BreadcrumbList\",\"@id\":\"https:\/\/nuevo-renacer.com\/de\/joaquin-trincado\/#breadcrumb\",\"itemListElement\":[{\"@type\":\"ListItem\",\"position\":1,\"name\":\"Startseite\",\"item\":\"https:\/\/nuevo-renacer.com\/\"},{\"@type\":\"ListItem\",\"position\":2,\"name\":\"Joaqu\u00edn Trincado\"}]},{\"@type\":\"WebSite\",\"@id\":\"https:\/\/nuevo-renacer.com\/#website\",\"url\":\"https:\/\/nuevo-renacer.com\/\",\"name\":\"Uni\u00f3n Esp\u00edrita\",\"description\":\"Nuevo Renacer\",\"publisher\":{\"@id\":\"https:\/\/nuevo-renacer.com\/#organization\"},\"potentialAction\":[{\"@type\":\"SearchAction\",\"target\":{\"@type\":\"EntryPoint\",\"urlTemplate\":\"https:\/\/nuevo-renacer.com\/?s={search_term_string}\"},\"query-input\":{\"@type\":\"PropertyValueSpecification\",\"valueRequired\":true,\"valueName\":\"search_term_string\"}}],\"inLanguage\":\"pt-BR\"},{\"@type\":\"Organization\",\"@id\":\"https:\/\/nuevo-renacer.com\/#organization\",\"name\":\"UFEC\",\"url\":\"https:\/\/nuevo-renacer.com\/\",\"logo\":{\"@type\":\"ImageObject\",\"inLanguage\":\"pt-BR\",\"@id\":\"https:\/\/nuevo-renacer.com\/#\/schema\/logo\/image\/\",\"url\":\"https:\/\/nuevo-renacer.com\/wp-content\/uploads\/2024\/05\/cropped-LOGO-TERMINADO1-3-3.png\",\"contentUrl\":\"https:\/\/nuevo-renacer.com\/wp-content\/uploads\/2024\/05\/cropped-LOGO-TERMINADO1-3-3.png\",\"width\":512,\"height\":512,\"caption\":\"UFEC\"},\"image\":{\"@id\":\"https:\/\/nuevo-renacer.com\/#\/schema\/logo\/image\/\"},\"sameAs\":[\"https:\/\/www.facebook.com\/groups\/3431398063740829\"]}]}<\/script>\n<!-- \/ Yoast SEO Premium plugin. -->","yoast_head_json":{"title":"Joaqu\u00edn Trincado - Uni\u00f3n Esp\u00edrita","robots":{"index":"index","follow":"follow","max-snippet":"max-snippet:-1","max-image-preview":"max-image-preview:large","max-video-preview":"max-video-preview:-1"},"canonical":"https:\/\/nuevo-renacer.com\/pt\/joaquin-trincado\/","og_locale":"pt_BR","og_type":"article","og_title":"Joaqu\u00edn Trincado","og_description":"Joaqu\u00edn Trincado En el movimiento espiritista hispanoamericano, el nombre de Joaqu\u00edn Trincado es ampliamente conocido y respetado, tanto por su obra escrita como por el notable esfuerzo que realiz\u00f3 para divulgar los fundamentos del Espiritismo y colocarlos en sinton\u00eda con el progreso moral y social de la humanidad. Naci\u00f3 en Cintru\u00e9nigo, peque\u00f1a poblaci\u00f3n navarra, el [&hellip;]","og_url":"https:\/\/nuevo-renacer.com\/pt\/joaquin-trincado\/","og_site_name":"Uni\u00f3n Esp\u00edrita","article_publisher":"https:\/\/www.facebook.com\/groups\/3431398063740829","og_image":[{"width":487,"height":572,"url":"https:\/\/nuevo-renacer.com\/wp-content\/uploads\/2024\/11\/JOAQUIN-TRINCADO-MATEO.png","type":"image\/png"}],"twitter_card":"summary_large_image","twitter_misc":{"Est. tempo de leitura":"3 minutos"},"schema":{"@context":"https:\/\/schema.org","@graph":[{"@type":"WebPage","@id":"https:\/\/nuevo-renacer.com\/de\/joaquin-trincado\/","url":"https:\/\/nuevo-renacer.com\/de\/joaquin-trincado\/","name":"Joaqu\u00edn Trincado - Uni\u00f3n Esp\u00edrita","isPartOf":{"@id":"https:\/\/nuevo-renacer.com\/#website"},"primaryImageOfPage":{"@id":"https:\/\/nuevo-renacer.com\/de\/joaquin-trincado\/#primaryimage"},"image":{"@id":"https:\/\/nuevo-renacer.com\/de\/joaquin-trincado\/#primaryimage"},"thumbnailUrl":"https:\/\/nuevo-renacer.com\/wp-content\/uploads\/2024\/11\/JOAQUIN-TRINCADO-MATEO.png","datePublished":"2024-11-08T08:16:59+00:00","breadcrumb":{"@id":"https:\/\/nuevo-renacer.com\/de\/joaquin-trincado\/#breadcrumb"},"inLanguage":"pt-BR","potentialAction":[{"@type":"ReadAction","target":["https:\/\/nuevo-renacer.com\/de\/joaquin-trincado\/"]}]},{"@type":"ImageObject","inLanguage":"pt-BR","@id":"https:\/\/nuevo-renacer.com\/de\/joaquin-trincado\/#primaryimage","url":"https:\/\/nuevo-renacer.com\/wp-content\/uploads\/2024\/11\/JOAQUIN-TRINCADO-MATEO.png","contentUrl":"https:\/\/nuevo-renacer.com\/wp-content\/uploads\/2024\/11\/JOAQUIN-TRINCADO-MATEO.png"},{"@type":"BreadcrumbList","@id":"https:\/\/nuevo-renacer.com\/de\/joaquin-trincado\/#breadcrumb","itemListElement":[{"@type":"ListItem","position":1,"name":"Startseite","item":"https:\/\/nuevo-renacer.com\/"},{"@type":"ListItem","position":2,"name":"Joaqu\u00edn Trincado"}]},{"@type":"WebSite","@id":"https:\/\/nuevo-renacer.com\/#website","url":"https:\/\/nuevo-renacer.com\/","name":"Uni\u00f3n Esp\u00edrita","description":"Nuevo Renacer","publisher":{"@id":"https:\/\/nuevo-renacer.com\/#organization"},"potentialAction":[{"@type":"SearchAction","target":{"@type":"EntryPoint","urlTemplate":"https:\/\/nuevo-renacer.com\/?s={search_term_string}"},"query-input":{"@type":"PropertyValueSpecification","valueRequired":true,"valueName":"search_term_string"}}],"inLanguage":"pt-BR"},{"@type":"Organization","@id":"https:\/\/nuevo-renacer.com\/#organization","name":"UFEC","url":"https:\/\/nuevo-renacer.com\/","logo":{"@type":"ImageObject","inLanguage":"pt-BR","@id":"https:\/\/nuevo-renacer.com\/#\/schema\/logo\/image\/","url":"https:\/\/nuevo-renacer.com\/wp-content\/uploads\/2024\/05\/cropped-LOGO-TERMINADO1-3-3.png","contentUrl":"https:\/\/nuevo-renacer.com\/wp-content\/uploads\/2024\/05\/cropped-LOGO-TERMINADO1-3-3.png","width":512,"height":512,"caption":"UFEC"},"image":{"@id":"https:\/\/nuevo-renacer.com\/#\/schema\/logo\/image\/"},"sameAs":["https:\/\/www.facebook.com\/groups\/3431398063740829"]}]}},"uagb_featured_image_src":{"full":false,"thumbnail":false,"medium":false,"medium_large":false,"large":false,"1536x1536":false,"2048x2048":false,"trp-custom-language-flag":false},"uagb_author_info":{"display_name":"adbv0","author_link":"https:\/\/nuevo-renacer.com\/pt\/author\/adbv0\/"},"uagb_comment_info":0,"uagb_excerpt":"Joaqu\u00edn Trincado En el movimiento espiritista hispanoamericano, el nombre de Joaqu\u00edn Trincado es ampliamente conocido y respetado, tanto por su obra escrita como por el notable esfuerzo que realiz\u00f3 para divulgar los fundamentos del Espiritismo y colocarlos en sinton\u00eda con el progreso moral y social de la humanidad. Naci\u00f3 en Cintru\u00e9nigo, peque\u00f1a poblaci\u00f3n navarra, el&hellip;","jetpack_sharing_enabled":true,"_links":{"self":[{"href":"https:\/\/nuevo-renacer.com\/pt\/wp-json\/wp\/v2\/pages\/5905","targetHints":{"allow":["GET"]}}],"collection":[{"href":"https:\/\/nuevo-renacer.com\/pt\/wp-json\/wp\/v2\/pages"}],"about":[{"href":"https:\/\/nuevo-renacer.com\/pt\/wp-json\/wp\/v2\/types\/page"}],"author":[{"embeddable":true,"href":"https:\/\/nuevo-renacer.com\/pt\/wp-json\/wp\/v2\/users\/1"}],"replies":[{"embeddable":true,"href":"https:\/\/nuevo-renacer.com\/pt\/wp-json\/wp\/v2\/comments?post=5905"}],"version-history":[{"count":1,"href":"https:\/\/nuevo-renacer.com\/pt\/wp-json\/wp\/v2\/pages\/5905\/revisions"}],"predecessor-version":[{"id":5909,"href":"https:\/\/nuevo-renacer.com\/pt\/wp-json\/wp\/v2\/pages\/5905\/revisions\/5909"}],"wp:attachment":[{"href":"https:\/\/nuevo-renacer.com\/pt\/wp-json\/wp\/v2\/media?parent=5905"}],"curies":[{"name":"wp","href":"https:\/\/api.w.org\/{rel}","templated":true}]}}