{"id":5900,"date":"2024-11-07T08:08:40","date_gmt":"2024-11-07T08:08:40","guid":{"rendered":"https:\/\/nuevo-renacer.com\/?page_id=5900"},"modified":"2024-11-07T08:08:40","modified_gmt":"2024-11-07T08:08:40","slug":"filomento-de-miranda","status":"publish","type":"page","link":"https:\/\/nuevo-renacer.com\/pt\/filomento-de-miranda\/","title":{"rendered":"Filomento de Miranda"},"content":{"rendered":"<div class=\"wp-block-uagb-container uagb-block-60c434ec alignfull uagb-is-root-container\"><div class=\"uagb-container-inner-blocks-wrap\">\n<p class=\"has-black-color has-text-color has-link-color has-medium-font-size wp-elements-37c6eb66b99f3c662736c89fa9f5a1e4\"><strong>Filomento de Miranda<\/strong><\/p>\n<\/div><\/div>\n\n\n\n<div class=\"wp-block-uagb-container uagb-block-3a7622c4 alignfull uagb-is-root-container\"><div class=\"uagb-container-inner-blocks-wrap\">\n<figure class=\"wp-block-image size-full is-resized\"><img decoding=\"async\" width=\"191\" height=\"254\" src=\"https:\/\/nuevo-renacer.com\/wp-content\/uploads\/2024\/11\/miranda.jpg\" alt=\"\" class=\"wp-image-5901\" style=\"width:229px;height:auto\" srcset=\"https:\/\/nuevo-renacer.com\/wp-content\/uploads\/2024\/11\/miranda.jpg 191w, https:\/\/nuevo-renacer.com\/wp-content\/uploads\/2024\/11\/miranda-9x12.jpg 9w\" sizes=\"(max-width: 191px) 100vw, 191px\" \/><\/figure>\n<\/div><\/div>\n\n\n\n<div class=\"wp-block-uagb-container uagb-block-1d4fed59 alignfull uagb-is-root-container\"><div class=\"uagb-container-inner-blocks-wrap\">\n<p class=\"has-black-color has-text-color has-link-color has-small-font-size wp-elements-503e79b1e4c7681bda08c0093320d94b\">Mais conhecido como Filomeno de Miranda: foi por muitos anos um destacado colaborador do Movimento Esp\u00edrita Baiano, culminando com sua elei\u00e7\u00e3o para a Presid\u00eancia da Uni\u00e3o Esp\u00edrita Baiana, em substitui\u00e7\u00e3o a Jos\u00e9 Petitinga, quando este retornou ao Plano Espiritual, em 25 de maio de 1939, em Salvador.<\/p>\n\n\n\n<p class=\"has-black-color has-text-color has-link-color has-small-font-size wp-elements-6b4f804bbb3ba44bcd663faa25c8bb94\">Manuel Filomeno de Baptista de Miranda nasceu em 14 de novembro de 1876: em Jangada, munic\u00edpio de Conde, no Estado da Bahia. Seus pais eram Manoel Baptista de Miranda e Dona Umbelina Maria de Concepcion.<\/p>\n\n\n\n<p class=\"has-black-color has-text-color has-link-color has-small-font-size wp-elements-aa36ded5cd5681956fbbd611ef6d8c29\">Formou-se na Escola Municipal da Bahia, hoje Faculdade de Ci\u00eancias Econ\u00f4micas da Universidade Federal da Bahia: graduou-se em 1910 com o t\u00edtulo de Bacharel em Com\u00e9rcio e Finan\u00e7as. Exerceu sua profiss\u00e3o com grande retid\u00e3o: foi um exemplo de efici\u00eancia no campo profissional. Sempre ajudou quem lhe pedia ajuda, mesmo que n\u00e3o pudesse pagar por seus servi\u00e7os. <\/p>\n\n\n\n<p class=\"has-black-color has-text-color has-link-color has-small-font-size wp-elements-635adc0e3d2663adc9ed2002d17046d0\">Era t\u00e3o grande em sua conduta quanto em sua mod\u00e9stia. Debilitado por uma doen\u00e7a persistente, em 1914, tendo consultado v\u00e1rios m\u00e9dicos sem resultados positivos, foi curado pelo m\u00e9dium Saturnino Favila, na cidade de Alagoi\u00f1as, com passes e \u00e1gua fluidificada, complementando a cura com alguns rem\u00e9dios de Plantas Medicinais.<\/p>\n\n\n\n<p class=\"has-black-color has-text-color has-link-color has-small-font-size wp-elements-fb16e3a00d30d1ed97f27e46e5e49005\">Nessa \u00e9poca, em uma viagem a Salvador, conheceu Jos\u00e9 Petitinga, que o convidou para frequentar a Uni\u00e3o Esp\u00edrita Baiana. A partir de ent\u00e3o, Filomeno de Miranda passou a se interessar pelo estudo e pela pr\u00e1tica do Espiritismo, tornando-se um dos mais fortes seguidores de seus ensinamentos. Disc\u00edpulo fiel de Petitinga, foi um verdadeiro embaixador do Movimento Esp\u00edrita Baiano, com capacidade para resolver todos os assuntos pertinentes aos Centros Esp\u00edritas. <\/p>\n\n\n\n<p class=\"has-black-color has-text-color has-link-color has-small-font-size wp-elements-383b166074c869a1698f57fd6d82fe2c\">A servi\u00e7o da Causa, visitava regularmente as Sociedades Esp\u00edritas da Capital e do Interior, buscando solu\u00e7\u00f5es para qualquer dificuldade. Delicado, educado e, acima de tudo, determinado em seu trabalho, n\u00e3o dava tr\u00e9gua aos ataques insensatos cometidos por religiosos e cientistas que tentavam desacreditar o trabalho dos esp\u00edritas.<\/p>\n<\/div><\/div>\n\n\n\n<div class=\"wp-block-uagb-container uagb-block-806b7766 alignfull uagb-is-root-container\"><div class=\"uagb-container-inner-blocks-wrap\"><\/div><\/div>\n\n\n\n<div class=\"wp-block-uagb-container uagb-block-bb2b45cb alignfull uagb-is-root-container\"><div class=\"uagb-container-inner-blocks-wrap\"><\/div><\/div>","protected":false},"excerpt":{"rendered":"<p>Filomento de Miranda M\u00e1s conocido como Filomeno de Miranda: fue durante muchos a\u00f1os colaborador destacado del Movimiento Espirita de Bah\u00eda, culminando con su elecci\u00f3n para la Presidencia de la Uni\u00f3n Espirita Baiana, sustituyendo a Jose Petitinga, cuando \u00e9ste retom\u00f3 al Plano Espiritual, el 25 de mayo de 1939, en Salvador. Manuel Filomeno de Baptista de [&hellip;]<\/p>","protected":false},"author":1,"featured_media":0,"parent":0,"menu_order":0,"comment_status":"closed","ping_status":"closed","template":"","meta":{"_uag_custom_page_level_css":"","site-sidebar-layout":"default","site-content-layout":"","ast-site-content-layout":"default","site-content-style":"default","site-sidebar-style":"default","ast-global-header-display":"","ast-banner-title-visibility":"","ast-main-header-display":"","ast-hfb-above-header-display":"","ast-hfb-below-header-display":"","ast-hfb-mobile-header-display":"","site-post-title":"disabled","ast-breadcrumbs-content":"","ast-featured-img":"","footer-sml-layout":"","theme-transparent-header-meta":"","adv-header-id-meta":"","stick-header-meta":"","header-above-stick-meta":"","header-main-stick-meta":"","header-below-stick-meta":"","astra-migrate-meta-layouts":"set","ast-page-background-enabled":"default","ast-page-background-meta":{"desktop":{"background-color":"var(--ast-global-color-4)","background-image":"","background-repeat":"repeat","background-position":"center center","background-size":"auto","background-attachment":"scroll","background-type":"","background-media":"","overlay-type":"","overlay-color":"","overlay-opacity":"","overlay-gradient":""},"tablet":{"background-color":"","background-image":"","background-repeat":"repeat","background-position":"center center","background-size":"auto","background-attachment":"scroll","background-type":"","background-media":"","overlay-type":"","overlay-color":"","overlay-opacity":"","overlay-gradient":""},"mobile":{"background-color":"","background-image":"","background-repeat":"repeat","background-position":"center center","background-size":"auto","background-attachment":"scroll","background-type":"","background-media":"","overlay-type":"","overlay-color":"","overlay-opacity":"","overlay-gradient":""}},"ast-content-background-meta":{"desktop":{"background-color":"var(--ast-global-color-5)","background-image":"","background-repeat":"repeat","background-position":"center center","background-size":"auto","background-attachment":"scroll","background-type":"","background-media":"","overlay-type":"","overlay-color":"","overlay-opacity":"","overlay-gradient":""},"tablet":{"background-color":"var(--ast-global-color-5)","background-image":"","background-repeat":"repeat","background-position":"center center","background-size":"auto","background-attachment":"scroll","background-type":"","background-media":"","overlay-type":"","overlay-color":"","overlay-opacity":"","overlay-gradient":""},"mobile":{"background-color":"var(--ast-global-color-5)","background-image":"","background-repeat":"repeat","background-position":"center center","background-size":"auto","background-attachment":"scroll","background-type":"","background-media":"","overlay-type":"","overlay-color":"","overlay-opacity":"","overlay-gradient":""}},"footnotes":""},"class_list":["post-5900","page","type-page","status-publish","hentry"],"yoast_head":"<!-- This site is optimized with the Yoast SEO Premium plugin v24.2 (Yoast SEO v24.6) - https:\/\/yoast.com\/wordpress\/plugins\/seo\/ -->\n<title>Filomento de Miranda - Uni\u00f3n Esp\u00edrita<\/title>\n<meta name=\"robots\" content=\"index, follow, max-snippet:-1, max-image-preview:large, max-video-preview:-1\" \/>\n<link rel=\"canonical\" href=\"https:\/\/nuevo-renacer.com\/pt\/filomento-de-miranda\/\" \/>\n<meta property=\"og:locale\" content=\"pt_BR\" \/>\n<meta property=\"og:type\" content=\"article\" \/>\n<meta property=\"og:title\" content=\"Filomento de Miranda\" \/>\n<meta property=\"og:description\" content=\"Filomento de Miranda M\u00e1s conocido como Filomeno de Miranda: fue durante muchos a\u00f1os colaborador destacado del Movimiento Espirita de Bah\u00eda, culminando con su elecci\u00f3n para la Presidencia de la Uni\u00f3n Espirita Baiana, sustituyendo a Jose Petitinga, cuando \u00e9ste retom\u00f3 al Plano Espiritual, el 25 de mayo de 1939, en Salvador. Manuel Filomeno de Baptista de [&hellip;]\" \/>\n<meta property=\"og:url\" content=\"https:\/\/nuevo-renacer.com\/pt\/filomento-de-miranda\/\" \/>\n<meta property=\"og:site_name\" content=\"Uni\u00f3n Esp\u00edrita\" \/>\n<meta property=\"article:publisher\" content=\"https:\/\/www.facebook.com\/groups\/3431398063740829\" \/>\n<meta property=\"og:image\" content=\"https:\/\/nuevo-renacer.com\/wp-content\/uploads\/2024\/11\/miranda.jpg\" \/>\n\t<meta property=\"og:image:width\" content=\"191\" \/>\n\t<meta property=\"og:image:height\" content=\"254\" \/>\n\t<meta property=\"og:image:type\" content=\"image\/jpeg\" \/>\n<meta name=\"twitter:card\" content=\"summary_large_image\" \/>\n<meta name=\"twitter:label1\" content=\"Est. tempo de leitura\" \/>\n\t<meta name=\"twitter:data1\" content=\"2 minutos\" \/>\n<script type=\"application\/ld+json\" class=\"yoast-schema-graph\">{\"@context\":\"https:\/\/schema.org\",\"@graph\":[{\"@type\":\"WebPage\",\"@id\":\"https:\/\/nuevo-renacer.com\/filomento-de-miranda\/\",\"url\":\"https:\/\/nuevo-renacer.com\/filomento-de-miranda\/\",\"name\":\"Filomento de Miranda - Uni\u00f3n Esp\u00edrita\",\"isPartOf\":{\"@id\":\"https:\/\/nuevo-renacer.com\/#website\"},\"primaryImageOfPage\":{\"@id\":\"https:\/\/nuevo-renacer.com\/filomento-de-miranda\/#primaryimage\"},\"image\":{\"@id\":\"https:\/\/nuevo-renacer.com\/filomento-de-miranda\/#primaryimage\"},\"thumbnailUrl\":\"https:\/\/nuevo-renacer.com\/wp-content\/uploads\/2024\/11\/miranda.jpg\",\"datePublished\":\"2024-11-07T08:08:40+00:00\",\"breadcrumb\":{\"@id\":\"https:\/\/nuevo-renacer.com\/filomento-de-miranda\/#breadcrumb\"},\"inLanguage\":\"pt-BR\",\"potentialAction\":[{\"@type\":\"ReadAction\",\"target\":[\"https:\/\/nuevo-renacer.com\/filomento-de-miranda\/\"]}]},{\"@type\":\"ImageObject\",\"inLanguage\":\"pt-BR\",\"@id\":\"https:\/\/nuevo-renacer.com\/filomento-de-miranda\/#primaryimage\",\"url\":\"https:\/\/nuevo-renacer.com\/wp-content\/uploads\/2024\/11\/miranda.jpg\",\"contentUrl\":\"https:\/\/nuevo-renacer.com\/wp-content\/uploads\/2024\/11\/miranda.jpg\"},{\"@type\":\"BreadcrumbList\",\"@id\":\"https:\/\/nuevo-renacer.com\/filomento-de-miranda\/#breadcrumb\",\"itemListElement\":[{\"@type\":\"ListItem\",\"position\":1,\"name\":\"Startseite\",\"item\":\"https:\/\/nuevo-renacer.com\/\"},{\"@type\":\"ListItem\",\"position\":2,\"name\":\"Filomento de Miranda\"}]},{\"@type\":\"WebSite\",\"@id\":\"https:\/\/nuevo-renacer.com\/#website\",\"url\":\"https:\/\/nuevo-renacer.com\/\",\"name\":\"Uni\u00f3n Esp\u00edrita\",\"description\":\"Nuevo Renacer\",\"publisher\":{\"@id\":\"https:\/\/nuevo-renacer.com\/#organization\"},\"potentialAction\":[{\"@type\":\"SearchAction\",\"target\":{\"@type\":\"EntryPoint\",\"urlTemplate\":\"https:\/\/nuevo-renacer.com\/?s={search_term_string}\"},\"query-input\":{\"@type\":\"PropertyValueSpecification\",\"valueRequired\":true,\"valueName\":\"search_term_string\"}}],\"inLanguage\":\"pt-BR\"},{\"@type\":\"Organization\",\"@id\":\"https:\/\/nuevo-renacer.com\/#organization\",\"name\":\"UFEC\",\"url\":\"https:\/\/nuevo-renacer.com\/\",\"logo\":{\"@type\":\"ImageObject\",\"inLanguage\":\"pt-BR\",\"@id\":\"https:\/\/nuevo-renacer.com\/#\/schema\/logo\/image\/\",\"url\":\"https:\/\/nuevo-renacer.com\/wp-content\/uploads\/2024\/05\/cropped-LOGO-TERMINADO1-3-3.png\",\"contentUrl\":\"https:\/\/nuevo-renacer.com\/wp-content\/uploads\/2024\/05\/cropped-LOGO-TERMINADO1-3-3.png\",\"width\":512,\"height\":512,\"caption\":\"UFEC\"},\"image\":{\"@id\":\"https:\/\/nuevo-renacer.com\/#\/schema\/logo\/image\/\"},\"sameAs\":[\"https:\/\/www.facebook.com\/groups\/3431398063740829\"]}]}<\/script>\n<!-- \/ Yoast SEO Premium plugin. -->","yoast_head_json":{"title":"Filomento de Miranda - Uni\u00f3n Esp\u00edrita","robots":{"index":"index","follow":"follow","max-snippet":"max-snippet:-1","max-image-preview":"max-image-preview:large","max-video-preview":"max-video-preview:-1"},"canonical":"https:\/\/nuevo-renacer.com\/pt\/filomento-de-miranda\/","og_locale":"pt_BR","og_type":"article","og_title":"Filomento de Miranda","og_description":"Filomento de Miranda M\u00e1s conocido como Filomeno de Miranda: fue durante muchos a\u00f1os colaborador destacado del Movimiento Espirita de Bah\u00eda, culminando con su elecci\u00f3n para la Presidencia de la Uni\u00f3n Espirita Baiana, sustituyendo a Jose Petitinga, cuando \u00e9ste retom\u00f3 al Plano Espiritual, el 25 de mayo de 1939, en Salvador. Manuel Filomeno de Baptista de [&hellip;]","og_url":"https:\/\/nuevo-renacer.com\/pt\/filomento-de-miranda\/","og_site_name":"Uni\u00f3n Esp\u00edrita","article_publisher":"https:\/\/www.facebook.com\/groups\/3431398063740829","og_image":[{"width":191,"height":254,"url":"https:\/\/nuevo-renacer.com\/wp-content\/uploads\/2024\/11\/miranda.jpg","type":"image\/jpeg"}],"twitter_card":"summary_large_image","twitter_misc":{"Est. tempo de leitura":"2 minutos"},"schema":{"@context":"https:\/\/schema.org","@graph":[{"@type":"WebPage","@id":"https:\/\/nuevo-renacer.com\/filomento-de-miranda\/","url":"https:\/\/nuevo-renacer.com\/filomento-de-miranda\/","name":"Filomento de Miranda - Uni\u00f3n Esp\u00edrita","isPartOf":{"@id":"https:\/\/nuevo-renacer.com\/#website"},"primaryImageOfPage":{"@id":"https:\/\/nuevo-renacer.com\/filomento-de-miranda\/#primaryimage"},"image":{"@id":"https:\/\/nuevo-renacer.com\/filomento-de-miranda\/#primaryimage"},"thumbnailUrl":"https:\/\/nuevo-renacer.com\/wp-content\/uploads\/2024\/11\/miranda.jpg","datePublished":"2024-11-07T08:08:40+00:00","breadcrumb":{"@id":"https:\/\/nuevo-renacer.com\/filomento-de-miranda\/#breadcrumb"},"inLanguage":"pt-BR","potentialAction":[{"@type":"ReadAction","target":["https:\/\/nuevo-renacer.com\/filomento-de-miranda\/"]}]},{"@type":"ImageObject","inLanguage":"pt-BR","@id":"https:\/\/nuevo-renacer.com\/filomento-de-miranda\/#primaryimage","url":"https:\/\/nuevo-renacer.com\/wp-content\/uploads\/2024\/11\/miranda.jpg","contentUrl":"https:\/\/nuevo-renacer.com\/wp-content\/uploads\/2024\/11\/miranda.jpg"},{"@type":"BreadcrumbList","@id":"https:\/\/nuevo-renacer.com\/filomento-de-miranda\/#breadcrumb","itemListElement":[{"@type":"ListItem","position":1,"name":"Startseite","item":"https:\/\/nuevo-renacer.com\/"},{"@type":"ListItem","position":2,"name":"Filomento de Miranda"}]},{"@type":"WebSite","@id":"https:\/\/nuevo-renacer.com\/#website","url":"https:\/\/nuevo-renacer.com\/","name":"Uni\u00f3n Esp\u00edrita","description":"Nuevo Renacer","publisher":{"@id":"https:\/\/nuevo-renacer.com\/#organization"},"potentialAction":[{"@type":"SearchAction","target":{"@type":"EntryPoint","urlTemplate":"https:\/\/nuevo-renacer.com\/?s={search_term_string}"},"query-input":{"@type":"PropertyValueSpecification","valueRequired":true,"valueName":"search_term_string"}}],"inLanguage":"pt-BR"},{"@type":"Organization","@id":"https:\/\/nuevo-renacer.com\/#organization","name":"UFEC","url":"https:\/\/nuevo-renacer.com\/","logo":{"@type":"ImageObject","inLanguage":"pt-BR","@id":"https:\/\/nuevo-renacer.com\/#\/schema\/logo\/image\/","url":"https:\/\/nuevo-renacer.com\/wp-content\/uploads\/2024\/05\/cropped-LOGO-TERMINADO1-3-3.png","contentUrl":"https:\/\/nuevo-renacer.com\/wp-content\/uploads\/2024\/05\/cropped-LOGO-TERMINADO1-3-3.png","width":512,"height":512,"caption":"UFEC"},"image":{"@id":"https:\/\/nuevo-renacer.com\/#\/schema\/logo\/image\/"},"sameAs":["https:\/\/www.facebook.com\/groups\/3431398063740829"]}]}},"uagb_featured_image_src":{"full":false,"thumbnail":false,"medium":false,"medium_large":false,"large":false,"1536x1536":false,"2048x2048":false,"trp-custom-language-flag":false},"uagb_author_info":{"display_name":"adbv0","author_link":"https:\/\/nuevo-renacer.com\/pt\/author\/adbv0\/"},"uagb_comment_info":0,"uagb_excerpt":"Filomento de Miranda M\u00e1s conocido como Filomeno de Miranda: fue durante muchos a\u00f1os colaborador destacado del Movimiento Espirita de Bah\u00eda, culminando con su elecci\u00f3n para la Presidencia de la Uni\u00f3n Espirita Baiana, sustituyendo a Jose Petitinga, cuando \u00e9ste retom\u00f3 al Plano Espiritual, el 25 de mayo de 1939, en Salvador. Manuel Filomeno de Baptista de&hellip;","jetpack_sharing_enabled":true,"_links":{"self":[{"href":"https:\/\/nuevo-renacer.com\/pt\/wp-json\/wp\/v2\/pages\/5900","targetHints":{"allow":["GET"]}}],"collection":[{"href":"https:\/\/nuevo-renacer.com\/pt\/wp-json\/wp\/v2\/pages"}],"about":[{"href":"https:\/\/nuevo-renacer.com\/pt\/wp-json\/wp\/v2\/types\/page"}],"author":[{"embeddable":true,"href":"https:\/\/nuevo-renacer.com\/pt\/wp-json\/wp\/v2\/users\/1"}],"replies":[{"embeddable":true,"href":"https:\/\/nuevo-renacer.com\/pt\/wp-json\/wp\/v2\/comments?post=5900"}],"version-history":[{"count":1,"href":"https:\/\/nuevo-renacer.com\/pt\/wp-json\/wp\/v2\/pages\/5900\/revisions"}],"predecessor-version":[{"id":5902,"href":"https:\/\/nuevo-renacer.com\/pt\/wp-json\/wp\/v2\/pages\/5900\/revisions\/5902"}],"wp:attachment":[{"href":"https:\/\/nuevo-renacer.com\/pt\/wp-json\/wp\/v2\/media?parent=5900"}],"curies":[{"name":"wp","href":"https:\/\/api.w.org\/{rel}","templated":true}]}}