{"id":5871,"date":"2024-11-06T11:07:09","date_gmt":"2024-11-06T11:07:09","guid":{"rendered":"https:\/\/nuevo-renacer.com\/?page_id=5871"},"modified":"2025-01-03T13:16:04","modified_gmt":"2025-01-03T13:16:04","slug":"rudolf-steiner","status":"publish","type":"page","link":"https:\/\/nuevo-renacer.com\/pt\/rudolf-steiner\/","title":{"rendered":"Rudolf Steiner"},"content":{"rendered":"<div class=\"wp-block-uagb-container uagb-block-c553f31a alignfull uagb-is-root-container\"><div class=\"uagb-container-inner-blocks-wrap\">\n<p class=\"has-black-color has-text-color has-link-color has-medium-font-size wp-elements-b8a32ab7c3927d7d54d10fa4efff93ce\"><strong>Rudolf Steiner<\/strong><\/p>\n<\/div><\/div>\n\n\n\n<div class=\"wp-block-uagb-container uagb-block-05b52770 alignfull uagb-is-root-container\"><div class=\"uagb-container-inner-blocks-wrap\">\n<figure class=\"wp-block-image size-large is-resized\"><img fetchpriority=\"high\" decoding=\"async\" width=\"698\" height=\"1024\" src=\"https:\/\/nuevo-renacer.com\/wp-content\/uploads\/2024\/11\/Rudolf-Steiner-lebenstationen-Berlin-698x1024.jpg\" alt=\"\" class=\"wp-image-5872\" style=\"width:239px;height:auto\" srcset=\"https:\/\/nuevo-renacer.com\/wp-content\/uploads\/2024\/11\/Rudolf-Steiner-lebenstationen-Berlin-698x1024.jpg 698w, https:\/\/nuevo-renacer.com\/wp-content\/uploads\/2024\/11\/Rudolf-Steiner-lebenstationen-Berlin-204x300.jpg 204w, https:\/\/nuevo-renacer.com\/wp-content\/uploads\/2024\/11\/Rudolf-Steiner-lebenstationen-Berlin-768x1127.jpg 768w, https:\/\/nuevo-renacer.com\/wp-content\/uploads\/2024\/11\/Rudolf-Steiner-lebenstationen-Berlin-8x12.jpg 8w, https:\/\/nuevo-renacer.com\/wp-content\/uploads\/2024\/11\/Rudolf-Steiner-lebenstationen-Berlin.jpg 800w\" sizes=\"(max-width: 698px) 100vw, 698px\" \/><\/figure>\n<\/div><\/div>\n\n\n\n<div class=\"wp-block-uagb-container uagb-block-89f25fed alignfull uagb-is-root-container\"><div class=\"uagb-container-inner-blocks-wrap\">\n<p class=\"has-black-color has-text-color has-link-color has-small-font-size wp-elements-6dcf05e3b65ddd5b5320e01c004e76fa\">Rudolf Steiner nasceu em 27 de fevereiro de 1861 em Kraljevec, na antiga Hungria, hoje Cro\u00e1cia (na foto, em p\u00e9 com sua irm\u00e3 mais nova). Ele passou sua inf\u00e2ncia em Pottschach. Seu pai trabalhava l\u00e1 como telegrafista para a Austrian Southern Railways. A fam\u00edlia, \u00e0 qual se juntaram ao longo dos anos uma irm\u00e3 e um irm\u00e3o, morava no pr\u00e9dio da esta\u00e7\u00e3o, bem pr\u00f3ximo aos trilhos da ferrovia. Esse ambiente permitiu que ele experimentasse a polaridade da natureza e da tecnologia.<\/p>\n\n\n\n<div class=\"wp-block-uagb-container uagb-block-6bf70f28\">\n<figure class=\"wp-block-image size-large is-resized\"><img decoding=\"async\" width=\"698\" height=\"1024\" src=\"https:\/\/nuevo-renacer.com\/wp-content\/uploads\/2024\/11\/Rudolf-Steiner-lebenstationen-Kraljevec-698x1024.jpg\" alt=\"\" class=\"wp-image-5873\" style=\"width:221px;height:auto\" srcset=\"https:\/\/nuevo-renacer.com\/wp-content\/uploads\/2024\/11\/Rudolf-Steiner-lebenstationen-Kraljevec-698x1024.jpg 698w, https:\/\/nuevo-renacer.com\/wp-content\/uploads\/2024\/11\/Rudolf-Steiner-lebenstationen-Kraljevec-204x300.jpg 204w, https:\/\/nuevo-renacer.com\/wp-content\/uploads\/2024\/11\/Rudolf-Steiner-lebenstationen-Kraljevec-768x1127.jpg 768w, https:\/\/nuevo-renacer.com\/wp-content\/uploads\/2024\/11\/Rudolf-Steiner-lebenstationen-Kraljevec-8x12.jpg 8w, https:\/\/nuevo-renacer.com\/wp-content\/uploads\/2024\/11\/Rudolf-Steiner-lebenstationen-Kraljevec.jpg 800w\" sizes=\"(max-width: 698px) 100vw, 698px\" \/><\/figure>\n<\/div>\n\n\n\n<p class=\"has-black-color has-text-color has-link-color has-small-font-size wp-elements-97e555e0b12a739789af6492a816a316\">Aos 18 anos de idade, Rudolf Steiner come\u00e7ou a estudar na Universidade T\u00e9cnica de Viena. L\u00e1 ele estudou inicialmente biologia, qu\u00edmica, f\u00edsica e matem\u00e1tica. No entanto, suas quest\u00f5es internas se concentraram na natureza do homem e ele se voltou cada vez mais para a filosofia. O fen\u00f4meno da \u201cconsci\u00eancia do eu\u201d tornou-se um de seus estudos centrais.<\/p>\n\n\n\n<p class=\"has-black-color has-text-color has-link-color has-small-font-size wp-elements-57df074a77b3f4634b9e96ecbe58c046\">Aos 29 anos de idade, Rudolf Steiner ingressou no Goethe-Schiller-Archive em Weimar. Al\u00e9m dos escritos cient\u00edficos de Goethe, ele publica a edi\u00e7\u00e3o completa de Schopenhauer e Jean Paul (publicada pela Cotta), escreve quatro livros, incluindo \u201cA Filosofia da Liberdade\u201d, e inicia sua atividade como palestrante. Ele conhece personalidades como Ernst Haeckel, Hermann Grimm e Friedrich Nietzsche.<\/p>\n\n\n\n<div class=\"wp-block-uagb-container uagb-block-2eed5559\">\n<figure class=\"wp-block-image size-large is-resized\"><img decoding=\"async\" width=\"698\" height=\"1024\" src=\"https:\/\/nuevo-renacer.com\/wp-content\/uploads\/2024\/11\/Rudolf-Steiner-lebenstationen-Wien-698x1024.jpg\" alt=\"\" class=\"wp-image-5874\" style=\"width:221px\" srcset=\"https:\/\/nuevo-renacer.com\/wp-content\/uploads\/2024\/11\/Rudolf-Steiner-lebenstationen-Wien-698x1024.jpg 698w, https:\/\/nuevo-renacer.com\/wp-content\/uploads\/2024\/11\/Rudolf-Steiner-lebenstationen-Wien-204x300.jpg 204w, https:\/\/nuevo-renacer.com\/wp-content\/uploads\/2024\/11\/Rudolf-Steiner-lebenstationen-Wien-768x1127.jpg 768w, https:\/\/nuevo-renacer.com\/wp-content\/uploads\/2024\/11\/Rudolf-Steiner-lebenstationen-Wien-8x12.jpg 8w, https:\/\/nuevo-renacer.com\/wp-content\/uploads\/2024\/11\/Rudolf-Steiner-lebenstationen-Wien.jpg 800w\" sizes=\"(max-width: 698px) 100vw, 698px\" \/><\/figure>\n<\/div>\n\n\n\n<p class=\"has-black-color has-text-color has-link-color has-small-font-size wp-elements-31323c6ca6d6db8f12e3d12005fd71e6\">Durante sua estada em Berlim, trabalhou como editor da revista Magazin f\u00fcr Literatur (Revista de Literatura) e como professor na Arbeiter-Bildungsschule (Escola de Treinamento Vocacional). Tornou-se presidente do c\u00edrculo \u201cDie Kommenden\u201d (Os que est\u00e3o por vir), onde se reunia semanalmente com o cen\u00e1rio art\u00edstico e cultural contempor\u00e2neo. Suas palestras em c\u00edrculos teos\u00f3ficos formaram a base de sua Sociedade Antropos\u00f3fica, fundada em 1913.<\/p>\n\n\n\n<div class=\"wp-block-uagb-container uagb-block-84883d37\">\n<figure class=\"wp-block-image size-large is-resized\"><img loading=\"lazy\" decoding=\"async\" width=\"698\" height=\"1024\" src=\"https:\/\/nuevo-renacer.com\/wp-content\/uploads\/2024\/11\/Rudolf-Steiner-lebenstationen-Dornach-698x1024.jpg\" alt=\"\" class=\"wp-image-5875\" style=\"width:221px\" srcset=\"https:\/\/nuevo-renacer.com\/wp-content\/uploads\/2024\/11\/Rudolf-Steiner-lebenstationen-Dornach-698x1024.jpg 698w, https:\/\/nuevo-renacer.com\/wp-content\/uploads\/2024\/11\/Rudolf-Steiner-lebenstationen-Dornach-204x300.jpg 204w, https:\/\/nuevo-renacer.com\/wp-content\/uploads\/2024\/11\/Rudolf-Steiner-lebenstationen-Dornach-768x1127.jpg 768w, https:\/\/nuevo-renacer.com\/wp-content\/uploads\/2024\/11\/Rudolf-Steiner-lebenstationen-Dornach-8x12.jpg 8w, https:\/\/nuevo-renacer.com\/wp-content\/uploads\/2024\/11\/Rudolf-Steiner-lebenstationen-Dornach.jpg 800w\" sizes=\"(max-width: 698px) 100vw, 698px\" \/><\/figure>\n<\/div>\n\n\n\n<p class=\"has-black-color has-text-color has-link-color has-small-font-size wp-elements-4d992bd30d8945aac0480bb1d26825bf\">Com a mudan\u00e7a para Dornach e a constru\u00e7\u00e3o do Goetheanum, a Antroposofia come\u00e7ou a se tornar vis\u00edvel no mundo. Steiner mudou muitas coisas em muitas \u00e1reas da vida e colocou novas coisas em movimento. Ele deu um novo impulso \u00e0 educa\u00e7\u00e3o, \u00e0 medicina, \u00e0 agricultura, \u00e0 arte, \u00e0 religi\u00e3o e \u00e0 pol\u00edtica, o que continua a ter impacto at\u00e9 hoje.<\/p>\n\n\n\n<p class=\"has-black-color has-text-color has-link-color has-small-font-size wp-elements-b609f4b57d0e93dbba5c0439f868bd8d\">Durante esse per\u00edodo, ele se interessou muito pelas preocupa\u00e7\u00f5es interiores de outras pessoas e entrou em contato com muitos contempor\u00e2neos famosos, como Else Lasker Sch\u00fcler, Rainer Maria Rilke, Andrej Belyi, Ernst Haeckel e Hermann Grimm. Aos 33 anos de idade, escreveu sua principal obra filos\u00f3fica, The Philosophy of Freedom (A Filosofia da Liberdade), a base da ci\u00eancia espiritual antropos\u00f3fica, que aprofundou e expandiu em cerca de trinta publica\u00e7\u00f5es subsequentes. Ele tamb\u00e9m publicou v\u00e1rios artigos, ensaios e resenhas sobre hist\u00f3ria cultural e contempor\u00e2nea.<\/p>\n\n\n\n<p class=\"has-black-color has-text-color has-link-color has-small-font-size wp-elements-ef9c6a4deb82aa64a522d9aaa3022eef\">Entre suas obras mais conhecidas est\u00e3o:<\/p>\n\n\n\n<ul class=\"wp-block-list\">\n<li class=\"has-black-color has-text-color has-link-color has-small-font-size wp-elements-a81da2fdd348962a61f74cd982aa53b6\">Reencarna\u00e7\u00e3o e carma.<\/li>\n\n\n\n<li class=\"has-black-color has-text-color has-link-color has-small-font-size wp-elements-68d9c234f73cfa11b1e64d075a140ec4\">A natureza do homem.<\/li>\n\n\n\n<li class=\"has-black-color has-text-color has-link-color has-small-font-size wp-elements-9ecbc3305169d078bc11d77021879cc1\">Reincorpora\u00e7\u00e3o do esp\u00edrito e do destino.<\/li>\n\n\n\n<li class=\"has-black-color has-text-color has-link-color has-small-font-size wp-elements-00aae246565f73ef8f3c627651d0760a\">Realiza\u00e7\u00e3o do carma.<\/li>\n\n\n\n<li class=\"has-black-color has-text-color has-link-color has-small-font-size wp-elements-45f2c988e17c739d2eb41c17cb786f9e\">Observa\u00e7\u00f5es esot\u00e9ricas sobre conex\u00f5es c\u00e1rmicas.<\/li>\n<\/ul>\n\n\n\n<p class=\"has-black-color has-text-color has-link-color has-small-font-size wp-elements-bf49bf87c8d87cb77135eeb247c2e2fa\">Steiner desencarnou em 30 de mar\u00e7o de 1925 em seu est\u00fadio no Goetheanum, em Dornach.<\/p>\n<\/div><\/div>\n\n\n\n<div class=\"wp-block-uagb-container uagb-block-0033cc9f alignfull uagb-is-root-container\"><div class=\"uagb-container-inner-blocks-wrap\"><\/div><\/div>\n\n\n\n<div class=\"wp-block-uagb-container uagb-block-ecdcec28 alignfull uagb-is-root-container\"><div class=\"uagb-container-inner-blocks-wrap\"><\/div><\/div>","protected":false},"excerpt":{"rendered":"<p>Rudolf Steiner Rudolf Steiner naci\u00f3 el 27 de febrero de 1861 en Kraljevec, antigua Hungr\u00eda, hoy Croacia (en la foto, de pie, con su hermana peque\u00f1a). Pas\u00f3 su infancia en Pottschach. Su padre trabajaba all\u00ed como telegrafista para los Ferrocarriles Austriacos del Sur. La familia, a la que con los a\u00f1os se unieron una hermana [&hellip;]<\/p>","protected":false},"author":1,"featured_media":0,"parent":0,"menu_order":0,"comment_status":"closed","ping_status":"closed","template":"","meta":{"_uag_custom_page_level_css":"","site-sidebar-layout":"default","site-content-layout":"","ast-site-content-layout":"default","site-content-style":"default","site-sidebar-style":"default","ast-global-header-display":"","ast-banner-title-visibility":"","ast-main-header-display":"","ast-hfb-above-header-display":"","ast-hfb-below-header-display":"","ast-hfb-mobile-header-display":"","site-post-title":"disabled","ast-breadcrumbs-content":"","ast-featured-img":"","footer-sml-layout":"","theme-transparent-header-meta":"","adv-header-id-meta":"","stick-header-meta":"","header-above-stick-meta":"","header-main-stick-meta":"","header-below-stick-meta":"","astra-migrate-meta-layouts":"set","ast-page-background-enabled":"default","ast-page-background-meta":{"desktop":{"background-color":"var(--ast-global-color-4)","background-image":"","background-repeat":"repeat","background-position":"center center","background-size":"auto","background-attachment":"scroll","background-type":"","background-media":"","overlay-type":"","overlay-color":"","overlay-opacity":"","overlay-gradient":""},"tablet":{"background-color":"","background-image":"","background-repeat":"repeat","background-position":"center center","background-size":"auto","background-attachment":"scroll","background-type":"","background-media":"","overlay-type":"","overlay-color":"","overlay-opacity":"","overlay-gradient":""},"mobile":{"background-color":"","background-image":"","background-repeat":"repeat","background-position":"center center","background-size":"auto","background-attachment":"scroll","background-type":"","background-media":"","overlay-type":"","overlay-color":"","overlay-opacity":"","overlay-gradient":""}},"ast-content-background-meta":{"desktop":{"background-color":"var(--ast-global-color-5)","background-image":"","background-repeat":"repeat","background-position":"center center","background-size":"auto","background-attachment":"scroll","background-type":"","background-media":"","overlay-type":"","overlay-color":"","overlay-opacity":"","overlay-gradient":""},"tablet":{"background-color":"var(--ast-global-color-5)","background-image":"","background-repeat":"repeat","background-position":"center center","background-size":"auto","background-attachment":"scroll","background-type":"","background-media":"","overlay-type":"","overlay-color":"","overlay-opacity":"","overlay-gradient":""},"mobile":{"background-color":"var(--ast-global-color-5)","background-image":"","background-repeat":"repeat","background-position":"center center","background-size":"auto","background-attachment":"scroll","background-type":"","background-media":"","overlay-type":"","overlay-color":"","overlay-opacity":"","overlay-gradient":""}},"footnotes":""},"class_list":["post-5871","page","type-page","status-publish","hentry"],"yoast_head":"<!-- This site is optimized with the Yoast SEO Premium plugin v24.2 (Yoast SEO v24.6) - https:\/\/yoast.com\/wordpress\/plugins\/seo\/ -->\n<title>Rudolf Steiner - Uni\u00f3n Esp\u00edrita<\/title>\n<meta name=\"robots\" content=\"index, follow, max-snippet:-1, max-image-preview:large, max-video-preview:-1\" \/>\n<link rel=\"canonical\" href=\"https:\/\/nuevo-renacer.com\/pt\/rudolf-steiner\/\" \/>\n<meta property=\"og:locale\" content=\"pt_BR\" \/>\n<meta property=\"og:type\" content=\"article\" \/>\n<meta property=\"og:title\" content=\"Rudolf Steiner\" \/>\n<meta property=\"og:description\" content=\"Rudolf Steiner Rudolf Steiner naci\u00f3 el 27 de febrero de 1861 en Kraljevec, antigua Hungr\u00eda, hoy Croacia (en la foto, de pie, con su hermana peque\u00f1a). Pas\u00f3 su infancia en Pottschach. Su padre trabajaba all\u00ed como telegrafista para los Ferrocarriles Austriacos del Sur. La familia, a la que con los a\u00f1os se unieron una hermana [&hellip;]\" \/>\n<meta property=\"og:url\" content=\"https:\/\/nuevo-renacer.com\/pt\/rudolf-steiner\/\" \/>\n<meta property=\"og:site_name\" content=\"Uni\u00f3n Esp\u00edrita\" \/>\n<meta property=\"article:publisher\" content=\"https:\/\/www.facebook.com\/groups\/3431398063740829\" \/>\n<meta property=\"article:modified_time\" content=\"2025-01-03T13:16:04+00:00\" \/>\n<meta property=\"og:image\" content=\"https:\/\/nuevo-renacer.com\/wp-content\/uploads\/2024\/11\/Rudolf-Steiner-lebenstationen-Berlin.jpg\" \/>\n\t<meta property=\"og:image:width\" content=\"800\" \/>\n\t<meta property=\"og:image:height\" content=\"1174\" \/>\n\t<meta property=\"og:image:type\" content=\"image\/jpeg\" \/>\n<meta name=\"twitter:card\" content=\"summary_large_image\" \/>\n<meta name=\"twitter:label1\" content=\"Est. tempo de leitura\" \/>\n\t<meta name=\"twitter:data1\" content=\"3 minutos\" \/>\n<script type=\"application\/ld+json\" class=\"yoast-schema-graph\">{\"@context\":\"https:\/\/schema.org\",\"@graph\":[{\"@type\":\"WebPage\",\"@id\":\"https:\/\/nuevo-renacer.com\/rudolf-steiner\/\",\"url\":\"https:\/\/nuevo-renacer.com\/rudolf-steiner\/\",\"name\":\"Rudolf Steiner - Uni\u00f3n Esp\u00edrita\",\"isPartOf\":{\"@id\":\"https:\/\/nuevo-renacer.com\/#website\"},\"primaryImageOfPage\":{\"@id\":\"https:\/\/nuevo-renacer.com\/rudolf-steiner\/#primaryimage\"},\"image\":{\"@id\":\"https:\/\/nuevo-renacer.com\/rudolf-steiner\/#primaryimage\"},\"thumbnailUrl\":\"https:\/\/nuevo-renacer.com\/wp-content\/uploads\/2024\/11\/Rudolf-Steiner-lebenstationen-Berlin-698x1024.jpg\",\"datePublished\":\"2024-11-06T11:07:09+00:00\",\"dateModified\":\"2025-01-03T13:16:04+00:00\",\"breadcrumb\":{\"@id\":\"https:\/\/nuevo-renacer.com\/rudolf-steiner\/#breadcrumb\"},\"inLanguage\":\"pt-BR\",\"potentialAction\":[{\"@type\":\"ReadAction\",\"target\":[\"https:\/\/nuevo-renacer.com\/rudolf-steiner\/\"]}]},{\"@type\":\"ImageObject\",\"inLanguage\":\"pt-BR\",\"@id\":\"https:\/\/nuevo-renacer.com\/rudolf-steiner\/#primaryimage\",\"url\":\"https:\/\/nuevo-renacer.com\/wp-content\/uploads\/2024\/11\/Rudolf-Steiner-lebenstationen-Berlin-698x1024.jpg\",\"contentUrl\":\"https:\/\/nuevo-renacer.com\/wp-content\/uploads\/2024\/11\/Rudolf-Steiner-lebenstationen-Berlin-698x1024.jpg\"},{\"@type\":\"BreadcrumbList\",\"@id\":\"https:\/\/nuevo-renacer.com\/rudolf-steiner\/#breadcrumb\",\"itemListElement\":[{\"@type\":\"ListItem\",\"position\":1,\"name\":\"Startseite\",\"item\":\"https:\/\/nuevo-renacer.com\/\"},{\"@type\":\"ListItem\",\"position\":2,\"name\":\"Rudolf Steiner\"}]},{\"@type\":\"WebSite\",\"@id\":\"https:\/\/nuevo-renacer.com\/#website\",\"url\":\"https:\/\/nuevo-renacer.com\/\",\"name\":\"Uni\u00f3n Esp\u00edrita\",\"description\":\"Nuevo Renacer\",\"publisher\":{\"@id\":\"https:\/\/nuevo-renacer.com\/#organization\"},\"potentialAction\":[{\"@type\":\"SearchAction\",\"target\":{\"@type\":\"EntryPoint\",\"urlTemplate\":\"https:\/\/nuevo-renacer.com\/?s={search_term_string}\"},\"query-input\":{\"@type\":\"PropertyValueSpecification\",\"valueRequired\":true,\"valueName\":\"search_term_string\"}}],\"inLanguage\":\"pt-BR\"},{\"@type\":\"Organization\",\"@id\":\"https:\/\/nuevo-renacer.com\/#organization\",\"name\":\"UFEC\",\"url\":\"https:\/\/nuevo-renacer.com\/\",\"logo\":{\"@type\":\"ImageObject\",\"inLanguage\":\"pt-BR\",\"@id\":\"https:\/\/nuevo-renacer.com\/#\/schema\/logo\/image\/\",\"url\":\"https:\/\/nuevo-renacer.com\/wp-content\/uploads\/2024\/05\/cropped-LOGO-TERMINADO1-3-3.png\",\"contentUrl\":\"https:\/\/nuevo-renacer.com\/wp-content\/uploads\/2024\/05\/cropped-LOGO-TERMINADO1-3-3.png\",\"width\":512,\"height\":512,\"caption\":\"UFEC\"},\"image\":{\"@id\":\"https:\/\/nuevo-renacer.com\/#\/schema\/logo\/image\/\"},\"sameAs\":[\"https:\/\/www.facebook.com\/groups\/3431398063740829\"]}]}<\/script>\n<!-- \/ Yoast SEO Premium plugin. -->","yoast_head_json":{"title":"Rudolf Steiner - Uni\u00f3n Esp\u00edrita","robots":{"index":"index","follow":"follow","max-snippet":"max-snippet:-1","max-image-preview":"max-image-preview:large","max-video-preview":"max-video-preview:-1"},"canonical":"https:\/\/nuevo-renacer.com\/pt\/rudolf-steiner\/","og_locale":"pt_BR","og_type":"article","og_title":"Rudolf Steiner","og_description":"Rudolf Steiner Rudolf Steiner naci\u00f3 el 27 de febrero de 1861 en Kraljevec, antigua Hungr\u00eda, hoy Croacia (en la foto, de pie, con su hermana peque\u00f1a). Pas\u00f3 su infancia en Pottschach. Su padre trabajaba all\u00ed como telegrafista para los Ferrocarriles Austriacos del Sur. La familia, a la que con los a\u00f1os se unieron una hermana [&hellip;]","og_url":"https:\/\/nuevo-renacer.com\/pt\/rudolf-steiner\/","og_site_name":"Uni\u00f3n Esp\u00edrita","article_publisher":"https:\/\/www.facebook.com\/groups\/3431398063740829","article_modified_time":"2025-01-03T13:16:04+00:00","og_image":[{"width":800,"height":1174,"url":"https:\/\/nuevo-renacer.com\/wp-content\/uploads\/2024\/11\/Rudolf-Steiner-lebenstationen-Berlin.jpg","type":"image\/jpeg"}],"twitter_card":"summary_large_image","twitter_misc":{"Est. tempo de leitura":"3 minutos"},"schema":{"@context":"https:\/\/schema.org","@graph":[{"@type":"WebPage","@id":"https:\/\/nuevo-renacer.com\/rudolf-steiner\/","url":"https:\/\/nuevo-renacer.com\/rudolf-steiner\/","name":"Rudolf Steiner - Uni\u00f3n Esp\u00edrita","isPartOf":{"@id":"https:\/\/nuevo-renacer.com\/#website"},"primaryImageOfPage":{"@id":"https:\/\/nuevo-renacer.com\/rudolf-steiner\/#primaryimage"},"image":{"@id":"https:\/\/nuevo-renacer.com\/rudolf-steiner\/#primaryimage"},"thumbnailUrl":"https:\/\/nuevo-renacer.com\/wp-content\/uploads\/2024\/11\/Rudolf-Steiner-lebenstationen-Berlin-698x1024.jpg","datePublished":"2024-11-06T11:07:09+00:00","dateModified":"2025-01-03T13:16:04+00:00","breadcrumb":{"@id":"https:\/\/nuevo-renacer.com\/rudolf-steiner\/#breadcrumb"},"inLanguage":"pt-BR","potentialAction":[{"@type":"ReadAction","target":["https:\/\/nuevo-renacer.com\/rudolf-steiner\/"]}]},{"@type":"ImageObject","inLanguage":"pt-BR","@id":"https:\/\/nuevo-renacer.com\/rudolf-steiner\/#primaryimage","url":"https:\/\/nuevo-renacer.com\/wp-content\/uploads\/2024\/11\/Rudolf-Steiner-lebenstationen-Berlin-698x1024.jpg","contentUrl":"https:\/\/nuevo-renacer.com\/wp-content\/uploads\/2024\/11\/Rudolf-Steiner-lebenstationen-Berlin-698x1024.jpg"},{"@type":"BreadcrumbList","@id":"https:\/\/nuevo-renacer.com\/rudolf-steiner\/#breadcrumb","itemListElement":[{"@type":"ListItem","position":1,"name":"Startseite","item":"https:\/\/nuevo-renacer.com\/"},{"@type":"ListItem","position":2,"name":"Rudolf Steiner"}]},{"@type":"WebSite","@id":"https:\/\/nuevo-renacer.com\/#website","url":"https:\/\/nuevo-renacer.com\/","name":"Uni\u00f3n Esp\u00edrita","description":"Nuevo Renacer","publisher":{"@id":"https:\/\/nuevo-renacer.com\/#organization"},"potentialAction":[{"@type":"SearchAction","target":{"@type":"EntryPoint","urlTemplate":"https:\/\/nuevo-renacer.com\/?s={search_term_string}"},"query-input":{"@type":"PropertyValueSpecification","valueRequired":true,"valueName":"search_term_string"}}],"inLanguage":"pt-BR"},{"@type":"Organization","@id":"https:\/\/nuevo-renacer.com\/#organization","name":"UFEC","url":"https:\/\/nuevo-renacer.com\/","logo":{"@type":"ImageObject","inLanguage":"pt-BR","@id":"https:\/\/nuevo-renacer.com\/#\/schema\/logo\/image\/","url":"https:\/\/nuevo-renacer.com\/wp-content\/uploads\/2024\/05\/cropped-LOGO-TERMINADO1-3-3.png","contentUrl":"https:\/\/nuevo-renacer.com\/wp-content\/uploads\/2024\/05\/cropped-LOGO-TERMINADO1-3-3.png","width":512,"height":512,"caption":"UFEC"},"image":{"@id":"https:\/\/nuevo-renacer.com\/#\/schema\/logo\/image\/"},"sameAs":["https:\/\/www.facebook.com\/groups\/3431398063740829"]}]}},"uagb_featured_image_src":{"full":false,"thumbnail":false,"medium":false,"medium_large":false,"large":false,"1536x1536":false,"2048x2048":false,"trp-custom-language-flag":false},"uagb_author_info":{"display_name":"adbv0","author_link":"https:\/\/nuevo-renacer.com\/pt\/author\/adbv0\/"},"uagb_comment_info":0,"uagb_excerpt":"Rudolf Steiner Rudolf Steiner naci\u00f3 el 27 de febrero de 1861 en Kraljevec, antigua Hungr\u00eda, hoy Croacia (en la foto, de pie, con su hermana peque\u00f1a). Pas\u00f3 su infancia en Pottschach. Su padre trabajaba all\u00ed como telegrafista para los Ferrocarriles Austriacos del Sur. La familia, a la que con los a\u00f1os se unieron una hermana&hellip;","jetpack_sharing_enabled":true,"_links":{"self":[{"href":"https:\/\/nuevo-renacer.com\/pt\/wp-json\/wp\/v2\/pages\/5871","targetHints":{"allow":["GET"]}}],"collection":[{"href":"https:\/\/nuevo-renacer.com\/pt\/wp-json\/wp\/v2\/pages"}],"about":[{"href":"https:\/\/nuevo-renacer.com\/pt\/wp-json\/wp\/v2\/types\/page"}],"author":[{"embeddable":true,"href":"https:\/\/nuevo-renacer.com\/pt\/wp-json\/wp\/v2\/users\/1"}],"replies":[{"embeddable":true,"href":"https:\/\/nuevo-renacer.com\/pt\/wp-json\/wp\/v2\/comments?post=5871"}],"version-history":[{"count":4,"href":"https:\/\/nuevo-renacer.com\/pt\/wp-json\/wp\/v2\/pages\/5871\/revisions"}],"predecessor-version":[{"id":6660,"href":"https:\/\/nuevo-renacer.com\/pt\/wp-json\/wp\/v2\/pages\/5871\/revisions\/6660"}],"wp:attachment":[{"href":"https:\/\/nuevo-renacer.com\/pt\/wp-json\/wp\/v2\/media?parent=5871"}],"curies":[{"name":"wp","href":"https:\/\/api.w.org\/{rel}","templated":true}]}}