{"id":5825,"date":"2024-10-29T07:06:51","date_gmt":"2024-10-29T07:06:51","guid":{"rendered":"https:\/\/nuevo-renacer.com\/?page_id=5825"},"modified":"2025-05-23T09:38:17","modified_gmt":"2025-05-23T09:38:17","slug":"el-futuro-del-hombre","status":"publish","type":"page","link":"https:\/\/nuevo-renacer.com\/pt\/el-futuro-del-hombre\/","title":{"rendered":"O futuro do homem"},"content":{"rendered":"<div class=\"wp-block-uagb-container uagb-block-669464db alignfull uagb-is-root-container\"><div class=\"uagb-container-inner-blocks-wrap\">\n<p class=\"has-black-color has-text-color has-link-color has-medium-font-size wp-elements-e3a48136e05d6be2e91d0ae8b076bdea\"><strong>O futuro do homem<\/strong><\/p>\n<\/div><\/div>\n\n\n\n<div class=\"wp-block-uagb-container uagb-block-ba73bf0d alignfull uagb-is-root-container\"><div class=\"uagb-container-inner-blocks-wrap\">\n<figure class=\"wp-block-image size-full is-resized\"><img fetchpriority=\"high\" decoding=\"async\" width=\"626\" height=\"351\" src=\"https:\/\/nuevo-renacer.com\/wp-content\/uploads\/2024\/10\/image.jpeg\" alt=\"Dieses Bild hat ein leeres Alt-Attribut. Der Dateiname ist product-display-hd-8k-wallpaper-stock-photographic-image_1030895-36861.jpg\" class=\"wp-image-5830\" style=\"width:264px;height:auto\" srcset=\"https:\/\/nuevo-renacer.com\/wp-content\/uploads\/2024\/10\/image.jpeg 626w, https:\/\/nuevo-renacer.com\/wp-content\/uploads\/2024\/10\/image-300x168.jpeg 300w, https:\/\/nuevo-renacer.com\/wp-content\/uploads\/2024\/10\/image-18x10.jpeg 18w\" sizes=\"(max-width: 626px) 100vw, 626px\" \/><\/figure>\n<\/div><\/div>\n\n\n\n<div class=\"wp-block-uagb-container uagb-block-e389c601 alignfull uagb-is-root-container\"><div class=\"uagb-container-inner-blocks-wrap\">\n<p class=\"has-black-color has-text-color has-link-color has-small-font-size wp-elements-fdc2c69a0498ba5ee230ac56e360c0c8\">Por mais que a mente humana possa se perguntar sobre a vida, na atual conjuntura do conhecimento intelectual, embora inegavelmente vasto, \u00e9 muito dif\u00edcil encontrar respostas adequadas para definir seu sentido e significado completos.<\/p>\n\n\n\n<p class=\"has-black-color has-text-color has-link-color has-small-font-size wp-elements-aa7bd9caffaf2ab02e588bfc285401e4\">Ao reduzir a vida a uma aleatoriedade absurda, desprovida de qualquer l\u00f3gica, alguns pesquisadores a simplificaram, eliminando assim as principais complica\u00e7\u00f5es que envolvem sua magnitude.<\/p>\n\n\n\n<p class=\"has-black-color has-text-color has-link-color has-small-font-size wp-elements-792787548f97919b5e8e7964a11a3631\">Outros a estabeleceram com base em conte\u00fados mitol\u00f3gicos que foram facilmente aceitos gra\u00e7as aos componentes sobrenaturais e maravilhosos.<\/p>\n\n\n\n<p class=\"has-black-color has-text-color has-link-color has-small-font-size wp-elements-2beca0ec1c3f9df6af01b8f0d367b0d2\">No entanto, o milagre da vida \u00e9 muito mais complexo e, portanto, seu ponto de partida s\u00f3 pode ser encontrado no Criador que o elaborou e o tem guiado por bilh\u00f5es de anos, produzindo em sua estrutura as adapta\u00e7\u00f5es indispens\u00e1veis, como seus desdobramentos e varia\u00e7\u00f5es.<\/p>\n\n\n\n<p class=\"has-black-color has-text-color has-link-color has-small-font-size wp-elements-6436450b78aff35bf2b13176682e2368\">No que diz respeito \u00e0 vida humana em si, detectamos sua g\u00eanese no Psiquismo Divino que a concebeu e a inspira, fornecendo-lhe a energia pela qual \u00e9 nutrida e que a impulsiona ao crescimento por meio das m\u00faltiplas reencarna\u00e7\u00f5es do Esp\u00edrito imortal, tamb\u00e9m chamado de princ\u00edpio inteligente do Universo.<\/p>\n\n\n\n<p class=\"has-black-color has-text-color has-link-color has-small-font-size wp-elements-c891ab58228bf51251146215726ef94f\">Ignorante de seu destino, o Esp\u00edrito desperta para sua pr\u00f3pria realidade por meio de experi\u00eancias intelectuais e morais que o capacitam a conquistar a plenitude.<\/p>\n\n\n\n<p class=\"has-black-color has-text-color has-link-color has-small-font-size wp-elements-9e8812edb678c8547a55d52600d52daa\">Como a semente humilde, que jamais poder\u00e1 contemplar a espiga de ouro, por causa da morte que faz surgir o gr\u00e3o, o Esp\u00edrito n\u00e3o percebe o anjo dentro de si, que um dia lavrar\u00e1 os rios infinitos da imortalidade.<\/p>\n\n\n\n<p class=\"has-black-color has-text-color has-link-color has-small-font-size wp-elements-50f783468c56a1c84222ed6259b86045\">Entretanto, quanto mais suas faculdades e seu discernimento se expandem, mais esse processo de evolu\u00e7\u00e3o \u00e9 marcado por desafios cada vez mais importantes e significativos.<\/p>\n\n\n\n<p class=\"has-black-color has-text-color has-link-color has-small-font-size wp-elements-9a707ecc0b48ccdf18aa75b660ce59f3\">O despertar dos valores internos \u00e9, de certa forma, desolador em todas as esp\u00e9cies.<\/p>\n\n\n\n<p class=\"has-black-color has-text-color has-link-color has-small-font-size wp-elements-1edd3817e41e62eaf3a44a0f4ec4a8d3\">Assim como a vida vegetal rompe a casca protetora da semente para se libertar, o ser humano \u00e9 envolvido pela forte casca que o aprisiona desde o in\u00edcio e cujo aprisionamento deixa marcas profundas que devem ser removidas no futuro, \u00e0 medida que ele se desenvolve e avan\u00e7a para aspirar ao destino mais amplo e glorioso.<\/p>\n\n\n\n<p class=\"has-black-color has-text-color has-link-color has-small-font-size wp-elements-bd8beb0d174d4d53f02b323a251d8a3f\">Portanto, a luta se torna mais intensa e implac\u00e1vel, aumentando sua capacidade de resist\u00eancia e esclarecimento na medida em que as conquistas o tornam poss\u00edvel.<\/p>\n\n\n\n<p class=\"has-black-color has-text-color has-link-color has-small-font-size wp-elements-f73f30add01c62d8fbca7e5e7968b181\">Viver \u00e9 um desafio sublime e faz\u00ea-lo com sabedoria \u00e9 uma bem-aventuran\u00e7a que est\u00e1 dispon\u00edvel a qualquer pessoa que se proponha resolutamente a progredir, a se aperfei\u00e7oar e a alcan\u00e7ar a comunh\u00e3o com Deus.<\/p>\n\n\n\n<p class=\"has-black-color has-text-color has-link-color has-small-font-size wp-elements-ce98d33374d530b488b0c3ea55a883e5\">A tarefa \u00e9 dif\u00edcil. As encostas a serem escaladas s\u00e3o \u00edngremes. Vemos a terr\u00edvel espiral a ser percorrida se desenrolar sem um fim aparente \u00e0 vista. Mas n\u00e3o h\u00e1 limite para nossa for\u00e7a, pois podemos renov\u00e1-la infinitamente por meio da vontade e da comunh\u00e3o universais.<\/p>\n\n\n\n<p class=\"has-black-color has-text-color has-link-color has-small-font-size wp-elements-e93f8ccb96b9709ba386ddac1f0ad24e\">Lembremo-nos de que n\u00e3o somos os \u00fanicos nessa grande jornada. N\u00e3o apenas alcan\u00e7aremos, mais cedo ou mais tarde, entes queridos, companheiros de vidas passadas, aqueles que compartilharam nossas alegrias e tristezas, mas tamb\u00e9m outros grandes Seres que j\u00e1 foram homens ou mulheres na Terra e que agora s\u00e3o Esp\u00edritos Superiores que nos acompanham nos passos dif\u00edceis.<\/p>\n\n\n\n<p class=\"has-black-color has-text-color has-link-color has-small-font-size wp-elements-d8737d6f4d30df32201b05ba34655022\">Sabemos que aqueles que nos precederam na vida celestial n\u00e3o est\u00e3o desinteressados em n\u00f3s e, quando a tempestade vem em nossa dire\u00e7\u00e3o, suas m\u00e3os caridosas apoiam nossa marcha.<\/p>\n\n\n\n<p class=\"has-black-color has-text-color has-link-color has-small-font-size wp-elements-e29b4f3f2639a99f8ef1a433f8a0ec36\">Lenta e dolorosamente, n\u00f3s nos preparamos para responsabilidades cada vez maiores. E quanto mais participamos da execu\u00e7\u00e3o de um plano feito sob medida, mais nossa ascens\u00e3o se acentua e maiores s\u00e3o as revela\u00e7\u00f5es que receberemos.<\/p>\n\n\n\n<p class=\"has-black-color has-text-color has-link-color has-small-font-size wp-elements-f756f4a67e27eb2992d58a9905220e7b\">O universo flu\u00eddico se torna cada vez mais amplo e se transforma em uma fonte inesgot\u00e1vel de prazer espiritual.<\/p>\n\n\n\n<p class=\"has-black-color has-text-color has-link-color has-small-font-size wp-elements-c24db11eb932250d78e24b5bee2efac8\">Mais tarde, chegar\u00e1 o momento em que, ap\u00f3s suas peregrina\u00e7\u00f5es pelos diferentes mundos, a alma contemplar\u00e1, das regi\u00f5es mais elevadas, a longa s\u00e9rie de sofrimentos passados e perceber\u00e1, por fim, que esses sofrimentos foram o pre\u00e7o da felicidade e que as prova\u00e7\u00f5es que ela superou s\u00f3 lhe trouxeram benef\u00edcios.<\/p>\n\n\n\n<p class=\"has-black-color has-text-color has-link-color has-small-font-size wp-elements-ddb54ecdc4b8d04094f3ad90a097957b\">A alma chegar\u00e1 ao fim de sua jornada? \u00c0 medida que a alma avan\u00e7a no caminho que tra\u00e7ou, ela ver\u00e1 novos campos de estudo e descoberta se abrindo. Ela penetrar\u00e1 na harmonia das coisas e perceber\u00e1 que n\u00e3o h\u00e1 disc\u00f3rdia nem contradi\u00e7\u00e3o no Universo, pois a sabedoria, a ordem e a previs\u00e3o reinam em toda parte e, assim, desfrutar\u00e1 mais intensamente da felicidade de uma vida bem-aventurada.<\/p>\n\n\n\n<p class=\"has-black-color has-text-color has-link-color has-small-font-size wp-elements-d1604305ce38c2683b381617b211a75b\">Ent\u00e3o, um dia, suavizado pelas tempestades e furac\u00f5es da adversidade, amadurecido pelos raios do sol divino, ele emergir\u00e1 da sombra do tempo, da escurid\u00e3o de in\u00fameras vidas, e suas faculdades, bem como sua intelig\u00eancia, ser\u00e3o reveladas como um reflexo do g\u00eanio divino.<\/p>\n\n\n\n<p class=\"has-black-color has-text-color has-link-color has-small-font-size wp-elements-cd345bbe57dfc714165f5112bc1ff95c\">Ningu\u00e9m reencarnaria na Terra se a exist\u00eancia f\u00edsica n\u00e3o tivesse um prop\u00f3sito maior.<\/p>\n\n\n\n<p class=\"has-black-color has-text-color has-link-color has-small-font-size wp-elements-e9ec779635e53db209e5c6efd4295a40\">O Ser \u00e9 produto de um longo processo de desenvolvimento dos infinitos valores que dormem latentes nele, aguardando os meios prop\u00edcios para sua manifesta\u00e7\u00e3o.<\/p>\n\n\n\n<p class=\"has-black-color has-text-color has-link-color has-small-font-size wp-elements-a0bfda1be0cb1654ad51e3dec78e6848\">Est\u00e1gio por est\u00e1gio, passo a passo, o progresso \u00e9 feito, e esse progresso \u00e9 fixado pelos h\u00e1bitos que s\u00e3o incorporados \u00e0 individualidade, sendo o resultado da soma das experi\u00eancias das mais variadas reencarna\u00e7\u00f5es.<\/p>\n\n\n\n<p class=\"has-black-color has-text-color has-link-color has-small-font-size wp-elements-df2ce8b19f66556e1c64ef1230d7c49c\">Todos n\u00f3s nos encontramos agora em uma delas. N\u00e3o deixemos escapar essa oportunidade, esse momento \u00fanico que nos foi oferecido para nos aprimorarmos e progredirmos espiritualmente, e sejamos bem-sucedidos em nossos esfor\u00e7os para passar nessa mat\u00e9ria dif\u00edcil. Mas, ao mesmo tempo, uma \u201cexperi\u00eancia maravilhosa\u201d.<\/p>\n\n\n\n<p><\/p>\n\n\n\n<p class=\"has-black-color has-text-color has-link-color has-small-font-size wp-elements-55167fb7dea0ec97142ab667f4aa5893\">Artigo escrito por Juan Miguel Fern\u00e1ndez Mu\u00f1oz<\/p>\n<\/div><\/div>\n\n\n\n<div class=\"wp-block-uagb-container uagb-block-98894f07 alignfull uagb-is-root-container\"><div class=\"uagb-container-inner-blocks-wrap\"><\/div><\/div>\n\n\n\n<div class=\"wp-block-uagb-container uagb-block-cb3a8b3f alignfull uagb-is-root-container\"><div class=\"uagb-container-inner-blocks-wrap\"><\/div><\/div>","protected":false},"excerpt":{"rendered":"<p>El futuro del hombre Por m\u00e1s que la mente humana indague con respecto a la vida, en la actual coyuntura del conocimiento intelectual, a pesar de ser innegablemente vasto, se nos torna muy dif\u00edcil encontrar las respuestas adecuadas que le permitan definir todo su sentido y significado. Reduciendo la vida al azar absurdo, destituido de [&hellip;]<\/p>","protected":false},"author":1,"featured_media":0,"parent":0,"menu_order":0,"comment_status":"closed","ping_status":"closed","template":"","meta":{"_uag_custom_page_level_css":"","site-sidebar-layout":"default","site-content-layout":"","ast-site-content-layout":"default","site-content-style":"default","site-sidebar-style":"default","ast-global-header-display":"","ast-banner-title-visibility":"","ast-main-header-display":"","ast-hfb-above-header-display":"","ast-hfb-below-header-display":"","ast-hfb-mobile-header-display":"","site-post-title":"disabled","ast-breadcrumbs-content":"","ast-featured-img":"","footer-sml-layout":"","theme-transparent-header-meta":"","adv-header-id-meta":"","stick-header-meta":"","header-above-stick-meta":"","header-main-stick-meta":"","header-below-stick-meta":"","astra-migrate-meta-layouts":"set","ast-page-background-enabled":"default","ast-page-background-meta":{"desktop":{"background-color":"var(--ast-global-color-4)","background-image":"","background-repeat":"repeat","background-position":"center center","background-size":"auto","background-attachment":"scroll","background-type":"","background-media":"","overlay-type":"","overlay-color":"","overlay-opacity":"","overlay-gradient":""},"tablet":{"background-color":"","background-image":"","background-repeat":"repeat","background-position":"center center","background-size":"auto","background-attachment":"scroll","background-type":"","background-media":"","overlay-type":"","overlay-color":"","overlay-opacity":"","overlay-gradient":""},"mobile":{"background-color":"","background-image":"","background-repeat":"repeat","background-position":"center center","background-size":"auto","background-attachment":"scroll","background-type":"","background-media":"","overlay-type":"","overlay-color":"","overlay-opacity":"","overlay-gradient":""}},"ast-content-background-meta":{"desktop":{"background-color":"var(--ast-global-color-5)","background-image":"","background-repeat":"repeat","background-position":"center center","background-size":"auto","background-attachment":"scroll","background-type":"","background-media":"","overlay-type":"","overlay-color":"","overlay-opacity":"","overlay-gradient":""},"tablet":{"background-color":"var(--ast-global-color-5)","background-image":"","background-repeat":"repeat","background-position":"center center","background-size":"auto","background-attachment":"scroll","background-type":"","background-media":"","overlay-type":"","overlay-color":"","overlay-opacity":"","overlay-gradient":""},"mobile":{"background-color":"var(--ast-global-color-5)","background-image":"","background-repeat":"repeat","background-position":"center center","background-size":"auto","background-attachment":"scroll","background-type":"","background-media":"","overlay-type":"","overlay-color":"","overlay-opacity":"","overlay-gradient":""}},"footnotes":""},"class_list":["post-5825","page","type-page","status-publish","hentry"],"yoast_head":"<!-- This site is optimized with the Yoast SEO Premium plugin v24.2 (Yoast SEO v24.6) - https:\/\/yoast.com\/wordpress\/plugins\/seo\/ -->\n<title>El futuro del hombre - Uni\u00f3n Esp\u00edrita<\/title>\n<meta name=\"robots\" content=\"index, follow, max-snippet:-1, max-image-preview:large, max-video-preview:-1\" \/>\n<link rel=\"canonical\" href=\"https:\/\/nuevo-renacer.com\/pt\/el-futuro-del-hombre\/\" \/>\n<meta property=\"og:locale\" content=\"pt_BR\" \/>\n<meta property=\"og:type\" content=\"article\" \/>\n<meta property=\"og:title\" content=\"El futuro del hombre\" \/>\n<meta property=\"og:description\" content=\"El futuro del hombre Por m\u00e1s que la mente humana indague con respecto a la vida, en la actual coyuntura del conocimiento intelectual, a pesar de ser innegablemente vasto, se nos torna muy dif\u00edcil encontrar las respuestas adecuadas que le permitan definir todo su sentido y significado. Reduciendo la vida al azar absurdo, destituido de [&hellip;]\" \/>\n<meta property=\"og:url\" content=\"https:\/\/nuevo-renacer.com\/pt\/el-futuro-del-hombre\/\" \/>\n<meta property=\"og:site_name\" content=\"Uni\u00f3n Esp\u00edrita\" \/>\n<meta property=\"article:publisher\" content=\"https:\/\/www.facebook.com\/groups\/3431398063740829\" \/>\n<meta property=\"article:modified_time\" content=\"2025-05-23T09:38:17+00:00\" \/>\n<meta property=\"og:image\" content=\"https:\/\/nuevo-renacer.com\/wp-content\/uploads\/2024\/10\/image.jpeg\" \/>\n\t<meta property=\"og:image:width\" content=\"626\" \/>\n\t<meta property=\"og:image:height\" content=\"351\" \/>\n\t<meta property=\"og:image:type\" content=\"image\/jpeg\" \/>\n<meta name=\"twitter:card\" content=\"summary_large_image\" \/>\n<meta name=\"twitter:label1\" content=\"Est. tempo de leitura\" \/>\n\t<meta name=\"twitter:data1\" content=\"6 minutos\" \/>\n<script type=\"application\/ld+json\" class=\"yoast-schema-graph\">{\"@context\":\"https:\/\/schema.org\",\"@graph\":[{\"@type\":\"WebPage\",\"@id\":\"https:\/\/nuevo-renacer.com\/el-futuro-del-hombre\/\",\"url\":\"https:\/\/nuevo-renacer.com\/el-futuro-del-hombre\/\",\"name\":\"El futuro del hombre - Uni\u00f3n Esp\u00edrita\",\"isPartOf\":{\"@id\":\"https:\/\/nuevo-renacer.com\/#website\"},\"primaryImageOfPage\":{\"@id\":\"https:\/\/nuevo-renacer.com\/el-futuro-del-hombre\/#primaryimage\"},\"image\":{\"@id\":\"https:\/\/nuevo-renacer.com\/el-futuro-del-hombre\/#primaryimage\"},\"thumbnailUrl\":\"https:\/\/nuevo-renacer.com\/wp-content\/uploads\/2024\/10\/image.jpeg\",\"datePublished\":\"2024-10-29T07:06:51+00:00\",\"dateModified\":\"2025-05-23T09:38:17+00:00\",\"breadcrumb\":{\"@id\":\"https:\/\/nuevo-renacer.com\/el-futuro-del-hombre\/#breadcrumb\"},\"inLanguage\":\"pt-BR\",\"potentialAction\":[{\"@type\":\"ReadAction\",\"target\":[\"https:\/\/nuevo-renacer.com\/el-futuro-del-hombre\/\"]}]},{\"@type\":\"ImageObject\",\"inLanguage\":\"pt-BR\",\"@id\":\"https:\/\/nuevo-renacer.com\/el-futuro-del-hombre\/#primaryimage\",\"url\":\"https:\/\/nuevo-renacer.com\/wp-content\/uploads\/2024\/10\/image.jpeg\",\"contentUrl\":\"https:\/\/nuevo-renacer.com\/wp-content\/uploads\/2024\/10\/image.jpeg\"},{\"@type\":\"BreadcrumbList\",\"@id\":\"https:\/\/nuevo-renacer.com\/el-futuro-del-hombre\/#breadcrumb\",\"itemListElement\":[{\"@type\":\"ListItem\",\"position\":1,\"name\":\"Startseite\",\"item\":\"https:\/\/nuevo-renacer.com\/\"},{\"@type\":\"ListItem\",\"position\":2,\"name\":\"El futuro del hombre\"}]},{\"@type\":\"WebSite\",\"@id\":\"https:\/\/nuevo-renacer.com\/#website\",\"url\":\"https:\/\/nuevo-renacer.com\/\",\"name\":\"Uni\u00f3n Esp\u00edrita\",\"description\":\"Nuevo Renacer\",\"publisher\":{\"@id\":\"https:\/\/nuevo-renacer.com\/#organization\"},\"potentialAction\":[{\"@type\":\"SearchAction\",\"target\":{\"@type\":\"EntryPoint\",\"urlTemplate\":\"https:\/\/nuevo-renacer.com\/?s={search_term_string}\"},\"query-input\":{\"@type\":\"PropertyValueSpecification\",\"valueRequired\":true,\"valueName\":\"search_term_string\"}}],\"inLanguage\":\"pt-BR\"},{\"@type\":\"Organization\",\"@id\":\"https:\/\/nuevo-renacer.com\/#organization\",\"name\":\"UFEC\",\"url\":\"https:\/\/nuevo-renacer.com\/\",\"logo\":{\"@type\":\"ImageObject\",\"inLanguage\":\"pt-BR\",\"@id\":\"https:\/\/nuevo-renacer.com\/#\/schema\/logo\/image\/\",\"url\":\"https:\/\/nuevo-renacer.com\/wp-content\/uploads\/2024\/05\/cropped-LOGO-TERMINADO1-3-3.png\",\"contentUrl\":\"https:\/\/nuevo-renacer.com\/wp-content\/uploads\/2024\/05\/cropped-LOGO-TERMINADO1-3-3.png\",\"width\":512,\"height\":512,\"caption\":\"UFEC\"},\"image\":{\"@id\":\"https:\/\/nuevo-renacer.com\/#\/schema\/logo\/image\/\"},\"sameAs\":[\"https:\/\/www.facebook.com\/groups\/3431398063740829\"]}]}<\/script>\n<!-- \/ Yoast SEO Premium plugin. -->","yoast_head_json":{"title":"El futuro del hombre - Uni\u00f3n Esp\u00edrita","robots":{"index":"index","follow":"follow","max-snippet":"max-snippet:-1","max-image-preview":"max-image-preview:large","max-video-preview":"max-video-preview:-1"},"canonical":"https:\/\/nuevo-renacer.com\/pt\/el-futuro-del-hombre\/","og_locale":"pt_BR","og_type":"article","og_title":"El futuro del hombre","og_description":"El futuro del hombre Por m\u00e1s que la mente humana indague con respecto a la vida, en la actual coyuntura del conocimiento intelectual, a pesar de ser innegablemente vasto, se nos torna muy dif\u00edcil encontrar las respuestas adecuadas que le permitan definir todo su sentido y significado. Reduciendo la vida al azar absurdo, destituido de [&hellip;]","og_url":"https:\/\/nuevo-renacer.com\/pt\/el-futuro-del-hombre\/","og_site_name":"Uni\u00f3n Esp\u00edrita","article_publisher":"https:\/\/www.facebook.com\/groups\/3431398063740829","article_modified_time":"2025-05-23T09:38:17+00:00","og_image":[{"width":626,"height":351,"url":"https:\/\/nuevo-renacer.com\/wp-content\/uploads\/2024\/10\/image.jpeg","type":"image\/jpeg"}],"twitter_card":"summary_large_image","twitter_misc":{"Est. tempo de leitura":"6 minutos"},"schema":{"@context":"https:\/\/schema.org","@graph":[{"@type":"WebPage","@id":"https:\/\/nuevo-renacer.com\/el-futuro-del-hombre\/","url":"https:\/\/nuevo-renacer.com\/el-futuro-del-hombre\/","name":"El futuro del hombre - Uni\u00f3n Esp\u00edrita","isPartOf":{"@id":"https:\/\/nuevo-renacer.com\/#website"},"primaryImageOfPage":{"@id":"https:\/\/nuevo-renacer.com\/el-futuro-del-hombre\/#primaryimage"},"image":{"@id":"https:\/\/nuevo-renacer.com\/el-futuro-del-hombre\/#primaryimage"},"thumbnailUrl":"https:\/\/nuevo-renacer.com\/wp-content\/uploads\/2024\/10\/image.jpeg","datePublished":"2024-10-29T07:06:51+00:00","dateModified":"2025-05-23T09:38:17+00:00","breadcrumb":{"@id":"https:\/\/nuevo-renacer.com\/el-futuro-del-hombre\/#breadcrumb"},"inLanguage":"pt-BR","potentialAction":[{"@type":"ReadAction","target":["https:\/\/nuevo-renacer.com\/el-futuro-del-hombre\/"]}]},{"@type":"ImageObject","inLanguage":"pt-BR","@id":"https:\/\/nuevo-renacer.com\/el-futuro-del-hombre\/#primaryimage","url":"https:\/\/nuevo-renacer.com\/wp-content\/uploads\/2024\/10\/image.jpeg","contentUrl":"https:\/\/nuevo-renacer.com\/wp-content\/uploads\/2024\/10\/image.jpeg"},{"@type":"BreadcrumbList","@id":"https:\/\/nuevo-renacer.com\/el-futuro-del-hombre\/#breadcrumb","itemListElement":[{"@type":"ListItem","position":1,"name":"Startseite","item":"https:\/\/nuevo-renacer.com\/"},{"@type":"ListItem","position":2,"name":"El futuro del hombre"}]},{"@type":"WebSite","@id":"https:\/\/nuevo-renacer.com\/#website","url":"https:\/\/nuevo-renacer.com\/","name":"Uni\u00f3n Esp\u00edrita","description":"Nuevo Renacer","publisher":{"@id":"https:\/\/nuevo-renacer.com\/#organization"},"potentialAction":[{"@type":"SearchAction","target":{"@type":"EntryPoint","urlTemplate":"https:\/\/nuevo-renacer.com\/?s={search_term_string}"},"query-input":{"@type":"PropertyValueSpecification","valueRequired":true,"valueName":"search_term_string"}}],"inLanguage":"pt-BR"},{"@type":"Organization","@id":"https:\/\/nuevo-renacer.com\/#organization","name":"UFEC","url":"https:\/\/nuevo-renacer.com\/","logo":{"@type":"ImageObject","inLanguage":"pt-BR","@id":"https:\/\/nuevo-renacer.com\/#\/schema\/logo\/image\/","url":"https:\/\/nuevo-renacer.com\/wp-content\/uploads\/2024\/05\/cropped-LOGO-TERMINADO1-3-3.png","contentUrl":"https:\/\/nuevo-renacer.com\/wp-content\/uploads\/2024\/05\/cropped-LOGO-TERMINADO1-3-3.png","width":512,"height":512,"caption":"UFEC"},"image":{"@id":"https:\/\/nuevo-renacer.com\/#\/schema\/logo\/image\/"},"sameAs":["https:\/\/www.facebook.com\/groups\/3431398063740829"]}]}},"uagb_featured_image_src":{"full":false,"thumbnail":false,"medium":false,"medium_large":false,"large":false,"1536x1536":false,"2048x2048":false,"trp-custom-language-flag":false},"uagb_author_info":{"display_name":"adbv0","author_link":"https:\/\/nuevo-renacer.com\/pt\/author\/adbv0\/"},"uagb_comment_info":0,"uagb_excerpt":"El futuro del hombre Por m\u00e1s que la mente humana indague con respecto a la vida, en la actual coyuntura del conocimiento intelectual, a pesar de ser innegablemente vasto, se nos torna muy dif\u00edcil encontrar las respuestas adecuadas que le permitan definir todo su sentido y significado. Reduciendo la vida al azar absurdo, destituido de&hellip;","jetpack_sharing_enabled":true,"_links":{"self":[{"href":"https:\/\/nuevo-renacer.com\/pt\/wp-json\/wp\/v2\/pages\/5825","targetHints":{"allow":["GET"]}}],"collection":[{"href":"https:\/\/nuevo-renacer.com\/pt\/wp-json\/wp\/v2\/pages"}],"about":[{"href":"https:\/\/nuevo-renacer.com\/pt\/wp-json\/wp\/v2\/types\/page"}],"author":[{"embeddable":true,"href":"https:\/\/nuevo-renacer.com\/pt\/wp-json\/wp\/v2\/users\/1"}],"replies":[{"embeddable":true,"href":"https:\/\/nuevo-renacer.com\/pt\/wp-json\/wp\/v2\/comments?post=5825"}],"version-history":[{"count":4,"href":"https:\/\/nuevo-renacer.com\/pt\/wp-json\/wp\/v2\/pages\/5825\/revisions"}],"predecessor-version":[{"id":8178,"href":"https:\/\/nuevo-renacer.com\/pt\/wp-json\/wp\/v2\/pages\/5825\/revisions\/8178"}],"wp:attachment":[{"href":"https:\/\/nuevo-renacer.com\/pt\/wp-json\/wp\/v2\/media?parent=5825"}],"curies":[{"name":"wp","href":"https:\/\/api.w.org\/{rel}","templated":true}]}}