{"id":5752,"date":"2024-12-16T10:24:47","date_gmt":"2024-12-16T10:24:47","guid":{"rendered":"https:\/\/nuevo-renacer.com\/?page_id=5752"},"modified":"2025-03-17T10:40:02","modified_gmt":"2025-03-17T10:40:02","slug":"etel-schulte","status":"publish","type":"page","link":"https:\/\/nuevo-renacer.com\/pt\/etel-schulte\/","title":{"rendered":"Etel Schulte"},"content":{"rendered":"<div class=\"wp-block-uagb-container uagb-block-eb41efdf alignfull uagb-is-root-container\"><div class=\"uagb-container-inner-blocks-wrap\">\n<p class=\"has-black-color has-text-color has-link-color has-medium-font-size wp-elements-cb3734e274800d832efe4e7bc3599422\"><strong>Etel Schulte<\/strong><\/p>\n<\/div><\/div>\n\n\n\n<div class=\"wp-block-uagb-container uagb-block-7243f366 alignfull uagb-is-root-container\"><div class=\"uagb-container-inner-blocks-wrap\">\n<figure class=\"wp-block-image size-full is-resized\"><img fetchpriority=\"high\" decoding=\"async\" width=\"467\" height=\"600\" src=\"https:\/\/nuevo-renacer.com\/wp-content\/uploads\/2024\/10\/etelschulte_4.jpg\" alt=\"\" class=\"wp-image-5750\" style=\"width:265px;height:auto\" srcset=\"https:\/\/nuevo-renacer.com\/wp-content\/uploads\/2024\/10\/etelschulte_4.jpg 467w, https:\/\/nuevo-renacer.com\/wp-content\/uploads\/2024\/10\/etelschulte_4-234x300.jpg 234w, https:\/\/nuevo-renacer.com\/wp-content\/uploads\/2024\/10\/etelschulte_4-9x12.jpg 9w\" sizes=\"(max-width: 467px) 100vw, 467px\" \/><\/figure>\n<\/div><\/div>\n\n\n\n<div class=\"wp-block-uagb-container uagb-block-c86daaff alignfull uagb-is-root-container\"><div class=\"uagb-container-inner-blocks-wrap\">\n<p class=\"has-black-color has-text-color has-link-color has-small-font-size wp-elements-0c1fb45f89dce1ae8db6ba93313034e2\">\u00c9 muito dif\u00edcil falar sobre si mesmo. Al\u00e9m disso, sempre fui muito cuidadoso com minha vida particular. Tentarei, no entanto, contar-lhes algo de minha experi\u00eancia nesta vida, embora em muitos de meus livros eu tenha apresentado experi\u00eancias pessoais. Come\u00e7arei com meu nascimento, que ocorreu, h\u00e1 muito tempo, na cidade de Buenos Aires, em 28 de julho de 1942.<\/p>\n\n\n\n<p class=\"has-black-color has-text-color has-link-color has-small-font-size wp-elements-810067686bc68f5ad708c103cfa265a7\">Meus pais s\u00e3o, e digo que s\u00e3o porque ningu\u00e9m deixa de existir s\u00f3 porque passou de um plano de exist\u00eancia para outro, Isabel Odette Bessa, brasileira e funcion\u00e1ria do governo brasileiro na Argentina, com o cargo de vice-c\u00f4nsul. Roberto Eduardo Schulte, argentino, banqueiro e meu melhor amigo na vida.<\/p>\n\n\n\n<p class=\"has-black-color has-text-color has-link-color has-small-font-size wp-elements-107db7f33295f6a1657b80b1d63bfcd0\">Tenho tr\u00eas filhos: Hern\u00e1n, Federico e Mar\u00eda de las Victorias Ducrey. Federico j\u00e1 est\u00e1 no mundo espiritual h\u00e1 muitos anos, mas continua vivo como antes. Ningu\u00e9m morre, apenas nos transformamos como lib\u00e9lulas em borboletas. Hern\u00e1n e Vicky s\u00e3o meus grandes pilares de vida. Dois seres de luz que dignificam e honram a vida. Tenho, gra\u00e7as a Deus, quatro netos maravilhosos. Maximiliano, Rodrigo, Santiago e Juan Cruz. Eles s\u00e3o cheios de vida e sonhos, s\u00e3o o fermento da vida. Eles s\u00e3o a \u201cchochera\u201d desta av\u00f3.<\/p>\n\n\n\n<p class=\"has-black-color has-text-color has-link-color has-small-font-size wp-elements-5cb3a72264581f85f2c9b16d09a62dc8\">Durante minha juventude, lecionei ingl\u00eas em duas escolas de grande prest\u00edgio em Buenos Aires: Colegio del Salvador e Colegio Santa Rita. Foi uma experi\u00eancia fant\u00e1stica e acho que nunca perdi minha \u201calma de professor de ameixa\u201d, como meus filhos me chamam. No entanto, houve um evento que dividiu minha vida em duas: antes e depois do \u201cDolex\u201d. Foi em fevereiro de 1977. Era um domingo. De repente, senti uma dor de cabe\u00e7a terr\u00edvel que me impediu de pensar. Isso nunca acontece comigo, nunca tenho dor de cabe\u00e7a. N\u00e3o tinha nada em casa e pedi \u00e0 minha m\u00e3e, que morava em outro apartamento no mesmo pr\u00e9dio, um analg\u00e9sico. Ela me deu um \u201cDolex\u201d. Quando ela estendeu a m\u00e3o, me ofereceu dois comprimidos. Olhei para eles e decidi tomar apenas um, gra\u00e7as a Deus! Depois de um tempo, senti como se estivesse girando por todos os lados. Fui ao banheiro e, horrorizado, vi meu rosto no espelho, uma bola deformada.<\/p>\n\n\n\n<p class=\"has-black-color has-text-color has-link-color has-small-font-size wp-elements-7787c4d682c3909c04e31645cc0c836d\">Obviamente, eu havia tido uma rea\u00e7\u00e3o al\u00e9rgica, pela primeira vez. A intui\u00e7\u00e3o n\u00e3o falha. Pedi ao meu marido que me levasse com urg\u00eancia a um consult\u00f3rio m\u00e9dico. Chegamos e senti que estava desmaiando. Estava totalmente rouca. Puxei o avental do enfermeiro para dizer a ele que eu havia tomado apenas um \u201cDolex\u201d. Eu estava com medo de que eles pensassem em outra coisa e come\u00e7assem a bombear meu est\u00f4mago. Fiquei aliviado quando ele disse que tinha me entendido. Eu me desliguei imediatamente. Tive um edema de glote e depois um ataque card\u00edaco. Os m\u00e9dicos se desesperaram ao meu lado, pois achavam que eu estava morrendo, e repetiram que eu era muito jovem para ficar assim, por causa de um simples comprimido.<\/p>\n\n\n\n<p class=\"has-black-color has-text-color has-link-color has-small-font-size wp-elements-8dfc799200ca529cf635ae09e2de6542\">Essa foi a experi\u00eancia que marcou minha vida, definitivamente. Primeiro foi uma dor insuport\u00e1vel. Eu tinha um trator andando e pisando em meu peito. Um rolo compressor destrutivo. Um ataque card\u00edaco d\u00f3i pra caramba. Depois veio a melhor parte. Eu me vi suspenso no ar, observei meu corpo do teto. Tantas l\u00e1grimas derramadas e tantos sorrisos dados! Sobrevoei a enfermaria, sa\u00ed pela janela, vi algumas \u00e1rvores e um jardim... Andei pelo pr\u00e9dio do hospital.<\/p>\n\n\n\n<p class=\"has-black-color has-text-color has-link-color has-small-font-size wp-elements-b38b1ca0be4806a464ad326e0995ea5c\">Fiquei impressionado com o fato de poder ler a mente dos m\u00e9dicos. Havia uma jovem m\u00e9dica que me disse para levantar as pernas como um m\u00e9dico chamado Equis. Ent\u00e3o, pude ver em sua mente a p\u00e1gina do folheto m\u00e9dico com a foto no canto inferior esquerdo da p\u00e1gina. Inacredit\u00e1vel. Minhas lembran\u00e7as s\u00e3o t\u00e3o claras quanto eram naquele momento - ele podia ler mentes! Lembro-me de pensar: \u201cSe isso durasse, eu seria um deus!!!\u201d. Uma sensa\u00e7\u00e3o \u00fanica e irrepet\u00edvel.<\/p>\n\n\n\n<p class=\"has-black-color has-text-color has-link-color has-small-font-size wp-elements-696b57ffebfbeb157457757faf73355f\">De repente, fui pego em um turbilh\u00e3o, um redemoinho, e entrei em uma estrada escura, algo como \u201co estreito c\u00e2nion do Colorado\u201d, como me lembro de ter imaginado. Viajei muito, mas nunca estive l\u00e1. Era a coisa mais pr\u00f3xima de um t\u00fanel. Ao meu redor, havia muitas figuras que pareciam dan\u00e7ar e me acompanhar nessa jornada. Eu n\u00e3o reconhecia ningu\u00e9m. Bem, naquela \u00e9poca eu n\u00e3o tinha parentes ou amigos \u201cmortos\u201d. Senti a maior paz que se possa imaginar. Pensei: \u201cesta \u00e9 a plenitude\u201d. \u00c9 algo \u00fanico e inimagin\u00e1vel. Eu n\u00e3o queria sair dali, era como voltar ao \u00fatero, era uma felicidade total. Nunca mais tive uma experi\u00eancia como essa. \u00c9 uma experi\u00eancia que nos conecta a algum plano superior, sem d\u00favida. Entramos em outro estado alterado de consci\u00eancia.<\/p>\n\n\n\n<p class=\"has-black-color has-text-color has-link-color has-small-font-size wp-elements-4d9d9222f55f5626582ac4832c5ca40c\">Senti que meu tempo estava se esgotando, que minha vida passava rapidamente diante dos meus olhos, como em um filme colorido. Fiz um balan\u00e7o de minha vida. Fui muito cruel comigo mesma. Tudo tinha sido muito bom, exceto meu papel como mulher. Eu era uma boa m\u00e3e, uma boa filha tamb\u00e9m, mas... O que eu tinha feito pela minha evolu\u00e7\u00e3o espiritual? O que eu tinha conquistado como mulher? Que sonhos eu tinha adiado, que ideais eu tinha truncado? Meu equil\u00edbrio era muito ruim. Somos os ju\u00edzes mais cru\u00e9is de n\u00f3s mesmos. N\u00e3o h\u00e1 julgamento final, como afirmam as religi\u00f5es tradicionais, somos n\u00f3s que nos julgamos e n\u00e3o nos perdoamos. Somos cru\u00e9is.<\/p>\n\n\n\n<p class=\"has-black-color has-text-color has-link-color has-small-font-size wp-elements-4486886ae3397fb34d6cb41925544c8c\">Aprendi uma grande li\u00e7\u00e3o: tudo o que fizemos de errado, mas com boas inten\u00e7\u00f5es, \u00e9 perdoado. Por qu\u00ea? Porque ainda somos seres muito ignorantes. Se f\u00f4ssemos mais evolu\u00eddos, obviamente estar\u00edamos encarnados em outro planeta, mais elevado. A \u00fanica coisa que n\u00e3o perdoamos a n\u00f3s mesmos \u00e9 n\u00e3o ter tentado fazer as coisas. A falta de tentativa \u00e9 imperdo\u00e1vel. Nunca me esqueci disso e contei a todos que pude para que n\u00e3o cometessem o mesmo erro que cometi na \u00e9poca.<\/p>\n\n\n\n<p class=\"has-black-color has-text-color has-link-color has-small-font-size wp-elements-9931f6cc31d3db86dc2695872555663d\">No fim do t\u00fanel estava o professor Bruno Genta, reitor da Escola Santa Rita, onde eu era professor e a quem admirava muito. H\u00e1 pouco tempo, ele havia sido morto pelos guerrilheiros da \u00e9poca, do lado de fora da igreja. Ele me estendeu a m\u00e3o e eu caminhei em sua dire\u00e7\u00e3o, sentindo-me muito, muito feliz. Surpreendentemente, uma foto de meus tr\u00eas filhos, que eram muito jovens, apareceu diante de meus olhos. Eles estavam em p\u00e9 em uma escada. Foi um tapa na cara da realidade. Eu n\u00e3o podia ir embora e deix\u00e1-los, eles estariam muito desprotegidos. \u00c9 engra\u00e7ado que, naquela \u00e9poca, eu era um grande fot\u00f3grafo amador, mas essa foto nunca existiu. Havia dezenas delas, mas n\u00e3o aquela. Um detalhe. Embora elas sejam meu tesouro mais precioso, foi dif\u00edcil voltar atr\u00e1s. Senti que ela \u201centrou\u201d em meu corpo, ali na maca, de forma quase violenta e, na verdade, sem vontade de voltar.<\/p>\n\n\n\n<p class=\"has-black-color has-text-color has-link-color has-small-font-size wp-elements-51730ccc1cda8117cc178c7005daaf66\">A partir dessa experi\u00eancia, tomei muitas decis\u00f5es que marcaram minha vida: me divorciei, mudei de profiss\u00e3o e decidi viver a vida de uma maneira diferente, mais ligada \u00e0 espiritualidade, obviamente, mas mantendo os p\u00e9s firmes no ch\u00e3o. Fui para Bras\u00edlia e me inscrevi no Itamaraty, o Minist\u00e9rio das Rela\u00e7\u00f5es Exteriores do Brasil, e entrei para o servi\u00e7o exterior brasileiro. Sou brasileiro porque minha m\u00e3e \u00e9 brasileira. Na verdade, sou binacional, brasileiro e argentino. Ambos os pa\u00edses vivem em mim e eu os amo, mas o Brasil foi o lugar onde iniciei meu caminho espiritual. Viajei muito, conheci muitas culturas diferentes e aprendi muito. O mais importante \u00e9 que nunca paramos de aprender e aprender sozinho n\u00e3o \u00e9 suficiente, \u00e9 necess\u00e1rio compartilhar o que aprendemos. Quando me aposentei, h\u00e1 alguns anos, pelo governo brasileiro, voltei a morar na Argentina porque meus filhos e netos est\u00e3o aqui, embora agora, provavelmente, muitos deles ir\u00e3o embora, infelizmente.<\/p>\n\n\n\n<p class=\"has-black-color has-text-color has-link-color has-small-font-size wp-elements-e6910ffc0f349d1af0ad6afdb5bb4bc2\">Sempre, desde o epis\u00f3dio de Dolex, trabalhei como pude e de onde pude para compartilhar tudo o que estava aprendendo com leitores e amigos que queriam se interessar pelo crescimento espiritual. Todos os caminhos s\u00e3o v\u00e1lidos. Como diz o Dalai Lama: \u201ca melhor religi\u00e3o \u00e9 um bom cora\u00e7\u00e3o\u201d. Somos seres espirituais tendo uma experi\u00eancia f\u00edsica. Somos Esp\u00edritos criados simples e ignorantes e estamos percorrendo a longa estrada da evolu\u00e7\u00e3o da maneira que podemos, especialmente fazendo uso da nossa for\u00e7a de vontade, do estudo, do nosso amor a Deus e do nosso amor ao pr\u00f3ximo.<\/p>\n\n\n\n<p class=\"has-black-color has-text-color has-link-color has-small-font-size wp-elements-fb38d19cb42e27ee307084e59aaea162\">\u00c9 por isso que gosto tanto de escrever: para compartilhar tudo o que descubro e aprendo.<\/p>\n<\/div><\/div>\n\n\n\n<div class=\"wp-block-uagb-container uagb-block-8ee9a2fb alignfull uagb-is-root-container\"><div class=\"uagb-container-inner-blocks-wrap\"><\/div><\/div>\n\n\n\n<div class=\"wp-block-uagb-container uagb-block-221b173d alignfull uagb-is-root-container\"><div class=\"uagb-container-inner-blocks-wrap\">\n<p class=\"has-small-font-size\">P\u00e1gina inicial: <a href=\"http:\/\/etelschulte.com.ar\/\">http:\/\/etelschulte.com.ar\/<\/a><\/p>\n<\/div><\/div>\n\n\n\n<div class=\"wp-block-uagb-container uagb-block-1561a394 alignfull uagb-is-root-container\"><div class=\"uagb-container-inner-blocks-wrap\"><\/div><\/div>\n\n\n\n<div class=\"wp-block-uagb-container uagb-block-26c4569f alignfull uagb-is-root-container\"><div class=\"uagb-container-inner-blocks-wrap\"><\/div><\/div>","protected":false},"excerpt":{"rendered":"<p>Etel Schulte Es muy dif\u00edcil hablar de uno mismo. Adem\u00e1s, siempre fui muy cuidadosa con mi vida privada. Tratar\u00e9, sin embargo, de contarles algo de mi experiencia en esta vida, aunque en muchos de mis libros introduje vivencias personales. Empezar\u00e9 por mi nacimiento, ocurrido, hace mucho tiempo, en la ciudad de Buenos Aires, el 28 [&hellip;]<\/p>","protected":false},"author":1,"featured_media":0,"parent":0,"menu_order":0,"comment_status":"closed","ping_status":"closed","template":"","meta":{"_uag_custom_page_level_css":"","site-sidebar-layout":"default","site-content-layout":"","ast-site-content-layout":"default","site-content-style":"default","site-sidebar-style":"default","ast-global-header-display":"","ast-banner-title-visibility":"","ast-main-header-display":"","ast-hfb-above-header-display":"","ast-hfb-below-header-display":"","ast-hfb-mobile-header-display":"","site-post-title":"","ast-breadcrumbs-content":"","ast-featured-img":"","footer-sml-layout":"","theme-transparent-header-meta":"","adv-header-id-meta":"","stick-header-meta":"","header-above-stick-meta":"","header-main-stick-meta":"","header-below-stick-meta":"","astra-migrate-meta-layouts":"set","ast-page-background-enabled":"default","ast-page-background-meta":{"desktop":{"background-color":"var(--ast-global-color-4)","background-image":"","background-repeat":"repeat","background-position":"center center","background-size":"auto","background-attachment":"scroll","background-type":"","background-media":"","overlay-type":"","overlay-color":"","overlay-opacity":"","overlay-gradient":""},"tablet":{"background-color":"","background-image":"","background-repeat":"repeat","background-position":"center center","background-size":"auto","background-attachment":"scroll","background-type":"","background-media":"","overlay-type":"","overlay-color":"","overlay-opacity":"","overlay-gradient":""},"mobile":{"background-color":"","background-image":"","background-repeat":"repeat","background-position":"center center","background-size":"auto","background-attachment":"scroll","background-type":"","background-media":"","overlay-type":"","overlay-color":"","overlay-opacity":"","overlay-gradient":""}},"ast-content-background-meta":{"desktop":{"background-color":"var(--ast-global-color-5)","background-image":"","background-repeat":"repeat","background-position":"center center","background-size":"auto","background-attachment":"scroll","background-type":"","background-media":"","overlay-type":"","overlay-color":"","overlay-opacity":"","overlay-gradient":""},"tablet":{"background-color":"var(--ast-global-color-5)","background-image":"","background-repeat":"repeat","background-position":"center center","background-size":"auto","background-attachment":"scroll","background-type":"","background-media":"","overlay-type":"","overlay-color":"","overlay-opacity":"","overlay-gradient":""},"mobile":{"background-color":"var(--ast-global-color-5)","background-image":"","background-repeat":"repeat","background-position":"center center","background-size":"auto","background-attachment":"scroll","background-type":"","background-media":"","overlay-type":"","overlay-color":"","overlay-opacity":"","overlay-gradient":""}},"footnotes":""},"class_list":["post-5752","page","type-page","status-publish","hentry"],"yoast_head":"<!-- This site is optimized with the Yoast SEO Premium plugin v24.2 (Yoast SEO v24.6) - https:\/\/yoast.com\/wordpress\/plugins\/seo\/ -->\n<title>Etel Schulte - Uni\u00f3n Esp\u00edrita<\/title>\n<meta name=\"robots\" content=\"index, follow, max-snippet:-1, max-image-preview:large, max-video-preview:-1\" \/>\n<link rel=\"canonical\" href=\"https:\/\/nuevo-renacer.com\/pt\/etel-schulte\/\" \/>\n<meta property=\"og:locale\" content=\"pt_BR\" \/>\n<meta property=\"og:type\" content=\"article\" \/>\n<meta property=\"og:title\" content=\"Etel Schulte\" \/>\n<meta property=\"og:description\" content=\"Etel Schulte Es muy dif\u00edcil hablar de uno mismo. Adem\u00e1s, siempre fui muy cuidadosa con mi vida privada. Tratar\u00e9, sin embargo, de contarles algo de mi experiencia en esta vida, aunque en muchos de mis libros introduje vivencias personales. Empezar\u00e9 por mi nacimiento, ocurrido, hace mucho tiempo, en la ciudad de Buenos Aires, el 28 [&hellip;]\" \/>\n<meta property=\"og:url\" content=\"https:\/\/nuevo-renacer.com\/pt\/etel-schulte\/\" \/>\n<meta property=\"og:site_name\" content=\"Uni\u00f3n Esp\u00edrita\" \/>\n<meta property=\"article:publisher\" content=\"https:\/\/www.facebook.com\/groups\/3431398063740829\" \/>\n<meta property=\"article:modified_time\" content=\"2025-03-17T10:40:02+00:00\" \/>\n<meta property=\"og:image\" content=\"https:\/\/nuevo-renacer.com\/wp-content\/uploads\/2024\/10\/etelschulte_4.jpg\" \/>\n\t<meta property=\"og:image:width\" content=\"467\" \/>\n\t<meta property=\"og:image:height\" content=\"600\" \/>\n\t<meta property=\"og:image:type\" content=\"image\/jpeg\" \/>\n<meta name=\"twitter:card\" content=\"summary_large_image\" \/>\n<meta name=\"twitter:label1\" content=\"Est. tempo de leitura\" \/>\n\t<meta name=\"twitter:data1\" content=\"8 minutos\" \/>\n<script type=\"application\/ld+json\" class=\"yoast-schema-graph\">{\"@context\":\"https:\/\/schema.org\",\"@graph\":[{\"@type\":\"WebPage\",\"@id\":\"https:\/\/nuevo-renacer.com\/etel-schulte\/\",\"url\":\"https:\/\/nuevo-renacer.com\/etel-schulte\/\",\"name\":\"Etel Schulte - Uni\u00f3n Esp\u00edrita\",\"isPartOf\":{\"@id\":\"https:\/\/nuevo-renacer.com\/#website\"},\"primaryImageOfPage\":{\"@id\":\"https:\/\/nuevo-renacer.com\/etel-schulte\/#primaryimage\"},\"image\":{\"@id\":\"https:\/\/nuevo-renacer.com\/etel-schulte\/#primaryimage\"},\"thumbnailUrl\":\"https:\/\/nuevo-renacer.com\/wp-content\/uploads\/2024\/10\/etelschulte_4.jpg\",\"datePublished\":\"2024-12-16T10:24:47+00:00\",\"dateModified\":\"2025-03-17T10:40:02+00:00\",\"breadcrumb\":{\"@id\":\"https:\/\/nuevo-renacer.com\/etel-schulte\/#breadcrumb\"},\"inLanguage\":\"pt-BR\",\"potentialAction\":[{\"@type\":\"ReadAction\",\"target\":[\"https:\/\/nuevo-renacer.com\/etel-schulte\/\"]}]},{\"@type\":\"ImageObject\",\"inLanguage\":\"pt-BR\",\"@id\":\"https:\/\/nuevo-renacer.com\/etel-schulte\/#primaryimage\",\"url\":\"https:\/\/nuevo-renacer.com\/wp-content\/uploads\/2024\/10\/etelschulte_4.jpg\",\"contentUrl\":\"https:\/\/nuevo-renacer.com\/wp-content\/uploads\/2024\/10\/etelschulte_4.jpg\"},{\"@type\":\"BreadcrumbList\",\"@id\":\"https:\/\/nuevo-renacer.com\/etel-schulte\/#breadcrumb\",\"itemListElement\":[{\"@type\":\"ListItem\",\"position\":1,\"name\":\"Startseite\",\"item\":\"https:\/\/nuevo-renacer.com\/\"},{\"@type\":\"ListItem\",\"position\":2,\"name\":\"Etel Schulte\"}]},{\"@type\":\"WebSite\",\"@id\":\"https:\/\/nuevo-renacer.com\/#website\",\"url\":\"https:\/\/nuevo-renacer.com\/\",\"name\":\"Uni\u00f3n Esp\u00edrita\",\"description\":\"Nuevo Renacer\",\"publisher\":{\"@id\":\"https:\/\/nuevo-renacer.com\/#organization\"},\"potentialAction\":[{\"@type\":\"SearchAction\",\"target\":{\"@type\":\"EntryPoint\",\"urlTemplate\":\"https:\/\/nuevo-renacer.com\/?s={search_term_string}\"},\"query-input\":{\"@type\":\"PropertyValueSpecification\",\"valueRequired\":true,\"valueName\":\"search_term_string\"}}],\"inLanguage\":\"pt-BR\"},{\"@type\":\"Organization\",\"@id\":\"https:\/\/nuevo-renacer.com\/#organization\",\"name\":\"UFEC\",\"url\":\"https:\/\/nuevo-renacer.com\/\",\"logo\":{\"@type\":\"ImageObject\",\"inLanguage\":\"pt-BR\",\"@id\":\"https:\/\/nuevo-renacer.com\/#\/schema\/logo\/image\/\",\"url\":\"https:\/\/nuevo-renacer.com\/wp-content\/uploads\/2024\/05\/cropped-LOGO-TERMINADO1-3-3.png\",\"contentUrl\":\"https:\/\/nuevo-renacer.com\/wp-content\/uploads\/2024\/05\/cropped-LOGO-TERMINADO1-3-3.png\",\"width\":512,\"height\":512,\"caption\":\"UFEC\"},\"image\":{\"@id\":\"https:\/\/nuevo-renacer.com\/#\/schema\/logo\/image\/\"},\"sameAs\":[\"https:\/\/www.facebook.com\/groups\/3431398063740829\"]}]}<\/script>\n<!-- \/ Yoast SEO Premium plugin. -->","yoast_head_json":{"title":"Etel Schulte - Uni\u00f3n Esp\u00edrita","robots":{"index":"index","follow":"follow","max-snippet":"max-snippet:-1","max-image-preview":"max-image-preview:large","max-video-preview":"max-video-preview:-1"},"canonical":"https:\/\/nuevo-renacer.com\/pt\/etel-schulte\/","og_locale":"pt_BR","og_type":"article","og_title":"Etel Schulte","og_description":"Etel Schulte Es muy dif\u00edcil hablar de uno mismo. Adem\u00e1s, siempre fui muy cuidadosa con mi vida privada. Tratar\u00e9, sin embargo, de contarles algo de mi experiencia en esta vida, aunque en muchos de mis libros introduje vivencias personales. Empezar\u00e9 por mi nacimiento, ocurrido, hace mucho tiempo, en la ciudad de Buenos Aires, el 28 [&hellip;]","og_url":"https:\/\/nuevo-renacer.com\/pt\/etel-schulte\/","og_site_name":"Uni\u00f3n Esp\u00edrita","article_publisher":"https:\/\/www.facebook.com\/groups\/3431398063740829","article_modified_time":"2025-03-17T10:40:02+00:00","og_image":[{"width":467,"height":600,"url":"https:\/\/nuevo-renacer.com\/wp-content\/uploads\/2024\/10\/etelschulte_4.jpg","type":"image\/jpeg"}],"twitter_card":"summary_large_image","twitter_misc":{"Est. tempo de leitura":"8 minutos"},"schema":{"@context":"https:\/\/schema.org","@graph":[{"@type":"WebPage","@id":"https:\/\/nuevo-renacer.com\/etel-schulte\/","url":"https:\/\/nuevo-renacer.com\/etel-schulte\/","name":"Etel Schulte - Uni\u00f3n Esp\u00edrita","isPartOf":{"@id":"https:\/\/nuevo-renacer.com\/#website"},"primaryImageOfPage":{"@id":"https:\/\/nuevo-renacer.com\/etel-schulte\/#primaryimage"},"image":{"@id":"https:\/\/nuevo-renacer.com\/etel-schulte\/#primaryimage"},"thumbnailUrl":"https:\/\/nuevo-renacer.com\/wp-content\/uploads\/2024\/10\/etelschulte_4.jpg","datePublished":"2024-12-16T10:24:47+00:00","dateModified":"2025-03-17T10:40:02+00:00","breadcrumb":{"@id":"https:\/\/nuevo-renacer.com\/etel-schulte\/#breadcrumb"},"inLanguage":"pt-BR","potentialAction":[{"@type":"ReadAction","target":["https:\/\/nuevo-renacer.com\/etel-schulte\/"]}]},{"@type":"ImageObject","inLanguage":"pt-BR","@id":"https:\/\/nuevo-renacer.com\/etel-schulte\/#primaryimage","url":"https:\/\/nuevo-renacer.com\/wp-content\/uploads\/2024\/10\/etelschulte_4.jpg","contentUrl":"https:\/\/nuevo-renacer.com\/wp-content\/uploads\/2024\/10\/etelschulte_4.jpg"},{"@type":"BreadcrumbList","@id":"https:\/\/nuevo-renacer.com\/etel-schulte\/#breadcrumb","itemListElement":[{"@type":"ListItem","position":1,"name":"Startseite","item":"https:\/\/nuevo-renacer.com\/"},{"@type":"ListItem","position":2,"name":"Etel Schulte"}]},{"@type":"WebSite","@id":"https:\/\/nuevo-renacer.com\/#website","url":"https:\/\/nuevo-renacer.com\/","name":"Uni\u00f3n Esp\u00edrita","description":"Nuevo Renacer","publisher":{"@id":"https:\/\/nuevo-renacer.com\/#organization"},"potentialAction":[{"@type":"SearchAction","target":{"@type":"EntryPoint","urlTemplate":"https:\/\/nuevo-renacer.com\/?s={search_term_string}"},"query-input":{"@type":"PropertyValueSpecification","valueRequired":true,"valueName":"search_term_string"}}],"inLanguage":"pt-BR"},{"@type":"Organization","@id":"https:\/\/nuevo-renacer.com\/#organization","name":"UFEC","url":"https:\/\/nuevo-renacer.com\/","logo":{"@type":"ImageObject","inLanguage":"pt-BR","@id":"https:\/\/nuevo-renacer.com\/#\/schema\/logo\/image\/","url":"https:\/\/nuevo-renacer.com\/wp-content\/uploads\/2024\/05\/cropped-LOGO-TERMINADO1-3-3.png","contentUrl":"https:\/\/nuevo-renacer.com\/wp-content\/uploads\/2024\/05\/cropped-LOGO-TERMINADO1-3-3.png","width":512,"height":512,"caption":"UFEC"},"image":{"@id":"https:\/\/nuevo-renacer.com\/#\/schema\/logo\/image\/"},"sameAs":["https:\/\/www.facebook.com\/groups\/3431398063740829"]}]}},"uagb_featured_image_src":{"full":false,"thumbnail":false,"medium":false,"medium_large":false,"large":false,"1536x1536":false,"2048x2048":false,"trp-custom-language-flag":false},"uagb_author_info":{"display_name":"adbv0","author_link":"https:\/\/nuevo-renacer.com\/pt\/author\/adbv0\/"},"uagb_comment_info":0,"uagb_excerpt":"Etel Schulte Es muy dif\u00edcil hablar de uno mismo. Adem\u00e1s, siempre fui muy cuidadosa con mi vida privada. Tratar\u00e9, sin embargo, de contarles algo de mi experiencia en esta vida, aunque en muchos de mis libros introduje vivencias personales. Empezar\u00e9 por mi nacimiento, ocurrido, hace mucho tiempo, en la ciudad de Buenos Aires, el 28&hellip;","jetpack_sharing_enabled":true,"_links":{"self":[{"href":"https:\/\/nuevo-renacer.com\/pt\/wp-json\/wp\/v2\/pages\/5752","targetHints":{"allow":["GET"]}}],"collection":[{"href":"https:\/\/nuevo-renacer.com\/pt\/wp-json\/wp\/v2\/pages"}],"about":[{"href":"https:\/\/nuevo-renacer.com\/pt\/wp-json\/wp\/v2\/types\/page"}],"author":[{"embeddable":true,"href":"https:\/\/nuevo-renacer.com\/pt\/wp-json\/wp\/v2\/users\/1"}],"replies":[{"embeddable":true,"href":"https:\/\/nuevo-renacer.com\/pt\/wp-json\/wp\/v2\/comments?post=5752"}],"version-history":[{"count":4,"href":"https:\/\/nuevo-renacer.com\/pt\/wp-json\/wp\/v2\/pages\/5752\/revisions"}],"predecessor-version":[{"id":7021,"href":"https:\/\/nuevo-renacer.com\/pt\/wp-json\/wp\/v2\/pages\/5752\/revisions\/7021"}],"wp:attachment":[{"href":"https:\/\/nuevo-renacer.com\/pt\/wp-json\/wp\/v2\/media?parent=5752"}],"curies":[{"name":"wp","href":"https:\/\/api.w.org\/{rel}","templated":true}]}}