{"id":5688,"date":"2024-10-18T12:25:54","date_gmt":"2024-10-18T12:25:54","guid":{"rendered":"https:\/\/nuevo-renacer.com\/?page_id=5688"},"modified":"2024-10-18T12:25:54","modified_gmt":"2024-10-18T12:25:54","slug":"historia-del-espiritismo-en-paraguay","status":"publish","type":"page","link":"https:\/\/nuevo-renacer.com\/pt\/historia-del-espiritismo-en-paraguay\/","title":{"rendered":"Hist\u00f3ria do espiritismo no Paraguai"},"content":{"rendered":"<div class=\"wp-block-uagb-container uagb-block-cf08967c alignfull uagb-is-root-container\"><div class=\"uagb-container-inner-blocks-wrap\">\n<p class=\"has-black-color has-text-color has-link-color has-medium-font-size wp-elements-3f9889afbb3682dffb82ea6d24bea6c0\"><strong>Hist\u00f3ria do espiritismo no Paraguai<\/strong><\/p>\n<\/div><\/div>\n\n\n\n<div class=\"wp-block-uagb-container uagb-block-823726d7 alignfull uagb-is-root-container\"><div class=\"uagb-container-inner-blocks-wrap\"><\/div><\/div>\n\n\n\n<div class=\"wp-block-uagb-container uagb-block-27d0f6aa alignfull uagb-is-root-container\"><div class=\"uagb-container-inner-blocks-wrap\">\n<figure class=\"wp-block-image size-full is-resized has-custom-border\"><img fetchpriority=\"high\" decoding=\"async\" width=\"700\" height=\"463\" src=\"https:\/\/nuevo-renacer.com\/wp-content\/uploads\/2024\/10\/15463-l.jpg\" alt=\"\" class=\"wp-image-5689\" style=\"border-width:1px;width:84px\" srcset=\"https:\/\/nuevo-renacer.com\/wp-content\/uploads\/2024\/10\/15463-l.jpg 700w, https:\/\/nuevo-renacer.com\/wp-content\/uploads\/2024\/10\/15463-l-300x198.jpg 300w, https:\/\/nuevo-renacer.com\/wp-content\/uploads\/2024\/10\/15463-l-18x12.jpg 18w\" sizes=\"(max-width: 700px) 100vw, 700px\" \/><\/figure>\n<\/div><\/div>\n\n\n\n<div class=\"wp-block-uagb-container uagb-block-a5d961d1 alignfull uagb-is-root-container\"><div class=\"uagb-container-inner-blocks-wrap\"><\/div><\/div>\n\n\n\n<div class=\"wp-block-uagb-container uagb-block-3e202bec alignfull uagb-is-root-container\"><div class=\"uagb-container-inner-blocks-wrap\">\n<p class=\"has-black-color has-text-color has-link-color has-small-font-size wp-elements-fe1fea3c8095275ac22cf823a3f6e925\">O espiritismo no Paraguai tem seus antecedentes, at\u00e9 o ano de 1900, aproximadamente, de acordo com a documenta\u00e7\u00e3o que possu\u00edmos, com a presen\u00e7a do Dr. Ovidio Rebaudi na regi\u00e3o do Rio da Prata. Ele frequentava as reuni\u00f5es nas sociedades esp\u00edritas Const\u00e2ncia, a Fraternidade e a Confedera\u00e7\u00e3o Esp\u00edrita Argentina, todos eles em Buenos Aires. Mas, mesmo assim, ele se declarava sob a corrente do Espiritualismo Moderno. J\u00e1 no Paraguai, frequentava a Sociedade de Estudos Magnetol\u00f3gico e, posteriormente, passou a dirigir a Revista Magnetol\u00f3gica.<\/p>\n\n\n\n<div class=\"wp-block-uagb-container uagb-block-18d5f301\">\n<figure class=\"wp-block-image size-full is-resized\"><img decoding=\"async\" width=\"337\" height=\"489\" src=\"https:\/\/nuevo-renacer.com\/wp-content\/uploads\/2024\/10\/Screenshot-191.png\" alt=\"\" class=\"wp-image-5690\" style=\"width:255px;height:auto\" srcset=\"https:\/\/nuevo-renacer.com\/wp-content\/uploads\/2024\/10\/Screenshot-191.png 337w, https:\/\/nuevo-renacer.com\/wp-content\/uploads\/2024\/10\/Screenshot-191-207x300.png 207w, https:\/\/nuevo-renacer.com\/wp-content\/uploads\/2024\/10\/Screenshot-191-8x12.png 8w\" sizes=\"(max-width: 337px) 100vw, 337px\" \/><figcaption class=\"wp-element-caption\">Dr. Ovidio Rebaudi<\/figcaption><\/figure>\n<\/div>\n\n\n\n<p class=\"has-black-color has-text-color has-link-color has-small-font-size wp-elements-03ad882c54ec3b85e6a7e9ece14c75e8\">Mais adiante, no mesmo cen\u00e1rio de Buenos Aires foi fundada, no ano de 1917, a Escola Esp\u00edrita Cient\u00edfica Bas\u00edlio, que tem como base de seus ensinamentos a comunica\u00e7\u00e3o espiritual. L\u00e1 tamb\u00e9m estudavam as obras de Allan Kardec, entre outras. Esta escola, fundada no brasil a sua filial no ano de 1952, onde freq\u00fcentavam o Senhor Itsmio Veneroso e outros amigos, que quando tiveram a oportunidade de conhecer O livro dos Esp\u00edritos e o Evangelho segundo O Espiritismo, compreenderam que os ensinamentos recebidos na Escola n\u00e3o concordava com as propostas de Allan Kardec. Decidiram, ent\u00e3o, retirar-se para fundar o Centro Esp\u00edrita Paraguaio, em 7 de setembro de 1962. A partir da\u00ed, foram criados outros centros esp\u00edritas.<\/p>\n\n\n\n<div class=\"wp-block-uagb-container uagb-block-ba53cd6a\">\n<figure class=\"wp-block-image size-full is-resized\"><img decoding=\"async\" width=\"418\" height=\"603\" src=\"https:\/\/nuevo-renacer.com\/wp-content\/uploads\/2024\/10\/unnamed-1.jpg\" alt=\"\" class=\"wp-image-5691\" style=\"width:255px\" srcset=\"https:\/\/nuevo-renacer.com\/wp-content\/uploads\/2024\/10\/unnamed-1.jpg 418w, https:\/\/nuevo-renacer.com\/wp-content\/uploads\/2024\/10\/unnamed-1-208x300.jpg 208w, https:\/\/nuevo-renacer.com\/wp-content\/uploads\/2024\/10\/unnamed-1-8x12.jpg 8w\" sizes=\"(max-width: 418px) 100vw, 418px\" \/><figcaption class=\"wp-element-caption\">Itsmio Veneroso <\/figcaption><\/figure>\n<\/div>\n\n\n\n<p class=\"has-black-color has-text-color has-link-color has-small-font-size wp-elements-b9cfadfff536810a92b5974db1d20815\">E a partir do ano de 1992, j\u00e1 se come\u00e7ou a sentir a influ\u00eancia espiritual do Brasil, P\u00e1tria do evangelho, Cora\u00e7\u00e3o do Mundo, quando Jo\u00e3o Ravelo e sua fam\u00edlia moram no Paraguai, dando in\u00edcio ao Estudo Sistematizado da Doutrina Esp\u00edrita com base no manual da FEB (Federa\u00e7\u00e3o Esp\u00edrita Brasileira), no Centro de Filosofia Esp\u00edrita Paraguaio. Cabe destacar o trabalho incans\u00e1vel dos maridos Ram\u00f3n Insfr\u00e1n e Gl\u00f3ria \u00c1valos para instalar o estudo sistematizado nos diferentes centros.<\/p>\n\n\n\n<p class=\"has-black-color has-text-color has-link-color has-small-font-size wp-elements-d6b581ffc5fdf1d888cbf4944660851a\">Divaldo Franco veio ao Paraguai, no ano de 1993, e em 1996, pela terceira vez, j\u00e1 que da primeira vez foi no ano de 1968. Raul Teixeira tamb\u00e9m vem para o Paraguai, no ano de 1994. No ano de 2004 iniciou-se, com Carlos Campetti, o Estudo Sistematizado da Mediunidade e a forma\u00e7\u00e3o de grupos de trabalhos medi\u00famnicos. No ano de 2006, realizou-se no pa\u00eds a reuni\u00e3o geral do CEI (Conselho Esp\u00edrita Internacional). O departamento de assist\u00eancia e promo\u00e7\u00e3o social se realiza em todos os centros. Conta-Se ainda com uma participa\u00e7\u00e3o ativa de crian\u00e7as e jovens.<\/p>\n\n\n\n<p class=\"has-black-color has-text-color has-link-color has-small-font-size wp-elements-8ac8aa67c225812192fe5f25299dd0f9\">Hoje, o Espiritismo no Paraguai podemos dizer que avan\u00e7a com passos firmes, gra\u00e7as ao trabalho abnegado de companheiros conscientes do momento que vivemos e, acima de tudo, o amor de Jesus por todos n\u00f3s.<\/p>\n<\/div><\/div>","protected":false},"excerpt":{"rendered":"<p>Historia del espiritismo en Paraguay El espiritismo en Paraguay tiene sus antecedentes hacia el a\u00f1o 1900 aproximadamente, seg\u00fan las documentaciones que poseemos, con la presencia del Dr. Ovidio Rebaudi en la regi\u00f3n del R\u00edo de la Plata. \u00c9l frecuentaba las reuniones en las sociedades espiritas Constancia, Fraternidad&nbsp; y la Confederaci\u00f3n&nbsp; Espiritista Argentina, todas ellas en [&hellip;]<\/p>","protected":false},"author":1,"featured_media":0,"parent":0,"menu_order":0,"comment_status":"closed","ping_status":"closed","template":"","meta":{"_uag_custom_page_level_css":"","site-sidebar-layout":"default","site-content-layout":"","ast-site-content-layout":"default","site-content-style":"default","site-sidebar-style":"default","ast-global-header-display":"","ast-banner-title-visibility":"","ast-main-header-display":"","ast-hfb-above-header-display":"","ast-hfb-below-header-display":"","ast-hfb-mobile-header-display":"","site-post-title":"disabled","ast-breadcrumbs-content":"","ast-featured-img":"","footer-sml-layout":"","theme-transparent-header-meta":"","adv-header-id-meta":"","stick-header-meta":"","header-above-stick-meta":"","header-main-stick-meta":"","header-below-stick-meta":"","astra-migrate-meta-layouts":"set","ast-page-background-enabled":"default","ast-page-background-meta":{"desktop":{"background-color":"var(--ast-global-color-4)","background-image":"","background-repeat":"repeat","background-position":"center center","background-size":"auto","background-attachment":"scroll","background-type":"","background-media":"","overlay-type":"","overlay-color":"","overlay-opacity":"","overlay-gradient":""},"tablet":{"background-color":"","background-image":"","background-repeat":"repeat","background-position":"center center","background-size":"auto","background-attachment":"scroll","background-type":"","background-media":"","overlay-type":"","overlay-color":"","overlay-opacity":"","overlay-gradient":""},"mobile":{"background-color":"","background-image":"","background-repeat":"repeat","background-position":"center center","background-size":"auto","background-attachment":"scroll","background-type":"","background-media":"","overlay-type":"","overlay-color":"","overlay-opacity":"","overlay-gradient":""}},"ast-content-background-meta":{"desktop":{"background-color":"var(--ast-global-color-5)","background-image":"","background-repeat":"repeat","background-position":"center center","background-size":"auto","background-attachment":"scroll","background-type":"","background-media":"","overlay-type":"","overlay-color":"","overlay-opacity":"","overlay-gradient":""},"tablet":{"background-color":"var(--ast-global-color-5)","background-image":"","background-repeat":"repeat","background-position":"center center","background-size":"auto","background-attachment":"scroll","background-type":"","background-media":"","overlay-type":"","overlay-color":"","overlay-opacity":"","overlay-gradient":""},"mobile":{"background-color":"var(--ast-global-color-5)","background-image":"","background-repeat":"repeat","background-position":"center center","background-size":"auto","background-attachment":"scroll","background-type":"","background-media":"","overlay-type":"","overlay-color":"","overlay-opacity":"","overlay-gradient":""}},"footnotes":""},"class_list":["post-5688","page","type-page","status-publish","hentry"],"yoast_head":"<!-- This site is optimized with the Yoast SEO Premium plugin v24.2 (Yoast SEO v24.6) - https:\/\/yoast.com\/wordpress\/plugins\/seo\/ -->\n<title>Historia del espiritismo en Paraguay - Uni\u00f3n Esp\u00edrita<\/title>\n<meta name=\"robots\" content=\"index, follow, max-snippet:-1, max-image-preview:large, max-video-preview:-1\" \/>\n<link rel=\"canonical\" href=\"https:\/\/nuevo-renacer.com\/pt\/historia-del-espiritismo-en-paraguay\/\" \/>\n<meta property=\"og:locale\" content=\"pt_BR\" \/>\n<meta property=\"og:type\" content=\"article\" \/>\n<meta property=\"og:title\" content=\"Historia del espiritismo en Paraguay\" \/>\n<meta property=\"og:description\" content=\"Historia del espiritismo en Paraguay El espiritismo en Paraguay tiene sus antecedentes hacia el a\u00f1o 1900 aproximadamente, seg\u00fan las documentaciones que poseemos, con la presencia del Dr. Ovidio Rebaudi en la regi\u00f3n del R\u00edo de la Plata. \u00c9l frecuentaba las reuniones en las sociedades espiritas Constancia, Fraternidad&nbsp; y la Confederaci\u00f3n&nbsp; Espiritista Argentina, todas ellas en [&hellip;]\" \/>\n<meta property=\"og:url\" content=\"https:\/\/nuevo-renacer.com\/pt\/historia-del-espiritismo-en-paraguay\/\" \/>\n<meta property=\"og:site_name\" content=\"Uni\u00f3n Esp\u00edrita\" \/>\n<meta property=\"article:publisher\" content=\"https:\/\/www.facebook.com\/groups\/3431398063740829\" \/>\n<meta property=\"og:image\" content=\"https:\/\/nuevo-renacer.com\/wp-content\/uploads\/2024\/10\/15463-l.jpg\" \/>\n\t<meta property=\"og:image:width\" content=\"700\" \/>\n\t<meta property=\"og:image:height\" content=\"463\" \/>\n\t<meta property=\"og:image:type\" content=\"image\/jpeg\" \/>\n<meta name=\"twitter:card\" content=\"summary_large_image\" \/>\n<meta name=\"twitter:label1\" content=\"Est. tempo de leitura\" \/>\n\t<meta name=\"twitter:data1\" content=\"2 minutos\" \/>\n<script type=\"application\/ld+json\" class=\"yoast-schema-graph\">{\"@context\":\"https:\/\/schema.org\",\"@graph\":[{\"@type\":\"WebPage\",\"@id\":\"https:\/\/nuevo-renacer.com\/historia-del-espiritismo-en-paraguay\/\",\"url\":\"https:\/\/nuevo-renacer.com\/historia-del-espiritismo-en-paraguay\/\",\"name\":\"Historia del espiritismo en Paraguay - Uni\u00f3n Esp\u00edrita\",\"isPartOf\":{\"@id\":\"https:\/\/nuevo-renacer.com\/#website\"},\"primaryImageOfPage\":{\"@id\":\"https:\/\/nuevo-renacer.com\/historia-del-espiritismo-en-paraguay\/#primaryimage\"},\"image\":{\"@id\":\"https:\/\/nuevo-renacer.com\/historia-del-espiritismo-en-paraguay\/#primaryimage\"},\"thumbnailUrl\":\"https:\/\/nuevo-renacer.com\/wp-content\/uploads\/2024\/10\/15463-l.jpg\",\"datePublished\":\"2024-10-18T12:25:54+00:00\",\"breadcrumb\":{\"@id\":\"https:\/\/nuevo-renacer.com\/historia-del-espiritismo-en-paraguay\/#breadcrumb\"},\"inLanguage\":\"pt-BR\",\"potentialAction\":[{\"@type\":\"ReadAction\",\"target\":[\"https:\/\/nuevo-renacer.com\/historia-del-espiritismo-en-paraguay\/\"]}]},{\"@type\":\"ImageObject\",\"inLanguage\":\"pt-BR\",\"@id\":\"https:\/\/nuevo-renacer.com\/historia-del-espiritismo-en-paraguay\/#primaryimage\",\"url\":\"https:\/\/nuevo-renacer.com\/wp-content\/uploads\/2024\/10\/15463-l.jpg\",\"contentUrl\":\"https:\/\/nuevo-renacer.com\/wp-content\/uploads\/2024\/10\/15463-l.jpg\"},{\"@type\":\"BreadcrumbList\",\"@id\":\"https:\/\/nuevo-renacer.com\/historia-del-espiritismo-en-paraguay\/#breadcrumb\",\"itemListElement\":[{\"@type\":\"ListItem\",\"position\":1,\"name\":\"Startseite\",\"item\":\"https:\/\/nuevo-renacer.com\/\"},{\"@type\":\"ListItem\",\"position\":2,\"name\":\"Historia del espiritismo en Paraguay\"}]},{\"@type\":\"WebSite\",\"@id\":\"https:\/\/nuevo-renacer.com\/#website\",\"url\":\"https:\/\/nuevo-renacer.com\/\",\"name\":\"Uni\u00f3n Esp\u00edrita\",\"description\":\"Nuevo Renacer\",\"publisher\":{\"@id\":\"https:\/\/nuevo-renacer.com\/#organization\"},\"potentialAction\":[{\"@type\":\"SearchAction\",\"target\":{\"@type\":\"EntryPoint\",\"urlTemplate\":\"https:\/\/nuevo-renacer.com\/?s={search_term_string}\"},\"query-input\":{\"@type\":\"PropertyValueSpecification\",\"valueRequired\":true,\"valueName\":\"search_term_string\"}}],\"inLanguage\":\"pt-BR\"},{\"@type\":\"Organization\",\"@id\":\"https:\/\/nuevo-renacer.com\/#organization\",\"name\":\"UFEC\",\"url\":\"https:\/\/nuevo-renacer.com\/\",\"logo\":{\"@type\":\"ImageObject\",\"inLanguage\":\"pt-BR\",\"@id\":\"https:\/\/nuevo-renacer.com\/#\/schema\/logo\/image\/\",\"url\":\"https:\/\/nuevo-renacer.com\/wp-content\/uploads\/2024\/05\/cropped-LOGO-TERMINADO1-3-3.png\",\"contentUrl\":\"https:\/\/nuevo-renacer.com\/wp-content\/uploads\/2024\/05\/cropped-LOGO-TERMINADO1-3-3.png\",\"width\":512,\"height\":512,\"caption\":\"UFEC\"},\"image\":{\"@id\":\"https:\/\/nuevo-renacer.com\/#\/schema\/logo\/image\/\"},\"sameAs\":[\"https:\/\/www.facebook.com\/groups\/3431398063740829\"]}]}<\/script>\n<!-- \/ Yoast SEO Premium plugin. -->","yoast_head_json":{"title":"Historia del espiritismo en Paraguay - Uni\u00f3n Esp\u00edrita","robots":{"index":"index","follow":"follow","max-snippet":"max-snippet:-1","max-image-preview":"max-image-preview:large","max-video-preview":"max-video-preview:-1"},"canonical":"https:\/\/nuevo-renacer.com\/pt\/historia-del-espiritismo-en-paraguay\/","og_locale":"pt_BR","og_type":"article","og_title":"Historia del espiritismo en Paraguay","og_description":"Historia del espiritismo en Paraguay El espiritismo en Paraguay tiene sus antecedentes hacia el a\u00f1o 1900 aproximadamente, seg\u00fan las documentaciones que poseemos, con la presencia del Dr. Ovidio Rebaudi en la regi\u00f3n del R\u00edo de la Plata. \u00c9l frecuentaba las reuniones en las sociedades espiritas Constancia, Fraternidad&nbsp; y la Confederaci\u00f3n&nbsp; Espiritista Argentina, todas ellas en [&hellip;]","og_url":"https:\/\/nuevo-renacer.com\/pt\/historia-del-espiritismo-en-paraguay\/","og_site_name":"Uni\u00f3n Esp\u00edrita","article_publisher":"https:\/\/www.facebook.com\/groups\/3431398063740829","og_image":[{"width":700,"height":463,"url":"https:\/\/nuevo-renacer.com\/wp-content\/uploads\/2024\/10\/15463-l.jpg","type":"image\/jpeg"}],"twitter_card":"summary_large_image","twitter_misc":{"Est. tempo de leitura":"2 minutos"},"schema":{"@context":"https:\/\/schema.org","@graph":[{"@type":"WebPage","@id":"https:\/\/nuevo-renacer.com\/historia-del-espiritismo-en-paraguay\/","url":"https:\/\/nuevo-renacer.com\/historia-del-espiritismo-en-paraguay\/","name":"Historia del espiritismo en Paraguay - Uni\u00f3n Esp\u00edrita","isPartOf":{"@id":"https:\/\/nuevo-renacer.com\/#website"},"primaryImageOfPage":{"@id":"https:\/\/nuevo-renacer.com\/historia-del-espiritismo-en-paraguay\/#primaryimage"},"image":{"@id":"https:\/\/nuevo-renacer.com\/historia-del-espiritismo-en-paraguay\/#primaryimage"},"thumbnailUrl":"https:\/\/nuevo-renacer.com\/wp-content\/uploads\/2024\/10\/15463-l.jpg","datePublished":"2024-10-18T12:25:54+00:00","breadcrumb":{"@id":"https:\/\/nuevo-renacer.com\/historia-del-espiritismo-en-paraguay\/#breadcrumb"},"inLanguage":"pt-BR","potentialAction":[{"@type":"ReadAction","target":["https:\/\/nuevo-renacer.com\/historia-del-espiritismo-en-paraguay\/"]}]},{"@type":"ImageObject","inLanguage":"pt-BR","@id":"https:\/\/nuevo-renacer.com\/historia-del-espiritismo-en-paraguay\/#primaryimage","url":"https:\/\/nuevo-renacer.com\/wp-content\/uploads\/2024\/10\/15463-l.jpg","contentUrl":"https:\/\/nuevo-renacer.com\/wp-content\/uploads\/2024\/10\/15463-l.jpg"},{"@type":"BreadcrumbList","@id":"https:\/\/nuevo-renacer.com\/historia-del-espiritismo-en-paraguay\/#breadcrumb","itemListElement":[{"@type":"ListItem","position":1,"name":"Startseite","item":"https:\/\/nuevo-renacer.com\/"},{"@type":"ListItem","position":2,"name":"Historia del espiritismo en Paraguay"}]},{"@type":"WebSite","@id":"https:\/\/nuevo-renacer.com\/#website","url":"https:\/\/nuevo-renacer.com\/","name":"Uni\u00f3n Esp\u00edrita","description":"Nuevo Renacer","publisher":{"@id":"https:\/\/nuevo-renacer.com\/#organization"},"potentialAction":[{"@type":"SearchAction","target":{"@type":"EntryPoint","urlTemplate":"https:\/\/nuevo-renacer.com\/?s={search_term_string}"},"query-input":{"@type":"PropertyValueSpecification","valueRequired":true,"valueName":"search_term_string"}}],"inLanguage":"pt-BR"},{"@type":"Organization","@id":"https:\/\/nuevo-renacer.com\/#organization","name":"UFEC","url":"https:\/\/nuevo-renacer.com\/","logo":{"@type":"ImageObject","inLanguage":"pt-BR","@id":"https:\/\/nuevo-renacer.com\/#\/schema\/logo\/image\/","url":"https:\/\/nuevo-renacer.com\/wp-content\/uploads\/2024\/05\/cropped-LOGO-TERMINADO1-3-3.png","contentUrl":"https:\/\/nuevo-renacer.com\/wp-content\/uploads\/2024\/05\/cropped-LOGO-TERMINADO1-3-3.png","width":512,"height":512,"caption":"UFEC"},"image":{"@id":"https:\/\/nuevo-renacer.com\/#\/schema\/logo\/image\/"},"sameAs":["https:\/\/www.facebook.com\/groups\/3431398063740829"]}]}},"uagb_featured_image_src":{"full":false,"thumbnail":false,"medium":false,"medium_large":false,"large":false,"1536x1536":false,"2048x2048":false,"trp-custom-language-flag":false},"uagb_author_info":{"display_name":"adbv0","author_link":"https:\/\/nuevo-renacer.com\/pt\/author\/adbv0\/"},"uagb_comment_info":0,"uagb_excerpt":"Historia del espiritismo en Paraguay El espiritismo en Paraguay tiene sus antecedentes hacia el a\u00f1o 1900 aproximadamente, seg\u00fan las documentaciones que poseemos, con la presencia del Dr. Ovidio Rebaudi en la regi\u00f3n del R\u00edo de la Plata. \u00c9l frecuentaba las reuniones en las sociedades espiritas Constancia, Fraternidad&nbsp; y la Confederaci\u00f3n&nbsp; Espiritista Argentina, todas ellas en&hellip;","jetpack_sharing_enabled":true,"_links":{"self":[{"href":"https:\/\/nuevo-renacer.com\/pt\/wp-json\/wp\/v2\/pages\/5688","targetHints":{"allow":["GET"]}}],"collection":[{"href":"https:\/\/nuevo-renacer.com\/pt\/wp-json\/wp\/v2\/pages"}],"about":[{"href":"https:\/\/nuevo-renacer.com\/pt\/wp-json\/wp\/v2\/types\/page"}],"author":[{"embeddable":true,"href":"https:\/\/nuevo-renacer.com\/pt\/wp-json\/wp\/v2\/users\/1"}],"replies":[{"embeddable":true,"href":"https:\/\/nuevo-renacer.com\/pt\/wp-json\/wp\/v2\/comments?post=5688"}],"version-history":[{"count":1,"href":"https:\/\/nuevo-renacer.com\/pt\/wp-json\/wp\/v2\/pages\/5688\/revisions"}],"predecessor-version":[{"id":5692,"href":"https:\/\/nuevo-renacer.com\/pt\/wp-json\/wp\/v2\/pages\/5688\/revisions\/5692"}],"wp:attachment":[{"href":"https:\/\/nuevo-renacer.com\/pt\/wp-json\/wp\/v2\/media?parent=5688"}],"curies":[{"name":"wp","href":"https:\/\/api.w.org\/{rel}","templated":true}]}}