{"id":5666,"date":"2024-10-18T11:04:24","date_gmt":"2024-10-18T11:04:24","guid":{"rendered":"https:\/\/nuevo-renacer.com\/?page_id=5666"},"modified":"2024-10-18T11:21:35","modified_gmt":"2024-10-18T11:21:35","slug":"historia-del-espiritismo-en-el-salvador","status":"publish","type":"page","link":"https:\/\/nuevo-renacer.com\/pt\/historia-del-espiritismo-en-el-salvador\/","title":{"rendered":"Historia del Espiritismo en El Salvador"},"content":{"rendered":"<div class=\"wp-block-uagb-container uagb-block-33f252f1 alignfull uagb-is-root-container\"><div class=\"uagb-container-inner-blocks-wrap\">\n<p class=\"has-black-color has-text-color has-link-color has-medium-font-size wp-elements-cf2a7cd26fc43a6f32751af9a18cb01a\"><strong>Hist\u00f3ria do espiritismo em Salvador<\/strong><\/p>\n<\/div><\/div>\n\n\n\n<div class=\"wp-block-uagb-container uagb-block-3e9f068d alignfull uagb-is-root-container\"><div class=\"uagb-container-inner-blocks-wrap\"><\/div><\/div>\n\n\n\n<div class=\"wp-block-uagb-container uagb-block-e759784a alignfull uagb-is-root-container\"><div class=\"uagb-container-inner-blocks-wrap\">\n<figure class=\"wp-block-image size-large is-resized has-custom-border\"><img fetchpriority=\"high\" decoding=\"async\" width=\"1024\" height=\"579\" src=\"https:\/\/nuevo-renacer.com\/wp-content\/uploads\/2024\/10\/salvador-1024x579.png\" alt=\"\" class=\"wp-image-5667\" style=\"border-width:1px;width:84px\" srcset=\"https:\/\/nuevo-renacer.com\/wp-content\/uploads\/2024\/10\/salvador-1024x579.png 1024w, https:\/\/nuevo-renacer.com\/wp-content\/uploads\/2024\/10\/salvador-300x170.png 300w, https:\/\/nuevo-renacer.com\/wp-content\/uploads\/2024\/10\/salvador-768x434.png 768w, https:\/\/nuevo-renacer.com\/wp-content\/uploads\/2024\/10\/salvador-18x10.png 18w, https:\/\/nuevo-renacer.com\/wp-content\/uploads\/2024\/10\/salvador.png 1200w\" sizes=\"(max-width: 1024px) 100vw, 1024px\" \/><\/figure>\n<\/div><\/div>\n\n\n\n<div class=\"wp-block-uagb-container uagb-block-0f2430d8 alignfull uagb-is-root-container\"><div class=\"uagb-container-inner-blocks-wrap\"><\/div><\/div>\n\n\n\n<div class=\"wp-block-uagb-container uagb-block-4209f65a alignfull uagb-is-root-container\"><div class=\"uagb-container-inner-blocks-wrap\">\n<p class=\"has-black-color has-text-color has-link-color has-small-font-size wp-elements-77e0dd325be22f19aa5ae61d7e3d6ea5\">O Salvador n\u00e3o h\u00e1 muitos estudos sobre o espiritismo, desde o \u00e2mbito acad\u00eamico. Os poucos textos e refer\u00eancias sobre este tema muitas vezes escapam e afastar o acad\u00eamico. Pode-Se intuir que, a partir da rea\u00e7\u00e3o cat\u00f3lica, a presen\u00e7a das pr\u00e1ticas esp\u00edritas j\u00e1 estava presente desde o final do s\u00e9culo xix, ao menos nas grandes cidades como S\u00e3o Salvador e Santa Tecla. Ficaria como um tema pendente de investiga\u00e7\u00e3o, difus\u00e3o e alcance destes grupos esp\u00edritas, no territ\u00f3rio nacional, durante essa \u00e9poca.<\/p>\n\n\n\n<p class=\"has-black-color has-text-color has-link-color has-small-font-size wp-elements-6941b90a2e6faab3c8fbc4365f26cd58\">Tomando como refer\u00eancia os pa\u00edses vizinhos, o espiritismo estava assentado em diversos lugares tais como a Guatemala ou Costa Rica. O s\u00e9culo XX, sem d\u00favida, foi um tempo onde diversos coletivos tiveram crescimento nos grupos intelectuais da am\u00e9rica Central. Desta forma, e seguindo a linha de outros estudos sobre esta tem\u00e1tica, ao longo do s\u00e9culo XIX e in\u00edcio do s\u00e9culo XX, a teosofia, ma\u00e7onaria, espiritismo e outras correntes, enfrentaram-se, direta ou indiretamente, ao materialismo e o positivismo que tamb\u00e9m estavam presentes nas novas na\u00e7\u00f5es surgidas ap\u00f3s a independ\u00eancia. Nesse ponto, estudos recentes manifestam que o espiritismo foi essencial na am\u00e9rica Central para o Desenvolvimento de certas id\u00e9ias de emancipa\u00e7\u00e3o. Personagens como Augusto C\u00e9sar Sandino esteve fortemente vinculado \u00e0s pr\u00e1ticas do espiritismo e do esoterismo. Com tudo, \u00e9 digno de men\u00e7\u00e3o que, em 1921, foi realizado o Primeiro congresso esp\u00edrita da am\u00e9rica Central.<\/p>\n\n\n\n<p class=\"has-black-color has-text-color has-link-color has-small-font-size wp-elements-7981d608b04bb2de0e9c653917557901\">No caso espec\u00edfico de Salvador, no ano de 1956, foi fundada a Federa\u00e7\u00e3o Esp\u00edrita de Salvador. Isso n\u00e3o quer dizer que antes n\u00e3o havia espiritismo no pa\u00eds, por\u00e9m, os trabalhos eram de car\u00e1ter privado e suas atividades eram esparsas, mas chegou a publicar uma revista intitulada &#034;voc\u00ea \u00c9&#034;, \u00f3rg\u00e3o de divulga\u00e7\u00e3o da escola racionalista esp\u00edrita no pa\u00eds. O primeiro presidente da federa\u00e7\u00e3o foi Julio C. Castro. Houve em torno de 23 escolas esp\u00edritas que foram, desta federa\u00e7\u00e3o, entre elas, a sociedade esp\u00edrita &#034;Humildade de Jesus&#034; e o centro esp\u00edrita &#034;Irm\u00e3o Pedro de ingrid Betancourt&#034;.<\/p>\n\n\n\n<p class=\"has-black-color has-text-color has-link-color has-small-font-size wp-elements-2d6d8a7121d487bfff31ec3eee2c1170\">N\u00e3o obstante, na d\u00e9cada de 60, cinco escolas dividem-se e formam o que \u00e9 conhecido como &#034;Uni\u00e3o de escolas esp\u00edritas de Salvador&#034;, por iniciativa de Santiago David Garcia. Nos anos 60, editou o boletim &#034;Luz&#034; e, posteriormente, a revista alvorada esp\u00edrita. Foi at\u00e9 o ano de 1992 que a Federa\u00e7\u00e3o de escolas esp\u00edritas atinge a sua personalidade jur\u00eddica, sendo seu presidente o Dr. Ren\u00e9 Augusto Silva. Assim, no in\u00edcio do s\u00e9culo xxi desta federa\u00e7\u00e3o possu\u00eda em torno de 8 escolas.&nbsp;<\/p>\n\n\n\n<p class=\"has-black-color has-text-color has-link-color has-small-font-size wp-elements-9747253f4dc386c156907721497481ef\">Posteriormente, mudou-se o nome a essa federa\u00e7\u00e3o e hoje em dia \u00e9 conhecido como Associa\u00e7\u00e3o de escolas esp\u00edritas de Salvador.<\/p>\n<\/div><\/div>\n\n\n\n<div class=\"wp-block-uagb-container uagb-block-1883e167 alignfull uagb-is-root-container\"><div class=\"uagb-container-inner-blocks-wrap\"><\/div><\/div>\n\n\n\n<div class=\"wp-block-uagb-container uagb-block-1075ac95 alignfull uagb-is-root-container\"><div class=\"uagb-container-inner-blocks-wrap\"><\/div><\/div>","protected":false},"excerpt":{"rendered":"<p>Historia del espiritismo en El Salvador En El Salvador no hay muchos estudios sobre el espiritismo desde el \u00e1mbito acad\u00e9mico. Los escasos textos y referencias sobre este tema muchas veces se escapan y alejan de lo acad\u00e9mico. Se puede intuir que, a partir de la reacci\u00f3n cat\u00f3lica, la presencia de las pr\u00e1cticas espiritistas estaba ya [&hellip;]<\/p>","protected":false},"author":1,"featured_media":0,"parent":0,"menu_order":0,"comment_status":"closed","ping_status":"closed","template":"","meta":{"_uag_custom_page_level_css":"","site-sidebar-layout":"default","site-content-layout":"","ast-site-content-layout":"default","site-content-style":"default","site-sidebar-style":"default","ast-global-header-display":"","ast-banner-title-visibility":"","ast-main-header-display":"","ast-hfb-above-header-display":"","ast-hfb-below-header-display":"","ast-hfb-mobile-header-display":"","site-post-title":"disabled","ast-breadcrumbs-content":"","ast-featured-img":"","footer-sml-layout":"","theme-transparent-header-meta":"","adv-header-id-meta":"","stick-header-meta":"","header-above-stick-meta":"","header-main-stick-meta":"","header-below-stick-meta":"","astra-migrate-meta-layouts":"set","ast-page-background-enabled":"default","ast-page-background-meta":{"desktop":{"background-color":"var(--ast-global-color-4)","background-image":"","background-repeat":"repeat","background-position":"center center","background-size":"auto","background-attachment":"scroll","background-type":"","background-media":"","overlay-type":"","overlay-color":"","overlay-opacity":"","overlay-gradient":""},"tablet":{"background-color":"","background-image":"","background-repeat":"repeat","background-position":"center center","background-size":"auto","background-attachment":"scroll","background-type":"","background-media":"","overlay-type":"","overlay-color":"","overlay-opacity":"","overlay-gradient":""},"mobile":{"background-color":"","background-image":"","background-repeat":"repeat","background-position":"center center","background-size":"auto","background-attachment":"scroll","background-type":"","background-media":"","overlay-type":"","overlay-color":"","overlay-opacity":"","overlay-gradient":""}},"ast-content-background-meta":{"desktop":{"background-color":"var(--ast-global-color-5)","background-image":"","background-repeat":"repeat","background-position":"center center","background-size":"auto","background-attachment":"scroll","background-type":"","background-media":"","overlay-type":"","overlay-color":"","overlay-opacity":"","overlay-gradient":""},"tablet":{"background-color":"var(--ast-global-color-5)","background-image":"","background-repeat":"repeat","background-position":"center center","background-size":"auto","background-attachment":"scroll","background-type":"","background-media":"","overlay-type":"","overlay-color":"","overlay-opacity":"","overlay-gradient":""},"mobile":{"background-color":"var(--ast-global-color-5)","background-image":"","background-repeat":"repeat","background-position":"center center","background-size":"auto","background-attachment":"scroll","background-type":"","background-media":"","overlay-type":"","overlay-color":"","overlay-opacity":"","overlay-gradient":""}},"footnotes":""},"class_list":["post-5666","page","type-page","status-publish","hentry"],"yoast_head":"<!-- This site is optimized with the Yoast SEO Premium plugin v24.2 (Yoast SEO v24.6) - https:\/\/yoast.com\/wordpress\/plugins\/seo\/ -->\n<title>Historia del Espiritismo en El Salvador - Uni\u00f3n Esp\u00edrita<\/title>\n<meta name=\"robots\" content=\"index, follow, max-snippet:-1, max-image-preview:large, max-video-preview:-1\" \/>\n<link rel=\"canonical\" href=\"https:\/\/nuevo-renacer.com\/pt\/historia-del-espiritismo-en-el-salvador\/\" \/>\n<meta property=\"og:locale\" content=\"pt_BR\" \/>\n<meta property=\"og:type\" content=\"article\" \/>\n<meta property=\"og:title\" content=\"Historia del Espiritismo en El Salvador\" \/>\n<meta property=\"og:description\" content=\"Historia del espiritismo en El Salvador En El Salvador no hay muchos estudios sobre el espiritismo desde el \u00e1mbito acad\u00e9mico. Los escasos textos y referencias sobre este tema muchas veces se escapan y alejan de lo acad\u00e9mico. Se puede intuir que, a partir de la reacci\u00f3n cat\u00f3lica, la presencia de las pr\u00e1cticas espiritistas estaba ya [&hellip;]\" \/>\n<meta property=\"og:url\" content=\"https:\/\/nuevo-renacer.com\/pt\/historia-del-espiritismo-en-el-salvador\/\" \/>\n<meta property=\"og:site_name\" content=\"Uni\u00f3n Esp\u00edrita\" \/>\n<meta property=\"article:publisher\" content=\"https:\/\/www.facebook.com\/groups\/3431398063740829\" \/>\n<meta property=\"article:modified_time\" content=\"2024-10-18T11:21:35+00:00\" \/>\n<meta property=\"og:image\" content=\"https:\/\/nuevo-renacer.com\/wp-content\/uploads\/2024\/10\/salvador.png\" \/>\n\t<meta property=\"og:image:width\" content=\"1200\" \/>\n\t<meta property=\"og:image:height\" content=\"678\" \/>\n\t<meta property=\"og:image:type\" content=\"image\/png\" \/>\n<meta name=\"twitter:card\" content=\"summary_large_image\" \/>\n<meta name=\"twitter:label1\" content=\"Est. tempo de leitura\" \/>\n\t<meta name=\"twitter:data1\" content=\"2 minutos\" \/>\n<script type=\"application\/ld+json\" class=\"yoast-schema-graph\">{\"@context\":\"https:\/\/schema.org\",\"@graph\":[{\"@type\":\"WebPage\",\"@id\":\"https:\/\/nuevo-renacer.com\/historia-del-espiritismo-en-el-salvador\/\",\"url\":\"https:\/\/nuevo-renacer.com\/historia-del-espiritismo-en-el-salvador\/\",\"name\":\"Historia del Espiritismo en El Salvador - Uni\u00f3n Esp\u00edrita\",\"isPartOf\":{\"@id\":\"https:\/\/nuevo-renacer.com\/#website\"},\"primaryImageOfPage\":{\"@id\":\"https:\/\/nuevo-renacer.com\/historia-del-espiritismo-en-el-salvador\/#primaryimage\"},\"image\":{\"@id\":\"https:\/\/nuevo-renacer.com\/historia-del-espiritismo-en-el-salvador\/#primaryimage\"},\"thumbnailUrl\":\"https:\/\/nuevo-renacer.com\/wp-content\/uploads\/2024\/10\/salvador-1024x579.png\",\"datePublished\":\"2024-10-18T11:04:24+00:00\",\"dateModified\":\"2024-10-18T11:21:35+00:00\",\"breadcrumb\":{\"@id\":\"https:\/\/nuevo-renacer.com\/historia-del-espiritismo-en-el-salvador\/#breadcrumb\"},\"inLanguage\":\"pt-BR\",\"potentialAction\":[{\"@type\":\"ReadAction\",\"target\":[\"https:\/\/nuevo-renacer.com\/historia-del-espiritismo-en-el-salvador\/\"]}]},{\"@type\":\"ImageObject\",\"inLanguage\":\"pt-BR\",\"@id\":\"https:\/\/nuevo-renacer.com\/historia-del-espiritismo-en-el-salvador\/#primaryimage\",\"url\":\"https:\/\/nuevo-renacer.com\/wp-content\/uploads\/2024\/10\/salvador-1024x579.png\",\"contentUrl\":\"https:\/\/nuevo-renacer.com\/wp-content\/uploads\/2024\/10\/salvador-1024x579.png\"},{\"@type\":\"BreadcrumbList\",\"@id\":\"https:\/\/nuevo-renacer.com\/historia-del-espiritismo-en-el-salvador\/#breadcrumb\",\"itemListElement\":[{\"@type\":\"ListItem\",\"position\":1,\"name\":\"Startseite\",\"item\":\"https:\/\/nuevo-renacer.com\/\"},{\"@type\":\"ListItem\",\"position\":2,\"name\":\"Historia del Espiritismo en El Salvador\"}]},{\"@type\":\"WebSite\",\"@id\":\"https:\/\/nuevo-renacer.com\/#website\",\"url\":\"https:\/\/nuevo-renacer.com\/\",\"name\":\"Uni\u00f3n Esp\u00edrita\",\"description\":\"Nuevo Renacer\",\"publisher\":{\"@id\":\"https:\/\/nuevo-renacer.com\/#organization\"},\"potentialAction\":[{\"@type\":\"SearchAction\",\"target\":{\"@type\":\"EntryPoint\",\"urlTemplate\":\"https:\/\/nuevo-renacer.com\/?s={search_term_string}\"},\"query-input\":{\"@type\":\"PropertyValueSpecification\",\"valueRequired\":true,\"valueName\":\"search_term_string\"}}],\"inLanguage\":\"pt-BR\"},{\"@type\":\"Organization\",\"@id\":\"https:\/\/nuevo-renacer.com\/#organization\",\"name\":\"UFEC\",\"url\":\"https:\/\/nuevo-renacer.com\/\",\"logo\":{\"@type\":\"ImageObject\",\"inLanguage\":\"pt-BR\",\"@id\":\"https:\/\/nuevo-renacer.com\/#\/schema\/logo\/image\/\",\"url\":\"https:\/\/nuevo-renacer.com\/wp-content\/uploads\/2024\/05\/cropped-LOGO-TERMINADO1-3-3.png\",\"contentUrl\":\"https:\/\/nuevo-renacer.com\/wp-content\/uploads\/2024\/05\/cropped-LOGO-TERMINADO1-3-3.png\",\"width\":512,\"height\":512,\"caption\":\"UFEC\"},\"image\":{\"@id\":\"https:\/\/nuevo-renacer.com\/#\/schema\/logo\/image\/\"},\"sameAs\":[\"https:\/\/www.facebook.com\/groups\/3431398063740829\"]}]}<\/script>\n<!-- \/ Yoast SEO Premium plugin. -->","yoast_head_json":{"title":"Historia del Espiritismo en El Salvador - Uni\u00f3n Esp\u00edrita","robots":{"index":"index","follow":"follow","max-snippet":"max-snippet:-1","max-image-preview":"max-image-preview:large","max-video-preview":"max-video-preview:-1"},"canonical":"https:\/\/nuevo-renacer.com\/pt\/historia-del-espiritismo-en-el-salvador\/","og_locale":"pt_BR","og_type":"article","og_title":"Historia del Espiritismo en El Salvador","og_description":"Historia del espiritismo en El Salvador En El Salvador no hay muchos estudios sobre el espiritismo desde el \u00e1mbito acad\u00e9mico. Los escasos textos y referencias sobre este tema muchas veces se escapan y alejan de lo acad\u00e9mico. Se puede intuir que, a partir de la reacci\u00f3n cat\u00f3lica, la presencia de las pr\u00e1cticas espiritistas estaba ya [&hellip;]","og_url":"https:\/\/nuevo-renacer.com\/pt\/historia-del-espiritismo-en-el-salvador\/","og_site_name":"Uni\u00f3n Esp\u00edrita","article_publisher":"https:\/\/www.facebook.com\/groups\/3431398063740829","article_modified_time":"2024-10-18T11:21:35+00:00","og_image":[{"width":1200,"height":678,"url":"https:\/\/nuevo-renacer.com\/wp-content\/uploads\/2024\/10\/salvador.png","type":"image\/png"}],"twitter_card":"summary_large_image","twitter_misc":{"Est. tempo de leitura":"2 minutos"},"schema":{"@context":"https:\/\/schema.org","@graph":[{"@type":"WebPage","@id":"https:\/\/nuevo-renacer.com\/historia-del-espiritismo-en-el-salvador\/","url":"https:\/\/nuevo-renacer.com\/historia-del-espiritismo-en-el-salvador\/","name":"Historia del Espiritismo en El Salvador - Uni\u00f3n Esp\u00edrita","isPartOf":{"@id":"https:\/\/nuevo-renacer.com\/#website"},"primaryImageOfPage":{"@id":"https:\/\/nuevo-renacer.com\/historia-del-espiritismo-en-el-salvador\/#primaryimage"},"image":{"@id":"https:\/\/nuevo-renacer.com\/historia-del-espiritismo-en-el-salvador\/#primaryimage"},"thumbnailUrl":"https:\/\/nuevo-renacer.com\/wp-content\/uploads\/2024\/10\/salvador-1024x579.png","datePublished":"2024-10-18T11:04:24+00:00","dateModified":"2024-10-18T11:21:35+00:00","breadcrumb":{"@id":"https:\/\/nuevo-renacer.com\/historia-del-espiritismo-en-el-salvador\/#breadcrumb"},"inLanguage":"pt-BR","potentialAction":[{"@type":"ReadAction","target":["https:\/\/nuevo-renacer.com\/historia-del-espiritismo-en-el-salvador\/"]}]},{"@type":"ImageObject","inLanguage":"pt-BR","@id":"https:\/\/nuevo-renacer.com\/historia-del-espiritismo-en-el-salvador\/#primaryimage","url":"https:\/\/nuevo-renacer.com\/wp-content\/uploads\/2024\/10\/salvador-1024x579.png","contentUrl":"https:\/\/nuevo-renacer.com\/wp-content\/uploads\/2024\/10\/salvador-1024x579.png"},{"@type":"BreadcrumbList","@id":"https:\/\/nuevo-renacer.com\/historia-del-espiritismo-en-el-salvador\/#breadcrumb","itemListElement":[{"@type":"ListItem","position":1,"name":"Startseite","item":"https:\/\/nuevo-renacer.com\/"},{"@type":"ListItem","position":2,"name":"Historia del Espiritismo en El Salvador"}]},{"@type":"WebSite","@id":"https:\/\/nuevo-renacer.com\/#website","url":"https:\/\/nuevo-renacer.com\/","name":"Uni\u00f3n Esp\u00edrita","description":"Nuevo Renacer","publisher":{"@id":"https:\/\/nuevo-renacer.com\/#organization"},"potentialAction":[{"@type":"SearchAction","target":{"@type":"EntryPoint","urlTemplate":"https:\/\/nuevo-renacer.com\/?s={search_term_string}"},"query-input":{"@type":"PropertyValueSpecification","valueRequired":true,"valueName":"search_term_string"}}],"inLanguage":"pt-BR"},{"@type":"Organization","@id":"https:\/\/nuevo-renacer.com\/#organization","name":"UFEC","url":"https:\/\/nuevo-renacer.com\/","logo":{"@type":"ImageObject","inLanguage":"pt-BR","@id":"https:\/\/nuevo-renacer.com\/#\/schema\/logo\/image\/","url":"https:\/\/nuevo-renacer.com\/wp-content\/uploads\/2024\/05\/cropped-LOGO-TERMINADO1-3-3.png","contentUrl":"https:\/\/nuevo-renacer.com\/wp-content\/uploads\/2024\/05\/cropped-LOGO-TERMINADO1-3-3.png","width":512,"height":512,"caption":"UFEC"},"image":{"@id":"https:\/\/nuevo-renacer.com\/#\/schema\/logo\/image\/"},"sameAs":["https:\/\/www.facebook.com\/groups\/3431398063740829"]}]}},"uagb_featured_image_src":{"full":false,"thumbnail":false,"medium":false,"medium_large":false,"large":false,"1536x1536":false,"2048x2048":false,"trp-custom-language-flag":false},"uagb_author_info":{"display_name":"adbv0","author_link":"https:\/\/nuevo-renacer.com\/pt\/author\/adbv0\/"},"uagb_comment_info":0,"uagb_excerpt":"Historia del espiritismo en El Salvador En El Salvador no hay muchos estudios sobre el espiritismo desde el \u00e1mbito acad\u00e9mico. Los escasos textos y referencias sobre este tema muchas veces se escapan y alejan de lo acad\u00e9mico. Se puede intuir que, a partir de la reacci\u00f3n cat\u00f3lica, la presencia de las pr\u00e1cticas espiritistas estaba ya&hellip;","jetpack_sharing_enabled":true,"_links":{"self":[{"href":"https:\/\/nuevo-renacer.com\/pt\/wp-json\/wp\/v2\/pages\/5666","targetHints":{"allow":["GET"]}}],"collection":[{"href":"https:\/\/nuevo-renacer.com\/pt\/wp-json\/wp\/v2\/pages"}],"about":[{"href":"https:\/\/nuevo-renacer.com\/pt\/wp-json\/wp\/v2\/types\/page"}],"author":[{"embeddable":true,"href":"https:\/\/nuevo-renacer.com\/pt\/wp-json\/wp\/v2\/users\/1"}],"replies":[{"embeddable":true,"href":"https:\/\/nuevo-renacer.com\/pt\/wp-json\/wp\/v2\/comments?post=5666"}],"version-history":[{"count":8,"href":"https:\/\/nuevo-renacer.com\/pt\/wp-json\/wp\/v2\/pages\/5666\/revisions"}],"predecessor-version":[{"id":5678,"href":"https:\/\/nuevo-renacer.com\/pt\/wp-json\/wp\/v2\/pages\/5666\/revisions\/5678"}],"wp:attachment":[{"href":"https:\/\/nuevo-renacer.com\/pt\/wp-json\/wp\/v2\/media?parent=5666"}],"curies":[{"name":"wp","href":"https:\/\/api.w.org\/{rel}","templated":true}]}}