{"id":5651,"date":"2024-10-18T09:53:14","date_gmt":"2024-10-18T09:53:14","guid":{"rendered":"https:\/\/nuevo-renacer.com\/?page_id=5651"},"modified":"2024-10-18T10:14:27","modified_gmt":"2024-10-18T10:14:27","slug":"historia-del-espiritismo-en-ecuador","status":"publish","type":"page","link":"https:\/\/nuevo-renacer.com\/pt\/historia-del-espiritismo-en-ecuador\/","title":{"rendered":"Hist\u00f3ria do espiritismo no Equador"},"content":{"rendered":"<div class=\"wp-block-uagb-container uagb-block-98cf9223 alignfull uagb-is-root-container\"><div class=\"uagb-container-inner-blocks-wrap\">\n<p class=\"has-black-color has-text-color has-link-color has-medium-font-size wp-elements-64359aafa7ba2c94ecca7eda0e99e1ea\"><strong>Hist\u00f3ria do espiritismo no Equador<\/strong><\/p>\n<\/div><\/div>\n\n\n\n<div class=\"wp-block-uagb-container uagb-block-b3ec6c39 alignfull uagb-is-root-container\"><div class=\"uagb-container-inner-blocks-wrap\"><\/div><\/div>\n\n\n\n<div class=\"wp-block-uagb-container uagb-block-7feb1e7e alignfull uagb-is-root-container\"><div class=\"uagb-container-inner-blocks-wrap\">\n<figure class=\"wp-block-image size-full is-resized\"><img fetchpriority=\"high\" decoding=\"async\" width=\"800\" height=\"533\" src=\"https:\/\/nuevo-renacer.com\/wp-content\/uploads\/2024\/10\/equador.png\" alt=\"\" class=\"wp-image-5652\" style=\"width:84px\" srcset=\"https:\/\/nuevo-renacer.com\/wp-content\/uploads\/2024\/10\/equador.png 800w, https:\/\/nuevo-renacer.com\/wp-content\/uploads\/2024\/10\/equador-300x200.png 300w, https:\/\/nuevo-renacer.com\/wp-content\/uploads\/2024\/10\/equador-768x512.png 768w, https:\/\/nuevo-renacer.com\/wp-content\/uploads\/2024\/10\/equador-18x12.png 18w\" sizes=\"(max-width: 800px) 100vw, 800px\" \/><\/figure>\n<\/div><\/div>\n\n\n\n<div class=\"wp-block-uagb-container uagb-block-eb72e0f8 alignfull uagb-is-root-container\"><div class=\"uagb-container-inner-blocks-wrap\"><\/div><\/div>\n\n\n\n<div class=\"wp-block-uagb-container uagb-block-f334e1ad alignfull uagb-is-root-container\"><div class=\"uagb-container-inner-blocks-wrap\">\n<p class=\"has-black-color has-text-color has-link-color has-small-font-size wp-elements-6b8ddec0c71d7d1f4169fd9b045ab267\">Claro de Jesus Banch\u00f3n Potenci\u00f4metros, nasceu na cidade de Guayaquil, 12 de agosto de 1885, em casa, formada pelos senhores Juli\u00e1n Banch\u00f3n Arias e Joana Potenci\u00f4metros de Banch\u00f3n.<\/p>\n\n\n\n<p class=\"has-black-color has-text-color has-link-color has-small-font-size wp-elements-51d02ad7cd3a0b723805b0bfe996a6d1\">Aluno exemplar, desde muito jovem, ganhou uma bolsa de estudos para estudar no Col\u00e9gio Militar Eloy Alfaro, para, posteriormente, fazer carreira nas For\u00e7as Armadas do Equador. Casou-Se com Marieta Ninfa Coello Ronquillo e teve 6 filhos. Em 1942, fundou o Centro Esp\u00edrita Amalia Domingo Soler. Desencarnou numa manh\u00e3 de 6 de Julho de 1971.<\/p>\n\n\n\n<div class=\"wp-block-uagb-container uagb-block-cdf47630\">\n<figure class=\"wp-block-image size-full is-resized\"><img decoding=\"async\" width=\"570\" height=\"421\" src=\"https:\/\/nuevo-renacer.com\/wp-content\/uploads\/2024\/10\/de-jesus.png\" alt=\"\" class=\"wp-image-5653\" style=\"width:279px;height:auto\" srcset=\"https:\/\/nuevo-renacer.com\/wp-content\/uploads\/2024\/10\/de-jesus.png 570w, https:\/\/nuevo-renacer.com\/wp-content\/uploads\/2024\/10\/de-jesus-300x222.png 300w, https:\/\/nuevo-renacer.com\/wp-content\/uploads\/2024\/10\/de-jesus-16x12.png 16w\" sizes=\"(max-width: 570px) 100vw, 570px\" \/><figcaption class=\"wp-element-caption\">Claro de Jesus Banch\u00f3n Potenci\u00f4metros<\/figcaption><\/figure>\n<\/div>\n\n\n\n<p class=\"has-black-color has-text-color has-link-color has-medium-font-size wp-elements-9746de74c11afd2fcc900e7c4f49f6d3\"><strong>Chegada do Espiritismo no Equador<\/strong><\/p>\n\n\n\n<p class=\"has-black-color has-text-color has-link-color has-small-font-size wp-elements-8438db8f6dc585fae3e1267e80118e17\"><strong>Governo de Eloy Alfaro<\/strong><\/p>\n\n\n\n<p class=\"has-black-color has-text-color has-link-color has-small-font-size wp-elements-cb92be18c04320dbbbeb94fde31c0668\">O pa\u00eds encontrava-se agitado por paix\u00f5es pol\u00edticas. Por um lado, o liberalismo costeiro, e, por outro lado, o conservadorismo serrano, enfrasc\u00e1ndose em confrontos fraticidas. Corria, ent\u00e3o, o segundo mandato presidencial do General Eloy Alfaro Magro, e em franca oposi\u00e7\u00e3o \u00e0 pol\u00edtica macio Leonidas Plaza, ele tentava recuperar todas as conquistas de car\u00e1ter liberal que haviam sido impostas com sangue no Equador e que estavam sendo enterradas lentamente para o conservadorismo. Havia descontentamento em todos os recantos da P\u00e1tria e um dos descontentes com a administra\u00e7\u00e3o do General Alfaro, era o General Rafael Ponte, que de forma sorrateira tinha vindo a desenvolver um levantamento na cidade de Guayaquil.<\/p>\n\n\n\n<div class=\"wp-block-uagb-container uagb-block-b61f308d\">\n<figure class=\"wp-block-image size-full is-resized\"><img decoding=\"async\" width=\"500\" height=\"375\" src=\"https:\/\/nuevo-renacer.com\/wp-content\/uploads\/2024\/10\/magnets4you-1.png\" alt=\"\" class=\"wp-image-5657\" style=\"width:277px;height:auto\" srcset=\"https:\/\/nuevo-renacer.com\/wp-content\/uploads\/2024\/10\/magnets4you-1.png 500w, https:\/\/nuevo-renacer.com\/wp-content\/uploads\/2024\/10\/magnets4you-1-300x225.png 300w, https:\/\/nuevo-renacer.com\/wp-content\/uploads\/2024\/10\/magnets4you-1-16x12.png 16w\" sizes=\"(max-width: 500px) 100vw, 500px\" \/><\/figure>\n<\/div>\n\n\n\n<p class=\"has-black-color has-text-color has-link-color has-small-font-size wp-elements-7a32d58f44aef3588223aab3757ad1fc\"><strong>19 de Julho de 1907<\/strong><\/p>\n\n\n\n<p class=\"has-black-color has-text-color has-link-color has-small-font-size wp-elements-45669de5ddbb76d5519bcad41efb131f\">Ocorre um confronto armado dentro da cidade, com o fim de capturar Eloy Alfaro, que estava de passagem pela cidade. As for\u00e7as militares det\u00eam o enfrentamento e capturam os envolvidos no levantamento.<\/p>\n\n\n\n<p class=\"has-black-color has-text-color has-link-color has-small-font-size wp-elements-42cd9ed48e097cd5728ed997b039c561\">Um jovem militar, chamado Claro de Jesus Banch\u00f3n Potenci\u00f4metros, \u00e9 acusado injustamente de fazer parte do levantamento, \u00e9 condenado \u00e0 morte, posteriormente revogados o seu assassinato e o enviam \u00e0 pris\u00e3o durante 2 anos na cidade de Quito.<\/p>\n\n\n\n<p class=\"has-black-color has-text-color has-link-color has-small-font-size wp-elements-2c5c104d8dbdb061228bf568eddb6e4d\">Durante os 2 anos em que esteve preso injustamente em Quito, conheceu Pincheira, outro r\u00e9u de origem chilena, que professava uma nova doutrina, at\u00e9 ent\u00e3o desconhecida no Equador; o Espiritismo, de Allan Kardec. \u00c9 atrav\u00e9s deste v\u00ednculo que Claro Banch\u00f3n se aprofundar na doutrina Esp\u00edrita e \u00e9 fiel testemunha de como os esp\u00edritos lhes abriam os ferrolhos das c\u00e9lulas as noites e os dirigem de forma segura at\u00e9 os locais onde os interessados no tema possam levar a cabo as sess\u00f5es mediumnicas e receber os conselhos dos esp\u00edritos superiores. Atrav\u00e9s de Pincheira, Claro de Jesus aceda aos estudos esp\u00edritas. De maneira que, uma vez alcan\u00e7ado o seu perd\u00e3o, em 1910, se dedica a levar a mensagem entre familiares e amigos, criando pequenos guildas de onde sairiam os primeiros m\u00e9diuns a seu cargo.<\/p>\n\n\n\n<p class=\"has-black-color has-text-color has-link-color has-small-font-size wp-elements-35286b6168694fd7af2ae47411edba64\"><strong>Funda\u00e7\u00e3o do Centro Amalia Domingo Soler<\/strong><\/p>\n\n\n\n<p class=\"has-black-color has-text-color has-link-color has-small-font-size wp-elements-6f2d4a6fcbca1bccdc8a45b702bef56f\">O 4 de Julho de 1942, foi fundada na cidade de Guayaquil, a cargo da Claro Banch\u00f3n, o primeiro Centro Esp\u00edrita do Equador, ao que se nomeou: Amalia Domingo Soler, em homenagem a um pioneiro do Espiritismo na am\u00e9rica Latina. A sede social continua a operar em seu local de origem at\u00e9 o dia de hoje.<\/p>\n\n\n\n<div class=\"wp-block-uagb-container uagb-block-223323dd\">\n<figure class=\"wp-block-image size-full is-resized\"><img loading=\"lazy\" decoding=\"async\" width=\"531\" height=\"292\" src=\"https:\/\/nuevo-renacer.com\/wp-content\/uploads\/2024\/10\/Screenshot-190.png\" alt=\"\" class=\"wp-image-5659\" style=\"width:278px;height:auto\" srcset=\"https:\/\/nuevo-renacer.com\/wp-content\/uploads\/2024\/10\/Screenshot-190.png 531w, https:\/\/nuevo-renacer.com\/wp-content\/uploads\/2024\/10\/Screenshot-190-300x165.png 300w, https:\/\/nuevo-renacer.com\/wp-content\/uploads\/2024\/10\/Screenshot-190-18x10.png 18w\" sizes=\"(max-width: 531px) 100vw, 531px\" \/><figcaption class=\"wp-element-caption\">Membros do Centro de Amalia Domingo Soler (1962)<\/figcaption><\/figure>\n<\/div>\n\n\n\n<p class=\"has-black-color has-text-color has-link-color has-small-font-size wp-elements-2e386baad5535577656dbaa0147cfcc5\">Come\u00e7ou com trabalhos de mediunidade de cura e aten\u00e7\u00e3o fraterna ao p\u00fablico, levadas a cabo pelas primeiras m\u00e9diuns: Irene Soriano de C\u00e1rdenas, Maria Lu\u00edsa Sa\u00f1udo, Rosita Fernandes, Violeta Banch\u00f3n (filha de Claro Banch\u00f3n), Elenita Bola\u00f1os de Andrade, Roberto Coronel, Rosita Arriaga.<\/p>\n\n\n\n<p class=\"has-black-color has-text-color has-link-color has-small-font-size wp-elements-081c04b79a845bc482d064d14f6d0e09\">A aten\u00e7\u00e3o fraterna tem sido um dos pilares fundamentais para a pr\u00e1tica do servi\u00e7o a quem precisar. O Centro tem se dedicado \u00e0 difus\u00e3o e divulga\u00e7\u00e3o de informa\u00e7\u00f5es esp\u00edrita, atrav\u00e9s de oficinas, palestras, confer\u00eancias, encontros (nacionais e internacionais).<\/p>\n\n\n\n<p class=\"has-black-color has-text-color has-link-color has-small-font-size wp-elements-057c12335382dc57ad841a5c25aa0f8e\">A partir de 2017, o Centro lan\u00e7ou sua primeira revista esp\u00edrita &#034;Clareza&#034;.<\/p>\n\n\n\n<p class=\"has-black-color has-text-color has-link-color has-small-font-size wp-elements-c58182a2cf49862ac2751072f988ffb6\">Em 2018, inaugurou o projeto &#034;Teatro-Espiritismo&#034;, o qual consiste em dramatizar textos e livros de conte\u00fado esp\u00edrita atrav\u00e9s do teatro. Difundindo de forma art\u00edstica a doutrina. Contam j\u00e1 com 7 pe\u00e7as de teatro at\u00e9 hoje.<\/p>\n\n\n\n<p class=\"has-black-color has-text-color has-link-color has-small-font-size wp-elements-15777e949f94c5171d0a827c1069da49\">Atualmente, o Centro continua com seu trabalho de divulga\u00e7\u00e3o de forma virtual.<\/p>\n<\/div><\/div>","protected":false},"excerpt":{"rendered":"<p>Historia del espiritismo en Ecuador Claro de Jes\u00fas Banch\u00f3n Potes, naci\u00f3 en la ciudad de Guayaquil el 12 de agosto 1885, en el hogar conformado por los se\u00f1ores Juli\u00e1n Banch\u00f3n Arias y Juana Potes de Banch\u00f3n. Estudiante ejemplar desde muy joven, gan\u00f3 una beca para estudiar en el Colegio Militar Eloy Alfaro, para posteriormente hacer [&hellip;]<\/p>","protected":false},"author":1,"featured_media":0,"parent":0,"menu_order":0,"comment_status":"closed","ping_status":"closed","template":"","meta":{"_uag_custom_page_level_css":"","site-sidebar-layout":"default","site-content-layout":"","ast-site-content-layout":"default","site-content-style":"default","site-sidebar-style":"default","ast-global-header-display":"","ast-banner-title-visibility":"","ast-main-header-display":"","ast-hfb-above-header-display":"","ast-hfb-below-header-display":"","ast-hfb-mobile-header-display":"","site-post-title":"disabled","ast-breadcrumbs-content":"","ast-featured-img":"","footer-sml-layout":"","theme-transparent-header-meta":"","adv-header-id-meta":"","stick-header-meta":"","header-above-stick-meta":"","header-main-stick-meta":"","header-below-stick-meta":"","astra-migrate-meta-layouts":"set","ast-page-background-enabled":"default","ast-page-background-meta":{"desktop":{"background-color":"var(--ast-global-color-4)","background-image":"","background-repeat":"repeat","background-position":"center center","background-size":"auto","background-attachment":"scroll","background-type":"","background-media":"","overlay-type":"","overlay-color":"","overlay-opacity":"","overlay-gradient":""},"tablet":{"background-color":"","background-image":"","background-repeat":"repeat","background-position":"center center","background-size":"auto","background-attachment":"scroll","background-type":"","background-media":"","overlay-type":"","overlay-color":"","overlay-opacity":"","overlay-gradient":""},"mobile":{"background-color":"","background-image":"","background-repeat":"repeat","background-position":"center center","background-size":"auto","background-attachment":"scroll","background-type":"","background-media":"","overlay-type":"","overlay-color":"","overlay-opacity":"","overlay-gradient":""}},"ast-content-background-meta":{"desktop":{"background-color":"var(--ast-global-color-5)","background-image":"","background-repeat":"repeat","background-position":"center center","background-size":"auto","background-attachment":"scroll","background-type":"","background-media":"","overlay-type":"","overlay-color":"","overlay-opacity":"","overlay-gradient":""},"tablet":{"background-color":"var(--ast-global-color-5)","background-image":"","background-repeat":"repeat","background-position":"center center","background-size":"auto","background-attachment":"scroll","background-type":"","background-media":"","overlay-type":"","overlay-color":"","overlay-opacity":"","overlay-gradient":""},"mobile":{"background-color":"var(--ast-global-color-5)","background-image":"","background-repeat":"repeat","background-position":"center center","background-size":"auto","background-attachment":"scroll","background-type":"","background-media":"","overlay-type":"","overlay-color":"","overlay-opacity":"","overlay-gradient":""}},"footnotes":""},"class_list":["post-5651","page","type-page","status-publish","hentry"],"yoast_head":"<!-- This site is optimized with the Yoast SEO Premium plugin v24.2 (Yoast SEO v24.6) - https:\/\/yoast.com\/wordpress\/plugins\/seo\/ -->\n<title>Historia del espiritismo en Ecuador - Uni\u00f3n Esp\u00edrita<\/title>\n<meta name=\"robots\" content=\"index, follow, max-snippet:-1, max-image-preview:large, max-video-preview:-1\" \/>\n<link rel=\"canonical\" href=\"https:\/\/nuevo-renacer.com\/pt\/historia-del-espiritismo-en-ecuador\/\" \/>\n<meta property=\"og:locale\" content=\"pt_BR\" \/>\n<meta property=\"og:type\" content=\"article\" \/>\n<meta property=\"og:title\" content=\"Historia del espiritismo en Ecuador\" \/>\n<meta property=\"og:description\" content=\"Historia del espiritismo en Ecuador Claro de Jes\u00fas Banch\u00f3n Potes, naci\u00f3 en la ciudad de Guayaquil el 12 de agosto 1885, en el hogar conformado por los se\u00f1ores Juli\u00e1n Banch\u00f3n Arias y Juana Potes de Banch\u00f3n. Estudiante ejemplar desde muy joven, gan\u00f3 una beca para estudiar en el Colegio Militar Eloy Alfaro, para posteriormente hacer [&hellip;]\" \/>\n<meta property=\"og:url\" content=\"https:\/\/nuevo-renacer.com\/pt\/historia-del-espiritismo-en-ecuador\/\" \/>\n<meta property=\"og:site_name\" content=\"Uni\u00f3n Esp\u00edrita\" \/>\n<meta property=\"article:publisher\" content=\"https:\/\/www.facebook.com\/groups\/3431398063740829\" \/>\n<meta property=\"article:modified_time\" content=\"2024-10-18T10:14:27+00:00\" \/>\n<meta property=\"og:image\" content=\"https:\/\/nuevo-renacer.com\/wp-content\/uploads\/2024\/10\/equador.png\" \/>\n\t<meta property=\"og:image:width\" content=\"800\" \/>\n\t<meta property=\"og:image:height\" content=\"533\" \/>\n\t<meta property=\"og:image:type\" content=\"image\/png\" \/>\n<meta name=\"twitter:card\" content=\"summary_large_image\" \/>\n<meta name=\"twitter:label1\" content=\"Est. tempo de leitura\" \/>\n\t<meta name=\"twitter:data1\" content=\"4 minutos\" \/>\n<script type=\"application\/ld+json\" class=\"yoast-schema-graph\">{\"@context\":\"https:\/\/schema.org\",\"@graph\":[{\"@type\":\"WebPage\",\"@id\":\"https:\/\/nuevo-renacer.com\/historia-del-espiritismo-en-ecuador\/\",\"url\":\"https:\/\/nuevo-renacer.com\/historia-del-espiritismo-en-ecuador\/\",\"name\":\"Historia del espiritismo en Ecuador - Uni\u00f3n Esp\u00edrita\",\"isPartOf\":{\"@id\":\"https:\/\/nuevo-renacer.com\/#website\"},\"primaryImageOfPage\":{\"@id\":\"https:\/\/nuevo-renacer.com\/historia-del-espiritismo-en-ecuador\/#primaryimage\"},\"image\":{\"@id\":\"https:\/\/nuevo-renacer.com\/historia-del-espiritismo-en-ecuador\/#primaryimage\"},\"thumbnailUrl\":\"https:\/\/nuevo-renacer.com\/wp-content\/uploads\/2024\/10\/equador.png\",\"datePublished\":\"2024-10-18T09:53:14+00:00\",\"dateModified\":\"2024-10-18T10:14:27+00:00\",\"breadcrumb\":{\"@id\":\"https:\/\/nuevo-renacer.com\/historia-del-espiritismo-en-ecuador\/#breadcrumb\"},\"inLanguage\":\"pt-BR\",\"potentialAction\":[{\"@type\":\"ReadAction\",\"target\":[\"https:\/\/nuevo-renacer.com\/historia-del-espiritismo-en-ecuador\/\"]}]},{\"@type\":\"ImageObject\",\"inLanguage\":\"pt-BR\",\"@id\":\"https:\/\/nuevo-renacer.com\/historia-del-espiritismo-en-ecuador\/#primaryimage\",\"url\":\"https:\/\/nuevo-renacer.com\/wp-content\/uploads\/2024\/10\/equador.png\",\"contentUrl\":\"https:\/\/nuevo-renacer.com\/wp-content\/uploads\/2024\/10\/equador.png\"},{\"@type\":\"BreadcrumbList\",\"@id\":\"https:\/\/nuevo-renacer.com\/historia-del-espiritismo-en-ecuador\/#breadcrumb\",\"itemListElement\":[{\"@type\":\"ListItem\",\"position\":1,\"name\":\"Startseite\",\"item\":\"https:\/\/nuevo-renacer.com\/\"},{\"@type\":\"ListItem\",\"position\":2,\"name\":\"Historia del espiritismo en Ecuador\"}]},{\"@type\":\"WebSite\",\"@id\":\"https:\/\/nuevo-renacer.com\/#website\",\"url\":\"https:\/\/nuevo-renacer.com\/\",\"name\":\"Uni\u00f3n Esp\u00edrita\",\"description\":\"Nuevo Renacer\",\"publisher\":{\"@id\":\"https:\/\/nuevo-renacer.com\/#organization\"},\"potentialAction\":[{\"@type\":\"SearchAction\",\"target\":{\"@type\":\"EntryPoint\",\"urlTemplate\":\"https:\/\/nuevo-renacer.com\/?s={search_term_string}\"},\"query-input\":{\"@type\":\"PropertyValueSpecification\",\"valueRequired\":true,\"valueName\":\"search_term_string\"}}],\"inLanguage\":\"pt-BR\"},{\"@type\":\"Organization\",\"@id\":\"https:\/\/nuevo-renacer.com\/#organization\",\"name\":\"UFEC\",\"url\":\"https:\/\/nuevo-renacer.com\/\",\"logo\":{\"@type\":\"ImageObject\",\"inLanguage\":\"pt-BR\",\"@id\":\"https:\/\/nuevo-renacer.com\/#\/schema\/logo\/image\/\",\"url\":\"https:\/\/nuevo-renacer.com\/wp-content\/uploads\/2024\/05\/cropped-LOGO-TERMINADO1-3-3.png\",\"contentUrl\":\"https:\/\/nuevo-renacer.com\/wp-content\/uploads\/2024\/05\/cropped-LOGO-TERMINADO1-3-3.png\",\"width\":512,\"height\":512,\"caption\":\"UFEC\"},\"image\":{\"@id\":\"https:\/\/nuevo-renacer.com\/#\/schema\/logo\/image\/\"},\"sameAs\":[\"https:\/\/www.facebook.com\/groups\/3431398063740829\"]}]}<\/script>\n<!-- \/ Yoast SEO Premium plugin. -->","yoast_head_json":{"title":"Historia del espiritismo en Ecuador - Uni\u00f3n Esp\u00edrita","robots":{"index":"index","follow":"follow","max-snippet":"max-snippet:-1","max-image-preview":"max-image-preview:large","max-video-preview":"max-video-preview:-1"},"canonical":"https:\/\/nuevo-renacer.com\/pt\/historia-del-espiritismo-en-ecuador\/","og_locale":"pt_BR","og_type":"article","og_title":"Historia del espiritismo en Ecuador","og_description":"Historia del espiritismo en Ecuador Claro de Jes\u00fas Banch\u00f3n Potes, naci\u00f3 en la ciudad de Guayaquil el 12 de agosto 1885, en el hogar conformado por los se\u00f1ores Juli\u00e1n Banch\u00f3n Arias y Juana Potes de Banch\u00f3n. Estudiante ejemplar desde muy joven, gan\u00f3 una beca para estudiar en el Colegio Militar Eloy Alfaro, para posteriormente hacer [&hellip;]","og_url":"https:\/\/nuevo-renacer.com\/pt\/historia-del-espiritismo-en-ecuador\/","og_site_name":"Uni\u00f3n Esp\u00edrita","article_publisher":"https:\/\/www.facebook.com\/groups\/3431398063740829","article_modified_time":"2024-10-18T10:14:27+00:00","og_image":[{"width":800,"height":533,"url":"https:\/\/nuevo-renacer.com\/wp-content\/uploads\/2024\/10\/equador.png","type":"image\/png"}],"twitter_card":"summary_large_image","twitter_misc":{"Est. tempo de leitura":"4 minutos"},"schema":{"@context":"https:\/\/schema.org","@graph":[{"@type":"WebPage","@id":"https:\/\/nuevo-renacer.com\/historia-del-espiritismo-en-ecuador\/","url":"https:\/\/nuevo-renacer.com\/historia-del-espiritismo-en-ecuador\/","name":"Historia del espiritismo en Ecuador - Uni\u00f3n Esp\u00edrita","isPartOf":{"@id":"https:\/\/nuevo-renacer.com\/#website"},"primaryImageOfPage":{"@id":"https:\/\/nuevo-renacer.com\/historia-del-espiritismo-en-ecuador\/#primaryimage"},"image":{"@id":"https:\/\/nuevo-renacer.com\/historia-del-espiritismo-en-ecuador\/#primaryimage"},"thumbnailUrl":"https:\/\/nuevo-renacer.com\/wp-content\/uploads\/2024\/10\/equador.png","datePublished":"2024-10-18T09:53:14+00:00","dateModified":"2024-10-18T10:14:27+00:00","breadcrumb":{"@id":"https:\/\/nuevo-renacer.com\/historia-del-espiritismo-en-ecuador\/#breadcrumb"},"inLanguage":"pt-BR","potentialAction":[{"@type":"ReadAction","target":["https:\/\/nuevo-renacer.com\/historia-del-espiritismo-en-ecuador\/"]}]},{"@type":"ImageObject","inLanguage":"pt-BR","@id":"https:\/\/nuevo-renacer.com\/historia-del-espiritismo-en-ecuador\/#primaryimage","url":"https:\/\/nuevo-renacer.com\/wp-content\/uploads\/2024\/10\/equador.png","contentUrl":"https:\/\/nuevo-renacer.com\/wp-content\/uploads\/2024\/10\/equador.png"},{"@type":"BreadcrumbList","@id":"https:\/\/nuevo-renacer.com\/historia-del-espiritismo-en-ecuador\/#breadcrumb","itemListElement":[{"@type":"ListItem","position":1,"name":"Startseite","item":"https:\/\/nuevo-renacer.com\/"},{"@type":"ListItem","position":2,"name":"Historia del espiritismo en Ecuador"}]},{"@type":"WebSite","@id":"https:\/\/nuevo-renacer.com\/#website","url":"https:\/\/nuevo-renacer.com\/","name":"Uni\u00f3n Esp\u00edrita","description":"Nuevo Renacer","publisher":{"@id":"https:\/\/nuevo-renacer.com\/#organization"},"potentialAction":[{"@type":"SearchAction","target":{"@type":"EntryPoint","urlTemplate":"https:\/\/nuevo-renacer.com\/?s={search_term_string}"},"query-input":{"@type":"PropertyValueSpecification","valueRequired":true,"valueName":"search_term_string"}}],"inLanguage":"pt-BR"},{"@type":"Organization","@id":"https:\/\/nuevo-renacer.com\/#organization","name":"UFEC","url":"https:\/\/nuevo-renacer.com\/","logo":{"@type":"ImageObject","inLanguage":"pt-BR","@id":"https:\/\/nuevo-renacer.com\/#\/schema\/logo\/image\/","url":"https:\/\/nuevo-renacer.com\/wp-content\/uploads\/2024\/05\/cropped-LOGO-TERMINADO1-3-3.png","contentUrl":"https:\/\/nuevo-renacer.com\/wp-content\/uploads\/2024\/05\/cropped-LOGO-TERMINADO1-3-3.png","width":512,"height":512,"caption":"UFEC"},"image":{"@id":"https:\/\/nuevo-renacer.com\/#\/schema\/logo\/image\/"},"sameAs":["https:\/\/www.facebook.com\/groups\/3431398063740829"]}]}},"uagb_featured_image_src":{"full":false,"thumbnail":false,"medium":false,"medium_large":false,"large":false,"1536x1536":false,"2048x2048":false,"trp-custom-language-flag":false},"uagb_author_info":{"display_name":"adbv0","author_link":"https:\/\/nuevo-renacer.com\/pt\/author\/adbv0\/"},"uagb_comment_info":0,"uagb_excerpt":"Historia del espiritismo en Ecuador Claro de Jes\u00fas Banch\u00f3n Potes, naci\u00f3 en la ciudad de Guayaquil el 12 de agosto 1885, en el hogar conformado por los se\u00f1ores Juli\u00e1n Banch\u00f3n Arias y Juana Potes de Banch\u00f3n. Estudiante ejemplar desde muy joven, gan\u00f3 una beca para estudiar en el Colegio Militar Eloy Alfaro, para posteriormente hacer&hellip;","jetpack_sharing_enabled":true,"_links":{"self":[{"href":"https:\/\/nuevo-renacer.com\/pt\/wp-json\/wp\/v2\/pages\/5651","targetHints":{"allow":["GET"]}}],"collection":[{"href":"https:\/\/nuevo-renacer.com\/pt\/wp-json\/wp\/v2\/pages"}],"about":[{"href":"https:\/\/nuevo-renacer.com\/pt\/wp-json\/wp\/v2\/types\/page"}],"author":[{"embeddable":true,"href":"https:\/\/nuevo-renacer.com\/pt\/wp-json\/wp\/v2\/users\/1"}],"replies":[{"embeddable":true,"href":"https:\/\/nuevo-renacer.com\/pt\/wp-json\/wp\/v2\/comments?post=5651"}],"version-history":[{"count":6,"href":"https:\/\/nuevo-renacer.com\/pt\/wp-json\/wp\/v2\/pages\/5651\/revisions"}],"predecessor-version":[{"id":5665,"href":"https:\/\/nuevo-renacer.com\/pt\/wp-json\/wp\/v2\/pages\/5651\/revisions\/5665"}],"wp:attachment":[{"href":"https:\/\/nuevo-renacer.com\/pt\/wp-json\/wp\/v2\/media?parent=5651"}],"curies":[{"name":"wp","href":"https:\/\/api.w.org\/{rel}","templated":true}]}}