{"id":5641,"date":"2024-10-18T08:28:49","date_gmt":"2024-10-18T08:28:49","guid":{"rendered":"https:\/\/nuevo-renacer.com\/?page_id=5641"},"modified":"2024-10-18T08:33:40","modified_gmt":"2024-10-18T08:33:40","slug":"historia-del-espiritismo-en-costa-rica","status":"publish","type":"page","link":"https:\/\/nuevo-renacer.com\/pt\/historia-del-espiritismo-en-costa-rica\/","title":{"rendered":"Hist\u00f3ria do espiritismo em Costa Rica"},"content":{"rendered":"<div class=\"wp-block-uagb-container uagb-block-709abbb7 alignfull uagb-is-root-container\"><div class=\"uagb-container-inner-blocks-wrap\">\n<p class=\"has-black-color has-text-color has-link-color has-medium-font-size wp-elements-1e944b1659ccc41cb6f84094fb36b2e5\"><strong>Hist\u00f3ria do espiritismo em Costa Rica<\/strong><\/p>\n<\/div><\/div>\n\n\n\n<div class=\"wp-block-uagb-container uagb-block-2a4b3fdd alignfull uagb-is-root-container\"><div class=\"uagb-container-inner-blocks-wrap\"><\/div><\/div>\n\n\n\n<div class=\"wp-block-uagb-container uagb-block-b2ec16be alignfull uagb-is-root-container\"><div class=\"uagb-container-inner-blocks-wrap\">\n<figure class=\"wp-block-image size-full is-resized\"><img decoding=\"async\" width=\"220\" height=\"132\" src=\"https:\/\/nuevo-renacer.com\/wp-content\/uploads\/2024\/10\/costa-rica.png\" alt=\"\" class=\"wp-image-5642\" style=\"width:84px\" srcset=\"https:\/\/nuevo-renacer.com\/wp-content\/uploads\/2024\/10\/costa-rica.png 220w, https:\/\/nuevo-renacer.com\/wp-content\/uploads\/2024\/10\/costa-rica-18x12.png 18w\" sizes=\"(max-width: 220px) 100vw, 220px\" \/><\/figure>\n<\/div><\/div>\n\n\n\n<div class=\"wp-block-uagb-container uagb-block-86db8132 alignfull uagb-is-root-container\"><div class=\"uagb-container-inner-blocks-wrap\"><\/div><\/div>\n\n\n\n<div class=\"wp-block-uagb-container uagb-block-e65132f3 alignfull uagb-is-root-container\"><div class=\"uagb-container-inner-blocks-wrap\">\n<p class=\"has-black-color has-text-color has-link-color has-small-font-size wp-elements-91ef1fade5d0e780490a5cbd62c0ab20\">Em 1874 j\u00e1 o vig\u00e1rio Domingo Rivas alertava do p\u00falpito contra a circula\u00e7\u00e3o de literatura esp\u00edrita de Allan Kardec, em o pa\u00eds. Embora se desconhe\u00e7a o in\u00edcio exato do espiritismo na Costa Rica, j\u00e1 desde 1896 existe, pelo menos, um c\u00edrculo ocultista, que publica a revista Gr\u00e3o de Areia, editada por um barbeiro alajuelense, um artista e um artes\u00e3o de nomes Domingo N\u00fa\u00f1ez, Agostinho Ramos e Pedro P\u00e9rez, respectivamente. A revista se declarava como racionalista e era fortemente cr\u00edtica do catolicismo. Deixou de ser impresso em 1889 por falta de fundos.<\/p>\n\n\n\n<div class=\"wp-block-uagb-container uagb-block-a685474f\">\n<figure class=\"wp-block-image size-full is-resized\"><img fetchpriority=\"high\" decoding=\"async\" width=\"205\" height=\"245\" src=\"https:\/\/nuevo-renacer.com\/wp-content\/uploads\/2024\/10\/Domingo-Rivas.jpg\" alt=\"\" class=\"wp-image-5643\" style=\"width:212px;height:auto\" srcset=\"https:\/\/nuevo-renacer.com\/wp-content\/uploads\/2024\/10\/Domingo-Rivas.jpg 205w, https:\/\/nuevo-renacer.com\/wp-content\/uploads\/2024\/10\/Domingo-Rivas-10x12.jpg 10w\" sizes=\"(max-width: 205px) 100vw, 205px\" \/><figcaption class=\"wp-element-caption\">Domingo Rivas<\/figcaption><\/figure>\n<\/div>\n\n\n\n<p class=\"has-black-color has-text-color has-link-color has-small-font-size wp-elements-541e20f9400a377bf8717e349d539eeb\">Entre as pessoas ligadas \u00e0 publica\u00e7\u00e3o encontram-se o advogado nicar\u00e1gua Salvador Metal, o educador Amadeu Madriz (tutor dos escritores Manuel Gonz\u00e1lez Zeled\u00f3n e Carlos Gagini), o general Federico Fern\u00e1ndez (irm\u00e3o do presidente ma\u00e7om Pr\u00f3spero Fern\u00e1ndez e pai do intelectual e te\u00f3sofo Rogelio Fern\u00e1ndez G\u00fcell), o pol\u00edtico Francisco Boza, o colombiano Francisco Lamus e o empres\u00e1rio espanhol Antonio Rodr\u00edguez e mulheres, como Celina Fernandes Giralt e Maria Vermelhas. Em 1896, foi mencionado pela primeira vez para a &#034;Sociedade Sa\u00fade de Estudos Psicol\u00f3gicos&#034;, em Gr\u00e3o, mesmo que se conectaria com organiza\u00e7\u00f5es esp\u00edritas internacionais, particularmente de Portugal e distribuir\u00eda a &#034;Revista de Estudios Psicol\u00f3gicos de Barcelona&#034; no pa\u00eds, bem como artigos de Gr\u00e3o-se-iam no exterior.<\/p>\n\n\n\n<p class=\"has-black-color has-text-color has-link-color has-small-font-size wp-elements-446cd7a9092c3be331bb28ed9b1a96c9\">Para o in\u00edcio do s\u00e9culo XX, o espiritismo chamaria a aten\u00e7\u00e3o de diferentes pensadores, novo edital do programa federal, tanto com o positivismo cient\u00edfico do que eram cr\u00edticos por sua materialidade, como a religiosidade tradicional, especialmente a cat\u00f3lica, que tachaban de supersticiosa. Sendo Omar, Pr\u00edncipe de um desses, e que escreveu um artigo para a morte do qu\u00edmico e esp\u00edrita William Crookes. Os m\u00e9diuns de costa rica, em geral, procuravam aplicar uma metodologia cient\u00edfica e racionalista ao espiritismo, desconfiando do que consideravam sacerdotais. Entre as figuras que se interessarem pelo espiritismo se conta a Omar Pr\u00edncipe, o chanceler Ricardo Fern\u00e1ndez Guarda, o juiz Alberto Brenes C\u00f3rdoba, o pintor Enrique Echandi, os futuros ditadores irm\u00e3os Frederico e Jos\u00e9 Joaquim Tinoco e o estudioso do esoterismo Rogelio Fern\u00e1ndez G\u00fcell, que, segundo Abelardo Bonilla, foi iniciado no espiritismo, o presidente mexicano, Francisco I. Madero.<\/p>\n\n\n\n<div class=\"wp-block-uagb-container uagb-block-8ff239d5\">\n<figure class=\"wp-block-image size-full is-resized\"><img decoding=\"async\" width=\"220\" height=\"332\" src=\"https:\/\/nuevo-renacer.com\/wp-content\/uploads\/2024\/10\/Omar-Dengo-Guerrero.jpg\" alt=\"\" class=\"wp-image-5644\" style=\"width:212px\" srcset=\"https:\/\/nuevo-renacer.com\/wp-content\/uploads\/2024\/10\/Omar-Dengo-Guerrero.jpg 220w, https:\/\/nuevo-renacer.com\/wp-content\/uploads\/2024\/10\/Omar-Dengo-Guerrero-199x300.jpg 199w, https:\/\/nuevo-renacer.com\/wp-content\/uploads\/2024\/10\/Omar-Dengo-Guerrero-8x12.jpg 8w\" sizes=\"(max-width: 220px) 100vw, 220px\" \/><figcaption class=\"wp-element-caption\">Omar Pr\u00edncipe <\/figcaption><\/figure>\n<\/div>\n\n\n\n<p class=\"has-black-color has-text-color has-link-color has-small-font-size wp-elements-ca7b9fe7581e077baa17cba6ca17d230\">O espiritismo foi rapidamente denunciado por v\u00e1rios cl\u00e9rigos cat\u00f3licos acusando-o de satanismo. Em 1906, forma-se o C\u00edrculo Franklin de esp\u00edritas que estuda as habilidades medi\u00fanicas de Of\u00e9lia Currais. Em 1911, ele forma o &#034;Centro Esp\u00edrita Claras de Lua&#034;, dirigido pelo futuro diretor do Museu Nacional (sob o governo de Tinoco) e diretor do &#034;Escola Superior de Homens&#034;, Ramiro Alves, e que publica a partir de 1923 uma revista do mesmo nome. Entre seus membros se encontravam o futuro ministro da Educa\u00e7\u00e3o Napole\u00e3o Quesada, Daniel Gonz\u00e1lez V\u00edquez (irm\u00e3o do presidente Cleto Gonz\u00e1lez V\u00edquez), R\u00f4mulo Tovar, Moises Vincenzi Pacheco e o futuro ministro da educa\u00e7\u00e3o e diretor da Escola Superior de Acompanhantes Salvador Uma\u00f1a.<\/p>\n\n\n\n<div class=\"wp-block-uagb-container uagb-block-9cfe925c\">\n<figure class=\"wp-block-image size-full is-resized\"><img loading=\"lazy\" decoding=\"async\" width=\"748\" height=\"1024\" src=\"https:\/\/nuevo-renacer.com\/wp-content\/uploads\/2024\/10\/ofelia-corrales.webp\" alt=\"\" class=\"wp-image-5645\" style=\"width:212px\" srcset=\"https:\/\/nuevo-renacer.com\/wp-content\/uploads\/2024\/10\/ofelia-corrales.webp 748w, https:\/\/nuevo-renacer.com\/wp-content\/uploads\/2024\/10\/ofelia-corrales-219x300.webp 219w, https:\/\/nuevo-renacer.com\/wp-content\/uploads\/2024\/10\/ofelia-corrales-9x12.webp 9w\" sizes=\"(max-width: 748px) 100vw, 748px\" \/><figcaption class=\"wp-element-caption\">Of\u00e9lia Currais com o esp\u00edrito de Mary Brown (Maria Lu\u00edsa Andrade). Anais das Ci\u00eancias Ps\u00edquicas, Paris, (Fevereiro de 1911)<\/figcaption><\/figure>\n<\/div>\n\n\n\n<p class=\"has-black-color has-text-color has-link-color has-small-font-size wp-elements-71d4dd3bb207e10185492a5c2c50215c\">Entre 1921 e 1923, haviam criado c\u00edrculo esp\u00edritas em Puntarenas, Lim\u00e3o, Goicoechea e Mora. Em 1925, foi fundado o &#034;Centro de Estudos de Psicologia Experimental&#034; que publicava a revista mensal O Estudo entre novembro de 1925 e outubro de 1928.<\/p>\n<\/div><\/div>","protected":false},"excerpt":{"rendered":"<p>Historia del espiritismo en Costa Rica Desde 1874 ya el vicario Domingo Rivas alertaba desde el p\u00falpito contra la circulaci\u00f3n de literatura espiritista de Allan Kardec en el pa\u00eds. Aunque se desconoce el inicio exacto del espiritismo en Costa Rica ya desde 1896 existe al menos un c\u00edrculo ocultista que publica la revista Grano de [&hellip;]<\/p>","protected":false},"author":1,"featured_media":0,"parent":0,"menu_order":0,"comment_status":"closed","ping_status":"closed","template":"","meta":{"_uag_custom_page_level_css":"","site-sidebar-layout":"default","site-content-layout":"","ast-site-content-layout":"default","site-content-style":"default","site-sidebar-style":"default","ast-global-header-display":"","ast-banner-title-visibility":"","ast-main-header-display":"","ast-hfb-above-header-display":"","ast-hfb-below-header-display":"","ast-hfb-mobile-header-display":"","site-post-title":"disabled","ast-breadcrumbs-content":"","ast-featured-img":"","footer-sml-layout":"","theme-transparent-header-meta":"","adv-header-id-meta":"","stick-header-meta":"","header-above-stick-meta":"","header-main-stick-meta":"","header-below-stick-meta":"","astra-migrate-meta-layouts":"set","ast-page-background-enabled":"default","ast-page-background-meta":{"desktop":{"background-color":"var(--ast-global-color-4)","background-image":"","background-repeat":"repeat","background-position":"center center","background-size":"auto","background-attachment":"scroll","background-type":"","background-media":"","overlay-type":"","overlay-color":"","overlay-opacity":"","overlay-gradient":""},"tablet":{"background-color":"","background-image":"","background-repeat":"repeat","background-position":"center center","background-size":"auto","background-attachment":"scroll","background-type":"","background-media":"","overlay-type":"","overlay-color":"","overlay-opacity":"","overlay-gradient":""},"mobile":{"background-color":"","background-image":"","background-repeat":"repeat","background-position":"center center","background-size":"auto","background-attachment":"scroll","background-type":"","background-media":"","overlay-type":"","overlay-color":"","overlay-opacity":"","overlay-gradient":""}},"ast-content-background-meta":{"desktop":{"background-color":"var(--ast-global-color-5)","background-image":"","background-repeat":"repeat","background-position":"center center","background-size":"auto","background-attachment":"scroll","background-type":"","background-media":"","overlay-type":"","overlay-color":"","overlay-opacity":"","overlay-gradient":""},"tablet":{"background-color":"var(--ast-global-color-5)","background-image":"","background-repeat":"repeat","background-position":"center center","background-size":"auto","background-attachment":"scroll","background-type":"","background-media":"","overlay-type":"","overlay-color":"","overlay-opacity":"","overlay-gradient":""},"mobile":{"background-color":"var(--ast-global-color-5)","background-image":"","background-repeat":"repeat","background-position":"center center","background-size":"auto","background-attachment":"scroll","background-type":"","background-media":"","overlay-type":"","overlay-color":"","overlay-opacity":"","overlay-gradient":""}},"footnotes":""},"class_list":["post-5641","page","type-page","status-publish","hentry"],"yoast_head":"<!-- This site is optimized with the Yoast SEO Premium plugin v24.2 (Yoast SEO v24.6) - https:\/\/yoast.com\/wordpress\/plugins\/seo\/ -->\n<title>Historia del espiritismo en Costa Rica - Uni\u00f3n Esp\u00edrita<\/title>\n<meta name=\"robots\" content=\"index, follow, max-snippet:-1, max-image-preview:large, max-video-preview:-1\" \/>\n<link rel=\"canonical\" href=\"https:\/\/nuevo-renacer.com\/pt\/historia-del-espiritismo-en-costa-rica\/\" \/>\n<meta property=\"og:locale\" content=\"pt_BR\" \/>\n<meta property=\"og:type\" content=\"article\" \/>\n<meta property=\"og:title\" content=\"Historia del espiritismo en Costa Rica\" \/>\n<meta property=\"og:description\" content=\"Historia del espiritismo en Costa Rica Desde 1874 ya el vicario Domingo Rivas alertaba desde el p\u00falpito contra la circulaci\u00f3n de literatura espiritista de Allan Kardec en el pa\u00eds. Aunque se desconoce el inicio exacto del espiritismo en Costa Rica ya desde 1896 existe al menos un c\u00edrculo ocultista que publica la revista Grano de [&hellip;]\" \/>\n<meta property=\"og:url\" content=\"https:\/\/nuevo-renacer.com\/pt\/historia-del-espiritismo-en-costa-rica\/\" \/>\n<meta property=\"og:site_name\" content=\"Uni\u00f3n Esp\u00edrita\" \/>\n<meta property=\"article:publisher\" content=\"https:\/\/www.facebook.com\/groups\/3431398063740829\" \/>\n<meta property=\"article:modified_time\" content=\"2024-10-18T08:33:40+00:00\" \/>\n<meta property=\"og:image\" content=\"https:\/\/nuevo-renacer.com\/wp-content\/uploads\/2024\/10\/costa-rica.png\" \/>\n\t<meta property=\"og:image:width\" content=\"220\" \/>\n\t<meta property=\"og:image:height\" content=\"132\" \/>\n\t<meta property=\"og:image:type\" content=\"image\/png\" \/>\n<meta name=\"twitter:card\" content=\"summary_large_image\" \/>\n<meta name=\"twitter:label1\" content=\"Est. tempo de leitura\" \/>\n\t<meta name=\"twitter:data1\" content=\"3 minutos\" \/>\n<script type=\"application\/ld+json\" class=\"yoast-schema-graph\">{\"@context\":\"https:\/\/schema.org\",\"@graph\":[{\"@type\":\"WebPage\",\"@id\":\"https:\/\/nuevo-renacer.com\/historia-del-espiritismo-en-costa-rica\/\",\"url\":\"https:\/\/nuevo-renacer.com\/historia-del-espiritismo-en-costa-rica\/\",\"name\":\"Historia del espiritismo en Costa Rica - Uni\u00f3n Esp\u00edrita\",\"isPartOf\":{\"@id\":\"https:\/\/nuevo-renacer.com\/#website\"},\"primaryImageOfPage\":{\"@id\":\"https:\/\/nuevo-renacer.com\/historia-del-espiritismo-en-costa-rica\/#primaryimage\"},\"image\":{\"@id\":\"https:\/\/nuevo-renacer.com\/historia-del-espiritismo-en-costa-rica\/#primaryimage\"},\"thumbnailUrl\":\"https:\/\/nuevo-renacer.com\/wp-content\/uploads\/2024\/10\/costa-rica.png\",\"datePublished\":\"2024-10-18T08:28:49+00:00\",\"dateModified\":\"2024-10-18T08:33:40+00:00\",\"breadcrumb\":{\"@id\":\"https:\/\/nuevo-renacer.com\/historia-del-espiritismo-en-costa-rica\/#breadcrumb\"},\"inLanguage\":\"pt-BR\",\"potentialAction\":[{\"@type\":\"ReadAction\",\"target\":[\"https:\/\/nuevo-renacer.com\/historia-del-espiritismo-en-costa-rica\/\"]}]},{\"@type\":\"ImageObject\",\"inLanguage\":\"pt-BR\",\"@id\":\"https:\/\/nuevo-renacer.com\/historia-del-espiritismo-en-costa-rica\/#primaryimage\",\"url\":\"https:\/\/nuevo-renacer.com\/wp-content\/uploads\/2024\/10\/costa-rica.png\",\"contentUrl\":\"https:\/\/nuevo-renacer.com\/wp-content\/uploads\/2024\/10\/costa-rica.png\"},{\"@type\":\"BreadcrumbList\",\"@id\":\"https:\/\/nuevo-renacer.com\/historia-del-espiritismo-en-costa-rica\/#breadcrumb\",\"itemListElement\":[{\"@type\":\"ListItem\",\"position\":1,\"name\":\"Startseite\",\"item\":\"https:\/\/nuevo-renacer.com\/\"},{\"@type\":\"ListItem\",\"position\":2,\"name\":\"Historia del espiritismo en Costa Rica\"}]},{\"@type\":\"WebSite\",\"@id\":\"https:\/\/nuevo-renacer.com\/#website\",\"url\":\"https:\/\/nuevo-renacer.com\/\",\"name\":\"Uni\u00f3n Esp\u00edrita\",\"description\":\"Nuevo Renacer\",\"publisher\":{\"@id\":\"https:\/\/nuevo-renacer.com\/#organization\"},\"potentialAction\":[{\"@type\":\"SearchAction\",\"target\":{\"@type\":\"EntryPoint\",\"urlTemplate\":\"https:\/\/nuevo-renacer.com\/?s={search_term_string}\"},\"query-input\":{\"@type\":\"PropertyValueSpecification\",\"valueRequired\":true,\"valueName\":\"search_term_string\"}}],\"inLanguage\":\"pt-BR\"},{\"@type\":\"Organization\",\"@id\":\"https:\/\/nuevo-renacer.com\/#organization\",\"name\":\"UFEC\",\"url\":\"https:\/\/nuevo-renacer.com\/\",\"logo\":{\"@type\":\"ImageObject\",\"inLanguage\":\"pt-BR\",\"@id\":\"https:\/\/nuevo-renacer.com\/#\/schema\/logo\/image\/\",\"url\":\"https:\/\/nuevo-renacer.com\/wp-content\/uploads\/2024\/05\/cropped-LOGO-TERMINADO1-3-3.png\",\"contentUrl\":\"https:\/\/nuevo-renacer.com\/wp-content\/uploads\/2024\/05\/cropped-LOGO-TERMINADO1-3-3.png\",\"width\":512,\"height\":512,\"caption\":\"UFEC\"},\"image\":{\"@id\":\"https:\/\/nuevo-renacer.com\/#\/schema\/logo\/image\/\"},\"sameAs\":[\"https:\/\/www.facebook.com\/groups\/3431398063740829\"]}]}<\/script>\n<!-- \/ Yoast SEO Premium plugin. -->","yoast_head_json":{"title":"Historia del espiritismo en Costa Rica - Uni\u00f3n Esp\u00edrita","robots":{"index":"index","follow":"follow","max-snippet":"max-snippet:-1","max-image-preview":"max-image-preview:large","max-video-preview":"max-video-preview:-1"},"canonical":"https:\/\/nuevo-renacer.com\/pt\/historia-del-espiritismo-en-costa-rica\/","og_locale":"pt_BR","og_type":"article","og_title":"Historia del espiritismo en Costa Rica","og_description":"Historia del espiritismo en Costa Rica Desde 1874 ya el vicario Domingo Rivas alertaba desde el p\u00falpito contra la circulaci\u00f3n de literatura espiritista de Allan Kardec en el pa\u00eds. Aunque se desconoce el inicio exacto del espiritismo en Costa Rica ya desde 1896 existe al menos un c\u00edrculo ocultista que publica la revista Grano de [&hellip;]","og_url":"https:\/\/nuevo-renacer.com\/pt\/historia-del-espiritismo-en-costa-rica\/","og_site_name":"Uni\u00f3n Esp\u00edrita","article_publisher":"https:\/\/www.facebook.com\/groups\/3431398063740829","article_modified_time":"2024-10-18T08:33:40+00:00","og_image":[{"width":220,"height":132,"url":"https:\/\/nuevo-renacer.com\/wp-content\/uploads\/2024\/10\/costa-rica.png","type":"image\/png"}],"twitter_card":"summary_large_image","twitter_misc":{"Est. tempo de leitura":"3 minutos"},"schema":{"@context":"https:\/\/schema.org","@graph":[{"@type":"WebPage","@id":"https:\/\/nuevo-renacer.com\/historia-del-espiritismo-en-costa-rica\/","url":"https:\/\/nuevo-renacer.com\/historia-del-espiritismo-en-costa-rica\/","name":"Historia del espiritismo en Costa Rica - Uni\u00f3n Esp\u00edrita","isPartOf":{"@id":"https:\/\/nuevo-renacer.com\/#website"},"primaryImageOfPage":{"@id":"https:\/\/nuevo-renacer.com\/historia-del-espiritismo-en-costa-rica\/#primaryimage"},"image":{"@id":"https:\/\/nuevo-renacer.com\/historia-del-espiritismo-en-costa-rica\/#primaryimage"},"thumbnailUrl":"https:\/\/nuevo-renacer.com\/wp-content\/uploads\/2024\/10\/costa-rica.png","datePublished":"2024-10-18T08:28:49+00:00","dateModified":"2024-10-18T08:33:40+00:00","breadcrumb":{"@id":"https:\/\/nuevo-renacer.com\/historia-del-espiritismo-en-costa-rica\/#breadcrumb"},"inLanguage":"pt-BR","potentialAction":[{"@type":"ReadAction","target":["https:\/\/nuevo-renacer.com\/historia-del-espiritismo-en-costa-rica\/"]}]},{"@type":"ImageObject","inLanguage":"pt-BR","@id":"https:\/\/nuevo-renacer.com\/historia-del-espiritismo-en-costa-rica\/#primaryimage","url":"https:\/\/nuevo-renacer.com\/wp-content\/uploads\/2024\/10\/costa-rica.png","contentUrl":"https:\/\/nuevo-renacer.com\/wp-content\/uploads\/2024\/10\/costa-rica.png"},{"@type":"BreadcrumbList","@id":"https:\/\/nuevo-renacer.com\/historia-del-espiritismo-en-costa-rica\/#breadcrumb","itemListElement":[{"@type":"ListItem","position":1,"name":"Startseite","item":"https:\/\/nuevo-renacer.com\/"},{"@type":"ListItem","position":2,"name":"Historia del espiritismo en Costa Rica"}]},{"@type":"WebSite","@id":"https:\/\/nuevo-renacer.com\/#website","url":"https:\/\/nuevo-renacer.com\/","name":"Uni\u00f3n Esp\u00edrita","description":"Nuevo Renacer","publisher":{"@id":"https:\/\/nuevo-renacer.com\/#organization"},"potentialAction":[{"@type":"SearchAction","target":{"@type":"EntryPoint","urlTemplate":"https:\/\/nuevo-renacer.com\/?s={search_term_string}"},"query-input":{"@type":"PropertyValueSpecification","valueRequired":true,"valueName":"search_term_string"}}],"inLanguage":"pt-BR"},{"@type":"Organization","@id":"https:\/\/nuevo-renacer.com\/#organization","name":"UFEC","url":"https:\/\/nuevo-renacer.com\/","logo":{"@type":"ImageObject","inLanguage":"pt-BR","@id":"https:\/\/nuevo-renacer.com\/#\/schema\/logo\/image\/","url":"https:\/\/nuevo-renacer.com\/wp-content\/uploads\/2024\/05\/cropped-LOGO-TERMINADO1-3-3.png","contentUrl":"https:\/\/nuevo-renacer.com\/wp-content\/uploads\/2024\/05\/cropped-LOGO-TERMINADO1-3-3.png","width":512,"height":512,"caption":"UFEC"},"image":{"@id":"https:\/\/nuevo-renacer.com\/#\/schema\/logo\/image\/"},"sameAs":["https:\/\/www.facebook.com\/groups\/3431398063740829"]}]}},"uagb_featured_image_src":{"full":false,"thumbnail":false,"medium":false,"medium_large":false,"large":false,"1536x1536":false,"2048x2048":false,"trp-custom-language-flag":false},"uagb_author_info":{"display_name":"adbv0","author_link":"https:\/\/nuevo-renacer.com\/pt\/author\/adbv0\/"},"uagb_comment_info":0,"uagb_excerpt":"Historia del espiritismo en Costa Rica Desde 1874 ya el vicario Domingo Rivas alertaba desde el p\u00falpito contra la circulaci\u00f3n de literatura espiritista de Allan Kardec en el pa\u00eds. Aunque se desconoce el inicio exacto del espiritismo en Costa Rica ya desde 1896 existe al menos un c\u00edrculo ocultista que publica la revista Grano de&hellip;","jetpack_sharing_enabled":true,"_links":{"self":[{"href":"https:\/\/nuevo-renacer.com\/pt\/wp-json\/wp\/v2\/pages\/5641","targetHints":{"allow":["GET"]}}],"collection":[{"href":"https:\/\/nuevo-renacer.com\/pt\/wp-json\/wp\/v2\/pages"}],"about":[{"href":"https:\/\/nuevo-renacer.com\/pt\/wp-json\/wp\/v2\/types\/page"}],"author":[{"embeddable":true,"href":"https:\/\/nuevo-renacer.com\/pt\/wp-json\/wp\/v2\/users\/1"}],"replies":[{"embeddable":true,"href":"https:\/\/nuevo-renacer.com\/pt\/wp-json\/wp\/v2\/comments?post=5641"}],"version-history":[{"count":2,"href":"https:\/\/nuevo-renacer.com\/pt\/wp-json\/wp\/v2\/pages\/5641\/revisions"}],"predecessor-version":[{"id":5647,"href":"https:\/\/nuevo-renacer.com\/pt\/wp-json\/wp\/v2\/pages\/5641\/revisions\/5647"}],"wp:attachment":[{"href":"https:\/\/nuevo-renacer.com\/pt\/wp-json\/wp\/v2\/media?parent=5641"}],"curies":[{"name":"wp","href":"https:\/\/api.w.org\/{rel}","templated":true}]}}