{"id":5597,"date":"2024-10-17T09:53:48","date_gmt":"2024-10-17T09:53:48","guid":{"rendered":"https:\/\/nuevo-renacer.com\/?page_id=5597"},"modified":"2024-10-17T09:53:48","modified_gmt":"2024-10-17T09:53:48","slug":"historia-del-espiritismo-en-brasil","status":"publish","type":"page","link":"https:\/\/nuevo-renacer.com\/pt\/historia-del-espiritismo-en-brasil\/","title":{"rendered":"Hist\u00f3ria do espiritismo no Brasil"},"content":{"rendered":"<div class=\"wp-block-uagb-container uagb-block-e8c3bd9a alignfull uagb-is-root-container\"><div class=\"uagb-container-inner-blocks-wrap\">\n<p class=\"has-black-color has-text-color has-link-color has-medium-font-size wp-elements-014049a6086b543d15901cee1c35977b\"><strong>Hist\u00f3ria do espiritismo no Brasil<\/strong><\/p>\n<\/div><\/div>\n\n\n\n<div class=\"wp-block-uagb-container uagb-block-6c586ecf alignfull uagb-is-root-container\"><div class=\"uagb-container-inner-blocks-wrap\"><\/div><\/div>\n\n\n\n<div class=\"wp-block-uagb-container uagb-block-79eebe41 alignfull uagb-is-root-container\"><div class=\"uagb-container-inner-blocks-wrap\">\n<figure class=\"wp-block-image size-full is-resized\"><img fetchpriority=\"high\" decoding=\"async\" width=\"894\" height=\"630\" src=\"https:\/\/nuevo-renacer.com\/wp-content\/uploads\/2024\/10\/51MD9d7uCGL._AC_UF8941000_QL80_.jpg\" alt=\"\" class=\"wp-image-5598\" style=\"width:84px\" srcset=\"https:\/\/nuevo-renacer.com\/wp-content\/uploads\/2024\/10\/51MD9d7uCGL._AC_UF8941000_QL80_.jpg 894w, https:\/\/nuevo-renacer.com\/wp-content\/uploads\/2024\/10\/51MD9d7uCGL._AC_UF8941000_QL80_-300x211.jpg 300w, https:\/\/nuevo-renacer.com\/wp-content\/uploads\/2024\/10\/51MD9d7uCGL._AC_UF8941000_QL80_-768x541.jpg 768w, https:\/\/nuevo-renacer.com\/wp-content\/uploads\/2024\/10\/51MD9d7uCGL._AC_UF8941000_QL80_-18x12.jpg 18w\" sizes=\"(max-width: 894px) 100vw, 894px\" \/><\/figure>\n<\/div><\/div>\n\n\n\n<div class=\"wp-block-uagb-container uagb-block-55f7e7ed alignfull uagb-is-root-container\"><div class=\"uagb-container-inner-blocks-wrap\">\n<p class=\"has-black-color has-text-color has-link-color has-small-font-size wp-elements-e3bb5e51fdb855f154c028c7c424f3ec\">No s\u00e9culo XIX, encontramos diversos relatos de pessoas que, sem conhecimentos m\u00e9dicos espec\u00edficos, davam receitas para doentes. Conhecidos como &#034;m\u00e9dins receitists&#034; ou &#034;m\u00e9diuns curadores&#034;, esses indiv\u00edduos tinham uma fun\u00e7\u00e3o diferente dos conhecidos curandeiros. Afirmando contar com a ajuda de poderosas entidades espirituais, desligadas de outras religi\u00f5es, estas pessoas reivindicavam a presen\u00e7a de esp\u00edritos que algum envolvimento no mundo material. Esta manifesta\u00e7\u00e3o religiosa estava muito pr\u00f3xima da obra do franc\u00eas Allan Kardec, em 1857 sistematizou o conhecimento da doutrina esp\u00edrita, em sua obra &#034;O livro dos esp\u00edritos&#034;. Logo, na d\u00e9cada seguinte, apareceram em solo brasileiro os primeiros exemplares desta obra. Ao mesmo tempo, foram se formando os primeiros grupos esp\u00edritas brasileiros.<\/p>\n\n\n\n<p class=\"has-black-color has-text-color has-link-color has-small-font-size wp-elements-67b6cf6f9e746c0340a780b8f17c83f8\">Um dos primeiros e mais famosos entusiastas da nova pr\u00e1tica religiosa foi Bezerra de Menezes, que, ao tornar-se a nova cren\u00e7a, acreditou-se experimentar o topo da f\u00e9 crist\u00e3. Esta figura hist\u00f3rica do espiritismo brasileiro abra\u00e7ou a nova religi\u00e3o influenciado por sua experi\u00eancia com o m\u00e9dium Jo\u00e3o Gon\u00e7alves do Nascimento, que praticava a cura na cidade do Rio de Janeiro.<\/p>\n\n\n\n<div class=\"wp-block-uagb-container uagb-block-6f8d0be8\">\n<figure class=\"wp-block-image size-full\"><img decoding=\"async\" width=\"259\" height=\"343\" src=\"https:\/\/nuevo-renacer.com\/wp-content\/uploads\/2024\/10\/BezerradeMenezes2.jpg\" alt=\"\" class=\"wp-image-5599\" srcset=\"https:\/\/nuevo-renacer.com\/wp-content\/uploads\/2024\/10\/BezerradeMenezes2.jpg 259w, https:\/\/nuevo-renacer.com\/wp-content\/uploads\/2024\/10\/BezerradeMenezes2-227x300.jpg 227w, https:\/\/nuevo-renacer.com\/wp-content\/uploads\/2024\/10\/BezerradeMenezes2-9x12.jpg 9w\" sizes=\"(max-width: 259px) 100vw, 259px\" \/><figcaption class=\"wp-element-caption\">Bezerra de Menezes<\/figcaption><\/figure>\n<\/div>\n\n\n\n<p class=\"has-black-color has-text-color has-link-color has-small-font-size wp-elements-ff315ce46f4bc5e08e43ef1bc0407b77\">A grande aceita\u00e7\u00e3o da pr\u00e1tica esp\u00edrita deve-se a sua capacidade de combinar elementos eruditos e populares, em que uma pessoa de origem simples poderia incorporar figuras de prest\u00edgio. Muitos dos adeptos da \u00e9poca insistiam em apontar como a nova religi\u00e3o estava em conson\u00e2ncia com os princ\u00edpios liberais e cient\u00edficas em voga na \u00e9poca. Um claro exemplo desta parceria pode ser vista no fato de que muitos republicanos e abolicionistas simpatizavam com o espiritismo.<\/p>\n\n\n\n<p class=\"has-black-color has-text-color has-link-color has-small-font-size wp-elements-32d711e642a48bee3c66a8f05b567d69\">No entanto, a nova religi\u00e3o sofreu grande oposi\u00e7\u00e3o em um contexto hist\u00f3rico em que o catolicismo tinha uma grande presen\u00e7a. Os c\u00f3digos de leis da \u00e9poca e das prescri\u00e7\u00f5es de alguns psiquiatras, o espiritismo \u00e9 considerado uma manifesta\u00e7\u00e3o de insanidade mental. A forte oposi\u00e7\u00e3o foi neutralizada com a cria\u00e7\u00e3o da Federa\u00e7\u00e3o Esp\u00edrita Brasileira, em 1884. O trabalho de reconhecimento realizado pela FEB teve como objetivo sistematizar as pr\u00e1ticas e cren\u00e7as arraigadas na nova confiss\u00e3o religiosa.<\/p>\n\n\n\n<p class=\"has-black-color has-text-color has-link-color has-small-font-size wp-elements-684fe52736d4308e350bd9a5188ced0c\">O crescimento da doutrina esp\u00edrita no Brasil ganhou impulso, principalmente com o surgimento de uma figura emblem\u00e1tica desta religi\u00e3o: o m\u00e9dium Francisco C\u00e2ndido Xavier, ou Chico Xavier. Atrav\u00e9s de suas obras psicogr\u00e1ficas, come\u00e7ou a popularizar ainda mais o Espiritismo. Entre suas obras, destaca-se &#034;Brasil, Cora\u00e7\u00e3o do Mundo, P\u00e1tria do Evangelho&#034;, em que relata a interven\u00e7\u00e3o dos esp\u00edritos em diferentes acontecimentos da hist\u00f3ria nacional. Com o tempo, o Espiritismo, adquiriu maior prest\u00edgio entre as diferentes classes e institui\u00e7\u00f5es. Por outro lado, muitos cultos afro-brasileiros ainda sofrem muito a desconfian\u00e7a das for\u00e7as da ordem. Uma das raz\u00f5es para a maior aceita\u00e7\u00e3o do Espiritismo \u00e9 a sua pol\u00edtica assistencial. A caridade, por ser um ponto fundamental do Espiritismo, acabou aproximando a vis\u00e3o positiva desta f\u00e9 com a raz\u00e3o.<\/p>\n\n\n\n<div class=\"wp-block-uagb-container uagb-block-9e86ceba\">\n<figure class=\"wp-block-image size-full\"><img decoding=\"async\" width=\"340\" height=\"280\" src=\"https:\/\/nuevo-renacer.com\/wp-content\/uploads\/2024\/10\/000543.jpg\" alt=\"\" class=\"wp-image-5600\" srcset=\"https:\/\/nuevo-renacer.com\/wp-content\/uploads\/2024\/10\/000543.jpg 340w, https:\/\/nuevo-renacer.com\/wp-content\/uploads\/2024\/10\/000543-300x247.jpg 300w, https:\/\/nuevo-renacer.com\/wp-content\/uploads\/2024\/10\/000543-15x12.jpg 15w\" sizes=\"(max-width: 340px) 100vw, 340px\" \/><figcaption class=\"wp-element-caption\">Chico Xavier<\/figcaption><\/figure>\n<\/div>\n\n\n\n<p class=\"has-black-color has-text-color has-link-color has-small-font-size wp-elements-23f06f4217b15d7a48e3aabf9756ac83\">Nas \u00faltimas d\u00e9cadas, o papel do Brasil no rumo tomado pela doutrina esp\u00edrita tem sido not\u00f3rio. Uma das afirma\u00e7\u00f5es mais interessantes deste papel central pode ser vista no fato de que pessoas de outras confiss\u00f5es simpatizam com o Espiritismo. Talvez com isso podemos entender por que o Brasil tem um maior contingente de praticantes esp\u00edritas e denomina\u00e7\u00f5es ap\u00e1ticas a esta mesma cren\u00e7a.<\/p>\n<\/div><\/div>","protected":false},"excerpt":{"rendered":"<p>Historia del espiritismo en Brasil En el siglo XIX, encontramos diversos relatos de personas que, sin conocimientos m\u00e9dicos espec\u00edficos, daban recetas a enfermos. Conocidos como \u00abm\u00e9dins receitists\u00bb o \u00abm\u00e9diums sanadores\u00bb, estos individuos ten\u00edan una funci\u00f3n distinta a la de los conocidos curanderos. Afirmando contar con la ayuda de poderosas entidades espirituales, desligadas de otras religiones, [&hellip;]<\/p>","protected":false},"author":1,"featured_media":0,"parent":0,"menu_order":0,"comment_status":"closed","ping_status":"closed","template":"","meta":{"_uag_custom_page_level_css":"","site-sidebar-layout":"default","site-content-layout":"","ast-site-content-layout":"default","site-content-style":"default","site-sidebar-style":"default","ast-global-header-display":"","ast-banner-title-visibility":"","ast-main-header-display":"","ast-hfb-above-header-display":"","ast-hfb-below-header-display":"","ast-hfb-mobile-header-display":"","site-post-title":"disabled","ast-breadcrumbs-content":"","ast-featured-img":"","footer-sml-layout":"","theme-transparent-header-meta":"","adv-header-id-meta":"","stick-header-meta":"","header-above-stick-meta":"","header-main-stick-meta":"","header-below-stick-meta":"","astra-migrate-meta-layouts":"set","ast-page-background-enabled":"default","ast-page-background-meta":{"desktop":{"background-color":"var(--ast-global-color-4)","background-image":"","background-repeat":"repeat","background-position":"center center","background-size":"auto","background-attachment":"scroll","background-type":"","background-media":"","overlay-type":"","overlay-color":"","overlay-opacity":"","overlay-gradient":""},"tablet":{"background-color":"","background-image":"","background-repeat":"repeat","background-position":"center center","background-size":"auto","background-attachment":"scroll","background-type":"","background-media":"","overlay-type":"","overlay-color":"","overlay-opacity":"","overlay-gradient":""},"mobile":{"background-color":"","background-image":"","background-repeat":"repeat","background-position":"center center","background-size":"auto","background-attachment":"scroll","background-type":"","background-media":"","overlay-type":"","overlay-color":"","overlay-opacity":"","overlay-gradient":""}},"ast-content-background-meta":{"desktop":{"background-color":"var(--ast-global-color-5)","background-image":"","background-repeat":"repeat","background-position":"center center","background-size":"auto","background-attachment":"scroll","background-type":"","background-media":"","overlay-type":"","overlay-color":"","overlay-opacity":"","overlay-gradient":""},"tablet":{"background-color":"var(--ast-global-color-5)","background-image":"","background-repeat":"repeat","background-position":"center center","background-size":"auto","background-attachment":"scroll","background-type":"","background-media":"","overlay-type":"","overlay-color":"","overlay-opacity":"","overlay-gradient":""},"mobile":{"background-color":"var(--ast-global-color-5)","background-image":"","background-repeat":"repeat","background-position":"center center","background-size":"auto","background-attachment":"scroll","background-type":"","background-media":"","overlay-type":"","overlay-color":"","overlay-opacity":"","overlay-gradient":""}},"footnotes":""},"class_list":["post-5597","page","type-page","status-publish","hentry"],"yoast_head":"<!-- This site is optimized with the Yoast SEO Premium plugin v24.2 (Yoast SEO v24.6) - https:\/\/yoast.com\/wordpress\/plugins\/seo\/ -->\n<title>Historia del espiritismo en Brasil - Uni\u00f3n Esp\u00edrita<\/title>\n<meta name=\"robots\" content=\"index, follow, max-snippet:-1, max-image-preview:large, max-video-preview:-1\" \/>\n<link rel=\"canonical\" href=\"https:\/\/nuevo-renacer.com\/pt\/historia-del-espiritismo-en-brasil\/\" \/>\n<meta property=\"og:locale\" content=\"pt_BR\" \/>\n<meta property=\"og:type\" content=\"article\" \/>\n<meta property=\"og:title\" content=\"Historia del espiritismo en Brasil\" \/>\n<meta property=\"og:description\" content=\"Historia del espiritismo en Brasil En el siglo XIX, encontramos diversos relatos de personas que, sin conocimientos m\u00e9dicos espec\u00edficos, daban recetas a enfermos. Conocidos como \u00abm\u00e9dins receitists\u00bb o \u00abm\u00e9diums sanadores\u00bb, estos individuos ten\u00edan una funci\u00f3n distinta a la de los conocidos curanderos. Afirmando contar con la ayuda de poderosas entidades espirituales, desligadas de otras religiones, [&hellip;]\" \/>\n<meta property=\"og:url\" content=\"https:\/\/nuevo-renacer.com\/pt\/historia-del-espiritismo-en-brasil\/\" \/>\n<meta property=\"og:site_name\" content=\"Uni\u00f3n Esp\u00edrita\" \/>\n<meta property=\"article:publisher\" content=\"https:\/\/www.facebook.com\/groups\/3431398063740829\" \/>\n<meta property=\"og:image\" content=\"https:\/\/nuevo-renacer.com\/wp-content\/uploads\/2024\/10\/51MD9d7uCGL._AC_UF8941000_QL80_.jpg\" \/>\n\t<meta property=\"og:image:width\" content=\"894\" \/>\n\t<meta property=\"og:image:height\" content=\"630\" \/>\n\t<meta property=\"og:image:type\" content=\"image\/jpeg\" \/>\n<meta name=\"twitter:card\" content=\"summary_large_image\" \/>\n<meta name=\"twitter:label1\" content=\"Est. tempo de leitura\" \/>\n\t<meta name=\"twitter:data1\" content=\"3 minutos\" \/>\n<script type=\"application\/ld+json\" class=\"yoast-schema-graph\">{\"@context\":\"https:\/\/schema.org\",\"@graph\":[{\"@type\":\"WebPage\",\"@id\":\"https:\/\/nuevo-renacer.com\/historia-del-espiritismo-en-brasil\/\",\"url\":\"https:\/\/nuevo-renacer.com\/historia-del-espiritismo-en-brasil\/\",\"name\":\"Historia del espiritismo en Brasil - Uni\u00f3n Esp\u00edrita\",\"isPartOf\":{\"@id\":\"https:\/\/nuevo-renacer.com\/#website\"},\"primaryImageOfPage\":{\"@id\":\"https:\/\/nuevo-renacer.com\/historia-del-espiritismo-en-brasil\/#primaryimage\"},\"image\":{\"@id\":\"https:\/\/nuevo-renacer.com\/historia-del-espiritismo-en-brasil\/#primaryimage\"},\"thumbnailUrl\":\"https:\/\/nuevo-renacer.com\/wp-content\/uploads\/2024\/10\/51MD9d7uCGL._AC_UF8941000_QL80_.jpg\",\"datePublished\":\"2024-10-17T09:53:48+00:00\",\"breadcrumb\":{\"@id\":\"https:\/\/nuevo-renacer.com\/historia-del-espiritismo-en-brasil\/#breadcrumb\"},\"inLanguage\":\"pt-BR\",\"potentialAction\":[{\"@type\":\"ReadAction\",\"target\":[\"https:\/\/nuevo-renacer.com\/historia-del-espiritismo-en-brasil\/\"]}]},{\"@type\":\"ImageObject\",\"inLanguage\":\"pt-BR\",\"@id\":\"https:\/\/nuevo-renacer.com\/historia-del-espiritismo-en-brasil\/#primaryimage\",\"url\":\"https:\/\/nuevo-renacer.com\/wp-content\/uploads\/2024\/10\/51MD9d7uCGL._AC_UF8941000_QL80_.jpg\",\"contentUrl\":\"https:\/\/nuevo-renacer.com\/wp-content\/uploads\/2024\/10\/51MD9d7uCGL._AC_UF8941000_QL80_.jpg\"},{\"@type\":\"BreadcrumbList\",\"@id\":\"https:\/\/nuevo-renacer.com\/historia-del-espiritismo-en-brasil\/#breadcrumb\",\"itemListElement\":[{\"@type\":\"ListItem\",\"position\":1,\"name\":\"Startseite\",\"item\":\"https:\/\/nuevo-renacer.com\/\"},{\"@type\":\"ListItem\",\"position\":2,\"name\":\"Historia del espiritismo en Brasil\"}]},{\"@type\":\"WebSite\",\"@id\":\"https:\/\/nuevo-renacer.com\/#website\",\"url\":\"https:\/\/nuevo-renacer.com\/\",\"name\":\"Uni\u00f3n Esp\u00edrita\",\"description\":\"Nuevo Renacer\",\"publisher\":{\"@id\":\"https:\/\/nuevo-renacer.com\/#organization\"},\"potentialAction\":[{\"@type\":\"SearchAction\",\"target\":{\"@type\":\"EntryPoint\",\"urlTemplate\":\"https:\/\/nuevo-renacer.com\/?s={search_term_string}\"},\"query-input\":{\"@type\":\"PropertyValueSpecification\",\"valueRequired\":true,\"valueName\":\"search_term_string\"}}],\"inLanguage\":\"pt-BR\"},{\"@type\":\"Organization\",\"@id\":\"https:\/\/nuevo-renacer.com\/#organization\",\"name\":\"UFEC\",\"url\":\"https:\/\/nuevo-renacer.com\/\",\"logo\":{\"@type\":\"ImageObject\",\"inLanguage\":\"pt-BR\",\"@id\":\"https:\/\/nuevo-renacer.com\/#\/schema\/logo\/image\/\",\"url\":\"https:\/\/nuevo-renacer.com\/wp-content\/uploads\/2024\/05\/cropped-LOGO-TERMINADO1-3-3.png\",\"contentUrl\":\"https:\/\/nuevo-renacer.com\/wp-content\/uploads\/2024\/05\/cropped-LOGO-TERMINADO1-3-3.png\",\"width\":512,\"height\":512,\"caption\":\"UFEC\"},\"image\":{\"@id\":\"https:\/\/nuevo-renacer.com\/#\/schema\/logo\/image\/\"},\"sameAs\":[\"https:\/\/www.facebook.com\/groups\/3431398063740829\"]}]}<\/script>\n<!-- \/ Yoast SEO Premium plugin. -->","yoast_head_json":{"title":"Historia del espiritismo en Brasil - Uni\u00f3n Esp\u00edrita","robots":{"index":"index","follow":"follow","max-snippet":"max-snippet:-1","max-image-preview":"max-image-preview:large","max-video-preview":"max-video-preview:-1"},"canonical":"https:\/\/nuevo-renacer.com\/pt\/historia-del-espiritismo-en-brasil\/","og_locale":"pt_BR","og_type":"article","og_title":"Historia del espiritismo en Brasil","og_description":"Historia del espiritismo en Brasil En el siglo XIX, encontramos diversos relatos de personas que, sin conocimientos m\u00e9dicos espec\u00edficos, daban recetas a enfermos. Conocidos como \u00abm\u00e9dins receitists\u00bb o \u00abm\u00e9diums sanadores\u00bb, estos individuos ten\u00edan una funci\u00f3n distinta a la de los conocidos curanderos. Afirmando contar con la ayuda de poderosas entidades espirituales, desligadas de otras religiones, [&hellip;]","og_url":"https:\/\/nuevo-renacer.com\/pt\/historia-del-espiritismo-en-brasil\/","og_site_name":"Uni\u00f3n Esp\u00edrita","article_publisher":"https:\/\/www.facebook.com\/groups\/3431398063740829","og_image":[{"width":894,"height":630,"url":"https:\/\/nuevo-renacer.com\/wp-content\/uploads\/2024\/10\/51MD9d7uCGL._AC_UF8941000_QL80_.jpg","type":"image\/jpeg"}],"twitter_card":"summary_large_image","twitter_misc":{"Est. tempo de leitura":"3 minutos"},"schema":{"@context":"https:\/\/schema.org","@graph":[{"@type":"WebPage","@id":"https:\/\/nuevo-renacer.com\/historia-del-espiritismo-en-brasil\/","url":"https:\/\/nuevo-renacer.com\/historia-del-espiritismo-en-brasil\/","name":"Historia del espiritismo en Brasil - Uni\u00f3n Esp\u00edrita","isPartOf":{"@id":"https:\/\/nuevo-renacer.com\/#website"},"primaryImageOfPage":{"@id":"https:\/\/nuevo-renacer.com\/historia-del-espiritismo-en-brasil\/#primaryimage"},"image":{"@id":"https:\/\/nuevo-renacer.com\/historia-del-espiritismo-en-brasil\/#primaryimage"},"thumbnailUrl":"https:\/\/nuevo-renacer.com\/wp-content\/uploads\/2024\/10\/51MD9d7uCGL._AC_UF8941000_QL80_.jpg","datePublished":"2024-10-17T09:53:48+00:00","breadcrumb":{"@id":"https:\/\/nuevo-renacer.com\/historia-del-espiritismo-en-brasil\/#breadcrumb"},"inLanguage":"pt-BR","potentialAction":[{"@type":"ReadAction","target":["https:\/\/nuevo-renacer.com\/historia-del-espiritismo-en-brasil\/"]}]},{"@type":"ImageObject","inLanguage":"pt-BR","@id":"https:\/\/nuevo-renacer.com\/historia-del-espiritismo-en-brasil\/#primaryimage","url":"https:\/\/nuevo-renacer.com\/wp-content\/uploads\/2024\/10\/51MD9d7uCGL._AC_UF8941000_QL80_.jpg","contentUrl":"https:\/\/nuevo-renacer.com\/wp-content\/uploads\/2024\/10\/51MD9d7uCGL._AC_UF8941000_QL80_.jpg"},{"@type":"BreadcrumbList","@id":"https:\/\/nuevo-renacer.com\/historia-del-espiritismo-en-brasil\/#breadcrumb","itemListElement":[{"@type":"ListItem","position":1,"name":"Startseite","item":"https:\/\/nuevo-renacer.com\/"},{"@type":"ListItem","position":2,"name":"Historia del espiritismo en Brasil"}]},{"@type":"WebSite","@id":"https:\/\/nuevo-renacer.com\/#website","url":"https:\/\/nuevo-renacer.com\/","name":"Uni\u00f3n Esp\u00edrita","description":"Nuevo Renacer","publisher":{"@id":"https:\/\/nuevo-renacer.com\/#organization"},"potentialAction":[{"@type":"SearchAction","target":{"@type":"EntryPoint","urlTemplate":"https:\/\/nuevo-renacer.com\/?s={search_term_string}"},"query-input":{"@type":"PropertyValueSpecification","valueRequired":true,"valueName":"search_term_string"}}],"inLanguage":"pt-BR"},{"@type":"Organization","@id":"https:\/\/nuevo-renacer.com\/#organization","name":"UFEC","url":"https:\/\/nuevo-renacer.com\/","logo":{"@type":"ImageObject","inLanguage":"pt-BR","@id":"https:\/\/nuevo-renacer.com\/#\/schema\/logo\/image\/","url":"https:\/\/nuevo-renacer.com\/wp-content\/uploads\/2024\/05\/cropped-LOGO-TERMINADO1-3-3.png","contentUrl":"https:\/\/nuevo-renacer.com\/wp-content\/uploads\/2024\/05\/cropped-LOGO-TERMINADO1-3-3.png","width":512,"height":512,"caption":"UFEC"},"image":{"@id":"https:\/\/nuevo-renacer.com\/#\/schema\/logo\/image\/"},"sameAs":["https:\/\/www.facebook.com\/groups\/3431398063740829"]}]}},"uagb_featured_image_src":{"full":false,"thumbnail":false,"medium":false,"medium_large":false,"large":false,"1536x1536":false,"2048x2048":false,"trp-custom-language-flag":false},"uagb_author_info":{"display_name":"adbv0","author_link":"https:\/\/nuevo-renacer.com\/pt\/author\/adbv0\/"},"uagb_comment_info":0,"uagb_excerpt":"Historia del espiritismo en Brasil En el siglo XIX, encontramos diversos relatos de personas que, sin conocimientos m\u00e9dicos espec\u00edficos, daban recetas a enfermos. Conocidos como \u00abm\u00e9dins receitists\u00bb o \u00abm\u00e9diums sanadores\u00bb, estos individuos ten\u00edan una funci\u00f3n distinta a la de los conocidos curanderos. Afirmando contar con la ayuda de poderosas entidades espirituales, desligadas de otras religiones,&hellip;","jetpack_sharing_enabled":true,"_links":{"self":[{"href":"https:\/\/nuevo-renacer.com\/pt\/wp-json\/wp\/v2\/pages\/5597","targetHints":{"allow":["GET"]}}],"collection":[{"href":"https:\/\/nuevo-renacer.com\/pt\/wp-json\/wp\/v2\/pages"}],"about":[{"href":"https:\/\/nuevo-renacer.com\/pt\/wp-json\/wp\/v2\/types\/page"}],"author":[{"embeddable":true,"href":"https:\/\/nuevo-renacer.com\/pt\/wp-json\/wp\/v2\/users\/1"}],"replies":[{"embeddable":true,"href":"https:\/\/nuevo-renacer.com\/pt\/wp-json\/wp\/v2\/comments?post=5597"}],"version-history":[{"count":1,"href":"https:\/\/nuevo-renacer.com\/pt\/wp-json\/wp\/v2\/pages\/5597\/revisions"}],"predecessor-version":[{"id":5601,"href":"https:\/\/nuevo-renacer.com\/pt\/wp-json\/wp\/v2\/pages\/5597\/revisions\/5601"}],"wp:attachment":[{"href":"https:\/\/nuevo-renacer.com\/pt\/wp-json\/wp\/v2\/media?parent=5597"}],"curies":[{"name":"wp","href":"https:\/\/api.w.org\/{rel}","templated":true}]}}