{"id":5551,"date":"2024-10-16T08:39:51","date_gmt":"2024-10-16T08:39:51","guid":{"rendered":"https:\/\/nuevo-renacer.com\/?page_id=5551"},"modified":"2024-10-16T08:40:18","modified_gmt":"2024-10-16T08:40:18","slug":"persona-en-la-vision-espirita","status":"publish","type":"page","link":"https:\/\/nuevo-renacer.com\/pt\/persona-en-la-vision-espirita\/","title":{"rendered":"Pessoa, na vis\u00e3o esp\u00edrita"},"content":{"rendered":"<div class=\"wp-block-uagb-container uagb-block-6e2ebd6b alignfull uagb-is-root-container\"><div class=\"uagb-container-inner-blocks-wrap\">\n<p class=\"has-black-color has-text-color has-link-color has-medium-font-size wp-elements-467495193464e5000764280b0a9f67df\"><strong>Pessoa, na vis\u00e3o esp\u00edrita<\/strong><\/p>\n<\/div><\/div>\n\n\n\n<div class=\"wp-block-uagb-container uagb-block-5f69a20b alignfull uagb-is-root-container\"><div class=\"uagb-container-inner-blocks-wrap\">\n<figure class=\"wp-block-image size-full is-resized\"><img fetchpriority=\"high\" decoding=\"async\" width=\"600\" height=\"381\" src=\"https:\/\/nuevo-renacer.com\/wp-content\/uploads\/2024\/10\/o-corpo-humano-formado-por-uma-grande-quantidade-celulas-5c10f318927de.webp\" alt=\"\" class=\"wp-image-5552\" style=\"width:406px;height:auto\" srcset=\"https:\/\/nuevo-renacer.com\/wp-content\/uploads\/2024\/10\/o-corpo-humano-formado-por-uma-grande-quantidade-celulas-5c10f318927de.webp 600w, https:\/\/nuevo-renacer.com\/wp-content\/uploads\/2024\/10\/o-corpo-humano-formado-por-uma-grande-quantidade-celulas-5c10f318927de-300x191.webp 300w, https:\/\/nuevo-renacer.com\/wp-content\/uploads\/2024\/10\/o-corpo-humano-formado-por-uma-grande-quantidade-celulas-5c10f318927de-18x12.webp 18w\" sizes=\"(max-width: 600px) 100vw, 600px\" \/><\/figure>\n<\/div><\/div>\n\n\n\n<div class=\"wp-block-uagb-container uagb-block-71c82204 alignfull uagb-is-root-container\"><div class=\"uagb-container-inner-blocks-wrap\">\n<p class=\"has-black-color has-text-color has-link-color has-small-font-size wp-elements-8845a4ab5f40ccd96e808146abc6e31b\">Para a Doutrina Esp\u00edrita, o valor da pessoa humana est\u00e1 embutido na pr\u00f3pria origem da vida, porque a vida s\u00f3 pode ser explicada por meio de um Planejamento Inteligente, que nos leva ao Grande Planejador e a consider\u00e1-la como um bem outorgado e indispon\u00edvel.<\/p>\n\n\n\n<p class=\"has-black-color has-text-color has-link-color has-small-font-size wp-elements-4a71be0b845b3d06abf97ba05a9fde0b\">Hoje, como todos os avan\u00e7os nas Ci\u00eancias da Vida, os pesquisadores nunca criaram vida em laborat\u00f3rio e n\u00e3o conseguem explicar, por mero acaso, como os \u00e1tomos se transformam em seres humanos, seguindo caminhos t\u00e3o engenhosos que os pr\u00f3prios cientistas t\u00eam tanta dificuldade em descobrir.<\/p>\n\n\n\n<p class=\"has-black-color has-text-color has-link-color has-small-font-size wp-elements-dd3c3af9fda90eba3a52067f27aefbf6\">\u00c9 muito dif\u00edcil explicar o funcionamento de estruturas sofisticadas, como, por exemplo, o olho humano e a coagula\u00e7\u00e3o do sangue, mostrando, passo a passo, como essas subst\u00e2ncias qu\u00edmicas especializadas se juntaram, por acaso, em perfeita harmonia, nas rea\u00e7\u00f5es bioqu\u00edmicas mais complexas das quais participam. Da mesma forma, \u00e9 necess\u00e1rio lembrar todas as outras respostas que ainda n\u00e3o foram dadas pela ci\u00eancia, incluindo a origem do extraordin\u00e1rio maquin\u00e1rio celular.<\/p>\n\n\n\n<p class=\"has-black-color has-text-color has-link-color has-small-font-size wp-elements-4f794e7d0bdbc2c1350650ccc1647e5a\">Hoje, os argumentos a favor da vida dada e indispens\u00e1vel v\u00eam da pr\u00f3pria ci\u00eancia. A sacralidade da Vida, portanto, origina-se do princ\u00edpio espiritual. Cria\u00e7\u00e3o divina e imortal, ela inicia a biog\u00eanese nos cristais, individualizando-se, em cada nova exist\u00eancia, ao longo da escala filogen\u00e9tica, at\u00e9 enervar, finalmente, o corpo humano, maquinaria fant\u00e1stica, constru\u00edda por si mesma com o aux\u00edlio dos G\u00eanios Construtores.<\/p>\n\n\n\n<p class=\"has-black-color has-text-color has-link-color has-small-font-size wp-elements-1edf8bd5d763556bec41a7a5a5cb83f2\">Com essa vis\u00e3o muito mais ampla e global do Ser Humano, entende-se que o Esp\u00edrito, que o anima, j\u00e1 foi lapidado pelo tempo, n\u00e3o \u00e9 criado, portanto, no instante da concep\u00e7\u00e3o, o Esp\u00edrito \u00e9 vinculado ao novo corpo, com a finalidade de iniciar um novo projeto existencial.<\/p>\n\n\n\n<p class=\"has-black-color has-text-color has-link-color has-small-font-size wp-elements-1213b1896bbea4356eaf44d281a757d5\">De acordo com as informa\u00e7\u00f5es espirituais, o zigoto ou embri\u00e3o inicial nem sempre tem um Esp\u00edrito presidindo sua forma\u00e7\u00e3o, pois o \u00f3vulo e o espermatozoide podem se unir, sem a presen\u00e7a da alma, apenas por impulsos magn\u00e9ticos biol\u00f3gicos. Nesse caso, a pr\u00f3pria natureza \u00e9 respons\u00e1vel por descartar o embri\u00e3o malformado, sem a necessidade de interfer\u00eancia indevida do homem.<\/p>\n\n\n\n<p class=\"has-black-color has-text-color has-link-color has-small-font-size wp-elements-9d9adf1fb5e66e7748257fdf7e0a7190\">Quando se trata de um embri\u00e3o feito em laborat\u00f3rio, \u00e9 preciso estar atento, pois existe a possibilidade de que algum filamento perispiritual se fixe nele. Nesse caso, os pesquisadores do Espiritismo precisam desenvolver tecnologias mais sofisticadas, ainda inexistentes, para saber se isso acontece, podendo assim trabalhar com embri\u00f5es n\u00e3o comprometidos. Sem isso, fica dif\u00edcil qualquer interfer\u00eancia.<\/p>\n\n\n\n<p class=\"has-black-color has-text-color has-link-color has-small-font-size wp-elements-29fe312674ecefc8e51e7f8fd692702f\">Se, no entanto, h\u00e1 um feto ou um corpo humano em gesta\u00e7\u00e3o, h\u00e1 um esp\u00edrito respons\u00e1vel por sua forma\u00e7\u00e3o, e todos os seus direitos devem ser preservados. A regra, portanto, \u00e9 n\u00e3o interferir.<\/p>\n\n\n\n<p class=\"has-black-color has-text-color has-link-color has-small-font-size wp-elements-31436db539a283e3a928e0e5a898ba7f\">O corpo f\u00edsico, as bainhas sutis e o esp\u00edrito t\u00eam fun\u00e7\u00f5es bem definidas, e cabe ao ser imortal cuidar de todos os seus elementos constituintes. Cada esp\u00edrito \u00e9 respons\u00e1vel por sua pr\u00f3pria evolu\u00e7\u00e3o. O Mestre Jesus mostrou o caminho para toda a humanidade; cabe a cada indiv\u00edduo viver e exemplificar as li\u00e7\u00f5es do amor universal, vivenciando os princ\u00edpios da caridade e da solidariedade em sua vida di\u00e1ria.<\/p>\n\n\n\n<p class=\"has-black-color has-text-color has-link-color has-small-font-size wp-elements-69a566391dad5bc9522231c028aa33af\">Por tudo o que vimos, para a Doutrina Esp\u00edrita, a pessoa tem uma dignidade intr\u00ednseca, ontol\u00f3gica, conferida pela presen\u00e7a da alma, um elemento imortal, de origem divina, que necessita do corpo f\u00edsico para aprender e evoluir, em cont\u00ednuo progresso.<\/p>\n\n\n\n<p class=\"has-black-color has-text-color has-link-color has-small-font-size wp-elements-9e62b9fd6d2db5fa88a216f24801c5b0\">N\u00e3o importa se o ser est\u00e1 consciente ou n\u00e3o; seja um feto ou uma pessoa doente em coma, \u00e9 uma pessoa e, como tal, deve ser respeitada pelo que \u00e9 intrinsecamente. O aborto, o infantic\u00eddio, a manipula\u00e7\u00e3o de embri\u00f5es para fins eug\u00eanicos, a eutan\u00e1sia etc. s\u00e3o, portanto, inaceit\u00e1veis.<\/p>\n\n\n\n<p class=\"has-black-color has-text-color has-link-color has-small-font-size wp-elements-39d803aac6bef7ad9e4113b154076148\">Em uma an\u00e1lise final, a vida \u00e9 um bem concedido e indispon\u00edvel. E essa verdade tem sua base de sustenta\u00e7\u00e3o na pr\u00f3pria ci\u00eancia e deve, como tal, ser reconhecida, orientando a conduta \u00e9tica do homem.<\/p>\n<\/div><\/div>\n\n\n\n<div class=\"wp-block-uagb-container uagb-block-925ef7bb alignfull uagb-is-root-container\"><div class=\"uagb-container-inner-blocks-wrap\"><\/div><\/div>\n\n\n\n<div class=\"wp-block-uagb-container uagb-block-812b4f54 alignfull uagb-is-root-container\"><div class=\"uagb-container-inner-blocks-wrap\"><\/div><\/div>","protected":false},"excerpt":{"rendered":"<p>Persona, en la visi\u00f3n esp\u00edrita Para la Doctrina Esp\u00edrita, el valor de la persona humana est\u00e1 enclavado en el propio origen de la vida, porque \u00e9sta s\u00f3lo puede ser explicada a trav\u00e9s de la Planificaci\u00f3n Inteligente, que nos lleva al Gran Planificador y a considerarla como un bien otorgado e indisponible. Hoy, como todos los [&hellip;]<\/p>","protected":false},"author":1,"featured_media":0,"parent":0,"menu_order":0,"comment_status":"closed","ping_status":"closed","template":"","meta":{"_uag_custom_page_level_css":"","site-sidebar-layout":"default","site-content-layout":"","ast-site-content-layout":"default","site-content-style":"default","site-sidebar-style":"default","ast-global-header-display":"","ast-banner-title-visibility":"","ast-main-header-display":"","ast-hfb-above-header-display":"","ast-hfb-below-header-display":"","ast-hfb-mobile-header-display":"","site-post-title":"disabled","ast-breadcrumbs-content":"","ast-featured-img":"","footer-sml-layout":"","theme-transparent-header-meta":"","adv-header-id-meta":"","stick-header-meta":"","header-above-stick-meta":"","header-main-stick-meta":"","header-below-stick-meta":"","astra-migrate-meta-layouts":"set","ast-page-background-enabled":"default","ast-page-background-meta":{"desktop":{"background-color":"var(--ast-global-color-4)","background-image":"","background-repeat":"repeat","background-position":"center center","background-size":"auto","background-attachment":"scroll","background-type":"","background-media":"","overlay-type":"","overlay-color":"","overlay-opacity":"","overlay-gradient":""},"tablet":{"background-color":"","background-image":"","background-repeat":"repeat","background-position":"center center","background-size":"auto","background-attachment":"scroll","background-type":"","background-media":"","overlay-type":"","overlay-color":"","overlay-opacity":"","overlay-gradient":""},"mobile":{"background-color":"","background-image":"","background-repeat":"repeat","background-position":"center center","background-size":"auto","background-attachment":"scroll","background-type":"","background-media":"","overlay-type":"","overlay-color":"","overlay-opacity":"","overlay-gradient":""}},"ast-content-background-meta":{"desktop":{"background-color":"var(--ast-global-color-5)","background-image":"","background-repeat":"repeat","background-position":"center center","background-size":"auto","background-attachment":"scroll","background-type":"","background-media":"","overlay-type":"","overlay-color":"","overlay-opacity":"","overlay-gradient":""},"tablet":{"background-color":"var(--ast-global-color-5)","background-image":"","background-repeat":"repeat","background-position":"center center","background-size":"auto","background-attachment":"scroll","background-type":"","background-media":"","overlay-type":"","overlay-color":"","overlay-opacity":"","overlay-gradient":""},"mobile":{"background-color":"var(--ast-global-color-5)","background-image":"","background-repeat":"repeat","background-position":"center center","background-size":"auto","background-attachment":"scroll","background-type":"","background-media":"","overlay-type":"","overlay-color":"","overlay-opacity":"","overlay-gradient":""}},"footnotes":""},"class_list":["post-5551","page","type-page","status-publish","hentry"],"yoast_head":"<!-- This site is optimized with the Yoast SEO Premium plugin v24.2 (Yoast SEO v24.6) - https:\/\/yoast.com\/wordpress\/plugins\/seo\/ -->\n<title>Persona, en la visi\u00f3n esp\u00edrita - Uni\u00f3n Esp\u00edrita<\/title>\n<meta name=\"robots\" content=\"index, follow, max-snippet:-1, max-image-preview:large, max-video-preview:-1\" \/>\n<link rel=\"canonical\" href=\"https:\/\/nuevo-renacer.com\/pt\/persona-en-la-vision-espirita\/\" \/>\n<meta property=\"og:locale\" content=\"pt_BR\" \/>\n<meta property=\"og:type\" content=\"article\" \/>\n<meta property=\"og:title\" content=\"Persona, en la visi\u00f3n esp\u00edrita\" \/>\n<meta property=\"og:description\" content=\"Persona, en la visi\u00f3n esp\u00edrita Para la Doctrina Esp\u00edrita, el valor de la persona humana est\u00e1 enclavado en el propio origen de la vida, porque \u00e9sta s\u00f3lo puede ser explicada a trav\u00e9s de la Planificaci\u00f3n Inteligente, que nos lleva al Gran Planificador y a considerarla como un bien otorgado e indisponible. Hoy, como todos los [&hellip;]\" \/>\n<meta property=\"og:url\" content=\"https:\/\/nuevo-renacer.com\/pt\/persona-en-la-vision-espirita\/\" \/>\n<meta property=\"og:site_name\" content=\"Uni\u00f3n Esp\u00edrita\" \/>\n<meta property=\"article:publisher\" content=\"https:\/\/www.facebook.com\/groups\/3431398063740829\" \/>\n<meta property=\"article:modified_time\" content=\"2024-10-16T08:40:18+00:00\" \/>\n<meta property=\"og:image\" content=\"https:\/\/nuevo-renacer.com\/wp-content\/uploads\/2024\/10\/o-corpo-humano-formado-por-uma-grande-quantidade-celulas-5c10f318927de.webp\" \/>\n<meta name=\"twitter:card\" content=\"summary_large_image\" \/>\n<meta name=\"twitter:label1\" content=\"Est. tempo de leitura\" \/>\n\t<meta name=\"twitter:data1\" content=\"4 minutos\" \/>\n<script type=\"application\/ld+json\" class=\"yoast-schema-graph\">{\"@context\":\"https:\/\/schema.org\",\"@graph\":[{\"@type\":\"WebPage\",\"@id\":\"https:\/\/nuevo-renacer.com\/persona-en-la-vision-espirita\/\",\"url\":\"https:\/\/nuevo-renacer.com\/persona-en-la-vision-espirita\/\",\"name\":\"Persona, en la visi\u00f3n esp\u00edrita - Uni\u00f3n Esp\u00edrita\",\"isPartOf\":{\"@id\":\"https:\/\/nuevo-renacer.com\/#website\"},\"primaryImageOfPage\":{\"@id\":\"https:\/\/nuevo-renacer.com\/persona-en-la-vision-espirita\/#primaryimage\"},\"image\":{\"@id\":\"https:\/\/nuevo-renacer.com\/persona-en-la-vision-espirita\/#primaryimage\"},\"thumbnailUrl\":\"https:\/\/nuevo-renacer.com\/wp-content\/uploads\/2024\/10\/o-corpo-humano-formado-por-uma-grande-quantidade-celulas-5c10f318927de.webp\",\"datePublished\":\"2024-10-16T08:39:51+00:00\",\"dateModified\":\"2024-10-16T08:40:18+00:00\",\"breadcrumb\":{\"@id\":\"https:\/\/nuevo-renacer.com\/persona-en-la-vision-espirita\/#breadcrumb\"},\"inLanguage\":\"pt-BR\",\"potentialAction\":[{\"@type\":\"ReadAction\",\"target\":[\"https:\/\/nuevo-renacer.com\/persona-en-la-vision-espirita\/\"]}]},{\"@type\":\"ImageObject\",\"inLanguage\":\"pt-BR\",\"@id\":\"https:\/\/nuevo-renacer.com\/persona-en-la-vision-espirita\/#primaryimage\",\"url\":\"https:\/\/nuevo-renacer.com\/wp-content\/uploads\/2024\/10\/o-corpo-humano-formado-por-uma-grande-quantidade-celulas-5c10f318927de.webp\",\"contentUrl\":\"https:\/\/nuevo-renacer.com\/wp-content\/uploads\/2024\/10\/o-corpo-humano-formado-por-uma-grande-quantidade-celulas-5c10f318927de.webp\"},{\"@type\":\"BreadcrumbList\",\"@id\":\"https:\/\/nuevo-renacer.com\/persona-en-la-vision-espirita\/#breadcrumb\",\"itemListElement\":[{\"@type\":\"ListItem\",\"position\":1,\"name\":\"Startseite\",\"item\":\"https:\/\/nuevo-renacer.com\/\"},{\"@type\":\"ListItem\",\"position\":2,\"name\":\"Persona, en la visi\u00f3n esp\u00edrita\"}]},{\"@type\":\"WebSite\",\"@id\":\"https:\/\/nuevo-renacer.com\/#website\",\"url\":\"https:\/\/nuevo-renacer.com\/\",\"name\":\"Uni\u00f3n Esp\u00edrita\",\"description\":\"Nuevo Renacer\",\"publisher\":{\"@id\":\"https:\/\/nuevo-renacer.com\/#organization\"},\"potentialAction\":[{\"@type\":\"SearchAction\",\"target\":{\"@type\":\"EntryPoint\",\"urlTemplate\":\"https:\/\/nuevo-renacer.com\/?s={search_term_string}\"},\"query-input\":{\"@type\":\"PropertyValueSpecification\",\"valueRequired\":true,\"valueName\":\"search_term_string\"}}],\"inLanguage\":\"pt-BR\"},{\"@type\":\"Organization\",\"@id\":\"https:\/\/nuevo-renacer.com\/#organization\",\"name\":\"UFEC\",\"url\":\"https:\/\/nuevo-renacer.com\/\",\"logo\":{\"@type\":\"ImageObject\",\"inLanguage\":\"pt-BR\",\"@id\":\"https:\/\/nuevo-renacer.com\/#\/schema\/logo\/image\/\",\"url\":\"https:\/\/nuevo-renacer.com\/wp-content\/uploads\/2024\/05\/cropped-LOGO-TERMINADO1-3-3.png\",\"contentUrl\":\"https:\/\/nuevo-renacer.com\/wp-content\/uploads\/2024\/05\/cropped-LOGO-TERMINADO1-3-3.png\",\"width\":512,\"height\":512,\"caption\":\"UFEC\"},\"image\":{\"@id\":\"https:\/\/nuevo-renacer.com\/#\/schema\/logo\/image\/\"},\"sameAs\":[\"https:\/\/www.facebook.com\/groups\/3431398063740829\"]}]}<\/script>\n<!-- \/ Yoast SEO Premium plugin. -->","yoast_head_json":{"title":"Persona, en la visi\u00f3n esp\u00edrita - Uni\u00f3n Esp\u00edrita","robots":{"index":"index","follow":"follow","max-snippet":"max-snippet:-1","max-image-preview":"max-image-preview:large","max-video-preview":"max-video-preview:-1"},"canonical":"https:\/\/nuevo-renacer.com\/pt\/persona-en-la-vision-espirita\/","og_locale":"pt_BR","og_type":"article","og_title":"Persona, en la visi\u00f3n esp\u00edrita","og_description":"Persona, en la visi\u00f3n esp\u00edrita Para la Doctrina Esp\u00edrita, el valor de la persona humana est\u00e1 enclavado en el propio origen de la vida, porque \u00e9sta s\u00f3lo puede ser explicada a trav\u00e9s de la Planificaci\u00f3n Inteligente, que nos lleva al Gran Planificador y a considerarla como un bien otorgado e indisponible. Hoy, como todos los [&hellip;]","og_url":"https:\/\/nuevo-renacer.com\/pt\/persona-en-la-vision-espirita\/","og_site_name":"Uni\u00f3n Esp\u00edrita","article_publisher":"https:\/\/www.facebook.com\/groups\/3431398063740829","article_modified_time":"2024-10-16T08:40:18+00:00","og_image":[{"url":"https:\/\/nuevo-renacer.com\/wp-content\/uploads\/2024\/10\/o-corpo-humano-formado-por-uma-grande-quantidade-celulas-5c10f318927de.webp","type":"","width":"","height":""}],"twitter_card":"summary_large_image","twitter_misc":{"Est. tempo de leitura":"4 minutos"},"schema":{"@context":"https:\/\/schema.org","@graph":[{"@type":"WebPage","@id":"https:\/\/nuevo-renacer.com\/persona-en-la-vision-espirita\/","url":"https:\/\/nuevo-renacer.com\/persona-en-la-vision-espirita\/","name":"Persona, en la visi\u00f3n esp\u00edrita - Uni\u00f3n Esp\u00edrita","isPartOf":{"@id":"https:\/\/nuevo-renacer.com\/#website"},"primaryImageOfPage":{"@id":"https:\/\/nuevo-renacer.com\/persona-en-la-vision-espirita\/#primaryimage"},"image":{"@id":"https:\/\/nuevo-renacer.com\/persona-en-la-vision-espirita\/#primaryimage"},"thumbnailUrl":"https:\/\/nuevo-renacer.com\/wp-content\/uploads\/2024\/10\/o-corpo-humano-formado-por-uma-grande-quantidade-celulas-5c10f318927de.webp","datePublished":"2024-10-16T08:39:51+00:00","dateModified":"2024-10-16T08:40:18+00:00","breadcrumb":{"@id":"https:\/\/nuevo-renacer.com\/persona-en-la-vision-espirita\/#breadcrumb"},"inLanguage":"pt-BR","potentialAction":[{"@type":"ReadAction","target":["https:\/\/nuevo-renacer.com\/persona-en-la-vision-espirita\/"]}]},{"@type":"ImageObject","inLanguage":"pt-BR","@id":"https:\/\/nuevo-renacer.com\/persona-en-la-vision-espirita\/#primaryimage","url":"https:\/\/nuevo-renacer.com\/wp-content\/uploads\/2024\/10\/o-corpo-humano-formado-por-uma-grande-quantidade-celulas-5c10f318927de.webp","contentUrl":"https:\/\/nuevo-renacer.com\/wp-content\/uploads\/2024\/10\/o-corpo-humano-formado-por-uma-grande-quantidade-celulas-5c10f318927de.webp"},{"@type":"BreadcrumbList","@id":"https:\/\/nuevo-renacer.com\/persona-en-la-vision-espirita\/#breadcrumb","itemListElement":[{"@type":"ListItem","position":1,"name":"Startseite","item":"https:\/\/nuevo-renacer.com\/"},{"@type":"ListItem","position":2,"name":"Persona, en la visi\u00f3n esp\u00edrita"}]},{"@type":"WebSite","@id":"https:\/\/nuevo-renacer.com\/#website","url":"https:\/\/nuevo-renacer.com\/","name":"Uni\u00f3n Esp\u00edrita","description":"Nuevo Renacer","publisher":{"@id":"https:\/\/nuevo-renacer.com\/#organization"},"potentialAction":[{"@type":"SearchAction","target":{"@type":"EntryPoint","urlTemplate":"https:\/\/nuevo-renacer.com\/?s={search_term_string}"},"query-input":{"@type":"PropertyValueSpecification","valueRequired":true,"valueName":"search_term_string"}}],"inLanguage":"pt-BR"},{"@type":"Organization","@id":"https:\/\/nuevo-renacer.com\/#organization","name":"UFEC","url":"https:\/\/nuevo-renacer.com\/","logo":{"@type":"ImageObject","inLanguage":"pt-BR","@id":"https:\/\/nuevo-renacer.com\/#\/schema\/logo\/image\/","url":"https:\/\/nuevo-renacer.com\/wp-content\/uploads\/2024\/05\/cropped-LOGO-TERMINADO1-3-3.png","contentUrl":"https:\/\/nuevo-renacer.com\/wp-content\/uploads\/2024\/05\/cropped-LOGO-TERMINADO1-3-3.png","width":512,"height":512,"caption":"UFEC"},"image":{"@id":"https:\/\/nuevo-renacer.com\/#\/schema\/logo\/image\/"},"sameAs":["https:\/\/www.facebook.com\/groups\/3431398063740829"]}]}},"uagb_featured_image_src":{"full":false,"thumbnail":false,"medium":false,"medium_large":false,"large":false,"1536x1536":false,"2048x2048":false,"trp-custom-language-flag":false},"uagb_author_info":{"display_name":"adbv0","author_link":"https:\/\/nuevo-renacer.com\/pt\/author\/adbv0\/"},"uagb_comment_info":0,"uagb_excerpt":"Persona, en la visi\u00f3n esp\u00edrita Para la Doctrina Esp\u00edrita, el valor de la persona humana est\u00e1 enclavado en el propio origen de la vida, porque \u00e9sta s\u00f3lo puede ser explicada a trav\u00e9s de la Planificaci\u00f3n Inteligente, que nos lleva al Gran Planificador y a considerarla como un bien otorgado e indisponible. Hoy, como todos los&hellip;","jetpack_sharing_enabled":true,"_links":{"self":[{"href":"https:\/\/nuevo-renacer.com\/pt\/wp-json\/wp\/v2\/pages\/5551","targetHints":{"allow":["GET"]}}],"collection":[{"href":"https:\/\/nuevo-renacer.com\/pt\/wp-json\/wp\/v2\/pages"}],"about":[{"href":"https:\/\/nuevo-renacer.com\/pt\/wp-json\/wp\/v2\/types\/page"}],"author":[{"embeddable":true,"href":"https:\/\/nuevo-renacer.com\/pt\/wp-json\/wp\/v2\/users\/1"}],"replies":[{"embeddable":true,"href":"https:\/\/nuevo-renacer.com\/pt\/wp-json\/wp\/v2\/comments?post=5551"}],"version-history":[{"count":2,"href":"https:\/\/nuevo-renacer.com\/pt\/wp-json\/wp\/v2\/pages\/5551\/revisions"}],"predecessor-version":[{"id":5554,"href":"https:\/\/nuevo-renacer.com\/pt\/wp-json\/wp\/v2\/pages\/5551\/revisions\/5554"}],"wp:attachment":[{"href":"https:\/\/nuevo-renacer.com\/pt\/wp-json\/wp\/v2\/media?parent=5551"}],"curies":[{"name":"wp","href":"https:\/\/api.w.org\/{rel}","templated":true}]}}