{"id":5297,"date":"2024-10-07T12:43:26","date_gmt":"2024-10-07T12:43:26","guid":{"rendered":"https:\/\/nuevo-renacer.com\/?page_id=5297"},"modified":"2024-10-07T15:04:39","modified_gmt":"2024-10-07T15:04:39","slug":"historia-del-espiritismo-en-bulgaria","status":"publish","type":"page","link":"https:\/\/nuevo-renacer.com\/pt\/historia-del-espiritismo-en-bulgaria\/","title":{"rendered":"Hist\u00f3ria do espiritismo na Bulg\u00e1ria"},"content":{"rendered":"<div class=\"wp-block-uagb-container uagb-block-aea7970b alignfull uagb-is-root-container\"><div class=\"uagb-container-inner-blocks-wrap\">\n<p class=\"has-black-color has-text-color has-link-color has-medium-font-size wp-elements-889c6513c779e722b327bda9dab7b03a\"><strong>Hist\u00f3ria do espiritismo na Bulg\u00e1ria<\/strong><\/p>\n<\/div><\/div>\n\n\n\n<div class=\"wp-block-uagb-container uagb-block-5cf5b7c2 alignfull uagb-is-root-container\"><div class=\"uagb-container-inner-blocks-wrap\"><\/div><\/div>\n\n\n\n<div class=\"wp-block-uagb-container uagb-block-b9a05cb9 alignfull uagb-is-root-container\"><div class=\"uagb-container-inner-blocks-wrap\">\n<figure class=\"wp-block-image size-full is-resized has-custom-border\"><img fetchpriority=\"high\" decoding=\"async\" width=\"612\" height=\"408\" src=\"https:\/\/nuevo-renacer.com\/wp-content\/uploads\/2024\/10\/istockphoto-657672310-612x612-1.jpg\" alt=\"\" class=\"wp-image-5298\" style=\"border-width:1px;width:84px\" srcset=\"https:\/\/nuevo-renacer.com\/wp-content\/uploads\/2024\/10\/istockphoto-657672310-612x612-1.jpg 612w, https:\/\/nuevo-renacer.com\/wp-content\/uploads\/2024\/10\/istockphoto-657672310-612x612-1-300x200.jpg 300w, https:\/\/nuevo-renacer.com\/wp-content\/uploads\/2024\/10\/istockphoto-657672310-612x612-1-18x12.jpg 18w\" sizes=\"(max-width: 612px) 100vw, 612px\" \/><\/figure>\n<\/div><\/div>\n\n\n\n<div class=\"wp-block-uagb-container uagb-block-38e463f4 alignfull uagb-is-root-container\"><div class=\"uagb-container-inner-blocks-wrap\">\n<p class=\"has-black-color has-text-color has-link-color has-medium-font-size wp-elements-87ae1b8a164beb207ad51ce8e7241e41\"><strong>Dr. Georgi Mirkovic e o espiritismo<\/strong><\/p>\n\n\n\n<div class=\"wp-block-uagb-container uagb-block-9418e7d2\">\n<figure class=\"wp-block-image size-full is-resized\"><img decoding=\"async\" width=\"512\" height=\"715\" src=\"https:\/\/nuevo-renacer.com\/wp-content\/uploads\/2024\/10\/Scan-200123-0008001-1.jpg\" alt=\"\" class=\"wp-image-5302\" style=\"width:270px;height:auto\" srcset=\"https:\/\/nuevo-renacer.com\/wp-content\/uploads\/2024\/10\/Scan-200123-0008001-1.jpg 512w, https:\/\/nuevo-renacer.com\/wp-content\/uploads\/2024\/10\/Scan-200123-0008001-1-215x300.jpg 215w, https:\/\/nuevo-renacer.com\/wp-content\/uploads\/2024\/10\/Scan-200123-0008001-1-9x12.jpg 9w\" sizes=\"(max-width: 512px) 100vw, 512px\" \/><figcaption class=\"wp-element-caption\">Dr. Georgi Mirkovic.<\/figcaption><\/figure>\n<\/div>\n\n\n\n<p class=\"has-black-color has-text-color has-link-color has-small-font-size wp-elements-89739709e55af8a2c2b6dd11f97c691d\">O Dr. Mirkovic nasceu em Sliven em 1825 e sua vida tem uma longa hist\u00f3ria.<\/p>\n\n\n\n<p class=\"has-black-color has-text-color has-link-color has-small-font-size wp-elements-4bf3727d48ae12ade00612ad1c9bd627\">Por volta de 1848, ele ingressou na escola cat\u00f3lica francesa de Babek-Carigrad. L\u00e1, conheceu um monge chamado Ren\u00e9, que o apresentou ao espiritismo, ao qual permaneceu fiel pelo resto de sua vida. Em 1851, viajou para a Fran\u00e7a e concluiu seus estudos de medicina em Montpellier, em 1856. L\u00e1, ele se familiarizou praticamente com a clarivid\u00eancia. Nessa \u00e9poca, seu irm\u00e3o, um rico comerciante que o sustentava, enviava contribui\u00e7\u00f5es mensais regulares ao banco local. De repente, as contribui\u00e7\u00f5es pararam e ele ficou exposto \u00e0 mis\u00e9ria e teve de passar fome. Ele foi ent\u00e3o aconselhado a procurar uma mulher vidente para que ela lhe dissesse por que o dinheiro n\u00e3o estava entrando. Ele a encontrou e ela disse: \u201cSeu dinheiro est\u00e1 aqui no correio, mas o endere\u00e7o est\u00e1 errado e eles n\u00e3o podem envi\u00e1-lo para voc\u00ea. V\u00e1 busc\u00e1-lo\u201d. Ela foi at\u00e9 a ag\u00eancia dos correios e, com certeza, o dinheiro estava l\u00e1 h\u00e1 muito tempo porque o endere\u00e7o estava errado. Eles lhe d\u00e3o o dinheiro. Mas essa vis\u00e3o interior do clarividente o comove profundamente e ele percebe que existe um mundo invis\u00edvel, que h\u00e1 um lado oculto da vida que precisa ser estudado. Ele come\u00e7a a se interessar por isso e entra em c\u00edrculos esp\u00edritas. Depois vieram o materialismo e a teoria da evolu\u00e7\u00e3o de Darwin sobre a origem da vida, por um lado, e o espiritismo, por outro, que provou que havia um mundo invis\u00edvel.<\/p>\n\n\n\n<p class=\"has-black-color has-text-color has-link-color has-small-font-size wp-elements-b6ae0f484e1d4481030f3b83bba56d0a\">Em 1870, ele participou do movimento revolucion\u00e1rio do Sanjak de Vidin e foi entregue \u00e0s autoridades turcas pelo metropolita b\u00falgaro Doro-Tey, filho da irm\u00e3 do turc\u00f3filo grego Naid Gerov. O Dr. Mirkovic foi enviado a Diyarbekir para pris\u00e3o perp\u00e9tua.<\/p>\n\n\n\n<p class=\"has-black-color has-text-color has-link-color has-small-font-size wp-elements-f414f616ab41052edb115e21b9fe614b\">L\u00e1, ele conheceu um m\u00e9dico franc\u00eas viajante, muito apreciado pelo governo turco, que intercedeu em seu favor e o libertou de suas correntes para lidar com a epidemia de c\u00f3lera que havia surgido. E essa \u00e9 sua tese de doutorado. Liberado sob fian\u00e7a, ele circulava livremente e tratava a popula\u00e7\u00e3o local, acumulando uma fortuna invej\u00e1vel. Alguns de seus colegas exilados se oferecem para organizar sua fuga de Diyarbakir. No entanto, ele se recusa terminantemente. O motivo \u00e9 que ele conheceu um profeta local que previu que ele seria libertado de Diyarbakir ap\u00f3s a chegada de uma grande guerra. Sua profecia foi cumprida e o fim de seu ex\u00edlio ocorreu ap\u00f3s a anistia de 1878, que se seguiu \u00e0 liberta\u00e7\u00e3o da Bulg\u00e1ria da R\u00fassia.<\/p>\n\n\n\n<p class=\"has-black-color has-text-color has-link-color has-small-font-size wp-elements-ddd62b11519c3198ac55cfb6d7989c9a\">Em 1893, ap\u00f3s uma visita a Paris e um encontro com Anna de la Grange, ela profetizou para ele: \u201cAben\u00e7oada seja a R\u00fassia, pois seu plano servir\u00e1 ao plano divino e abrir\u00e1 caminho para o jovem l\u00edder divino que levantar\u00e1 a bandeira da independ\u00eancia dos pa\u00edses oprimidos em um s\u00f3 corpo, por meio da f\u00e9 na unidade universal dos crentes do mundo. Mirkovic, meu filho, meu ser amado que eu protejo, seu Guia Divino que voc\u00ea deseja encontrar, dite esta mensagem ao m\u00e9dium em Paris sob a bandeira da verdadeira luz.\u201d<\/p>\n\n\n\n<div class=\"wp-block-uagb-container uagb-block-30acf874\">\n<figure class=\"wp-block-image size-large is-resized\"><img decoding=\"async\" width=\"584\" height=\"1024\" src=\"https:\/\/nuevo-renacer.com\/wp-content\/uploads\/2024\/10\/Anna-de-la-Grange-584x1024.jpg\" alt=\"\" class=\"wp-image-5309\" style=\"width:228px\" srcset=\"https:\/\/nuevo-renacer.com\/wp-content\/uploads\/2024\/10\/Anna-de-la-Grange-584x1024.jpg 584w, https:\/\/nuevo-renacer.com\/wp-content\/uploads\/2024\/10\/Anna-de-la-Grange-171x300.jpg 171w, https:\/\/nuevo-renacer.com\/wp-content\/uploads\/2024\/10\/Anna-de-la-Grange-768x1348.jpg 768w, https:\/\/nuevo-renacer.com\/wp-content\/uploads\/2024\/10\/Anna-de-la-Grange-875x1536.jpg 875w, https:\/\/nuevo-renacer.com\/wp-content\/uploads\/2024\/10\/Anna-de-la-Grange-7x12.jpg 7w, https:\/\/nuevo-renacer.com\/wp-content\/uploads\/2024\/10\/Anna-de-la-Grange.jpg 1167w\" sizes=\"(max-width: 584px) 100vw, 584px\" \/><figcaption class=\"wp-element-caption\">Anna de La Grange<\/figcaption><\/figure>\n<\/div>\n\n\n\n<p class=\"has-black-color has-text-color has-link-color has-small-font-size wp-elements-816029d1875f9f34c7b4df51d41abcf0\">Em 1899, o Dr. Mirkovic, juntamente com Penyu Kirov e Todor Stoinemov, de Burgas, foi convidado pessoalmente pelo Mestre Petar Danow para o primeiro congresso do c\u00edrculo espiritual. Em agosto de 1905, a seu pedido, ele foi avisado pelo mundo invis\u00edvel para colocar um fim em seus assuntos terrenos, pois sua partida para o al\u00e9m era iminente. Em 29.09.1905, ele deixou a vida.<\/p>\n\n\n\n<div class=\"wp-block-uagb-container uagb-block-78d595e6\">\n<figure class=\"wp-block-image size-full is-resized\"><img loading=\"lazy\" decoding=\"async\" width=\"211\" height=\"300\" src=\"https:\/\/nuevo-renacer.com\/wp-content\/uploads\/2024\/10\/\u041f\u0435\u0442\u044a\u0440-\u0414\u044a\u043d\u043e\u0432-211x300-1.jpg\" alt=\"\" class=\"wp-image-5306\" style=\"width:228px;height:auto\" srcset=\"https:\/\/nuevo-renacer.com\/wp-content\/uploads\/2024\/10\/\u041f\u0435\u0442\u044a\u0440-\u0414\u044a\u043d\u043e\u0432-211x300-1.jpg 211w, https:\/\/nuevo-renacer.com\/wp-content\/uploads\/2024\/10\/\u041f\u0435\u0442\u044a\u0440-\u0414\u044a\u043d\u043e\u0432-211x300-1-8x12.jpg 8w\" sizes=\"(max-width: 211px) 100vw, 211px\" \/><figcaption class=\"wp-element-caption\">Petar Danow<\/figcaption><\/figure>\n<\/div>\n\n\n\n<p class=\"has-black-color has-text-color has-link-color has-small-font-size wp-elements-37eac38ff826e586a6d3bb040c984f90\">O Dr. Mirkovic foi um iluminador da Renascen\u00e7a, um lutador pela independ\u00eancia da Igreja, um revolucion\u00e1rio, um exilado de Diarbekir, um defensor de uma sociedade democr\u00e1tica e um pioneiro dos movimentos espirituais na Bulg\u00e1ria, que preparou o terreno para a vinda do \u201cL\u00edder da Luz\u201d, para que essa profecia tamb\u00e9m se cumprisse.<\/p>\n\n\n\n<p class=\"has-black-color has-text-color has-link-color has-small-font-size wp-elements-1afd80afcfab8a67e953f46e9b97351e\">O Dr. Mirkovic foi o cofundador da Cruz Vermelha B\u00falgara na Bulg\u00e1ria, o fundador das institui\u00e7\u00f5es de caridade b\u00falgaras e, em 1990, um concerto beneficente foi preparado e o Dr. Georgi Mirkovic foi celebrado como o cofundador da Cruz Vermelha B\u00falgara e das institui\u00e7\u00f5es de caridade b\u00falgaras. Como um dos tr\u00eas primeiros disc\u00edpulos do Mestre, ele foi homenageado com uma celebra\u00e7\u00e3o apropriada na Casa dos Advogados em Sofia, onde a m\u00fasica do Mestre Petar Danow foi executada por m\u00fasicos de Sofia, membros da White Brotherhood Society. Esse foi o primeiro concerto ap\u00f3s as mudan\u00e7as ocorridas na Bulg\u00e1ria em 10 de novembro de 1989 e, depois disso, mais de dez concertos foram realizados em Sofia at\u00e9 hoje com base nas palavras e na m\u00fasica do Mestre Petar Danow. Ele foi o pioneiro.<\/p>\n<\/div><\/div>","protected":false},"excerpt":{"rendered":"<p>Historia del Espiritismo en Bulgaria Dr. Georgi Mirkovic y el Espiritismo El Dr. Mirkovic naci\u00f3 en Sliven en 1825 y su vida tiene una larga historia. Hacia 1848, ingres\u00f3 en la escuela cat\u00f3lica francesa de Babek-Carigrad. All\u00ed conoci\u00f3 a un monje llamado Ren\u00e9, que le introdujo en el espiritismo, al que permaneci\u00f3 fiel el resto [&hellip;]<\/p>","protected":false},"author":1,"featured_media":0,"parent":0,"menu_order":0,"comment_status":"closed","ping_status":"closed","template":"","meta":{"_uag_custom_page_level_css":"","site-sidebar-layout":"default","site-content-layout":"","ast-site-content-layout":"default","site-content-style":"default","site-sidebar-style":"default","ast-global-header-display":"","ast-banner-title-visibility":"","ast-main-header-display":"","ast-hfb-above-header-display":"","ast-hfb-below-header-display":"","ast-hfb-mobile-header-display":"","site-post-title":"disabled","ast-breadcrumbs-content":"","ast-featured-img":"","footer-sml-layout":"","theme-transparent-header-meta":"","adv-header-id-meta":"","stick-header-meta":"","header-above-stick-meta":"","header-main-stick-meta":"","header-below-stick-meta":"","astra-migrate-meta-layouts":"set","ast-page-background-enabled":"default","ast-page-background-meta":{"desktop":{"background-color":"var(--ast-global-color-4)","background-image":"","background-repeat":"repeat","background-position":"center center","background-size":"auto","background-attachment":"scroll","background-type":"","background-media":"","overlay-type":"","overlay-color":"","overlay-opacity":"","overlay-gradient":""},"tablet":{"background-color":"","background-image":"","background-repeat":"repeat","background-position":"center center","background-size":"auto","background-attachment":"scroll","background-type":"","background-media":"","overlay-type":"","overlay-color":"","overlay-opacity":"","overlay-gradient":""},"mobile":{"background-color":"","background-image":"","background-repeat":"repeat","background-position":"center center","background-size":"auto","background-attachment":"scroll","background-type":"","background-media":"","overlay-type":"","overlay-color":"","overlay-opacity":"","overlay-gradient":""}},"ast-content-background-meta":{"desktop":{"background-color":"var(--ast-global-color-5)","background-image":"","background-repeat":"repeat","background-position":"center center","background-size":"auto","background-attachment":"scroll","background-type":"","background-media":"","overlay-type":"","overlay-color":"","overlay-opacity":"","overlay-gradient":""},"tablet":{"background-color":"var(--ast-global-color-5)","background-image":"","background-repeat":"repeat","background-position":"center center","background-size":"auto","background-attachment":"scroll","background-type":"","background-media":"","overlay-type":"","overlay-color":"","overlay-opacity":"","overlay-gradient":""},"mobile":{"background-color":"var(--ast-global-color-5)","background-image":"","background-repeat":"repeat","background-position":"center center","background-size":"auto","background-attachment":"scroll","background-type":"","background-media":"","overlay-type":"","overlay-color":"","overlay-opacity":"","overlay-gradient":""}},"footnotes":""},"class_list":["post-5297","page","type-page","status-publish","hentry"],"yoast_head":"<!-- This site is optimized with the Yoast SEO Premium plugin v24.2 (Yoast SEO v24.6) - https:\/\/yoast.com\/wordpress\/plugins\/seo\/ -->\n<title>Historia del Espiritismo en Bulgaria - Uni\u00f3n Esp\u00edrita<\/title>\n<meta name=\"robots\" content=\"index, follow, max-snippet:-1, max-image-preview:large, max-video-preview:-1\" \/>\n<link rel=\"canonical\" href=\"https:\/\/nuevo-renacer.com\/pt\/historia-del-espiritismo-en-bulgaria\/\" \/>\n<meta property=\"og:locale\" content=\"pt_BR\" \/>\n<meta property=\"og:type\" content=\"article\" \/>\n<meta property=\"og:title\" content=\"Historia del Espiritismo en Bulgaria\" \/>\n<meta property=\"og:description\" content=\"Historia del Espiritismo en Bulgaria Dr. Georgi Mirkovic y el Espiritismo El Dr. Mirkovic naci\u00f3 en Sliven en 1825 y su vida tiene una larga historia. Hacia 1848, ingres\u00f3 en la escuela cat\u00f3lica francesa de Babek-Carigrad. All\u00ed conoci\u00f3 a un monje llamado Ren\u00e9, que le introdujo en el espiritismo, al que permaneci\u00f3 fiel el resto [&hellip;]\" \/>\n<meta property=\"og:url\" content=\"https:\/\/nuevo-renacer.com\/pt\/historia-del-espiritismo-en-bulgaria\/\" \/>\n<meta property=\"og:site_name\" content=\"Uni\u00f3n Esp\u00edrita\" \/>\n<meta property=\"article:publisher\" content=\"https:\/\/www.facebook.com\/groups\/3431398063740829\" \/>\n<meta property=\"article:modified_time\" content=\"2024-10-07T15:04:39+00:00\" \/>\n<meta property=\"og:image\" content=\"https:\/\/nuevo-renacer.com\/wp-content\/uploads\/2024\/10\/istockphoto-657672310-612x612-1.jpg\" \/>\n<meta name=\"twitter:card\" content=\"summary_large_image\" \/>\n<meta name=\"twitter:label1\" content=\"Est. tempo de leitura\" \/>\n\t<meta name=\"twitter:data1\" content=\"4 minutos\" \/>\n<script type=\"application\/ld+json\" class=\"yoast-schema-graph\">{\"@context\":\"https:\/\/schema.org\",\"@graph\":[{\"@type\":\"WebPage\",\"@id\":\"https:\/\/nuevo-renacer.com\/historia-del-espiritismo-en-bulgaria\/\",\"url\":\"https:\/\/nuevo-renacer.com\/historia-del-espiritismo-en-bulgaria\/\",\"name\":\"Historia del Espiritismo en Bulgaria - Uni\u00f3n Esp\u00edrita\",\"isPartOf\":{\"@id\":\"https:\/\/nuevo-renacer.com\/#website\"},\"primaryImageOfPage\":{\"@id\":\"https:\/\/nuevo-renacer.com\/historia-del-espiritismo-en-bulgaria\/#primaryimage\"},\"image\":{\"@id\":\"https:\/\/nuevo-renacer.com\/historia-del-espiritismo-en-bulgaria\/#primaryimage\"},\"thumbnailUrl\":\"https:\/\/nuevo-renacer.com\/wp-content\/uploads\/2024\/10\/istockphoto-657672310-612x612-1.jpg\",\"datePublished\":\"2024-10-07T12:43:26+00:00\",\"dateModified\":\"2024-10-07T15:04:39+00:00\",\"breadcrumb\":{\"@id\":\"https:\/\/nuevo-renacer.com\/historia-del-espiritismo-en-bulgaria\/#breadcrumb\"},\"inLanguage\":\"pt-BR\",\"potentialAction\":[{\"@type\":\"ReadAction\",\"target\":[\"https:\/\/nuevo-renacer.com\/historia-del-espiritismo-en-bulgaria\/\"]}]},{\"@type\":\"ImageObject\",\"inLanguage\":\"pt-BR\",\"@id\":\"https:\/\/nuevo-renacer.com\/historia-del-espiritismo-en-bulgaria\/#primaryimage\",\"url\":\"https:\/\/nuevo-renacer.com\/wp-content\/uploads\/2024\/10\/istockphoto-657672310-612x612-1.jpg\",\"contentUrl\":\"https:\/\/nuevo-renacer.com\/wp-content\/uploads\/2024\/10\/istockphoto-657672310-612x612-1.jpg\"},{\"@type\":\"BreadcrumbList\",\"@id\":\"https:\/\/nuevo-renacer.com\/historia-del-espiritismo-en-bulgaria\/#breadcrumb\",\"itemListElement\":[{\"@type\":\"ListItem\",\"position\":1,\"name\":\"Startseite\",\"item\":\"https:\/\/nuevo-renacer.com\/\"},{\"@type\":\"ListItem\",\"position\":2,\"name\":\"Historia del Espiritismo en Bulgaria\"}]},{\"@type\":\"WebSite\",\"@id\":\"https:\/\/nuevo-renacer.com\/#website\",\"url\":\"https:\/\/nuevo-renacer.com\/\",\"name\":\"Uni\u00f3n Esp\u00edrita\",\"description\":\"Nuevo Renacer\",\"publisher\":{\"@id\":\"https:\/\/nuevo-renacer.com\/#organization\"},\"potentialAction\":[{\"@type\":\"SearchAction\",\"target\":{\"@type\":\"EntryPoint\",\"urlTemplate\":\"https:\/\/nuevo-renacer.com\/?s={search_term_string}\"},\"query-input\":{\"@type\":\"PropertyValueSpecification\",\"valueRequired\":true,\"valueName\":\"search_term_string\"}}],\"inLanguage\":\"pt-BR\"},{\"@type\":\"Organization\",\"@id\":\"https:\/\/nuevo-renacer.com\/#organization\",\"name\":\"UFEC\",\"url\":\"https:\/\/nuevo-renacer.com\/\",\"logo\":{\"@type\":\"ImageObject\",\"inLanguage\":\"pt-BR\",\"@id\":\"https:\/\/nuevo-renacer.com\/#\/schema\/logo\/image\/\",\"url\":\"https:\/\/nuevo-renacer.com\/wp-content\/uploads\/2024\/05\/cropped-LOGO-TERMINADO1-3-3.png\",\"contentUrl\":\"https:\/\/nuevo-renacer.com\/wp-content\/uploads\/2024\/05\/cropped-LOGO-TERMINADO1-3-3.png\",\"width\":512,\"height\":512,\"caption\":\"UFEC\"},\"image\":{\"@id\":\"https:\/\/nuevo-renacer.com\/#\/schema\/logo\/image\/\"},\"sameAs\":[\"https:\/\/www.facebook.com\/groups\/3431398063740829\"]}]}<\/script>\n<!-- \/ Yoast SEO Premium plugin. -->","yoast_head_json":{"title":"Historia del Espiritismo en Bulgaria - Uni\u00f3n Esp\u00edrita","robots":{"index":"index","follow":"follow","max-snippet":"max-snippet:-1","max-image-preview":"max-image-preview:large","max-video-preview":"max-video-preview:-1"},"canonical":"https:\/\/nuevo-renacer.com\/pt\/historia-del-espiritismo-en-bulgaria\/","og_locale":"pt_BR","og_type":"article","og_title":"Historia del Espiritismo en Bulgaria","og_description":"Historia del Espiritismo en Bulgaria Dr. Georgi Mirkovic y el Espiritismo El Dr. Mirkovic naci\u00f3 en Sliven en 1825 y su vida tiene una larga historia. Hacia 1848, ingres\u00f3 en la escuela cat\u00f3lica francesa de Babek-Carigrad. All\u00ed conoci\u00f3 a un monje llamado Ren\u00e9, que le introdujo en el espiritismo, al que permaneci\u00f3 fiel el resto [&hellip;]","og_url":"https:\/\/nuevo-renacer.com\/pt\/historia-del-espiritismo-en-bulgaria\/","og_site_name":"Uni\u00f3n Esp\u00edrita","article_publisher":"https:\/\/www.facebook.com\/groups\/3431398063740829","article_modified_time":"2024-10-07T15:04:39+00:00","og_image":[{"url":"https:\/\/nuevo-renacer.com\/wp-content\/uploads\/2024\/10\/istockphoto-657672310-612x612-1.jpg","type":"","width":"","height":""}],"twitter_card":"summary_large_image","twitter_misc":{"Est. tempo de leitura":"4 minutos"},"schema":{"@context":"https:\/\/schema.org","@graph":[{"@type":"WebPage","@id":"https:\/\/nuevo-renacer.com\/historia-del-espiritismo-en-bulgaria\/","url":"https:\/\/nuevo-renacer.com\/historia-del-espiritismo-en-bulgaria\/","name":"Historia del Espiritismo en Bulgaria - Uni\u00f3n Esp\u00edrita","isPartOf":{"@id":"https:\/\/nuevo-renacer.com\/#website"},"primaryImageOfPage":{"@id":"https:\/\/nuevo-renacer.com\/historia-del-espiritismo-en-bulgaria\/#primaryimage"},"image":{"@id":"https:\/\/nuevo-renacer.com\/historia-del-espiritismo-en-bulgaria\/#primaryimage"},"thumbnailUrl":"https:\/\/nuevo-renacer.com\/wp-content\/uploads\/2024\/10\/istockphoto-657672310-612x612-1.jpg","datePublished":"2024-10-07T12:43:26+00:00","dateModified":"2024-10-07T15:04:39+00:00","breadcrumb":{"@id":"https:\/\/nuevo-renacer.com\/historia-del-espiritismo-en-bulgaria\/#breadcrumb"},"inLanguage":"pt-BR","potentialAction":[{"@type":"ReadAction","target":["https:\/\/nuevo-renacer.com\/historia-del-espiritismo-en-bulgaria\/"]}]},{"@type":"ImageObject","inLanguage":"pt-BR","@id":"https:\/\/nuevo-renacer.com\/historia-del-espiritismo-en-bulgaria\/#primaryimage","url":"https:\/\/nuevo-renacer.com\/wp-content\/uploads\/2024\/10\/istockphoto-657672310-612x612-1.jpg","contentUrl":"https:\/\/nuevo-renacer.com\/wp-content\/uploads\/2024\/10\/istockphoto-657672310-612x612-1.jpg"},{"@type":"BreadcrumbList","@id":"https:\/\/nuevo-renacer.com\/historia-del-espiritismo-en-bulgaria\/#breadcrumb","itemListElement":[{"@type":"ListItem","position":1,"name":"Startseite","item":"https:\/\/nuevo-renacer.com\/"},{"@type":"ListItem","position":2,"name":"Historia del Espiritismo en Bulgaria"}]},{"@type":"WebSite","@id":"https:\/\/nuevo-renacer.com\/#website","url":"https:\/\/nuevo-renacer.com\/","name":"Uni\u00f3n Esp\u00edrita","description":"Nuevo Renacer","publisher":{"@id":"https:\/\/nuevo-renacer.com\/#organization"},"potentialAction":[{"@type":"SearchAction","target":{"@type":"EntryPoint","urlTemplate":"https:\/\/nuevo-renacer.com\/?s={search_term_string}"},"query-input":{"@type":"PropertyValueSpecification","valueRequired":true,"valueName":"search_term_string"}}],"inLanguage":"pt-BR"},{"@type":"Organization","@id":"https:\/\/nuevo-renacer.com\/#organization","name":"UFEC","url":"https:\/\/nuevo-renacer.com\/","logo":{"@type":"ImageObject","inLanguage":"pt-BR","@id":"https:\/\/nuevo-renacer.com\/#\/schema\/logo\/image\/","url":"https:\/\/nuevo-renacer.com\/wp-content\/uploads\/2024\/05\/cropped-LOGO-TERMINADO1-3-3.png","contentUrl":"https:\/\/nuevo-renacer.com\/wp-content\/uploads\/2024\/05\/cropped-LOGO-TERMINADO1-3-3.png","width":512,"height":512,"caption":"UFEC"},"image":{"@id":"https:\/\/nuevo-renacer.com\/#\/schema\/logo\/image\/"},"sameAs":["https:\/\/www.facebook.com\/groups\/3431398063740829"]}]}},"uagb_featured_image_src":{"full":false,"thumbnail":false,"medium":false,"medium_large":false,"large":false,"1536x1536":false,"2048x2048":false,"trp-custom-language-flag":false},"uagb_author_info":{"display_name":"adbv0","author_link":"https:\/\/nuevo-renacer.com\/pt\/author\/adbv0\/"},"uagb_comment_info":0,"uagb_excerpt":"Historia del Espiritismo en Bulgaria Dr. Georgi Mirkovic y el Espiritismo El Dr. Mirkovic naci\u00f3 en Sliven en 1825 y su vida tiene una larga historia. Hacia 1848, ingres\u00f3 en la escuela cat\u00f3lica francesa de Babek-Carigrad. All\u00ed conoci\u00f3 a un monje llamado Ren\u00e9, que le introdujo en el espiritismo, al que permaneci\u00f3 fiel el resto&hellip;","jetpack_sharing_enabled":true,"_links":{"self":[{"href":"https:\/\/nuevo-renacer.com\/pt\/wp-json\/wp\/v2\/pages\/5297","targetHints":{"allow":["GET"]}}],"collection":[{"href":"https:\/\/nuevo-renacer.com\/pt\/wp-json\/wp\/v2\/pages"}],"about":[{"href":"https:\/\/nuevo-renacer.com\/pt\/wp-json\/wp\/v2\/types\/page"}],"author":[{"embeddable":true,"href":"https:\/\/nuevo-renacer.com\/pt\/wp-json\/wp\/v2\/users\/1"}],"replies":[{"embeddable":true,"href":"https:\/\/nuevo-renacer.com\/pt\/wp-json\/wp\/v2\/comments?post=5297"}],"version-history":[{"count":9,"href":"https:\/\/nuevo-renacer.com\/pt\/wp-json\/wp\/v2\/pages\/5297\/revisions"}],"predecessor-version":[{"id":5317,"href":"https:\/\/nuevo-renacer.com\/pt\/wp-json\/wp\/v2\/pages\/5297\/revisions\/5317"}],"wp:attachment":[{"href":"https:\/\/nuevo-renacer.com\/pt\/wp-json\/wp\/v2\/media?parent=5297"}],"curies":[{"name":"wp","href":"https:\/\/api.w.org\/{rel}","templated":true}]}}