{"id":5226,"date":"2024-10-07T06:30:33","date_gmt":"2024-10-07T06:30:33","guid":{"rendered":"https:\/\/nuevo-renacer.com\/?page_id=5226"},"modified":"2024-10-07T06:30:33","modified_gmt":"2024-10-07T06:30:33","slug":"espiritismo-la-tercera-revelacion","status":"publish","type":"page","link":"https:\/\/nuevo-renacer.com\/pt\/espiritismo-la-tercera-revelacion\/","title":{"rendered":"Espiritismo: A Terceira Revela\u00e7\u00e3o"},"content":{"rendered":"<div class=\"wp-block-uagb-container uagb-block-4da84fd1 alignfull uagb-is-root-container\"><div class=\"uagb-container-inner-blocks-wrap\">\n<p class=\"has-black-color has-text-color has-link-color has-medium-font-size wp-elements-b38eb7449d118142c0eef0a8451ab3da\"><strong>Espiritismo: A Terceira Revela\u00e7\u00e3o<\/strong><\/p>\n<\/div><\/div>\n\n\n\n<div class=\"wp-block-uagb-container uagb-block-c49424e0 alignfull uagb-is-root-container\"><div class=\"uagb-container-inner-blocks-wrap\">\n<figure class=\"wp-block-image size-full is-resized\"><img fetchpriority=\"high\" decoding=\"async\" width=\"540\" height=\"360\" src=\"https:\/\/nuevo-renacer.com\/wp-content\/uploads\/2024\/10\/360_F_586764135_yxCF9wa6pr180CnoFyc44WjUlutzgAo5.jpg\" alt=\"\" class=\"wp-image-5227\" style=\"width:435px;height:auto\" srcset=\"https:\/\/nuevo-renacer.com\/wp-content\/uploads\/2024\/10\/360_F_586764135_yxCF9wa6pr180CnoFyc44WjUlutzgAo5.jpg 540w, https:\/\/nuevo-renacer.com\/wp-content\/uploads\/2024\/10\/360_F_586764135_yxCF9wa6pr180CnoFyc44WjUlutzgAo5-300x200.jpg 300w, https:\/\/nuevo-renacer.com\/wp-content\/uploads\/2024\/10\/360_F_586764135_yxCF9wa6pr180CnoFyc44WjUlutzgAo5-18x12.jpg 18w\" sizes=\"(max-width: 540px) 100vw, 540px\" \/><\/figure>\n<\/div><\/div>\n\n\n\n<div class=\"wp-block-uagb-container uagb-block-eda9be7c alignfull uagb-is-root-container\"><div class=\"uagb-container-inner-blocks-wrap\">\n<p class=\"has-black-color has-text-color has-link-color has-small-font-size wp-elements-786443ebea2bcab7870b373d22abc972\">O Espiritismo \u00e9 a nova ci\u00eancia que vem revelar \u00e0 humanidade, com provas irrefut\u00e1veis, a exist\u00eancia e a natureza do mundo espiritual, bem como suas rela\u00e7\u00f5es com o mundo corp\u00f3reo. Ela nos mostra esse mundo, n\u00e3o mais como algo sobrenatural, mas, ao contr\u00e1rio, como uma das for\u00e7as vivas em constante a\u00e7\u00e3o na natureza, como a origem de uma infinidade de fen\u00f4menos at\u00e9 ent\u00e3o incompreens\u00edveis e, portanto, relegados ao reino do fant\u00e1stico e do maravilhoso. Cristo alude a essas rela\u00e7\u00f5es em diferentes circunst\u00e2ncias, e \u00e9 por isso que muitas das coisas que Ele disse ainda s\u00e3o inintelig\u00edveis ou foram falsamente interpretadas. O Espiritismo \u00e9 a chave com cuja ajuda tudo \u00e9 facilmente explicado.<\/p>\n\n\n\n<p class=\"has-black-color has-text-color has-link-color has-small-font-size wp-elements-f208c5df249e1b38322907a0d84af15f\">A lei do Antigo Testamento est\u00e1 incorporada em Mois\u00e9s; a do Novo Testamento est\u00e1 incorporada em Cristo. O Espiritismo \u00e9 a terceira revela\u00e7\u00e3o da lei de Deus, mas n\u00e3o est\u00e1 personificado em nenhum indiv\u00edduo, pois \u00e9 o produto do ensino transmitido, n\u00e3o por um homem, mas pelos Esp\u00edritos, que s\u00e3o as vozes do C\u00e9u, em todas as partes da Terra e por meio de uma multid\u00e3o inumer\u00e1vel de intermedi\u00e1rios. O Espiritismo \u00e9, em certo sentido, um ser coletivo, compreendendo todos os seres do mundo espiritual, cada um dos quais traz aos homens o tributo de suas luzes para faz\u00ea-los conhecer esse mundo e o destino que os espera nele.<\/p>\n\n\n\n<p class=\"has-black-color has-text-color has-link-color has-small-font-size wp-elements-9fb1fd2cb4045fd7114749f7e89c5cd6\">Assim como Cristo disse: \u201cEu n\u00e3o vim para destruir a lei, mas para cumpri-la\u201d, o Espiritismo diz: \u201cEu n\u00e3o vim para destruir a lei crist\u00e3, mas para cumpri-la\u201d. Ele n\u00e3o ensina nada contr\u00e1rio ao que Cristo ensinou, mas desenvolve, completa e explica, em termos claros para o mundo inteiro, o que foi dito apenas de forma aleg\u00f3rica. O Espiritismo vem para cumprir, nos tempos preditos, o que Cristo anunciou, e para preparar o cumprimento das coisas futuras. \u00c9, portanto, a obra de Cristo, que Ele mesmo preside, assim como preside o que tamb\u00e9m anunciou: a regenera\u00e7\u00e3o que est\u00e1 operando e que prepara o reino de Deus na Terra.<\/p>\n<\/div><\/div>","protected":false},"excerpt":{"rendered":"<p>Espiritismo: La tercera revelaci\u00f3n El espiritismo es la ciencia nueva que viene a revelar a los hombres, con pruebas irrecusables, la existencia y la naturaleza del mundo espiritual, as\u00ed como sus relaciones con el mundo corporal. Nos muestra ese mundo, no ya como algo sobrenatural, sino, por el contrario, como una de las fuerzas vivas [&hellip;]<\/p>","protected":false},"author":1,"featured_media":0,"parent":0,"menu_order":0,"comment_status":"closed","ping_status":"closed","template":"","meta":{"_uag_custom_page_level_css":"","site-sidebar-layout":"default","site-content-layout":"","ast-site-content-layout":"default","site-content-style":"default","site-sidebar-style":"default","ast-global-header-display":"","ast-banner-title-visibility":"","ast-main-header-display":"","ast-hfb-above-header-display":"","ast-hfb-below-header-display":"","ast-hfb-mobile-header-display":"","site-post-title":"disabled","ast-breadcrumbs-content":"","ast-featured-img":"","footer-sml-layout":"","theme-transparent-header-meta":"","adv-header-id-meta":"","stick-header-meta":"","header-above-stick-meta":"","header-main-stick-meta":"","header-below-stick-meta":"","astra-migrate-meta-layouts":"set","ast-page-background-enabled":"default","ast-page-background-meta":{"desktop":{"background-color":"var(--ast-global-color-4)","background-image":"","background-repeat":"repeat","background-position":"center center","background-size":"auto","background-attachment":"scroll","background-type":"","background-media":"","overlay-type":"","overlay-color":"","overlay-opacity":"","overlay-gradient":""},"tablet":{"background-color":"","background-image":"","background-repeat":"repeat","background-position":"center center","background-size":"auto","background-attachment":"scroll","background-type":"","background-media":"","overlay-type":"","overlay-color":"","overlay-opacity":"","overlay-gradient":""},"mobile":{"background-color":"","background-image":"","background-repeat":"repeat","background-position":"center center","background-size":"auto","background-attachment":"scroll","background-type":"","background-media":"","overlay-type":"","overlay-color":"","overlay-opacity":"","overlay-gradient":""}},"ast-content-background-meta":{"desktop":{"background-color":"var(--ast-global-color-5)","background-image":"","background-repeat":"repeat","background-position":"center center","background-size":"auto","background-attachment":"scroll","background-type":"","background-media":"","overlay-type":"","overlay-color":"","overlay-opacity":"","overlay-gradient":""},"tablet":{"background-color":"var(--ast-global-color-5)","background-image":"","background-repeat":"repeat","background-position":"center center","background-size":"auto","background-attachment":"scroll","background-type":"","background-media":"","overlay-type":"","overlay-color":"","overlay-opacity":"","overlay-gradient":""},"mobile":{"background-color":"var(--ast-global-color-5)","background-image":"","background-repeat":"repeat","background-position":"center center","background-size":"auto","background-attachment":"scroll","background-type":"","background-media":"","overlay-type":"","overlay-color":"","overlay-opacity":"","overlay-gradient":""}},"footnotes":""},"class_list":["post-5226","page","type-page","status-publish","hentry"],"yoast_head":"<!-- This site is optimized with the Yoast SEO Premium plugin v24.2 (Yoast SEO v24.6) - https:\/\/yoast.com\/wordpress\/plugins\/seo\/ -->\n<title>Espiritismo: La tercera revelaci\u00f3n - Uni\u00f3n Esp\u00edrita<\/title>\n<meta name=\"robots\" content=\"index, follow, max-snippet:-1, max-image-preview:large, max-video-preview:-1\" \/>\n<link rel=\"canonical\" href=\"https:\/\/nuevo-renacer.com\/pt\/espiritismo-la-tercera-revelacion\/\" \/>\n<meta property=\"og:locale\" content=\"pt_BR\" \/>\n<meta property=\"og:type\" content=\"article\" \/>\n<meta property=\"og:title\" content=\"Espiritismo: La tercera revelaci\u00f3n\" \/>\n<meta property=\"og:description\" content=\"Espiritismo: La tercera revelaci\u00f3n El espiritismo es la ciencia nueva que viene a revelar a los hombres, con pruebas irrecusables, la existencia y la naturaleza del mundo espiritual, as\u00ed como sus relaciones con el mundo corporal. Nos muestra ese mundo, no ya como algo sobrenatural, sino, por el contrario, como una de las fuerzas vivas [&hellip;]\" \/>\n<meta property=\"og:url\" content=\"https:\/\/nuevo-renacer.com\/pt\/espiritismo-la-tercera-revelacion\/\" \/>\n<meta property=\"og:site_name\" content=\"Uni\u00f3n Esp\u00edrita\" \/>\n<meta property=\"article:publisher\" content=\"https:\/\/www.facebook.com\/groups\/3431398063740829\" \/>\n<meta property=\"og:image\" content=\"https:\/\/nuevo-renacer.com\/wp-content\/uploads\/2024\/10\/360_F_586764135_yxCF9wa6pr180CnoFyc44WjUlutzgAo5.jpg\" \/>\n<meta name=\"twitter:card\" content=\"summary_large_image\" \/>\n<meta name=\"twitter:label1\" content=\"Est. tempo de leitura\" \/>\n\t<meta name=\"twitter:data1\" content=\"2 minutos\" \/>\n<script type=\"application\/ld+json\" class=\"yoast-schema-graph\">{\"@context\":\"https:\/\/schema.org\",\"@graph\":[{\"@type\":\"WebPage\",\"@id\":\"https:\/\/nuevo-renacer.com\/de\/espiritismo-la-tercera-revelacion\/\",\"url\":\"https:\/\/nuevo-renacer.com\/de\/espiritismo-la-tercera-revelacion\/\",\"name\":\"Espiritismo: La tercera revelaci\u00f3n - Uni\u00f3n Esp\u00edrita\",\"isPartOf\":{\"@id\":\"https:\/\/nuevo-renacer.com\/#website\"},\"primaryImageOfPage\":{\"@id\":\"https:\/\/nuevo-renacer.com\/de\/espiritismo-la-tercera-revelacion\/#primaryimage\"},\"image\":{\"@id\":\"https:\/\/nuevo-renacer.com\/de\/espiritismo-la-tercera-revelacion\/#primaryimage\"},\"thumbnailUrl\":\"https:\/\/nuevo-renacer.com\/wp-content\/uploads\/2024\/10\/360_F_586764135_yxCF9wa6pr180CnoFyc44WjUlutzgAo5.jpg\",\"datePublished\":\"2024-10-07T06:30:33+00:00\",\"breadcrumb\":{\"@id\":\"https:\/\/nuevo-renacer.com\/de\/espiritismo-la-tercera-revelacion\/#breadcrumb\"},\"inLanguage\":\"pt-BR\",\"potentialAction\":[{\"@type\":\"ReadAction\",\"target\":[\"https:\/\/nuevo-renacer.com\/de\/espiritismo-la-tercera-revelacion\/\"]}]},{\"@type\":\"ImageObject\",\"inLanguage\":\"pt-BR\",\"@id\":\"https:\/\/nuevo-renacer.com\/de\/espiritismo-la-tercera-revelacion\/#primaryimage\",\"url\":\"https:\/\/nuevo-renacer.com\/wp-content\/uploads\/2024\/10\/360_F_586764135_yxCF9wa6pr180CnoFyc44WjUlutzgAo5.jpg\",\"contentUrl\":\"https:\/\/nuevo-renacer.com\/wp-content\/uploads\/2024\/10\/360_F_586764135_yxCF9wa6pr180CnoFyc44WjUlutzgAo5.jpg\"},{\"@type\":\"BreadcrumbList\",\"@id\":\"https:\/\/nuevo-renacer.com\/de\/espiritismo-la-tercera-revelacion\/#breadcrumb\",\"itemListElement\":[{\"@type\":\"ListItem\",\"position\":1,\"name\":\"Startseite\",\"item\":\"https:\/\/nuevo-renacer.com\/\"},{\"@type\":\"ListItem\",\"position\":2,\"name\":\"Espiritismo: La tercera revelaci\u00f3n\"}]},{\"@type\":\"WebSite\",\"@id\":\"https:\/\/nuevo-renacer.com\/#website\",\"url\":\"https:\/\/nuevo-renacer.com\/\",\"name\":\"Uni\u00f3n Esp\u00edrita\",\"description\":\"Nuevo Renacer\",\"publisher\":{\"@id\":\"https:\/\/nuevo-renacer.com\/#organization\"},\"potentialAction\":[{\"@type\":\"SearchAction\",\"target\":{\"@type\":\"EntryPoint\",\"urlTemplate\":\"https:\/\/nuevo-renacer.com\/?s={search_term_string}\"},\"query-input\":{\"@type\":\"PropertyValueSpecification\",\"valueRequired\":true,\"valueName\":\"search_term_string\"}}],\"inLanguage\":\"pt-BR\"},{\"@type\":\"Organization\",\"@id\":\"https:\/\/nuevo-renacer.com\/#organization\",\"name\":\"UFEC\",\"url\":\"https:\/\/nuevo-renacer.com\/\",\"logo\":{\"@type\":\"ImageObject\",\"inLanguage\":\"pt-BR\",\"@id\":\"https:\/\/nuevo-renacer.com\/#\/schema\/logo\/image\/\",\"url\":\"https:\/\/nuevo-renacer.com\/wp-content\/uploads\/2024\/05\/cropped-LOGO-TERMINADO1-3-3.png\",\"contentUrl\":\"https:\/\/nuevo-renacer.com\/wp-content\/uploads\/2024\/05\/cropped-LOGO-TERMINADO1-3-3.png\",\"width\":512,\"height\":512,\"caption\":\"UFEC\"},\"image\":{\"@id\":\"https:\/\/nuevo-renacer.com\/#\/schema\/logo\/image\/\"},\"sameAs\":[\"https:\/\/www.facebook.com\/groups\/3431398063740829\"]}]}<\/script>\n<!-- \/ Yoast SEO Premium plugin. -->","yoast_head_json":{"title":"Espiritismo: La tercera revelaci\u00f3n - Uni\u00f3n Esp\u00edrita","robots":{"index":"index","follow":"follow","max-snippet":"max-snippet:-1","max-image-preview":"max-image-preview:large","max-video-preview":"max-video-preview:-1"},"canonical":"https:\/\/nuevo-renacer.com\/pt\/espiritismo-la-tercera-revelacion\/","og_locale":"pt_BR","og_type":"article","og_title":"Espiritismo: La tercera revelaci\u00f3n","og_description":"Espiritismo: La tercera revelaci\u00f3n El espiritismo es la ciencia nueva que viene a revelar a los hombres, con pruebas irrecusables, la existencia y la naturaleza del mundo espiritual, as\u00ed como sus relaciones con el mundo corporal. Nos muestra ese mundo, no ya como algo sobrenatural, sino, por el contrario, como una de las fuerzas vivas [&hellip;]","og_url":"https:\/\/nuevo-renacer.com\/pt\/espiritismo-la-tercera-revelacion\/","og_site_name":"Uni\u00f3n Esp\u00edrita","article_publisher":"https:\/\/www.facebook.com\/groups\/3431398063740829","og_image":[{"url":"https:\/\/nuevo-renacer.com\/wp-content\/uploads\/2024\/10\/360_F_586764135_yxCF9wa6pr180CnoFyc44WjUlutzgAo5.jpg","type":"","width":"","height":""}],"twitter_card":"summary_large_image","twitter_misc":{"Est. tempo de leitura":"2 minutos"},"schema":{"@context":"https:\/\/schema.org","@graph":[{"@type":"WebPage","@id":"https:\/\/nuevo-renacer.com\/de\/espiritismo-la-tercera-revelacion\/","url":"https:\/\/nuevo-renacer.com\/de\/espiritismo-la-tercera-revelacion\/","name":"Espiritismo: La tercera revelaci\u00f3n - Uni\u00f3n Esp\u00edrita","isPartOf":{"@id":"https:\/\/nuevo-renacer.com\/#website"},"primaryImageOfPage":{"@id":"https:\/\/nuevo-renacer.com\/de\/espiritismo-la-tercera-revelacion\/#primaryimage"},"image":{"@id":"https:\/\/nuevo-renacer.com\/de\/espiritismo-la-tercera-revelacion\/#primaryimage"},"thumbnailUrl":"https:\/\/nuevo-renacer.com\/wp-content\/uploads\/2024\/10\/360_F_586764135_yxCF9wa6pr180CnoFyc44WjUlutzgAo5.jpg","datePublished":"2024-10-07T06:30:33+00:00","breadcrumb":{"@id":"https:\/\/nuevo-renacer.com\/de\/espiritismo-la-tercera-revelacion\/#breadcrumb"},"inLanguage":"pt-BR","potentialAction":[{"@type":"ReadAction","target":["https:\/\/nuevo-renacer.com\/de\/espiritismo-la-tercera-revelacion\/"]}]},{"@type":"ImageObject","inLanguage":"pt-BR","@id":"https:\/\/nuevo-renacer.com\/de\/espiritismo-la-tercera-revelacion\/#primaryimage","url":"https:\/\/nuevo-renacer.com\/wp-content\/uploads\/2024\/10\/360_F_586764135_yxCF9wa6pr180CnoFyc44WjUlutzgAo5.jpg","contentUrl":"https:\/\/nuevo-renacer.com\/wp-content\/uploads\/2024\/10\/360_F_586764135_yxCF9wa6pr180CnoFyc44WjUlutzgAo5.jpg"},{"@type":"BreadcrumbList","@id":"https:\/\/nuevo-renacer.com\/de\/espiritismo-la-tercera-revelacion\/#breadcrumb","itemListElement":[{"@type":"ListItem","position":1,"name":"Startseite","item":"https:\/\/nuevo-renacer.com\/"},{"@type":"ListItem","position":2,"name":"Espiritismo: La tercera revelaci\u00f3n"}]},{"@type":"WebSite","@id":"https:\/\/nuevo-renacer.com\/#website","url":"https:\/\/nuevo-renacer.com\/","name":"Uni\u00f3n Esp\u00edrita","description":"Nuevo Renacer","publisher":{"@id":"https:\/\/nuevo-renacer.com\/#organization"},"potentialAction":[{"@type":"SearchAction","target":{"@type":"EntryPoint","urlTemplate":"https:\/\/nuevo-renacer.com\/?s={search_term_string}"},"query-input":{"@type":"PropertyValueSpecification","valueRequired":true,"valueName":"search_term_string"}}],"inLanguage":"pt-BR"},{"@type":"Organization","@id":"https:\/\/nuevo-renacer.com\/#organization","name":"UFEC","url":"https:\/\/nuevo-renacer.com\/","logo":{"@type":"ImageObject","inLanguage":"pt-BR","@id":"https:\/\/nuevo-renacer.com\/#\/schema\/logo\/image\/","url":"https:\/\/nuevo-renacer.com\/wp-content\/uploads\/2024\/05\/cropped-LOGO-TERMINADO1-3-3.png","contentUrl":"https:\/\/nuevo-renacer.com\/wp-content\/uploads\/2024\/05\/cropped-LOGO-TERMINADO1-3-3.png","width":512,"height":512,"caption":"UFEC"},"image":{"@id":"https:\/\/nuevo-renacer.com\/#\/schema\/logo\/image\/"},"sameAs":["https:\/\/www.facebook.com\/groups\/3431398063740829"]}]}},"uagb_featured_image_src":{"full":false,"thumbnail":false,"medium":false,"medium_large":false,"large":false,"1536x1536":false,"2048x2048":false,"trp-custom-language-flag":false},"uagb_author_info":{"display_name":"adbv0","author_link":"https:\/\/nuevo-renacer.com\/pt\/author\/adbv0\/"},"uagb_comment_info":0,"uagb_excerpt":"Espiritismo: La tercera revelaci\u00f3n El espiritismo es la ciencia nueva que viene a revelar a los hombres, con pruebas irrecusables, la existencia y la naturaleza del mundo espiritual, as\u00ed como sus relaciones con el mundo corporal. Nos muestra ese mundo, no ya como algo sobrenatural, sino, por el contrario, como una de las fuerzas vivas&hellip;","jetpack_sharing_enabled":true,"_links":{"self":[{"href":"https:\/\/nuevo-renacer.com\/pt\/wp-json\/wp\/v2\/pages\/5226","targetHints":{"allow":["GET"]}}],"collection":[{"href":"https:\/\/nuevo-renacer.com\/pt\/wp-json\/wp\/v2\/pages"}],"about":[{"href":"https:\/\/nuevo-renacer.com\/pt\/wp-json\/wp\/v2\/types\/page"}],"author":[{"embeddable":true,"href":"https:\/\/nuevo-renacer.com\/pt\/wp-json\/wp\/v2\/users\/1"}],"replies":[{"embeddable":true,"href":"https:\/\/nuevo-renacer.com\/pt\/wp-json\/wp\/v2\/comments?post=5226"}],"version-history":[{"count":1,"href":"https:\/\/nuevo-renacer.com\/pt\/wp-json\/wp\/v2\/pages\/5226\/revisions"}],"predecessor-version":[{"id":5228,"href":"https:\/\/nuevo-renacer.com\/pt\/wp-json\/wp\/v2\/pages\/5226\/revisions\/5228"}],"wp:attachment":[{"href":"https:\/\/nuevo-renacer.com\/pt\/wp-json\/wp\/v2\/media?parent=5226"}],"curies":[{"name":"wp","href":"https:\/\/api.w.org\/{rel}","templated":true}]}}