{"id":5213,"date":"2024-10-07T05:51:02","date_gmt":"2024-10-07T05:51:02","guid":{"rendered":"https:\/\/nuevo-renacer.com\/?page_id=5213"},"modified":"2024-10-10T14:33:12","modified_gmt":"2024-10-10T14:33:12","slug":"daniela-m-el-libre-albedrio","status":"publish","type":"page","link":"https:\/\/nuevo-renacer.com\/pt\/daniela-m-el-libre-albedrio\/","title":{"rendered":"Libre albedr\u00edo."},"content":{"rendered":"<div class=\"wp-block-uagb-container uagb-block-7a38a26e alignfull uagb-is-root-container\"><div class=\"uagb-container-inner-blocks-wrap\">\n<p class=\"has-black-color has-text-color has-link-color has-medium-font-size wp-elements-e59aefe511fc8ad8253bf0c46e4d5cf1\"><strong>Livre arb\u00edtrio<\/strong><\/p>\n<\/div><\/div>\n\n\n\n<div class=\"wp-block-uagb-container uagb-block-d80ef81c alignfull uagb-is-root-container\"><div class=\"uagb-container-inner-blocks-wrap\">\n<figure class=\"wp-block-image size-full is-resized\"><img fetchpriority=\"high\" decoding=\"async\" width=\"700\" height=\"538\" src=\"https:\/\/nuevo-renacer.com\/wp-content\/uploads\/2024\/10\/libre-albedrio.jpg\" alt=\"\" class=\"wp-image-5214\" style=\"width:384px;height:auto\" srcset=\"https:\/\/nuevo-renacer.com\/wp-content\/uploads\/2024\/10\/libre-albedrio.jpg 700w, https:\/\/nuevo-renacer.com\/wp-content\/uploads\/2024\/10\/libre-albedrio-300x231.jpg 300w, https:\/\/nuevo-renacer.com\/wp-content\/uploads\/2024\/10\/libre-albedrio-16x12.jpg 16w\" sizes=\"(max-width: 700px) 100vw, 700px\" \/><\/figure>\n<\/div><\/div>\n\n\n\n<div class=\"wp-block-uagb-container uagb-block-6d7f88bf alignfull uagb-is-root-container\"><div class=\"uagb-container-inner-blocks-wrap\">\n<p class=\"has-black-color has-text-color has-link-color has-small-font-size wp-elements-43c28ec7883c8ae94df3045abdc65a34\">Tenho ouvido essa quest\u00e3o do livre-arb\u00edtrio repetidamente h\u00e1 v\u00e1rios dias.<\/p>\n\n\n\n<p class=\"has-black-color has-text-color has-link-color has-small-font-size wp-elements-6758856e12e876b21ec9d7f5295ff0fe\">\u00c9 verdade que Deus lhe deu o dom do livre arb\u00edtrio por um bom motivo. Bons pais protegem seus filhos, mas d\u00e3o a eles a liberdade de adquirir suas pr\u00f3prias experi\u00eancias, cometer seus pr\u00f3prios erros e seguir seu pr\u00f3prio caminho. Somente assim eles poder\u00e3o se tornar adultos independentes, respons\u00e1veis e maduros, com os p\u00e9s no ch\u00e3o. Essa tamb\u00e9m \u00e9 a raz\u00e3o pela qual Deus, nosso Pai celestial, deu a n\u00f3s humanos o livre arb\u00edtrio. Isso nos permite fazer experi\u00eancias e cometer erros com os quais podemos aprender e, por fim, crescer e amadurecer.<\/p>\n\n\n\n<p class=\"has-black-color has-text-color has-link-color has-small-font-size wp-elements-f253ea7c616e131ebfceb31423713a3c\">Isso nos permite compreender nossa verdadeira natureza celestial e a natureza de Deus. Mas o uso mais elevado e nobre de nosso livre-arb\u00edtrio ocorre no final da realiza\u00e7\u00e3o. \u00c9 quando decidimos, livre e conscientemente, deixar de lado todos os nossos desejos pessoais, necessidades, medos e todo o nosso ego e nos submetermos completamente \u00e0 vontade de Deus. Pois quando estivermos dispostos a fazer isso, tamb\u00e9m perceberemos que n\u00e3o precisamos temer nada nem ningu\u00e9m se nos confiarmos completamente a Deus. Perceberemos tamb\u00e9m que, embora quase nunca consigamos o que queremos e imaginamos, sempre obtemos exatamente o que \u00e9 realmente bom para n\u00f3s. Nosso pequeno ego s\u00f3 pensa que sabe o que \u00e9 bom para n\u00f3s e o que precisamos, mas Deus realmente sabe.<\/p>\n\n\n\n<p class=\"has-black-color has-text-color has-link-color has-small-font-size wp-elements-1df192271b3155a3e6887f0135c1483e\">Confie em Deus, nosso Pai celestial, e nunca mais erraremos. N\u00e3o importa qu\u00e3o dif\u00edcil e rochoso seja o caminho que Ele nos mostra, n\u00e3o importa qu\u00e3o duras e injustas possam parecer as li\u00e7\u00f5es e prova\u00e7\u00f5es que Ele nos imp\u00f5e, Ele faz com que tudo aconte\u00e7a para o nosso bem. Deus v\u00ea o quadro completo, n\u00f3s vemos apenas uma pequena parte dele. E, no final do caminho, cada um de n\u00f3s se ajoelhar\u00e1 por vontade pr\u00f3pria e dir\u00e1: \u201cObrigado, Pai, por tudo o que fez por mim. Obrigado por nunca me decepcionar. Em tempos de tempestade e prova\u00e7\u00f5es dif\u00edceis, quando eu tamb\u00e9m comecei a insult\u00e1-lo, a amaldi\u00e7o\u00e1-lo e a ignorar sua exist\u00eancia, o senhor nunca soltou minha m\u00e3o. E mesmo quando eu o abandonei, voc\u00ea permaneceu firme ao meu lado, protegendo-me, at\u00e9 de mim mesmo. Na verdade, agora reconhe\u00e7o sua bondade e miseric\u00f3rdia e qu\u00e3o infinitamente grande \u00e9 seu amor por mim e por todas as suas criaturas. De agora em diante, que n\u00e3o seja feita a minha vontade, mas a sua, para o bem de todos os seres do universo!<\/p>\n\n\n\n<p><em>Daniela M.<\/em><\/p>\n<\/div><\/div>\n\n\n\n<div class=\"wp-block-uagb-container uagb-block-4cd81c12 alignfull uagb-is-root-container\"><div class=\"uagb-container-inner-blocks-wrap\"><\/div><\/div>\n\n\n\n<div class=\"wp-block-uagb-container uagb-block-24c0c04c alignfull uagb-is-root-container\"><div class=\"uagb-container-inner-blocks-wrap\"><\/div><\/div>","protected":false},"excerpt":{"rendered":"<p>Libre albedr\u00edo Llevo varios d\u00edas escuchando una y otra vez este tema del libre albedr\u00edo. Es cierto que Dios te dio el don del libre albedr\u00edo por una buena raz\u00f3n. Los buenos padres protegen a sus hijos, pero les dan la libertad de adquirir sus propias experiencias, cometer sus propios errores y seguir su propio [&hellip;]<\/p>","protected":false},"author":1,"featured_media":0,"parent":0,"menu_order":0,"comment_status":"closed","ping_status":"closed","template":"","meta":{"_uag_custom_page_level_css":"","site-sidebar-layout":"default","site-content-layout":"","ast-site-content-layout":"default","site-content-style":"default","site-sidebar-style":"default","ast-global-header-display":"","ast-banner-title-visibility":"","ast-main-header-display":"","ast-hfb-above-header-display":"","ast-hfb-below-header-display":"","ast-hfb-mobile-header-display":"","site-post-title":"disabled","ast-breadcrumbs-content":"","ast-featured-img":"","footer-sml-layout":"","theme-transparent-header-meta":"","adv-header-id-meta":"","stick-header-meta":"","header-above-stick-meta":"","header-main-stick-meta":"","header-below-stick-meta":"","astra-migrate-meta-layouts":"set","ast-page-background-enabled":"default","ast-page-background-meta":{"desktop":{"background-color":"var(--ast-global-color-4)","background-image":"","background-repeat":"repeat","background-position":"center center","background-size":"auto","background-attachment":"scroll","background-type":"","background-media":"","overlay-type":"","overlay-color":"","overlay-opacity":"","overlay-gradient":""},"tablet":{"background-color":"","background-image":"","background-repeat":"repeat","background-position":"center center","background-size":"auto","background-attachment":"scroll","background-type":"","background-media":"","overlay-type":"","overlay-color":"","overlay-opacity":"","overlay-gradient":""},"mobile":{"background-color":"","background-image":"","background-repeat":"repeat","background-position":"center center","background-size":"auto","background-attachment":"scroll","background-type":"","background-media":"","overlay-type":"","overlay-color":"","overlay-opacity":"","overlay-gradient":""}},"ast-content-background-meta":{"desktop":{"background-color":"var(--ast-global-color-5)","background-image":"","background-repeat":"repeat","background-position":"center center","background-size":"auto","background-attachment":"scroll","background-type":"","background-media":"","overlay-type":"","overlay-color":"","overlay-opacity":"","overlay-gradient":""},"tablet":{"background-color":"var(--ast-global-color-5)","background-image":"","background-repeat":"repeat","background-position":"center center","background-size":"auto","background-attachment":"scroll","background-type":"","background-media":"","overlay-type":"","overlay-color":"","overlay-opacity":"","overlay-gradient":""},"mobile":{"background-color":"var(--ast-global-color-5)","background-image":"","background-repeat":"repeat","background-position":"center center","background-size":"auto","background-attachment":"scroll","background-type":"","background-media":"","overlay-type":"","overlay-color":"","overlay-opacity":"","overlay-gradient":""}},"footnotes":""},"class_list":["post-5213","page","type-page","status-publish","hentry"],"yoast_head":"<!-- This site is optimized with the Yoast SEO Premium plugin v24.2 (Yoast SEO v24.6) - https:\/\/yoast.com\/wordpress\/plugins\/seo\/ -->\n<title>Libre albedr\u00edo. - Uni\u00f3n Esp\u00edrita<\/title>\n<meta name=\"robots\" content=\"index, follow, max-snippet:-1, max-image-preview:large, max-video-preview:-1\" \/>\n<link rel=\"canonical\" href=\"https:\/\/nuevo-renacer.com\/pt\/daniela-m-el-libre-albedrio\/\" \/>\n<meta property=\"og:locale\" content=\"pt_BR\" \/>\n<meta property=\"og:type\" content=\"article\" \/>\n<meta property=\"og:title\" content=\"Libre albedr\u00edo.\" \/>\n<meta property=\"og:description\" content=\"Libre albedr\u00edo Llevo varios d\u00edas escuchando una y otra vez este tema del libre albedr\u00edo. Es cierto que Dios te dio el don del libre albedr\u00edo por una buena raz\u00f3n. Los buenos padres protegen a sus hijos, pero les dan la libertad de adquirir sus propias experiencias, cometer sus propios errores y seguir su propio [&hellip;]\" \/>\n<meta property=\"og:url\" content=\"https:\/\/nuevo-renacer.com\/pt\/daniela-m-el-libre-albedrio\/\" \/>\n<meta property=\"og:site_name\" content=\"Uni\u00f3n Esp\u00edrita\" \/>\n<meta property=\"article:publisher\" content=\"https:\/\/www.facebook.com\/groups\/3431398063740829\" \/>\n<meta property=\"article:modified_time\" content=\"2024-10-10T14:33:12+00:00\" \/>\n<meta property=\"og:image\" content=\"https:\/\/nuevo-renacer.com\/wp-content\/uploads\/2024\/10\/libre-albedrio.jpg\" \/>\n<meta name=\"twitter:card\" content=\"summary_large_image\" \/>\n<meta name=\"twitter:label1\" content=\"Est. tempo de leitura\" \/>\n\t<meta name=\"twitter:data1\" content=\"3 minutos\" \/>\n<script type=\"application\/ld+json\" class=\"yoast-schema-graph\">{\"@context\":\"https:\/\/schema.org\",\"@graph\":[{\"@type\":\"WebPage\",\"@id\":\"https:\/\/nuevo-renacer.com\/daniela-m-el-libre-albedrio\/\",\"url\":\"https:\/\/nuevo-renacer.com\/daniela-m-el-libre-albedrio\/\",\"name\":\"Libre albedr\u00edo. - Uni\u00f3n Esp\u00edrita\",\"isPartOf\":{\"@id\":\"https:\/\/nuevo-renacer.com\/#website\"},\"primaryImageOfPage\":{\"@id\":\"https:\/\/nuevo-renacer.com\/daniela-m-el-libre-albedrio\/#primaryimage\"},\"image\":{\"@id\":\"https:\/\/nuevo-renacer.com\/daniela-m-el-libre-albedrio\/#primaryimage\"},\"thumbnailUrl\":\"https:\/\/nuevo-renacer.com\/wp-content\/uploads\/2024\/10\/libre-albedrio.jpg\",\"datePublished\":\"2024-10-07T05:51:02+00:00\",\"dateModified\":\"2024-10-10T14:33:12+00:00\",\"breadcrumb\":{\"@id\":\"https:\/\/nuevo-renacer.com\/daniela-m-el-libre-albedrio\/#breadcrumb\"},\"inLanguage\":\"pt-BR\",\"potentialAction\":[{\"@type\":\"ReadAction\",\"target\":[\"https:\/\/nuevo-renacer.com\/daniela-m-el-libre-albedrio\/\"]}]},{\"@type\":\"ImageObject\",\"inLanguage\":\"pt-BR\",\"@id\":\"https:\/\/nuevo-renacer.com\/daniela-m-el-libre-albedrio\/#primaryimage\",\"url\":\"https:\/\/nuevo-renacer.com\/wp-content\/uploads\/2024\/10\/libre-albedrio.jpg\",\"contentUrl\":\"https:\/\/nuevo-renacer.com\/wp-content\/uploads\/2024\/10\/libre-albedrio.jpg\"},{\"@type\":\"BreadcrumbList\",\"@id\":\"https:\/\/nuevo-renacer.com\/daniela-m-el-libre-albedrio\/#breadcrumb\",\"itemListElement\":[{\"@type\":\"ListItem\",\"position\":1,\"name\":\"Startseite\",\"item\":\"https:\/\/nuevo-renacer.com\/\"},{\"@type\":\"ListItem\",\"position\":2,\"name\":\"Libre albedr\u00edo.\"}]},{\"@type\":\"WebSite\",\"@id\":\"https:\/\/nuevo-renacer.com\/#website\",\"url\":\"https:\/\/nuevo-renacer.com\/\",\"name\":\"Uni\u00f3n Esp\u00edrita\",\"description\":\"Nuevo Renacer\",\"publisher\":{\"@id\":\"https:\/\/nuevo-renacer.com\/#organization\"},\"potentialAction\":[{\"@type\":\"SearchAction\",\"target\":{\"@type\":\"EntryPoint\",\"urlTemplate\":\"https:\/\/nuevo-renacer.com\/?s={search_term_string}\"},\"query-input\":{\"@type\":\"PropertyValueSpecification\",\"valueRequired\":true,\"valueName\":\"search_term_string\"}}],\"inLanguage\":\"pt-BR\"},{\"@type\":\"Organization\",\"@id\":\"https:\/\/nuevo-renacer.com\/#organization\",\"name\":\"UFEC\",\"url\":\"https:\/\/nuevo-renacer.com\/\",\"logo\":{\"@type\":\"ImageObject\",\"inLanguage\":\"pt-BR\",\"@id\":\"https:\/\/nuevo-renacer.com\/#\/schema\/logo\/image\/\",\"url\":\"https:\/\/nuevo-renacer.com\/wp-content\/uploads\/2024\/05\/cropped-LOGO-TERMINADO1-3-3.png\",\"contentUrl\":\"https:\/\/nuevo-renacer.com\/wp-content\/uploads\/2024\/05\/cropped-LOGO-TERMINADO1-3-3.png\",\"width\":512,\"height\":512,\"caption\":\"UFEC\"},\"image\":{\"@id\":\"https:\/\/nuevo-renacer.com\/#\/schema\/logo\/image\/\"},\"sameAs\":[\"https:\/\/www.facebook.com\/groups\/3431398063740829\"]}]}<\/script>\n<!-- \/ Yoast SEO Premium plugin. -->","yoast_head_json":{"title":"Libre albedr\u00edo. - Uni\u00f3n Esp\u00edrita","robots":{"index":"index","follow":"follow","max-snippet":"max-snippet:-1","max-image-preview":"max-image-preview:large","max-video-preview":"max-video-preview:-1"},"canonical":"https:\/\/nuevo-renacer.com\/pt\/daniela-m-el-libre-albedrio\/","og_locale":"pt_BR","og_type":"article","og_title":"Libre albedr\u00edo.","og_description":"Libre albedr\u00edo Llevo varios d\u00edas escuchando una y otra vez este tema del libre albedr\u00edo. Es cierto que Dios te dio el don del libre albedr\u00edo por una buena raz\u00f3n. Los buenos padres protegen a sus hijos, pero les dan la libertad de adquirir sus propias experiencias, cometer sus propios errores y seguir su propio [&hellip;]","og_url":"https:\/\/nuevo-renacer.com\/pt\/daniela-m-el-libre-albedrio\/","og_site_name":"Uni\u00f3n Esp\u00edrita","article_publisher":"https:\/\/www.facebook.com\/groups\/3431398063740829","article_modified_time":"2024-10-10T14:33:12+00:00","og_image":[{"url":"https:\/\/nuevo-renacer.com\/wp-content\/uploads\/2024\/10\/libre-albedrio.jpg","type":"","width":"","height":""}],"twitter_card":"summary_large_image","twitter_misc":{"Est. tempo de leitura":"3 minutos"},"schema":{"@context":"https:\/\/schema.org","@graph":[{"@type":"WebPage","@id":"https:\/\/nuevo-renacer.com\/daniela-m-el-libre-albedrio\/","url":"https:\/\/nuevo-renacer.com\/daniela-m-el-libre-albedrio\/","name":"Libre albedr\u00edo. - Uni\u00f3n Esp\u00edrita","isPartOf":{"@id":"https:\/\/nuevo-renacer.com\/#website"},"primaryImageOfPage":{"@id":"https:\/\/nuevo-renacer.com\/daniela-m-el-libre-albedrio\/#primaryimage"},"image":{"@id":"https:\/\/nuevo-renacer.com\/daniela-m-el-libre-albedrio\/#primaryimage"},"thumbnailUrl":"https:\/\/nuevo-renacer.com\/wp-content\/uploads\/2024\/10\/libre-albedrio.jpg","datePublished":"2024-10-07T05:51:02+00:00","dateModified":"2024-10-10T14:33:12+00:00","breadcrumb":{"@id":"https:\/\/nuevo-renacer.com\/daniela-m-el-libre-albedrio\/#breadcrumb"},"inLanguage":"pt-BR","potentialAction":[{"@type":"ReadAction","target":["https:\/\/nuevo-renacer.com\/daniela-m-el-libre-albedrio\/"]}]},{"@type":"ImageObject","inLanguage":"pt-BR","@id":"https:\/\/nuevo-renacer.com\/daniela-m-el-libre-albedrio\/#primaryimage","url":"https:\/\/nuevo-renacer.com\/wp-content\/uploads\/2024\/10\/libre-albedrio.jpg","contentUrl":"https:\/\/nuevo-renacer.com\/wp-content\/uploads\/2024\/10\/libre-albedrio.jpg"},{"@type":"BreadcrumbList","@id":"https:\/\/nuevo-renacer.com\/daniela-m-el-libre-albedrio\/#breadcrumb","itemListElement":[{"@type":"ListItem","position":1,"name":"Startseite","item":"https:\/\/nuevo-renacer.com\/"},{"@type":"ListItem","position":2,"name":"Libre albedr\u00edo."}]},{"@type":"WebSite","@id":"https:\/\/nuevo-renacer.com\/#website","url":"https:\/\/nuevo-renacer.com\/","name":"Uni\u00f3n Esp\u00edrita","description":"Nuevo Renacer","publisher":{"@id":"https:\/\/nuevo-renacer.com\/#organization"},"potentialAction":[{"@type":"SearchAction","target":{"@type":"EntryPoint","urlTemplate":"https:\/\/nuevo-renacer.com\/?s={search_term_string}"},"query-input":{"@type":"PropertyValueSpecification","valueRequired":true,"valueName":"search_term_string"}}],"inLanguage":"pt-BR"},{"@type":"Organization","@id":"https:\/\/nuevo-renacer.com\/#organization","name":"UFEC","url":"https:\/\/nuevo-renacer.com\/","logo":{"@type":"ImageObject","inLanguage":"pt-BR","@id":"https:\/\/nuevo-renacer.com\/#\/schema\/logo\/image\/","url":"https:\/\/nuevo-renacer.com\/wp-content\/uploads\/2024\/05\/cropped-LOGO-TERMINADO1-3-3.png","contentUrl":"https:\/\/nuevo-renacer.com\/wp-content\/uploads\/2024\/05\/cropped-LOGO-TERMINADO1-3-3.png","width":512,"height":512,"caption":"UFEC"},"image":{"@id":"https:\/\/nuevo-renacer.com\/#\/schema\/logo\/image\/"},"sameAs":["https:\/\/www.facebook.com\/groups\/3431398063740829"]}]}},"uagb_featured_image_src":{"full":false,"thumbnail":false,"medium":false,"medium_large":false,"large":false,"1536x1536":false,"2048x2048":false,"trp-custom-language-flag":false},"uagb_author_info":{"display_name":"adbv0","author_link":"https:\/\/nuevo-renacer.com\/pt\/author\/adbv0\/"},"uagb_comment_info":0,"uagb_excerpt":"Libre albedr\u00edo Llevo varios d\u00edas escuchando una y otra vez este tema del libre albedr\u00edo. Es cierto que Dios te dio el don del libre albedr\u00edo por una buena raz\u00f3n. Los buenos padres protegen a sus hijos, pero les dan la libertad de adquirir sus propias experiencias, cometer sus propios errores y seguir su propio&hellip;","jetpack_sharing_enabled":true,"_links":{"self":[{"href":"https:\/\/nuevo-renacer.com\/pt\/wp-json\/wp\/v2\/pages\/5213","targetHints":{"allow":["GET"]}}],"collection":[{"href":"https:\/\/nuevo-renacer.com\/pt\/wp-json\/wp\/v2\/pages"}],"about":[{"href":"https:\/\/nuevo-renacer.com\/pt\/wp-json\/wp\/v2\/types\/page"}],"author":[{"embeddable":true,"href":"https:\/\/nuevo-renacer.com\/pt\/wp-json\/wp\/v2\/users\/1"}],"replies":[{"embeddable":true,"href":"https:\/\/nuevo-renacer.com\/pt\/wp-json\/wp\/v2\/comments?post=5213"}],"version-history":[{"count":5,"href":"https:\/\/nuevo-renacer.com\/pt\/wp-json\/wp\/v2\/pages\/5213\/revisions"}],"predecessor-version":[{"id":5508,"href":"https:\/\/nuevo-renacer.com\/pt\/wp-json\/wp\/v2\/pages\/5213\/revisions\/5508"}],"wp:attachment":[{"href":"https:\/\/nuevo-renacer.com\/pt\/wp-json\/wp\/v2\/media?parent=5213"}],"curies":[{"name":"wp","href":"https:\/\/api.w.org\/{rel}","templated":true}]}}