{"id":5199,"date":"2024-10-03T17:30:18","date_gmt":"2024-10-03T17:30:18","guid":{"rendered":"https:\/\/nuevo-renacer.com\/?page_id=5199"},"modified":"2024-10-10T14:31:49","modified_gmt":"2024-10-10T14:31:49","slug":"daniela-m-acerca-del-suicidio","status":"publish","type":"page","link":"https:\/\/nuevo-renacer.com\/pt\/daniela-m-acerca-del-suicidio\/","title":{"rendered":"Sobre o suic\u00eddio"},"content":{"rendered":"<div class=\"wp-block-uagb-container uagb-block-88c3add5 alignfull uagb-is-root-container\"><div class=\"uagb-container-inner-blocks-wrap\">\n<p class=\"has-black-color has-text-color has-link-color has-medium-font-size wp-elements-fe012c5e274e3842c8cf5c470e919fe5\"><strong>Sobre o suic\u00eddio<\/strong><\/p>\n<\/div><\/div>\n\n\n\n<div class=\"wp-block-uagb-container uagb-block-21afdb3d alignfull uagb-is-root-container\"><div class=\"uagb-container-inner-blocks-wrap\">\n<figure class=\"wp-block-image size-full is-resized\"><img fetchpriority=\"high\" decoding=\"async\" width=\"361\" height=\"259\" src=\"https:\/\/nuevo-renacer.com\/wp-content\/uploads\/2024\/10\/illustration-man-free-fall-surreal-260nw-2332925961-edited.webp\" alt=\"\" class=\"wp-image-5195\" style=\"width:347px;height:auto\" srcset=\"https:\/\/nuevo-renacer.com\/wp-content\/uploads\/2024\/10\/illustration-man-free-fall-surreal-260nw-2332925961-edited.webp 361w, https:\/\/nuevo-renacer.com\/wp-content\/uploads\/2024\/10\/illustration-man-free-fall-surreal-260nw-2332925961-edited-300x215.webp 300w, https:\/\/nuevo-renacer.com\/wp-content\/uploads\/2024\/10\/illustration-man-free-fall-surreal-260nw-2332925961-edited-18x12.webp 18w\" sizes=\"(max-width: 361px) 100vw, 361px\" \/><\/figure>\n<\/div><\/div>\n\n\n\n<div class=\"wp-block-uagb-container uagb-block-4e4cd0ee alignfull uagb-is-root-container\"><div class=\"uagb-container-inner-blocks-wrap\">\n<p class=\"has-black-color has-text-color has-link-color has-small-font-size wp-elements-64f72341e7a03a0103e289a1c7033176\">O suic\u00eddio \u00e9 permitido ou proibido, \u00e9 pun\u00edvel ou n\u00e3o? Afinal, existe o livre-arb\u00edtrio, e se o suic\u00eddio faz parte de um plano da alma? Ent\u00e3o ele \u00e9 permitido.<\/p>\n\n\n\n<p class=\"has-black-color has-text-color has-link-color has-small-font-size wp-elements-8bb7d4b7067a30ce5accf053323dee90\"><strong>Resposta: <\/strong><\/p>\n\n\n\n<p class=\"has-black-color has-text-color has-link-color has-small-font-size wp-elements-958554ba4ce32a4ad3fc2fb39d84d6b1\">\u00c9 verdade que Deus deu aos homens o livre-arb\u00edtrio, mas considere o seguinte: voc\u00eas, humanos, n\u00e3o encarnaram na Terra para seu pr\u00f3prio prazer. Voc\u00eas est\u00e3o na Terra para expiar os erros de suas vidas passadas e aprender com eles, com o objetivo divino de sua perfei\u00e7\u00e3o e reden\u00e7\u00e3o do ciclo de reencarna\u00e7\u00f5es. Portanto, a Terra \u00e9 uma esp\u00e9cie de grande escola para esp\u00edritos imperfeitos. Vamos agora fazer uma compara\u00e7\u00e3o entre a grande \u201cescola da Terra\u201d e suas escolas para crian\u00e7as. Assim como o grande objetivo do plano da escola da Terra \u00e9 que elas se formem na escola para que possam ter melhores oportunidades de carreira na vida, o grande objetivo do seu \u201cplano da alma\u201d, como voc\u00eas o chamam, \u00e9 a perfei\u00e7\u00e3o e a salva\u00e7\u00e3o.<\/p>\n\n\n\n<p class=\"has-black-color has-text-color has-link-color has-small-font-size wp-elements-8f808c4e5392493c693778aa7cc7b960\">No entanto, o plano escolar n\u00e3o diz que voc\u00ea deve abandonar a escola antes da formatura porque n\u00e3o quer ou porque o material e os exames s\u00e3o muito dif\u00edceis para voc\u00ea. \u00c9 claro que voc\u00ea \u00e9 livre para fazer isso depois de certa idade. H\u00e1 muitos desistentes entre voc\u00eas. E, \u00e0 primeira vista, esse caminho parece ser o mais f\u00e1cil, mas \u00e9 uma ilus\u00e3o enganosa. Na realidade, voc\u00ea ter\u00e1 de pagar por esse caminho supostamente f\u00e1cil com consequ\u00eancias posteriores. E o mesmo vale para o suic\u00eddio. Sim, voc\u00ea \u00e9 livre por Deus para encurtar sua vida. Mas n\u00e3o conseguir\u00e1 atingir seu objetivo de escapar das tribula\u00e7\u00f5es terrenas e das li\u00e7\u00f5es divinas que elas cont\u00eam da maneira mais f\u00e1cil poss\u00edvel. Suas almas est\u00e3o, por assim dizer, programadas com a necessidade urgente de se aperfei\u00e7oar. Mas isso s\u00f3 \u00e9 poss\u00edvel por meio da reencarna\u00e7\u00e3o e de suas prova\u00e7\u00f5es e li\u00e7\u00f5es. Portanto, mais cedo ou mais tarde, voc\u00eas retornar\u00e3o voluntariamente \u00e0 Terra ou a outro planeta adequado para atingir seu grande objetivo. Ele ter\u00e1 de recuperar todas as li\u00e7\u00f5es, \u00e0s vezes em circunst\u00e2ncias ainda mais dif\u00edceis, o que n\u00e3o deve ser entendido como um castigo de Deus, mas como uma li\u00e7\u00e3o adicional.<\/p>\n\n\n\n<p class=\"has-black-color has-text-color has-link-color has-small-font-size wp-elements-8962a79e3ba473daf90ecf4f910ca0ed\"><strong>Conclus\u00e3o: <\/strong>Sim, todos s\u00e3o livres para cometer suic\u00eddio. Mas o suic\u00eddio n\u00e3o \u00e9 sin\u00f4nimo de carta branca. Ele ter\u00e1 suas consequ\u00eancias, pois, para as almas, a estagna\u00e7\u00e3o em seu desenvolvimento \u00e9 agonizante a longo prazo. E, nesse sentido, sim, voc\u00eas mesmos s\u00e3o respons\u00e1veis por seu destino futuro e suas consequ\u00eancias.<\/p>\n\n\n\n<p><em>Daniela M.<\/em><\/p>\n<\/div><\/div>\n\n\n\n<div class=\"wp-block-uagb-container uagb-block-a2302b25 alignfull uagb-is-root-container\"><div class=\"uagb-container-inner-blocks-wrap\"><\/div><\/div>\n\n\n\n<div class=\"wp-block-uagb-container uagb-block-6048f485 alignfull uagb-is-root-container\"><div class=\"uagb-container-inner-blocks-wrap\"><\/div><\/div>","protected":false},"excerpt":{"rendered":"<p>Acerca del suicidio \u00bfEst\u00e1 permitido o prohibido el suicidio? \u00bfSe castiga o no? Despu\u00e9s de todo \u00bfexiste el libre albedr\u00edo? \u00bfY si el suicidio forma parte de un plan del alma? Entonces est\u00e1 permitido. Respuesta: Es cierto que Dios dio a los hombres el libre albedr\u00edo, pero consideren esto: Ustedes los humanos no est\u00e1n encarnados [&hellip;]<\/p>","protected":false},"author":1,"featured_media":0,"parent":0,"menu_order":0,"comment_status":"closed","ping_status":"closed","template":"","meta":{"_uag_custom_page_level_css":"","site-sidebar-layout":"default","site-content-layout":"","ast-site-content-layout":"default","site-content-style":"default","site-sidebar-style":"default","ast-global-header-display":"","ast-banner-title-visibility":"","ast-main-header-display":"","ast-hfb-above-header-display":"","ast-hfb-below-header-display":"","ast-hfb-mobile-header-display":"","site-post-title":"disabled","ast-breadcrumbs-content":"","ast-featured-img":"","footer-sml-layout":"","theme-transparent-header-meta":"","adv-header-id-meta":"","stick-header-meta":"","header-above-stick-meta":"","header-main-stick-meta":"","header-below-stick-meta":"","astra-migrate-meta-layouts":"set","ast-page-background-enabled":"default","ast-page-background-meta":{"desktop":{"background-color":"var(--ast-global-color-4)","background-image":"","background-repeat":"repeat","background-position":"center center","background-size":"auto","background-attachment":"scroll","background-type":"","background-media":"","overlay-type":"","overlay-color":"","overlay-opacity":"","overlay-gradient":""},"tablet":{"background-color":"","background-image":"","background-repeat":"repeat","background-position":"center center","background-size":"auto","background-attachment":"scroll","background-type":"","background-media":"","overlay-type":"","overlay-color":"","overlay-opacity":"","overlay-gradient":""},"mobile":{"background-color":"","background-image":"","background-repeat":"repeat","background-position":"center center","background-size":"auto","background-attachment":"scroll","background-type":"","background-media":"","overlay-type":"","overlay-color":"","overlay-opacity":"","overlay-gradient":""}},"ast-content-background-meta":{"desktop":{"background-color":"var(--ast-global-color-5)","background-image":"","background-repeat":"repeat","background-position":"center center","background-size":"auto","background-attachment":"scroll","background-type":"","background-media":"","overlay-type":"","overlay-color":"","overlay-opacity":"","overlay-gradient":""},"tablet":{"background-color":"var(--ast-global-color-5)","background-image":"","background-repeat":"repeat","background-position":"center center","background-size":"auto","background-attachment":"scroll","background-type":"","background-media":"","overlay-type":"","overlay-color":"","overlay-opacity":"","overlay-gradient":""},"mobile":{"background-color":"var(--ast-global-color-5)","background-image":"","background-repeat":"repeat","background-position":"center center","background-size":"auto","background-attachment":"scroll","background-type":"","background-media":"","overlay-type":"","overlay-color":"","overlay-opacity":"","overlay-gradient":""}},"footnotes":""},"class_list":["post-5199","page","type-page","status-publish","hentry"],"yoast_head":"<!-- This site is optimized with the Yoast SEO Premium plugin v24.2 (Yoast SEO v24.6) - https:\/\/yoast.com\/wordpress\/plugins\/seo\/ -->\n<title>Acerca del suicidio - Uni\u00f3n Esp\u00edrita<\/title>\n<meta name=\"robots\" content=\"index, follow, max-snippet:-1, max-image-preview:large, max-video-preview:-1\" \/>\n<link rel=\"canonical\" href=\"https:\/\/nuevo-renacer.com\/pt\/daniela-m-acerca-del-suicidio\/\" \/>\n<meta property=\"og:locale\" content=\"pt_BR\" \/>\n<meta property=\"og:type\" content=\"article\" \/>\n<meta property=\"og:title\" content=\"Acerca del suicidio\" \/>\n<meta property=\"og:description\" content=\"Acerca del suicidio \u00bfEst\u00e1 permitido o prohibido el suicidio? \u00bfSe castiga o no? Despu\u00e9s de todo \u00bfexiste el libre albedr\u00edo? \u00bfY si el suicidio forma parte de un plan del alma? Entonces est\u00e1 permitido. Respuesta: Es cierto que Dios dio a los hombres el libre albedr\u00edo, pero consideren esto: Ustedes los humanos no est\u00e1n encarnados [&hellip;]\" \/>\n<meta property=\"og:url\" content=\"https:\/\/nuevo-renacer.com\/pt\/daniela-m-acerca-del-suicidio\/\" \/>\n<meta property=\"og:site_name\" content=\"Uni\u00f3n Esp\u00edrita\" \/>\n<meta property=\"article:publisher\" content=\"https:\/\/www.facebook.com\/groups\/3431398063740829\" \/>\n<meta property=\"article:modified_time\" content=\"2024-10-10T14:31:49+00:00\" \/>\n<meta property=\"og:image\" content=\"https:\/\/nuevo-renacer.com\/wp-content\/uploads\/2024\/10\/illustration-man-free-fall-surreal-260nw-2332925961-edited.webp\" \/>\n<meta name=\"twitter:card\" content=\"summary_large_image\" \/>\n<meta name=\"twitter:label1\" content=\"Est. tempo de leitura\" \/>\n\t<meta name=\"twitter:data1\" content=\"3 minutos\" \/>\n<script type=\"application\/ld+json\" class=\"yoast-schema-graph\">{\"@context\":\"https:\/\/schema.org\",\"@graph\":[{\"@type\":\"WebPage\",\"@id\":\"https:\/\/nuevo-renacer.com\/daniela-m-acerca-del-suicidio\/\",\"url\":\"https:\/\/nuevo-renacer.com\/daniela-m-acerca-del-suicidio\/\",\"name\":\"Acerca del suicidio - Uni\u00f3n Esp\u00edrita\",\"isPartOf\":{\"@id\":\"https:\/\/nuevo-renacer.com\/#website\"},\"primaryImageOfPage\":{\"@id\":\"https:\/\/nuevo-renacer.com\/daniela-m-acerca-del-suicidio\/#primaryimage\"},\"image\":{\"@id\":\"https:\/\/nuevo-renacer.com\/daniela-m-acerca-del-suicidio\/#primaryimage\"},\"thumbnailUrl\":\"https:\/\/nuevo-renacer.com\/wp-content\/uploads\/2024\/10\/illustration-man-free-fall-surreal-260nw-2332925961-edited.webp\",\"datePublished\":\"2024-10-03T17:30:18+00:00\",\"dateModified\":\"2024-10-10T14:31:49+00:00\",\"breadcrumb\":{\"@id\":\"https:\/\/nuevo-renacer.com\/daniela-m-acerca-del-suicidio\/#breadcrumb\"},\"inLanguage\":\"pt-BR\",\"potentialAction\":[{\"@type\":\"ReadAction\",\"target\":[\"https:\/\/nuevo-renacer.com\/daniela-m-acerca-del-suicidio\/\"]}]},{\"@type\":\"ImageObject\",\"inLanguage\":\"pt-BR\",\"@id\":\"https:\/\/nuevo-renacer.com\/daniela-m-acerca-del-suicidio\/#primaryimage\",\"url\":\"https:\/\/nuevo-renacer.com\/wp-content\/uploads\/2024\/10\/illustration-man-free-fall-surreal-260nw-2332925961-edited.webp\",\"contentUrl\":\"https:\/\/nuevo-renacer.com\/wp-content\/uploads\/2024\/10\/illustration-man-free-fall-surreal-260nw-2332925961-edited.webp\"},{\"@type\":\"BreadcrumbList\",\"@id\":\"https:\/\/nuevo-renacer.com\/daniela-m-acerca-del-suicidio\/#breadcrumb\",\"itemListElement\":[{\"@type\":\"ListItem\",\"position\":1,\"name\":\"Startseite\",\"item\":\"https:\/\/nuevo-renacer.com\/\"},{\"@type\":\"ListItem\",\"position\":2,\"name\":\"Acerca del suicidio\"}]},{\"@type\":\"WebSite\",\"@id\":\"https:\/\/nuevo-renacer.com\/#website\",\"url\":\"https:\/\/nuevo-renacer.com\/\",\"name\":\"Uni\u00f3n Esp\u00edrita\",\"description\":\"Nuevo Renacer\",\"publisher\":{\"@id\":\"https:\/\/nuevo-renacer.com\/#organization\"},\"potentialAction\":[{\"@type\":\"SearchAction\",\"target\":{\"@type\":\"EntryPoint\",\"urlTemplate\":\"https:\/\/nuevo-renacer.com\/?s={search_term_string}\"},\"query-input\":{\"@type\":\"PropertyValueSpecification\",\"valueRequired\":true,\"valueName\":\"search_term_string\"}}],\"inLanguage\":\"pt-BR\"},{\"@type\":\"Organization\",\"@id\":\"https:\/\/nuevo-renacer.com\/#organization\",\"name\":\"UFEC\",\"url\":\"https:\/\/nuevo-renacer.com\/\",\"logo\":{\"@type\":\"ImageObject\",\"inLanguage\":\"pt-BR\",\"@id\":\"https:\/\/nuevo-renacer.com\/#\/schema\/logo\/image\/\",\"url\":\"https:\/\/nuevo-renacer.com\/wp-content\/uploads\/2024\/05\/cropped-LOGO-TERMINADO1-3-3.png\",\"contentUrl\":\"https:\/\/nuevo-renacer.com\/wp-content\/uploads\/2024\/05\/cropped-LOGO-TERMINADO1-3-3.png\",\"width\":512,\"height\":512,\"caption\":\"UFEC\"},\"image\":{\"@id\":\"https:\/\/nuevo-renacer.com\/#\/schema\/logo\/image\/\"},\"sameAs\":[\"https:\/\/www.facebook.com\/groups\/3431398063740829\"]}]}<\/script>\n<!-- \/ Yoast SEO Premium plugin. -->","yoast_head_json":{"title":"Acerca del suicidio - Uni\u00f3n Esp\u00edrita","robots":{"index":"index","follow":"follow","max-snippet":"max-snippet:-1","max-image-preview":"max-image-preview:large","max-video-preview":"max-video-preview:-1"},"canonical":"https:\/\/nuevo-renacer.com\/pt\/daniela-m-acerca-del-suicidio\/","og_locale":"pt_BR","og_type":"article","og_title":"Acerca del suicidio","og_description":"Acerca del suicidio \u00bfEst\u00e1 permitido o prohibido el suicidio? \u00bfSe castiga o no? Despu\u00e9s de todo \u00bfexiste el libre albedr\u00edo? \u00bfY si el suicidio forma parte de un plan del alma? Entonces est\u00e1 permitido. Respuesta: Es cierto que Dios dio a los hombres el libre albedr\u00edo, pero consideren esto: Ustedes los humanos no est\u00e1n encarnados [&hellip;]","og_url":"https:\/\/nuevo-renacer.com\/pt\/daniela-m-acerca-del-suicidio\/","og_site_name":"Uni\u00f3n Esp\u00edrita","article_publisher":"https:\/\/www.facebook.com\/groups\/3431398063740829","article_modified_time":"2024-10-10T14:31:49+00:00","og_image":[{"url":"https:\/\/nuevo-renacer.com\/wp-content\/uploads\/2024\/10\/illustration-man-free-fall-surreal-260nw-2332925961-edited.webp","type":"","width":"","height":""}],"twitter_card":"summary_large_image","twitter_misc":{"Est. tempo de leitura":"3 minutos"},"schema":{"@context":"https:\/\/schema.org","@graph":[{"@type":"WebPage","@id":"https:\/\/nuevo-renacer.com\/daniela-m-acerca-del-suicidio\/","url":"https:\/\/nuevo-renacer.com\/daniela-m-acerca-del-suicidio\/","name":"Acerca del suicidio - Uni\u00f3n Esp\u00edrita","isPartOf":{"@id":"https:\/\/nuevo-renacer.com\/#website"},"primaryImageOfPage":{"@id":"https:\/\/nuevo-renacer.com\/daniela-m-acerca-del-suicidio\/#primaryimage"},"image":{"@id":"https:\/\/nuevo-renacer.com\/daniela-m-acerca-del-suicidio\/#primaryimage"},"thumbnailUrl":"https:\/\/nuevo-renacer.com\/wp-content\/uploads\/2024\/10\/illustration-man-free-fall-surreal-260nw-2332925961-edited.webp","datePublished":"2024-10-03T17:30:18+00:00","dateModified":"2024-10-10T14:31:49+00:00","breadcrumb":{"@id":"https:\/\/nuevo-renacer.com\/daniela-m-acerca-del-suicidio\/#breadcrumb"},"inLanguage":"pt-BR","potentialAction":[{"@type":"ReadAction","target":["https:\/\/nuevo-renacer.com\/daniela-m-acerca-del-suicidio\/"]}]},{"@type":"ImageObject","inLanguage":"pt-BR","@id":"https:\/\/nuevo-renacer.com\/daniela-m-acerca-del-suicidio\/#primaryimage","url":"https:\/\/nuevo-renacer.com\/wp-content\/uploads\/2024\/10\/illustration-man-free-fall-surreal-260nw-2332925961-edited.webp","contentUrl":"https:\/\/nuevo-renacer.com\/wp-content\/uploads\/2024\/10\/illustration-man-free-fall-surreal-260nw-2332925961-edited.webp"},{"@type":"BreadcrumbList","@id":"https:\/\/nuevo-renacer.com\/daniela-m-acerca-del-suicidio\/#breadcrumb","itemListElement":[{"@type":"ListItem","position":1,"name":"Startseite","item":"https:\/\/nuevo-renacer.com\/"},{"@type":"ListItem","position":2,"name":"Acerca del suicidio"}]},{"@type":"WebSite","@id":"https:\/\/nuevo-renacer.com\/#website","url":"https:\/\/nuevo-renacer.com\/","name":"Uni\u00f3n Esp\u00edrita","description":"Nuevo Renacer","publisher":{"@id":"https:\/\/nuevo-renacer.com\/#organization"},"potentialAction":[{"@type":"SearchAction","target":{"@type":"EntryPoint","urlTemplate":"https:\/\/nuevo-renacer.com\/?s={search_term_string}"},"query-input":{"@type":"PropertyValueSpecification","valueRequired":true,"valueName":"search_term_string"}}],"inLanguage":"pt-BR"},{"@type":"Organization","@id":"https:\/\/nuevo-renacer.com\/#organization","name":"UFEC","url":"https:\/\/nuevo-renacer.com\/","logo":{"@type":"ImageObject","inLanguage":"pt-BR","@id":"https:\/\/nuevo-renacer.com\/#\/schema\/logo\/image\/","url":"https:\/\/nuevo-renacer.com\/wp-content\/uploads\/2024\/05\/cropped-LOGO-TERMINADO1-3-3.png","contentUrl":"https:\/\/nuevo-renacer.com\/wp-content\/uploads\/2024\/05\/cropped-LOGO-TERMINADO1-3-3.png","width":512,"height":512,"caption":"UFEC"},"image":{"@id":"https:\/\/nuevo-renacer.com\/#\/schema\/logo\/image\/"},"sameAs":["https:\/\/www.facebook.com\/groups\/3431398063740829"]}]}},"uagb_featured_image_src":{"full":false,"thumbnail":false,"medium":false,"medium_large":false,"large":false,"1536x1536":false,"2048x2048":false,"trp-custom-language-flag":false},"uagb_author_info":{"display_name":"adbv0","author_link":"https:\/\/nuevo-renacer.com\/pt\/author\/adbv0\/"},"uagb_comment_info":0,"uagb_excerpt":"Acerca del suicidio \u00bfEst\u00e1 permitido o prohibido el suicidio? \u00bfSe castiga o no? Despu\u00e9s de todo \u00bfexiste el libre albedr\u00edo? \u00bfY si el suicidio forma parte de un plan del alma? Entonces est\u00e1 permitido. Respuesta: Es cierto que Dios dio a los hombres el libre albedr\u00edo, pero consideren esto: Ustedes los humanos no est\u00e1n encarnados&hellip;","jetpack_sharing_enabled":true,"_links":{"self":[{"href":"https:\/\/nuevo-renacer.com\/pt\/wp-json\/wp\/v2\/pages\/5199","targetHints":{"allow":["GET"]}}],"collection":[{"href":"https:\/\/nuevo-renacer.com\/pt\/wp-json\/wp\/v2\/pages"}],"about":[{"href":"https:\/\/nuevo-renacer.com\/pt\/wp-json\/wp\/v2\/types\/page"}],"author":[{"embeddable":true,"href":"https:\/\/nuevo-renacer.com\/pt\/wp-json\/wp\/v2\/users\/1"}],"replies":[{"embeddable":true,"href":"https:\/\/nuevo-renacer.com\/pt\/wp-json\/wp\/v2\/comments?post=5199"}],"version-history":[{"count":5,"href":"https:\/\/nuevo-renacer.com\/pt\/wp-json\/wp\/v2\/pages\/5199\/revisions"}],"predecessor-version":[{"id":5507,"href":"https:\/\/nuevo-renacer.com\/pt\/wp-json\/wp\/v2\/pages\/5199\/revisions\/5507"}],"wp:attachment":[{"href":"https:\/\/nuevo-renacer.com\/pt\/wp-json\/wp\/v2\/media?parent=5199"}],"curies":[{"name":"wp","href":"https:\/\/api.w.org\/{rel}","templated":true}]}}