{"id":5173,"date":"2024-10-01T12:03:26","date_gmt":"2024-10-01T12:03:26","guid":{"rendered":"https:\/\/nuevo-renacer.com\/?page_id=5173"},"modified":"2024-10-01T12:26:22","modified_gmt":"2024-10-01T12:26:22","slug":"la-sintesis-del-proceso-evolutivo","status":"publish","type":"page","link":"https:\/\/nuevo-renacer.com\/pt\/la-sintesis-del-proceso-evolutivo\/","title":{"rendered":"A s\u00edntese do processo evolutivo"},"content":{"rendered":"<div class=\"wp-block-uagb-container uagb-block-712080f3 alignfull uagb-is-root-container\"><div class=\"uagb-container-inner-blocks-wrap\">\n<p class=\"has-black-color has-text-color has-link-color has-medium-font-size wp-elements-d4660f81fdc474f236a851aa90d95fbb\"><strong>A s\u00edntese do processo evolutivo<\/strong><\/p>\n<\/div><\/div>\n\n\n\n<div class=\"wp-block-uagb-container uagb-block-98eeeb9c alignfull uagb-is-root-container\"><div class=\"uagb-container-inner-blocks-wrap\">\n<figure class=\"wp-block-image size-full is-resized\"><img fetchpriority=\"high\" decoding=\"async\" width=\"554\" height=\"350\" src=\"https:\/\/nuevo-renacer.com\/wp-content\/uploads\/2024\/10\/step_into_the_light_by_youngphoenix3191_d9vvvr9-350t.jpg\" alt=\"\" class=\"wp-image-5179\" style=\"width:396px;height:auto\" srcset=\"https:\/\/nuevo-renacer.com\/wp-content\/uploads\/2024\/10\/step_into_the_light_by_youngphoenix3191_d9vvvr9-350t.jpg 554w, https:\/\/nuevo-renacer.com\/wp-content\/uploads\/2024\/10\/step_into_the_light_by_youngphoenix3191_d9vvvr9-350t-300x190.jpg 300w, https:\/\/nuevo-renacer.com\/wp-content\/uploads\/2024\/10\/step_into_the_light_by_youngphoenix3191_d9vvvr9-350t-18x12.jpg 18w\" sizes=\"(max-width: 554px) 100vw, 554px\" \/><\/figure>\n<\/div><\/div>\n\n\n\n<div class=\"wp-block-uagb-container uagb-block-75f7fd58 alignfull uagb-is-root-container\"><div class=\"uagb-container-inner-blocks-wrap\">\n<p class=\"has-black-color has-text-color has-link-color has-small-font-size wp-elements-e78ee0116059f25bc1ee3653e9b8d2b6\">O esp\u00edrito em evolu\u00e7\u00e3o e resgatado \u00e9 colocado na sala de aula adequada, onde \u00e9 submetido a uma conviv\u00eancia ilimitada, da qual s\u00f3 sair\u00e1 quando cumprir os respectivos resgates e assimilar as li\u00e7\u00f5es ali contidas. Quanto mais r\u00e1pido ele aprender as li\u00e7\u00f5es que as circunst\u00e2ncias lhe prop\u00f5em e cumprir os resgates necess\u00e1rios, mais r\u00e1pido poder\u00e1 migrar para uma ou outra sala de aula em busca de novos aprendizados. Nesse contexto, o esp\u00edrito \u00e9 colocado no lugar certo, com as pessoas certas e no momento certo, onde participar\u00e1 de eventos individuais e coletivos, ajustados \u00e0s suas necessidades de expia\u00e7\u00e3o e prova.<\/p>\n\n\n\n<p class=\"has-black-color has-text-color has-link-color has-small-font-size wp-elements-e099ee9c2b75499d0bf56ce536629374\">Em cada ciclo evolutivo, ao longo dos s\u00e9culos e mil\u00eanios, cada uma dessas salas de aula ofereceu aos esp\u00edritos reencarnados um tipo espec\u00edfico de aprendizado, modelado pela cultura e pelos costumes predominantes em cada regi\u00e3o e em cada \u00e9poca. \u00c9 nessa transmigra\u00e7\u00e3o regional que os esp\u00edritos evolu\u00edram e continuam evoluindo na Terra, vivenciando oportunidades valiosas.<br>No mundo espiritual, os esp\u00edritos afins s\u00e3o atra\u00eddos para os planos vibracionais aos quais se conformam. No plano f\u00edsico, isso ocorre al\u00e9m das fronteiras e, portanto, na fase evolutiva em que nos encontramos, onde n\u00e3o h\u00e1 homogeneidade de sentimentos, as fronteiras ainda s\u00e3o necess\u00e1rias para unir as massas de esp\u00edritos afins. A Terra, embora tenha sido a m\u00e3e pr\u00f3diga e generosa suportando as agress\u00f5es de cada gera\u00e7\u00e3o de seus habitantes, neste final de s\u00e9culo, com a entrada do terceiro mil\u00eanio, tudo indica que ter\u00e1 de completar seu ciclo evolutivo na condi\u00e7\u00e3o de planeta de expia\u00e7\u00e3o e prova, entrando em um novo ciclo evolutivo, ao qual se referiu Jesus ao profetizar aos ap\u00f3stolos no mundo espiritual, consequentemente, a reorganiza\u00e7\u00e3o universal da humanidade ter\u00e1 de se efetivar atrav\u00e9s de grandes emigra\u00e7\u00f5es. A sele\u00e7\u00e3o natural dos esp\u00edritos, \u00e0 qual Jesus tamb\u00e9m se referiu, vem operando atrav\u00e9s do tempo e das leis de causa e efeito, reunindo dentro de limites territoriais as massas homog\u00eaneas, colocando-as em locais estrat\u00e9gicos onde os acontecimentos futuros facilitar\u00e3o as emigra\u00e7\u00f5es.<\/p>\n\n\n\n<p class=\"has-black-color has-text-color has-link-color has-small-font-size wp-elements-971488efd7dac533422c2d566e170e88\">Na Revista Esp\u00edrita, editada por Kardec em outubro de 1866, ele publicou sob o t\u00edtulo: \u201cAs instru\u00e7\u00f5es dos esp\u00edritos sobre a regenera\u00e7\u00e3o da humanidade\u201d, as informa\u00e7\u00f5es que foram recebidas em abril do mesmo ano, atrav\u00e9s do sonambulismo, pelos m\u00e9diuns conhecidos como Srs. M. e T., falando da reorganiza\u00e7\u00e3o dos esp\u00edritos, referindo-se \u00e0 transforma\u00e7\u00e3o moral da humanidade:<\/p>\n\n\n\n<p class=\"has-black-color has-text-color has-link-color has-small-font-size wp-elements-d7d0b31ce3c742359100578e74937f66\">\u201cQuando essa melhoria for isolada e individual, ela passar\u00e1 despercebida e n\u00e3o ter\u00e1 nenhuma influ\u00eancia ostensiva no mundo. O efeito ser\u00e1 diferente quando for operado simultaneamente em grandes massas. Mas ent\u00e3o, de acordo com as propor\u00e7\u00f5es, as ideias de um povo ou de uma ra\u00e7a podem ser profundamente modificadas em uma gera\u00e7\u00e3o. Isso \u00e9 o que quase sempre se nota ap\u00f3s os grandes tremores que dizimam popula\u00e7\u00f5es. Os flagelos destruidores destroem apenas o corpo; n\u00e3o atingem o esp\u00edrito; ativam o movimento de vai e vem entre o mundo corporal e o mundo espiritual e, consequentemente, o movimento progressivo dos esp\u00edritos encarnados e desencarnados. \u00c9 um desses movimentos gerais que est\u00e1 em a\u00e7\u00e3o neste momento e que deve determinar a reorganiza\u00e7\u00e3o da humanidade. A multiplicidade das causas da destrui\u00e7\u00e3o \u00e9 um sinal caracter\u00edstico dos tempos, pois elas devem apressar o surgimento dos novos germes....\u201d.<\/p>\n\n\n\n<p class=\"has-black-color has-text-color has-link-color has-small-font-size wp-elements-8d781baa2a8521059138abbdec11ba61\">Os esp\u00edritos, ao afirmarem a multiplicidade das causas da destrui\u00e7\u00e3o, sabiam que, no decorrer de mais algumas d\u00e9cadas, o homem iniciaria uma corrida armamentista que culminaria em um poder destrutivo imensur\u00e1vel. Isso sem mencionar os efeitos dos desequil\u00edbrios morais que, ao longo dos s\u00e9culos, moldaram um v\u00edrus astral que se corporificou em cada gera\u00e7\u00e3o, culminando em doen\u00e7as irrevers\u00edveis que desafiam a ci\u00eancia contempor\u00e2nea. N\u00e3o \u00e9 necess\u00e1rio ser um profeta ou adivinho para saber como esse processo ser\u00e1 desencadeado. Com o conhecimento das leis de causa e efeito, basta fazer uma an\u00e1lise do panorama que nos \u00e9 apresentado pelas diversas escolas e suas respectivas salas de aula e descobriremos de onde partir\u00e3o as grandes massas reprovadas, e de que forma. Antes de uma an\u00e1lise apressada, devemos entender que o status evolutivo das regi\u00f5es e dos pa\u00edses que as comp\u00f5em n\u00e3o pode ser medido apenas pelo progresso cultural, cient\u00edfico, tecnol\u00f3gico ou econ\u00f4mico, mas principalmente pelas atitudes, pensamentos e sentimentos cultivados pela maioria de seus habitantes. Na \u00c1sia, estamos presenciando o predom\u00ednio do fanatismo religioso e do despotismo, promovendo a viol\u00eancia e a morte; na Europa e na Am\u00e9rica do Norte, sob a capa do ego\u00edsmo humano, temos o predom\u00ednio do capitalismo selvagem que, neste final de s\u00e9culo e de mil\u00eanio, atingiu todos os continentes, espalhando a fome e alimentando as guerras no mundo. Esse \u00e9 um quadro parcial, mas \u00e9 o mais grave de todos, cujo fim j\u00e1 est\u00e1 incorporado ao \u00e9ter em poderosos miasmas que emanam dos pensamentos e sentimentos dessas coletividades. De acordo com a lei de causa e efeito, essas regi\u00f5es ter\u00e3o de experimentar a amargura da destrui\u00e7\u00e3o que est\u00e3o promovendo, tornando-se v\u00edtimas de si mesmas.<\/p>\n\n\n\n<p class=\"has-black-color has-text-color has-link-color has-small-font-size wp-elements-0d286a4399251177fc60eb6648718fbb\">O leitor deve estar se perguntando: e aqueles que, embora fa\u00e7am parte dessas coletividades, n\u00e3o participam dos sentimentos e pensamentos predominantes, sofrer\u00e3o inocentemente? N\u00e3o h\u00e1 ningu\u00e9m na Terra que sofra inocentemente! Se alguns dos habitantes dessas regi\u00f5es n\u00e3o foram registrados nessa tabela de prova\u00e7\u00f5es, certamente j\u00e1 emigraram ou emigrar\u00e3o para a sala de aula que lhes \u00e9 devida. Entretanto, devemos entender que alguns, embora n\u00e3o tenham participado nesta vida desses sentimentos coletivos, podem estar ali para resgatar d\u00edvidas contra\u00eddas em outras exist\u00eancias; eles devem perecer, mas n\u00e3o ser\u00e3o exclu\u00eddos do planeta. Todas as regi\u00f5es da Terra passar\u00e3o pela reorganiza\u00e7\u00e3o necess\u00e1ria. N\u00e3o s\u00e3o apenas as guerras que promover\u00e3o a limpeza dos esp\u00edritos que dever\u00e3o partir para o mundo destinado a receb\u00ea-los. A natureza possui recursos ainda n\u00e3o compreendidos pelo homem que, de certa forma, contribuir\u00e3o para o plano divino dessa emigra\u00e7\u00e3o, sem viol\u00eancia e de forma natural.<\/p>\n\n\n\n<p class=\"has-black-color has-text-color has-link-color has-small-font-size wp-elements-b87681aeaf310a726a28a1e28f4e7bf2\">No Brasil, concentra-se uma massa seleta de esp\u00edritos que constituem a maioria de sua popula\u00e7\u00e3o encarnada e que atingiram um alto grau de mansid\u00e3o. Em vista dessa qualidade predominante, ele despontar\u00e1 como o grande benfeitor da humanidade! Ele trabalhar\u00e1 arduamente para socorrer o que restou do velho mundo. Por fim, assumir\u00e1 o papel de Cora\u00e7\u00e3o do Mundo e, mais tarde, com a religiosidade iluminada pelo conhecimento das leis de causa e efeito e da reencarna\u00e7\u00e3o, ser\u00e1 consagrado definitivamente como P\u00e1tria do Evangelho.<\/p>\n<\/div><\/div>","protected":false},"excerpt":{"rendered":"<p>La s\u00edntesis del proceso evolutivo El esp\u00edritu en evoluci\u00f3n y rescate, es situado en el aula adecuada donde es sometido a una convivencia ilimitada de donde s\u00f3lo saldr\u00e1 cuando cumpla los respectivos rescates y asimile las lecciones que en el est\u00e1n contenidas. Mientras m\u00e1s r\u00e1pido aprenden las lecciones que las circunstancias le proponen y cumple [&hellip;]<\/p>","protected":false},"author":1,"featured_media":5179,"parent":0,"menu_order":0,"comment_status":"closed","ping_status":"closed","template":"","meta":{"_uag_custom_page_level_css":"","site-sidebar-layout":"default","site-content-layout":"","ast-site-content-layout":"default","site-content-style":"default","site-sidebar-style":"default","ast-global-header-display":"","ast-banner-title-visibility":"","ast-main-header-display":"","ast-hfb-above-header-display":"","ast-hfb-below-header-display":"","ast-hfb-mobile-header-display":"","site-post-title":"disabled","ast-breadcrumbs-content":"","ast-featured-img":"","footer-sml-layout":"","theme-transparent-header-meta":"","adv-header-id-meta":"","stick-header-meta":"","header-above-stick-meta":"","header-main-stick-meta":"","header-below-stick-meta":"","astra-migrate-meta-layouts":"set","ast-page-background-enabled":"default","ast-page-background-meta":{"desktop":{"background-color":"var(--ast-global-color-4)","background-image":"","background-repeat":"repeat","background-position":"center center","background-size":"auto","background-attachment":"scroll","background-type":"","background-media":"","overlay-type":"","overlay-color":"","overlay-opacity":"","overlay-gradient":""},"tablet":{"background-color":"","background-image":"","background-repeat":"repeat","background-position":"center center","background-size":"auto","background-attachment":"scroll","background-type":"","background-media":"","overlay-type":"","overlay-color":"","overlay-opacity":"","overlay-gradient":""},"mobile":{"background-color":"","background-image":"","background-repeat":"repeat","background-position":"center center","background-size":"auto","background-attachment":"scroll","background-type":"","background-media":"","overlay-type":"","overlay-color":"","overlay-opacity":"","overlay-gradient":""}},"ast-content-background-meta":{"desktop":{"background-color":"var(--ast-global-color-5)","background-image":"","background-repeat":"repeat","background-position":"center center","background-size":"auto","background-attachment":"scroll","background-type":"","background-media":"","overlay-type":"","overlay-color":"","overlay-opacity":"","overlay-gradient":""},"tablet":{"background-color":"var(--ast-global-color-5)","background-image":"","background-repeat":"repeat","background-position":"center center","background-size":"auto","background-attachment":"scroll","background-type":"","background-media":"","overlay-type":"","overlay-color":"","overlay-opacity":"","overlay-gradient":""},"mobile":{"background-color":"var(--ast-global-color-5)","background-image":"","background-repeat":"repeat","background-position":"center center","background-size":"auto","background-attachment":"scroll","background-type":"","background-media":"","overlay-type":"","overlay-color":"","overlay-opacity":"","overlay-gradient":""}},"footnotes":""},"class_list":["post-5173","page","type-page","status-publish","has-post-thumbnail","hentry"],"yoast_head":"<!-- This site is optimized with the Yoast SEO Premium plugin v24.2 (Yoast SEO v24.6) - https:\/\/yoast.com\/wordpress\/plugins\/seo\/ -->\n<title>La s\u00edntesis del proceso evolutivo - Uni\u00f3n Esp\u00edrita<\/title>\n<meta name=\"robots\" content=\"index, follow, max-snippet:-1, max-image-preview:large, max-video-preview:-1\" \/>\n<link rel=\"canonical\" href=\"https:\/\/nuevo-renacer.com\/pt\/la-sintesis-del-proceso-evolutivo\/\" \/>\n<meta property=\"og:locale\" content=\"pt_BR\" \/>\n<meta property=\"og:type\" content=\"article\" \/>\n<meta property=\"og:title\" content=\"La s\u00edntesis del proceso evolutivo\" \/>\n<meta property=\"og:description\" content=\"La s\u00edntesis del proceso evolutivo El esp\u00edritu en evoluci\u00f3n y rescate, es situado en el aula adecuada donde es sometido a una convivencia ilimitada de donde s\u00f3lo saldr\u00e1 cuando cumpla los respectivos rescates y asimile las lecciones que en el est\u00e1n contenidas. Mientras m\u00e1s r\u00e1pido aprenden las lecciones que las circunstancias le proponen y cumple [&hellip;]\" \/>\n<meta property=\"og:url\" content=\"https:\/\/nuevo-renacer.com\/pt\/la-sintesis-del-proceso-evolutivo\/\" \/>\n<meta property=\"og:site_name\" content=\"Uni\u00f3n Esp\u00edrita\" \/>\n<meta property=\"article:publisher\" content=\"https:\/\/www.facebook.com\/groups\/3431398063740829\" \/>\n<meta property=\"article:modified_time\" content=\"2024-10-01T12:26:22+00:00\" \/>\n<meta property=\"og:image\" content=\"https:\/\/nuevo-renacer.com\/wp-content\/uploads\/2024\/10\/step_into_the_light_by_youngphoenix3191_d9vvvr9-350t.jpg\" \/>\n\t<meta property=\"og:image:width\" content=\"554\" \/>\n\t<meta property=\"og:image:height\" content=\"350\" \/>\n\t<meta property=\"og:image:type\" content=\"image\/jpeg\" \/>\n<meta name=\"twitter:card\" content=\"summary_large_image\" \/>\n<meta name=\"twitter:label1\" content=\"Est. tempo de leitura\" \/>\n\t<meta name=\"twitter:data1\" content=\"6 minutos\" \/>\n<script type=\"application\/ld+json\" class=\"yoast-schema-graph\">{\"@context\":\"https:\/\/schema.org\",\"@graph\":[{\"@type\":\"WebPage\",\"@id\":\"https:\/\/nuevo-renacer.com\/la-sintesis-del-proceso-evolutivo\/\",\"url\":\"https:\/\/nuevo-renacer.com\/la-sintesis-del-proceso-evolutivo\/\",\"name\":\"La s\u00edntesis del proceso evolutivo - Uni\u00f3n Esp\u00edrita\",\"isPartOf\":{\"@id\":\"https:\/\/nuevo-renacer.com\/#website\"},\"primaryImageOfPage\":{\"@id\":\"https:\/\/nuevo-renacer.com\/la-sintesis-del-proceso-evolutivo\/#primaryimage\"},\"image\":{\"@id\":\"https:\/\/nuevo-renacer.com\/la-sintesis-del-proceso-evolutivo\/#primaryimage\"},\"thumbnailUrl\":\"https:\/\/nuevo-renacer.com\/wp-content\/uploads\/2024\/10\/step_into_the_light_by_youngphoenix3191_d9vvvr9-350t.jpg\",\"datePublished\":\"2024-10-01T12:03:26+00:00\",\"dateModified\":\"2024-10-01T12:26:22+00:00\",\"breadcrumb\":{\"@id\":\"https:\/\/nuevo-renacer.com\/la-sintesis-del-proceso-evolutivo\/#breadcrumb\"},\"inLanguage\":\"pt-BR\",\"potentialAction\":[{\"@type\":\"ReadAction\",\"target\":[\"https:\/\/nuevo-renacer.com\/la-sintesis-del-proceso-evolutivo\/\"]}]},{\"@type\":\"ImageObject\",\"inLanguage\":\"pt-BR\",\"@id\":\"https:\/\/nuevo-renacer.com\/la-sintesis-del-proceso-evolutivo\/#primaryimage\",\"url\":\"https:\/\/nuevo-renacer.com\/wp-content\/uploads\/2024\/10\/step_into_the_light_by_youngphoenix3191_d9vvvr9-350t.jpg\",\"contentUrl\":\"https:\/\/nuevo-renacer.com\/wp-content\/uploads\/2024\/10\/step_into_the_light_by_youngphoenix3191_d9vvvr9-350t.jpg\",\"width\":554,\"height\":350},{\"@type\":\"BreadcrumbList\",\"@id\":\"https:\/\/nuevo-renacer.com\/la-sintesis-del-proceso-evolutivo\/#breadcrumb\",\"itemListElement\":[{\"@type\":\"ListItem\",\"position\":1,\"name\":\"Startseite\",\"item\":\"https:\/\/nuevo-renacer.com\/\"},{\"@type\":\"ListItem\",\"position\":2,\"name\":\"La s\u00edntesis del proceso evolutivo\"}]},{\"@type\":\"WebSite\",\"@id\":\"https:\/\/nuevo-renacer.com\/#website\",\"url\":\"https:\/\/nuevo-renacer.com\/\",\"name\":\"Uni\u00f3n Esp\u00edrita\",\"description\":\"Nuevo Renacer\",\"publisher\":{\"@id\":\"https:\/\/nuevo-renacer.com\/#organization\"},\"potentialAction\":[{\"@type\":\"SearchAction\",\"target\":{\"@type\":\"EntryPoint\",\"urlTemplate\":\"https:\/\/nuevo-renacer.com\/?s={search_term_string}\"},\"query-input\":{\"@type\":\"PropertyValueSpecification\",\"valueRequired\":true,\"valueName\":\"search_term_string\"}}],\"inLanguage\":\"pt-BR\"},{\"@type\":\"Organization\",\"@id\":\"https:\/\/nuevo-renacer.com\/#organization\",\"name\":\"UFEC\",\"url\":\"https:\/\/nuevo-renacer.com\/\",\"logo\":{\"@type\":\"ImageObject\",\"inLanguage\":\"pt-BR\",\"@id\":\"https:\/\/nuevo-renacer.com\/#\/schema\/logo\/image\/\",\"url\":\"https:\/\/nuevo-renacer.com\/wp-content\/uploads\/2024\/05\/cropped-LOGO-TERMINADO1-3-3.png\",\"contentUrl\":\"https:\/\/nuevo-renacer.com\/wp-content\/uploads\/2024\/05\/cropped-LOGO-TERMINADO1-3-3.png\",\"width\":512,\"height\":512,\"caption\":\"UFEC\"},\"image\":{\"@id\":\"https:\/\/nuevo-renacer.com\/#\/schema\/logo\/image\/\"},\"sameAs\":[\"https:\/\/www.facebook.com\/groups\/3431398063740829\"]}]}<\/script>\n<!-- \/ Yoast SEO Premium plugin. -->","yoast_head_json":{"title":"La s\u00edntesis del proceso evolutivo - Uni\u00f3n Esp\u00edrita","robots":{"index":"index","follow":"follow","max-snippet":"max-snippet:-1","max-image-preview":"max-image-preview:large","max-video-preview":"max-video-preview:-1"},"canonical":"https:\/\/nuevo-renacer.com\/pt\/la-sintesis-del-proceso-evolutivo\/","og_locale":"pt_BR","og_type":"article","og_title":"La s\u00edntesis del proceso evolutivo","og_description":"La s\u00edntesis del proceso evolutivo El esp\u00edritu en evoluci\u00f3n y rescate, es situado en el aula adecuada donde es sometido a una convivencia ilimitada de donde s\u00f3lo saldr\u00e1 cuando cumpla los respectivos rescates y asimile las lecciones que en el est\u00e1n contenidas. Mientras m\u00e1s r\u00e1pido aprenden las lecciones que las circunstancias le proponen y cumple [&hellip;]","og_url":"https:\/\/nuevo-renacer.com\/pt\/la-sintesis-del-proceso-evolutivo\/","og_site_name":"Uni\u00f3n Esp\u00edrita","article_publisher":"https:\/\/www.facebook.com\/groups\/3431398063740829","article_modified_time":"2024-10-01T12:26:22+00:00","og_image":[{"width":554,"height":350,"url":"https:\/\/nuevo-renacer.com\/wp-content\/uploads\/2024\/10\/step_into_the_light_by_youngphoenix3191_d9vvvr9-350t.jpg","type":"image\/jpeg"}],"twitter_card":"summary_large_image","twitter_misc":{"Est. tempo de leitura":"6 minutos"},"schema":{"@context":"https:\/\/schema.org","@graph":[{"@type":"WebPage","@id":"https:\/\/nuevo-renacer.com\/la-sintesis-del-proceso-evolutivo\/","url":"https:\/\/nuevo-renacer.com\/la-sintesis-del-proceso-evolutivo\/","name":"La s\u00edntesis del proceso evolutivo - Uni\u00f3n Esp\u00edrita","isPartOf":{"@id":"https:\/\/nuevo-renacer.com\/#website"},"primaryImageOfPage":{"@id":"https:\/\/nuevo-renacer.com\/la-sintesis-del-proceso-evolutivo\/#primaryimage"},"image":{"@id":"https:\/\/nuevo-renacer.com\/la-sintesis-del-proceso-evolutivo\/#primaryimage"},"thumbnailUrl":"https:\/\/nuevo-renacer.com\/wp-content\/uploads\/2024\/10\/step_into_the_light_by_youngphoenix3191_d9vvvr9-350t.jpg","datePublished":"2024-10-01T12:03:26+00:00","dateModified":"2024-10-01T12:26:22+00:00","breadcrumb":{"@id":"https:\/\/nuevo-renacer.com\/la-sintesis-del-proceso-evolutivo\/#breadcrumb"},"inLanguage":"pt-BR","potentialAction":[{"@type":"ReadAction","target":["https:\/\/nuevo-renacer.com\/la-sintesis-del-proceso-evolutivo\/"]}]},{"@type":"ImageObject","inLanguage":"pt-BR","@id":"https:\/\/nuevo-renacer.com\/la-sintesis-del-proceso-evolutivo\/#primaryimage","url":"https:\/\/nuevo-renacer.com\/wp-content\/uploads\/2024\/10\/step_into_the_light_by_youngphoenix3191_d9vvvr9-350t.jpg","contentUrl":"https:\/\/nuevo-renacer.com\/wp-content\/uploads\/2024\/10\/step_into_the_light_by_youngphoenix3191_d9vvvr9-350t.jpg","width":554,"height":350},{"@type":"BreadcrumbList","@id":"https:\/\/nuevo-renacer.com\/la-sintesis-del-proceso-evolutivo\/#breadcrumb","itemListElement":[{"@type":"ListItem","position":1,"name":"Startseite","item":"https:\/\/nuevo-renacer.com\/"},{"@type":"ListItem","position":2,"name":"La s\u00edntesis del proceso evolutivo"}]},{"@type":"WebSite","@id":"https:\/\/nuevo-renacer.com\/#website","url":"https:\/\/nuevo-renacer.com\/","name":"Uni\u00f3n Esp\u00edrita","description":"Nuevo Renacer","publisher":{"@id":"https:\/\/nuevo-renacer.com\/#organization"},"potentialAction":[{"@type":"SearchAction","target":{"@type":"EntryPoint","urlTemplate":"https:\/\/nuevo-renacer.com\/?s={search_term_string}"},"query-input":{"@type":"PropertyValueSpecification","valueRequired":true,"valueName":"search_term_string"}}],"inLanguage":"pt-BR"},{"@type":"Organization","@id":"https:\/\/nuevo-renacer.com\/#organization","name":"UFEC","url":"https:\/\/nuevo-renacer.com\/","logo":{"@type":"ImageObject","inLanguage":"pt-BR","@id":"https:\/\/nuevo-renacer.com\/#\/schema\/logo\/image\/","url":"https:\/\/nuevo-renacer.com\/wp-content\/uploads\/2024\/05\/cropped-LOGO-TERMINADO1-3-3.png","contentUrl":"https:\/\/nuevo-renacer.com\/wp-content\/uploads\/2024\/05\/cropped-LOGO-TERMINADO1-3-3.png","width":512,"height":512,"caption":"UFEC"},"image":{"@id":"https:\/\/nuevo-renacer.com\/#\/schema\/logo\/image\/"},"sameAs":["https:\/\/www.facebook.com\/groups\/3431398063740829"]}]}},"uagb_featured_image_src":{"full":["https:\/\/nuevo-renacer.com\/wp-content\/uploads\/2024\/10\/step_into_the_light_by_youngphoenix3191_d9vvvr9-350t.jpg",554,350,false],"thumbnail":["https:\/\/nuevo-renacer.com\/wp-content\/uploads\/2024\/10\/step_into_the_light_by_youngphoenix3191_d9vvvr9-350t-150x150.jpg",150,150,true],"medium":["https:\/\/nuevo-renacer.com\/wp-content\/uploads\/2024\/10\/step_into_the_light_by_youngphoenix3191_d9vvvr9-350t-300x190.jpg",300,190,true],"medium_large":["https:\/\/nuevo-renacer.com\/wp-content\/uploads\/2024\/10\/step_into_the_light_by_youngphoenix3191_d9vvvr9-350t.jpg",554,350,false],"large":["https:\/\/nuevo-renacer.com\/wp-content\/uploads\/2024\/10\/step_into_the_light_by_youngphoenix3191_d9vvvr9-350t.jpg",554,350,false],"1536x1536":["https:\/\/nuevo-renacer.com\/wp-content\/uploads\/2024\/10\/step_into_the_light_by_youngphoenix3191_d9vvvr9-350t.jpg",554,350,false],"2048x2048":["https:\/\/nuevo-renacer.com\/wp-content\/uploads\/2024\/10\/step_into_the_light_by_youngphoenix3191_d9vvvr9-350t.jpg",554,350,false],"trp-custom-language-flag":["https:\/\/nuevo-renacer.com\/wp-content\/uploads\/2024\/10\/step_into_the_light_by_youngphoenix3191_d9vvvr9-350t-18x12.jpg",18,12,true]},"uagb_author_info":{"display_name":"adbv0","author_link":"https:\/\/nuevo-renacer.com\/pt\/author\/adbv0\/"},"uagb_comment_info":0,"uagb_excerpt":"La s\u00edntesis del proceso evolutivo El esp\u00edritu en evoluci\u00f3n y rescate, es situado en el aula adecuada donde es sometido a una convivencia ilimitada de donde s\u00f3lo saldr\u00e1 cuando cumpla los respectivos rescates y asimile las lecciones que en el est\u00e1n contenidas. Mientras m\u00e1s r\u00e1pido aprenden las lecciones que las circunstancias le proponen y cumple&hellip;","jetpack_sharing_enabled":true,"_links":{"self":[{"href":"https:\/\/nuevo-renacer.com\/pt\/wp-json\/wp\/v2\/pages\/5173","targetHints":{"allow":["GET"]}}],"collection":[{"href":"https:\/\/nuevo-renacer.com\/pt\/wp-json\/wp\/v2\/pages"}],"about":[{"href":"https:\/\/nuevo-renacer.com\/pt\/wp-json\/wp\/v2\/types\/page"}],"author":[{"embeddable":true,"href":"https:\/\/nuevo-renacer.com\/pt\/wp-json\/wp\/v2\/users\/1"}],"replies":[{"embeddable":true,"href":"https:\/\/nuevo-renacer.com\/pt\/wp-json\/wp\/v2\/comments?post=5173"}],"version-history":[{"count":6,"href":"https:\/\/nuevo-renacer.com\/pt\/wp-json\/wp\/v2\/pages\/5173\/revisions"}],"predecessor-version":[{"id":5183,"href":"https:\/\/nuevo-renacer.com\/pt\/wp-json\/wp\/v2\/pages\/5173\/revisions\/5183"}],"wp:featuredmedia":[{"embeddable":true,"href":"https:\/\/nuevo-renacer.com\/pt\/wp-json\/wp\/v2\/media\/5179"}],"wp:attachment":[{"href":"https:\/\/nuevo-renacer.com\/pt\/wp-json\/wp\/v2\/media?parent=5173"}],"curies":[{"name":"wp","href":"https:\/\/api.w.org\/{rel}","templated":true}]}}