{"id":5163,"date":"2024-09-20T05:58:29","date_gmt":"2024-09-20T05:58:29","guid":{"rendered":"https:\/\/nuevo-renacer.com\/?page_id=5163"},"modified":"2024-12-30T07:36:31","modified_gmt":"2024-12-30T07:36:31","slug":"el-suicidio-inutil-para-acabar-con-el-sufrimiento-lo-hace-perdurar","status":"publish","type":"page","link":"https:\/\/nuevo-renacer.com\/pt\/el-suicidio-inutil-para-acabar-con-el-sufrimiento-lo-hace-perdurar\/","title":{"rendered":"Suic\u00eddio: in\u00fatil para acabar com o sofrimento, ele o prolonga"},"content":{"rendered":"<div class=\"wp-block-uagb-container uagb-block-6a699970 alignfull uagb-is-root-container\"><div class=\"uagb-container-inner-blocks-wrap\">\n<p class=\"has-medium-font-size\"><strong>Suic\u00eddio: in\u00fatil para acabar com o sofrimento, ele o prolonga<\/strong><\/p>\n<\/div><\/div>\n\n\n\n<div class=\"wp-block-uagb-container uagb-block-dd076467 alignfull uagb-is-root-container\"><div class=\"uagb-container-inner-blocks-wrap\">\n<figure class=\"wp-block-image size-large is-resized\"><img fetchpriority=\"high\" decoding=\"async\" width=\"1024\" height=\"640\" src=\"https:\/\/nuevo-renacer.com\/wp-content\/uploads\/2024\/09\/wc1721341-1024x640.webp\" alt=\"\" class=\"wp-image-5164\" style=\"width:528px;height:auto\" srcset=\"https:\/\/nuevo-renacer.com\/wp-content\/uploads\/2024\/09\/wc1721341-1024x640.webp 1024w, https:\/\/nuevo-renacer.com\/wp-content\/uploads\/2024\/09\/wc1721341-300x188.webp 300w, https:\/\/nuevo-renacer.com\/wp-content\/uploads\/2024\/09\/wc1721341-768x480.webp 768w, https:\/\/nuevo-renacer.com\/wp-content\/uploads\/2024\/09\/wc1721341-1536x960.webp 1536w, https:\/\/nuevo-renacer.com\/wp-content\/uploads\/2024\/09\/wc1721341-2048x1280.webp 2048w, https:\/\/nuevo-renacer.com\/wp-content\/uploads\/2024\/09\/wc1721341-18x12.webp 18w\" sizes=\"(max-width: 1024px) 100vw, 1024px\" \/><\/figure>\n<\/div><\/div>\n\n\n\n<div class=\"wp-block-uagb-container uagb-block-d41eebbd alignfull uagb-is-root-container\"><div class=\"uagb-container-inner-blocks-wrap\">\n<p class=\"has-black-color has-text-color has-link-color has-small-font-size wp-elements-5ce21e78d36cc274e8c871c847cbbdfc\">Camilo acordou no que ele chamava de Valle Siniestro algum tempo depois de seu desencarne. O ouvido - no qual havia disparado a bala que lhe tirou a exist\u00eancia - ainda sangrava incessantemente. Em sua mente, ainda confusa, ele registrava o que via ao seu redor: outros esp\u00edritos gritando, gemendo, xingando. Em geral, sofrendo. De tempos em tempos, um grupo de carrascos passava por ele, infligindo puni\u00e7\u00e3o \u00e0queles que consideravam culpados. Sua ideia de justi\u00e7a ainda estava muito distante da divina e era costurada com os fios do desejo de vingan\u00e7a. Entretanto, a infinita miseric\u00f3rdia do Criador tamb\u00e9m estava presente. Uma caravana de benfeitores chegava constantemente ao Vale. Ela trazia esp\u00edritos dispostos a receber ajuda em um hospital de equil\u00edbrio e caridade. Entre os que permaneciam, alguns imploravam por ajuda, enquanto outros percebiam mal a passagem da caravana do bem.<\/p>\n\n\n\n<p class=\"has-black-color has-text-color has-link-color has-small-font-size wp-elements-ea861cea3a1bc82d1504977486b7c033\">\u00c9 o que Ivonne A. Pereira descreve no livro Mem\u00f3rias de um Suicida, ap\u00f3s ser orientada em sua experi\u00eancia pelo pr\u00f3prio Camilo, de forma medi\u00fanica. Nas trevas exteriores havia \u201cchoro e ranger de dentes\u201d, lembra o livro, citando a passagem b\u00edblica. Essa imagem, por si s\u00f3, deveria ser suficiente para dissuadir aqueles que pensam em suic\u00eddio de comet\u00ea-lo de fato. A vida n\u00e3o termina ap\u00f3s a morte do corpo f\u00edsico. Se a inten\u00e7\u00e3o do suicida \u00e9 acabar com seu sofrimento, por causa da dor insuport\u00e1vel que sente no corpo ou na alma, seu objetivo n\u00e3o ser\u00e1 alcan\u00e7ado. Ao contr\u00e1rio do que os materialistas acreditam, a dor continuar\u00e1 no mundo espiritual, agravada pelas consequ\u00eancias terr\u00edveis do ato desesperado. O suic\u00eddio, portanto, n\u00e3o s\u00f3 \u00e9 in\u00fatil para acabar com o sofrimento, como tamb\u00e9m faz com que ele dure mais tempo.<\/p>\n\n\n\n<p class=\"has-black-color has-text-color has-link-color has-small-font-size wp-elements-ccac0302161da006df6f1b82e34cf2c3\">O Livro dos Esp\u00edritos nos explica, nas respostas \u00e0s perguntas 946 e 948, que as tribula\u00e7\u00f5es da vida s\u00e3o provas ou expia\u00e7\u00f5es, ou seja, dificuldades que nos ajudam a aprender li\u00e7\u00f5es de moral ou a reparar faltas que cometemos em vidas passadas. Fugir delas por meio do suic\u00eddio n\u00e3o apaga nossas falhas. Apenas nos faz reviver as dores antigas, acrescidas das novas dores geradas pelo novo erro. Lugares como o descrito por Camilo n\u00e3o s\u00e3o os \u00fanicos onde os esp\u00edritos suicidas chegam, e eles tamb\u00e9m podem ficar pr\u00f3ximos ao mundo f\u00edsico. No livro O c\u00e9u e o inferno, h\u00e1 diversos exemplos de experi\u00eancias suicidas logo ap\u00f3s o desencarne. H\u00e1 aqueles que permanecem apegados ao corpo e, portanto, sentem-se sufocados pelo caix\u00e3o e sentem a dor dos vermes corroendo a mat\u00e9ria. H\u00e1 tamb\u00e9m aqueles que sentem dores e sensa\u00e7\u00f5es de frio e calor intensos, mesmo j\u00e1 estando desencarnados. Outros repetem em sua mente o momento do suic\u00eddio, como aquele que se sente caindo no vazio repetidas vezes. Os esp\u00edritos que estavam buscando o reencontro com um ente querido no mundo espiritual experimentam exatamente o efeito oposto: n\u00e3o conseguem encontr\u00e1-lo. Por fim, h\u00e1 aqueles que ouvem zombarias e risos, que intensificam seu sofrimento moral.<\/p>\n\n\n\n<p class=\"has-black-color has-text-color has-link-color has-small-font-size wp-elements-cd83e74d0f1ad860aa6c6b0ff8aa3d69\">Ap\u00f3s um suic\u00eddio, a afli\u00e7\u00e3o do perisp\u00edrito se manifesta fortemente. Com as feridas marcadas no corpo espiritual, o ser n\u00e3o consegue se afastar de suas dores e as repete, ainda que mentalmente. No caso dos suicidas, h\u00e1 um agravante: como n\u00e3o completaram seu per\u00edodo reencarnat\u00f3rio na Terra, o v\u00ednculo entre o esp\u00edrito e o corpo persiste. \u201cAs consequ\u00eancias (...) s\u00e3o o prolongamento da perturba\u00e7\u00e3o e, em seguida, a ilus\u00e3o que, por um per\u00edodo de tempo mais ou menos prolongado, induz o esp\u00edrito a acreditar que ainda faz parte dos vivos. A afinidade que persiste entre o esp\u00edrito e o corpo produz, em alguns suic\u00eddios, uma esp\u00e9cie de repercuss\u00e3o do estado do corpo sobre o esp\u00edrito\u201d, explica Allan Kardec em seu coment\u00e1rio \u00e0 quest\u00e3o 957 de O Livro dos Esp\u00edritos. A essa dor soma-se o arrependimento de ter feito algo in\u00fatil, j\u00e1 que o suic\u00eddio nada resolveu.<\/p>\n\n\n\n<p class=\"has-black-color has-text-color has-link-color has-small-font-size wp-elements-86b594f15d7c54ab4554194744c70071\">Quando os esp\u00edritos suicidas conseguem sair desses est\u00e1gios iniciais de sofrimento na espiritualidade, eles ainda t\u00eam um longo caminho pela frente para se recuperar. Cada processo, \u00e9 claro, \u00e9 individual. \u201cAs penas s\u00e3o sempre proporcionais \u00e0 consci\u00eancia que se tem das faltas cometidas\u201d, explica O Livro dos Esp\u00edritos na resposta \u00e0 quest\u00e3o 952A. As consequ\u00eancias, portanto, s\u00e3o diversas e dependem das circunst\u00e2ncias. A expia\u00e7\u00e3o do suicida pode se dar no mundo espiritual ou em uma nova exist\u00eancia, acrescenta a resposta \u00e0 quest\u00e3o 957. Em Mem\u00f3rias de um suicida, um companheiro de Camilo tem permiss\u00e3o para visitar sua fam\u00edlia no mundo material, embora tenha sido fortemente desaconselhado pelos Esp\u00edritos amigos. Ao chegar ao globo, ele descobriu que seu filho estava preso e sua esposa estava prostituindo sua filha mais nova. A outra filha estava sofrendo nas m\u00e3os de um marido alco\u00f3latra. Seu suic\u00eddio havia afetado imensamente n\u00e3o apenas sua individualidade, mas toda a sua fam\u00edlia. A dor moral que ela sentiu na \u00e9poca foi perversa. Ela decidiu, ent\u00e3o, reencarnar para recuperar seu perisp\u00edrito dos erros que havia cometido. Passaria por uma prova\u00e7\u00e3o semelhante \u00e0 da vida anterior, esperando dessa vez n\u00e3o fracassar. Outro de seus companheiros suicidas se sentia atormentado diariamente por suas falhas. Embora estivesse em um hospital no mundo espiritual, ele n\u00e3o conseguia parar de repetir seus erros em sua mente. Por isso, optou por reencarnar e desfrutar do esquecimento do passado. No novo corpo, entretanto, ele n\u00e3o teria as m\u00e3os que o haviam prejudicado no passado.<\/p>\n\n\n\n<p class=\"has-black-color has-text-color has-link-color has-small-font-size wp-elements-432e4d8447b97d8d1766a2349981831f\">Depois que o esp\u00edrito suicida compreende sua situa\u00e7\u00e3o de descumprimento da Lei Divina e se compromete a reparar seus erros, as dores morais s\u00e3o as que mais o afetam. Camilo, por exemplo, revisitou seu passado por meio de equipamentos espirituais, orientado por um professor. As lembran\u00e7as o fizeram reviver seu passado como perseguidor do Santo Of\u00edcio, respons\u00e1vel por torturar e condenar \u00e0 morte aqueles que n\u00e3o professavam a f\u00e9 cat\u00f3lica. Ele chegou a infligir dores indescrit\u00edveis a um deles, movido apenas pelo \u00f3dio pessoal. Reconhecer-se n\u00e3o mais como v\u00edtima, mas como o arquiteto de seu pr\u00f3prio infort\u00fanio, ajudou-o a refletir e a buscar sua pr\u00f3pria transforma\u00e7\u00e3o por meio do servi\u00e7o para o bem e, mais tarde, por meio de uma nova reencarna\u00e7\u00e3o.<\/p>\n\n\n\n<p class=\"has-black-color has-text-color has-link-color has-small-font-size wp-elements-87a979e75c6469354907e03fe70fe4fa\">As consequ\u00eancias do suic\u00eddio n\u00e3o s\u00e3o uma puni\u00e7\u00e3o infligida a n\u00f3s por outros. Elas fazem parte da miseric\u00f3rdia de Deus, pois nos permitem entender nossos erros, aprender com eles, super\u00e1-los e nos transformar moralmente. A \u00fanica maneira poss\u00edvel de fazer as pazes \u00e9 enfrentar as consequ\u00eancias com resigna\u00e7\u00e3o. Mas n\u00e3o estamos sozinhos nesse trabalho: esp\u00edritos amigos, encarnados e desencarnados, nos cercam com seu amor e nos inspiram para o caminho do bem. Vamos ouvi-los, vamos pedir ajuda, vamos aceitar as m\u00e3os bondosas que eles nos estendem. Ao fazer isso, evitamos influ\u00eancias perniciosas e decis\u00f5es ruins que em nada contribuem para diminuir o sofrimento, mas apenas aument\u00e1-lo.<\/p>\n\n\n\n<p><\/p>\n\n\n\n<p class=\"has-black-color has-text-color has-link-color has-small-font-size wp-elements-a2552746b740609360ae31c1791e7dda\"><em>Texto: escrito por: Fernanda Barbosa, para o Opini\u00e3o Esp\u00edrita.<\/em><\/p>\n<\/div><\/div>\n\n\n\n<div class=\"wp-block-uagb-container uagb-block-763f9f89 alignfull uagb-is-root-container\"><div class=\"uagb-container-inner-blocks-wrap\"><\/div><\/div>\n\n\n\n<div class=\"wp-block-uagb-container uagb-block-887576bb alignfull uagb-is-root-container\"><div class=\"uagb-container-inner-blocks-wrap\"><\/div><\/div>","protected":false},"excerpt":{"rendered":"<p>El suicidio: in\u00fatil para acabar con el sufrimiento, lo hace perdurar Camilo despert\u00f3 en lo que llam\u00f3 el Valle Siniestro alg\u00fan tiempo despu\u00e9s de su desencarnaci\u00f3n. El o\u00eddo -en el que hab\u00eda disparado la bala que le quit\u00f3 la existencia- segu\u00eda desangrando sin cesar. En su mente, aun confundida, registraba lo que ve\u00eda a su [&hellip;]<\/p>","protected":false},"author":1,"featured_media":5164,"parent":0,"menu_order":0,"comment_status":"closed","ping_status":"closed","template":"","meta":{"_uag_custom_page_level_css":"","site-sidebar-layout":"default","site-content-layout":"","ast-site-content-layout":"default","site-content-style":"default","site-sidebar-style":"default","ast-global-header-display":"","ast-banner-title-visibility":"","ast-main-header-display":"","ast-hfb-above-header-display":"","ast-hfb-below-header-display":"","ast-hfb-mobile-header-display":"","site-post-title":"disabled","ast-breadcrumbs-content":"","ast-featured-img":"","footer-sml-layout":"","theme-transparent-header-meta":"","adv-header-id-meta":"","stick-header-meta":"","header-above-stick-meta":"","header-main-stick-meta":"","header-below-stick-meta":"","astra-migrate-meta-layouts":"set","ast-page-background-enabled":"default","ast-page-background-meta":{"desktop":{"background-color":"var(--ast-global-color-4)","background-image":"","background-repeat":"repeat","background-position":"center center","background-size":"auto","background-attachment":"scroll","background-type":"","background-media":"","overlay-type":"","overlay-color":"","overlay-opacity":"","overlay-gradient":""},"tablet":{"background-color":"","background-image":"","background-repeat":"repeat","background-position":"center center","background-size":"auto","background-attachment":"scroll","background-type":"","background-media":"","overlay-type":"","overlay-color":"","overlay-opacity":"","overlay-gradient":""},"mobile":{"background-color":"","background-image":"","background-repeat":"repeat","background-position":"center center","background-size":"auto","background-attachment":"scroll","background-type":"","background-media":"","overlay-type":"","overlay-color":"","overlay-opacity":"","overlay-gradient":""}},"ast-content-background-meta":{"desktop":{"background-color":"var(--ast-global-color-5)","background-image":"","background-repeat":"repeat","background-position":"center center","background-size":"auto","background-attachment":"scroll","background-type":"","background-media":"","overlay-type":"","overlay-color":"","overlay-opacity":"","overlay-gradient":""},"tablet":{"background-color":"var(--ast-global-color-5)","background-image":"","background-repeat":"repeat","background-position":"center center","background-size":"auto","background-attachment":"scroll","background-type":"","background-media":"","overlay-type":"","overlay-color":"","overlay-opacity":"","overlay-gradient":""},"mobile":{"background-color":"var(--ast-global-color-5)","background-image":"","background-repeat":"repeat","background-position":"center center","background-size":"auto","background-attachment":"scroll","background-type":"","background-media":"","overlay-type":"","overlay-color":"","overlay-opacity":"","overlay-gradient":""}},"footnotes":""},"class_list":["post-5163","page","type-page","status-publish","has-post-thumbnail","hentry"],"yoast_head":"<!-- This site is optimized with the Yoast SEO Premium plugin v24.2 (Yoast SEO v24.6) - https:\/\/yoast.com\/wordpress\/plugins\/seo\/ -->\n<title>El suicidio: in\u00fatil para acabar con el sufrimiento, lo hace perdurar - Uni\u00f3n Esp\u00edrita<\/title>\n<meta name=\"robots\" content=\"index, follow, max-snippet:-1, max-image-preview:large, max-video-preview:-1\" \/>\n<link rel=\"canonical\" href=\"https:\/\/nuevo-renacer.com\/pt\/el-suicidio-inutil-para-acabar-con-el-sufrimiento-lo-hace-perdurar\/\" \/>\n<meta property=\"og:locale\" content=\"pt_BR\" \/>\n<meta property=\"og:type\" content=\"article\" \/>\n<meta property=\"og:title\" content=\"El suicidio: in\u00fatil para acabar con el sufrimiento, lo hace perdurar\" \/>\n<meta property=\"og:description\" content=\"El suicidio: in\u00fatil para acabar con el sufrimiento, lo hace perdurar Camilo despert\u00f3 en lo que llam\u00f3 el Valle Siniestro alg\u00fan tiempo despu\u00e9s de su desencarnaci\u00f3n. El o\u00eddo -en el que hab\u00eda disparado la bala que le quit\u00f3 la existencia- segu\u00eda desangrando sin cesar. En su mente, aun confundida, registraba lo que ve\u00eda a su [&hellip;]\" \/>\n<meta property=\"og:url\" content=\"https:\/\/nuevo-renacer.com\/pt\/el-suicidio-inutil-para-acabar-con-el-sufrimiento-lo-hace-perdurar\/\" \/>\n<meta property=\"og:site_name\" content=\"Uni\u00f3n Esp\u00edrita\" \/>\n<meta property=\"article:publisher\" content=\"https:\/\/www.facebook.com\/groups\/3431398063740829\" \/>\n<meta property=\"article:modified_time\" content=\"2024-12-30T07:36:31+00:00\" \/>\n<meta property=\"og:image\" content=\"https:\/\/nuevo-renacer.com\/wp-content\/uploads\/2024\/09\/wc1721341.webp\" \/>\n\t<meta property=\"og:image:width\" content=\"2560\" \/>\n\t<meta property=\"og:image:height\" content=\"1600\" \/>\n\t<meta property=\"og:image:type\" content=\"image\/webp\" \/>\n<meta name=\"twitter:card\" content=\"summary_large_image\" \/>\n<meta name=\"twitter:label1\" content=\"Est. tempo de leitura\" \/>\n\t<meta name=\"twitter:data1\" content=\"6 minutos\" \/>\n<script type=\"application\/ld+json\" class=\"yoast-schema-graph\">{\"@context\":\"https:\/\/schema.org\",\"@graph\":[{\"@type\":\"WebPage\",\"@id\":\"https:\/\/nuevo-renacer.com\/el-suicidio-inutil-para-acabar-con-el-sufrimiento-lo-hace-perdurar\/\",\"url\":\"https:\/\/nuevo-renacer.com\/el-suicidio-inutil-para-acabar-con-el-sufrimiento-lo-hace-perdurar\/\",\"name\":\"El suicidio: in\u00fatil para acabar con el sufrimiento, lo hace perdurar - Uni\u00f3n Esp\u00edrita\",\"isPartOf\":{\"@id\":\"https:\/\/nuevo-renacer.com\/#website\"},\"primaryImageOfPage\":{\"@id\":\"https:\/\/nuevo-renacer.com\/el-suicidio-inutil-para-acabar-con-el-sufrimiento-lo-hace-perdurar\/#primaryimage\"},\"image\":{\"@id\":\"https:\/\/nuevo-renacer.com\/el-suicidio-inutil-para-acabar-con-el-sufrimiento-lo-hace-perdurar\/#primaryimage\"},\"thumbnailUrl\":\"https:\/\/nuevo-renacer.com\/wp-content\/uploads\/2024\/09\/wc1721341.webp\",\"datePublished\":\"2024-09-20T05:58:29+00:00\",\"dateModified\":\"2024-12-30T07:36:31+00:00\",\"breadcrumb\":{\"@id\":\"https:\/\/nuevo-renacer.com\/el-suicidio-inutil-para-acabar-con-el-sufrimiento-lo-hace-perdurar\/#breadcrumb\"},\"inLanguage\":\"pt-BR\",\"potentialAction\":[{\"@type\":\"ReadAction\",\"target\":[\"https:\/\/nuevo-renacer.com\/el-suicidio-inutil-para-acabar-con-el-sufrimiento-lo-hace-perdurar\/\"]}]},{\"@type\":\"ImageObject\",\"inLanguage\":\"pt-BR\",\"@id\":\"https:\/\/nuevo-renacer.com\/el-suicidio-inutil-para-acabar-con-el-sufrimiento-lo-hace-perdurar\/#primaryimage\",\"url\":\"https:\/\/nuevo-renacer.com\/wp-content\/uploads\/2024\/09\/wc1721341.webp\",\"contentUrl\":\"https:\/\/nuevo-renacer.com\/wp-content\/uploads\/2024\/09\/wc1721341.webp\",\"width\":2560,\"height\":1600},{\"@type\":\"BreadcrumbList\",\"@id\":\"https:\/\/nuevo-renacer.com\/el-suicidio-inutil-para-acabar-con-el-sufrimiento-lo-hace-perdurar\/#breadcrumb\",\"itemListElement\":[{\"@type\":\"ListItem\",\"position\":1,\"name\":\"Startseite\",\"item\":\"https:\/\/nuevo-renacer.com\/\"},{\"@type\":\"ListItem\",\"position\":2,\"name\":\"El suicidio: in\u00fatil para acabar con el sufrimiento, lo hace perdurar\"}]},{\"@type\":\"WebSite\",\"@id\":\"https:\/\/nuevo-renacer.com\/#website\",\"url\":\"https:\/\/nuevo-renacer.com\/\",\"name\":\"Uni\u00f3n Esp\u00edrita\",\"description\":\"Nuevo Renacer\",\"publisher\":{\"@id\":\"https:\/\/nuevo-renacer.com\/#organization\"},\"potentialAction\":[{\"@type\":\"SearchAction\",\"target\":{\"@type\":\"EntryPoint\",\"urlTemplate\":\"https:\/\/nuevo-renacer.com\/?s={search_term_string}\"},\"query-input\":{\"@type\":\"PropertyValueSpecification\",\"valueRequired\":true,\"valueName\":\"search_term_string\"}}],\"inLanguage\":\"pt-BR\"},{\"@type\":\"Organization\",\"@id\":\"https:\/\/nuevo-renacer.com\/#organization\",\"name\":\"UFEC\",\"url\":\"https:\/\/nuevo-renacer.com\/\",\"logo\":{\"@type\":\"ImageObject\",\"inLanguage\":\"pt-BR\",\"@id\":\"https:\/\/nuevo-renacer.com\/#\/schema\/logo\/image\/\",\"url\":\"https:\/\/nuevo-renacer.com\/wp-content\/uploads\/2024\/05\/cropped-LOGO-TERMINADO1-3-3.png\",\"contentUrl\":\"https:\/\/nuevo-renacer.com\/wp-content\/uploads\/2024\/05\/cropped-LOGO-TERMINADO1-3-3.png\",\"width\":512,\"height\":512,\"caption\":\"UFEC\"},\"image\":{\"@id\":\"https:\/\/nuevo-renacer.com\/#\/schema\/logo\/image\/\"},\"sameAs\":[\"https:\/\/www.facebook.com\/groups\/3431398063740829\"]}]}<\/script>\n<!-- \/ Yoast SEO Premium plugin. -->","yoast_head_json":{"title":"El suicidio: in\u00fatil para acabar con el sufrimiento, lo hace perdurar - Uni\u00f3n Esp\u00edrita","robots":{"index":"index","follow":"follow","max-snippet":"max-snippet:-1","max-image-preview":"max-image-preview:large","max-video-preview":"max-video-preview:-1"},"canonical":"https:\/\/nuevo-renacer.com\/pt\/el-suicidio-inutil-para-acabar-con-el-sufrimiento-lo-hace-perdurar\/","og_locale":"pt_BR","og_type":"article","og_title":"El suicidio: in\u00fatil para acabar con el sufrimiento, lo hace perdurar","og_description":"El suicidio: in\u00fatil para acabar con el sufrimiento, lo hace perdurar Camilo despert\u00f3 en lo que llam\u00f3 el Valle Siniestro alg\u00fan tiempo despu\u00e9s de su desencarnaci\u00f3n. El o\u00eddo -en el que hab\u00eda disparado la bala que le quit\u00f3 la existencia- segu\u00eda desangrando sin cesar. En su mente, aun confundida, registraba lo que ve\u00eda a su [&hellip;]","og_url":"https:\/\/nuevo-renacer.com\/pt\/el-suicidio-inutil-para-acabar-con-el-sufrimiento-lo-hace-perdurar\/","og_site_name":"Uni\u00f3n Esp\u00edrita","article_publisher":"https:\/\/www.facebook.com\/groups\/3431398063740829","article_modified_time":"2024-12-30T07:36:31+00:00","og_image":[{"width":2560,"height":1600,"url":"https:\/\/nuevo-renacer.com\/wp-content\/uploads\/2024\/09\/wc1721341.webp","type":"image\/webp"}],"twitter_card":"summary_large_image","twitter_misc":{"Est. tempo de leitura":"6 minutos"},"schema":{"@context":"https:\/\/schema.org","@graph":[{"@type":"WebPage","@id":"https:\/\/nuevo-renacer.com\/el-suicidio-inutil-para-acabar-con-el-sufrimiento-lo-hace-perdurar\/","url":"https:\/\/nuevo-renacer.com\/el-suicidio-inutil-para-acabar-con-el-sufrimiento-lo-hace-perdurar\/","name":"El suicidio: in\u00fatil para acabar con el sufrimiento, lo hace perdurar - Uni\u00f3n Esp\u00edrita","isPartOf":{"@id":"https:\/\/nuevo-renacer.com\/#website"},"primaryImageOfPage":{"@id":"https:\/\/nuevo-renacer.com\/el-suicidio-inutil-para-acabar-con-el-sufrimiento-lo-hace-perdurar\/#primaryimage"},"image":{"@id":"https:\/\/nuevo-renacer.com\/el-suicidio-inutil-para-acabar-con-el-sufrimiento-lo-hace-perdurar\/#primaryimage"},"thumbnailUrl":"https:\/\/nuevo-renacer.com\/wp-content\/uploads\/2024\/09\/wc1721341.webp","datePublished":"2024-09-20T05:58:29+00:00","dateModified":"2024-12-30T07:36:31+00:00","breadcrumb":{"@id":"https:\/\/nuevo-renacer.com\/el-suicidio-inutil-para-acabar-con-el-sufrimiento-lo-hace-perdurar\/#breadcrumb"},"inLanguage":"pt-BR","potentialAction":[{"@type":"ReadAction","target":["https:\/\/nuevo-renacer.com\/el-suicidio-inutil-para-acabar-con-el-sufrimiento-lo-hace-perdurar\/"]}]},{"@type":"ImageObject","inLanguage":"pt-BR","@id":"https:\/\/nuevo-renacer.com\/el-suicidio-inutil-para-acabar-con-el-sufrimiento-lo-hace-perdurar\/#primaryimage","url":"https:\/\/nuevo-renacer.com\/wp-content\/uploads\/2024\/09\/wc1721341.webp","contentUrl":"https:\/\/nuevo-renacer.com\/wp-content\/uploads\/2024\/09\/wc1721341.webp","width":2560,"height":1600},{"@type":"BreadcrumbList","@id":"https:\/\/nuevo-renacer.com\/el-suicidio-inutil-para-acabar-con-el-sufrimiento-lo-hace-perdurar\/#breadcrumb","itemListElement":[{"@type":"ListItem","position":1,"name":"Startseite","item":"https:\/\/nuevo-renacer.com\/"},{"@type":"ListItem","position":2,"name":"El suicidio: in\u00fatil para acabar con el sufrimiento, lo hace perdurar"}]},{"@type":"WebSite","@id":"https:\/\/nuevo-renacer.com\/#website","url":"https:\/\/nuevo-renacer.com\/","name":"Uni\u00f3n Esp\u00edrita","description":"Nuevo Renacer","publisher":{"@id":"https:\/\/nuevo-renacer.com\/#organization"},"potentialAction":[{"@type":"SearchAction","target":{"@type":"EntryPoint","urlTemplate":"https:\/\/nuevo-renacer.com\/?s={search_term_string}"},"query-input":{"@type":"PropertyValueSpecification","valueRequired":true,"valueName":"search_term_string"}}],"inLanguage":"pt-BR"},{"@type":"Organization","@id":"https:\/\/nuevo-renacer.com\/#organization","name":"UFEC","url":"https:\/\/nuevo-renacer.com\/","logo":{"@type":"ImageObject","inLanguage":"pt-BR","@id":"https:\/\/nuevo-renacer.com\/#\/schema\/logo\/image\/","url":"https:\/\/nuevo-renacer.com\/wp-content\/uploads\/2024\/05\/cropped-LOGO-TERMINADO1-3-3.png","contentUrl":"https:\/\/nuevo-renacer.com\/wp-content\/uploads\/2024\/05\/cropped-LOGO-TERMINADO1-3-3.png","width":512,"height":512,"caption":"UFEC"},"image":{"@id":"https:\/\/nuevo-renacer.com\/#\/schema\/logo\/image\/"},"sameAs":["https:\/\/www.facebook.com\/groups\/3431398063740829"]}]}},"uagb_featured_image_src":{"full":["https:\/\/nuevo-renacer.com\/wp-content\/uploads\/2024\/09\/wc1721341.webp",2560,1600,false],"thumbnail":["https:\/\/nuevo-renacer.com\/wp-content\/uploads\/2024\/09\/wc1721341-150x150.webp",150,150,true],"medium":["https:\/\/nuevo-renacer.com\/wp-content\/uploads\/2024\/09\/wc1721341-300x188.webp",300,188,true],"medium_large":["https:\/\/nuevo-renacer.com\/wp-content\/uploads\/2024\/09\/wc1721341-768x480.webp",768,480,true],"large":["https:\/\/nuevo-renacer.com\/wp-content\/uploads\/2024\/09\/wc1721341-1024x640.webp",1024,640,true],"1536x1536":["https:\/\/nuevo-renacer.com\/wp-content\/uploads\/2024\/09\/wc1721341-1536x960.webp",1536,960,true],"2048x2048":["https:\/\/nuevo-renacer.com\/wp-content\/uploads\/2024\/09\/wc1721341-2048x1280.webp",2048,1280,true],"trp-custom-language-flag":["https:\/\/nuevo-renacer.com\/wp-content\/uploads\/2024\/09\/wc1721341-18x12.webp",18,12,true]},"uagb_author_info":{"display_name":"adbv0","author_link":"https:\/\/nuevo-renacer.com\/pt\/author\/adbv0\/"},"uagb_comment_info":0,"uagb_excerpt":"El suicidio: in\u00fatil para acabar con el sufrimiento, lo hace perdurar Camilo despert\u00f3 en lo que llam\u00f3 el Valle Siniestro alg\u00fan tiempo despu\u00e9s de su desencarnaci\u00f3n. El o\u00eddo -en el que hab\u00eda disparado la bala que le quit\u00f3 la existencia- segu\u00eda desangrando sin cesar. En su mente, aun confundida, registraba lo que ve\u00eda a su&hellip;","jetpack_sharing_enabled":true,"_links":{"self":[{"href":"https:\/\/nuevo-renacer.com\/pt\/wp-json\/wp\/v2\/pages\/5163","targetHints":{"allow":["GET"]}}],"collection":[{"href":"https:\/\/nuevo-renacer.com\/pt\/wp-json\/wp\/v2\/pages"}],"about":[{"href":"https:\/\/nuevo-renacer.com\/pt\/wp-json\/wp\/v2\/types\/page"}],"author":[{"embeddable":true,"href":"https:\/\/nuevo-renacer.com\/pt\/wp-json\/wp\/v2\/users\/1"}],"replies":[{"embeddable":true,"href":"https:\/\/nuevo-renacer.com\/pt\/wp-json\/wp\/v2\/comments?post=5163"}],"version-history":[{"count":2,"href":"https:\/\/nuevo-renacer.com\/pt\/wp-json\/wp\/v2\/pages\/5163\/revisions"}],"predecessor-version":[{"id":6627,"href":"https:\/\/nuevo-renacer.com\/pt\/wp-json\/wp\/v2\/pages\/5163\/revisions\/6627"}],"wp:featuredmedia":[{"embeddable":true,"href":"https:\/\/nuevo-renacer.com\/pt\/wp-json\/wp\/v2\/media\/5164"}],"wp:attachment":[{"href":"https:\/\/nuevo-renacer.com\/pt\/wp-json\/wp\/v2\/media?parent=5163"}],"curies":[{"name":"wp","href":"https:\/\/api.w.org\/{rel}","templated":true}]}}