{"id":5113,"date":"2024-09-17T09:42:58","date_gmt":"2024-09-17T09:42:58","guid":{"rendered":"https:\/\/nuevo-renacer.com\/?page_id=5113"},"modified":"2024-09-17T09:43:59","modified_gmt":"2024-09-17T09:43:59","slug":"amor-verdadero-teresa-de-jesus","status":"publish","type":"page","link":"https:\/\/nuevo-renacer.com\/pt\/amor-verdadero-teresa-de-jesus\/","title":{"rendered":"Amor verdadeiro"},"content":{"rendered":"<div class=\"wp-block-uagb-container uagb-block-346a8ee3 alignfull uagb-is-root-container\"><div class=\"uagb-container-inner-blocks-wrap\">\n<p class=\"has-black-color has-text-color has-link-color has-medium-font-size wp-elements-f7c1d18b74b3f8e0cd44a48d8305834a\"><strong>Amor verdadeiro<\/strong><\/p>\n<\/div><\/div>\n\n\n\n<div class=\"wp-block-uagb-container uagb-block-9b12af0b alignfull uagb-is-root-container\"><div class=\"uagb-container-inner-blocks-wrap\">\n<figure class=\"wp-block-image size-full is-resized\"><img fetchpriority=\"high\" decoding=\"async\" width=\"612\" height=\"408\" src=\"https:\/\/nuevo-renacer.com\/wp-content\/uploads\/2024\/09\/istockphoto-1367357589-612x612-1.jpg\" alt=\"\" class=\"wp-image-5115\" style=\"width:444px;height:auto\" srcset=\"https:\/\/nuevo-renacer.com\/wp-content\/uploads\/2024\/09\/istockphoto-1367357589-612x612-1.jpg 612w, https:\/\/nuevo-renacer.com\/wp-content\/uploads\/2024\/09\/istockphoto-1367357589-612x612-1-300x200.jpg 300w, https:\/\/nuevo-renacer.com\/wp-content\/uploads\/2024\/09\/istockphoto-1367357589-612x612-1-18x12.jpg 18w\" sizes=\"(max-width: 612px) 100vw, 612px\" \/><\/figure>\n<\/div><\/div>\n\n\n\n<div class=\"wp-block-uagb-container uagb-block-c205f492 alignfull uagb-is-root-container\"><div class=\"uagb-container-inner-blocks-wrap\">\n<p class=\"has-black-color has-text-color has-link-color has-small-font-size wp-elements-7ace758822b84c8d9e35b990c61bb7b1\">A tristeza \u00e9 o que habita um cora\u00e7\u00e3o sens\u00edvel, quando na verdade ele vive imerso em grande dor, porque se o amor d\u00e1 alegria, a tristeza n\u00e3o est\u00e1 ausente, embora com esfor\u00e7o ele sonhe em descobrir a solu\u00e7\u00e3o que, com for\u00e7a e tenacidade, o separar\u00e1 das quimeras, que ofuscam as ideias que tal dom lhe proporciona.<\/p>\n\n\n\n<p class=\"has-black-color has-text-color has-link-color has-small-font-size wp-elements-10477ef70c90c88e43732966bfc6615b\">Quem n\u00e3o luta por amor?, quem n\u00e3o luta para traz\u00ea-lo para sua vida?, embora \u00e0s vezes a dor, mensageira desse amor, abra mais do que feche feridas. quando n\u00e3o \u00e9 correspondido, toda esperan\u00e7a se perde, e ele se agarra a qualquer sorte, acreditando estar amparado, porque para ser amado ele se torna um fantoche, acabando gravemente ferido, com sua vida sem sentido e perdido na noite negra.<\/p>\n\n\n\n<p class=\"has-black-color has-text-color has-link-color has-small-font-size wp-elements-733487da7afd6a237207c05f25272beb\">Acima do humano, conhe\u00e7o outro amor, que enche seu cora\u00e7\u00e3o de emo\u00e7\u00e3o e alegria, este nunca causa feridas e sublima a raz\u00e3o, apenas colocando tenacidade o ganho \u00e9 servido e convida seu esp\u00edrito a se aproximar de Deus. \u00c9 ele, queridos irm\u00e3os, que represento neste instante e momento de t\u00e3o agrad\u00e1vel felicidade, onde minha alma mensageira vem dar testemunho das alegrias de sua gl\u00f3ria: meu soberano e senhor, ele \u00e9 o amor que d\u00e1 vida, ao qual fui levado, inebriado em sua luz viva, como pura ess\u00eancia de amor.<\/p>\n\n\n\n<p class=\"has-black-color has-text-color has-link-color has-small-font-size wp-elements-5ab13770ea7b306b95fc1db49e373b8a\">Guarde em sua mem\u00f3ria, ent\u00e3o, as palavras que meu esp\u00edrito apaixonado lhe traz, que por amor j\u00e1 se libertou deste mundo e de sua dor para sempre.<\/p>\n\n\n\n<p><\/p>\n\n\n\n<p><strong>Teresa de Jesus<\/strong><\/p>\n\n\n\n<p><em>Psicografado por Antonio Hern\u00e1ndez Lozano<\/em><\/p>\n<\/div><\/div>","protected":false},"excerpt":{"rendered":"<p>Amor verdadero Tristeza es lo que habita en un coraz\u00f3n sensible, cuando de hecho convive inmerso en un gran dolor, pues si alegr\u00eda da el amor, ausente no est\u00e1 la pena, aunque con esfuerzo sue\u00f1a descubrir la soluci\u00f3n que en fortaleza y tes\u00f3n le aparte de las quimeras, que ensombrecen las ideas que le procura [&hellip;]<\/p>","protected":false},"author":1,"featured_media":0,"parent":0,"menu_order":0,"comment_status":"closed","ping_status":"closed","template":"","meta":{"_uag_custom_page_level_css":"","site-sidebar-layout":"default","site-content-layout":"","ast-site-content-layout":"default","site-content-style":"default","site-sidebar-style":"default","ast-global-header-display":"","ast-banner-title-visibility":"","ast-main-header-display":"","ast-hfb-above-header-display":"","ast-hfb-below-header-display":"","ast-hfb-mobile-header-display":"","site-post-title":"","ast-breadcrumbs-content":"","ast-featured-img":"","footer-sml-layout":"","theme-transparent-header-meta":"","adv-header-id-meta":"","stick-header-meta":"","header-above-stick-meta":"","header-main-stick-meta":"","header-below-stick-meta":"","astra-migrate-meta-layouts":"set","ast-page-background-enabled":"default","ast-page-background-meta":{"desktop":{"background-color":"var(--ast-global-color-4)","background-image":"","background-repeat":"repeat","background-position":"center center","background-size":"auto","background-attachment":"scroll","background-type":"","background-media":"","overlay-type":"","overlay-color":"","overlay-opacity":"","overlay-gradient":""},"tablet":{"background-color":"","background-image":"","background-repeat":"repeat","background-position":"center center","background-size":"auto","background-attachment":"scroll","background-type":"","background-media":"","overlay-type":"","overlay-color":"","overlay-opacity":"","overlay-gradient":""},"mobile":{"background-color":"","background-image":"","background-repeat":"repeat","background-position":"center center","background-size":"auto","background-attachment":"scroll","background-type":"","background-media":"","overlay-type":"","overlay-color":"","overlay-opacity":"","overlay-gradient":""}},"ast-content-background-meta":{"desktop":{"background-color":"var(--ast-global-color-5)","background-image":"","background-repeat":"repeat","background-position":"center center","background-size":"auto","background-attachment":"scroll","background-type":"","background-media":"","overlay-type":"","overlay-color":"","overlay-opacity":"","overlay-gradient":""},"tablet":{"background-color":"var(--ast-global-color-5)","background-image":"","background-repeat":"repeat","background-position":"center center","background-size":"auto","background-attachment":"scroll","background-type":"","background-media":"","overlay-type":"","overlay-color":"","overlay-opacity":"","overlay-gradient":""},"mobile":{"background-color":"var(--ast-global-color-5)","background-image":"","background-repeat":"repeat","background-position":"center center","background-size":"auto","background-attachment":"scroll","background-type":"","background-media":"","overlay-type":"","overlay-color":"","overlay-opacity":"","overlay-gradient":""}},"footnotes":""},"class_list":["post-5113","page","type-page","status-publish","hentry"],"yoast_head":"<!-- This site is optimized with the Yoast SEO Premium plugin v24.2 (Yoast SEO v24.6) - https:\/\/yoast.com\/wordpress\/plugins\/seo\/ -->\n<title>Amor verdadero - Uni\u00f3n Esp\u00edrita<\/title>\n<meta name=\"robots\" content=\"index, follow, max-snippet:-1, max-image-preview:large, max-video-preview:-1\" \/>\n<link rel=\"canonical\" href=\"https:\/\/nuevo-renacer.com\/pt\/amor-verdadero-teresa-de-jesus\/\" \/>\n<meta property=\"og:locale\" content=\"pt_BR\" \/>\n<meta property=\"og:type\" content=\"article\" \/>\n<meta property=\"og:title\" content=\"Amor verdadero\" \/>\n<meta property=\"og:description\" content=\"Amor verdadero Tristeza es lo que habita en un coraz\u00f3n sensible, cuando de hecho convive inmerso en un gran dolor, pues si alegr\u00eda da el amor, ausente no est\u00e1 la pena, aunque con esfuerzo sue\u00f1a descubrir la soluci\u00f3n que en fortaleza y tes\u00f3n le aparte de las quimeras, que ensombrecen las ideas que le procura [&hellip;]\" \/>\n<meta property=\"og:url\" content=\"https:\/\/nuevo-renacer.com\/pt\/amor-verdadero-teresa-de-jesus\/\" \/>\n<meta property=\"og:site_name\" content=\"Uni\u00f3n Esp\u00edrita\" \/>\n<meta property=\"article:publisher\" content=\"https:\/\/www.facebook.com\/groups\/3431398063740829\" \/>\n<meta property=\"article:modified_time\" content=\"2024-09-17T09:43:59+00:00\" \/>\n<meta property=\"og:image\" content=\"https:\/\/nuevo-renacer.com\/wp-content\/uploads\/2024\/09\/istockphoto-1367357589-612x612-1.jpg\" \/>\n<meta name=\"twitter:card\" content=\"summary_large_image\" \/>\n<meta name=\"twitter:label1\" content=\"Est. tempo de leitura\" \/>\n\t<meta name=\"twitter:data1\" content=\"1 minuto\" \/>\n<script type=\"application\/ld+json\" class=\"yoast-schema-graph\">{\"@context\":\"https:\/\/schema.org\",\"@graph\":[{\"@type\":\"WebPage\",\"@id\":\"https:\/\/nuevo-renacer.com\/amor-verdadero-teresa-de-jesus\/\",\"url\":\"https:\/\/nuevo-renacer.com\/amor-verdadero-teresa-de-jesus\/\",\"name\":\"Amor verdadero - Uni\u00f3n Esp\u00edrita\",\"isPartOf\":{\"@id\":\"https:\/\/nuevo-renacer.com\/#website\"},\"primaryImageOfPage\":{\"@id\":\"https:\/\/nuevo-renacer.com\/amor-verdadero-teresa-de-jesus\/#primaryimage\"},\"image\":{\"@id\":\"https:\/\/nuevo-renacer.com\/amor-verdadero-teresa-de-jesus\/#primaryimage\"},\"thumbnailUrl\":\"https:\/\/nuevo-renacer.com\/wp-content\/uploads\/2024\/09\/istockphoto-1367357589-612x612-1.jpg\",\"datePublished\":\"2024-09-17T09:42:58+00:00\",\"dateModified\":\"2024-09-17T09:43:59+00:00\",\"breadcrumb\":{\"@id\":\"https:\/\/nuevo-renacer.com\/amor-verdadero-teresa-de-jesus\/#breadcrumb\"},\"inLanguage\":\"pt-BR\",\"potentialAction\":[{\"@type\":\"ReadAction\",\"target\":[\"https:\/\/nuevo-renacer.com\/amor-verdadero-teresa-de-jesus\/\"]}]},{\"@type\":\"ImageObject\",\"inLanguage\":\"pt-BR\",\"@id\":\"https:\/\/nuevo-renacer.com\/amor-verdadero-teresa-de-jesus\/#primaryimage\",\"url\":\"https:\/\/nuevo-renacer.com\/wp-content\/uploads\/2024\/09\/istockphoto-1367357589-612x612-1.jpg\",\"contentUrl\":\"https:\/\/nuevo-renacer.com\/wp-content\/uploads\/2024\/09\/istockphoto-1367357589-612x612-1.jpg\"},{\"@type\":\"BreadcrumbList\",\"@id\":\"https:\/\/nuevo-renacer.com\/amor-verdadero-teresa-de-jesus\/#breadcrumb\",\"itemListElement\":[{\"@type\":\"ListItem\",\"position\":1,\"name\":\"Startseite\",\"item\":\"https:\/\/nuevo-renacer.com\/\"},{\"@type\":\"ListItem\",\"position\":2,\"name\":\"Amor verdadero\"}]},{\"@type\":\"WebSite\",\"@id\":\"https:\/\/nuevo-renacer.com\/#website\",\"url\":\"https:\/\/nuevo-renacer.com\/\",\"name\":\"Uni\u00f3n Esp\u00edrita\",\"description\":\"Nuevo Renacer\",\"publisher\":{\"@id\":\"https:\/\/nuevo-renacer.com\/#organization\"},\"potentialAction\":[{\"@type\":\"SearchAction\",\"target\":{\"@type\":\"EntryPoint\",\"urlTemplate\":\"https:\/\/nuevo-renacer.com\/?s={search_term_string}\"},\"query-input\":{\"@type\":\"PropertyValueSpecification\",\"valueRequired\":true,\"valueName\":\"search_term_string\"}}],\"inLanguage\":\"pt-BR\"},{\"@type\":\"Organization\",\"@id\":\"https:\/\/nuevo-renacer.com\/#organization\",\"name\":\"UFEC\",\"url\":\"https:\/\/nuevo-renacer.com\/\",\"logo\":{\"@type\":\"ImageObject\",\"inLanguage\":\"pt-BR\",\"@id\":\"https:\/\/nuevo-renacer.com\/#\/schema\/logo\/image\/\",\"url\":\"https:\/\/nuevo-renacer.com\/wp-content\/uploads\/2024\/05\/cropped-LOGO-TERMINADO1-3-3.png\",\"contentUrl\":\"https:\/\/nuevo-renacer.com\/wp-content\/uploads\/2024\/05\/cropped-LOGO-TERMINADO1-3-3.png\",\"width\":512,\"height\":512,\"caption\":\"UFEC\"},\"image\":{\"@id\":\"https:\/\/nuevo-renacer.com\/#\/schema\/logo\/image\/\"},\"sameAs\":[\"https:\/\/www.facebook.com\/groups\/3431398063740829\"]}]}<\/script>\n<!-- \/ Yoast SEO Premium plugin. -->","yoast_head_json":{"title":"Amor verdadero - Uni\u00f3n Esp\u00edrita","robots":{"index":"index","follow":"follow","max-snippet":"max-snippet:-1","max-image-preview":"max-image-preview:large","max-video-preview":"max-video-preview:-1"},"canonical":"https:\/\/nuevo-renacer.com\/pt\/amor-verdadero-teresa-de-jesus\/","og_locale":"pt_BR","og_type":"article","og_title":"Amor verdadero","og_description":"Amor verdadero Tristeza es lo que habita en un coraz\u00f3n sensible, cuando de hecho convive inmerso en un gran dolor, pues si alegr\u00eda da el amor, ausente no est\u00e1 la pena, aunque con esfuerzo sue\u00f1a descubrir la soluci\u00f3n que en fortaleza y tes\u00f3n le aparte de las quimeras, que ensombrecen las ideas que le procura [&hellip;]","og_url":"https:\/\/nuevo-renacer.com\/pt\/amor-verdadero-teresa-de-jesus\/","og_site_name":"Uni\u00f3n Esp\u00edrita","article_publisher":"https:\/\/www.facebook.com\/groups\/3431398063740829","article_modified_time":"2024-09-17T09:43:59+00:00","og_image":[{"url":"https:\/\/nuevo-renacer.com\/wp-content\/uploads\/2024\/09\/istockphoto-1367357589-612x612-1.jpg","type":"","width":"","height":""}],"twitter_card":"summary_large_image","twitter_misc":{"Est. tempo de leitura":"1 minuto"},"schema":{"@context":"https:\/\/schema.org","@graph":[{"@type":"WebPage","@id":"https:\/\/nuevo-renacer.com\/amor-verdadero-teresa-de-jesus\/","url":"https:\/\/nuevo-renacer.com\/amor-verdadero-teresa-de-jesus\/","name":"Amor verdadero - Uni\u00f3n Esp\u00edrita","isPartOf":{"@id":"https:\/\/nuevo-renacer.com\/#website"},"primaryImageOfPage":{"@id":"https:\/\/nuevo-renacer.com\/amor-verdadero-teresa-de-jesus\/#primaryimage"},"image":{"@id":"https:\/\/nuevo-renacer.com\/amor-verdadero-teresa-de-jesus\/#primaryimage"},"thumbnailUrl":"https:\/\/nuevo-renacer.com\/wp-content\/uploads\/2024\/09\/istockphoto-1367357589-612x612-1.jpg","datePublished":"2024-09-17T09:42:58+00:00","dateModified":"2024-09-17T09:43:59+00:00","breadcrumb":{"@id":"https:\/\/nuevo-renacer.com\/amor-verdadero-teresa-de-jesus\/#breadcrumb"},"inLanguage":"pt-BR","potentialAction":[{"@type":"ReadAction","target":["https:\/\/nuevo-renacer.com\/amor-verdadero-teresa-de-jesus\/"]}]},{"@type":"ImageObject","inLanguage":"pt-BR","@id":"https:\/\/nuevo-renacer.com\/amor-verdadero-teresa-de-jesus\/#primaryimage","url":"https:\/\/nuevo-renacer.com\/wp-content\/uploads\/2024\/09\/istockphoto-1367357589-612x612-1.jpg","contentUrl":"https:\/\/nuevo-renacer.com\/wp-content\/uploads\/2024\/09\/istockphoto-1367357589-612x612-1.jpg"},{"@type":"BreadcrumbList","@id":"https:\/\/nuevo-renacer.com\/amor-verdadero-teresa-de-jesus\/#breadcrumb","itemListElement":[{"@type":"ListItem","position":1,"name":"Startseite","item":"https:\/\/nuevo-renacer.com\/"},{"@type":"ListItem","position":2,"name":"Amor verdadero"}]},{"@type":"WebSite","@id":"https:\/\/nuevo-renacer.com\/#website","url":"https:\/\/nuevo-renacer.com\/","name":"Uni\u00f3n Esp\u00edrita","description":"Nuevo Renacer","publisher":{"@id":"https:\/\/nuevo-renacer.com\/#organization"},"potentialAction":[{"@type":"SearchAction","target":{"@type":"EntryPoint","urlTemplate":"https:\/\/nuevo-renacer.com\/?s={search_term_string}"},"query-input":{"@type":"PropertyValueSpecification","valueRequired":true,"valueName":"search_term_string"}}],"inLanguage":"pt-BR"},{"@type":"Organization","@id":"https:\/\/nuevo-renacer.com\/#organization","name":"UFEC","url":"https:\/\/nuevo-renacer.com\/","logo":{"@type":"ImageObject","inLanguage":"pt-BR","@id":"https:\/\/nuevo-renacer.com\/#\/schema\/logo\/image\/","url":"https:\/\/nuevo-renacer.com\/wp-content\/uploads\/2024\/05\/cropped-LOGO-TERMINADO1-3-3.png","contentUrl":"https:\/\/nuevo-renacer.com\/wp-content\/uploads\/2024\/05\/cropped-LOGO-TERMINADO1-3-3.png","width":512,"height":512,"caption":"UFEC"},"image":{"@id":"https:\/\/nuevo-renacer.com\/#\/schema\/logo\/image\/"},"sameAs":["https:\/\/www.facebook.com\/groups\/3431398063740829"]}]}},"uagb_featured_image_src":{"full":false,"thumbnail":false,"medium":false,"medium_large":false,"large":false,"1536x1536":false,"2048x2048":false,"trp-custom-language-flag":false},"uagb_author_info":{"display_name":"adbv0","author_link":"https:\/\/nuevo-renacer.com\/pt\/author\/adbv0\/"},"uagb_comment_info":0,"uagb_excerpt":"Amor verdadero Tristeza es lo que habita en un coraz\u00f3n sensible, cuando de hecho convive inmerso en un gran dolor, pues si alegr\u00eda da el amor, ausente no est\u00e1 la pena, aunque con esfuerzo sue\u00f1a descubrir la soluci\u00f3n que en fortaleza y tes\u00f3n le aparte de las quimeras, que ensombrecen las ideas que le procura&hellip;","jetpack_sharing_enabled":true,"_links":{"self":[{"href":"https:\/\/nuevo-renacer.com\/pt\/wp-json\/wp\/v2\/pages\/5113","targetHints":{"allow":["GET"]}}],"collection":[{"href":"https:\/\/nuevo-renacer.com\/pt\/wp-json\/wp\/v2\/pages"}],"about":[{"href":"https:\/\/nuevo-renacer.com\/pt\/wp-json\/wp\/v2\/types\/page"}],"author":[{"embeddable":true,"href":"https:\/\/nuevo-renacer.com\/pt\/wp-json\/wp\/v2\/users\/1"}],"replies":[{"embeddable":true,"href":"https:\/\/nuevo-renacer.com\/pt\/wp-json\/wp\/v2\/comments?post=5113"}],"version-history":[{"count":3,"href":"https:\/\/nuevo-renacer.com\/pt\/wp-json\/wp\/v2\/pages\/5113\/revisions"}],"predecessor-version":[{"id":5117,"href":"https:\/\/nuevo-renacer.com\/pt\/wp-json\/wp\/v2\/pages\/5113\/revisions\/5117"}],"wp:attachment":[{"href":"https:\/\/nuevo-renacer.com\/pt\/wp-json\/wp\/v2\/media?parent=5113"}],"curies":[{"name":"wp","href":"https:\/\/api.w.org\/{rel}","templated":true}]}}