{"id":5015,"date":"2024-09-14T18:42:12","date_gmt":"2024-09-14T18:42:12","guid":{"rendered":"https:\/\/nuevo-renacer.com\/?page_id=5015"},"modified":"2024-09-15T08:51:57","modified_gmt":"2024-09-15T08:51:57","slug":"alarde-de-amor-teresa-de-jesus","status":"publish","type":"page","link":"https:\/\/nuevo-renacer.com\/pt\/alarde-de-amor-teresa-de-jesus\/","title":{"rendered":"Vangloriar-se do amor"},"content":{"rendered":"<div class=\"wp-block-uagb-container uagb-block-68b181b7 alignfull uagb-is-root-container\"><div class=\"uagb-container-inner-blocks-wrap\">\n<p class=\"has-black-color has-text-color has-link-color has-medium-font-size wp-elements-3fa96b56f4dbc48ef94dc4f9e0d95447\"><strong>Vangloriar-se do amor<\/strong><\/p>\n<\/div><\/div>\n\n\n\n<div class=\"wp-block-uagb-container uagb-block-6c8670c3 alignfull uagb-is-root-container\"><div class=\"uagb-container-inner-blocks-wrap\">\n<figure class=\"wp-block-image size-large is-resized\"><img fetchpriority=\"high\" decoding=\"async\" width=\"1024\" height=\"574\" src=\"https:\/\/nuevo-renacer.com\/wp-content\/uploads\/2024\/09\/prahlerei-1-1024x574.png\" alt=\"\" class=\"wp-image-5024\" style=\"width:412px;height:auto\" srcset=\"https:\/\/nuevo-renacer.com\/wp-content\/uploads\/2024\/09\/prahlerei-1-1024x574.png 1024w, https:\/\/nuevo-renacer.com\/wp-content\/uploads\/2024\/09\/prahlerei-1-300x168.png 300w, https:\/\/nuevo-renacer.com\/wp-content\/uploads\/2024\/09\/prahlerei-1-768x431.png 768w, https:\/\/nuevo-renacer.com\/wp-content\/uploads\/2024\/09\/prahlerei-1-18x10.png 18w, https:\/\/nuevo-renacer.com\/wp-content\/uploads\/2024\/09\/prahlerei-1.png 1200w\" sizes=\"(max-width: 1024px) 100vw, 1024px\" \/><\/figure>\n<\/div><\/div>\n\n\n\n<div class=\"wp-block-uagb-container uagb-block-c7f05eeb alignfull uagb-is-root-container\"><div class=\"uagb-container-inner-blocks-wrap\">\n<p class=\"has-black-color has-text-color has-link-color has-small-font-size wp-elements-9b2b2e041bab988f98c32944581bfc51\">N\u00e3o \u00e9 a pregui\u00e7a ou o desencanto, que sublimam o momento do homem em um mundo incerto, que transformam em calor, a firme bravura, a const\u00e2ncia e a tenacidade, que v\u00eam do meu Deus, para apagar as lamenta\u00e7\u00f5es, do cora\u00e7\u00e3o que se abre para sentir seu esplendor.<\/p>\n\n\n\n<p class=\"has-black-color has-text-color has-link-color has-small-font-size wp-elements-fc6a2526c96d2efe9bb809a8b1a61185\">Pois a Gl\u00f3ria do Senhor est\u00e1 instantaneamente presente diante de qualquer viajante que, em seu del\u00edrio, se dirige, como o rio com seu curso, a um determinado destino; tornando-se o primeiro e sem dor que o assuste, a erguer um estandarte na Obra do Cordeiro.<\/p>\n\n\n\n<p class=\"has-black-color has-text-color has-link-color has-small-font-size wp-elements-943128afef35a1d6a96dd3bbc6218f1b\">\u00c9 o meu Redentor Jesus, a maravilha que arde em mim, e eu me vanglorio de Seu amor pelo homem que \u00e9 meu irm\u00e3o e que se tornou desumano com sua atitude covarde; selando o tempo com sangue que marcar\u00e1 seu destino em dire\u00e7\u00e3o a outras dire\u00e7\u00f5es e estradas, outros c\u00e9us e outros ares.<\/p>\n\n\n\n<p class=\"has-black-color has-text-color has-link-color has-small-font-size wp-elements-0bd5a1c9b3f22b59b0c0f7ea8feb6ab8\">Miseric\u00f3rdia!, meu Deus, para o homem deste mundo, para que ele possa transformar, em um segundo momento, a raiva, o \u00f3dio e a vingan\u00e7a, em amor e esperan\u00e7a, que assim, no Astral, ele concordou, regenerando seu destino na Luz de teu semblante, e por ti ele possa sentir saudade, esquecendo a injusti\u00e7a.<\/p>\n\n\n\n<p><\/p>\n\n\n\n<p><strong>Teresa de Jesus<\/strong><\/p>\n\n\n\n<p><em>Psicografado por Antonio Hern\u00e1ndez Lozano<\/em><\/p>\n\n\n\n<p><\/p>\n\n\n\n<p><\/p>\n\n\n\n<p><\/p>\n<\/div><\/div>","protected":false},"excerpt":{"rendered":"<p>Alarde de Amor No es pereza o desencanto, lo que sublima el momento del hombre en un mundo incierto, que se vuelca en calentura, la firme bravura, la constancia y el tes\u00f3n, que provienen de mi Dios, para borrar los lamentos, del coraz\u00f3n que est\u00e1 abierto para sentir su esplendor. Pues la Gloria del Se\u00f1or, [&hellip;]<\/p>","protected":false},"author":1,"featured_media":5024,"parent":0,"menu_order":0,"comment_status":"closed","ping_status":"closed","template":"","meta":{"_uag_custom_page_level_css":"","site-sidebar-layout":"default","site-content-layout":"","ast-site-content-layout":"default","site-content-style":"default","site-sidebar-style":"default","ast-global-header-display":"","ast-banner-title-visibility":"","ast-main-header-display":"","ast-hfb-above-header-display":"","ast-hfb-below-header-display":"","ast-hfb-mobile-header-display":"","site-post-title":"","ast-breadcrumbs-content":"","ast-featured-img":"","footer-sml-layout":"","theme-transparent-header-meta":"","adv-header-id-meta":"","stick-header-meta":"","header-above-stick-meta":"","header-main-stick-meta":"","header-below-stick-meta":"","astra-migrate-meta-layouts":"set","ast-page-background-enabled":"default","ast-page-background-meta":{"desktop":{"background-color":"var(--ast-global-color-4)","background-image":"","background-repeat":"repeat","background-position":"center center","background-size":"auto","background-attachment":"scroll","background-type":"","background-media":"","overlay-type":"","overlay-color":"","overlay-opacity":"","overlay-gradient":""},"tablet":{"background-color":"","background-image":"","background-repeat":"repeat","background-position":"center center","background-size":"auto","background-attachment":"scroll","background-type":"","background-media":"","overlay-type":"","overlay-color":"","overlay-opacity":"","overlay-gradient":""},"mobile":{"background-color":"","background-image":"","background-repeat":"repeat","background-position":"center center","background-size":"auto","background-attachment":"scroll","background-type":"","background-media":"","overlay-type":"","overlay-color":"","overlay-opacity":"","overlay-gradient":""}},"ast-content-background-meta":{"desktop":{"background-color":"var(--ast-global-color-5)","background-image":"","background-repeat":"repeat","background-position":"center center","background-size":"auto","background-attachment":"scroll","background-type":"","background-media":"","overlay-type":"","overlay-color":"","overlay-opacity":"","overlay-gradient":""},"tablet":{"background-color":"var(--ast-global-color-5)","background-image":"","background-repeat":"repeat","background-position":"center center","background-size":"auto","background-attachment":"scroll","background-type":"","background-media":"","overlay-type":"","overlay-color":"","overlay-opacity":"","overlay-gradient":""},"mobile":{"background-color":"var(--ast-global-color-5)","background-image":"","background-repeat":"repeat","background-position":"center center","background-size":"auto","background-attachment":"scroll","background-type":"","background-media":"","overlay-type":"","overlay-color":"","overlay-opacity":"","overlay-gradient":""}},"footnotes":""},"class_list":["post-5015","page","type-page","status-publish","has-post-thumbnail","hentry"],"yoast_head":"<!-- This site is optimized with the Yoast SEO Premium plugin v24.2 (Yoast SEO v24.6) - https:\/\/yoast.com\/wordpress\/plugins\/seo\/ -->\n<title>Alarde de Amor - Uni\u00f3n Esp\u00edrita<\/title>\n<meta name=\"robots\" content=\"index, follow, max-snippet:-1, max-image-preview:large, max-video-preview:-1\" \/>\n<link rel=\"canonical\" href=\"https:\/\/nuevo-renacer.com\/pt\/alarde-de-amor-teresa-de-jesus\/\" \/>\n<meta property=\"og:locale\" content=\"pt_BR\" \/>\n<meta property=\"og:type\" content=\"article\" \/>\n<meta property=\"og:title\" content=\"Alarde de Amor\" \/>\n<meta property=\"og:description\" content=\"Alarde de Amor No es pereza o desencanto, lo que sublima el momento del hombre en un mundo incierto, que se vuelca en calentura, la firme bravura, la constancia y el tes\u00f3n, que provienen de mi Dios, para borrar los lamentos, del coraz\u00f3n que est\u00e1 abierto para sentir su esplendor. Pues la Gloria del Se\u00f1or, [&hellip;]\" \/>\n<meta property=\"og:url\" content=\"https:\/\/nuevo-renacer.com\/pt\/alarde-de-amor-teresa-de-jesus\/\" \/>\n<meta property=\"og:site_name\" content=\"Uni\u00f3n Esp\u00edrita\" \/>\n<meta property=\"article:publisher\" content=\"https:\/\/www.facebook.com\/groups\/3431398063740829\" \/>\n<meta property=\"article:modified_time\" content=\"2024-09-15T08:51:57+00:00\" \/>\n<meta property=\"og:image\" content=\"https:\/\/nuevo-renacer.com\/wp-content\/uploads\/2024\/09\/prahlerei-1.png\" \/>\n\t<meta property=\"og:image:width\" content=\"1200\" \/>\n\t<meta property=\"og:image:height\" content=\"673\" \/>\n\t<meta property=\"og:image:type\" content=\"image\/png\" \/>\n<meta name=\"twitter:card\" content=\"summary_large_image\" \/>\n<meta name=\"twitter:label1\" content=\"Est. tempo de leitura\" \/>\n\t<meta name=\"twitter:data1\" content=\"1 minuto\" \/>\n<script type=\"application\/ld+json\" class=\"yoast-schema-graph\">{\"@context\":\"https:\/\/schema.org\",\"@graph\":[{\"@type\":\"WebPage\",\"@id\":\"https:\/\/nuevo-renacer.com\/alarde-de-amor-teresa-de-jesus\/\",\"url\":\"https:\/\/nuevo-renacer.com\/alarde-de-amor-teresa-de-jesus\/\",\"name\":\"Alarde de Amor - Uni\u00f3n Esp\u00edrita\",\"isPartOf\":{\"@id\":\"https:\/\/nuevo-renacer.com\/#website\"},\"primaryImageOfPage\":{\"@id\":\"https:\/\/nuevo-renacer.com\/alarde-de-amor-teresa-de-jesus\/#primaryimage\"},\"image\":{\"@id\":\"https:\/\/nuevo-renacer.com\/alarde-de-amor-teresa-de-jesus\/#primaryimage\"},\"thumbnailUrl\":\"https:\/\/nuevo-renacer.com\/wp-content\/uploads\/2024\/09\/prahlerei-1.png\",\"datePublished\":\"2024-09-14T18:42:12+00:00\",\"dateModified\":\"2024-09-15T08:51:57+00:00\",\"breadcrumb\":{\"@id\":\"https:\/\/nuevo-renacer.com\/alarde-de-amor-teresa-de-jesus\/#breadcrumb\"},\"inLanguage\":\"pt-BR\",\"potentialAction\":[{\"@type\":\"ReadAction\",\"target\":[\"https:\/\/nuevo-renacer.com\/alarde-de-amor-teresa-de-jesus\/\"]}]},{\"@type\":\"ImageObject\",\"inLanguage\":\"pt-BR\",\"@id\":\"https:\/\/nuevo-renacer.com\/alarde-de-amor-teresa-de-jesus\/#primaryimage\",\"url\":\"https:\/\/nuevo-renacer.com\/wp-content\/uploads\/2024\/09\/prahlerei-1.png\",\"contentUrl\":\"https:\/\/nuevo-renacer.com\/wp-content\/uploads\/2024\/09\/prahlerei-1.png\",\"width\":1200,\"height\":673},{\"@type\":\"BreadcrumbList\",\"@id\":\"https:\/\/nuevo-renacer.com\/alarde-de-amor-teresa-de-jesus\/#breadcrumb\",\"itemListElement\":[{\"@type\":\"ListItem\",\"position\":1,\"name\":\"Startseite\",\"item\":\"https:\/\/nuevo-renacer.com\/\"},{\"@type\":\"ListItem\",\"position\":2,\"name\":\"Alarde de Amor\"}]},{\"@type\":\"WebSite\",\"@id\":\"https:\/\/nuevo-renacer.com\/#website\",\"url\":\"https:\/\/nuevo-renacer.com\/\",\"name\":\"Uni\u00f3n Esp\u00edrita\",\"description\":\"Nuevo Renacer\",\"publisher\":{\"@id\":\"https:\/\/nuevo-renacer.com\/#organization\"},\"potentialAction\":[{\"@type\":\"SearchAction\",\"target\":{\"@type\":\"EntryPoint\",\"urlTemplate\":\"https:\/\/nuevo-renacer.com\/?s={search_term_string}\"},\"query-input\":{\"@type\":\"PropertyValueSpecification\",\"valueRequired\":true,\"valueName\":\"search_term_string\"}}],\"inLanguage\":\"pt-BR\"},{\"@type\":\"Organization\",\"@id\":\"https:\/\/nuevo-renacer.com\/#organization\",\"name\":\"UFEC\",\"url\":\"https:\/\/nuevo-renacer.com\/\",\"logo\":{\"@type\":\"ImageObject\",\"inLanguage\":\"pt-BR\",\"@id\":\"https:\/\/nuevo-renacer.com\/#\/schema\/logo\/image\/\",\"url\":\"https:\/\/nuevo-renacer.com\/wp-content\/uploads\/2024\/05\/cropped-LOGO-TERMINADO1-3-3.png\",\"contentUrl\":\"https:\/\/nuevo-renacer.com\/wp-content\/uploads\/2024\/05\/cropped-LOGO-TERMINADO1-3-3.png\",\"width\":512,\"height\":512,\"caption\":\"UFEC\"},\"image\":{\"@id\":\"https:\/\/nuevo-renacer.com\/#\/schema\/logo\/image\/\"},\"sameAs\":[\"https:\/\/www.facebook.com\/groups\/3431398063740829\"]}]}<\/script>\n<!-- \/ Yoast SEO Premium plugin. -->","yoast_head_json":{"title":"Alarde de Amor - Uni\u00f3n Esp\u00edrita","robots":{"index":"index","follow":"follow","max-snippet":"max-snippet:-1","max-image-preview":"max-image-preview:large","max-video-preview":"max-video-preview:-1"},"canonical":"https:\/\/nuevo-renacer.com\/pt\/alarde-de-amor-teresa-de-jesus\/","og_locale":"pt_BR","og_type":"article","og_title":"Alarde de Amor","og_description":"Alarde de Amor No es pereza o desencanto, lo que sublima el momento del hombre en un mundo incierto, que se vuelca en calentura, la firme bravura, la constancia y el tes\u00f3n, que provienen de mi Dios, para borrar los lamentos, del coraz\u00f3n que est\u00e1 abierto para sentir su esplendor. Pues la Gloria del Se\u00f1or, [&hellip;]","og_url":"https:\/\/nuevo-renacer.com\/pt\/alarde-de-amor-teresa-de-jesus\/","og_site_name":"Uni\u00f3n Esp\u00edrita","article_publisher":"https:\/\/www.facebook.com\/groups\/3431398063740829","article_modified_time":"2024-09-15T08:51:57+00:00","og_image":[{"width":1200,"height":673,"url":"https:\/\/nuevo-renacer.com\/wp-content\/uploads\/2024\/09\/prahlerei-1.png","type":"image\/png"}],"twitter_card":"summary_large_image","twitter_misc":{"Est. tempo de leitura":"1 minuto"},"schema":{"@context":"https:\/\/schema.org","@graph":[{"@type":"WebPage","@id":"https:\/\/nuevo-renacer.com\/alarde-de-amor-teresa-de-jesus\/","url":"https:\/\/nuevo-renacer.com\/alarde-de-amor-teresa-de-jesus\/","name":"Alarde de Amor - Uni\u00f3n Esp\u00edrita","isPartOf":{"@id":"https:\/\/nuevo-renacer.com\/#website"},"primaryImageOfPage":{"@id":"https:\/\/nuevo-renacer.com\/alarde-de-amor-teresa-de-jesus\/#primaryimage"},"image":{"@id":"https:\/\/nuevo-renacer.com\/alarde-de-amor-teresa-de-jesus\/#primaryimage"},"thumbnailUrl":"https:\/\/nuevo-renacer.com\/wp-content\/uploads\/2024\/09\/prahlerei-1.png","datePublished":"2024-09-14T18:42:12+00:00","dateModified":"2024-09-15T08:51:57+00:00","breadcrumb":{"@id":"https:\/\/nuevo-renacer.com\/alarde-de-amor-teresa-de-jesus\/#breadcrumb"},"inLanguage":"pt-BR","potentialAction":[{"@type":"ReadAction","target":["https:\/\/nuevo-renacer.com\/alarde-de-amor-teresa-de-jesus\/"]}]},{"@type":"ImageObject","inLanguage":"pt-BR","@id":"https:\/\/nuevo-renacer.com\/alarde-de-amor-teresa-de-jesus\/#primaryimage","url":"https:\/\/nuevo-renacer.com\/wp-content\/uploads\/2024\/09\/prahlerei-1.png","contentUrl":"https:\/\/nuevo-renacer.com\/wp-content\/uploads\/2024\/09\/prahlerei-1.png","width":1200,"height":673},{"@type":"BreadcrumbList","@id":"https:\/\/nuevo-renacer.com\/alarde-de-amor-teresa-de-jesus\/#breadcrumb","itemListElement":[{"@type":"ListItem","position":1,"name":"Startseite","item":"https:\/\/nuevo-renacer.com\/"},{"@type":"ListItem","position":2,"name":"Alarde de Amor"}]},{"@type":"WebSite","@id":"https:\/\/nuevo-renacer.com\/#website","url":"https:\/\/nuevo-renacer.com\/","name":"Uni\u00f3n Esp\u00edrita","description":"Nuevo Renacer","publisher":{"@id":"https:\/\/nuevo-renacer.com\/#organization"},"potentialAction":[{"@type":"SearchAction","target":{"@type":"EntryPoint","urlTemplate":"https:\/\/nuevo-renacer.com\/?s={search_term_string}"},"query-input":{"@type":"PropertyValueSpecification","valueRequired":true,"valueName":"search_term_string"}}],"inLanguage":"pt-BR"},{"@type":"Organization","@id":"https:\/\/nuevo-renacer.com\/#organization","name":"UFEC","url":"https:\/\/nuevo-renacer.com\/","logo":{"@type":"ImageObject","inLanguage":"pt-BR","@id":"https:\/\/nuevo-renacer.com\/#\/schema\/logo\/image\/","url":"https:\/\/nuevo-renacer.com\/wp-content\/uploads\/2024\/05\/cropped-LOGO-TERMINADO1-3-3.png","contentUrl":"https:\/\/nuevo-renacer.com\/wp-content\/uploads\/2024\/05\/cropped-LOGO-TERMINADO1-3-3.png","width":512,"height":512,"caption":"UFEC"},"image":{"@id":"https:\/\/nuevo-renacer.com\/#\/schema\/logo\/image\/"},"sameAs":["https:\/\/www.facebook.com\/groups\/3431398063740829"]}]}},"uagb_featured_image_src":{"full":["https:\/\/nuevo-renacer.com\/wp-content\/uploads\/2024\/09\/prahlerei-1.png",1200,673,false],"thumbnail":["https:\/\/nuevo-renacer.com\/wp-content\/uploads\/2024\/09\/prahlerei-1-150x150.png",150,150,true],"medium":["https:\/\/nuevo-renacer.com\/wp-content\/uploads\/2024\/09\/prahlerei-1-300x168.png",300,168,true],"medium_large":["https:\/\/nuevo-renacer.com\/wp-content\/uploads\/2024\/09\/prahlerei-1-768x431.png",768,431,true],"large":["https:\/\/nuevo-renacer.com\/wp-content\/uploads\/2024\/09\/prahlerei-1-1024x574.png",1024,574,true],"1536x1536":["https:\/\/nuevo-renacer.com\/wp-content\/uploads\/2024\/09\/prahlerei-1.png",1200,673,false],"2048x2048":["https:\/\/nuevo-renacer.com\/wp-content\/uploads\/2024\/09\/prahlerei-1.png",1200,673,false],"trp-custom-language-flag":["https:\/\/nuevo-renacer.com\/wp-content\/uploads\/2024\/09\/prahlerei-1-18x10.png",18,10,true]},"uagb_author_info":{"display_name":"adbv0","author_link":"https:\/\/nuevo-renacer.com\/pt\/author\/adbv0\/"},"uagb_comment_info":0,"uagb_excerpt":"Alarde de Amor No es pereza o desencanto, lo que sublima el momento del hombre en un mundo incierto, que se vuelca en calentura, la firme bravura, la constancia y el tes\u00f3n, que provienen de mi Dios, para borrar los lamentos, del coraz\u00f3n que est\u00e1 abierto para sentir su esplendor. Pues la Gloria del Se\u00f1or,&hellip;","jetpack_sharing_enabled":true,"_links":{"self":[{"href":"https:\/\/nuevo-renacer.com\/pt\/wp-json\/wp\/v2\/pages\/5015","targetHints":{"allow":["GET"]}}],"collection":[{"href":"https:\/\/nuevo-renacer.com\/pt\/wp-json\/wp\/v2\/pages"}],"about":[{"href":"https:\/\/nuevo-renacer.com\/pt\/wp-json\/wp\/v2\/types\/page"}],"author":[{"embeddable":true,"href":"https:\/\/nuevo-renacer.com\/pt\/wp-json\/wp\/v2\/users\/1"}],"replies":[{"embeddable":true,"href":"https:\/\/nuevo-renacer.com\/pt\/wp-json\/wp\/v2\/comments?post=5015"}],"version-history":[{"count":5,"href":"https:\/\/nuevo-renacer.com\/pt\/wp-json\/wp\/v2\/pages\/5015\/revisions"}],"predecessor-version":[{"id":5062,"href":"https:\/\/nuevo-renacer.com\/pt\/wp-json\/wp\/v2\/pages\/5015\/revisions\/5062"}],"wp:featuredmedia":[{"embeddable":true,"href":"https:\/\/nuevo-renacer.com\/pt\/wp-json\/wp\/v2\/media\/5024"}],"wp:attachment":[{"href":"https:\/\/nuevo-renacer.com\/pt\/wp-json\/wp\/v2\/media?parent=5015"}],"curies":[{"name":"wp","href":"https:\/\/api.w.org\/{rel}","templated":true}]}}