{"id":4692,"date":"2024-09-11T08:50:37","date_gmt":"2024-09-11T08:50:37","guid":{"rendered":"https:\/\/nuevo-renacer.com\/?page_id=4692"},"modified":"2026-04-20T19:13:03","modified_gmt":"2026-04-20T19:13:03","slug":"simplicia-armstrong-de-ramu","status":"publish","type":"page","link":"https:\/\/nuevo-renacer.com\/pt\/simplicia-armstrong-de-ramu\/","title":{"rendered":"Simplicia Armstrong de Ram\u00fa"},"content":{"rendered":"<div class=\"wp-block-uagb-container uagb-block-30c0e3c3 alignfull uagb-is-root-container\"><div class=\"uagb-container-inner-blocks-wrap\">\n<p class=\"has-black-color has-text-color has-link-color has-medium-font-size wp-elements-36a6a5e7426a2d23d5ba12d9a30d2080\"><strong>Simplicia Armstrong de Ram\u00fa (1863-1909)<\/strong><\/p>\n<\/div><\/div>\n\n\n\n<div class=\"wp-block-uagb-container uagb-block-4b383c4e alignfull uagb-is-root-container\"><div class=\"uagb-container-inner-blocks-wrap\">\n<figure class=\"wp-block-image size-full is-resized\"><img decoding=\"async\" width=\"192\" height=\"186\" src=\"https:\/\/nuevo-renacer.com\/wp-content\/uploads\/2024\/09\/2.png\" alt=\"\" class=\"wp-image-4694\" style=\"width:315px;height:auto\" srcset=\"https:\/\/nuevo-renacer.com\/wp-content\/uploads\/2024\/09\/2.png 192w, https:\/\/nuevo-renacer.com\/wp-content\/uploads\/2024\/09\/2-12x12.png 12w\" sizes=\"(max-width: 192px) 100vw, 192px\" \/><\/figure>\n<\/div><\/div>\n\n\n\n<div class=\"wp-block-uagb-container uagb-block-47ac7a2c alignfull uagb-is-root-container\"><div class=\"uagb-container-inner-blocks-wrap\">\n<p class=\"has-black-color has-text-color has-link-color has-small-font-size wp-elements-cf8e0d47068d466f4f9f6448405c7eba\">Ilustre escritora, ativista e espiritista porto-riquenha, Simplicia Armstrong M\u00e1rquez de Ram\u00fa nasceu na cidade de Ponce em 1863. Filha de Tom\u00e1s Armstrong, um ingl\u00eas protestante que morreu quando ela tinha apenas cinco anos de idade, e de Ramona M\u00e1rquez, uma m\u00e3e cat\u00f3lica que a deixou \u00f3rf\u00e3 aos treze anos e respons\u00e1vel por um irm\u00e3o de nove anos, Armstrong de Ram\u00fa dedicou sua vida \u00e0 luta pela emancipa\u00e7\u00e3o das mulheres porto-riquenhas. Com uma maneira original e complexa de pensar, ela analisou uma sociedade estruturalmente servida pelo patriarcado, pela misoginia e pelo fanatismo religioso, concluindo que somente as mulheres, encarregadas pela tradi\u00e7\u00e3o de formar a consci\u00eancia das novas gera\u00e7\u00f5es, poderiam fazer as mudan\u00e7as necess\u00e1rias para abrir o espa\u00e7o p\u00fablico; que somente ela mesma, em solidariedade com outras mulheres e homens emancipados, poderia se libertar. O espiritualismo a levou a se apropriar de sua pr\u00f3pria consci\u00eancia e a usar o livre pensamento exigido pela raz\u00e3o para alcan\u00e7ar uma emancipa\u00e7\u00e3o moral e intelectual que n\u00e3o se alimentava de regras, tradi\u00e7\u00f5es ou costumes. Ela repensou os pap\u00e9is de g\u00eanero e a domesticidade e adotou uma espiritualidade esp\u00edrita que lhe permitiu abordar a experi\u00eancia dos oprimidos com um profundo senso de caridade e justi\u00e7a....<\/p>\n<\/div><\/div>\n\n\n\n<div class=\"wp-block-uagb-container uagb-block-a347df9f alignfull uagb-is-root-container\"><div class=\"uagb-container-inner-blocks-wrap\"><\/div><\/div>\n\n\n\n<div class=\"wp-block-uagb-container uagb-block-6f332a28 alignfull uagb-is-root-container\"><div class=\"uagb-container-inner-blocks-wrap\"><\/div><\/div>","protected":false},"excerpt":{"rendered":"<p>Simplicia Armstrong de Ram\u00fa (1863-1909) Ilustrada escritora, activista y espiritista puertorrique\u00f1a, Simplicia Armstrong M\u00e1rquez de Ram\u00fa naci\u00f3 en la ciudad de Ponce en 1863. Hija de Tom\u00e1s Armstrong, un ingl\u00e9s protestante que falleci\u00f3 cuando la ni\u00f1a ten\u00eda apenas cinco a\u00f1os, y de Ramona M\u00e1rquez, madre cat\u00f3lica que la dej\u00f3 hu\u00e9rfana a los trece y a [&hellip;]<\/p>","protected":false},"author":1,"featured_media":4694,"parent":0,"menu_order":0,"comment_status":"closed","ping_status":"closed","template":"","meta":{"_uag_custom_page_level_css":"","site-sidebar-layout":"default","site-content-layout":"","ast-site-content-layout":"default","site-content-style":"default","site-sidebar-style":"default","ast-global-header-display":"","ast-banner-title-visibility":"","ast-main-header-display":"","ast-hfb-above-header-display":"","ast-hfb-below-header-display":"","ast-hfb-mobile-header-display":"","site-post-title":"","ast-breadcrumbs-content":"","ast-featured-img":"","footer-sml-layout":"","theme-transparent-header-meta":"","adv-header-id-meta":"","stick-header-meta":"","header-above-stick-meta":"","header-main-stick-meta":"","header-below-stick-meta":"","astra-migrate-meta-layouts":"set","ast-page-background-enabled":"default","ast-page-background-meta":{"desktop":{"background-color":"var(--ast-global-color-4)","background-image":"","background-repeat":"repeat","background-position":"center center","background-size":"auto","background-attachment":"scroll","background-type":"","background-media":"","overlay-type":"","overlay-color":"","overlay-opacity":"","overlay-gradient":""},"tablet":{"background-color":"","background-image":"","background-repeat":"repeat","background-position":"center center","background-size":"auto","background-attachment":"scroll","background-type":"","background-media":"","overlay-type":"","overlay-color":"","overlay-opacity":"","overlay-gradient":""},"mobile":{"background-color":"","background-image":"","background-repeat":"repeat","background-position":"center center","background-size":"auto","background-attachment":"scroll","background-type":"","background-media":"","overlay-type":"","overlay-color":"","overlay-opacity":"","overlay-gradient":""}},"ast-content-background-meta":{"desktop":{"background-color":"var(--ast-global-color-5)","background-image":"","background-repeat":"repeat","background-position":"center center","background-size":"auto","background-attachment":"scroll","background-type":"","background-media":"","overlay-type":"","overlay-color":"","overlay-opacity":"","overlay-gradient":""},"tablet":{"background-color":"var(--ast-global-color-5)","background-image":"","background-repeat":"repeat","background-position":"center center","background-size":"auto","background-attachment":"scroll","background-type":"","background-media":"","overlay-type":"","overlay-color":"","overlay-opacity":"","overlay-gradient":""},"mobile":{"background-color":"var(--ast-global-color-5)","background-image":"","background-repeat":"repeat","background-position":"center center","background-size":"auto","background-attachment":"scroll","background-type":"","background-media":"","overlay-type":"","overlay-color":"","overlay-opacity":"","overlay-gradient":""}},"footnotes":""},"class_list":["post-4692","page","type-page","status-publish","has-post-thumbnail","hentry"],"yoast_head":"<!-- This site is optimized with the Yoast SEO Premium plugin v24.2 (Yoast SEO v24.6) - https:\/\/yoast.com\/wordpress\/plugins\/seo\/ -->\n<title>Simplicia Armstrong de Ram\u00fa - Uni\u00f3n Esp\u00edrita<\/title>\n<meta name=\"robots\" content=\"index, follow, max-snippet:-1, max-image-preview:large, max-video-preview:-1\" \/>\n<link rel=\"canonical\" href=\"https:\/\/nuevo-renacer.com\/pt\/simplicia-armstrong-de-ramu\/\" \/>\n<meta property=\"og:locale\" content=\"pt_BR\" \/>\n<meta property=\"og:type\" content=\"article\" \/>\n<meta property=\"og:title\" content=\"Simplicia Armstrong de Ram\u00fa\" \/>\n<meta property=\"og:description\" content=\"Simplicia Armstrong de Ram\u00fa (1863-1909) Ilustrada escritora, activista y espiritista puertorrique\u00f1a, Simplicia Armstrong M\u00e1rquez de Ram\u00fa naci\u00f3 en la ciudad de Ponce en 1863. Hija de Tom\u00e1s Armstrong, un ingl\u00e9s protestante que falleci\u00f3 cuando la ni\u00f1a ten\u00eda apenas cinco a\u00f1os, y de Ramona M\u00e1rquez, madre cat\u00f3lica que la dej\u00f3 hu\u00e9rfana a los trece y a [&hellip;]\" \/>\n<meta property=\"og:url\" content=\"https:\/\/nuevo-renacer.com\/pt\/simplicia-armstrong-de-ramu\/\" \/>\n<meta property=\"og:site_name\" content=\"Uni\u00f3n Esp\u00edrita\" \/>\n<meta property=\"article:publisher\" content=\"https:\/\/www.facebook.com\/groups\/3431398063740829\" \/>\n<meta property=\"article:modified_time\" content=\"2026-04-20T19:13:03+00:00\" \/>\n<meta property=\"og:image\" content=\"https:\/\/nuevo-renacer.com\/wp-content\/uploads\/2024\/09\/2.png\" \/>\n\t<meta property=\"og:image:width\" content=\"192\" \/>\n\t<meta property=\"og:image:height\" content=\"186\" \/>\n\t<meta property=\"og:image:type\" content=\"image\/png\" \/>\n<meta name=\"twitter:card\" content=\"summary_large_image\" \/>\n<meta name=\"twitter:label1\" content=\"Est. tempo de leitura\" \/>\n\t<meta name=\"twitter:data1\" content=\"2 minutos\" \/>\n<script type=\"application\/ld+json\" class=\"yoast-schema-graph\">{\"@context\":\"https:\/\/schema.org\",\"@graph\":[{\"@type\":\"WebPage\",\"@id\":\"https:\/\/nuevo-renacer.com\/simplicia-armstrong-de-ramu\/\",\"url\":\"https:\/\/nuevo-renacer.com\/simplicia-armstrong-de-ramu\/\",\"name\":\"Simplicia Armstrong de Ram\u00fa - Uni\u00f3n Esp\u00edrita\",\"isPartOf\":{\"@id\":\"https:\/\/nuevo-renacer.com\/#website\"},\"primaryImageOfPage\":{\"@id\":\"https:\/\/nuevo-renacer.com\/simplicia-armstrong-de-ramu\/#primaryimage\"},\"image\":{\"@id\":\"https:\/\/nuevo-renacer.com\/simplicia-armstrong-de-ramu\/#primaryimage\"},\"thumbnailUrl\":\"https:\/\/nuevo-renacer.com\/wp-content\/uploads\/2024\/09\/2.png\",\"datePublished\":\"2024-09-11T08:50:37+00:00\",\"dateModified\":\"2026-04-20T19:13:03+00:00\",\"breadcrumb\":{\"@id\":\"https:\/\/nuevo-renacer.com\/simplicia-armstrong-de-ramu\/#breadcrumb\"},\"inLanguage\":\"pt-BR\",\"potentialAction\":[{\"@type\":\"ReadAction\",\"target\":[\"https:\/\/nuevo-renacer.com\/simplicia-armstrong-de-ramu\/\"]}]},{\"@type\":\"ImageObject\",\"inLanguage\":\"pt-BR\",\"@id\":\"https:\/\/nuevo-renacer.com\/simplicia-armstrong-de-ramu\/#primaryimage\",\"url\":\"https:\/\/nuevo-renacer.com\/wp-content\/uploads\/2024\/09\/2.png\",\"contentUrl\":\"https:\/\/nuevo-renacer.com\/wp-content\/uploads\/2024\/09\/2.png\",\"width\":192,\"height\":186},{\"@type\":\"BreadcrumbList\",\"@id\":\"https:\/\/nuevo-renacer.com\/simplicia-armstrong-de-ramu\/#breadcrumb\",\"itemListElement\":[{\"@type\":\"ListItem\",\"position\":1,\"name\":\"Startseite\",\"item\":\"https:\/\/nuevo-renacer.com\/\"},{\"@type\":\"ListItem\",\"position\":2,\"name\":\"Simplicia Armstrong de Ram\u00fa\"}]},{\"@type\":\"WebSite\",\"@id\":\"https:\/\/nuevo-renacer.com\/#website\",\"url\":\"https:\/\/nuevo-renacer.com\/\",\"name\":\"Uni\u00f3n Esp\u00edrita\",\"description\":\"Nuevo Renacer\",\"publisher\":{\"@id\":\"https:\/\/nuevo-renacer.com\/#organization\"},\"potentialAction\":[{\"@type\":\"SearchAction\",\"target\":{\"@type\":\"EntryPoint\",\"urlTemplate\":\"https:\/\/nuevo-renacer.com\/?s={search_term_string}\"},\"query-input\":{\"@type\":\"PropertyValueSpecification\",\"valueRequired\":true,\"valueName\":\"search_term_string\"}}],\"inLanguage\":\"pt-BR\"},{\"@type\":\"Organization\",\"@id\":\"https:\/\/nuevo-renacer.com\/#organization\",\"name\":\"UFEC\",\"url\":\"https:\/\/nuevo-renacer.com\/\",\"logo\":{\"@type\":\"ImageObject\",\"inLanguage\":\"pt-BR\",\"@id\":\"https:\/\/nuevo-renacer.com\/#\/schema\/logo\/image\/\",\"url\":\"https:\/\/nuevo-renacer.com\/wp-content\/uploads\/2024\/05\/cropped-LOGO-TERMINADO1-3-3.png\",\"contentUrl\":\"https:\/\/nuevo-renacer.com\/wp-content\/uploads\/2024\/05\/cropped-LOGO-TERMINADO1-3-3.png\",\"width\":512,\"height\":512,\"caption\":\"UFEC\"},\"image\":{\"@id\":\"https:\/\/nuevo-renacer.com\/#\/schema\/logo\/image\/\"},\"sameAs\":[\"https:\/\/www.facebook.com\/groups\/3431398063740829\"]}]}<\/script>\n<!-- \/ Yoast SEO Premium plugin. -->","yoast_head_json":{"title":"Simplicia Armstrong de Ram\u00fa - Uni\u00f3n Esp\u00edrita","robots":{"index":"index","follow":"follow","max-snippet":"max-snippet:-1","max-image-preview":"max-image-preview:large","max-video-preview":"max-video-preview:-1"},"canonical":"https:\/\/nuevo-renacer.com\/pt\/simplicia-armstrong-de-ramu\/","og_locale":"pt_BR","og_type":"article","og_title":"Simplicia Armstrong de Ram\u00fa","og_description":"Simplicia Armstrong de Ram\u00fa (1863-1909) Ilustrada escritora, activista y espiritista puertorrique\u00f1a, Simplicia Armstrong M\u00e1rquez de Ram\u00fa naci\u00f3 en la ciudad de Ponce en 1863. Hija de Tom\u00e1s Armstrong, un ingl\u00e9s protestante que falleci\u00f3 cuando la ni\u00f1a ten\u00eda apenas cinco a\u00f1os, y de Ramona M\u00e1rquez, madre cat\u00f3lica que la dej\u00f3 hu\u00e9rfana a los trece y a [&hellip;]","og_url":"https:\/\/nuevo-renacer.com\/pt\/simplicia-armstrong-de-ramu\/","og_site_name":"Uni\u00f3n Esp\u00edrita","article_publisher":"https:\/\/www.facebook.com\/groups\/3431398063740829","article_modified_time":"2026-04-20T19:13:03+00:00","og_image":[{"width":192,"height":186,"url":"https:\/\/nuevo-renacer.com\/wp-content\/uploads\/2024\/09\/2.png","type":"image\/png"}],"twitter_card":"summary_large_image","twitter_misc":{"Est. tempo de leitura":"2 minutos"},"schema":{"@context":"https:\/\/schema.org","@graph":[{"@type":"WebPage","@id":"https:\/\/nuevo-renacer.com\/simplicia-armstrong-de-ramu\/","url":"https:\/\/nuevo-renacer.com\/simplicia-armstrong-de-ramu\/","name":"Simplicia Armstrong de Ram\u00fa - Uni\u00f3n Esp\u00edrita","isPartOf":{"@id":"https:\/\/nuevo-renacer.com\/#website"},"primaryImageOfPage":{"@id":"https:\/\/nuevo-renacer.com\/simplicia-armstrong-de-ramu\/#primaryimage"},"image":{"@id":"https:\/\/nuevo-renacer.com\/simplicia-armstrong-de-ramu\/#primaryimage"},"thumbnailUrl":"https:\/\/nuevo-renacer.com\/wp-content\/uploads\/2024\/09\/2.png","datePublished":"2024-09-11T08:50:37+00:00","dateModified":"2026-04-20T19:13:03+00:00","breadcrumb":{"@id":"https:\/\/nuevo-renacer.com\/simplicia-armstrong-de-ramu\/#breadcrumb"},"inLanguage":"pt-BR","potentialAction":[{"@type":"ReadAction","target":["https:\/\/nuevo-renacer.com\/simplicia-armstrong-de-ramu\/"]}]},{"@type":"ImageObject","inLanguage":"pt-BR","@id":"https:\/\/nuevo-renacer.com\/simplicia-armstrong-de-ramu\/#primaryimage","url":"https:\/\/nuevo-renacer.com\/wp-content\/uploads\/2024\/09\/2.png","contentUrl":"https:\/\/nuevo-renacer.com\/wp-content\/uploads\/2024\/09\/2.png","width":192,"height":186},{"@type":"BreadcrumbList","@id":"https:\/\/nuevo-renacer.com\/simplicia-armstrong-de-ramu\/#breadcrumb","itemListElement":[{"@type":"ListItem","position":1,"name":"Startseite","item":"https:\/\/nuevo-renacer.com\/"},{"@type":"ListItem","position":2,"name":"Simplicia Armstrong de Ram\u00fa"}]},{"@type":"WebSite","@id":"https:\/\/nuevo-renacer.com\/#website","url":"https:\/\/nuevo-renacer.com\/","name":"Uni\u00f3n Esp\u00edrita","description":"Nuevo Renacer","publisher":{"@id":"https:\/\/nuevo-renacer.com\/#organization"},"potentialAction":[{"@type":"SearchAction","target":{"@type":"EntryPoint","urlTemplate":"https:\/\/nuevo-renacer.com\/?s={search_term_string}"},"query-input":{"@type":"PropertyValueSpecification","valueRequired":true,"valueName":"search_term_string"}}],"inLanguage":"pt-BR"},{"@type":"Organization","@id":"https:\/\/nuevo-renacer.com\/#organization","name":"UFEC","url":"https:\/\/nuevo-renacer.com\/","logo":{"@type":"ImageObject","inLanguage":"pt-BR","@id":"https:\/\/nuevo-renacer.com\/#\/schema\/logo\/image\/","url":"https:\/\/nuevo-renacer.com\/wp-content\/uploads\/2024\/05\/cropped-LOGO-TERMINADO1-3-3.png","contentUrl":"https:\/\/nuevo-renacer.com\/wp-content\/uploads\/2024\/05\/cropped-LOGO-TERMINADO1-3-3.png","width":512,"height":512,"caption":"UFEC"},"image":{"@id":"https:\/\/nuevo-renacer.com\/#\/schema\/logo\/image\/"},"sameAs":["https:\/\/www.facebook.com\/groups\/3431398063740829"]}]}},"uagb_featured_image_src":{"full":["https:\/\/nuevo-renacer.com\/wp-content\/uploads\/2024\/09\/2.png",192,186,false],"thumbnail":["https:\/\/nuevo-renacer.com\/wp-content\/uploads\/2024\/09\/2-150x150.png",150,150,true],"medium":["https:\/\/nuevo-renacer.com\/wp-content\/uploads\/2024\/09\/2.png",192,186,false],"medium_large":["https:\/\/nuevo-renacer.com\/wp-content\/uploads\/2024\/09\/2.png",192,186,false],"large":["https:\/\/nuevo-renacer.com\/wp-content\/uploads\/2024\/09\/2.png",192,186,false],"1536x1536":["https:\/\/nuevo-renacer.com\/wp-content\/uploads\/2024\/09\/2.png",192,186,false],"2048x2048":["https:\/\/nuevo-renacer.com\/wp-content\/uploads\/2024\/09\/2.png",192,186,false],"trp-custom-language-flag":["https:\/\/nuevo-renacer.com\/wp-content\/uploads\/2024\/09\/2-12x12.png",12,12,true]},"uagb_author_info":{"display_name":"adbv0","author_link":"https:\/\/nuevo-renacer.com\/pt\/author\/adbv0\/"},"uagb_comment_info":0,"uagb_excerpt":"Simplicia Armstrong de Ram\u00fa (1863-1909) Ilustrada escritora, activista y espiritista puertorrique\u00f1a, Simplicia Armstrong M\u00e1rquez de Ram\u00fa naci\u00f3 en la ciudad de Ponce en 1863. Hija de Tom\u00e1s Armstrong, un ingl\u00e9s protestante que falleci\u00f3 cuando la ni\u00f1a ten\u00eda apenas cinco a\u00f1os, y de Ramona M\u00e1rquez, madre cat\u00f3lica que la dej\u00f3 hu\u00e9rfana a los trece y a&hellip;","jetpack_sharing_enabled":true,"_links":{"self":[{"href":"https:\/\/nuevo-renacer.com\/pt\/wp-json\/wp\/v2\/pages\/4692","targetHints":{"allow":["GET"]}}],"collection":[{"href":"https:\/\/nuevo-renacer.com\/pt\/wp-json\/wp\/v2\/pages"}],"about":[{"href":"https:\/\/nuevo-renacer.com\/pt\/wp-json\/wp\/v2\/types\/page"}],"author":[{"embeddable":true,"href":"https:\/\/nuevo-renacer.com\/pt\/wp-json\/wp\/v2\/users\/1"}],"replies":[{"embeddable":true,"href":"https:\/\/nuevo-renacer.com\/pt\/wp-json\/wp\/v2\/comments?post=4692"}],"version-history":[{"count":5,"href":"https:\/\/nuevo-renacer.com\/pt\/wp-json\/wp\/v2\/pages\/4692\/revisions"}],"predecessor-version":[{"id":8900,"href":"https:\/\/nuevo-renacer.com\/pt\/wp-json\/wp\/v2\/pages\/4692\/revisions\/8900"}],"wp:featuredmedia":[{"embeddable":true,"href":"https:\/\/nuevo-renacer.com\/pt\/wp-json\/wp\/v2\/media\/4694"}],"wp:attachment":[{"href":"https:\/\/nuevo-renacer.com\/pt\/wp-json\/wp\/v2\/media?parent=4692"}],"curies":[{"name":"wp","href":"https:\/\/api.w.org\/{rel}","templated":true}]}}