{"id":4555,"date":"2024-09-09T11:47:16","date_gmt":"2024-09-09T11:47:16","guid":{"rendered":"https:\/\/nuevo-renacer.com\/?page_id=4555"},"modified":"2024-09-10T07:09:33","modified_gmt":"2024-09-10T07:09:33","slug":"deber-y-libertad","status":"publish","type":"page","link":"https:\/\/nuevo-renacer.com\/pt\/deber-y-libertad\/","title":{"rendered":"Dever e liberdade"},"content":{"rendered":"<div class=\"wp-block-uagb-container uagb-block-0ba21fd2 alignfull uagb-is-root-container\"><div class=\"uagb-container-inner-blocks-wrap\">\n<p class=\"has-black-color has-text-color has-link-color has-medium-font-size wp-elements-31be85ad895f6017edf4ffba8309fae5\"><strong>Dever e liberdade<\/strong><\/p>\n<\/div><\/div>\n\n\n\n<div class=\"wp-block-uagb-container uagb-block-76f28983 alignfull uagb-is-root-container\"><div class=\"uagb-container-inner-blocks-wrap\">\n<figure class=\"wp-block-image size-full\"><img fetchpriority=\"high\" decoding=\"async\" width=\"457\" height=\"360\" src=\"https:\/\/nuevo-renacer.com\/wp-content\/uploads\/2024\/09\/libertad.jpg\" alt=\"\" class=\"wp-image-4559\" srcset=\"https:\/\/nuevo-renacer.com\/wp-content\/uploads\/2024\/09\/libertad.jpg 457w, https:\/\/nuevo-renacer.com\/wp-content\/uploads\/2024\/09\/libertad-300x236.jpg 300w, https:\/\/nuevo-renacer.com\/wp-content\/uploads\/2024\/09\/libertad-15x12.jpg 15w\" sizes=\"(max-width: 457px) 100vw, 457px\" \/><\/figure>\n<\/div><\/div>\n\n\n\n<div class=\"wp-block-uagb-container uagb-block-c07a9f7f alignfull uagb-is-root-container\"><div class=\"uagb-container-inner-blocks-wrap\">\n<p class=\"has-black-color has-text-color has-link-color has-small-font-size wp-elements-71aee04bcf95e2f31992ac57c376516c\">Que homem, nas horas de sil\u00eancio e recolhimento, nunca questionou a natureza e seu pr\u00f3prio cora\u00e7\u00e3o, perguntando-lhes o segredo das coisas, a raz\u00e3o da vida, a raz\u00e3o de ser do universo? Onde est\u00e1 aquele que nunca procurou conhecer seu destino, levantar o v\u00e9u da morte, saber se Deus \u00e9 uma fic\u00e7\u00e3o ou uma realidade? N\u00e3o \u00e9 de hoje que os seres humanos, mesmo que sejam t\u00e3o despreocupados, nunca se perguntaram sobre esses temidos problemas. A dificuldade em resolv\u00ea-los, a incoer\u00eancia e a multiplicidade das teorias que deram origem a eles, as consequ\u00eancias deplor\u00e1veis que emanam da grande maioria dos sistemas desenvolvidos, todo esse conjunto confuso, cansando o esp\u00edrito humano, levou \u00e0 indiferen\u00e7a e ao ceticismo.<\/p>\n\n\n\n<p class=\"has-black-color has-text-color has-link-color has-small-font-size wp-elements-2e22287510956a97289d607d8c9e55ac\">Entretanto, o homem precisa saber; ele precisa do raio que ilumina, da esperan\u00e7a que consola, da certeza que guia e sustenta. E ele tamb\u00e9m tem os meios de saber, de ver a verdade, de se libertar das trevas e de ser inundado por sua luz ben\u00e9fica. Para isso, ele mesmo deve se desprender dos sistemas preconcebidos, descer, ouvir aquela voz interior que fala a todos n\u00f3s e que os sofismas n\u00e3o podem enganar: a voz da raz\u00e3o, a voz da consci\u00eancia.<\/p>\n\n\n\n<p class=\"has-black-color has-text-color has-link-color has-small-font-size wp-elements-1a7a9ac9fc3217778b8f436f36f49643\">Eu tamb\u00e9m. Ponderei por muito tempo; meditei sobre os problemas da vida e da morte; mergulhei perseverantemente nesses profundos abismos. Dirigi \u00e0 sabedoria eterna um apelo ardente, e ela me respondeu, como responde a tudo.<\/p>\n\n\n\n<p class=\"has-black-color has-text-color has-link-color has-small-font-size wp-elements-74e5dd67f56df7b4b36549c79b4291d4\">Esp\u00edrito animado pelo amor ao bem. Provas evidentes, fatos de observa\u00e7\u00e3o direta vieram confirmar as dedu\u00e7\u00f5es do meu pensamento, oferecer \u00e0s minhas convic\u00e7\u00f5es uma base s\u00f3lida e inabal\u00e1vel. Depois de ter duvidado, acreditei; depois de ter negado, vi. E a paz, a confian\u00e7a e a for\u00e7a moral cresceram em mim. Esses s\u00e3o os bens que, na sinceridade de meu cora\u00e7\u00e3o, desejoso de ser \u00fatil a meus semelhantes, venho oferecer \u00e0queles que sofrem e \u00e0queles que se desesperam.<\/p>\n\n\n\n<p class=\"has-black-color has-text-color has-link-color has-small-font-size wp-elements-d43fb10c3557db39f3736f2791982505\">Nunca a necessidade de luz foi sentida com tanta intensidade. Uma imensa transforma\u00e7\u00e3o est\u00e1 ocorrendo nas sociedades. Depois de ter sido submetido por longos s\u00e9culos aos princ\u00edpios da autoridade, o pr\u00f3prio homem aspira cada vez mais a se livrar de todas as restri\u00e7\u00f5es e a governar a si mesmo. Ao mesmo tempo em que as institui\u00e7\u00f5es pol\u00edticas e sociais estavam mudando, as cren\u00e7as religiosas e a f\u00e9 em dogmas estavam se enfraquecendo. Essa ainda \u00e9 uma das consequ\u00eancias da liberdade em sua aplica\u00e7\u00e3o \u00e0s coisas do pensamento e da consci\u00eancia. A liberdade, em todos os dom\u00ednios, tende a substituir a coer\u00e7\u00e3o e a autoridade, conduzindo as na\u00e7\u00f5es a um novo horizonte. O direito de alguns se tornou o direito de todos; mas para que esse direito soberano esteja em conformidade com a justi\u00e7a e d\u00ea frutos, \u00e9 necess\u00e1rio que o conhecimento das leis morais regule seu exerc\u00edcio. Para que a liberdade seja frut\u00edfera, para que ofere\u00e7a \u00e0s obras humanas uma base segura e duradoura, ela deve ser complementada por luz, sabedoria e verdade. A liberdade, para homens ignorantes e perversos, n\u00e3o \u00e9 como uma arma poderosa nas m\u00e3os de uma crian\u00e7a? A arma, nesse caso, muitas vezes se volta contra o portador e o fere.<\/p>\n\n\n\n<p class=\"has-black-color has-text-color has-link-color has-small-font-size wp-elements-8964bb1b1559e255432403e227b5a61f\"><em><strong>L\u00e9on Denis<\/strong> \u2013 O porqu\u00ea da vida<\/em><\/p>\n<\/div><\/div>","protected":false},"excerpt":{"rendered":"<p>Deber y Libertad \u00bfQu\u00e9 hombre, en las horas de silencio y de recogimiento, jam\u00e1s interrog\u00f3 la naturaleza y su propio coraz\u00f3n, pidi\u00e9ndoles el secreto de las cosas, el por qu\u00e9 de la vida, la raz\u00f3n de ser del universo? \u00bfD\u00f3nde est\u00e1 el que jam\u00e1s procur\u00f3 conocer su destino, levantar el velo de la muerte, saber [&hellip;]<\/p>","protected":false},"author":1,"featured_media":4559,"parent":0,"menu_order":0,"comment_status":"closed","ping_status":"closed","template":"","meta":{"_uag_custom_page_level_css":"","site-sidebar-layout":"default","site-content-layout":"","ast-site-content-layout":"default","site-content-style":"default","site-sidebar-style":"default","ast-global-header-display":"","ast-banner-title-visibility":"","ast-main-header-display":"","ast-hfb-above-header-display":"","ast-hfb-below-header-display":"","ast-hfb-mobile-header-display":"","site-post-title":"","ast-breadcrumbs-content":"","ast-featured-img":"","footer-sml-layout":"","theme-transparent-header-meta":"","adv-header-id-meta":"","stick-header-meta":"","header-above-stick-meta":"","header-main-stick-meta":"","header-below-stick-meta":"","astra-migrate-meta-layouts":"set","ast-page-background-enabled":"default","ast-page-background-meta":{"desktop":{"background-color":"var(--ast-global-color-4)","background-image":"","background-repeat":"repeat","background-position":"center center","background-size":"auto","background-attachment":"scroll","background-type":"","background-media":"","overlay-type":"","overlay-color":"","overlay-opacity":"","overlay-gradient":""},"tablet":{"background-color":"","background-image":"","background-repeat":"repeat","background-position":"center center","background-size":"auto","background-attachment":"scroll","background-type":"","background-media":"","overlay-type":"","overlay-color":"","overlay-opacity":"","overlay-gradient":""},"mobile":{"background-color":"","background-image":"","background-repeat":"repeat","background-position":"center center","background-size":"auto","background-attachment":"scroll","background-type":"","background-media":"","overlay-type":"","overlay-color":"","overlay-opacity":"","overlay-gradient":""}},"ast-content-background-meta":{"desktop":{"background-color":"var(--ast-global-color-5)","background-image":"","background-repeat":"repeat","background-position":"center center","background-size":"auto","background-attachment":"scroll","background-type":"","background-media":"","overlay-type":"","overlay-color":"","overlay-opacity":"","overlay-gradient":""},"tablet":{"background-color":"var(--ast-global-color-5)","background-image":"","background-repeat":"repeat","background-position":"center center","background-size":"auto","background-attachment":"scroll","background-type":"","background-media":"","overlay-type":"","overlay-color":"","overlay-opacity":"","overlay-gradient":""},"mobile":{"background-color":"var(--ast-global-color-5)","background-image":"","background-repeat":"repeat","background-position":"center center","background-size":"auto","background-attachment":"scroll","background-type":"","background-media":"","overlay-type":"","overlay-color":"","overlay-opacity":"","overlay-gradient":""}},"footnotes":""},"class_list":["post-4555","page","type-page","status-publish","has-post-thumbnail","hentry"],"yoast_head":"<!-- This site is optimized with the Yoast SEO Premium plugin v24.2 (Yoast SEO v24.6) - https:\/\/yoast.com\/wordpress\/plugins\/seo\/ -->\n<title>Deber y Libertad - Uni\u00f3n Esp\u00edrita<\/title>\n<meta name=\"robots\" content=\"index, follow, max-snippet:-1, max-image-preview:large, max-video-preview:-1\" \/>\n<link rel=\"canonical\" href=\"https:\/\/nuevo-renacer.com\/pt\/deber-y-libertad\/\" \/>\n<meta property=\"og:locale\" content=\"pt_BR\" \/>\n<meta property=\"og:type\" content=\"article\" \/>\n<meta property=\"og:title\" content=\"Deber y Libertad\" \/>\n<meta property=\"og:description\" content=\"Deber y Libertad \u00bfQu\u00e9 hombre, en las horas de silencio y de recogimiento, jam\u00e1s interrog\u00f3 la naturaleza y su propio coraz\u00f3n, pidi\u00e9ndoles el secreto de las cosas, el por qu\u00e9 de la vida, la raz\u00f3n de ser del universo? \u00bfD\u00f3nde est\u00e1 el que jam\u00e1s procur\u00f3 conocer su destino, levantar el velo de la muerte, saber [&hellip;]\" \/>\n<meta property=\"og:url\" content=\"https:\/\/nuevo-renacer.com\/pt\/deber-y-libertad\/\" \/>\n<meta property=\"og:site_name\" content=\"Uni\u00f3n Esp\u00edrita\" \/>\n<meta property=\"article:publisher\" content=\"https:\/\/www.facebook.com\/groups\/3431398063740829\" \/>\n<meta property=\"article:modified_time\" content=\"2024-09-10T07:09:33+00:00\" \/>\n<meta property=\"og:image\" content=\"https:\/\/nuevo-renacer.com\/wp-content\/uploads\/2024\/09\/libertad.jpg\" \/>\n\t<meta property=\"og:image:width\" content=\"457\" \/>\n\t<meta property=\"og:image:height\" content=\"360\" \/>\n\t<meta property=\"og:image:type\" content=\"image\/jpeg\" \/>\n<meta name=\"twitter:card\" content=\"summary_large_image\" \/>\n<meta name=\"twitter:label1\" content=\"Est. tempo de leitura\" \/>\n\t<meta name=\"twitter:data1\" content=\"3 minutos\" \/>\n<script type=\"application\/ld+json\" class=\"yoast-schema-graph\">{\"@context\":\"https:\/\/schema.org\",\"@graph\":[{\"@type\":\"WebPage\",\"@id\":\"https:\/\/nuevo-renacer.com\/deber-y-libertad\/\",\"url\":\"https:\/\/nuevo-renacer.com\/deber-y-libertad\/\",\"name\":\"Deber y Libertad - Uni\u00f3n Esp\u00edrita\",\"isPartOf\":{\"@id\":\"https:\/\/nuevo-renacer.com\/#website\"},\"primaryImageOfPage\":{\"@id\":\"https:\/\/nuevo-renacer.com\/deber-y-libertad\/#primaryimage\"},\"image\":{\"@id\":\"https:\/\/nuevo-renacer.com\/deber-y-libertad\/#primaryimage\"},\"thumbnailUrl\":\"https:\/\/nuevo-renacer.com\/wp-content\/uploads\/2024\/09\/libertad.jpg\",\"datePublished\":\"2024-09-09T11:47:16+00:00\",\"dateModified\":\"2024-09-10T07:09:33+00:00\",\"breadcrumb\":{\"@id\":\"https:\/\/nuevo-renacer.com\/deber-y-libertad\/#breadcrumb\"},\"inLanguage\":\"pt-BR\",\"potentialAction\":[{\"@type\":\"ReadAction\",\"target\":[\"https:\/\/nuevo-renacer.com\/deber-y-libertad\/\"]}]},{\"@type\":\"ImageObject\",\"inLanguage\":\"pt-BR\",\"@id\":\"https:\/\/nuevo-renacer.com\/deber-y-libertad\/#primaryimage\",\"url\":\"https:\/\/nuevo-renacer.com\/wp-content\/uploads\/2024\/09\/libertad.jpg\",\"contentUrl\":\"https:\/\/nuevo-renacer.com\/wp-content\/uploads\/2024\/09\/libertad.jpg\",\"width\":457,\"height\":360},{\"@type\":\"BreadcrumbList\",\"@id\":\"https:\/\/nuevo-renacer.com\/deber-y-libertad\/#breadcrumb\",\"itemListElement\":[{\"@type\":\"ListItem\",\"position\":1,\"name\":\"Startseite\",\"item\":\"https:\/\/nuevo-renacer.com\/\"},{\"@type\":\"ListItem\",\"position\":2,\"name\":\"Deber y Libertad\"}]},{\"@type\":\"WebSite\",\"@id\":\"https:\/\/nuevo-renacer.com\/#website\",\"url\":\"https:\/\/nuevo-renacer.com\/\",\"name\":\"Uni\u00f3n Esp\u00edrita\",\"description\":\"Nuevo Renacer\",\"publisher\":{\"@id\":\"https:\/\/nuevo-renacer.com\/#organization\"},\"potentialAction\":[{\"@type\":\"SearchAction\",\"target\":{\"@type\":\"EntryPoint\",\"urlTemplate\":\"https:\/\/nuevo-renacer.com\/?s={search_term_string}\"},\"query-input\":{\"@type\":\"PropertyValueSpecification\",\"valueRequired\":true,\"valueName\":\"search_term_string\"}}],\"inLanguage\":\"pt-BR\"},{\"@type\":\"Organization\",\"@id\":\"https:\/\/nuevo-renacer.com\/#organization\",\"name\":\"UFEC\",\"url\":\"https:\/\/nuevo-renacer.com\/\",\"logo\":{\"@type\":\"ImageObject\",\"inLanguage\":\"pt-BR\",\"@id\":\"https:\/\/nuevo-renacer.com\/#\/schema\/logo\/image\/\",\"url\":\"https:\/\/nuevo-renacer.com\/wp-content\/uploads\/2024\/05\/cropped-LOGO-TERMINADO1-3-3.png\",\"contentUrl\":\"https:\/\/nuevo-renacer.com\/wp-content\/uploads\/2024\/05\/cropped-LOGO-TERMINADO1-3-3.png\",\"width\":512,\"height\":512,\"caption\":\"UFEC\"},\"image\":{\"@id\":\"https:\/\/nuevo-renacer.com\/#\/schema\/logo\/image\/\"},\"sameAs\":[\"https:\/\/www.facebook.com\/groups\/3431398063740829\"]}]}<\/script>\n<!-- \/ Yoast SEO Premium plugin. -->","yoast_head_json":{"title":"Deber y Libertad - Uni\u00f3n Esp\u00edrita","robots":{"index":"index","follow":"follow","max-snippet":"max-snippet:-1","max-image-preview":"max-image-preview:large","max-video-preview":"max-video-preview:-1"},"canonical":"https:\/\/nuevo-renacer.com\/pt\/deber-y-libertad\/","og_locale":"pt_BR","og_type":"article","og_title":"Deber y Libertad","og_description":"Deber y Libertad \u00bfQu\u00e9 hombre, en las horas de silencio y de recogimiento, jam\u00e1s interrog\u00f3 la naturaleza y su propio coraz\u00f3n, pidi\u00e9ndoles el secreto de las cosas, el por qu\u00e9 de la vida, la raz\u00f3n de ser del universo? \u00bfD\u00f3nde est\u00e1 el que jam\u00e1s procur\u00f3 conocer su destino, levantar el velo de la muerte, saber [&hellip;]","og_url":"https:\/\/nuevo-renacer.com\/pt\/deber-y-libertad\/","og_site_name":"Uni\u00f3n Esp\u00edrita","article_publisher":"https:\/\/www.facebook.com\/groups\/3431398063740829","article_modified_time":"2024-09-10T07:09:33+00:00","og_image":[{"width":457,"height":360,"url":"https:\/\/nuevo-renacer.com\/wp-content\/uploads\/2024\/09\/libertad.jpg","type":"image\/jpeg"}],"twitter_card":"summary_large_image","twitter_misc":{"Est. tempo de leitura":"3 minutos"},"schema":{"@context":"https:\/\/schema.org","@graph":[{"@type":"WebPage","@id":"https:\/\/nuevo-renacer.com\/deber-y-libertad\/","url":"https:\/\/nuevo-renacer.com\/deber-y-libertad\/","name":"Deber y Libertad - Uni\u00f3n Esp\u00edrita","isPartOf":{"@id":"https:\/\/nuevo-renacer.com\/#website"},"primaryImageOfPage":{"@id":"https:\/\/nuevo-renacer.com\/deber-y-libertad\/#primaryimage"},"image":{"@id":"https:\/\/nuevo-renacer.com\/deber-y-libertad\/#primaryimage"},"thumbnailUrl":"https:\/\/nuevo-renacer.com\/wp-content\/uploads\/2024\/09\/libertad.jpg","datePublished":"2024-09-09T11:47:16+00:00","dateModified":"2024-09-10T07:09:33+00:00","breadcrumb":{"@id":"https:\/\/nuevo-renacer.com\/deber-y-libertad\/#breadcrumb"},"inLanguage":"pt-BR","potentialAction":[{"@type":"ReadAction","target":["https:\/\/nuevo-renacer.com\/deber-y-libertad\/"]}]},{"@type":"ImageObject","inLanguage":"pt-BR","@id":"https:\/\/nuevo-renacer.com\/deber-y-libertad\/#primaryimage","url":"https:\/\/nuevo-renacer.com\/wp-content\/uploads\/2024\/09\/libertad.jpg","contentUrl":"https:\/\/nuevo-renacer.com\/wp-content\/uploads\/2024\/09\/libertad.jpg","width":457,"height":360},{"@type":"BreadcrumbList","@id":"https:\/\/nuevo-renacer.com\/deber-y-libertad\/#breadcrumb","itemListElement":[{"@type":"ListItem","position":1,"name":"Startseite","item":"https:\/\/nuevo-renacer.com\/"},{"@type":"ListItem","position":2,"name":"Deber y Libertad"}]},{"@type":"WebSite","@id":"https:\/\/nuevo-renacer.com\/#website","url":"https:\/\/nuevo-renacer.com\/","name":"Uni\u00f3n Esp\u00edrita","description":"Nuevo Renacer","publisher":{"@id":"https:\/\/nuevo-renacer.com\/#organization"},"potentialAction":[{"@type":"SearchAction","target":{"@type":"EntryPoint","urlTemplate":"https:\/\/nuevo-renacer.com\/?s={search_term_string}"},"query-input":{"@type":"PropertyValueSpecification","valueRequired":true,"valueName":"search_term_string"}}],"inLanguage":"pt-BR"},{"@type":"Organization","@id":"https:\/\/nuevo-renacer.com\/#organization","name":"UFEC","url":"https:\/\/nuevo-renacer.com\/","logo":{"@type":"ImageObject","inLanguage":"pt-BR","@id":"https:\/\/nuevo-renacer.com\/#\/schema\/logo\/image\/","url":"https:\/\/nuevo-renacer.com\/wp-content\/uploads\/2024\/05\/cropped-LOGO-TERMINADO1-3-3.png","contentUrl":"https:\/\/nuevo-renacer.com\/wp-content\/uploads\/2024\/05\/cropped-LOGO-TERMINADO1-3-3.png","width":512,"height":512,"caption":"UFEC"},"image":{"@id":"https:\/\/nuevo-renacer.com\/#\/schema\/logo\/image\/"},"sameAs":["https:\/\/www.facebook.com\/groups\/3431398063740829"]}]}},"uagb_featured_image_src":{"full":["https:\/\/nuevo-renacer.com\/wp-content\/uploads\/2024\/09\/libertad.jpg",457,360,false],"thumbnail":["https:\/\/nuevo-renacer.com\/wp-content\/uploads\/2024\/09\/libertad-150x150.jpg",150,150,true],"medium":["https:\/\/nuevo-renacer.com\/wp-content\/uploads\/2024\/09\/libertad-300x236.jpg",300,236,true],"medium_large":["https:\/\/nuevo-renacer.com\/wp-content\/uploads\/2024\/09\/libertad.jpg",457,360,false],"large":["https:\/\/nuevo-renacer.com\/wp-content\/uploads\/2024\/09\/libertad.jpg",457,360,false],"1536x1536":["https:\/\/nuevo-renacer.com\/wp-content\/uploads\/2024\/09\/libertad.jpg",457,360,false],"2048x2048":["https:\/\/nuevo-renacer.com\/wp-content\/uploads\/2024\/09\/libertad.jpg",457,360,false],"trp-custom-language-flag":["https:\/\/nuevo-renacer.com\/wp-content\/uploads\/2024\/09\/libertad-15x12.jpg",15,12,true]},"uagb_author_info":{"display_name":"adbv0","author_link":"https:\/\/nuevo-renacer.com\/pt\/author\/adbv0\/"},"uagb_comment_info":0,"uagb_excerpt":"Deber y Libertad \u00bfQu\u00e9 hombre, en las horas de silencio y de recogimiento, jam\u00e1s interrog\u00f3 la naturaleza y su propio coraz\u00f3n, pidi\u00e9ndoles el secreto de las cosas, el por qu\u00e9 de la vida, la raz\u00f3n de ser del universo? \u00bfD\u00f3nde est\u00e1 el que jam\u00e1s procur\u00f3 conocer su destino, levantar el velo de la muerte, saber&hellip;","jetpack_sharing_enabled":true,"_links":{"self":[{"href":"https:\/\/nuevo-renacer.com\/pt\/wp-json\/wp\/v2\/pages\/4555","targetHints":{"allow":["GET"]}}],"collection":[{"href":"https:\/\/nuevo-renacer.com\/pt\/wp-json\/wp\/v2\/pages"}],"about":[{"href":"https:\/\/nuevo-renacer.com\/pt\/wp-json\/wp\/v2\/types\/page"}],"author":[{"embeddable":true,"href":"https:\/\/nuevo-renacer.com\/pt\/wp-json\/wp\/v2\/users\/1"}],"replies":[{"embeddable":true,"href":"https:\/\/nuevo-renacer.com\/pt\/wp-json\/wp\/v2\/comments?post=4555"}],"version-history":[{"count":3,"href":"https:\/\/nuevo-renacer.com\/pt\/wp-json\/wp\/v2\/pages\/4555\/revisions"}],"predecessor-version":[{"id":4563,"href":"https:\/\/nuevo-renacer.com\/pt\/wp-json\/wp\/v2\/pages\/4555\/revisions\/4563"}],"wp:featuredmedia":[{"embeddable":true,"href":"https:\/\/nuevo-renacer.com\/pt\/wp-json\/wp\/v2\/media\/4559"}],"wp:attachment":[{"href":"https:\/\/nuevo-renacer.com\/pt\/wp-json\/wp\/v2\/media?parent=4555"}],"curies":[{"name":"wp","href":"https:\/\/api.w.org\/{rel}","templated":true}]}}