{"id":4543,"date":"2024-09-09T09:25:48","date_gmt":"2024-09-09T09:25:48","guid":{"rendered":"https:\/\/nuevo-renacer.com\/?page_id=4543"},"modified":"2024-09-09T09:37:20","modified_gmt":"2024-09-09T09:37:20","slug":"la-educacion","status":"publish","type":"page","link":"https:\/\/nuevo-renacer.com\/pt\/la-educacion\/","title":{"rendered":"Educa\u00e7\u00e3o"},"content":{"rendered":"<div class=\"wp-block-uagb-container uagb-block-e9649aa2 alignfull uagb-is-root-container\"><div class=\"uagb-container-inner-blocks-wrap\">\n<p class=\"has-black-color has-text-color has-link-color has-medium-font-size wp-elements-a327227f3f7a029d93706300c152bcc0\"><strong>Educa\u00e7\u00e3o<\/strong><\/p>\n<\/div><\/div>\n\n\n\n<div class=\"wp-block-uagb-container uagb-block-81734685 alignfull uagb-is-root-container\"><div class=\"uagb-container-inner-blocks-wrap\">\n<figure class=\"wp-block-image size-full is-resized\"><img fetchpriority=\"high\" decoding=\"async\" width=\"1000\" height=\"667\" src=\"https:\/\/nuevo-renacer.com\/wp-content\/uploads\/2024\/09\/shutterstock_641523472.jpg\" alt=\"\" class=\"wp-image-4548\" style=\"width:382px;height:auto\" srcset=\"https:\/\/nuevo-renacer.com\/wp-content\/uploads\/2024\/09\/shutterstock_641523472.jpg 1000w, https:\/\/nuevo-renacer.com\/wp-content\/uploads\/2024\/09\/shutterstock_641523472-300x200.jpg 300w, https:\/\/nuevo-renacer.com\/wp-content\/uploads\/2024\/09\/shutterstock_641523472-768x512.jpg 768w, https:\/\/nuevo-renacer.com\/wp-content\/uploads\/2024\/09\/shutterstock_641523472-18x12.jpg 18w\" sizes=\"(max-width: 1000px) 100vw, 1000px\" \/><\/figure>\n<\/div><\/div>\n\n\n\n<div class=\"wp-block-uagb-container uagb-block-0a8a25fe alignfull uagb-is-root-container\"><div class=\"uagb-container-inner-blocks-wrap\">\n<p class=\"has-black-color has-text-color has-link-color has-small-font-size wp-elements-86b6bc74f220429584135ed86b45f48c\">Por meio da educa\u00e7\u00e3o, as gera\u00e7\u00f5es s\u00e3o transformadas e aprimoradas. Para criar uma nova sociedade, \u00e9 necess\u00e1rio criar novas pessoas. Portanto, a educa\u00e7\u00e3o das crian\u00e7as \u00e9 de suma import\u00e2ncia.<\/p>\n\n\n\n<p class=\"has-black-color has-text-color has-link-color has-small-font-size wp-elements-703c5ffdb91847b5a4b66c0fe4a18804\">N\u00e3o \u00e9 suficiente ensinar \u00e0 crian\u00e7a os elementos da ci\u00eancia. T\u00e3o essencial quanto saber ler, escrever e calcular \u00e9 aprender a governar a si mesmo, a se comportar como um ser racional e consciente, a entrar na vida armado n\u00e3o apenas para a luta material, mas, acima de tudo, para a luta moral. No entanto, \u00e9 com isso que estamos menos preocupados. O objetivo \u00e9 desenvolver as faculdades e os aspectos brilhantes da crian\u00e7a, e n\u00e3o suas virtudes. Na escola, assim como na fam\u00edlia, o esclarecimento de seus deveres e de seu destino \u00e9 muito negligenciado. Assim, privada de princ\u00edpios elevados, ignorante do prop\u00f3sito da exist\u00eancia, no dia em que entra na vida p\u00fablica, a crian\u00e7a \u00e9 exposta a todos os atrativos, a todas as atra\u00e7\u00f5es da paix\u00e3o, em um ambiente sensual e corrupto.<\/p>\n\n\n\n<p class=\"has-black-color has-text-color has-link-color has-small-font-size wp-elements-ff08a1d04024fd303f6a5fc863b867c6\">Mesmo no segundo n\u00edvel de educa\u00e7\u00e3o, o que se faz \u00e9 encher o c\u00e9rebro do aluno com um ac\u00famulo indigesto de no\u00e7\u00f5es e fatos, datas e nomes, tudo em detrimento do ensino moral. A moralidade da escola, desprovida de san\u00e7\u00e3o efetiva, sem qualquer prop\u00f3sito universal, n\u00e3o passa de uma moralidade est\u00e9ril, incapaz de reformar a sociedade.<\/p>\n\n\n\n<p class=\"has-black-color has-text-color has-link-color has-small-font-size wp-elements-7a35919431865ee5745903908b1f4562\">A educa\u00e7\u00e3o dada em estabelecimentos religiosos, onde a crian\u00e7a \u00e9 v\u00edtima do fanatismo e da supersti\u00e7\u00e3o e adquire apenas ideias falsas sobre a vida presente e a vida futura, tamb\u00e9m \u00e9 pueril.<\/p>\n\n\n\n<p class=\"has-black-color has-text-color has-link-color has-small-font-size wp-elements-b469896770c8e4cd74217f9614763131\">A boa educa\u00e7\u00e3o moral raramente \u00e9 obra de um professor. Para despertar na crian\u00e7a as primeiras aspira\u00e7\u00f5es ao bem, para endireitar um car\u00e1ter dif\u00edcil, \u00e9 preciso perseveran\u00e7a, firmeza e um afeto do qual somente o cora\u00e7\u00e3o de um pai ou de uma m\u00e3e \u00e9 suscet\u00edvel. Se os pais n\u00e3o conseguem corrigir seus filhos, como aquele que lidera um grande n\u00famero deles conseguir\u00e1 faz\u00ea-lo?<\/p>\n\n\n\n<p class=\"has-black-color has-text-color has-link-color has-small-font-size wp-elements-790ba857903e024896a7ba863aeff3b2\">No entanto, essa tarefa n\u00e3o \u00e9 t\u00e3o dif\u00edcil quanto se imagina. Ela n\u00e3o requer uma ci\u00eancia profunda. Pode ser realizada tanto por jovens quanto por idosos, se eles estiverem familiarizados com o prop\u00f3sito e as consequ\u00eancias da educa\u00e7\u00e3o. Uma coisa deve ser sempre lembrada: os esp\u00edritos vieram at\u00e9 n\u00f3s com o prop\u00f3sito de ajud\u00e1-los a superar seus defeitos e a se preparar para os deveres da vida. Aceitamos, por meio do casamento, a miss\u00e3o de dirigi-los; n\u00f3s a realizamos com amor, mas com um amor livre de fraquezas, pois o amor levado ao seu limite extremo \u00e9 repleto de perigos. Estudemos desde o ber\u00e7o as tend\u00eancias adquiridas pela crian\u00e7a em suas exist\u00eancias anteriores e nos dediquemos a desenvolver as boas e a sufocar as m\u00e1s. N\u00e3o lhes demos prazer em demasia, para que, acostumadas desde o in\u00edcio ao desencanto, suas almas jovens compreendam que a vida terrena \u00e9 dura e que s\u00f3 se pode confiar em si mesmo e em seu trabalho, a \u00fanica coisa que d\u00e1 independ\u00eancia e dignidade. N\u00e3o tentemos desviar essas crian\u00e7as da a\u00e7\u00e3o das leis eternas. H\u00e1 pedras no caminho de cada um de n\u00f3s: somente o bom senso nos ensina a evit\u00e1-las.<\/p>\n\n\n\n<p class=\"has-black-color has-text-color has-link-color has-small-font-size wp-elements-51bf420c991313bd87fc51eb452797ed\">N\u00e3o confie seus filhos a outras pessoas, a menos que seja absolutamente obrigado a fazer isso. A educa\u00e7\u00e3o n\u00e3o pode ser mercen\u00e1ria; o que importa para uma ama de leite se uma crian\u00e7a fala ou anda desta ou daquela maneira? Ela n\u00e3o tem senso de m\u00e3e nem amor de m\u00e3e. Por outro lado, que alegria a m\u00e3e sente ao ver os primeiros passos de seu querubim! Nenhuma fadiga, nenhuma labuta pode det\u00ea-la; ela ama! Fa\u00e7a o mesmo com a alma de seus filhos. Sejam ainda mais sol\u00edcitos com ela do que com o corpo. Este logo se desgastar\u00e1 e ser\u00e1 jogado no ossu\u00e1rio, enquanto a alma imortal, radiante com o cuidado com que foi cercada, com os m\u00e9ritos adquiridos e com o progresso feito, viver\u00e1 atrav\u00e9s do tempo para aben\u00e7o\u00e1-lo e am\u00e1-lo.<\/p>\n\n\n\n<p class=\"has-black-color has-text-color has-link-color has-small-font-size wp-elements-9c90eb326d66ff9e17dd9e83a5b2c0c8\">A educa\u00e7\u00e3o, baseada em uma concep\u00e7\u00e3o precisa da vida, mudaria a face do mundo. Suponhamos que todas as fam\u00edlias fossem iniciadas em cren\u00e7as espiritualistas de fato sancionadas e inculcadas em seus filhos, enquanto a escola neutra lhes ensinaria os princ\u00edpios da ci\u00eancia e as maravilhas do universo. Uma r\u00e1pida transforma\u00e7\u00e3o social logo ocorreria sob a a\u00e7\u00e3o dessa dupla corrente. Todas as feridas morais s\u00e3o devidas \u00e0 m\u00e1 educa\u00e7\u00e3o. Reform\u00e1-la, estabelec\u00ea-la em novas bases, teria consequ\u00eancias incalcul\u00e1veis para a humanidade. Instruamos a juventude e iluminemos sua intelig\u00eancia; mas, acima de tudo, falemos a seus cora\u00e7\u00f5es e ensinemos-lhes a se livrarem de suas imperfei\u00e7\u00f5es. Lembremo-nos de que a ci\u00eancia por excel\u00eancia consiste em nos tornar melhores.<\/p>\n\n\n\n<p class=\"has-black-color has-text-color has-link-color has-small-font-size wp-elements-cb7c8a978c2d34d564eb4500e49ce652\"><em><strong>Le\u00f3n Denis <\/strong>\u2013 O caminho reto<\/em> \u2503 <em>Conceito esp\u00edrita da lei moral<\/em><\/p>\n<\/div><\/div>","protected":false},"excerpt":{"rendered":"<p>La Educaci\u00f3n Por medio de la educaci\u00f3n, las generaciones se transforman y se mejoran. Para obtener una sociedad nueva es preciso hacer hombres nuevos. As\u00ed pues, la educaci\u00f3n de la infancia es de una importancia capital. No basta ense\u00f1ar al ni\u00f1o los elementos de la ciencia. Tan esencial como saber leer, escribir y calcular es [&hellip;]<\/p>","protected":false},"author":1,"featured_media":4548,"parent":0,"menu_order":0,"comment_status":"closed","ping_status":"closed","template":"","meta":{"_uag_custom_page_level_css":"","site-sidebar-layout":"default","site-content-layout":"","ast-site-content-layout":"default","site-content-style":"default","site-sidebar-style":"default","ast-global-header-display":"","ast-banner-title-visibility":"","ast-main-header-display":"","ast-hfb-above-header-display":"","ast-hfb-below-header-display":"","ast-hfb-mobile-header-display":"","site-post-title":"","ast-breadcrumbs-content":"","ast-featured-img":"","footer-sml-layout":"","theme-transparent-header-meta":"","adv-header-id-meta":"","stick-header-meta":"","header-above-stick-meta":"","header-main-stick-meta":"","header-below-stick-meta":"","astra-migrate-meta-layouts":"set","ast-page-background-enabled":"default","ast-page-background-meta":{"desktop":{"background-color":"var(--ast-global-color-4)","background-image":"","background-repeat":"repeat","background-position":"center center","background-size":"auto","background-attachment":"scroll","background-type":"","background-media":"","overlay-type":"","overlay-color":"","overlay-opacity":"","overlay-gradient":""},"tablet":{"background-color":"","background-image":"","background-repeat":"repeat","background-position":"center center","background-size":"auto","background-attachment":"scroll","background-type":"","background-media":"","overlay-type":"","overlay-color":"","overlay-opacity":"","overlay-gradient":""},"mobile":{"background-color":"","background-image":"","background-repeat":"repeat","background-position":"center center","background-size":"auto","background-attachment":"scroll","background-type":"","background-media":"","overlay-type":"","overlay-color":"","overlay-opacity":"","overlay-gradient":""}},"ast-content-background-meta":{"desktop":{"background-color":"var(--ast-global-color-5)","background-image":"","background-repeat":"repeat","background-position":"center center","background-size":"auto","background-attachment":"scroll","background-type":"","background-media":"","overlay-type":"","overlay-color":"","overlay-opacity":"","overlay-gradient":""},"tablet":{"background-color":"var(--ast-global-color-5)","background-image":"","background-repeat":"repeat","background-position":"center center","background-size":"auto","background-attachment":"scroll","background-type":"","background-media":"","overlay-type":"","overlay-color":"","overlay-opacity":"","overlay-gradient":""},"mobile":{"background-color":"var(--ast-global-color-5)","background-image":"","background-repeat":"repeat","background-position":"center center","background-size":"auto","background-attachment":"scroll","background-type":"","background-media":"","overlay-type":"","overlay-color":"","overlay-opacity":"","overlay-gradient":""}},"footnotes":""},"class_list":["post-4543","page","type-page","status-publish","has-post-thumbnail","hentry"],"yoast_head":"<!-- This site is optimized with the Yoast SEO Premium plugin v24.2 (Yoast SEO v24.6) - https:\/\/yoast.com\/wordpress\/plugins\/seo\/ -->\n<title>La Educaci\u00f3n - Uni\u00f3n Esp\u00edrita<\/title>\n<meta name=\"robots\" content=\"index, follow, max-snippet:-1, max-image-preview:large, max-video-preview:-1\" \/>\n<link rel=\"canonical\" href=\"https:\/\/nuevo-renacer.com\/pt\/la-educacion\/\" \/>\n<meta property=\"og:locale\" content=\"pt_BR\" \/>\n<meta property=\"og:type\" content=\"article\" \/>\n<meta property=\"og:title\" content=\"La Educaci\u00f3n\" \/>\n<meta property=\"og:description\" content=\"La Educaci\u00f3n Por medio de la educaci\u00f3n, las generaciones se transforman y se mejoran. Para obtener una sociedad nueva es preciso hacer hombres nuevos. As\u00ed pues, la educaci\u00f3n de la infancia es de una importancia capital. No basta ense\u00f1ar al ni\u00f1o los elementos de la ciencia. Tan esencial como saber leer, escribir y calcular es [&hellip;]\" \/>\n<meta property=\"og:url\" content=\"https:\/\/nuevo-renacer.com\/pt\/la-educacion\/\" \/>\n<meta property=\"og:site_name\" content=\"Uni\u00f3n Esp\u00edrita\" \/>\n<meta property=\"article:publisher\" content=\"https:\/\/www.facebook.com\/groups\/3431398063740829\" \/>\n<meta property=\"article:modified_time\" content=\"2024-09-09T09:37:20+00:00\" \/>\n<meta property=\"og:image\" content=\"https:\/\/nuevo-renacer.com\/wp-content\/uploads\/2024\/09\/shutterstock_641523472.jpg\" \/>\n\t<meta property=\"og:image:width\" content=\"1000\" \/>\n\t<meta property=\"og:image:height\" content=\"667\" \/>\n\t<meta property=\"og:image:type\" content=\"image\/jpeg\" \/>\n<meta name=\"twitter:card\" content=\"summary_large_image\" \/>\n<meta name=\"twitter:label1\" content=\"Est. tempo de leitura\" \/>\n\t<meta name=\"twitter:data1\" content=\"4 minutos\" \/>\n<script type=\"application\/ld+json\" class=\"yoast-schema-graph\">{\"@context\":\"https:\/\/schema.org\",\"@graph\":[{\"@type\":\"WebPage\",\"@id\":\"https:\/\/nuevo-renacer.com\/la-educacion\/\",\"url\":\"https:\/\/nuevo-renacer.com\/la-educacion\/\",\"name\":\"La Educaci\u00f3n - Uni\u00f3n Esp\u00edrita\",\"isPartOf\":{\"@id\":\"https:\/\/nuevo-renacer.com\/#website\"},\"primaryImageOfPage\":{\"@id\":\"https:\/\/nuevo-renacer.com\/la-educacion\/#primaryimage\"},\"image\":{\"@id\":\"https:\/\/nuevo-renacer.com\/la-educacion\/#primaryimage\"},\"thumbnailUrl\":\"https:\/\/nuevo-renacer.com\/wp-content\/uploads\/2024\/09\/shutterstock_641523472.jpg\",\"datePublished\":\"2024-09-09T09:25:48+00:00\",\"dateModified\":\"2024-09-09T09:37:20+00:00\",\"breadcrumb\":{\"@id\":\"https:\/\/nuevo-renacer.com\/la-educacion\/#breadcrumb\"},\"inLanguage\":\"pt-BR\",\"potentialAction\":[{\"@type\":\"ReadAction\",\"target\":[\"https:\/\/nuevo-renacer.com\/la-educacion\/\"]}]},{\"@type\":\"ImageObject\",\"inLanguage\":\"pt-BR\",\"@id\":\"https:\/\/nuevo-renacer.com\/la-educacion\/#primaryimage\",\"url\":\"https:\/\/nuevo-renacer.com\/wp-content\/uploads\/2024\/09\/shutterstock_641523472.jpg\",\"contentUrl\":\"https:\/\/nuevo-renacer.com\/wp-content\/uploads\/2024\/09\/shutterstock_641523472.jpg\",\"width\":1000,\"height\":667},{\"@type\":\"BreadcrumbList\",\"@id\":\"https:\/\/nuevo-renacer.com\/la-educacion\/#breadcrumb\",\"itemListElement\":[{\"@type\":\"ListItem\",\"position\":1,\"name\":\"Startseite\",\"item\":\"https:\/\/nuevo-renacer.com\/\"},{\"@type\":\"ListItem\",\"position\":2,\"name\":\"La Educaci\u00f3n\"}]},{\"@type\":\"WebSite\",\"@id\":\"https:\/\/nuevo-renacer.com\/#website\",\"url\":\"https:\/\/nuevo-renacer.com\/\",\"name\":\"Uni\u00f3n Esp\u00edrita\",\"description\":\"Nuevo Renacer\",\"publisher\":{\"@id\":\"https:\/\/nuevo-renacer.com\/#organization\"},\"potentialAction\":[{\"@type\":\"SearchAction\",\"target\":{\"@type\":\"EntryPoint\",\"urlTemplate\":\"https:\/\/nuevo-renacer.com\/?s={search_term_string}\"},\"query-input\":{\"@type\":\"PropertyValueSpecification\",\"valueRequired\":true,\"valueName\":\"search_term_string\"}}],\"inLanguage\":\"pt-BR\"},{\"@type\":\"Organization\",\"@id\":\"https:\/\/nuevo-renacer.com\/#organization\",\"name\":\"UFEC\",\"url\":\"https:\/\/nuevo-renacer.com\/\",\"logo\":{\"@type\":\"ImageObject\",\"inLanguage\":\"pt-BR\",\"@id\":\"https:\/\/nuevo-renacer.com\/#\/schema\/logo\/image\/\",\"url\":\"https:\/\/nuevo-renacer.com\/wp-content\/uploads\/2024\/05\/cropped-LOGO-TERMINADO1-3-3.png\",\"contentUrl\":\"https:\/\/nuevo-renacer.com\/wp-content\/uploads\/2024\/05\/cropped-LOGO-TERMINADO1-3-3.png\",\"width\":512,\"height\":512,\"caption\":\"UFEC\"},\"image\":{\"@id\":\"https:\/\/nuevo-renacer.com\/#\/schema\/logo\/image\/\"},\"sameAs\":[\"https:\/\/www.facebook.com\/groups\/3431398063740829\"]}]}<\/script>\n<!-- \/ Yoast SEO Premium plugin. -->","yoast_head_json":{"title":"La Educaci\u00f3n - Uni\u00f3n Esp\u00edrita","robots":{"index":"index","follow":"follow","max-snippet":"max-snippet:-1","max-image-preview":"max-image-preview:large","max-video-preview":"max-video-preview:-1"},"canonical":"https:\/\/nuevo-renacer.com\/pt\/la-educacion\/","og_locale":"pt_BR","og_type":"article","og_title":"La Educaci\u00f3n","og_description":"La Educaci\u00f3n Por medio de la educaci\u00f3n, las generaciones se transforman y se mejoran. Para obtener una sociedad nueva es preciso hacer hombres nuevos. As\u00ed pues, la educaci\u00f3n de la infancia es de una importancia capital. No basta ense\u00f1ar al ni\u00f1o los elementos de la ciencia. Tan esencial como saber leer, escribir y calcular es [&hellip;]","og_url":"https:\/\/nuevo-renacer.com\/pt\/la-educacion\/","og_site_name":"Uni\u00f3n Esp\u00edrita","article_publisher":"https:\/\/www.facebook.com\/groups\/3431398063740829","article_modified_time":"2024-09-09T09:37:20+00:00","og_image":[{"width":1000,"height":667,"url":"https:\/\/nuevo-renacer.com\/wp-content\/uploads\/2024\/09\/shutterstock_641523472.jpg","type":"image\/jpeg"}],"twitter_card":"summary_large_image","twitter_misc":{"Est. tempo de leitura":"4 minutos"},"schema":{"@context":"https:\/\/schema.org","@graph":[{"@type":"WebPage","@id":"https:\/\/nuevo-renacer.com\/la-educacion\/","url":"https:\/\/nuevo-renacer.com\/la-educacion\/","name":"La Educaci\u00f3n - Uni\u00f3n Esp\u00edrita","isPartOf":{"@id":"https:\/\/nuevo-renacer.com\/#website"},"primaryImageOfPage":{"@id":"https:\/\/nuevo-renacer.com\/la-educacion\/#primaryimage"},"image":{"@id":"https:\/\/nuevo-renacer.com\/la-educacion\/#primaryimage"},"thumbnailUrl":"https:\/\/nuevo-renacer.com\/wp-content\/uploads\/2024\/09\/shutterstock_641523472.jpg","datePublished":"2024-09-09T09:25:48+00:00","dateModified":"2024-09-09T09:37:20+00:00","breadcrumb":{"@id":"https:\/\/nuevo-renacer.com\/la-educacion\/#breadcrumb"},"inLanguage":"pt-BR","potentialAction":[{"@type":"ReadAction","target":["https:\/\/nuevo-renacer.com\/la-educacion\/"]}]},{"@type":"ImageObject","inLanguage":"pt-BR","@id":"https:\/\/nuevo-renacer.com\/la-educacion\/#primaryimage","url":"https:\/\/nuevo-renacer.com\/wp-content\/uploads\/2024\/09\/shutterstock_641523472.jpg","contentUrl":"https:\/\/nuevo-renacer.com\/wp-content\/uploads\/2024\/09\/shutterstock_641523472.jpg","width":1000,"height":667},{"@type":"BreadcrumbList","@id":"https:\/\/nuevo-renacer.com\/la-educacion\/#breadcrumb","itemListElement":[{"@type":"ListItem","position":1,"name":"Startseite","item":"https:\/\/nuevo-renacer.com\/"},{"@type":"ListItem","position":2,"name":"La Educaci\u00f3n"}]},{"@type":"WebSite","@id":"https:\/\/nuevo-renacer.com\/#website","url":"https:\/\/nuevo-renacer.com\/","name":"Uni\u00f3n Esp\u00edrita","description":"Nuevo Renacer","publisher":{"@id":"https:\/\/nuevo-renacer.com\/#organization"},"potentialAction":[{"@type":"SearchAction","target":{"@type":"EntryPoint","urlTemplate":"https:\/\/nuevo-renacer.com\/?s={search_term_string}"},"query-input":{"@type":"PropertyValueSpecification","valueRequired":true,"valueName":"search_term_string"}}],"inLanguage":"pt-BR"},{"@type":"Organization","@id":"https:\/\/nuevo-renacer.com\/#organization","name":"UFEC","url":"https:\/\/nuevo-renacer.com\/","logo":{"@type":"ImageObject","inLanguage":"pt-BR","@id":"https:\/\/nuevo-renacer.com\/#\/schema\/logo\/image\/","url":"https:\/\/nuevo-renacer.com\/wp-content\/uploads\/2024\/05\/cropped-LOGO-TERMINADO1-3-3.png","contentUrl":"https:\/\/nuevo-renacer.com\/wp-content\/uploads\/2024\/05\/cropped-LOGO-TERMINADO1-3-3.png","width":512,"height":512,"caption":"UFEC"},"image":{"@id":"https:\/\/nuevo-renacer.com\/#\/schema\/logo\/image\/"},"sameAs":["https:\/\/www.facebook.com\/groups\/3431398063740829"]}]}},"uagb_featured_image_src":{"full":["https:\/\/nuevo-renacer.com\/wp-content\/uploads\/2024\/09\/shutterstock_641523472.jpg",1000,667,false],"thumbnail":["https:\/\/nuevo-renacer.com\/wp-content\/uploads\/2024\/09\/shutterstock_641523472-150x150.jpg",150,150,true],"medium":["https:\/\/nuevo-renacer.com\/wp-content\/uploads\/2024\/09\/shutterstock_641523472-300x200.jpg",300,200,true],"medium_large":["https:\/\/nuevo-renacer.com\/wp-content\/uploads\/2024\/09\/shutterstock_641523472-768x512.jpg",768,512,true],"large":["https:\/\/nuevo-renacer.com\/wp-content\/uploads\/2024\/09\/shutterstock_641523472.jpg",1000,667,false],"1536x1536":["https:\/\/nuevo-renacer.com\/wp-content\/uploads\/2024\/09\/shutterstock_641523472.jpg",1000,667,false],"2048x2048":["https:\/\/nuevo-renacer.com\/wp-content\/uploads\/2024\/09\/shutterstock_641523472.jpg",1000,667,false],"trp-custom-language-flag":["https:\/\/nuevo-renacer.com\/wp-content\/uploads\/2024\/09\/shutterstock_641523472-18x12.jpg",18,12,true]},"uagb_author_info":{"display_name":"adbv0","author_link":"https:\/\/nuevo-renacer.com\/pt\/author\/adbv0\/"},"uagb_comment_info":0,"uagb_excerpt":"La Educaci\u00f3n Por medio de la educaci\u00f3n, las generaciones se transforman y se mejoran. Para obtener una sociedad nueva es preciso hacer hombres nuevos. As\u00ed pues, la educaci\u00f3n de la infancia es de una importancia capital. No basta ense\u00f1ar al ni\u00f1o los elementos de la ciencia. Tan esencial como saber leer, escribir y calcular es&hellip;","jetpack_sharing_enabled":true,"_links":{"self":[{"href":"https:\/\/nuevo-renacer.com\/pt\/wp-json\/wp\/v2\/pages\/4543","targetHints":{"allow":["GET"]}}],"collection":[{"href":"https:\/\/nuevo-renacer.com\/pt\/wp-json\/wp\/v2\/pages"}],"about":[{"href":"https:\/\/nuevo-renacer.com\/pt\/wp-json\/wp\/v2\/types\/page"}],"author":[{"embeddable":true,"href":"https:\/\/nuevo-renacer.com\/pt\/wp-json\/wp\/v2\/users\/1"}],"replies":[{"embeddable":true,"href":"https:\/\/nuevo-renacer.com\/pt\/wp-json\/wp\/v2\/comments?post=4543"}],"version-history":[{"count":4,"href":"https:\/\/nuevo-renacer.com\/pt\/wp-json\/wp\/v2\/pages\/4543\/revisions"}],"predecessor-version":[{"id":4549,"href":"https:\/\/nuevo-renacer.com\/pt\/wp-json\/wp\/v2\/pages\/4543\/revisions\/4549"}],"wp:featuredmedia":[{"embeddable":true,"href":"https:\/\/nuevo-renacer.com\/pt\/wp-json\/wp\/v2\/media\/4548"}],"wp:attachment":[{"href":"https:\/\/nuevo-renacer.com\/pt\/wp-json\/wp\/v2\/media?parent=4543"}],"curies":[{"name":"wp","href":"https:\/\/api.w.org\/{rel}","templated":true}]}}