{"id":4533,"date":"2024-09-09T07:29:24","date_gmt":"2024-09-09T07:29:24","guid":{"rendered":"https:\/\/nuevo-renacer.com\/?page_id=4533"},"modified":"2024-09-09T07:38:58","modified_gmt":"2024-09-09T07:38:58","slug":"el-estudio","status":"publish","type":"page","link":"https:\/\/nuevo-renacer.com\/pt\/el-estudio\/","title":{"rendered":"O est\u00fadio"},"content":{"rendered":"<div class=\"wp-block-uagb-container uagb-block-38497a20 alignfull uagb-is-root-container\"><div class=\"uagb-container-inner-blocks-wrap\">\n<p class=\"has-black-color has-text-color has-link-color has-medium-font-size wp-elements-7554635a50b559d8314c1df36ebfaa64\"><strong>O est\u00fadio<\/strong><\/p>\n<\/div><\/div>\n\n\n\n<div class=\"wp-block-uagb-container uagb-block-6ddcad16 alignfull uagb-is-root-container\"><div class=\"uagb-container-inner-blocks-wrap\">\n<figure class=\"wp-block-image size-large is-resized\"><img fetchpriority=\"high\" decoding=\"async\" width=\"1024\" height=\"640\" src=\"https:\/\/nuevo-renacer.com\/wp-content\/uploads\/2024\/09\/library-background-esjemhvm11615163-1024x640.jpg\" alt=\"\" class=\"wp-image-4535\" style=\"width:416px;height:auto\" srcset=\"https:\/\/nuevo-renacer.com\/wp-content\/uploads\/2024\/09\/library-background-esjemhvm11615163-1024x640.jpg 1024w, https:\/\/nuevo-renacer.com\/wp-content\/uploads\/2024\/09\/library-background-esjemhvm11615163-300x188.jpg 300w, https:\/\/nuevo-renacer.com\/wp-content\/uploads\/2024\/09\/library-background-esjemhvm11615163-768x480.jpg 768w, https:\/\/nuevo-renacer.com\/wp-content\/uploads\/2024\/09\/library-background-esjemhvm11615163-1536x960.jpg 1536w, https:\/\/nuevo-renacer.com\/wp-content\/uploads\/2024\/09\/library-background-esjemhvm11615163-18x12.jpg 18w, https:\/\/nuevo-renacer.com\/wp-content\/uploads\/2024\/09\/library-background-esjemhvm11615163.jpg 1920w\" sizes=\"(max-width: 1024px) 100vw, 1024px\" \/><\/figure>\n<\/div><\/div>\n\n\n\n<div class=\"wp-block-uagb-container uagb-block-8518334d alignfull uagb-is-root-container\"><div class=\"uagb-container-inner-blocks-wrap\">\n<p class=\"has-black-color has-text-color has-link-color has-small-font-size wp-elements-d7c1908c8d4195e9c22faf4d131bb6c5\">O estudo \u00e9 a fonte de alegrias doces e nobres; ele nos liberta das preocupa\u00e7\u00f5es vulgares e nos faz esquecer os males da vida. O livro \u00e9 um amigo sincero que d\u00e1 uma boa apar\u00eancia aos nossos dias felizes, bem como aos dias de infort\u00fanio. Estamos falando do livro s\u00e9rio e \u00fatil, que instrui, consola e reanima, e n\u00e3o do livro fr\u00edvolo que distrai e, com muita frequ\u00eancia, desmoraliza. O verdadeiro car\u00e1ter do bom livro n\u00e3o \u00e9 suficientemente compreendido. Ele \u00e9 como uma voz que nos fala atrav\u00e9s do tempo e nos conta sobre os trabalhos, as lutas e as descobertas daqueles que nos precederam na estrada da vida e que, para nosso benef\u00edcio, suavizaram suas arestas.<\/p>\n\n\n\n<p class=\"has-black-color has-text-color has-link-color has-small-font-size wp-elements-b5f90cf89297cf34ed6bdf6ccbf87c17\">N\u00e3o \u00e9 uma das raras alegrias deste mundo poder se comunicar por meio do pensamento com os grandes esp\u00edritos de todos os s\u00e9culos e de todos os pa\u00edses? Eles colocaram em seus livros o melhor de suas mentes e cora\u00e7\u00f5es. Eles nos conduzem pela m\u00e3o atrav\u00e9s dos labirintos da hist\u00f3ria, nos guiam para as regi\u00f5es elevadas da ci\u00eancia, da arte e da literatura. Em contato com essas obras, que constituem os bens mais preciosos da humanidade, ao compilar esses arquivos sagrados, sentimo-nos ampliados, consideramo-nos satisfeitos por pertencer \u00e0s ra\u00e7as que nos fornecem tais g\u00eanios. O esplendor de seu pensamento se espalha sobre nossas almas, conforta-as e exalta-as.<\/p>\n\n\n\n<p class=\"has-black-color has-text-color has-link-color has-small-font-size wp-elements-5e32b2d484802033ff2fda7e90aba0f4\">Saibamos escolher bons livros e nos acostumemos a viver entre eles, em constante relacionamento com os esp\u00edritos escolhidos. Rejeitemos cuidadosamente os livros impuros, escritos para lisonjear as paix\u00f5es inferiores. Tenhamos cuidado com a literatura solta, fruto do sensualismo, que deixa atr\u00e1s de si corrup\u00e7\u00e3o e imoralidade.<\/p>\n\n\n\n<p class=\"has-black-color has-text-color has-link-color has-small-font-size wp-elements-6608da576fffec03148fdd83a945d4e4\">A maioria dos homens finge gostar de estudar e afirma que n\u00e3o tem tempo para se dedicar a isso. No entanto, muitos deles dedicam noites inteiras a jogos de azar e conversas f\u00fateis. Tamb\u00e9m se argumenta que os livros s\u00e3o caros, quando se gasta mais dinheiro em prazeres f\u00fateis e ins\u00edpidos do que seria necess\u00e1rio para adquirir uma rica cole\u00e7\u00e3o de obras. Al\u00e9m disso, o estudo da natureza, o mais eficaz e o mais reconfortante de todos, n\u00e3o custa nada.<\/p>\n\n\n\n<p class=\"has-black-color has-text-color has-link-color has-small-font-size wp-elements-3d4c40f863f6cbd6dd3684968bd35a63\">A ci\u00eancia humana \u00e9 fal\u00edvel e vari\u00e1vel. A natureza n\u00e3o \u00e9. Ela nunca se desmente. Nas horas de incerteza e des\u00e2nimo, voltemos a ela e ela nos embalar\u00e1 em seu peito. Ela nos falar\u00e1 em uma linguagem simples e doce, na qual a verdade aparecer\u00e1 sem artif\u00edcios ou desfigura\u00e7\u00f5es. Mas poucos sabem como ouvir e entender essa linguagem suave. O homem carrega consigo, mesmo nas profundezas da solid\u00e3o, suas paix\u00f5es e seu tumulto interior, cujos rumores escondem o ensinamento \u00edntimo da Natureza. Para discernir a revela\u00e7\u00e3o imanente no cora\u00e7\u00e3o das coisas, \u00e9 necess\u00e1rio impor sil\u00eancio \u00e0s quimeras do mundo, \u00e0s opini\u00f5es turbulentas que perturbam nossas sociedades; \u00e9 necess\u00e1rio recolher-se, fazer as pazes dentro de si mesmo e ao seu redor. Ent\u00e3o, todos os ecos da vida p\u00fablica se calam; a alma entra em si mesma, recupera o sentimento da Natureza e das leis eternas e se comunica com a Raz\u00e3o suprema.<\/p>\n\n\n\n<p class=\"has-black-color has-text-color has-link-color has-small-font-size wp-elements-08e53ea10be1dbe434e400a0cd2b0efc\">O estudo da natureza terrestre eleva e fortalece o pensamento, mas o que dizer da vis\u00e3o dos c\u00e9us?<\/p>\n\n\n\n<p class=\"has-black-color has-text-color has-link-color has-small-font-size wp-elements-d906ebd92d586f251fc0e62b3e5587ea\">Quando, na noite tranquila, a ab\u00f3bada estrelada se ilumina e o desfile de estrelas come\u00e7a; quando dos n\u00facleos estelares e das nebulosas perdidas nas profundezas do espa\u00e7o a claridade tr\u00eamula e difusa desce at\u00e9 n\u00f3s, uma influ\u00eancia misteriosa nos envolve, um sentimento profundamente religioso nos invade. Como as preocupa\u00e7\u00f5es v\u00e3s desaparecem nessa hora; como a sensa\u00e7\u00e3o do imensur\u00e1vel nos penetra, nos domina e nos faz dobrar os joelhos; que adora\u00e7\u00e3o silenciosa brota de nossos cora\u00e7\u00f5es!<\/p>\n\n\n\n<p class=\"has-black-color has-text-color has-link-color has-small-font-size wp-elements-035c4dc35aa36e228791438051edf9bd\">A Terra est\u00e1 vagando - um fr\u00e1gil esquife - pelos campos da imensid\u00e3o. Ela vagueia, arrastada pelo poderoso sol. Em toda parte, ao seu redor, h\u00e1 profundidades imensas que n\u00e3o podem ser exploradas sem que se tenha vertigem. Em toda parte tamb\u00e9m, a dist\u00e2ncias enormes, h\u00e1 mundos e mais mundos, ilhas flutuantes sacudidas pelas ondas do \u00e9ter. O olho se recusa a cont\u00e1-los, mas nosso Esp\u00edrito os considera com respeito e amor. Seus raios sutis o atraem. Enorme J\u00fapiter, e voc\u00ea, Saturno, cercado por uma faixa luminosa e coroado por nove luas douradas; s\u00f3is gigantescos de luzes mutiformes, esferas inumer\u00e1veis: n\u00f3s os saudamos das profundezas do espa\u00e7o... Mundos que brilham acima de nossas cabe\u00e7as, o que escondem?... Gostar\u00edamos de conhec\u00ea-los, de saber que povos, que cidades estranhas, que civiliza\u00e7\u00f5es se estendem por sua superf\u00edcie... Uma intui\u00e7\u00e3o secreta nos diz que em voc\u00eas est\u00e1 a felicidade, procurada em v\u00e3o na Terra.<\/p>\n\n\n\n<p class=\"has-black-color has-text-color has-link-color has-small-font-size wp-elements-08591da34e04cf7334b2c5da8b5911d0\">Mas por que duvidar e temer? Esses mundos s\u00e3o nossa heran\u00e7a. Estamos destinados a percorr\u00ea-los e habit\u00e1-los. Visitaremos esses arquip\u00e9lagos estelares e penetraremos em seus mist\u00e9rios. Nunca haver\u00e1 um fim para nossa carreira, nosso \u00edmpeto, nosso progresso, se soubermos como ajustar nossa vontade \u00e0s leis divinas e conquistar, por meio de nossas a\u00e7\u00f5es, a plenitude da vida, de posse das alegrias celestiais inerentes a ela.<\/p>\n\n\n\n<p class=\"has-small-font-size\"><em><strong>Le\u00f3n Denis <\/strong>\u2013 O caminho reto<\/em> \u2503 <em>Conceito esp\u00edrita da lei moral<\/em><\/p>\n<\/div><\/div>","protected":false},"excerpt":{"rendered":"<p>El Estudio El estudio es la fuente de dulces y nobles goces; nos libera de las preocupaciones vulgares y nos hace olvidar los males de la vida. El libro es un amigo sincero que nos pone buena cara lo mismo en los d\u00edas felices que en los de mala fortuna. Hablamos del libro serio, \u00fatil, [&hellip;]<\/p>","protected":false},"author":1,"featured_media":4535,"parent":0,"menu_order":0,"comment_status":"closed","ping_status":"closed","template":"","meta":{"_uag_custom_page_level_css":"","site-sidebar-layout":"default","site-content-layout":"","ast-site-content-layout":"default","site-content-style":"default","site-sidebar-style":"default","ast-global-header-display":"","ast-banner-title-visibility":"","ast-main-header-display":"","ast-hfb-above-header-display":"","ast-hfb-below-header-display":"","ast-hfb-mobile-header-display":"","site-post-title":"","ast-breadcrumbs-content":"","ast-featured-img":"","footer-sml-layout":"","theme-transparent-header-meta":"","adv-header-id-meta":"","stick-header-meta":"","header-above-stick-meta":"","header-main-stick-meta":"","header-below-stick-meta":"","astra-migrate-meta-layouts":"set","ast-page-background-enabled":"default","ast-page-background-meta":{"desktop":{"background-color":"var(--ast-global-color-4)","background-image":"","background-repeat":"repeat","background-position":"center center","background-size":"auto","background-attachment":"scroll","background-type":"","background-media":"","overlay-type":"","overlay-color":"","overlay-opacity":"","overlay-gradient":""},"tablet":{"background-color":"","background-image":"","background-repeat":"repeat","background-position":"center center","background-size":"auto","background-attachment":"scroll","background-type":"","background-media":"","overlay-type":"","overlay-color":"","overlay-opacity":"","overlay-gradient":""},"mobile":{"background-color":"","background-image":"","background-repeat":"repeat","background-position":"center center","background-size":"auto","background-attachment":"scroll","background-type":"","background-media":"","overlay-type":"","overlay-color":"","overlay-opacity":"","overlay-gradient":""}},"ast-content-background-meta":{"desktop":{"background-color":"var(--ast-global-color-5)","background-image":"","background-repeat":"repeat","background-position":"center center","background-size":"auto","background-attachment":"scroll","background-type":"","background-media":"","overlay-type":"","overlay-color":"","overlay-opacity":"","overlay-gradient":""},"tablet":{"background-color":"var(--ast-global-color-5)","background-image":"","background-repeat":"repeat","background-position":"center center","background-size":"auto","background-attachment":"scroll","background-type":"","background-media":"","overlay-type":"","overlay-color":"","overlay-opacity":"","overlay-gradient":""},"mobile":{"background-color":"var(--ast-global-color-5)","background-image":"","background-repeat":"repeat","background-position":"center center","background-size":"auto","background-attachment":"scroll","background-type":"","background-media":"","overlay-type":"","overlay-color":"","overlay-opacity":"","overlay-gradient":""}},"footnotes":""},"class_list":["post-4533","page","type-page","status-publish","has-post-thumbnail","hentry"],"yoast_head":"<!-- This site is optimized with the Yoast SEO Premium plugin v24.2 (Yoast SEO v24.6) - https:\/\/yoast.com\/wordpress\/plugins\/seo\/ -->\n<title>El Estudio - Uni\u00f3n Esp\u00edrita<\/title>\n<meta name=\"robots\" content=\"index, follow, max-snippet:-1, max-image-preview:large, max-video-preview:-1\" \/>\n<link rel=\"canonical\" href=\"https:\/\/nuevo-renacer.com\/pt\/el-estudio\/\" \/>\n<meta property=\"og:locale\" content=\"pt_BR\" \/>\n<meta property=\"og:type\" content=\"article\" \/>\n<meta property=\"og:title\" content=\"El Estudio\" \/>\n<meta property=\"og:description\" content=\"El Estudio El estudio es la fuente de dulces y nobles goces; nos libera de las preocupaciones vulgares y nos hace olvidar los males de la vida. El libro es un amigo sincero que nos pone buena cara lo mismo en los d\u00edas felices que en los de mala fortuna. Hablamos del libro serio, \u00fatil, [&hellip;]\" \/>\n<meta property=\"og:url\" content=\"https:\/\/nuevo-renacer.com\/pt\/el-estudio\/\" \/>\n<meta property=\"og:site_name\" content=\"Uni\u00f3n Esp\u00edrita\" \/>\n<meta property=\"article:publisher\" content=\"https:\/\/www.facebook.com\/groups\/3431398063740829\" \/>\n<meta property=\"article:modified_time\" content=\"2024-09-09T07:38:58+00:00\" \/>\n<meta property=\"og:image\" content=\"https:\/\/nuevo-renacer.com\/wp-content\/uploads\/2024\/09\/library-background-esjemhvm11615163.jpg\" \/>\n\t<meta property=\"og:image:width\" content=\"1920\" \/>\n\t<meta property=\"og:image:height\" content=\"1200\" \/>\n\t<meta property=\"og:image:type\" content=\"image\/jpeg\" \/>\n<meta name=\"twitter:card\" content=\"summary_large_image\" \/>\n<meta name=\"twitter:label1\" content=\"Est. tempo de leitura\" \/>\n\t<meta name=\"twitter:data1\" content=\"5 minutos\" \/>\n<script type=\"application\/ld+json\" class=\"yoast-schema-graph\">{\"@context\":\"https:\/\/schema.org\",\"@graph\":[{\"@type\":\"WebPage\",\"@id\":\"https:\/\/nuevo-renacer.com\/el-estudio\/\",\"url\":\"https:\/\/nuevo-renacer.com\/el-estudio\/\",\"name\":\"El Estudio - Uni\u00f3n Esp\u00edrita\",\"isPartOf\":{\"@id\":\"https:\/\/nuevo-renacer.com\/#website\"},\"primaryImageOfPage\":{\"@id\":\"https:\/\/nuevo-renacer.com\/el-estudio\/#primaryimage\"},\"image\":{\"@id\":\"https:\/\/nuevo-renacer.com\/el-estudio\/#primaryimage\"},\"thumbnailUrl\":\"https:\/\/nuevo-renacer.com\/wp-content\/uploads\/2024\/09\/library-background-esjemhvm11615163.jpg\",\"datePublished\":\"2024-09-09T07:29:24+00:00\",\"dateModified\":\"2024-09-09T07:38:58+00:00\",\"breadcrumb\":{\"@id\":\"https:\/\/nuevo-renacer.com\/el-estudio\/#breadcrumb\"},\"inLanguage\":\"pt-BR\",\"potentialAction\":[{\"@type\":\"ReadAction\",\"target\":[\"https:\/\/nuevo-renacer.com\/el-estudio\/\"]}]},{\"@type\":\"ImageObject\",\"inLanguage\":\"pt-BR\",\"@id\":\"https:\/\/nuevo-renacer.com\/el-estudio\/#primaryimage\",\"url\":\"https:\/\/nuevo-renacer.com\/wp-content\/uploads\/2024\/09\/library-background-esjemhvm11615163.jpg\",\"contentUrl\":\"https:\/\/nuevo-renacer.com\/wp-content\/uploads\/2024\/09\/library-background-esjemhvm11615163.jpg\",\"width\":1920,\"height\":1200},{\"@type\":\"BreadcrumbList\",\"@id\":\"https:\/\/nuevo-renacer.com\/el-estudio\/#breadcrumb\",\"itemListElement\":[{\"@type\":\"ListItem\",\"position\":1,\"name\":\"Startseite\",\"item\":\"https:\/\/nuevo-renacer.com\/\"},{\"@type\":\"ListItem\",\"position\":2,\"name\":\"El Estudio\"}]},{\"@type\":\"WebSite\",\"@id\":\"https:\/\/nuevo-renacer.com\/#website\",\"url\":\"https:\/\/nuevo-renacer.com\/\",\"name\":\"Uni\u00f3n Esp\u00edrita\",\"description\":\"Nuevo Renacer\",\"publisher\":{\"@id\":\"https:\/\/nuevo-renacer.com\/#organization\"},\"potentialAction\":[{\"@type\":\"SearchAction\",\"target\":{\"@type\":\"EntryPoint\",\"urlTemplate\":\"https:\/\/nuevo-renacer.com\/?s={search_term_string}\"},\"query-input\":{\"@type\":\"PropertyValueSpecification\",\"valueRequired\":true,\"valueName\":\"search_term_string\"}}],\"inLanguage\":\"pt-BR\"},{\"@type\":\"Organization\",\"@id\":\"https:\/\/nuevo-renacer.com\/#organization\",\"name\":\"UFEC\",\"url\":\"https:\/\/nuevo-renacer.com\/\",\"logo\":{\"@type\":\"ImageObject\",\"inLanguage\":\"pt-BR\",\"@id\":\"https:\/\/nuevo-renacer.com\/#\/schema\/logo\/image\/\",\"url\":\"https:\/\/nuevo-renacer.com\/wp-content\/uploads\/2024\/05\/cropped-LOGO-TERMINADO1-3-3.png\",\"contentUrl\":\"https:\/\/nuevo-renacer.com\/wp-content\/uploads\/2024\/05\/cropped-LOGO-TERMINADO1-3-3.png\",\"width\":512,\"height\":512,\"caption\":\"UFEC\"},\"image\":{\"@id\":\"https:\/\/nuevo-renacer.com\/#\/schema\/logo\/image\/\"},\"sameAs\":[\"https:\/\/www.facebook.com\/groups\/3431398063740829\"]}]}<\/script>\n<!-- \/ Yoast SEO Premium plugin. -->","yoast_head_json":{"title":"El Estudio - Uni\u00f3n Esp\u00edrita","robots":{"index":"index","follow":"follow","max-snippet":"max-snippet:-1","max-image-preview":"max-image-preview:large","max-video-preview":"max-video-preview:-1"},"canonical":"https:\/\/nuevo-renacer.com\/pt\/el-estudio\/","og_locale":"pt_BR","og_type":"article","og_title":"El Estudio","og_description":"El Estudio El estudio es la fuente de dulces y nobles goces; nos libera de las preocupaciones vulgares y nos hace olvidar los males de la vida. El libro es un amigo sincero que nos pone buena cara lo mismo en los d\u00edas felices que en los de mala fortuna. Hablamos del libro serio, \u00fatil, [&hellip;]","og_url":"https:\/\/nuevo-renacer.com\/pt\/el-estudio\/","og_site_name":"Uni\u00f3n Esp\u00edrita","article_publisher":"https:\/\/www.facebook.com\/groups\/3431398063740829","article_modified_time":"2024-09-09T07:38:58+00:00","og_image":[{"width":1920,"height":1200,"url":"https:\/\/nuevo-renacer.com\/wp-content\/uploads\/2024\/09\/library-background-esjemhvm11615163.jpg","type":"image\/jpeg"}],"twitter_card":"summary_large_image","twitter_misc":{"Est. tempo de leitura":"5 minutos"},"schema":{"@context":"https:\/\/schema.org","@graph":[{"@type":"WebPage","@id":"https:\/\/nuevo-renacer.com\/el-estudio\/","url":"https:\/\/nuevo-renacer.com\/el-estudio\/","name":"El Estudio - Uni\u00f3n Esp\u00edrita","isPartOf":{"@id":"https:\/\/nuevo-renacer.com\/#website"},"primaryImageOfPage":{"@id":"https:\/\/nuevo-renacer.com\/el-estudio\/#primaryimage"},"image":{"@id":"https:\/\/nuevo-renacer.com\/el-estudio\/#primaryimage"},"thumbnailUrl":"https:\/\/nuevo-renacer.com\/wp-content\/uploads\/2024\/09\/library-background-esjemhvm11615163.jpg","datePublished":"2024-09-09T07:29:24+00:00","dateModified":"2024-09-09T07:38:58+00:00","breadcrumb":{"@id":"https:\/\/nuevo-renacer.com\/el-estudio\/#breadcrumb"},"inLanguage":"pt-BR","potentialAction":[{"@type":"ReadAction","target":["https:\/\/nuevo-renacer.com\/el-estudio\/"]}]},{"@type":"ImageObject","inLanguage":"pt-BR","@id":"https:\/\/nuevo-renacer.com\/el-estudio\/#primaryimage","url":"https:\/\/nuevo-renacer.com\/wp-content\/uploads\/2024\/09\/library-background-esjemhvm11615163.jpg","contentUrl":"https:\/\/nuevo-renacer.com\/wp-content\/uploads\/2024\/09\/library-background-esjemhvm11615163.jpg","width":1920,"height":1200},{"@type":"BreadcrumbList","@id":"https:\/\/nuevo-renacer.com\/el-estudio\/#breadcrumb","itemListElement":[{"@type":"ListItem","position":1,"name":"Startseite","item":"https:\/\/nuevo-renacer.com\/"},{"@type":"ListItem","position":2,"name":"El Estudio"}]},{"@type":"WebSite","@id":"https:\/\/nuevo-renacer.com\/#website","url":"https:\/\/nuevo-renacer.com\/","name":"Uni\u00f3n Esp\u00edrita","description":"Nuevo Renacer","publisher":{"@id":"https:\/\/nuevo-renacer.com\/#organization"},"potentialAction":[{"@type":"SearchAction","target":{"@type":"EntryPoint","urlTemplate":"https:\/\/nuevo-renacer.com\/?s={search_term_string}"},"query-input":{"@type":"PropertyValueSpecification","valueRequired":true,"valueName":"search_term_string"}}],"inLanguage":"pt-BR"},{"@type":"Organization","@id":"https:\/\/nuevo-renacer.com\/#organization","name":"UFEC","url":"https:\/\/nuevo-renacer.com\/","logo":{"@type":"ImageObject","inLanguage":"pt-BR","@id":"https:\/\/nuevo-renacer.com\/#\/schema\/logo\/image\/","url":"https:\/\/nuevo-renacer.com\/wp-content\/uploads\/2024\/05\/cropped-LOGO-TERMINADO1-3-3.png","contentUrl":"https:\/\/nuevo-renacer.com\/wp-content\/uploads\/2024\/05\/cropped-LOGO-TERMINADO1-3-3.png","width":512,"height":512,"caption":"UFEC"},"image":{"@id":"https:\/\/nuevo-renacer.com\/#\/schema\/logo\/image\/"},"sameAs":["https:\/\/www.facebook.com\/groups\/3431398063740829"]}]}},"uagb_featured_image_src":{"full":["https:\/\/nuevo-renacer.com\/wp-content\/uploads\/2024\/09\/library-background-esjemhvm11615163.jpg",1920,1200,false],"thumbnail":["https:\/\/nuevo-renacer.com\/wp-content\/uploads\/2024\/09\/library-background-esjemhvm11615163-150x150.jpg",150,150,true],"medium":["https:\/\/nuevo-renacer.com\/wp-content\/uploads\/2024\/09\/library-background-esjemhvm11615163-300x188.jpg",300,188,true],"medium_large":["https:\/\/nuevo-renacer.com\/wp-content\/uploads\/2024\/09\/library-background-esjemhvm11615163-768x480.jpg",768,480,true],"large":["https:\/\/nuevo-renacer.com\/wp-content\/uploads\/2024\/09\/library-background-esjemhvm11615163-1024x640.jpg",1024,640,true],"1536x1536":["https:\/\/nuevo-renacer.com\/wp-content\/uploads\/2024\/09\/library-background-esjemhvm11615163-1536x960.jpg",1536,960,true],"2048x2048":["https:\/\/nuevo-renacer.com\/wp-content\/uploads\/2024\/09\/library-background-esjemhvm11615163.jpg",1920,1200,false],"trp-custom-language-flag":["https:\/\/nuevo-renacer.com\/wp-content\/uploads\/2024\/09\/library-background-esjemhvm11615163-18x12.jpg",18,12,true]},"uagb_author_info":{"display_name":"adbv0","author_link":"https:\/\/nuevo-renacer.com\/pt\/author\/adbv0\/"},"uagb_comment_info":0,"uagb_excerpt":"El Estudio El estudio es la fuente de dulces y nobles goces; nos libera de las preocupaciones vulgares y nos hace olvidar los males de la vida. El libro es un amigo sincero que nos pone buena cara lo mismo en los d\u00edas felices que en los de mala fortuna. Hablamos del libro serio, \u00fatil,&hellip;","jetpack_sharing_enabled":true,"_links":{"self":[{"href":"https:\/\/nuevo-renacer.com\/pt\/wp-json\/wp\/v2\/pages\/4533","targetHints":{"allow":["GET"]}}],"collection":[{"href":"https:\/\/nuevo-renacer.com\/pt\/wp-json\/wp\/v2\/pages"}],"about":[{"href":"https:\/\/nuevo-renacer.com\/pt\/wp-json\/wp\/v2\/types\/page"}],"author":[{"embeddable":true,"href":"https:\/\/nuevo-renacer.com\/pt\/wp-json\/wp\/v2\/users\/1"}],"replies":[{"embeddable":true,"href":"https:\/\/nuevo-renacer.com\/pt\/wp-json\/wp\/v2\/comments?post=4533"}],"version-history":[{"count":4,"href":"https:\/\/nuevo-renacer.com\/pt\/wp-json\/wp\/v2\/pages\/4533\/revisions"}],"predecessor-version":[{"id":4539,"href":"https:\/\/nuevo-renacer.com\/pt\/wp-json\/wp\/v2\/pages\/4533\/revisions\/4539"}],"wp:featuredmedia":[{"embeddable":true,"href":"https:\/\/nuevo-renacer.com\/pt\/wp-json\/wp\/v2\/media\/4535"}],"wp:attachment":[{"href":"https:\/\/nuevo-renacer.com\/pt\/wp-json\/wp\/v2\/media?parent=4533"}],"curies":[{"name":"wp","href":"https:\/\/api.w.org\/{rel}","templated":true}]}}