{"id":4523,"date":"2024-09-05T12:48:38","date_gmt":"2024-09-05T12:48:38","guid":{"rendered":"https:\/\/nuevo-renacer.com\/?page_id=4523"},"modified":"2024-09-05T12:57:05","modified_gmt":"2024-09-05T12:57:05","slug":"trabajo-sobriedad-y-continencia","status":"publish","type":"page","link":"https:\/\/nuevo-renacer.com\/pt\/trabajo-sobriedad-y-continencia\/","title":{"rendered":"Trabalho, sobriedade e contin\u00eancia"},"content":{"rendered":"<div class=\"wp-block-uagb-container uagb-block-88d36742 alignfull uagb-is-root-container\"><div class=\"uagb-container-inner-blocks-wrap\">\n<p class=\"has-black-color has-text-color has-link-color has-medium-font-size wp-elements-b2156cdbd19688c48124ff74debdfa4c\"><strong>Trabalho, sobriedade e contin\u00eancia<\/strong><\/p>\n<\/div><\/div>\n\n\n\n<div class=\"wp-block-uagb-container uagb-block-2b105c69 alignfull uagb-is-root-container\"><div class=\"uagb-container-inner-blocks-wrap\">\n<figure class=\"wp-block-image size-full is-resized\"><img fetchpriority=\"high\" decoding=\"async\" width=\"626\" height=\"417\" src=\"https:\/\/nuevo-renacer.com\/wp-content\/uploads\/2024\/09\/hombre-campesino-ropa-trabajo-campo_1009902-21237.avif\" alt=\"\" class=\"wp-image-4525\" style=\"width:483px;height:auto\"\/><\/figure>\n<\/div><\/div>\n\n\n\n<div class=\"wp-block-uagb-container uagb-block-f2273af8 alignfull uagb-is-root-container\"><div class=\"uagb-container-inner-blocks-wrap\">\n<p class=\"has-black-color has-text-color has-link-color has-small-font-size wp-elements-478e3c72d64511dd52c48f547cb39bbb\">O trabalho \u00e9 uma lei para as humanidades planet\u00e1rias, assim como \u00e9 para as sociedades do Espa\u00e7o. Desde o ser mais rudimentar at\u00e9 os Esp\u00edritos ang\u00e9licos que zelam pelos destinos dos mundos, todos participam do grande concerto universal.<\/p>\n\n\n\n<p class=\"has-black-color has-text-color has-link-color has-small-font-size wp-elements-c9fe8c6b4a4226d0488bbadeca805806\">Doloroso e grosseiro para os seres inferiores, o trabalho se torna mais suave \u00e0 medida que a vida se torna mais refinada. Ele se torna uma fonte de prazer para o esp\u00edrito avan\u00e7ado, que se torna insens\u00edvel \u00e0s atra\u00e7\u00f5es materiais, ocupando-se exclusivamente com estudos mais elevados.<\/p>\n\n\n\n<p class=\"has-black-color has-text-color has-link-color has-small-font-size wp-elements-9c77e7d6ee3fe1a65652559a517e6ee7\">\u00c9 por meio do trabalho que o homem domina as for\u00e7as cegas da natureza e \u00e9 salvo da mis\u00e9ria; \u00e9 por meio do trabalho que as civiliza\u00e7\u00f5es s\u00e3o fundadas, e \u00e9 por meio do trabalho que o bem-estar e a ci\u00eancia s\u00e3o disseminados. O trabalho \u00e9 a honra e a dignidade do ser humano. O ocioso que, sem produzir nada, se aproveita do trabalho dos outros, n\u00e3o passa de um parasita. Enquanto o homem est\u00e1 ocupado em seu trabalho, suas paix\u00f5es s\u00e3o acalmadas. A ociosidade, ao contr\u00e1rio, as libera e abre um vasto campo de a\u00e7\u00e3o para elas.<\/p>\n\n\n\n<p class=\"has-black-color has-text-color has-link-color has-small-font-size wp-elements-331045e9d7c291016d3b1e1e3852e9bb\">O trabalho tamb\u00e9m \u00e9 um grande consolo, um derivado salutar para nossas preocupa\u00e7\u00f5es e tristezas; ele acalma as ansiedades de nosso esp\u00edrito e fertiliza nossa intelig\u00eancia. N\u00e3o h\u00e1 dor moral, nem decep\u00e7\u00f5es ou reveses que n\u00e3o encontrem apaziguamento nele; n\u00e3o h\u00e1 vicissitudes que resistam \u00e0 sua a\u00e7\u00e3o prolongada. Aquele que trabalha tem a garantia de um ref\u00fagio para seu sofrimento e um verdadeiro amigo na tribula\u00e7\u00e3o; ele n\u00e3o pode aceitar a vida com desgosto. Por outro lado, qu\u00e3o lament\u00e1vel \u00e9 a situa\u00e7\u00e3o daquele que est\u00e1 condenado pela enfermidade \u00e0 imobilidade e \u00e0 ina\u00e7\u00e3o! Se esse homem sentiu a grandeza e a santidade do trabalho, se ele v\u00ea acima de seu pr\u00f3prio interesse o interesse geral e o bem de todos, e deseja contribuir para isso, ele sofre um dos sofrimentos mais cru\u00e9is reservados aos seres vivos.<\/p>\n\n\n\n<p class=\"has-black-color has-text-color has-link-color has-small-font-size wp-elements-731f6d709f5361fde1aeee113bc0e301\">Essa tamb\u00e9m \u00e9, no Espa\u00e7o, a situa\u00e7\u00e3o do esp\u00edrito que falhou em seus deveres e dissipou sua vida. Compreendendo tarde demais a nobreza do trabalho e a vilania da motilidade, ele sofre por n\u00e3o ser capaz de realizar o que sua alma concebe e deseja.<\/p>\n\n\n\n<p class=\"has-black-color has-text-color has-link-color has-small-font-size wp-elements-94f7b90552e8e2d287562dc4fccccd4c\">O trabalho \u00e9 a comunh\u00e3o dos Seres. Por meio dele nos aproximamos uns dos outros, aprendemos a nos ajudar e a nos unir; a partir da\u00ed, \u00e9 apenas um passo para a fraternidade. A antiguidade romana desonrou o trabalho, transformando-o em uma condi\u00e7\u00e3o de escravo. Isso explica sua esterilidade moral, sua corrup\u00e7\u00e3o e suas doutrinas secas e frias.<\/p>\n\n\n\n<p class=\"has-black-color has-text-color has-link-color has-small-font-size wp-elements-4f4597a22e580f70483316f0d1813b12\">Os tempos atuais t\u00eam uma concep\u00e7\u00e3o de vida completamente diferente. Eles buscam a realiza\u00e7\u00e3o no trabalho fecundo e regenerador. A Filosofia dos Esp\u00edritos amplia ainda mais essa concep\u00e7\u00e3o, indicando-nos na lei do trabalho o princ\u00edpio de todo progresso e de toda eleva\u00e7\u00e3o, e mostrando-nos que a a\u00e7\u00e3o dessa lei se estende \u00e0 universalidade dos seres e dos mundos. Portanto, estamos autorizados a dizer: \u201cDespertai, \u00f3 todos v\u00f3s, e a atmosfera saud\u00e1vel do lar \u00e9 um conservante soberano contra as paix\u00f5es\u201d. Em meio a esses entes queridos que veem em n\u00f3s seu \u00fanico apoio, o senso de nossa responsabilidade aumenta, nossa dignidade e gravidade crescem, compreendemos melhor nossos deveres e, nas alegrias que esta vida nos proporciona, ganhamos for\u00e7a para facilitar seu cumprimento. Como ousar\u00edamos cometer atos dos quais nos envergonhar\u00edamos diante dos olhos de nossa esposa e filhos? Aprender a liderar os outros \u00e9 aprender a liderar a si mesmo, a tornar-se prudente e s\u00e1bio, a afastar de n\u00f3s tudo o que pode manchar nossa exist\u00eancia.<\/p>\n\n\n\n<p class=\"has-black-color has-text-color has-link-color has-small-font-size wp-elements-77e9a508b1c0300a0d6de4dda68a0968\">Viver sozinho \u00e9 uma atitude culpada. Por outro lado, dar a vida aos outros, ver a n\u00f3s mesmos ganhar vida em crian\u00e7as que tornamos homens \u00fateis e servidores zelosos da causa do bem, e morrer depois de ter incutido nelas um profundo senso de dever e um amplo conhecimento do destino, \u00e9 uma tarefa nobre.<\/p>\n\n\n\n<p class=\"has-black-color has-text-color has-link-color has-small-font-size wp-elements-5a12df196a1c101a2faa4a924f4344d5\">Se h\u00e1 uma exce\u00e7\u00e3o a essa regra, ela \u00e9 em favor daqueles que, acima da fam\u00edlia, colocaram a humanidade e, para servi-la melhor, para cumprir em seu benef\u00edcio uma miss\u00e3o ainda mais elevada, preferiram enfrentar sozinhos os perigos da vida, escalar sozinhos o \u00e1rduo caminho e dedicar todos os seus momentos, todas as suas faculdades e todas as suas almas a uma causa que muitos desconhecem, mas que nunca perdem de vista.<\/p>\n\n\n\n<p class=\"has-black-color has-text-color has-link-color has-small-font-size wp-elements-26ac9b8834a321b519eb6ca906738435\">A sobriedade, a contin\u00eancia, a luta contra as sedu\u00e7\u00f5es dos sentidos n\u00e3o s\u00e3o, como afirmam os sensualistas, um enfraquecimento das leis naturais, uma diminui\u00e7\u00e3o da vida; pelo contr\u00e1rio, revelam naquele que as observa e segue um profundo conhecimento das leis superiores, uma intui\u00e7\u00e3o iluminada do futuro. O voluptu\u00e1rio, separado pela morte de tudo o que amava, consome-se em desejos v\u00e3os. Ele frequenta casas de pervers\u00e3o e procura ambientes terrenos que o lembrem de seu modo de vida. Assim, ele se apega cada vez mais aos grilh\u00f5es materiais, afasta-se da fonte de puro prazer e se dedica \u00e0 bestialidade e \u00e0 escurid\u00e3o.<\/p>\n\n\n\n<p class=\"has-black-color has-text-color has-link-color has-small-font-size wp-elements-da301dee216b51f9964856728707976d\">Buscar prazeres na vol\u00fapia carnal \u00e9 privar-se por muito tempo da paz desfrutada por esp\u00edritos elevados. Somente a pureza pode nos dar essa paz. N\u00e3o vemos isso nesta vida? Nossas paix\u00f5es e nossos desejos criam imagens e fantasmas que nos assombram at\u00e9 mesmo em nossos sonhos e perturbam nossas reflex\u00f5es. Por outro lado, longe dos prazeres falaciosos, o Esp\u00edrito se recolhe, se refocaliza e se abre para o infinito. Desapegado de antem\u00e3o das pequenas lux\u00farias, ele abandona seus \u00f3rg\u00e3os usados sem arrependimento.<\/p>\n\n\n\n<p class=\"has-black-color has-text-color has-link-color has-small-font-size wp-elements-7e194aa951e3adc8ab80bec6bbedca3b\">Vamos meditar com frequ\u00eancia e colocar em pr\u00e1tica o prov\u00e9rbio oriental: \u201cSeja puro para ser feliz e para ser forte\u201d.<\/p>\n\n\n\n<p class=\"has-black-color has-text-color has-link-color has-small-font-size wp-elements-c39577f77bc85be9e67282b1b72acd7b\"><strong><em>Le\u00f3n Denis <\/em><\/strong>\u2013<em> \u2013 O caminho reto \u2503 Conceito esp\u00edrita da lei moral<\/em><\/p>\n<\/div><\/div>","protected":false},"excerpt":{"rendered":"<p>Trabajo, Sobriedad y Continencia El trabajo es una ley para las humanidades planetarias como para las sociedades del Espacio. Desde el ser m\u00e1s rudimentario hasta los Esp\u00edritus ang\u00e9licos que velan por los destinos de los mundos, todos toman parte en el gran concierto universal. Penoso y grosero para los seres inferiores, el trabajo se suaviza [&hellip;]<\/p>","protected":false},"author":1,"featured_media":4525,"parent":0,"menu_order":0,"comment_status":"closed","ping_status":"closed","template":"","meta":{"_uag_custom_page_level_css":"","site-sidebar-layout":"default","site-content-layout":"","ast-site-content-layout":"default","site-content-style":"default","site-sidebar-style":"default","ast-global-header-display":"","ast-banner-title-visibility":"","ast-main-header-display":"","ast-hfb-above-header-display":"","ast-hfb-below-header-display":"","ast-hfb-mobile-header-display":"","site-post-title":"","ast-breadcrumbs-content":"","ast-featured-img":"","footer-sml-layout":"","theme-transparent-header-meta":"","adv-header-id-meta":"","stick-header-meta":"","header-above-stick-meta":"","header-main-stick-meta":"","header-below-stick-meta":"","astra-migrate-meta-layouts":"set","ast-page-background-enabled":"default","ast-page-background-meta":{"desktop":{"background-color":"var(--ast-global-color-4)","background-image":"","background-repeat":"repeat","background-position":"center center","background-size":"auto","background-attachment":"scroll","background-type":"","background-media":"","overlay-type":"","overlay-color":"","overlay-opacity":"","overlay-gradient":""},"tablet":{"background-color":"","background-image":"","background-repeat":"repeat","background-position":"center center","background-size":"auto","background-attachment":"scroll","background-type":"","background-media":"","overlay-type":"","overlay-color":"","overlay-opacity":"","overlay-gradient":""},"mobile":{"background-color":"","background-image":"","background-repeat":"repeat","background-position":"center center","background-size":"auto","background-attachment":"scroll","background-type":"","background-media":"","overlay-type":"","overlay-color":"","overlay-opacity":"","overlay-gradient":""}},"ast-content-background-meta":{"desktop":{"background-color":"var(--ast-global-color-5)","background-image":"","background-repeat":"repeat","background-position":"center center","background-size":"auto","background-attachment":"scroll","background-type":"","background-media":"","overlay-type":"","overlay-color":"","overlay-opacity":"","overlay-gradient":""},"tablet":{"background-color":"var(--ast-global-color-5)","background-image":"","background-repeat":"repeat","background-position":"center center","background-size":"auto","background-attachment":"scroll","background-type":"","background-media":"","overlay-type":"","overlay-color":"","overlay-opacity":"","overlay-gradient":""},"mobile":{"background-color":"var(--ast-global-color-5)","background-image":"","background-repeat":"repeat","background-position":"center center","background-size":"auto","background-attachment":"scroll","background-type":"","background-media":"","overlay-type":"","overlay-color":"","overlay-opacity":"","overlay-gradient":""}},"footnotes":""},"class_list":["post-4523","page","type-page","status-publish","has-post-thumbnail","hentry"],"yoast_head":"<!-- This site is optimized with the Yoast SEO Premium plugin v24.2 (Yoast SEO v24.6) - https:\/\/yoast.com\/wordpress\/plugins\/seo\/ -->\n<title>Trabajo, Sobriedad y Continencia - Uni\u00f3n Esp\u00edrita<\/title>\n<meta name=\"robots\" content=\"index, follow, max-snippet:-1, max-image-preview:large, max-video-preview:-1\" \/>\n<link rel=\"canonical\" href=\"https:\/\/nuevo-renacer.com\/pt\/trabajo-sobriedad-y-continencia\/\" \/>\n<meta property=\"og:locale\" content=\"pt_BR\" \/>\n<meta property=\"og:type\" content=\"article\" \/>\n<meta property=\"og:title\" content=\"Trabajo, Sobriedad y Continencia\" \/>\n<meta property=\"og:description\" content=\"Trabajo, Sobriedad y Continencia El trabajo es una ley para las humanidades planetarias como para las sociedades del Espacio. Desde el ser m\u00e1s rudimentario hasta los Esp\u00edritus ang\u00e9licos que velan por los destinos de los mundos, todos toman parte en el gran concierto universal. Penoso y grosero para los seres inferiores, el trabajo se suaviza [&hellip;]\" \/>\n<meta property=\"og:url\" content=\"https:\/\/nuevo-renacer.com\/pt\/trabajo-sobriedad-y-continencia\/\" \/>\n<meta property=\"og:site_name\" content=\"Uni\u00f3n Esp\u00edrita\" \/>\n<meta property=\"article:publisher\" content=\"https:\/\/www.facebook.com\/groups\/3431398063740829\" \/>\n<meta property=\"article:modified_time\" content=\"2024-09-05T12:57:05+00:00\" \/>\n<meta name=\"twitter:card\" content=\"summary_large_image\" \/>\n<meta name=\"twitter:label1\" content=\"Est. tempo de leitura\" \/>\n\t<meta name=\"twitter:data1\" content=\"5 minutos\" \/>\n<script type=\"application\/ld+json\" class=\"yoast-schema-graph\">{\"@context\":\"https:\/\/schema.org\",\"@graph\":[{\"@type\":\"WebPage\",\"@id\":\"https:\/\/nuevo-renacer.com\/trabajo-sobriedad-y-continencia\/\",\"url\":\"https:\/\/nuevo-renacer.com\/trabajo-sobriedad-y-continencia\/\",\"name\":\"Trabajo, Sobriedad y Continencia - Uni\u00f3n Esp\u00edrita\",\"isPartOf\":{\"@id\":\"https:\/\/nuevo-renacer.com\/#website\"},\"primaryImageOfPage\":{\"@id\":\"https:\/\/nuevo-renacer.com\/trabajo-sobriedad-y-continencia\/#primaryimage\"},\"image\":{\"@id\":\"https:\/\/nuevo-renacer.com\/trabajo-sobriedad-y-continencia\/#primaryimage\"},\"thumbnailUrl\":\"https:\/\/nuevo-renacer.com\/wp-content\/uploads\/2024\/09\/hombre-campesino-ropa-trabajo-campo_1009902-21237.avif\",\"datePublished\":\"2024-09-05T12:48:38+00:00\",\"dateModified\":\"2024-09-05T12:57:05+00:00\",\"breadcrumb\":{\"@id\":\"https:\/\/nuevo-renacer.com\/trabajo-sobriedad-y-continencia\/#breadcrumb\"},\"inLanguage\":\"pt-BR\",\"potentialAction\":[{\"@type\":\"ReadAction\",\"target\":[\"https:\/\/nuevo-renacer.com\/trabajo-sobriedad-y-continencia\/\"]}]},{\"@type\":\"ImageObject\",\"inLanguage\":\"pt-BR\",\"@id\":\"https:\/\/nuevo-renacer.com\/trabajo-sobriedad-y-continencia\/#primaryimage\",\"url\":\"https:\/\/nuevo-renacer.com\/wp-content\/uploads\/2024\/09\/hombre-campesino-ropa-trabajo-campo_1009902-21237.avif\",\"contentUrl\":\"https:\/\/nuevo-renacer.com\/wp-content\/uploads\/2024\/09\/hombre-campesino-ropa-trabajo-campo_1009902-21237.avif\",\"width\":626,\"height\":417},{\"@type\":\"BreadcrumbList\",\"@id\":\"https:\/\/nuevo-renacer.com\/trabajo-sobriedad-y-continencia\/#breadcrumb\",\"itemListElement\":[{\"@type\":\"ListItem\",\"position\":1,\"name\":\"Startseite\",\"item\":\"https:\/\/nuevo-renacer.com\/\"},{\"@type\":\"ListItem\",\"position\":2,\"name\":\"Trabajo, Sobriedad y Continencia\"}]},{\"@type\":\"WebSite\",\"@id\":\"https:\/\/nuevo-renacer.com\/#website\",\"url\":\"https:\/\/nuevo-renacer.com\/\",\"name\":\"Uni\u00f3n Esp\u00edrita\",\"description\":\"Nuevo Renacer\",\"publisher\":{\"@id\":\"https:\/\/nuevo-renacer.com\/#organization\"},\"potentialAction\":[{\"@type\":\"SearchAction\",\"target\":{\"@type\":\"EntryPoint\",\"urlTemplate\":\"https:\/\/nuevo-renacer.com\/?s={search_term_string}\"},\"query-input\":{\"@type\":\"PropertyValueSpecification\",\"valueRequired\":true,\"valueName\":\"search_term_string\"}}],\"inLanguage\":\"pt-BR\"},{\"@type\":\"Organization\",\"@id\":\"https:\/\/nuevo-renacer.com\/#organization\",\"name\":\"UFEC\",\"url\":\"https:\/\/nuevo-renacer.com\/\",\"logo\":{\"@type\":\"ImageObject\",\"inLanguage\":\"pt-BR\",\"@id\":\"https:\/\/nuevo-renacer.com\/#\/schema\/logo\/image\/\",\"url\":\"https:\/\/nuevo-renacer.com\/wp-content\/uploads\/2024\/05\/cropped-LOGO-TERMINADO1-3-3.png\",\"contentUrl\":\"https:\/\/nuevo-renacer.com\/wp-content\/uploads\/2024\/05\/cropped-LOGO-TERMINADO1-3-3.png\",\"width\":512,\"height\":512,\"caption\":\"UFEC\"},\"image\":{\"@id\":\"https:\/\/nuevo-renacer.com\/#\/schema\/logo\/image\/\"},\"sameAs\":[\"https:\/\/www.facebook.com\/groups\/3431398063740829\"]}]}<\/script>\n<!-- \/ Yoast SEO Premium plugin. -->","yoast_head_json":{"title":"Trabajo, Sobriedad y Continencia - Uni\u00f3n Esp\u00edrita","robots":{"index":"index","follow":"follow","max-snippet":"max-snippet:-1","max-image-preview":"max-image-preview:large","max-video-preview":"max-video-preview:-1"},"canonical":"https:\/\/nuevo-renacer.com\/pt\/trabajo-sobriedad-y-continencia\/","og_locale":"pt_BR","og_type":"article","og_title":"Trabajo, Sobriedad y Continencia","og_description":"Trabajo, Sobriedad y Continencia El trabajo es una ley para las humanidades planetarias como para las sociedades del Espacio. Desde el ser m\u00e1s rudimentario hasta los Esp\u00edritus ang\u00e9licos que velan por los destinos de los mundos, todos toman parte en el gran concierto universal. Penoso y grosero para los seres inferiores, el trabajo se suaviza [&hellip;]","og_url":"https:\/\/nuevo-renacer.com\/pt\/trabajo-sobriedad-y-continencia\/","og_site_name":"Uni\u00f3n Esp\u00edrita","article_publisher":"https:\/\/www.facebook.com\/groups\/3431398063740829","article_modified_time":"2024-09-05T12:57:05+00:00","twitter_card":"summary_large_image","twitter_misc":{"Est. tempo de leitura":"5 minutos"},"schema":{"@context":"https:\/\/schema.org","@graph":[{"@type":"WebPage","@id":"https:\/\/nuevo-renacer.com\/trabajo-sobriedad-y-continencia\/","url":"https:\/\/nuevo-renacer.com\/trabajo-sobriedad-y-continencia\/","name":"Trabajo, Sobriedad y Continencia - Uni\u00f3n Esp\u00edrita","isPartOf":{"@id":"https:\/\/nuevo-renacer.com\/#website"},"primaryImageOfPage":{"@id":"https:\/\/nuevo-renacer.com\/trabajo-sobriedad-y-continencia\/#primaryimage"},"image":{"@id":"https:\/\/nuevo-renacer.com\/trabajo-sobriedad-y-continencia\/#primaryimage"},"thumbnailUrl":"https:\/\/nuevo-renacer.com\/wp-content\/uploads\/2024\/09\/hombre-campesino-ropa-trabajo-campo_1009902-21237.avif","datePublished":"2024-09-05T12:48:38+00:00","dateModified":"2024-09-05T12:57:05+00:00","breadcrumb":{"@id":"https:\/\/nuevo-renacer.com\/trabajo-sobriedad-y-continencia\/#breadcrumb"},"inLanguage":"pt-BR","potentialAction":[{"@type":"ReadAction","target":["https:\/\/nuevo-renacer.com\/trabajo-sobriedad-y-continencia\/"]}]},{"@type":"ImageObject","inLanguage":"pt-BR","@id":"https:\/\/nuevo-renacer.com\/trabajo-sobriedad-y-continencia\/#primaryimage","url":"https:\/\/nuevo-renacer.com\/wp-content\/uploads\/2024\/09\/hombre-campesino-ropa-trabajo-campo_1009902-21237.avif","contentUrl":"https:\/\/nuevo-renacer.com\/wp-content\/uploads\/2024\/09\/hombre-campesino-ropa-trabajo-campo_1009902-21237.avif","width":626,"height":417},{"@type":"BreadcrumbList","@id":"https:\/\/nuevo-renacer.com\/trabajo-sobriedad-y-continencia\/#breadcrumb","itemListElement":[{"@type":"ListItem","position":1,"name":"Startseite","item":"https:\/\/nuevo-renacer.com\/"},{"@type":"ListItem","position":2,"name":"Trabajo, Sobriedad y Continencia"}]},{"@type":"WebSite","@id":"https:\/\/nuevo-renacer.com\/#website","url":"https:\/\/nuevo-renacer.com\/","name":"Uni\u00f3n Esp\u00edrita","description":"Nuevo Renacer","publisher":{"@id":"https:\/\/nuevo-renacer.com\/#organization"},"potentialAction":[{"@type":"SearchAction","target":{"@type":"EntryPoint","urlTemplate":"https:\/\/nuevo-renacer.com\/?s={search_term_string}"},"query-input":{"@type":"PropertyValueSpecification","valueRequired":true,"valueName":"search_term_string"}}],"inLanguage":"pt-BR"},{"@type":"Organization","@id":"https:\/\/nuevo-renacer.com\/#organization","name":"UFEC","url":"https:\/\/nuevo-renacer.com\/","logo":{"@type":"ImageObject","inLanguage":"pt-BR","@id":"https:\/\/nuevo-renacer.com\/#\/schema\/logo\/image\/","url":"https:\/\/nuevo-renacer.com\/wp-content\/uploads\/2024\/05\/cropped-LOGO-TERMINADO1-3-3.png","contentUrl":"https:\/\/nuevo-renacer.com\/wp-content\/uploads\/2024\/05\/cropped-LOGO-TERMINADO1-3-3.png","width":512,"height":512,"caption":"UFEC"},"image":{"@id":"https:\/\/nuevo-renacer.com\/#\/schema\/logo\/image\/"},"sameAs":["https:\/\/www.facebook.com\/groups\/3431398063740829"]}]}},"uagb_featured_image_src":{"full":["https:\/\/nuevo-renacer.com\/wp-content\/uploads\/2024\/09\/hombre-campesino-ropa-trabajo-campo_1009902-21237.avif",626,417,false],"thumbnail":["https:\/\/nuevo-renacer.com\/wp-content\/uploads\/2024\/09\/hombre-campesino-ropa-trabajo-campo_1009902-21237.avif",150,100,false],"medium":["https:\/\/nuevo-renacer.com\/wp-content\/uploads\/2024\/09\/hombre-campesino-ropa-trabajo-campo_1009902-21237.avif",300,200,false],"medium_large":["https:\/\/nuevo-renacer.com\/wp-content\/uploads\/2024\/09\/hombre-campesino-ropa-trabajo-campo_1009902-21237.avif",626,417,false],"large":["https:\/\/nuevo-renacer.com\/wp-content\/uploads\/2024\/09\/hombre-campesino-ropa-trabajo-campo_1009902-21237.avif",626,417,false],"1536x1536":["https:\/\/nuevo-renacer.com\/wp-content\/uploads\/2024\/09\/hombre-campesino-ropa-trabajo-campo_1009902-21237.avif",626,417,false],"2048x2048":["https:\/\/nuevo-renacer.com\/wp-content\/uploads\/2024\/09\/hombre-campesino-ropa-trabajo-campo_1009902-21237.avif",626,417,false],"trp-custom-language-flag":["https:\/\/nuevo-renacer.com\/wp-content\/uploads\/2024\/09\/hombre-campesino-ropa-trabajo-campo_1009902-21237.avif",18,12,false]},"uagb_author_info":{"display_name":"adbv0","author_link":"https:\/\/nuevo-renacer.com\/pt\/author\/adbv0\/"},"uagb_comment_info":0,"uagb_excerpt":"Trabajo, Sobriedad y Continencia El trabajo es una ley para las humanidades planetarias como para las sociedades del Espacio. Desde el ser m\u00e1s rudimentario hasta los Esp\u00edritus ang\u00e9licos que velan por los destinos de los mundos, todos toman parte en el gran concierto universal. Penoso y grosero para los seres inferiores, el trabajo se suaviza&hellip;","jetpack_sharing_enabled":true,"_links":{"self":[{"href":"https:\/\/nuevo-renacer.com\/pt\/wp-json\/wp\/v2\/pages\/4523","targetHints":{"allow":["GET"]}}],"collection":[{"href":"https:\/\/nuevo-renacer.com\/pt\/wp-json\/wp\/v2\/pages"}],"about":[{"href":"https:\/\/nuevo-renacer.com\/pt\/wp-json\/wp\/v2\/types\/page"}],"author":[{"embeddable":true,"href":"https:\/\/nuevo-renacer.com\/pt\/wp-json\/wp\/v2\/users\/1"}],"replies":[{"embeddable":true,"href":"https:\/\/nuevo-renacer.com\/pt\/wp-json\/wp\/v2\/comments?post=4523"}],"version-history":[{"count":4,"href":"https:\/\/nuevo-renacer.com\/pt\/wp-json\/wp\/v2\/pages\/4523\/revisions"}],"predecessor-version":[{"id":4529,"href":"https:\/\/nuevo-renacer.com\/pt\/wp-json\/wp\/v2\/pages\/4523\/revisions\/4529"}],"wp:featuredmedia":[{"embeddable":true,"href":"https:\/\/nuevo-renacer.com\/pt\/wp-json\/wp\/v2\/media\/4525"}],"wp:attachment":[{"href":"https:\/\/nuevo-renacer.com\/pt\/wp-json\/wp\/v2\/media?parent=4523"}],"curies":[{"name":"wp","href":"https:\/\/api.w.org\/{rel}","templated":true}]}}