{"id":4498,"date":"2024-09-05T08:10:01","date_gmt":"2024-09-05T08:10:01","guid":{"rendered":"https:\/\/nuevo-renacer.com\/?page_id=4498"},"modified":"2024-09-05T08:26:05","modified_gmt":"2024-09-05T08:26:05","slug":"paciencia-y-bondad","status":"publish","type":"page","link":"https:\/\/nuevo-renacer.com\/pt\/paciencia-y-bondad\/","title":{"rendered":"Paci\u00eancia e bondade"},"content":{"rendered":"<div class=\"wp-block-uagb-container uagb-block-c71b60de alignfull uagb-is-root-container\"><div class=\"uagb-container-inner-blocks-wrap\">\n<p class=\"has-black-color has-text-color has-link-color has-medium-font-size wp-elements-ab60c6a7cf6ac00ed24ee93088544a09\"><strong>Paci\u00eancia e bondade<\/strong><\/p>\n<\/div><\/div>\n\n\n\n<div class=\"wp-block-uagb-container uagb-block-4a36f67b alignfull uagb-is-root-container\"><div class=\"uagb-container-inner-blocks-wrap\">\n<figure class=\"wp-block-image size-full is-resized\"><img fetchpriority=\"high\" decoding=\"async\" width=\"910\" height=\"607\" src=\"https:\/\/nuevo-renacer.com\/wp-content\/uploads\/2024\/09\/snail-girl-patience-ride.jpg\" alt=\"\" class=\"wp-image-4500\" style=\"width:400px;height:auto\" srcset=\"https:\/\/nuevo-renacer.com\/wp-content\/uploads\/2024\/09\/snail-girl-patience-ride.jpg 910w, https:\/\/nuevo-renacer.com\/wp-content\/uploads\/2024\/09\/snail-girl-patience-ride-300x200.jpg 300w, https:\/\/nuevo-renacer.com\/wp-content\/uploads\/2024\/09\/snail-girl-patience-ride-768x512.jpg 768w, https:\/\/nuevo-renacer.com\/wp-content\/uploads\/2024\/09\/snail-girl-patience-ride-18x12.jpg 18w\" sizes=\"(max-width: 910px) 100vw, 910px\" \/><\/figure>\n<\/div><\/div>\n\n\n\n<div class=\"wp-block-uagb-container uagb-block-b870f0dc alignfull uagb-is-root-container\"><div class=\"uagb-container-inner-blocks-wrap\">\n<p class=\"has-black-color has-text-color has-link-color has-small-font-size wp-elements-6fad09947746893121b271be97540189\">Se o orgulho \u00e9 a m\u00e3e de uma infinidade de v\u00edcios, a caridade d\u00e1 origem a muitas virtudes. A paci\u00eancia, a gentileza e a reserva na conversa derivam dela. \u00c9 f\u00e1cil para o homem caridoso ser paciente e gentil e perdoar as ofensas que lhe s\u00e3o feitas. A miseric\u00f3rdia \u00e9 a companheira da bondade. Uma alma elevada n\u00e3o pode conhecer o \u00f3dio nem praticar a vingan\u00e7a. Ela paira acima dos rancores b\u00e1sicos; ela v\u00ea as coisas de cima. Percebendo que os erros dos homens s\u00e3o apenas o resultado de sua ignor\u00e2ncia, ela n\u00e3o concebe amargura nem ressentimento. Ele sabe apenas como perdoar, como esquecer os erros dos outros, como aniquilar todo germe de inimizade, como apagar toda causa de disc\u00f3rdia no futuro, tanto na Terra quanto na vida do Espa\u00e7o.<\/p>\n\n\n\n<p class=\"has-black-color has-text-color has-link-color has-small-font-size wp-elements-c84167df679665e52b3de5914f73fd12\">A caridade, a gentileza e o perd\u00e3o das ofensas nos tornam invulner\u00e1veis, insens\u00edveis \u00e0 baixeza e \u00e0 perf\u00eddia. Eles nos levam \u00e0 emancipa\u00e7\u00e3o progressiva das vaidades terrenas e nos acostumam a direcionar nosso olhar para coisas que o engano n\u00e3o pode alcan\u00e7ar.<\/p>\n\n\n\n<p class=\"has-black-color has-text-color has-link-color has-small-font-size wp-elements-95b21b8d6d8538461c176c3f85e96f5d\">O perd\u00e3o \u00e9 o dever da alma que aspira aos c\u00e9us mais elevados. Quantas vezes n\u00f3s mesmos n\u00e3o precisamos desse perd\u00e3o? Quantas vezes n\u00e3o o pedimos? Perdoemos para sermos perdoados! N\u00e3o poder\u00edamos obter para n\u00f3s mesmos o que recusamos aos outros. Se quisermos nos vingar, que seja por meio de boas a\u00e7\u00f5es. O bem feito \u00e0quele que nos ofende desarma nosso inimigo. Seu \u00f3dio se transforma em espanto, e seu espanto, em admira\u00e7\u00e3o. Ao despertar sua consci\u00eancia adormecida, essa li\u00e7\u00e3o pode produzir nele uma profunda impress\u00e3o. Por esse meio, talvez iluminando-a, arrancamos uma alma da perversidade.<\/p>\n\n\n\n<p class=\"has-black-color has-text-color has-link-color has-small-font-size wp-elements-01a89cb734a68c401772a707b0b9a2f8\">O \u00fanico mal que deve ser apontado e combatido \u00e9 o mal que se abate sobre a sociedade. Quando ele se apresenta na forma de hipocrisia, duplicidade, mentiras, devemos desmascar\u00e1-lo, pois outras pessoas podem sofrer com isso; mas \u00e9 bonito manter sil\u00eancio sobre aquilo que diz respeito apenas aos nossos pr\u00f3prios interesses ou ao nosso amor-pr\u00f3prio. A vingan\u00e7a, em todas as suas formas, luto ou guerra, \u00e9 o resqu\u00edcio da selvageria primitiva, a heran\u00e7a de um mundo b\u00e1rbaro e atrasado. Ser\u00e1 que algu\u00e9m que tenha vislumbrado o grandioso entrela\u00e7amento de leis superiores, daquele princ\u00edpio de justi\u00e7a cujos efeitos reverberam atrav\u00e9s do tempo, pode pensar em vingan\u00e7a?<\/p>\n\n\n\n<p class=\"has-black-color has-text-color has-link-color has-small-font-size wp-elements-026ebbbf88c02270bdea335be2043618\">Vingar-se \u00e9 cometer duas faltas, dois crimes em um s\u00f3: \u00e9 tornar-se t\u00e3o culpado quanto o pr\u00f3prio ofensor. Quando o ultraje ou a injusti\u00e7a nos ferir, imponhamos sil\u00eancio \u00e0 nossa dignidade ferida, pensemos naqueles que, no passado sombrio, foram ofendidos, ultrajados, espoliados por n\u00f3s mesmos, e suportemos o dano como uma repara\u00e7\u00e3o. N\u00e3o percamos de vista o prop\u00f3sito da exist\u00eancia, que tais acidentes nos fariam esquecer. N\u00e3o abandonemos o caminho reto e seguro; n\u00e3o nos deixemos arrastar pela paix\u00e3o por encostas perigosas que nos levariam \u00e0 bestialidade; antes, subamos essas encostas com grande coragem. A vingan\u00e7a \u00e9 uma insensatez que nos faria perder o fruto do bem, do progresso, para voltarmos ao caminho que percorremos. Um dia, quando tivermos deixado a Terra, poderemos aben\u00e7oar aqueles que foram duros e impiedosos conosco, que nos despojaram e nos encheram de amargura; n\u00f3s os aben\u00e7oaremos, pois de suas iniquidades ter\u00e1 sa\u00eddo nossa felicidade espiritual. Eles pensaram que haviam nos prejudicado e facilitaram nosso progresso e nossa eleva\u00e7\u00e3o, dando-nos a oportunidade de sofrer sem murmurar, perdoar e esquecer. A paci\u00eancia \u00e9 a qualidade que nos ensina a suportar todas as adversidades com calma. Ela n\u00e3o consiste em extinguir toda sensa\u00e7\u00e3o em n\u00f3s, em nos deixar indiferentes e inertes, mas em olhar para al\u00e9m dos horizontes do presente em busca de consola\u00e7\u00f5es que nos levem a considerar as tribula\u00e7\u00f5es da vida material como f\u00fateis e secund\u00e1rias.<\/p>\n\n\n\n<p class=\"has-black-color has-text-color has-link-color has-small-font-size wp-elements-a5b15b100e42556afd160f7e82c5eefc\">A paci\u00eancia leva \u00e0 benevol\u00eancia. Como espelhos, as almas nos enviam o reflexo dos sentimentos que nos inspiram. A simpatia exige simpatia, e a indiferen\u00e7a gera acrim\u00f4nia.<\/p>\n\n\n\n<p class=\"has-black-color has-text-color has-link-color has-small-font-size wp-elements-2fbce7d201a7396b0f4eecc51c064f15\">Que saibamos, quando necess\u00e1rio, repreender gentilmente, discutir sem exalta\u00e7\u00e3o, julgar todas as coisas com modera\u00e7\u00e3o e benevol\u00eancia; fujamos de tudo o que excita e superexcita.<\/p>\n\n\n\n<p class=\"has-black-color has-text-color has-link-color has-small-font-size wp-elements-0ce1d64b65ea58e7ac7e68ffc9733f87\">Devemos tomar cuidado, acima de tudo, com a raiva, que \u00e9 o despertar de todos os instintos selvagens amortecidos pelo progresso e pela civiliza\u00e7\u00e3o, uma reminisc\u00eancia de nossas vidas sombrias. Em todo homem, a fera ainda permanece em certos aspectos: a fera que devemos domar com energia, se n\u00e3o quisermos ser dominados e escravizados por ela. Na raiva, esses instintos adormecidos despertam e transformam o homem em uma fera. Ent\u00e3o, toda a dignidade, toda a raz\u00e3o e todo o respeito pr\u00f3prio desaparecem. A raiva nos cega, nos faz perder a consci\u00eancia de nossas a\u00e7\u00f5es e, em sua f\u00faria, pode at\u00e9 nos levar ao crime.<\/p>\n\n\n\n<p class=\"has-black-color has-text-color has-link-color has-small-font-size wp-elements-98e28a56e3e77925669b810317a14aee\">\u00c9 da natureza de um homem sensato sempre se conter, e a raiva \u00e9 uma indica\u00e7\u00e3o de um car\u00e1ter retr\u00f3grado. Aquele que est\u00e1 inclinado a ela deve ter o cuidado de guardar suas emo\u00e7\u00f5es, sufocar o sentimento de personalidade, cuidar para n\u00e3o fazer nem dar nada, enquanto se sentir sob o dom\u00ednio dessa terr\u00edvel paix\u00e3o.<\/p>\n\n\n\n<p class=\"has-black-color has-text-color has-link-color has-small-font-size wp-elements-c52504eae8fd101463ffc19589c1b637\">Esforcemo-nos para adquirir a bondade, a qualidade inef\u00e1vel e a aur\u00e9ola da velhice; bondade que sup\u00f5e para seu possuidor aquela adora\u00e7\u00e3o do cora\u00e7\u00e3o, prestada pelos humildes e fracos a seus apoiadores e protetores.<\/p>\n\n\n\n<p class=\"has-black-color has-text-color has-link-color has-small-font-size wp-elements-888508d5a0f1382e049526c18fadbe2d\">A indulg\u00eancia, a simpatia e a bondade apaziguam os homens, atraem-nos, disp\u00f5em-nos a dar ouvidos confiantes \u00e0 nossa opini\u00e3o, ao passo que a severidade os repele e afasta. A bondade, portanto, cria para n\u00f3s uma esp\u00e9cie de austeridade moral sobre as almas, d\u00e1-nos mais meios de mov\u00ea-las e direcion\u00e1-las para o bem. Fa\u00e7amos, ent\u00e3o, dessa virtude uma tocha com cuja ajuda possamos levar luz \u00e0s mentes mais sombrias, uma tarefa delicada, mas que tornar\u00e1 mais f\u00e1cil um pouco de amor por nossos irm\u00e3os e irm\u00e3s combinado com um profundo sentimento de solidariedade.<\/p>\n\n\n\n<p class=\"has-black-color has-text-color has-link-color has-small-font-size wp-elements-e0b0166bb06370235e49319a88b27dba\"><strong><em>Le\u00f3n Denis <\/em><\/strong>&#8211;<em> \u2013 O caminho reto \u2503 Conceito esp\u00edrita da lei moral<\/em><\/p>\n<\/div><\/div>","protected":false},"excerpt":{"rendered":"<p>Paciencia y Bondad Si la soberbia es madre de una multitud de vicios, la caridad da nacimiento a muchas virtudes. La paciencia, la dulzura y la reserva en las conversaciones derivan de ella. Al hombre caritativo le es f\u00e1cil ser paciente y dulce y perdonar las ofensas que le son hechas. La misericordia es compa\u00f1era [&hellip;]<\/p>","protected":false},"author":1,"featured_media":4500,"parent":0,"menu_order":0,"comment_status":"closed","ping_status":"closed","template":"","meta":{"_uag_custom_page_level_css":"","site-sidebar-layout":"default","site-content-layout":"","ast-site-content-layout":"default","site-content-style":"default","site-sidebar-style":"default","ast-global-header-display":"","ast-banner-title-visibility":"","ast-main-header-display":"","ast-hfb-above-header-display":"","ast-hfb-below-header-display":"","ast-hfb-mobile-header-display":"","site-post-title":"","ast-breadcrumbs-content":"","ast-featured-img":"","footer-sml-layout":"","theme-transparent-header-meta":"","adv-header-id-meta":"","stick-header-meta":"","header-above-stick-meta":"","header-main-stick-meta":"","header-below-stick-meta":"","astra-migrate-meta-layouts":"set","ast-page-background-enabled":"default","ast-page-background-meta":{"desktop":{"background-color":"var(--ast-global-color-4)","background-image":"","background-repeat":"repeat","background-position":"center center","background-size":"auto","background-attachment":"scroll","background-type":"","background-media":"","overlay-type":"","overlay-color":"","overlay-opacity":"","overlay-gradient":""},"tablet":{"background-color":"","background-image":"","background-repeat":"repeat","background-position":"center center","background-size":"auto","background-attachment":"scroll","background-type":"","background-media":"","overlay-type":"","overlay-color":"","overlay-opacity":"","overlay-gradient":""},"mobile":{"background-color":"","background-image":"","background-repeat":"repeat","background-position":"center center","background-size":"auto","background-attachment":"scroll","background-type":"","background-media":"","overlay-type":"","overlay-color":"","overlay-opacity":"","overlay-gradient":""}},"ast-content-background-meta":{"desktop":{"background-color":"var(--ast-global-color-5)","background-image":"","background-repeat":"repeat","background-position":"center center","background-size":"auto","background-attachment":"scroll","background-type":"","background-media":"","overlay-type":"","overlay-color":"","overlay-opacity":"","overlay-gradient":""},"tablet":{"background-color":"var(--ast-global-color-5)","background-image":"","background-repeat":"repeat","background-position":"center center","background-size":"auto","background-attachment":"scroll","background-type":"","background-media":"","overlay-type":"","overlay-color":"","overlay-opacity":"","overlay-gradient":""},"mobile":{"background-color":"var(--ast-global-color-5)","background-image":"","background-repeat":"repeat","background-position":"center center","background-size":"auto","background-attachment":"scroll","background-type":"","background-media":"","overlay-type":"","overlay-color":"","overlay-opacity":"","overlay-gradient":""}},"footnotes":""},"class_list":["post-4498","page","type-page","status-publish","has-post-thumbnail","hentry"],"yoast_head":"<!-- This site is optimized with the Yoast SEO Premium plugin v24.2 (Yoast SEO v24.6) - https:\/\/yoast.com\/wordpress\/plugins\/seo\/ -->\n<title>Paciencia y Bondad - Uni\u00f3n Esp\u00edrita<\/title>\n<meta name=\"robots\" content=\"index, follow, max-snippet:-1, max-image-preview:large, max-video-preview:-1\" \/>\n<link rel=\"canonical\" href=\"https:\/\/nuevo-renacer.com\/pt\/paciencia-y-bondad\/\" \/>\n<meta property=\"og:locale\" content=\"pt_BR\" \/>\n<meta property=\"og:type\" content=\"article\" \/>\n<meta property=\"og:title\" content=\"Paciencia y Bondad\" \/>\n<meta property=\"og:description\" content=\"Paciencia y Bondad Si la soberbia es madre de una multitud de vicios, la caridad da nacimiento a muchas virtudes. La paciencia, la dulzura y la reserva en las conversaciones derivan de ella. Al hombre caritativo le es f\u00e1cil ser paciente y dulce y perdonar las ofensas que le son hechas. La misericordia es compa\u00f1era [&hellip;]\" \/>\n<meta property=\"og:url\" content=\"https:\/\/nuevo-renacer.com\/pt\/paciencia-y-bondad\/\" \/>\n<meta property=\"og:site_name\" content=\"Uni\u00f3n Esp\u00edrita\" \/>\n<meta property=\"article:publisher\" content=\"https:\/\/www.facebook.com\/groups\/3431398063740829\" \/>\n<meta property=\"article:modified_time\" content=\"2024-09-05T08:26:05+00:00\" \/>\n<meta property=\"og:image\" content=\"https:\/\/nuevo-renacer.com\/wp-content\/uploads\/2024\/09\/snail-girl-patience-ride.jpg\" \/>\n\t<meta property=\"og:image:width\" content=\"910\" \/>\n\t<meta property=\"og:image:height\" content=\"607\" \/>\n\t<meta property=\"og:image:type\" content=\"image\/jpeg\" \/>\n<meta name=\"twitter:card\" content=\"summary_large_image\" \/>\n<meta name=\"twitter:label1\" content=\"Est. tempo de leitura\" \/>\n\t<meta name=\"twitter:data1\" content=\"5 minutos\" \/>\n<script type=\"application\/ld+json\" class=\"yoast-schema-graph\">{\"@context\":\"https:\/\/schema.org\",\"@graph\":[{\"@type\":\"WebPage\",\"@id\":\"https:\/\/nuevo-renacer.com\/paciencia-y-bondad\/\",\"url\":\"https:\/\/nuevo-renacer.com\/paciencia-y-bondad\/\",\"name\":\"Paciencia y Bondad - Uni\u00f3n Esp\u00edrita\",\"isPartOf\":{\"@id\":\"https:\/\/nuevo-renacer.com\/#website\"},\"primaryImageOfPage\":{\"@id\":\"https:\/\/nuevo-renacer.com\/paciencia-y-bondad\/#primaryimage\"},\"image\":{\"@id\":\"https:\/\/nuevo-renacer.com\/paciencia-y-bondad\/#primaryimage\"},\"thumbnailUrl\":\"https:\/\/nuevo-renacer.com\/wp-content\/uploads\/2024\/09\/snail-girl-patience-ride.jpg\",\"datePublished\":\"2024-09-05T08:10:01+00:00\",\"dateModified\":\"2024-09-05T08:26:05+00:00\",\"breadcrumb\":{\"@id\":\"https:\/\/nuevo-renacer.com\/paciencia-y-bondad\/#breadcrumb\"},\"inLanguage\":\"pt-BR\",\"potentialAction\":[{\"@type\":\"ReadAction\",\"target\":[\"https:\/\/nuevo-renacer.com\/paciencia-y-bondad\/\"]}]},{\"@type\":\"ImageObject\",\"inLanguage\":\"pt-BR\",\"@id\":\"https:\/\/nuevo-renacer.com\/paciencia-y-bondad\/#primaryimage\",\"url\":\"https:\/\/nuevo-renacer.com\/wp-content\/uploads\/2024\/09\/snail-girl-patience-ride.jpg\",\"contentUrl\":\"https:\/\/nuevo-renacer.com\/wp-content\/uploads\/2024\/09\/snail-girl-patience-ride.jpg\",\"width\":910,\"height\":607},{\"@type\":\"BreadcrumbList\",\"@id\":\"https:\/\/nuevo-renacer.com\/paciencia-y-bondad\/#breadcrumb\",\"itemListElement\":[{\"@type\":\"ListItem\",\"position\":1,\"name\":\"Startseite\",\"item\":\"https:\/\/nuevo-renacer.com\/\"},{\"@type\":\"ListItem\",\"position\":2,\"name\":\"Paciencia y Bondad\"}]},{\"@type\":\"WebSite\",\"@id\":\"https:\/\/nuevo-renacer.com\/#website\",\"url\":\"https:\/\/nuevo-renacer.com\/\",\"name\":\"Uni\u00f3n Esp\u00edrita\",\"description\":\"Nuevo Renacer\",\"publisher\":{\"@id\":\"https:\/\/nuevo-renacer.com\/#organization\"},\"potentialAction\":[{\"@type\":\"SearchAction\",\"target\":{\"@type\":\"EntryPoint\",\"urlTemplate\":\"https:\/\/nuevo-renacer.com\/?s={search_term_string}\"},\"query-input\":{\"@type\":\"PropertyValueSpecification\",\"valueRequired\":true,\"valueName\":\"search_term_string\"}}],\"inLanguage\":\"pt-BR\"},{\"@type\":\"Organization\",\"@id\":\"https:\/\/nuevo-renacer.com\/#organization\",\"name\":\"UFEC\",\"url\":\"https:\/\/nuevo-renacer.com\/\",\"logo\":{\"@type\":\"ImageObject\",\"inLanguage\":\"pt-BR\",\"@id\":\"https:\/\/nuevo-renacer.com\/#\/schema\/logo\/image\/\",\"url\":\"https:\/\/nuevo-renacer.com\/wp-content\/uploads\/2024\/05\/cropped-LOGO-TERMINADO1-3-3.png\",\"contentUrl\":\"https:\/\/nuevo-renacer.com\/wp-content\/uploads\/2024\/05\/cropped-LOGO-TERMINADO1-3-3.png\",\"width\":512,\"height\":512,\"caption\":\"UFEC\"},\"image\":{\"@id\":\"https:\/\/nuevo-renacer.com\/#\/schema\/logo\/image\/\"},\"sameAs\":[\"https:\/\/www.facebook.com\/groups\/3431398063740829\"]}]}<\/script>\n<!-- \/ Yoast SEO Premium plugin. -->","yoast_head_json":{"title":"Paciencia y Bondad - Uni\u00f3n Esp\u00edrita","robots":{"index":"index","follow":"follow","max-snippet":"max-snippet:-1","max-image-preview":"max-image-preview:large","max-video-preview":"max-video-preview:-1"},"canonical":"https:\/\/nuevo-renacer.com\/pt\/paciencia-y-bondad\/","og_locale":"pt_BR","og_type":"article","og_title":"Paciencia y Bondad","og_description":"Paciencia y Bondad Si la soberbia es madre de una multitud de vicios, la caridad da nacimiento a muchas virtudes. La paciencia, la dulzura y la reserva en las conversaciones derivan de ella. Al hombre caritativo le es f\u00e1cil ser paciente y dulce y perdonar las ofensas que le son hechas. La misericordia es compa\u00f1era [&hellip;]","og_url":"https:\/\/nuevo-renacer.com\/pt\/paciencia-y-bondad\/","og_site_name":"Uni\u00f3n Esp\u00edrita","article_publisher":"https:\/\/www.facebook.com\/groups\/3431398063740829","article_modified_time":"2024-09-05T08:26:05+00:00","og_image":[{"width":910,"height":607,"url":"https:\/\/nuevo-renacer.com\/wp-content\/uploads\/2024\/09\/snail-girl-patience-ride.jpg","type":"image\/jpeg"}],"twitter_card":"summary_large_image","twitter_misc":{"Est. tempo de leitura":"5 minutos"},"schema":{"@context":"https:\/\/schema.org","@graph":[{"@type":"WebPage","@id":"https:\/\/nuevo-renacer.com\/paciencia-y-bondad\/","url":"https:\/\/nuevo-renacer.com\/paciencia-y-bondad\/","name":"Paciencia y Bondad - Uni\u00f3n Esp\u00edrita","isPartOf":{"@id":"https:\/\/nuevo-renacer.com\/#website"},"primaryImageOfPage":{"@id":"https:\/\/nuevo-renacer.com\/paciencia-y-bondad\/#primaryimage"},"image":{"@id":"https:\/\/nuevo-renacer.com\/paciencia-y-bondad\/#primaryimage"},"thumbnailUrl":"https:\/\/nuevo-renacer.com\/wp-content\/uploads\/2024\/09\/snail-girl-patience-ride.jpg","datePublished":"2024-09-05T08:10:01+00:00","dateModified":"2024-09-05T08:26:05+00:00","breadcrumb":{"@id":"https:\/\/nuevo-renacer.com\/paciencia-y-bondad\/#breadcrumb"},"inLanguage":"pt-BR","potentialAction":[{"@type":"ReadAction","target":["https:\/\/nuevo-renacer.com\/paciencia-y-bondad\/"]}]},{"@type":"ImageObject","inLanguage":"pt-BR","@id":"https:\/\/nuevo-renacer.com\/paciencia-y-bondad\/#primaryimage","url":"https:\/\/nuevo-renacer.com\/wp-content\/uploads\/2024\/09\/snail-girl-patience-ride.jpg","contentUrl":"https:\/\/nuevo-renacer.com\/wp-content\/uploads\/2024\/09\/snail-girl-patience-ride.jpg","width":910,"height":607},{"@type":"BreadcrumbList","@id":"https:\/\/nuevo-renacer.com\/paciencia-y-bondad\/#breadcrumb","itemListElement":[{"@type":"ListItem","position":1,"name":"Startseite","item":"https:\/\/nuevo-renacer.com\/"},{"@type":"ListItem","position":2,"name":"Paciencia y Bondad"}]},{"@type":"WebSite","@id":"https:\/\/nuevo-renacer.com\/#website","url":"https:\/\/nuevo-renacer.com\/","name":"Uni\u00f3n Esp\u00edrita","description":"Nuevo Renacer","publisher":{"@id":"https:\/\/nuevo-renacer.com\/#organization"},"potentialAction":[{"@type":"SearchAction","target":{"@type":"EntryPoint","urlTemplate":"https:\/\/nuevo-renacer.com\/?s={search_term_string}"},"query-input":{"@type":"PropertyValueSpecification","valueRequired":true,"valueName":"search_term_string"}}],"inLanguage":"pt-BR"},{"@type":"Organization","@id":"https:\/\/nuevo-renacer.com\/#organization","name":"UFEC","url":"https:\/\/nuevo-renacer.com\/","logo":{"@type":"ImageObject","inLanguage":"pt-BR","@id":"https:\/\/nuevo-renacer.com\/#\/schema\/logo\/image\/","url":"https:\/\/nuevo-renacer.com\/wp-content\/uploads\/2024\/05\/cropped-LOGO-TERMINADO1-3-3.png","contentUrl":"https:\/\/nuevo-renacer.com\/wp-content\/uploads\/2024\/05\/cropped-LOGO-TERMINADO1-3-3.png","width":512,"height":512,"caption":"UFEC"},"image":{"@id":"https:\/\/nuevo-renacer.com\/#\/schema\/logo\/image\/"},"sameAs":["https:\/\/www.facebook.com\/groups\/3431398063740829"]}]}},"uagb_featured_image_src":{"full":["https:\/\/nuevo-renacer.com\/wp-content\/uploads\/2024\/09\/snail-girl-patience-ride.jpg",910,607,false],"thumbnail":["https:\/\/nuevo-renacer.com\/wp-content\/uploads\/2024\/09\/snail-girl-patience-ride-150x150.jpg",150,150,true],"medium":["https:\/\/nuevo-renacer.com\/wp-content\/uploads\/2024\/09\/snail-girl-patience-ride-300x200.jpg",300,200,true],"medium_large":["https:\/\/nuevo-renacer.com\/wp-content\/uploads\/2024\/09\/snail-girl-patience-ride-768x512.jpg",768,512,true],"large":["https:\/\/nuevo-renacer.com\/wp-content\/uploads\/2024\/09\/snail-girl-patience-ride.jpg",910,607,false],"1536x1536":["https:\/\/nuevo-renacer.com\/wp-content\/uploads\/2024\/09\/snail-girl-patience-ride.jpg",910,607,false],"2048x2048":["https:\/\/nuevo-renacer.com\/wp-content\/uploads\/2024\/09\/snail-girl-patience-ride.jpg",910,607,false],"trp-custom-language-flag":["https:\/\/nuevo-renacer.com\/wp-content\/uploads\/2024\/09\/snail-girl-patience-ride-18x12.jpg",18,12,true]},"uagb_author_info":{"display_name":"adbv0","author_link":"https:\/\/nuevo-renacer.com\/pt\/author\/adbv0\/"},"uagb_comment_info":0,"uagb_excerpt":"Paciencia y Bondad Si la soberbia es madre de una multitud de vicios, la caridad da nacimiento a muchas virtudes. La paciencia, la dulzura y la reserva en las conversaciones derivan de ella. Al hombre caritativo le es f\u00e1cil ser paciente y dulce y perdonar las ofensas que le son hechas. La misericordia es compa\u00f1era&hellip;","jetpack_sharing_enabled":true,"_links":{"self":[{"href":"https:\/\/nuevo-renacer.com\/pt\/wp-json\/wp\/v2\/pages\/4498","targetHints":{"allow":["GET"]}}],"collection":[{"href":"https:\/\/nuevo-renacer.com\/pt\/wp-json\/wp\/v2\/pages"}],"about":[{"href":"https:\/\/nuevo-renacer.com\/pt\/wp-json\/wp\/v2\/types\/page"}],"author":[{"embeddable":true,"href":"https:\/\/nuevo-renacer.com\/pt\/wp-json\/wp\/v2\/users\/1"}],"replies":[{"embeddable":true,"href":"https:\/\/nuevo-renacer.com\/pt\/wp-json\/wp\/v2\/comments?post=4498"}],"version-history":[{"count":3,"href":"https:\/\/nuevo-renacer.com\/pt\/wp-json\/wp\/v2\/pages\/4498\/revisions"}],"predecessor-version":[{"id":4505,"href":"https:\/\/nuevo-renacer.com\/pt\/wp-json\/wp\/v2\/pages\/4498\/revisions\/4505"}],"wp:featuredmedia":[{"embeddable":true,"href":"https:\/\/nuevo-renacer.com\/pt\/wp-json\/wp\/v2\/media\/4500"}],"wp:attachment":[{"href":"https:\/\/nuevo-renacer.com\/pt\/wp-json\/wp\/v2\/media?parent=4498"}],"curies":[{"name":"wp","href":"https:\/\/api.w.org\/{rel}","templated":true}]}}